{"id":79914,"date":"2016-04-08T14:29:46","date_gmt":"2016-04-08T12:29:46","guid":{"rendered":"https:\/\/www.bagnoitalia.com\/product\/emily-sofa-circulaire-80x80-canape-table-basse-repose-pieds-pour-8-personnes-pour-l-39-exterieur"},"modified":"2016-04-08T14:29:46","modified_gmt":"2016-04-08T12:29:46","slug":"emily-sofa-circulaire-80x80-canape-table-basse-repose-pieds-pour-8-personnes-pour-l-39-exterieur","status":"publish","type":"product","link":"https:\/\/www.bagnoitalia.com\/fr\/produit\/emily-sofa-circulaire-80x80-canape-table-basse-repose-pieds-pour-8-personnes-pour-l-39-exterieur.html","title":{"rendered":"Emilia sofa circulaire 80&#215;80 canap\u00e9 table basse repose-pieds pour 8 personnes pour l&rsquo;ext\u00e9rieur"},"content":{"rendered":"<p><strong><span style=\"font-size: 14pt;\">CANAP\u00c9 \u00c9MILIA CIRCULAIRE DIFF\u00c9RENT EN 3 PI\u00c8CES<\/span><\/strong><\/p>\n<p><span style=\"font-size: 14pt;\"><strong>DIMENSIONS:<\/strong><\/span><\/p>\n<p><span style=\"font-size: 12pt;\">Canap\u00e9: 80x80x72 cm<\/span><\/p>\n<p><span style=\"font-size: 12pt;\">Repose-pieds: 80x80x45 cm<\/span><\/p>\n<p><span style=\"font-size: 12pt;\">Table: 80x80x35 cm avec verre tremp\u00e9 de 5 mm<\/span><\/p>\n<p>&nbsp;<\/p>\n<p><strong><span style=\"font-size: 14pt;\">CARACT\u00c9RISTIQUES:<\/span><\/strong><\/p>\n<p><span style=\"font-size: 12pt;\">R\u00e9sistant \u00e0 tous les temps et adapt\u00e9 \u00e0 toutes les saisons de l&rsquo;ann\u00e9e<\/span><\/p>\n<p><span style=\"font-size: 12pt;\">Facile \u00e0 laver<\/span><\/p>\n<p><span style=\"font-size: 12pt;\">Fini \u00e0 la main<\/span><\/p>\n<p><span style=\"font-size: 12pt;\">Doublure coussins amovibles<\/span><\/p>\n<p><span style=\"font-size: 12pt;\">R\u00e9sistant \u00e0 l&rsquo;eau sal\u00e9e<\/span><\/p>\n<p><span style=\"font-size: 12pt;\">Canap\u00e9 100% Polyrattan d&rsquo;excellente qualit\u00e9<\/span><\/p>\n<p><span style=\"font-size: 12pt;\">Produit r\u00e9sistant aux rayons UV et anti-d\u00e9coloration<\/span><\/p>\n<p><span style=\"font-size: 12pt;\">Coussins imperm\u00e9ables et armature renforc\u00e9e<\/span><\/p>\n<p>&nbsp;<\/p>\n<p><span style=\"font-size: 14pt;\"><strong>COMPRIS DANS LE PRIX:<\/strong><\/span> <span style=\"font-size: 12pt;\">6 grands coussins + 3 petits coussins<\/span><\/p>\n","protected":false},"excerpt":{"rendered":"<p>Emilia canap\u00e9 avec forme circulaire 80&#215;80 canap\u00e9 repose-pieds petite table pour 8 personnes id\u00e9al pour l&rsquo;ext\u00e9rieur<\/p>\n","protected":false},"featured_media":30094,"comment_status":"open","ping_status":"closed","template":"","meta":[],"product_brand":[5021],"product_cat":[10012,9783],"product_tag":[],"class_list":{"0":"post-79914","1":"product","2":"type-product","3":"status-publish","4":"has-post-thumbnail","6":"product_brand-predator-arredo-casa","7":"product_cat-canapes-dexterieur","8":"product_cat-mobilier-d-39-exterieur","10":"first","11":"instock","12":"sale","13":"taxable","14":"shipping-taxable","15":"purchasable","16":"product-type-simple"},"exclude_global_add_ons":[],"addons":[],"yoast_head":"<!-- This site is optimized with the Yoast SEO plugin v26.7 - https:\/\/yoast.com\/wordpress\/plugins\/seo\/ -->\n<title>Emilia sofa circulaire 80x80 canap\u00e9 table basse repose-pieds pour 8 personnes pour l&#039;ext\u00e9rieur<\/title>\n<meta name=\"description\" content=\"Emily canap\u00e9 avec forme circulaire 80x80 canap\u00e9 repose-pieds petite table pour 8 personnes id\u00e9al pour l&#039;ext\u00e9rieur\" \/>\n<meta name=\"robots\" content=\"index, follow, max-snippet:-1, max-image-preview:large, max-video-preview:-1\" \/>\n<link rel=\"canonical\" href=\"https:\/\/www.bagnoitalia.com\/fr\/produit\/emily-sofa-circulaire-80x80-canape-table-basse-repose-pieds-pour-8-personnes-pour-l-39-exterieur.html\" \/>\n<meta property=\"og:locale\" content=\"fr_FR\" \/>\n<meta property=\"og:type\" content=\"article\" \/>\n<meta property=\"og:title\" content=\"Emilia sofa circulaire 80x80 canap\u00e9 table basse repose-pieds pour 8 personnes pour l&#039;ext\u00e9rieur\" \/>\n<meta property=\"og:description\" content=\"Emily canap\u00e9 avec forme circulaire 80x80 canap\u00e9 repose-pieds petite table pour 8 personnes id\u00e9al pour l&#039;ext\u00e9rieur\" \/>\n<meta property=\"og:url\" content=\"https:\/\/www.bagnoitalia.com\/fr\/produit\/emily-sofa-circulaire-80x80-canape-table-basse-repose-pieds-pour-8-personnes-pour-l-39-exterieur.html\" \/>\n<meta property=\"og:site_name\" content=\"Bagno Italia\" \/>\n<meta property=\"og:image\" content=\"https:\/\/img.bagnoitalia.com\/wp-content\/uploads\/virtuemart\/product\/div_12sfnofonr1.jpg\" \/>\n\t<meta property=\"og:image:width\" content=\"499\" \/>\n\t<meta property=\"og:image:height\" content=\"502\" \/>\n\t<meta property=\"og:image:type\" content=\"image\/jpeg\" \/>\n<meta name=\"twitter:card\" content=\"summary_large_image\" \/>\n<script type=\"application\/ld+json\" class=\"yoast-schema-graph\">{\"@context\":\"https:\/\/schema.org\",\"@graph\":[{\"@type\":\"WebPage\",\"@id\":\"https:\/\/www.bagnoitalia.com\/fr\/produit\/emily-sofa-circulaire-80x80-canape-table-basse-repose-pieds-pour-8-personnes-pour-l-39-exterieur.html\",\"url\":\"https:\/\/www.bagnoitalia.com\/fr\/produit\/emily-sofa-circulaire-80x80-canape-table-basse-repose-pieds-pour-8-personnes-pour-l-39-exterieur.html\",\"name\":\"Emilia sofa circulaire 80x80 canap\u00e9 table basse repose-pieds pour 8 personnes pour l'ext\u00e9rieur\",\"isPartOf\":{\"@id\":\"https:\/\/www.bagnoitalia.com\/fr#website\"},\"primaryImageOfPage\":{\"@id\":\"https:\/\/www.bagnoitalia.com\/fr\/produit\/emily-sofa-circulaire-80x80-canape-table-basse-repose-pieds-pour-8-personnes-pour-l-39-exterieur.html#primaryimage\"},\"image\":{\"@id\":\"https:\/\/www.bagnoitalia.com\/fr\/produit\/emily-sofa-circulaire-80x80-canape-table-basse-repose-pieds-pour-8-personnes-pour-l-39-exterieur.html#primaryimage\"},\"thumbnailUrl\":\"https:\/\/img.bagnoitalia.com\/wp-content\/uploads\/virtuemart\/product\/div_12sfnofonr1.jpg\",\"datePublished\":\"2016-04-08T12:29:46+00:00\",\"description\":\"Emily canap\u00e9 avec forme circulaire 80x80 canap\u00e9 repose-pieds petite table pour 8 personnes id\u00e9al pour l&#39;ext\u00e9rieur\",\"breadcrumb\":{\"@id\":\"https:\/\/www.bagnoitalia.com\/fr\/produit\/emily-sofa-circulaire-80x80-canape-table-basse-repose-pieds-pour-8-personnes-pour-l-39-exterieur.html#breadcrumb\"},\"inLanguage\":\"fr-FR\",\"potentialAction\":[{\"@type\":\"ReadAction\",\"target\":[\"https:\/\/www.bagnoitalia.com\/fr\/produit\/emily-sofa-circulaire-80x80-canape-table-basse-repose-pieds-pour-8-personnes-pour-l-39-exterieur.html\"]}]},{\"@type\":\"ImageObject\",\"inLanguage\":\"fr-FR\",\"@id\":\"https:\/\/www.bagnoitalia.com\/fr\/produit\/emily-sofa-circulaire-80x80-canape-table-basse-repose-pieds-pour-8-personnes-pour-l-39-exterieur.html#primaryimage\",\"url\":\"https:\/\/img.bagnoitalia.com\/wp-content\/uploads\/virtuemart\/product\/div_12sfnofonr1.jpg\",\"contentUrl\":\"https:\/\/img.bagnoitalia.com\/wp-content\/uploads\/virtuemart\/product\/div_12sfnofonr1.jpg\",\"width\":499,\"height\":502},{\"@type\":\"BreadcrumbList\",\"@id\":\"https:\/\/www.bagnoitalia.com\/fr\/produit\/emily-sofa-circulaire-80x80-canape-table-basse-repose-pieds-pour-8-personnes-pour-l-39-exterieur.html#breadcrumb\",\"itemListElement\":[{\"@type\":\"ListItem\",\"position\":1,\"name\":\"Home\",\"item\":\"https:\/\/www.bagnoitalia.com\/fr\"},{\"@type\":\"ListItem\",\"position\":2,\"name\":\"Produits\",\"item\":\"https:\/\/www.bagnoitalia.com\/fr\/shop\"},{\"@type\":\"ListItem\",\"position\":3,\"name\":\"Emilia sofa circulaire 80&#215;80 canap\u00e9 table basse repose-pieds pour 8 personnes pour l&#8217;ext\u00e9rieur\"}]},{\"@type\":\"WebSite\",\"@id\":\"https:\/\/www.bagnoitalia.com\/fr#website\",\"url\":\"https:\/\/www.bagnoitalia.com\/fr\",\"name\":\"Bagno Italia\",\"description\":\"\",\"publisher\":{\"@id\":\"https:\/\/www.bagnoitalia.com\/fr#organization\"},\"potentialAction\":[{\"@type\":\"SearchAction\",\"target\":{\"@type\":\"EntryPoint\",\"urlTemplate\":\"https:\/\/www.bagnoitalia.com\/fr?s={search_term_string}\"},\"query-input\":{\"@type\":\"PropertyValueSpecification\",\"valueRequired\":true,\"valueName\":\"search_term_string\"}}],\"inLanguage\":\"fr-FR\"},{\"@type\":\"Organization\",\"@id\":\"https:\/\/www.bagnoitalia.com\/fr#organization\",\"name\":\"Bagno Italia\",\"url\":\"https:\/\/www.bagnoitalia.com\/fr\",\"logo\":{\"@type\":\"ImageObject\",\"inLanguage\":\"fr-FR\",\"@id\":\"https:\/\/www.bagnoitalia.com\/fr#\/schema\/logo\/image\/\",\"url\":\"https:\/\/img.bagnoitalia.com\/wp-content\/uploads\/logo-bagnoitalia.webp\",\"contentUrl\":\"https:\/\/img.bagnoitalia.com\/wp-content\/uploads\/logo-bagnoitalia.webp\",\"width\":400,\"height\":70,\"caption\":\"Bagno Italia\"},\"image\":{\"@id\":\"https:\/\/www.bagnoitalia.com\/fr#\/schema\/logo\/image\/\"}}]}<\/script>\n<!-- \/ Yoast SEO plugin. -->","yoast_head_json":{"title":"Emilia sofa circulaire 80x80 canap\u00e9 table basse repose-pieds pour 8 personnes pour l'ext\u00e9rieur","description":"Emily canap\u00e9 avec forme circulaire 80x80 canap\u00e9 repose-pieds petite table pour 8 personnes id\u00e9al pour l&#39;ext\u00e9rieur","robots":{"index":"index","follow":"follow","max-snippet":"max-snippet:-1","max-image-preview":"max-image-preview:large","max-video-preview":"max-video-preview:-1"},"canonical":"https:\/\/www.bagnoitalia.com\/fr\/produit\/emily-sofa-circulaire-80x80-canape-table-basse-repose-pieds-pour-8-personnes-pour-l-39-exterieur.html","og_locale":"fr_FR","og_type":"article","og_title":"Emilia sofa circulaire 80x80 canap\u00e9 table basse repose-pieds pour 8 personnes pour l'ext\u00e9rieur","og_description":"Emily canap\u00e9 avec forme circulaire 80x80 canap\u00e9 repose-pieds petite table pour 8 personnes id\u00e9al pour l&#39;ext\u00e9rieur","og_url":"https:\/\/www.bagnoitalia.com\/fr\/produit\/emily-sofa-circulaire-80x80-canape-table-basse-repose-pieds-pour-8-personnes-pour-l-39-exterieur.html","og_site_name":"Bagno Italia","og_image":[{"width":499,"height":502,"url":"https:\/\/img.bagnoitalia.com\/wp-content\/uploads\/virtuemart\/product\/div_12sfnofonr1.jpg","type":"image\/jpeg"}],"twitter_card":"summary_large_image","schema":{"@context":"https:\/\/schema.org","@graph":[{"@type":"WebPage","@id":"https:\/\/www.bagnoitalia.com\/fr\/produit\/emily-sofa-circulaire-80x80-canape-table-basse-repose-pieds-pour-8-personnes-pour-l-39-exterieur.html","url":"https:\/\/www.bagnoitalia.com\/fr\/produit\/emily-sofa-circulaire-80x80-canape-table-basse-repose-pieds-pour-8-personnes-pour-l-39-exterieur.html","name":"Emilia sofa circulaire 80x80 canap\u00e9 table basse repose-pieds pour 8 personnes pour l'ext\u00e9rieur","isPartOf":{"@id":"https:\/\/www.bagnoitalia.com\/fr#website"},"primaryImageOfPage":{"@id":"https:\/\/www.bagnoitalia.com\/fr\/produit\/emily-sofa-circulaire-80x80-canape-table-basse-repose-pieds-pour-8-personnes-pour-l-39-exterieur.html#primaryimage"},"image":{"@id":"https:\/\/www.bagnoitalia.com\/fr\/produit\/emily-sofa-circulaire-80x80-canape-table-basse-repose-pieds-pour-8-personnes-pour-l-39-exterieur.html#primaryimage"},"thumbnailUrl":"https:\/\/img.bagnoitalia.com\/wp-content\/uploads\/virtuemart\/product\/div_12sfnofonr1.jpg","datePublished":"2016-04-08T12:29:46+00:00","description":"Emily canap\u00e9 avec forme circulaire 80x80 canap\u00e9 repose-pieds petite table pour 8 personnes id\u00e9al pour l&#39;ext\u00e9rieur","breadcrumb":{"@id":"https:\/\/www.bagnoitalia.com\/fr\/produit\/emily-sofa-circulaire-80x80-canape-table-basse-repose-pieds-pour-8-personnes-pour-l-39-exterieur.html#breadcrumb"},"inLanguage":"fr-FR","potentialAction":[{"@type":"ReadAction","target":["https:\/\/www.bagnoitalia.com\/fr\/produit\/emily-sofa-circulaire-80x80-canape-table-basse-repose-pieds-pour-8-personnes-pour-l-39-exterieur.html"]}]},{"@type":"ImageObject","inLanguage":"fr-FR","@id":"https:\/\/www.bagnoitalia.com\/fr\/produit\/emily-sofa-circulaire-80x80-canape-table-basse-repose-pieds-pour-8-personnes-pour-l-39-exterieur.html#primaryimage","url":"https:\/\/img.bagnoitalia.com\/wp-content\/uploads\/virtuemart\/product\/div_12sfnofonr1.jpg","contentUrl":"https:\/\/img.bagnoitalia.com\/wp-content\/uploads\/virtuemart\/product\/div_12sfnofonr1.jpg","width":499,"height":502},{"@type":"BreadcrumbList","@id":"https:\/\/www.bagnoitalia.com\/fr\/produit\/emily-sofa-circulaire-80x80-canape-table-basse-repose-pieds-pour-8-personnes-pour-l-39-exterieur.html#breadcrumb","itemListElement":[{"@type":"ListItem","position":1,"name":"Home","item":"https:\/\/www.bagnoitalia.com\/fr"},{"@type":"ListItem","position":2,"name":"Produits","item":"https:\/\/www.bagnoitalia.com\/fr\/shop"},{"@type":"ListItem","position":3,"name":"Emilia sofa circulaire 80&#215;80 canap\u00e9 table basse repose-pieds pour 8 personnes pour l&#8217;ext\u00e9rieur"}]},{"@type":"WebSite","@id":"https:\/\/www.bagnoitalia.com\/fr#website","url":"https:\/\/www.bagnoitalia.com\/fr","name":"Bagno Italia","description":"","publisher":{"@id":"https:\/\/www.bagnoitalia.com\/fr#organization"},"potentialAction":[{"@type":"SearchAction","target":{"@type":"EntryPoint","urlTemplate":"https:\/\/www.bagnoitalia.com\/fr?s={search_term_string}"},"query-input":{"@type":"PropertyValueSpecification","valueRequired":true,"valueName":"search_term_string"}}],"inLanguage":"fr-FR"},{"@type":"Organization","@id":"https:\/\/www.bagnoitalia.com\/fr#organization","name":"Bagno Italia","url":"https:\/\/www.bagnoitalia.com\/fr","logo":{"@type":"ImageObject","inLanguage":"fr-FR","@id":"https:\/\/www.bagnoitalia.com\/fr#\/schema\/logo\/image\/","url":"https:\/\/img.bagnoitalia.com\/wp-content\/uploads\/logo-bagnoitalia.webp","contentUrl":"https:\/\/img.bagnoitalia.com\/wp-content\/uploads\/logo-bagnoitalia.webp","width":400,"height":70,"caption":"Bagno Italia"},"image":{"@id":"https:\/\/www.bagnoitalia.com\/fr#\/schema\/logo\/image\/"}}]}},"_links":{"self":[{"href":"https:\/\/www.bagnoitalia.com\/fr\/wp-json\/wp\/v2\/product\/79914","targetHints":{"allow":["GET"]}}],"collection":[{"href":"https:\/\/www.bagnoitalia.com\/fr\/wp-json\/wp\/v2\/product"}],"about":[{"href":"https:\/\/www.bagnoitalia.com\/fr\/wp-json\/wp\/v2\/types\/product"}],"replies":[{"embeddable":true,"href":"https:\/\/www.bagnoitalia.com\/fr\/wp-json\/wp\/v2\/comments?post=79914"}],"version-history":[{"count":0,"href":"https:\/\/www.bagnoitalia.com\/fr\/wp-json\/wp\/v2\/product\/79914\/revisions"}],"wp:featuredmedia":[{"embeddable":true,"href":"https:\/\/www.bagnoitalia.com\/fr\/wp-json\/wp\/v2\/media\/30094"}],"wp:attachment":[{"href":"https:\/\/www.bagnoitalia.com\/fr\/wp-json\/wp\/v2\/media?parent=79914"}],"wp:term":[{"taxonomy":"product_brand","embeddable":true,"href":"https:\/\/www.bagnoitalia.com\/fr\/wp-json\/wp\/v2\/product_brand?post=79914"},{"taxonomy":"product_cat","embeddable":true,"href":"https:\/\/www.bagnoitalia.com\/fr\/wp-json\/wp\/v2\/product_cat?post=79914"},{"taxonomy":"product_tag","embeddable":true,"href":"https:\/\/www.bagnoitalia.com\/fr\/wp-json\/wp\/v2\/product_tag?post=79914"}],"curies":[{"name":"wp","href":"https:\/\/api.w.org\/{rel}","templated":true}]}}