{"id":79866,"date":"2016-03-21T14:25:05","date_gmt":"2016-03-21T13:25:05","guid":{"rendered":"https:\/\/www.bagnoitalia.com\/product\/sanitaire-wc-bidet-rectangulaire-ou-suspendu-au-sol-affleurant-a-couverture-avec-serrure-a-embrayage"},"modified":"2025-05-13T10:45:03","modified_gmt":"2025-05-13T08:45:03","slug":"sanitaire-wc-bidet-rectangulaire-ou-suspendu-au-sol-affleurant-a-couverture-avec-serrure-a-embrayage","status":"publish","type":"product","link":"https:\/\/www.bagnoitalia.com\/fr\/produit\/sanitaire-wc-bidet-rectangulaire-ou-suspendu-au-sol-affleurant-a-couverture-avec-serrure-a-embrayage.html","title":{"rendered":"Sanitaire OLGA, WC ET bidet rectangulaires suspendus ou \u00e0 poser, avec abattant de toilet \u00e0 fermeture amortie."},"content":{"rendered":"<p><strong style=\"font-size: medium;\">Sanitaires OLGA avec WC et bidet \u00e0 poser ou suspendus<\/strong><\/p>\n<p><span style=\"font-size: 12pt;\">Le sanitaire OLGA se d\u00e9veloppe autour d\u2019un choix m\u00e9ticuleux de dimensions: la profondeur de 56 cm (version au sol) qui repr\u00e9sente le meilleur compromis entre confort et fonctionnalit\u00e9 d\u2019utilisation, sans renoncer \u00e0 l\u2019hygi\u00e8ne de votre salle de bain.<\/span> <br \/> <span style=\"font-size: 12pt;\">La largeur de 35 cm (version suspendue de 36 cm) et l&rsquo;abbattant de toilette rectangulaire en thermodurcissable compl\u00e8tent notre offre, con\u00e7ue pour vous proposer une nouvelle solution d&rsquo;\u00e9quipement pour votre salle de bain.<\/span><\/p>\n<\/p>\n<ul>\n<li style=\"margin-bottom: 0cm;\"><span style=\"font-size: x-small;\">WC suspendu: dimensions 36x57xH32 cm<\/span><\/li>\n<li style=\"margin-bottom: 0cm;\"><span style=\"font-size: x-small;\">Bidet suspendu: dimensions 36x57xH32 cm<\/span><\/li>\n<\/ul>\n<p><span style=\"font-size: 12pt;\"><\/span><\/p>\n<ul>\n<li style=\"margin-bottom: 0cm;\"><span style=\"font-size: x-small;\">WC \u00e0 poser: dimensions 35x56xH41 cm<\/span><\/li>\n<li style=\"margin-bottom: 0cm;\"><span style=\"font-size: x-small;\">Bidet \u00e0 poser: dimensions 35x56xH41 cm<\/span><\/li>\n<\/ul>\n<p><span style=\"font-size: 12pt;\"><\/span><\/p>\n<p><span style=\"font-size: x-small;\">Abattant de toilette thermodurcissable avec fermeture amortie.<\/span><\/p>\n","protected":false},"excerpt":{"rendered":"<p>Paire de sanitaires OLGA compos\u00e9e d\u2019un WC et d\u2019un bidet rectangulaires, suspendus ou \u00e0 poser, avec abattant de toilette \u00e0 fermeture amortie.<\/p>\n","protected":false},"featured_media":29562,"comment_status":"open","ping_status":"closed","template":"","meta":[],"product_brand":[9888],"product_cat":[15,10115],"product_tag":[],"class_list":{"0":"post-79866","1":"product","2":"type-product","3":"status-publish","4":"has-post-thumbnail","6":"product_brand-idrom-fr","7":"product_cat-senza-categoria","8":"product_cat-senza-categoria-fr","10":"first","11":"outofstock","12":"taxable","13":"shipping-taxable","14":"purchasable","15":"product-type-simple"},"exclude_global_add_ons":false,"addons":[{"name":"CAMPI_TIPOLOGIA\r\n","type":"select","position":0,"required":true,"title_format":"label","default":"","description_enable":false,"description":"","placeholder_enable":false,"placeholder":"","display":"select","restrictions_type":"any_text","adjust_price":false,"price":"","price_type":"","restrictions":false,"min":"0","max":"0","options":[]}],"yoast_head":"<!-- This site is optimized with the Yoast SEO plugin v26.7 - https:\/\/yoast.com\/wordpress\/plugins\/seo\/ -->\n<title>Sanitaire OLGA, WC ET bidet rectangulaires suspendus ou \u00e0 poser, avec abattant de toilet \u00e0 fermeture amortie.<\/title>\n<meta name=\"description\" content=\"Ensemble sanitaire OLGA compos\u00e9 de WC rectangulaires et de bidets suspendus au sol ou affleurant le couvercle du mur avec serrure d\u2019embrayage\" \/>\n<meta name=\"robots\" content=\"index, follow, max-snippet:-1, max-image-preview:large, max-video-preview:-1\" \/>\n<link rel=\"canonical\" href=\"https:\/\/www.bagnoitalia.com\/fr\/produit\/sanitaire-wc-bidet-rectangulaire-ou-suspendu-au-sol-affleurant-a-couverture-avec-serrure-a-embrayage.html\" \/>\n<meta property=\"og:locale\" content=\"fr_FR\" \/>\n<meta property=\"og:type\" content=\"article\" \/>\n<meta property=\"og:title\" content=\"Sanitaire OLGA, WC ET bidet rectangulaires suspendus ou \u00e0 poser, avec abattant de toilet \u00e0 fermeture amortie.\" \/>\n<meta property=\"og:description\" content=\"Ensemble sanitaire OLGA compos\u00e9 de WC rectangulaires et de bidets suspendus au sol ou affleurant le couvercle du mur avec serrure d\u2019embrayage\" \/>\n<meta property=\"og:url\" content=\"https:\/\/www.bagnoitalia.com\/fr\/produit\/sanitaire-wc-bidet-rectangulaire-ou-suspendu-au-sol-affleurant-a-couverture-avec-serrure-a-embrayage.html\" \/>\n<meta property=\"og:site_name\" content=\"Bagno Italia\" \/>\n<meta property=\"article:modified_time\" content=\"2025-05-13T08:45:03+00:00\" \/>\n<meta property=\"og:image\" content=\"https:\/\/img.bagnoitalia.com\/wp-content\/uploads\/virtuemart\/product\/OLGA-rectangular-Sanitary-10_1540980987_781.jpg\" \/>\n\t<meta property=\"og:image:width\" content=\"665\" \/>\n\t<meta property=\"og:image:height\" content=\"666\" \/>\n\t<meta property=\"og:image:type\" content=\"image\/jpeg\" \/>\n<meta name=\"twitter:card\" content=\"summary_large_image\" \/>\n<meta name=\"twitter:label1\" content=\"Dur\u00e9e de lecture estim\u00e9e\" \/>\n\t<meta name=\"twitter:data1\" content=\"1 minute\" \/>\n<script type=\"application\/ld+json\" class=\"yoast-schema-graph\">{\"@context\":\"https:\/\/schema.org\",\"@graph\":[{\"@type\":\"WebPage\",\"@id\":\"https:\/\/www.bagnoitalia.com\/fr\/produit\/sanitaire-wc-bidet-rectangulaire-ou-suspendu-au-sol-affleurant-a-couverture-avec-serrure-a-embrayage.html\",\"url\":\"https:\/\/www.bagnoitalia.com\/fr\/produit\/sanitaire-wc-bidet-rectangulaire-ou-suspendu-au-sol-affleurant-a-couverture-avec-serrure-a-embrayage.html\",\"name\":\"Sanitaire OLGA, WC ET bidet rectangulaires suspendus ou \u00e0 poser, avec abattant de toilet \u00e0 fermeture amortie.\",\"isPartOf\":{\"@id\":\"https:\/\/www.bagnoitalia.com\/fr#website\"},\"primaryImageOfPage\":{\"@id\":\"https:\/\/www.bagnoitalia.com\/fr\/produit\/sanitaire-wc-bidet-rectangulaire-ou-suspendu-au-sol-affleurant-a-couverture-avec-serrure-a-embrayage.html#primaryimage\"},\"image\":{\"@id\":\"https:\/\/www.bagnoitalia.com\/fr\/produit\/sanitaire-wc-bidet-rectangulaire-ou-suspendu-au-sol-affleurant-a-couverture-avec-serrure-a-embrayage.html#primaryimage\"},\"thumbnailUrl\":\"https:\/\/img.bagnoitalia.com\/wp-content\/uploads\/virtuemart\/product\/OLGA-rectangular-Sanitary-10_1540980987_781.jpg\",\"datePublished\":\"2016-03-21T13:25:05+00:00\",\"dateModified\":\"2025-05-13T08:45:03+00:00\",\"description\":\"Ensemble sanitaire OLGA compos\u00e9 de WC rectangulaires et de bidets suspendus au sol ou affleurant le couvercle du mur avec serrure d\u2019embrayage\",\"breadcrumb\":{\"@id\":\"https:\/\/www.bagnoitalia.com\/fr\/produit\/sanitaire-wc-bidet-rectangulaire-ou-suspendu-au-sol-affleurant-a-couverture-avec-serrure-a-embrayage.html#breadcrumb\"},\"inLanguage\":\"fr-FR\",\"potentialAction\":[{\"@type\":\"ReadAction\",\"target\":[\"https:\/\/www.bagnoitalia.com\/fr\/produit\/sanitaire-wc-bidet-rectangulaire-ou-suspendu-au-sol-affleurant-a-couverture-avec-serrure-a-embrayage.html\"]}]},{\"@type\":\"ImageObject\",\"inLanguage\":\"fr-FR\",\"@id\":\"https:\/\/www.bagnoitalia.com\/fr\/produit\/sanitaire-wc-bidet-rectangulaire-ou-suspendu-au-sol-affleurant-a-couverture-avec-serrure-a-embrayage.html#primaryimage\",\"url\":\"https:\/\/img.bagnoitalia.com\/wp-content\/uploads\/virtuemart\/product\/OLGA-rectangular-Sanitary-10_1540980987_781.jpg\",\"contentUrl\":\"https:\/\/img.bagnoitalia.com\/wp-content\/uploads\/virtuemart\/product\/OLGA-rectangular-Sanitary-10_1540980987_781.jpg\",\"width\":665,\"height\":666},{\"@type\":\"BreadcrumbList\",\"@id\":\"https:\/\/www.bagnoitalia.com\/fr\/produit\/sanitaire-wc-bidet-rectangulaire-ou-suspendu-au-sol-affleurant-a-couverture-avec-serrure-a-embrayage.html#breadcrumb\",\"itemListElement\":[{\"@type\":\"ListItem\",\"position\":1,\"name\":\"Home\",\"item\":\"https:\/\/www.bagnoitalia.com\/fr\"},{\"@type\":\"ListItem\",\"position\":2,\"name\":\"Produits\",\"item\":\"https:\/\/www.bagnoitalia.com\/fr\/shop\"},{\"@type\":\"ListItem\",\"position\":3,\"name\":\"Sanitaire OLGA, WC ET bidet rectangulaires suspendus ou \u00e0 poser, avec abattant de toilet \u00e0 fermeture amortie.\"}]},{\"@type\":\"WebSite\",\"@id\":\"https:\/\/www.bagnoitalia.com\/fr#website\",\"url\":\"https:\/\/www.bagnoitalia.com\/fr\",\"name\":\"Bagno Italia\",\"description\":\"\",\"publisher\":{\"@id\":\"https:\/\/www.bagnoitalia.com\/fr#organization\"},\"potentialAction\":[{\"@type\":\"SearchAction\",\"target\":{\"@type\":\"EntryPoint\",\"urlTemplate\":\"https:\/\/www.bagnoitalia.com\/fr?s={search_term_string}\"},\"query-input\":{\"@type\":\"PropertyValueSpecification\",\"valueRequired\":true,\"valueName\":\"search_term_string\"}}],\"inLanguage\":\"fr-FR\"},{\"@type\":\"Organization\",\"@id\":\"https:\/\/www.bagnoitalia.com\/fr#organization\",\"name\":\"Bagno Italia\",\"url\":\"https:\/\/www.bagnoitalia.com\/fr\",\"logo\":{\"@type\":\"ImageObject\",\"inLanguage\":\"fr-FR\",\"@id\":\"https:\/\/www.bagnoitalia.com\/fr#\/schema\/logo\/image\/\",\"url\":\"https:\/\/img.bagnoitalia.com\/wp-content\/uploads\/logo-bagnoitalia.webp\",\"contentUrl\":\"https:\/\/img.bagnoitalia.com\/wp-content\/uploads\/logo-bagnoitalia.webp\",\"width\":400,\"height\":70,\"caption\":\"Bagno Italia\"},\"image\":{\"@id\":\"https:\/\/www.bagnoitalia.com\/fr#\/schema\/logo\/image\/\"}}]}<\/script>\n<!-- \/ Yoast SEO plugin. -->","yoast_head_json":{"title":"Sanitaire OLGA, WC ET bidet rectangulaires suspendus ou \u00e0 poser, avec abattant de toilet \u00e0 fermeture amortie.","description":"Ensemble sanitaire OLGA compos\u00e9 de WC rectangulaires et de bidets suspendus au sol ou affleurant le couvercle du mur avec serrure d\u2019embrayage","robots":{"index":"index","follow":"follow","max-snippet":"max-snippet:-1","max-image-preview":"max-image-preview:large","max-video-preview":"max-video-preview:-1"},"canonical":"https:\/\/www.bagnoitalia.com\/fr\/produit\/sanitaire-wc-bidet-rectangulaire-ou-suspendu-au-sol-affleurant-a-couverture-avec-serrure-a-embrayage.html","og_locale":"fr_FR","og_type":"article","og_title":"Sanitaire OLGA, WC ET bidet rectangulaires suspendus ou \u00e0 poser, avec abattant de toilet \u00e0 fermeture amortie.","og_description":"Ensemble sanitaire OLGA compos\u00e9 de WC rectangulaires et de bidets suspendus au sol ou affleurant le couvercle du mur avec serrure d\u2019embrayage","og_url":"https:\/\/www.bagnoitalia.com\/fr\/produit\/sanitaire-wc-bidet-rectangulaire-ou-suspendu-au-sol-affleurant-a-couverture-avec-serrure-a-embrayage.html","og_site_name":"Bagno Italia","article_modified_time":"2025-05-13T08:45:03+00:00","og_image":[{"width":665,"height":666,"url":"https:\/\/img.bagnoitalia.com\/wp-content\/uploads\/virtuemart\/product\/OLGA-rectangular-Sanitary-10_1540980987_781.jpg","type":"image\/jpeg"}],"twitter_card":"summary_large_image","twitter_misc":{"Dur\u00e9e de lecture estim\u00e9e":"1 minute"},"schema":{"@context":"https:\/\/schema.org","@graph":[{"@type":"WebPage","@id":"https:\/\/www.bagnoitalia.com\/fr\/produit\/sanitaire-wc-bidet-rectangulaire-ou-suspendu-au-sol-affleurant-a-couverture-avec-serrure-a-embrayage.html","url":"https:\/\/www.bagnoitalia.com\/fr\/produit\/sanitaire-wc-bidet-rectangulaire-ou-suspendu-au-sol-affleurant-a-couverture-avec-serrure-a-embrayage.html","name":"Sanitaire OLGA, WC ET bidet rectangulaires suspendus ou \u00e0 poser, avec abattant de toilet \u00e0 fermeture amortie.","isPartOf":{"@id":"https:\/\/www.bagnoitalia.com\/fr#website"},"primaryImageOfPage":{"@id":"https:\/\/www.bagnoitalia.com\/fr\/produit\/sanitaire-wc-bidet-rectangulaire-ou-suspendu-au-sol-affleurant-a-couverture-avec-serrure-a-embrayage.html#primaryimage"},"image":{"@id":"https:\/\/www.bagnoitalia.com\/fr\/produit\/sanitaire-wc-bidet-rectangulaire-ou-suspendu-au-sol-affleurant-a-couverture-avec-serrure-a-embrayage.html#primaryimage"},"thumbnailUrl":"https:\/\/img.bagnoitalia.com\/wp-content\/uploads\/virtuemart\/product\/OLGA-rectangular-Sanitary-10_1540980987_781.jpg","datePublished":"2016-03-21T13:25:05+00:00","dateModified":"2025-05-13T08:45:03+00:00","description":"Ensemble sanitaire OLGA compos\u00e9 de WC rectangulaires et de bidets suspendus au sol ou affleurant le couvercle du mur avec serrure d\u2019embrayage","breadcrumb":{"@id":"https:\/\/www.bagnoitalia.com\/fr\/produit\/sanitaire-wc-bidet-rectangulaire-ou-suspendu-au-sol-affleurant-a-couverture-avec-serrure-a-embrayage.html#breadcrumb"},"inLanguage":"fr-FR","potentialAction":[{"@type":"ReadAction","target":["https:\/\/www.bagnoitalia.com\/fr\/produit\/sanitaire-wc-bidet-rectangulaire-ou-suspendu-au-sol-affleurant-a-couverture-avec-serrure-a-embrayage.html"]}]},{"@type":"ImageObject","inLanguage":"fr-FR","@id":"https:\/\/www.bagnoitalia.com\/fr\/produit\/sanitaire-wc-bidet-rectangulaire-ou-suspendu-au-sol-affleurant-a-couverture-avec-serrure-a-embrayage.html#primaryimage","url":"https:\/\/img.bagnoitalia.com\/wp-content\/uploads\/virtuemart\/product\/OLGA-rectangular-Sanitary-10_1540980987_781.jpg","contentUrl":"https:\/\/img.bagnoitalia.com\/wp-content\/uploads\/virtuemart\/product\/OLGA-rectangular-Sanitary-10_1540980987_781.jpg","width":665,"height":666},{"@type":"BreadcrumbList","@id":"https:\/\/www.bagnoitalia.com\/fr\/produit\/sanitaire-wc-bidet-rectangulaire-ou-suspendu-au-sol-affleurant-a-couverture-avec-serrure-a-embrayage.html#breadcrumb","itemListElement":[{"@type":"ListItem","position":1,"name":"Home","item":"https:\/\/www.bagnoitalia.com\/fr"},{"@type":"ListItem","position":2,"name":"Produits","item":"https:\/\/www.bagnoitalia.com\/fr\/shop"},{"@type":"ListItem","position":3,"name":"Sanitaire OLGA, WC ET bidet rectangulaires suspendus ou \u00e0 poser, avec abattant de toilet \u00e0 fermeture amortie."}]},{"@type":"WebSite","@id":"https:\/\/www.bagnoitalia.com\/fr#website","url":"https:\/\/www.bagnoitalia.com\/fr","name":"Bagno Italia","description":"","publisher":{"@id":"https:\/\/www.bagnoitalia.com\/fr#organization"},"potentialAction":[{"@type":"SearchAction","target":{"@type":"EntryPoint","urlTemplate":"https:\/\/www.bagnoitalia.com\/fr?s={search_term_string}"},"query-input":{"@type":"PropertyValueSpecification","valueRequired":true,"valueName":"search_term_string"}}],"inLanguage":"fr-FR"},{"@type":"Organization","@id":"https:\/\/www.bagnoitalia.com\/fr#organization","name":"Bagno Italia","url":"https:\/\/www.bagnoitalia.com\/fr","logo":{"@type":"ImageObject","inLanguage":"fr-FR","@id":"https:\/\/www.bagnoitalia.com\/fr#\/schema\/logo\/image\/","url":"https:\/\/img.bagnoitalia.com\/wp-content\/uploads\/logo-bagnoitalia.webp","contentUrl":"https:\/\/img.bagnoitalia.com\/wp-content\/uploads\/logo-bagnoitalia.webp","width":400,"height":70,"caption":"Bagno Italia"},"image":{"@id":"https:\/\/www.bagnoitalia.com\/fr#\/schema\/logo\/image\/"}}]}},"_links":{"self":[{"href":"https:\/\/www.bagnoitalia.com\/fr\/wp-json\/wp\/v2\/product\/79866","targetHints":{"allow":["GET"]}}],"collection":[{"href":"https:\/\/www.bagnoitalia.com\/fr\/wp-json\/wp\/v2\/product"}],"about":[{"href":"https:\/\/www.bagnoitalia.com\/fr\/wp-json\/wp\/v2\/types\/product"}],"replies":[{"embeddable":true,"href":"https:\/\/www.bagnoitalia.com\/fr\/wp-json\/wp\/v2\/comments?post=79866"}],"version-history":[{"count":0,"href":"https:\/\/www.bagnoitalia.com\/fr\/wp-json\/wp\/v2\/product\/79866\/revisions"}],"wp:featuredmedia":[{"embeddable":true,"href":"https:\/\/www.bagnoitalia.com\/fr\/wp-json\/wp\/v2\/media\/29562"}],"wp:attachment":[{"href":"https:\/\/www.bagnoitalia.com\/fr\/wp-json\/wp\/v2\/media?parent=79866"}],"wp:term":[{"taxonomy":"product_brand","embeddable":true,"href":"https:\/\/www.bagnoitalia.com\/fr\/wp-json\/wp\/v2\/product_brand?post=79866"},{"taxonomy":"product_cat","embeddable":true,"href":"https:\/\/www.bagnoitalia.com\/fr\/wp-json\/wp\/v2\/product_cat?post=79866"},{"taxonomy":"product_tag","embeddable":true,"href":"https:\/\/www.bagnoitalia.com\/fr\/wp-json\/wp\/v2\/product_tag?post=79866"}],"curies":[{"name":"wp","href":"https:\/\/api.w.org\/{rel}","templated":true}]}}