{"id":79834,"date":"2016-03-15T09:15:11","date_gmt":"2016-03-15T08:15:11","guid":{"rendered":"https:\/\/www.bagnoitalia.com\/product\/baignoire-180x90-bi-place-12-radio-chromotherapie-hydromassage-avec-pompe-balneo-a-deux-appuis-tete-vs043"},"modified":"2024-09-19T11:49:27","modified_gmt":"2024-09-19T09:49:27","slug":"baignoire-180x90-bi-place-12-radio-chromotherapie-hydromassage-avec-pompe-balneo-a-deux-appuis-tete-vs043","status":"publish","type":"product","link":"https:\/\/www.bagnoitalia.com\/fr\/produit\/baignoire-180x90-bi-place-12-radio-chromotherapie-hydromassage-avec-pompe-balneo-a-deux-appuis-tete-vs043.html","title":{"rendered":"Baignoire \u00e0 remous 180&#215;90 2 places, , deux appuis-t\u00eate, pompe d\u2019hydromassage 12 jets, radio,  chromoth\u00e9rapie VS043"},"content":{"rendered":"<p><span style=\"text-decoration: underline;\"><strong>Baignoire Spa 180&#215;90 cm pour deux personnes avec 12 jets d&rsquo;hydromassage<\/strong><\/span><\/p>\n<ul>\n<li>Dimensions de la baignoire 180x90xH62 cm \u00e0 deux places<\/li>\n<li>Pompe d&rsquo;hydromassage 1.5HP<\/li>\n<li>Ozonoth\u00e9rapie<\/li>\n<li>2 appuie-t\u00eate noirs<\/li>\n<li>12 jets<\/li>\n<li>Disjoncteur<\/li>\n<li>Ordinateur de contr\u00f4le<\/li>\n<li>Radio FM<\/li>\n<li>Commutateur<\/li>\n<li>R\u00e9gulateur de pression d&rsquo;eau<\/li>\n<li>LED pour chromoth\u00e9rapie<\/li>\n<li>2 haut-parleurs<\/li>\n<li>Porte serviettes<\/li>\n<li>Robinets inclus, y compris mitigeur cascade mod\u00e8le am\u00e9ricain<\/li>\n<li>Baignoire en ABS acrylique blanc<\/li>\n<\/ul>\n<p><strong>Mat\u00e9riaux:<\/strong><\/p>\n<ul>\n<li>Profil en acier<\/li>\n<li>Poids: 100 kg<\/li>\n<li>Baignoire avec verre frontal<\/li>\n<\/ul>\n","protected":false},"excerpt":{"rendered":"<p>Baignoire d\u2019hydromassage 180 x 90 2 places, deux appuis-t\u00eate, pompe d\u2019hydromassage 12 jets, radio, chromoth\u00e9rapie<\/p>\n","protected":false},"featured_media":29346,"comment_status":"open","ping_status":"closed","template":"","meta":[],"product_brand":[9912],"product_cat":[9707,9743],"product_tag":[],"class_list":{"0":"post-79834","1":"product","2":"type-product","3":"status-publish","4":"has-post-thumbnail","6":"product_brand-simba-fr","7":"product_cat-baignoire-balneo","8":"product_cat-piscines-d-39-hydromassage","10":"first","11":"instock","12":"sale","13":"taxable","14":"shipping-taxable","15":"purchasable","16":"product-type-simple"},"exclude_global_add_ons":[],"addons":[],"yoast_head":"<!-- This site is optimized with the Yoast SEO plugin v26.7 - https:\/\/yoast.com\/wordpress\/plugins\/seo\/ -->\n<title>Baignoire \u00e0 remous 180x90 2 places, , deux appuis-t\u00eate, pompe d\u2019hydromassage 12 jets, radio, chromoth\u00e9rapie VS043<\/title>\n<meta name=\"description\" content=\"Jacuzzi 180x90 avec deux si\u00e8ges \u00e9quip\u00e9s de 12 jets d&#039;eau, chromoth\u00e9rapie, radio avec pompe \u00e0 remous et deux appuis-t\u00eate\" \/>\n<meta name=\"robots\" content=\"index, follow, max-snippet:-1, max-image-preview:large, max-video-preview:-1\" \/>\n<link rel=\"canonical\" href=\"https:\/\/www.bagnoitalia.com\/fr\/produit\/baignoire-180x90-bi-place-12-radio-chromotherapie-hydromassage-avec-pompe-balneo-a-deux-appuis-tete-vs043.html\" \/>\n<meta property=\"og:locale\" content=\"fr_FR\" \/>\n<meta property=\"og:type\" content=\"article\" \/>\n<meta property=\"og:title\" content=\"Baignoire \u00e0 remous 180x90 2 places, , deux appuis-t\u00eate, pompe d\u2019hydromassage 12 jets, radio, chromoth\u00e9rapie VS043\" \/>\n<meta property=\"og:description\" content=\"Jacuzzi 180x90 avec deux si\u00e8ges \u00e9quip\u00e9s de 12 jets d&#039;eau, chromoth\u00e9rapie, radio avec pompe \u00e0 remous et deux appuis-t\u00eate\" \/>\n<meta property=\"og:url\" content=\"https:\/\/www.bagnoitalia.com\/fr\/produit\/baignoire-180x90-bi-place-12-radio-chromotherapie-hydromassage-avec-pompe-balneo-a-deux-appuis-tete-vs043.html\" \/>\n<meta property=\"og:site_name\" content=\"Bagno Italia\" \/>\n<meta property=\"article:modified_time\" content=\"2024-09-19T09:49:27+00:00\" \/>\n<meta property=\"og:image\" content=\"https:\/\/img.bagnoitalia.com\/wp-content\/uploads\/virtuemart\/product\/Two-persons-Jacuzzi-180x90-1_1542028081_290.jpg\" \/>\n\t<meta property=\"og:image:width\" content=\"721\" \/>\n\t<meta property=\"og:image:height\" content=\"721\" \/>\n\t<meta property=\"og:image:type\" content=\"image\/jpeg\" \/>\n<meta name=\"twitter:card\" content=\"summary_large_image\" \/>\n<meta name=\"twitter:label1\" content=\"Dur\u00e9e de lecture estim\u00e9e\" \/>\n\t<meta name=\"twitter:data1\" content=\"1 minute\" \/>\n<script type=\"application\/ld+json\" class=\"yoast-schema-graph\">{\"@context\":\"https:\/\/schema.org\",\"@graph\":[{\"@type\":\"WebPage\",\"@id\":\"https:\/\/www.bagnoitalia.com\/fr\/produit\/baignoire-180x90-bi-place-12-radio-chromotherapie-hydromassage-avec-pompe-balneo-a-deux-appuis-tete-vs043.html\",\"url\":\"https:\/\/www.bagnoitalia.com\/fr\/produit\/baignoire-180x90-bi-place-12-radio-chromotherapie-hydromassage-avec-pompe-balneo-a-deux-appuis-tete-vs043.html\",\"name\":\"Baignoire \u00e0 remous 180x90 2 places, , deux appuis-t\u00eate, pompe d\u2019hydromassage 12 jets, radio, chromoth\u00e9rapie VS043\",\"isPartOf\":{\"@id\":\"https:\/\/www.bagnoitalia.com\/fr#website\"},\"primaryImageOfPage\":{\"@id\":\"https:\/\/www.bagnoitalia.com\/fr\/produit\/baignoire-180x90-bi-place-12-radio-chromotherapie-hydromassage-avec-pompe-balneo-a-deux-appuis-tete-vs043.html#primaryimage\"},\"image\":{\"@id\":\"https:\/\/www.bagnoitalia.com\/fr\/produit\/baignoire-180x90-bi-place-12-radio-chromotherapie-hydromassage-avec-pompe-balneo-a-deux-appuis-tete-vs043.html#primaryimage\"},\"thumbnailUrl\":\"https:\/\/img.bagnoitalia.com\/wp-content\/uploads\/virtuemart\/product\/Two-persons-Jacuzzi-180x90-1_1542028081_290.jpg\",\"datePublished\":\"2016-03-15T08:15:11+00:00\",\"dateModified\":\"2024-09-19T09:49:27+00:00\",\"description\":\"Jacuzzi 180x90 avec deux si\u00e8ges \u00e9quip\u00e9s de 12 jets d'eau, chromoth\u00e9rapie, radio avec pompe \u00e0 remous et deux appuis-t\u00eate\",\"breadcrumb\":{\"@id\":\"https:\/\/www.bagnoitalia.com\/fr\/produit\/baignoire-180x90-bi-place-12-radio-chromotherapie-hydromassage-avec-pompe-balneo-a-deux-appuis-tete-vs043.html#breadcrumb\"},\"inLanguage\":\"fr-FR\",\"potentialAction\":[{\"@type\":\"ReadAction\",\"target\":[\"https:\/\/www.bagnoitalia.com\/fr\/produit\/baignoire-180x90-bi-place-12-radio-chromotherapie-hydromassage-avec-pompe-balneo-a-deux-appuis-tete-vs043.html\"]}]},{\"@type\":\"ImageObject\",\"inLanguage\":\"fr-FR\",\"@id\":\"https:\/\/www.bagnoitalia.com\/fr\/produit\/baignoire-180x90-bi-place-12-radio-chromotherapie-hydromassage-avec-pompe-balneo-a-deux-appuis-tete-vs043.html#primaryimage\",\"url\":\"https:\/\/img.bagnoitalia.com\/wp-content\/uploads\/virtuemart\/product\/Two-persons-Jacuzzi-180x90-1_1542028081_290.jpg\",\"contentUrl\":\"https:\/\/img.bagnoitalia.com\/wp-content\/uploads\/virtuemart\/product\/Two-persons-Jacuzzi-180x90-1_1542028081_290.jpg\",\"width\":721,\"height\":721},{\"@type\":\"BreadcrumbList\",\"@id\":\"https:\/\/www.bagnoitalia.com\/fr\/produit\/baignoire-180x90-bi-place-12-radio-chromotherapie-hydromassage-avec-pompe-balneo-a-deux-appuis-tete-vs043.html#breadcrumb\",\"itemListElement\":[{\"@type\":\"ListItem\",\"position\":1,\"name\":\"Home\",\"item\":\"https:\/\/www.bagnoitalia.com\/fr\"},{\"@type\":\"ListItem\",\"position\":2,\"name\":\"Produits\",\"item\":\"https:\/\/www.bagnoitalia.com\/fr\/shop\"},{\"@type\":\"ListItem\",\"position\":3,\"name\":\"Baignoire \u00e0 remous 180&#215;90 2 places, , deux appuis-t\u00eate, pompe d\u2019hydromassage 12 jets, radio, chromoth\u00e9rapie VS043\"}]},{\"@type\":\"WebSite\",\"@id\":\"https:\/\/www.bagnoitalia.com\/fr#website\",\"url\":\"https:\/\/www.bagnoitalia.com\/fr\",\"name\":\"Bagno Italia\",\"description\":\"\",\"publisher\":{\"@id\":\"https:\/\/www.bagnoitalia.com\/fr#organization\"},\"potentialAction\":[{\"@type\":\"SearchAction\",\"target\":{\"@type\":\"EntryPoint\",\"urlTemplate\":\"https:\/\/www.bagnoitalia.com\/fr?s={search_term_string}\"},\"query-input\":{\"@type\":\"PropertyValueSpecification\",\"valueRequired\":true,\"valueName\":\"search_term_string\"}}],\"inLanguage\":\"fr-FR\"},{\"@type\":\"Organization\",\"@id\":\"https:\/\/www.bagnoitalia.com\/fr#organization\",\"name\":\"Bagno Italia\",\"url\":\"https:\/\/www.bagnoitalia.com\/fr\",\"logo\":{\"@type\":\"ImageObject\",\"inLanguage\":\"fr-FR\",\"@id\":\"https:\/\/www.bagnoitalia.com\/fr#\/schema\/logo\/image\/\",\"url\":\"https:\/\/img.bagnoitalia.com\/wp-content\/uploads\/logo-bagnoitalia.webp\",\"contentUrl\":\"https:\/\/img.bagnoitalia.com\/wp-content\/uploads\/logo-bagnoitalia.webp\",\"width\":400,\"height\":70,\"caption\":\"Bagno Italia\"},\"image\":{\"@id\":\"https:\/\/www.bagnoitalia.com\/fr#\/schema\/logo\/image\/\"}}]}<\/script>\n<!-- \/ Yoast SEO plugin. -->","yoast_head_json":{"title":"Baignoire \u00e0 remous 180x90 2 places, , deux appuis-t\u00eate, pompe d\u2019hydromassage 12 jets, radio, chromoth\u00e9rapie VS043","description":"Jacuzzi 180x90 avec deux si\u00e8ges \u00e9quip\u00e9s de 12 jets d'eau, chromoth\u00e9rapie, radio avec pompe \u00e0 remous et deux appuis-t\u00eate","robots":{"index":"index","follow":"follow","max-snippet":"max-snippet:-1","max-image-preview":"max-image-preview:large","max-video-preview":"max-video-preview:-1"},"canonical":"https:\/\/www.bagnoitalia.com\/fr\/produit\/baignoire-180x90-bi-place-12-radio-chromotherapie-hydromassage-avec-pompe-balneo-a-deux-appuis-tete-vs043.html","og_locale":"fr_FR","og_type":"article","og_title":"Baignoire \u00e0 remous 180x90 2 places, , deux appuis-t\u00eate, pompe d\u2019hydromassage 12 jets, radio, chromoth\u00e9rapie VS043","og_description":"Jacuzzi 180x90 avec deux si\u00e8ges \u00e9quip\u00e9s de 12 jets d'eau, chromoth\u00e9rapie, radio avec pompe \u00e0 remous et deux appuis-t\u00eate","og_url":"https:\/\/www.bagnoitalia.com\/fr\/produit\/baignoire-180x90-bi-place-12-radio-chromotherapie-hydromassage-avec-pompe-balneo-a-deux-appuis-tete-vs043.html","og_site_name":"Bagno Italia","article_modified_time":"2024-09-19T09:49:27+00:00","og_image":[{"width":721,"height":721,"url":"https:\/\/img.bagnoitalia.com\/wp-content\/uploads\/virtuemart\/product\/Two-persons-Jacuzzi-180x90-1_1542028081_290.jpg","type":"image\/jpeg"}],"twitter_card":"summary_large_image","twitter_misc":{"Dur\u00e9e de lecture estim\u00e9e":"1 minute"},"schema":{"@context":"https:\/\/schema.org","@graph":[{"@type":"WebPage","@id":"https:\/\/www.bagnoitalia.com\/fr\/produit\/baignoire-180x90-bi-place-12-radio-chromotherapie-hydromassage-avec-pompe-balneo-a-deux-appuis-tete-vs043.html","url":"https:\/\/www.bagnoitalia.com\/fr\/produit\/baignoire-180x90-bi-place-12-radio-chromotherapie-hydromassage-avec-pompe-balneo-a-deux-appuis-tete-vs043.html","name":"Baignoire \u00e0 remous 180x90 2 places, , deux appuis-t\u00eate, pompe d\u2019hydromassage 12 jets, radio, chromoth\u00e9rapie VS043","isPartOf":{"@id":"https:\/\/www.bagnoitalia.com\/fr#website"},"primaryImageOfPage":{"@id":"https:\/\/www.bagnoitalia.com\/fr\/produit\/baignoire-180x90-bi-place-12-radio-chromotherapie-hydromassage-avec-pompe-balneo-a-deux-appuis-tete-vs043.html#primaryimage"},"image":{"@id":"https:\/\/www.bagnoitalia.com\/fr\/produit\/baignoire-180x90-bi-place-12-radio-chromotherapie-hydromassage-avec-pompe-balneo-a-deux-appuis-tete-vs043.html#primaryimage"},"thumbnailUrl":"https:\/\/img.bagnoitalia.com\/wp-content\/uploads\/virtuemart\/product\/Two-persons-Jacuzzi-180x90-1_1542028081_290.jpg","datePublished":"2016-03-15T08:15:11+00:00","dateModified":"2024-09-19T09:49:27+00:00","description":"Jacuzzi 180x90 avec deux si\u00e8ges \u00e9quip\u00e9s de 12 jets d'eau, chromoth\u00e9rapie, radio avec pompe \u00e0 remous et deux appuis-t\u00eate","breadcrumb":{"@id":"https:\/\/www.bagnoitalia.com\/fr\/produit\/baignoire-180x90-bi-place-12-radio-chromotherapie-hydromassage-avec-pompe-balneo-a-deux-appuis-tete-vs043.html#breadcrumb"},"inLanguage":"fr-FR","potentialAction":[{"@type":"ReadAction","target":["https:\/\/www.bagnoitalia.com\/fr\/produit\/baignoire-180x90-bi-place-12-radio-chromotherapie-hydromassage-avec-pompe-balneo-a-deux-appuis-tete-vs043.html"]}]},{"@type":"ImageObject","inLanguage":"fr-FR","@id":"https:\/\/www.bagnoitalia.com\/fr\/produit\/baignoire-180x90-bi-place-12-radio-chromotherapie-hydromassage-avec-pompe-balneo-a-deux-appuis-tete-vs043.html#primaryimage","url":"https:\/\/img.bagnoitalia.com\/wp-content\/uploads\/virtuemart\/product\/Two-persons-Jacuzzi-180x90-1_1542028081_290.jpg","contentUrl":"https:\/\/img.bagnoitalia.com\/wp-content\/uploads\/virtuemart\/product\/Two-persons-Jacuzzi-180x90-1_1542028081_290.jpg","width":721,"height":721},{"@type":"BreadcrumbList","@id":"https:\/\/www.bagnoitalia.com\/fr\/produit\/baignoire-180x90-bi-place-12-radio-chromotherapie-hydromassage-avec-pompe-balneo-a-deux-appuis-tete-vs043.html#breadcrumb","itemListElement":[{"@type":"ListItem","position":1,"name":"Home","item":"https:\/\/www.bagnoitalia.com\/fr"},{"@type":"ListItem","position":2,"name":"Produits","item":"https:\/\/www.bagnoitalia.com\/fr\/shop"},{"@type":"ListItem","position":3,"name":"Baignoire \u00e0 remous 180&#215;90 2 places, , deux appuis-t\u00eate, pompe d\u2019hydromassage 12 jets, radio, chromoth\u00e9rapie VS043"}]},{"@type":"WebSite","@id":"https:\/\/www.bagnoitalia.com\/fr#website","url":"https:\/\/www.bagnoitalia.com\/fr","name":"Bagno Italia","description":"","publisher":{"@id":"https:\/\/www.bagnoitalia.com\/fr#organization"},"potentialAction":[{"@type":"SearchAction","target":{"@type":"EntryPoint","urlTemplate":"https:\/\/www.bagnoitalia.com\/fr?s={search_term_string}"},"query-input":{"@type":"PropertyValueSpecification","valueRequired":true,"valueName":"search_term_string"}}],"inLanguage":"fr-FR"},{"@type":"Organization","@id":"https:\/\/www.bagnoitalia.com\/fr#organization","name":"Bagno Italia","url":"https:\/\/www.bagnoitalia.com\/fr","logo":{"@type":"ImageObject","inLanguage":"fr-FR","@id":"https:\/\/www.bagnoitalia.com\/fr#\/schema\/logo\/image\/","url":"https:\/\/img.bagnoitalia.com\/wp-content\/uploads\/logo-bagnoitalia.webp","contentUrl":"https:\/\/img.bagnoitalia.com\/wp-content\/uploads\/logo-bagnoitalia.webp","width":400,"height":70,"caption":"Bagno Italia"},"image":{"@id":"https:\/\/www.bagnoitalia.com\/fr#\/schema\/logo\/image\/"}}]}},"_links":{"self":[{"href":"https:\/\/www.bagnoitalia.com\/fr\/wp-json\/wp\/v2\/product\/79834","targetHints":{"allow":["GET"]}}],"collection":[{"href":"https:\/\/www.bagnoitalia.com\/fr\/wp-json\/wp\/v2\/product"}],"about":[{"href":"https:\/\/www.bagnoitalia.com\/fr\/wp-json\/wp\/v2\/types\/product"}],"replies":[{"embeddable":true,"href":"https:\/\/www.bagnoitalia.com\/fr\/wp-json\/wp\/v2\/comments?post=79834"}],"version-history":[{"count":1,"href":"https:\/\/www.bagnoitalia.com\/fr\/wp-json\/wp\/v2\/product\/79834\/revisions"}],"predecessor-version":[{"id":91800,"href":"https:\/\/www.bagnoitalia.com\/fr\/wp-json\/wp\/v2\/product\/79834\/revisions\/91800"}],"wp:featuredmedia":[{"embeddable":true,"href":"https:\/\/www.bagnoitalia.com\/fr\/wp-json\/wp\/v2\/media\/29346"}],"wp:attachment":[{"href":"https:\/\/www.bagnoitalia.com\/fr\/wp-json\/wp\/v2\/media?parent=79834"}],"wp:term":[{"taxonomy":"product_brand","embeddable":true,"href":"https:\/\/www.bagnoitalia.com\/fr\/wp-json\/wp\/v2\/product_brand?post=79834"},{"taxonomy":"product_cat","embeddable":true,"href":"https:\/\/www.bagnoitalia.com\/fr\/wp-json\/wp\/v2\/product_cat?post=79834"},{"taxonomy":"product_tag","embeddable":true,"href":"https:\/\/www.bagnoitalia.com\/fr\/wp-json\/wp\/v2\/product_tag?post=79834"}],"curies":[{"name":"wp","href":"https:\/\/api.w.org\/{rel}","templated":true}]}}