{"id":79814,"date":"2016-03-10T00:32:22","date_gmt":"2016-03-09T23:32:22","guid":{"rendered":"https:\/\/www.bagnoitalia.com\/product\/traitement-anti-calcaire-semi-permanent-pour-les-carreaux-a-cristaux-sanitaires-carreaux-nano-instant-clean-news-2016"},"modified":"2024-05-11T00:07:43","modified_gmt":"2024-05-10T22:07:43","slug":"traitement-anti-calcaire-semi-permanent-pour-les-carreaux-a-cristaux-sanitaires-carreaux-nano-instant-clean-news-2016","status":"publish","type":"product","link":"https:\/\/www.bagnoitalia.com\/fr\/produit\/traitement-anti-calcaire-semi-permanent-pour-les-carreaux-a-cristaux-sanitaires-carreaux-nano-instant-clean-news-2016.html","title":{"rendered":"Traitement anti-calcaire semi-permanent pour verres, sanitaires, baignoires,  carreaux NANO INSTANT CLEAN nouveaut\u00e9 2016"},"content":{"rendered":"<p><span style=\"color: #000000; font-size: 14pt;\">TRAITEMENT SEMI-PERMANENT<\/span> <span style=\"font-size: 12pt;\"><strong><span style=\"color: #000000;\">NANO INSTANT CLEAN<\/span><\/strong><\/span> <span style=\"color: #000000;\"><\/span> <span style=\"font-size: 12pt;\"><strong><span style=\"color: #000000;\"><br \/><\/span><\/strong><\/span><\/p>\n<p>&nbsp;<\/p>\n<p style=\"text-align: justify;\"><span style=\"color: #000000;\">Traitement de protection pour les surfaces en verre et en c\u00e9ramique. Hydrofuge &#8211; Anti-calcaire &#8211; Anti-rayures &#8211; Anti-bact\u00e9rien<\/span><\/p>\n<p><span style=\"color: #000000;\">Produit sp\u00e9cifique pour les cabines de douche, les \u00e9viers, les baignoires, les miroirs, les carreaux, les appareils sanitaires. <br \/><\/span><\/p>\n<p><span style=\"color: #000000;\">NE PAS utiliser sur l&rsquo;aluminium et le plastique, car cela pourrait alt\u00e9rer son apparence.<\/span><\/p>\n<p>Il est possible d&rsquo;effectuer ce traitement qui a une efficacit\u00e9 semi-permanente (environ 10 ans) sur les surfaces mentionn\u00e9es ci-dessus<\/p>\n<p>gr\u00e2ce \u00e0 son polym\u00e8re, le produit est facilement lavable et r\u00e9sout les probl\u00e8mes pos\u00e9s par l&rsquo;opacification du calcaire!<\/p>\n<p>&nbsp;<\/p>\n<p><strong>Nouvelles exclusives sur les produits 2016<\/strong><\/p>\n","protected":false},"excerpt":{"rendered":"<p>Traitement semi-permanent (dur\u00e9e environ 10 ans) Protecteur des surfaces en verre et en c\u00e9ramique. Hydrofuge \u2013 Anti-calcaire &#8211; Anti-rayures &#8211; Anti-bact\u00e9rien. Nouveaut\u00e9s produits exclusives 2016<\/p>\n","protected":false},"featured_media":29250,"comment_status":"open","ping_status":"closed","template":"","meta":[],"product_brand":[5008],"product_cat":[9807,9823,9811,9831,9815,9827,9835,9727,9711,9735],"product_tag":[],"class_list":{"0":"post-79814","1":"product","2":"type-product","3":"status-publish","4":"has-post-thumbnail","6":"product_brand-idrom","7":"product_cat-coin-douche-boite-de-douche","8":"product_cat-portes-de-douche-coulissante","9":"product_cat-cabine-de-douche-semi-circulaire-boite-de-douche","10":"product_cat-portes-de-douche-pliante","11":"product_cat-cabine-de-douche-a-trois-cotes-boite-de-douche","12":"product_cat-portes-de-douche-avec-porte-battante","13":"product_cat-portes-de-douche-saloon","14":"product_cat-portes-de-douche","15":"product_cat-boite-de-douche","16":"product_cat-cabine-d-39-hydromassage","18":"first","19":"instock","20":"sale","21":"taxable","22":"shipping-taxable","23":"purchasable","24":"product-type-simple"},"exclude_global_add_ons":[],"addons":[],"yoast_head":"<!-- This site is optimized with the Yoast SEO plugin v26.7 - https:\/\/yoast.com\/wordpress\/plugins\/seo\/ -->\n<title>Traitement anti-calcaire semi-permanent pour verres, sanitaires, baignoires, carreaux NANO INSTANT CLEAN nouveaut\u00e9 2016<\/title>\n<meta name=\"description\" content=\"Traitement de protection semi-permanent pour les surfaces en verre et en c\u00e9ramique. Hydrofuge - Anti-rayures - Anti-bact\u00e9rien. Nouvelles exclusives sur les produits 2016\" \/>\n<meta name=\"robots\" content=\"index, follow, max-snippet:-1, max-image-preview:large, max-video-preview:-1\" \/>\n<link rel=\"canonical\" href=\"https:\/\/www.bagnoitalia.com\/fr\/produit\/traitement-anti-calcaire-semi-permanent-pour-les-carreaux-a-cristaux-sanitaires-carreaux-nano-instant-clean-news-2016.html\" \/>\n<meta property=\"og:locale\" content=\"fr_FR\" \/>\n<meta property=\"og:type\" content=\"article\" \/>\n<meta property=\"og:title\" content=\"Traitement anti-calcaire semi-permanent pour verres, sanitaires, baignoires, carreaux NANO INSTANT CLEAN nouveaut\u00e9 2016\" \/>\n<meta property=\"og:description\" content=\"Traitement de protection semi-permanent pour les surfaces en verre et en c\u00e9ramique. Hydrofuge - Anti-rayures - Anti-bact\u00e9rien. Nouvelles exclusives sur les produits 2016\" \/>\n<meta property=\"og:url\" content=\"https:\/\/www.bagnoitalia.com\/fr\/produit\/traitement-anti-calcaire-semi-permanent-pour-les-carreaux-a-cristaux-sanitaires-carreaux-nano-instant-clean-news-2016.html\" \/>\n<meta property=\"og:site_name\" content=\"Bagno Italia\" \/>\n<meta property=\"article:modified_time\" content=\"2024-05-10T22:07:43+00:00\" \/>\n<meta property=\"og:image\" content=\"https:\/\/img.bagnoitalia.com\/wp-content\/uploads\/virtuemart\/product\/NEW-NA1.jpg\" \/>\n\t<meta property=\"og:image:width\" content=\"640\" \/>\n\t<meta property=\"og:image:height\" content=\"640\" \/>\n\t<meta property=\"og:image:type\" content=\"image\/jpeg\" \/>\n<meta name=\"twitter:card\" content=\"summary_large_image\" \/>\n<meta name=\"twitter:label1\" content=\"Dur\u00e9e de lecture estim\u00e9e\" \/>\n\t<meta name=\"twitter:data1\" content=\"1 minute\" \/>\n<script type=\"application\/ld+json\" class=\"yoast-schema-graph\">{\"@context\":\"https:\/\/schema.org\",\"@graph\":[{\"@type\":\"WebPage\",\"@id\":\"https:\/\/www.bagnoitalia.com\/fr\/produit\/traitement-anti-calcaire-semi-permanent-pour-les-carreaux-a-cristaux-sanitaires-carreaux-nano-instant-clean-news-2016.html\",\"url\":\"https:\/\/www.bagnoitalia.com\/fr\/produit\/traitement-anti-calcaire-semi-permanent-pour-les-carreaux-a-cristaux-sanitaires-carreaux-nano-instant-clean-news-2016.html\",\"name\":\"Traitement anti-calcaire semi-permanent pour verres, sanitaires, baignoires, carreaux NANO INSTANT CLEAN nouveaut\u00e9 2016\",\"isPartOf\":{\"@id\":\"https:\/\/www.bagnoitalia.com\/fr#website\"},\"primaryImageOfPage\":{\"@id\":\"https:\/\/www.bagnoitalia.com\/fr\/produit\/traitement-anti-calcaire-semi-permanent-pour-les-carreaux-a-cristaux-sanitaires-carreaux-nano-instant-clean-news-2016.html#primaryimage\"},\"image\":{\"@id\":\"https:\/\/www.bagnoitalia.com\/fr\/produit\/traitement-anti-calcaire-semi-permanent-pour-les-carreaux-a-cristaux-sanitaires-carreaux-nano-instant-clean-news-2016.html#primaryimage\"},\"thumbnailUrl\":\"https:\/\/img.bagnoitalia.com\/wp-content\/uploads\/virtuemart\/product\/NEW-NA1.jpg\",\"datePublished\":\"2016-03-09T23:32:22+00:00\",\"dateModified\":\"2024-05-10T22:07:43+00:00\",\"description\":\"Traitement de protection semi-permanent pour les surfaces en verre et en c\u00e9ramique. Hydrofuge - Anti-rayures - Anti-bact\u00e9rien. Nouvelles exclusives sur les produits 2016\",\"breadcrumb\":{\"@id\":\"https:\/\/www.bagnoitalia.com\/fr\/produit\/traitement-anti-calcaire-semi-permanent-pour-les-carreaux-a-cristaux-sanitaires-carreaux-nano-instant-clean-news-2016.html#breadcrumb\"},\"inLanguage\":\"fr-FR\",\"potentialAction\":[{\"@type\":\"ReadAction\",\"target\":[\"https:\/\/www.bagnoitalia.com\/fr\/produit\/traitement-anti-calcaire-semi-permanent-pour-les-carreaux-a-cristaux-sanitaires-carreaux-nano-instant-clean-news-2016.html\"]}]},{\"@type\":\"ImageObject\",\"inLanguage\":\"fr-FR\",\"@id\":\"https:\/\/www.bagnoitalia.com\/fr\/produit\/traitement-anti-calcaire-semi-permanent-pour-les-carreaux-a-cristaux-sanitaires-carreaux-nano-instant-clean-news-2016.html#primaryimage\",\"url\":\"https:\/\/img.bagnoitalia.com\/wp-content\/uploads\/virtuemart\/product\/NEW-NA1.jpg\",\"contentUrl\":\"https:\/\/img.bagnoitalia.com\/wp-content\/uploads\/virtuemart\/product\/NEW-NA1.jpg\",\"width\":640,\"height\":640},{\"@type\":\"BreadcrumbList\",\"@id\":\"https:\/\/www.bagnoitalia.com\/fr\/produit\/traitement-anti-calcaire-semi-permanent-pour-les-carreaux-a-cristaux-sanitaires-carreaux-nano-instant-clean-news-2016.html#breadcrumb\",\"itemListElement\":[{\"@type\":\"ListItem\",\"position\":1,\"name\":\"Home\",\"item\":\"https:\/\/www.bagnoitalia.com\/fr\"},{\"@type\":\"ListItem\",\"position\":2,\"name\":\"Produits\",\"item\":\"https:\/\/www.bagnoitalia.com\/fr\/shop\"},{\"@type\":\"ListItem\",\"position\":3,\"name\":\"Traitement anti-calcaire semi-permanent pour verres, sanitaires, baignoires, carreaux NANO INSTANT CLEAN nouveaut\u00e9 2016\"}]},{\"@type\":\"WebSite\",\"@id\":\"https:\/\/www.bagnoitalia.com\/fr#website\",\"url\":\"https:\/\/www.bagnoitalia.com\/fr\",\"name\":\"Bagno Italia\",\"description\":\"\",\"publisher\":{\"@id\":\"https:\/\/www.bagnoitalia.com\/fr#organization\"},\"potentialAction\":[{\"@type\":\"SearchAction\",\"target\":{\"@type\":\"EntryPoint\",\"urlTemplate\":\"https:\/\/www.bagnoitalia.com\/fr?s={search_term_string}\"},\"query-input\":{\"@type\":\"PropertyValueSpecification\",\"valueRequired\":true,\"valueName\":\"search_term_string\"}}],\"inLanguage\":\"fr-FR\"},{\"@type\":\"Organization\",\"@id\":\"https:\/\/www.bagnoitalia.com\/fr#organization\",\"name\":\"Bagno Italia\",\"url\":\"https:\/\/www.bagnoitalia.com\/fr\",\"logo\":{\"@type\":\"ImageObject\",\"inLanguage\":\"fr-FR\",\"@id\":\"https:\/\/www.bagnoitalia.com\/fr#\/schema\/logo\/image\/\",\"url\":\"https:\/\/img.bagnoitalia.com\/wp-content\/uploads\/logo-bagnoitalia.webp\",\"contentUrl\":\"https:\/\/img.bagnoitalia.com\/wp-content\/uploads\/logo-bagnoitalia.webp\",\"width\":400,\"height\":70,\"caption\":\"Bagno Italia\"},\"image\":{\"@id\":\"https:\/\/www.bagnoitalia.com\/fr#\/schema\/logo\/image\/\"}}]}<\/script>\n<!-- \/ Yoast SEO plugin. -->","yoast_head_json":{"title":"Traitement anti-calcaire semi-permanent pour verres, sanitaires, baignoires, carreaux NANO INSTANT CLEAN nouveaut\u00e9 2016","description":"Traitement de protection semi-permanent pour les surfaces en verre et en c\u00e9ramique. Hydrofuge - Anti-rayures - Anti-bact\u00e9rien. Nouvelles exclusives sur les produits 2016","robots":{"index":"index","follow":"follow","max-snippet":"max-snippet:-1","max-image-preview":"max-image-preview:large","max-video-preview":"max-video-preview:-1"},"canonical":"https:\/\/www.bagnoitalia.com\/fr\/produit\/traitement-anti-calcaire-semi-permanent-pour-les-carreaux-a-cristaux-sanitaires-carreaux-nano-instant-clean-news-2016.html","og_locale":"fr_FR","og_type":"article","og_title":"Traitement anti-calcaire semi-permanent pour verres, sanitaires, baignoires, carreaux NANO INSTANT CLEAN nouveaut\u00e9 2016","og_description":"Traitement de protection semi-permanent pour les surfaces en verre et en c\u00e9ramique. Hydrofuge - Anti-rayures - Anti-bact\u00e9rien. Nouvelles exclusives sur les produits 2016","og_url":"https:\/\/www.bagnoitalia.com\/fr\/produit\/traitement-anti-calcaire-semi-permanent-pour-les-carreaux-a-cristaux-sanitaires-carreaux-nano-instant-clean-news-2016.html","og_site_name":"Bagno Italia","article_modified_time":"2024-05-10T22:07:43+00:00","og_image":[{"width":640,"height":640,"url":"https:\/\/img.bagnoitalia.com\/wp-content\/uploads\/virtuemart\/product\/NEW-NA1.jpg","type":"image\/jpeg"}],"twitter_card":"summary_large_image","twitter_misc":{"Dur\u00e9e de lecture estim\u00e9e":"1 minute"},"schema":{"@context":"https:\/\/schema.org","@graph":[{"@type":"WebPage","@id":"https:\/\/www.bagnoitalia.com\/fr\/produit\/traitement-anti-calcaire-semi-permanent-pour-les-carreaux-a-cristaux-sanitaires-carreaux-nano-instant-clean-news-2016.html","url":"https:\/\/www.bagnoitalia.com\/fr\/produit\/traitement-anti-calcaire-semi-permanent-pour-les-carreaux-a-cristaux-sanitaires-carreaux-nano-instant-clean-news-2016.html","name":"Traitement anti-calcaire semi-permanent pour verres, sanitaires, baignoires, carreaux NANO INSTANT CLEAN nouveaut\u00e9 2016","isPartOf":{"@id":"https:\/\/www.bagnoitalia.com\/fr#website"},"primaryImageOfPage":{"@id":"https:\/\/www.bagnoitalia.com\/fr\/produit\/traitement-anti-calcaire-semi-permanent-pour-les-carreaux-a-cristaux-sanitaires-carreaux-nano-instant-clean-news-2016.html#primaryimage"},"image":{"@id":"https:\/\/www.bagnoitalia.com\/fr\/produit\/traitement-anti-calcaire-semi-permanent-pour-les-carreaux-a-cristaux-sanitaires-carreaux-nano-instant-clean-news-2016.html#primaryimage"},"thumbnailUrl":"https:\/\/img.bagnoitalia.com\/wp-content\/uploads\/virtuemart\/product\/NEW-NA1.jpg","datePublished":"2016-03-09T23:32:22+00:00","dateModified":"2024-05-10T22:07:43+00:00","description":"Traitement de protection semi-permanent pour les surfaces en verre et en c\u00e9ramique. Hydrofuge - Anti-rayures - Anti-bact\u00e9rien. Nouvelles exclusives sur les produits 2016","breadcrumb":{"@id":"https:\/\/www.bagnoitalia.com\/fr\/produit\/traitement-anti-calcaire-semi-permanent-pour-les-carreaux-a-cristaux-sanitaires-carreaux-nano-instant-clean-news-2016.html#breadcrumb"},"inLanguage":"fr-FR","potentialAction":[{"@type":"ReadAction","target":["https:\/\/www.bagnoitalia.com\/fr\/produit\/traitement-anti-calcaire-semi-permanent-pour-les-carreaux-a-cristaux-sanitaires-carreaux-nano-instant-clean-news-2016.html"]}]},{"@type":"ImageObject","inLanguage":"fr-FR","@id":"https:\/\/www.bagnoitalia.com\/fr\/produit\/traitement-anti-calcaire-semi-permanent-pour-les-carreaux-a-cristaux-sanitaires-carreaux-nano-instant-clean-news-2016.html#primaryimage","url":"https:\/\/img.bagnoitalia.com\/wp-content\/uploads\/virtuemart\/product\/NEW-NA1.jpg","contentUrl":"https:\/\/img.bagnoitalia.com\/wp-content\/uploads\/virtuemart\/product\/NEW-NA1.jpg","width":640,"height":640},{"@type":"BreadcrumbList","@id":"https:\/\/www.bagnoitalia.com\/fr\/produit\/traitement-anti-calcaire-semi-permanent-pour-les-carreaux-a-cristaux-sanitaires-carreaux-nano-instant-clean-news-2016.html#breadcrumb","itemListElement":[{"@type":"ListItem","position":1,"name":"Home","item":"https:\/\/www.bagnoitalia.com\/fr"},{"@type":"ListItem","position":2,"name":"Produits","item":"https:\/\/www.bagnoitalia.com\/fr\/shop"},{"@type":"ListItem","position":3,"name":"Traitement anti-calcaire semi-permanent pour verres, sanitaires, baignoires, carreaux NANO INSTANT CLEAN nouveaut\u00e9 2016"}]},{"@type":"WebSite","@id":"https:\/\/www.bagnoitalia.com\/fr#website","url":"https:\/\/www.bagnoitalia.com\/fr","name":"Bagno Italia","description":"","publisher":{"@id":"https:\/\/www.bagnoitalia.com\/fr#organization"},"potentialAction":[{"@type":"SearchAction","target":{"@type":"EntryPoint","urlTemplate":"https:\/\/www.bagnoitalia.com\/fr?s={search_term_string}"},"query-input":{"@type":"PropertyValueSpecification","valueRequired":true,"valueName":"search_term_string"}}],"inLanguage":"fr-FR"},{"@type":"Organization","@id":"https:\/\/www.bagnoitalia.com\/fr#organization","name":"Bagno Italia","url":"https:\/\/www.bagnoitalia.com\/fr","logo":{"@type":"ImageObject","inLanguage":"fr-FR","@id":"https:\/\/www.bagnoitalia.com\/fr#\/schema\/logo\/image\/","url":"https:\/\/img.bagnoitalia.com\/wp-content\/uploads\/logo-bagnoitalia.webp","contentUrl":"https:\/\/img.bagnoitalia.com\/wp-content\/uploads\/logo-bagnoitalia.webp","width":400,"height":70,"caption":"Bagno Italia"},"image":{"@id":"https:\/\/www.bagnoitalia.com\/fr#\/schema\/logo\/image\/"}}]}},"_links":{"self":[{"href":"https:\/\/www.bagnoitalia.com\/fr\/wp-json\/wp\/v2\/product\/79814","targetHints":{"allow":["GET"]}}],"collection":[{"href":"https:\/\/www.bagnoitalia.com\/fr\/wp-json\/wp\/v2\/product"}],"about":[{"href":"https:\/\/www.bagnoitalia.com\/fr\/wp-json\/wp\/v2\/types\/product"}],"replies":[{"embeddable":true,"href":"https:\/\/www.bagnoitalia.com\/fr\/wp-json\/wp\/v2\/comments?post=79814"}],"version-history":[{"count":0,"href":"https:\/\/www.bagnoitalia.com\/fr\/wp-json\/wp\/v2\/product\/79814\/revisions"}],"wp:featuredmedia":[{"embeddable":true,"href":"https:\/\/www.bagnoitalia.com\/fr\/wp-json\/wp\/v2\/media\/29250"}],"wp:attachment":[{"href":"https:\/\/www.bagnoitalia.com\/fr\/wp-json\/wp\/v2\/media?parent=79814"}],"wp:term":[{"taxonomy":"product_brand","embeddable":true,"href":"https:\/\/www.bagnoitalia.com\/fr\/wp-json\/wp\/v2\/product_brand?post=79814"},{"taxonomy":"product_cat","embeddable":true,"href":"https:\/\/www.bagnoitalia.com\/fr\/wp-json\/wp\/v2\/product_cat?post=79814"},{"taxonomy":"product_tag","embeddable":true,"href":"https:\/\/www.bagnoitalia.com\/fr\/wp-json\/wp\/v2\/product_tag?post=79814"}],"curies":[{"name":"wp","href":"https:\/\/api.w.org\/{rel}","templated":true}]}}