{"id":79806,"date":"2016-03-08T10:27:29","date_gmt":"2016-03-08T09:27:29","guid":{"rendered":"https:\/\/www.bagnoitalia.com\/product\/meuble-de-salle-de-bain-ultraplat-omega-80x35-ou-100x35-en-vitroceramique-blanc-brillant-ou-gris-taupe"},"modified":"2026-03-12T20:33:24","modified_gmt":"2026-03-12T19:33:24","slug":"meuble-de-salle-de-bain-ultraplat-omega-80x35-ou-100x35-en-vitroceramique-blanc-brillant-ou-gris-taupe","status":"publish","type":"product","link":"https:\/\/www.bagnoitalia.com\/fr\/produit\/meuble-de-salle-de-bain-ultraplat-omega-80x35-ou-100x35-en-vitroceramique-blanc-brillant-ou-gris-taupe.html","title":{"rendered":"Meuble de salle de bain ultra-mince Omega 80&#215;35 ou 100&#215;35 lavabo en c\u00e9ramique, blanc brillant ou gris taupe"},"content":{"rendered":"<p><strong style=\"background-color: inherit; color: inherit;\">Le prix comprend:<\/strong><\/p>\n<p>1 Meuble sous lavabo 80&#215;35,5x50H cm \u00e0 2 portes et 2 tiroirs; le meuble de 100 cm est \u00e0 3 portes et 2 tiroirs<\/p>\n<p>1 Lavabo en c\u00e9ramique 81&#215;36\u00a0cm<\/p>\n<p>il est possible d&rsquo;ajouter le miroir 80&#215;60 dans le menu sus-jacent ou en affichant la cat\u00e9gorie de gauche \u00ab\u00a0miroirs\u00a0\u00bb<\/p>\n<p>Applique au mur halog\u00e8ne: lumi\u00e8re chaude deux ampoules de 20 watts (40 watts au total)<\/p>\n<p>Applique au mur LED: lumi\u00e8re froide de 8 watts<\/p>\n<p>La profondeur du lavabo est d&rsquo;environ 13,5 cm.<\/p>\n<p>&nbsp;<\/p>\n<p><strong>Mat\u00e9riaux:<\/strong><\/p>\n<p>Structure en MDF laqu\u00e9<\/p>\n<p>Charni\u00e8res en m\u00e9tal<\/p>\n<p>Portes sans poign\u00e9es (ouverture facile gr\u00e2ce \u00e0 une fente sup\u00e9rieure)<\/p>\n<p>Portes et tiroirs \u00e0 fermeture amortie<\/p>\n<p>Meuble, d\u2019une profondeur de 35,5 cm seulement, adapt\u00e9 aux petits espaces, ce produit s\u2019av\u00e8re \u00eatre le meuble le moins profond de toute notre gamme.<\/p>\n","protected":false},"excerpt":{"rendered":"<p>Meuble de salle de bain Omega ultra-mince (seulement 35 cm de profondeur) disponible en blanc brillant et gris taupe<\/p>\n","protected":false},"featured_media":97822,"comment_status":"open","ping_status":"closed","template":"","meta":[],"product_brand":[9897],"product_cat":[9961,9719],"product_tag":[],"class_list":{"0":"post-79806","1":"product","2":"type-product","3":"status-publish","4":"has-post-thumbnail","6":"product_brand-baden-haus-fr","7":"product_cat-showroom-fr","8":"product_cat-meubles-de-salle-de-bain-de-71-a-100-cm","10":"first","11":"instock","12":"sale","13":"taxable","14":"shipping-taxable","15":"purchasable","16":"product-type-simple"},"exclude_global_add_ons":false,"addons":[{"name":"Type","type":"multiple_choice","position":0,"required":true,"title_format":"heading","default":"","description_enable":false,"description":"","placeholder_enable":false,"placeholder":"","display":"select","restrictions_type":"any_text","adjust_price":false,"price":"","price_type":"flat_fee","restrictions":false,"min":"0","max":"0","options":[{"label":"cm 80","price":"","price_type":"quantity_based","image":0,"visibility":true},{"label":"cm 100","price":"70","price_type":"quantity_based","image":0,"visibility":true}],"id":1716996545},{"name":"Couleur de l'armoire","type":"multiple_choice","position":1,"required":true,"title_format":"heading","default":"","description_enable":false,"description":"","placeholder_enable":false,"placeholder":"","display":"select","restrictions_type":"any_text","adjust_price":false,"price":"","price_type":"flat_fee","restrictions":false,"min":"0","max":"0","options":[{"label":"Blanc brillant","price":"","price_type":"quantity_based","image":0,"visibility":true},{"label":"Gris taupe","price":"","price_type":"quantity_based","image":0,"visibility":true}],"id":1716996546},{"name":"Miroir","type":"multiple_choice","position":2,"required":true,"title_format":"heading","default":"","description_enable":false,"description":"","placeholder_enable":false,"placeholder":"","display":"select","restrictions_type":"any_text","adjust_price":false,"price":"","price_type":"flat_fee","restrictions":false,"min":"0","max":"0","options":[{"label":"non","price":"","price_type":"quantity_based","image":0,"visibility":true},{"label":"80x60 avec applique LED chrom\u00e9e","price":"65","price_type":"quantity_based","image":0,"visibility":true},{"label":"80x60 avec applique LED noire","price":"65","price_type":"flat_fee","image":0,"visibility":true}],"id":1716996547},{"name":"Colonne","type":"multiple_choice","position":3,"required":true,"title_format":"heading","default":"","description_enable":false,"description":"","placeholder_enable":false,"placeholder":"","display":"select","restrictions_type":"any_text","adjust_price":false,"price":"","price_type":"flat_fee","restrictions":false,"min":"0","max":"0","options":[{"label":"non","price":"","price_type":"quantity_based","image":0,"visibility":true},{"label":"1 colonne 35x20xH140 cm","price":"179","price_type":"quantity_based","image":0,"visibility":true}],"id":1716996548}],"yoast_head":"<!-- This site is optimized with the Yoast SEO plugin v26.7 - https:\/\/yoast.com\/wordpress\/plugins\/seo\/ -->\n<title>Meuble de salle de bain ultra-mince Omega 80x35 ou 100x35 lavabo en c\u00e9ramique, blanc brillant ou gris taupe<\/title>\n<meta name=\"description\" content=\"Giulia armoire de salle de bains avec une profondeur r\u00e9duite de 35 cm couleurs disponibles blanc brillant et gris taupe\" \/>\n<meta name=\"robots\" content=\"index, follow, max-snippet:-1, max-image-preview:large, max-video-preview:-1\" \/>\n<link rel=\"canonical\" href=\"https:\/\/www.bagnoitalia.com\/fr\/produit\/meuble-de-salle-de-bain-ultraplat-omega-80x35-ou-100x35-en-vitroceramique-blanc-brillant-ou-gris-taupe.html\" \/>\n<meta property=\"og:locale\" content=\"fr_FR\" \/>\n<meta property=\"og:type\" content=\"article\" \/>\n<meta property=\"og:title\" content=\"Meuble de salle de bain ultra-mince Omega 80x35 ou 100x35 lavabo en c\u00e9ramique, blanc brillant ou gris taupe\" \/>\n<meta property=\"og:description\" content=\"Giulia armoire de salle de bains avec une profondeur r\u00e9duite de 35 cm couleurs disponibles blanc brillant et gris taupe\" \/>\n<meta property=\"og:url\" content=\"https:\/\/www.bagnoitalia.com\/fr\/produit\/meuble-de-salle-de-bain-ultraplat-omega-80x35-ou-100x35-en-vitroceramique-blanc-brillant-ou-gris-taupe.html\" \/>\n<meta property=\"og:site_name\" content=\"Bagno Italia\" \/>\n<meta property=\"article:modified_time\" content=\"2026-03-12T19:33:24+00:00\" \/>\n<meta property=\"og:image\" content=\"https:\/\/img.bagnoitalia.com\/wp-content\/uploads\/1-56.webp\" \/>\n\t<meta property=\"og:image:width\" content=\"550\" \/>\n\t<meta property=\"og:image:height\" content=\"550\" \/>\n\t<meta property=\"og:image:type\" content=\"image\/webp\" \/>\n<meta name=\"twitter:card\" content=\"summary_large_image\" \/>\n<meta name=\"twitter:label1\" content=\"Dur\u00e9e de lecture estim\u00e9e\" \/>\n\t<meta name=\"twitter:data1\" content=\"1 minute\" \/>\n<script type=\"application\/ld+json\" class=\"yoast-schema-graph\">{\"@context\":\"https:\/\/schema.org\",\"@graph\":[{\"@type\":\"WebPage\",\"@id\":\"https:\/\/www.bagnoitalia.com\/fr\/produit\/meuble-de-salle-de-bain-ultraplat-omega-80x35-ou-100x35-en-vitroceramique-blanc-brillant-ou-gris-taupe.html\",\"url\":\"https:\/\/www.bagnoitalia.com\/fr\/produit\/meuble-de-salle-de-bain-ultraplat-omega-80x35-ou-100x35-en-vitroceramique-blanc-brillant-ou-gris-taupe.html\",\"name\":\"Meuble de salle de bain ultra-mince Omega 80x35 ou 100x35 lavabo en c\u00e9ramique, blanc brillant ou gris taupe\",\"isPartOf\":{\"@id\":\"https:\/\/www.bagnoitalia.com\/fr#website\"},\"primaryImageOfPage\":{\"@id\":\"https:\/\/www.bagnoitalia.com\/fr\/produit\/meuble-de-salle-de-bain-ultraplat-omega-80x35-ou-100x35-en-vitroceramique-blanc-brillant-ou-gris-taupe.html#primaryimage\"},\"image\":{\"@id\":\"https:\/\/www.bagnoitalia.com\/fr\/produit\/meuble-de-salle-de-bain-ultraplat-omega-80x35-ou-100x35-en-vitroceramique-blanc-brillant-ou-gris-taupe.html#primaryimage\"},\"thumbnailUrl\":\"https:\/\/img.bagnoitalia.com\/wp-content\/uploads\/1-56.webp\",\"datePublished\":\"2016-03-08T09:27:29+00:00\",\"dateModified\":\"2026-03-12T19:33:24+00:00\",\"description\":\"Giulia armoire de salle de bains avec une profondeur r\u00e9duite de 35 cm couleurs disponibles blanc brillant et gris taupe\",\"breadcrumb\":{\"@id\":\"https:\/\/www.bagnoitalia.com\/fr\/produit\/meuble-de-salle-de-bain-ultraplat-omega-80x35-ou-100x35-en-vitroceramique-blanc-brillant-ou-gris-taupe.html#breadcrumb\"},\"inLanguage\":\"fr-FR\",\"potentialAction\":[{\"@type\":\"ReadAction\",\"target\":[\"https:\/\/www.bagnoitalia.com\/fr\/produit\/meuble-de-salle-de-bain-ultraplat-omega-80x35-ou-100x35-en-vitroceramique-blanc-brillant-ou-gris-taupe.html\"]}]},{\"@type\":\"ImageObject\",\"inLanguage\":\"fr-FR\",\"@id\":\"https:\/\/www.bagnoitalia.com\/fr\/produit\/meuble-de-salle-de-bain-ultraplat-omega-80x35-ou-100x35-en-vitroceramique-blanc-brillant-ou-gris-taupe.html#primaryimage\",\"url\":\"https:\/\/img.bagnoitalia.com\/wp-content\/uploads\/1-56.webp\",\"contentUrl\":\"https:\/\/img.bagnoitalia.com\/wp-content\/uploads\/1-56.webp\",\"width\":550,\"height\":550},{\"@type\":\"BreadcrumbList\",\"@id\":\"https:\/\/www.bagnoitalia.com\/fr\/produit\/meuble-de-salle-de-bain-ultraplat-omega-80x35-ou-100x35-en-vitroceramique-blanc-brillant-ou-gris-taupe.html#breadcrumb\",\"itemListElement\":[{\"@type\":\"ListItem\",\"position\":1,\"name\":\"Home\",\"item\":\"https:\/\/www.bagnoitalia.com\/fr\"},{\"@type\":\"ListItem\",\"position\":2,\"name\":\"Produits\",\"item\":\"https:\/\/www.bagnoitalia.com\/fr\/shop\"},{\"@type\":\"ListItem\",\"position\":3,\"name\":\"Meuble de salle de bain ultra-mince Omega 80&#215;35 ou 100&#215;35 lavabo en c\u00e9ramique, blanc brillant ou gris taupe\"}]},{\"@type\":\"WebSite\",\"@id\":\"https:\/\/www.bagnoitalia.com\/fr#website\",\"url\":\"https:\/\/www.bagnoitalia.com\/fr\",\"name\":\"Bagno Italia\",\"description\":\"\",\"publisher\":{\"@id\":\"https:\/\/www.bagnoitalia.com\/fr#organization\"},\"potentialAction\":[{\"@type\":\"SearchAction\",\"target\":{\"@type\":\"EntryPoint\",\"urlTemplate\":\"https:\/\/www.bagnoitalia.com\/fr?s={search_term_string}\"},\"query-input\":{\"@type\":\"PropertyValueSpecification\",\"valueRequired\":true,\"valueName\":\"search_term_string\"}}],\"inLanguage\":\"fr-FR\"},{\"@type\":\"Organization\",\"@id\":\"https:\/\/www.bagnoitalia.com\/fr#organization\",\"name\":\"Bagno Italia\",\"url\":\"https:\/\/www.bagnoitalia.com\/fr\",\"logo\":{\"@type\":\"ImageObject\",\"inLanguage\":\"fr-FR\",\"@id\":\"https:\/\/www.bagnoitalia.com\/fr#\/schema\/logo\/image\/\",\"url\":\"https:\/\/img.bagnoitalia.com\/wp-content\/uploads\/logo-bagnoitalia.webp\",\"contentUrl\":\"https:\/\/img.bagnoitalia.com\/wp-content\/uploads\/logo-bagnoitalia.webp\",\"width\":400,\"height\":70,\"caption\":\"Bagno Italia\"},\"image\":{\"@id\":\"https:\/\/www.bagnoitalia.com\/fr#\/schema\/logo\/image\/\"}}]}<\/script>\n<!-- \/ Yoast SEO plugin. -->","yoast_head_json":{"title":"Meuble de salle de bain ultra-mince Omega 80x35 ou 100x35 lavabo en c\u00e9ramique, blanc brillant ou gris taupe","description":"Giulia armoire de salle de bains avec une profondeur r\u00e9duite de 35 cm couleurs disponibles blanc brillant et gris taupe","robots":{"index":"index","follow":"follow","max-snippet":"max-snippet:-1","max-image-preview":"max-image-preview:large","max-video-preview":"max-video-preview:-1"},"canonical":"https:\/\/www.bagnoitalia.com\/fr\/produit\/meuble-de-salle-de-bain-ultraplat-omega-80x35-ou-100x35-en-vitroceramique-blanc-brillant-ou-gris-taupe.html","og_locale":"fr_FR","og_type":"article","og_title":"Meuble de salle de bain ultra-mince Omega 80x35 ou 100x35 lavabo en c\u00e9ramique, blanc brillant ou gris taupe","og_description":"Giulia armoire de salle de bains avec une profondeur r\u00e9duite de 35 cm couleurs disponibles blanc brillant et gris taupe","og_url":"https:\/\/www.bagnoitalia.com\/fr\/produit\/meuble-de-salle-de-bain-ultraplat-omega-80x35-ou-100x35-en-vitroceramique-blanc-brillant-ou-gris-taupe.html","og_site_name":"Bagno Italia","article_modified_time":"2026-03-12T19:33:24+00:00","og_image":[{"width":550,"height":550,"url":"https:\/\/img.bagnoitalia.com\/wp-content\/uploads\/1-56.webp","type":"image\/webp"}],"twitter_card":"summary_large_image","twitter_misc":{"Dur\u00e9e de lecture estim\u00e9e":"1 minute"},"schema":{"@context":"https:\/\/schema.org","@graph":[{"@type":"WebPage","@id":"https:\/\/www.bagnoitalia.com\/fr\/produit\/meuble-de-salle-de-bain-ultraplat-omega-80x35-ou-100x35-en-vitroceramique-blanc-brillant-ou-gris-taupe.html","url":"https:\/\/www.bagnoitalia.com\/fr\/produit\/meuble-de-salle-de-bain-ultraplat-omega-80x35-ou-100x35-en-vitroceramique-blanc-brillant-ou-gris-taupe.html","name":"Meuble de salle de bain ultra-mince Omega 80x35 ou 100x35 lavabo en c\u00e9ramique, blanc brillant ou gris taupe","isPartOf":{"@id":"https:\/\/www.bagnoitalia.com\/fr#website"},"primaryImageOfPage":{"@id":"https:\/\/www.bagnoitalia.com\/fr\/produit\/meuble-de-salle-de-bain-ultraplat-omega-80x35-ou-100x35-en-vitroceramique-blanc-brillant-ou-gris-taupe.html#primaryimage"},"image":{"@id":"https:\/\/www.bagnoitalia.com\/fr\/produit\/meuble-de-salle-de-bain-ultraplat-omega-80x35-ou-100x35-en-vitroceramique-blanc-brillant-ou-gris-taupe.html#primaryimage"},"thumbnailUrl":"https:\/\/img.bagnoitalia.com\/wp-content\/uploads\/1-56.webp","datePublished":"2016-03-08T09:27:29+00:00","dateModified":"2026-03-12T19:33:24+00:00","description":"Giulia armoire de salle de bains avec une profondeur r\u00e9duite de 35 cm couleurs disponibles blanc brillant et gris taupe","breadcrumb":{"@id":"https:\/\/www.bagnoitalia.com\/fr\/produit\/meuble-de-salle-de-bain-ultraplat-omega-80x35-ou-100x35-en-vitroceramique-blanc-brillant-ou-gris-taupe.html#breadcrumb"},"inLanguage":"fr-FR","potentialAction":[{"@type":"ReadAction","target":["https:\/\/www.bagnoitalia.com\/fr\/produit\/meuble-de-salle-de-bain-ultraplat-omega-80x35-ou-100x35-en-vitroceramique-blanc-brillant-ou-gris-taupe.html"]}]},{"@type":"ImageObject","inLanguage":"fr-FR","@id":"https:\/\/www.bagnoitalia.com\/fr\/produit\/meuble-de-salle-de-bain-ultraplat-omega-80x35-ou-100x35-en-vitroceramique-blanc-brillant-ou-gris-taupe.html#primaryimage","url":"https:\/\/img.bagnoitalia.com\/wp-content\/uploads\/1-56.webp","contentUrl":"https:\/\/img.bagnoitalia.com\/wp-content\/uploads\/1-56.webp","width":550,"height":550},{"@type":"BreadcrumbList","@id":"https:\/\/www.bagnoitalia.com\/fr\/produit\/meuble-de-salle-de-bain-ultraplat-omega-80x35-ou-100x35-en-vitroceramique-blanc-brillant-ou-gris-taupe.html#breadcrumb","itemListElement":[{"@type":"ListItem","position":1,"name":"Home","item":"https:\/\/www.bagnoitalia.com\/fr"},{"@type":"ListItem","position":2,"name":"Produits","item":"https:\/\/www.bagnoitalia.com\/fr\/shop"},{"@type":"ListItem","position":3,"name":"Meuble de salle de bain ultra-mince Omega 80&#215;35 ou 100&#215;35 lavabo en c\u00e9ramique, blanc brillant ou gris taupe"}]},{"@type":"WebSite","@id":"https:\/\/www.bagnoitalia.com\/fr#website","url":"https:\/\/www.bagnoitalia.com\/fr","name":"Bagno Italia","description":"","publisher":{"@id":"https:\/\/www.bagnoitalia.com\/fr#organization"},"potentialAction":[{"@type":"SearchAction","target":{"@type":"EntryPoint","urlTemplate":"https:\/\/www.bagnoitalia.com\/fr?s={search_term_string}"},"query-input":{"@type":"PropertyValueSpecification","valueRequired":true,"valueName":"search_term_string"}}],"inLanguage":"fr-FR"},{"@type":"Organization","@id":"https:\/\/www.bagnoitalia.com\/fr#organization","name":"Bagno Italia","url":"https:\/\/www.bagnoitalia.com\/fr","logo":{"@type":"ImageObject","inLanguage":"fr-FR","@id":"https:\/\/www.bagnoitalia.com\/fr#\/schema\/logo\/image\/","url":"https:\/\/img.bagnoitalia.com\/wp-content\/uploads\/logo-bagnoitalia.webp","contentUrl":"https:\/\/img.bagnoitalia.com\/wp-content\/uploads\/logo-bagnoitalia.webp","width":400,"height":70,"caption":"Bagno Italia"},"image":{"@id":"https:\/\/www.bagnoitalia.com\/fr#\/schema\/logo\/image\/"}}]}},"_links":{"self":[{"href":"https:\/\/www.bagnoitalia.com\/fr\/wp-json\/wp\/v2\/product\/79806","targetHints":{"allow":["GET"]}}],"collection":[{"href":"https:\/\/www.bagnoitalia.com\/fr\/wp-json\/wp\/v2\/product"}],"about":[{"href":"https:\/\/www.bagnoitalia.com\/fr\/wp-json\/wp\/v2\/types\/product"}],"replies":[{"embeddable":true,"href":"https:\/\/www.bagnoitalia.com\/fr\/wp-json\/wp\/v2\/comments?post=79806"}],"version-history":[{"count":1,"href":"https:\/\/www.bagnoitalia.com\/fr\/wp-json\/wp\/v2\/product\/79806\/revisions"}],"predecessor-version":[{"id":88840,"href":"https:\/\/www.bagnoitalia.com\/fr\/wp-json\/wp\/v2\/product\/79806\/revisions\/88840"}],"wp:featuredmedia":[{"embeddable":true,"href":"https:\/\/www.bagnoitalia.com\/fr\/wp-json\/wp\/v2\/media\/97822"}],"wp:attachment":[{"href":"https:\/\/www.bagnoitalia.com\/fr\/wp-json\/wp\/v2\/media?parent=79806"}],"wp:term":[{"taxonomy":"product_brand","embeddable":true,"href":"https:\/\/www.bagnoitalia.com\/fr\/wp-json\/wp\/v2\/product_brand?post=79806"},{"taxonomy":"product_cat","embeddable":true,"href":"https:\/\/www.bagnoitalia.com\/fr\/wp-json\/wp\/v2\/product_cat?post=79806"},{"taxonomy":"product_tag","embeddable":true,"href":"https:\/\/www.bagnoitalia.com\/fr\/wp-json\/wp\/v2\/product_tag?post=79806"}],"curies":[{"name":"wp","href":"https:\/\/api.w.org\/{rel}","templated":true}]}}