{"id":79794,"date":"2016-03-03T15:47:43","date_gmt":"2016-03-03T14:47:43","guid":{"rendered":"https:\/\/www.bagnoitalia.com\/product\/climatiseur-inverter-monosplit-de-9000-a-24000-btu-classe-energetique-aa"},"modified":"2024-06-03T15:59:01","modified_gmt":"2024-06-03T13:59:01","slug":"climatiseur-inverter-monosplit-de-9000-a-24000-btu-classe-energetique-aa","status":"publish","type":"product","link":"https:\/\/www.bagnoitalia.com\/fr\/produit\/climatiseur-inverter-monosplit-de-9000-a-24000-btu-classe-energetique-aa.html","title":{"rendered":"Climatiseur monosplit inverter de 9000 \u00e0 24000 BTU classe \u00e9nerg\u00e9tique AA"},"content":{"rendered":"<p><span style=\"text-decoration: underline;\"><strong><span style=\"font-size: 12pt;\">Climatiseur inverter monosplit disponible de 9 000 \u00e0 24 000 BTU<\/span><\/strong><\/span><\/p>\n<p><span style=\"font-size: 12pt;\"><strong>Caract\u00e9ristiques:<\/strong><\/span><\/p>\n<ul>\n<li><span style=\"font-size: 14pt; font-family: arial black,avant garde;\">Mod\u00e8les disponibles en deux versions: Inverter ou Mega Inverter<br \/>\n<\/span><\/li>\n<li><span style=\"font-family: arial black,avant garde; font-size: 14pt;\">Unit\u00e9 ext\u00e9rieure incluse<\/span><\/li>\n<li style=\"margin-bottom: 0cm; font-weight: normal;\"><span style=\"color: #000000; font-size: 14pt; font-family: arial black,avant garde;\">Pompe \u00e0 chaleur<\/span><\/li>\n<li style=\"margin-bottom: 0cm; font-weight: normal;\"><span style=\"color: #000000; font-size: 14pt; font-family: arial black,avant garde;\">Gaz \u00e9cologique r410a<\/span><\/li>\n<li style=\"margin-bottom: 0cm; font-weight: normal;\"><span style=\"color: #000000; font-size: 14pt; font-family: arial black,avant garde;\">Classe \u00e9cologique A ++<br \/>\n<\/span><\/li>\n<li style=\"margin-bottom: 0cm; font-weight: normal;\"><span style=\"color: #000000; font-size: 14pt; font-family: arial black,avant garde;\">Auto start<br \/>\n<\/span><\/li>\n<li><span style=\"font-size: 14pt; color: #000000; font-family: arial black,avant garde;\">\u00c9cran avec indicateur de temp\u00e9rature<\/span><\/li>\n<li><span style=\"font-size: 14pt; color: #000000; font-family: arial black,avant garde;\">Conditionneur \u00e9quip\u00e9 d&rsquo;une minuterie avec allumage et\u00a0<a class=\"link_highlighted\" style=\"color: #000000;\" href=\"https:\/\/context.reverso.net\/traduzione\/francese-italiano\/arr%C3%AAt\" rel=\"nofollow\">arr\u00eat<\/a>\u00a0quotidien<\/span><\/li>\n<li><span style=\"font-size: 14pt; color: #000000; font-family: arial black,avant garde;\">T\u00e9l\u00e9commande avec thermostat suppl\u00e9mentaire pour le contr\u00f4le de la temp\u00e9rature d\u00e9localisable<\/span><\/li>\n<\/ul>\n<p><img fetchpriority=\"high\" decoding=\"async\" class=\" size-full wp-image-29074\" src=\"https:\/\/img.bagnoitalia.com\/wp-content\/uploads\/cond_fgfre34geg7.jpg\" alt=\"\" width=\"531\" height=\"478\" srcset=\"https:\/\/img.bagnoitalia.com\/wp-content\/uploads\/cond_fgfre34geg7.jpg 531w, https:\/\/img.bagnoitalia.com\/wp-content\/uploads\/cond_fgfre34geg7-441x397.jpg 441w, https:\/\/img.bagnoitalia.com\/wp-content\/uploads\/cond_fgfre34geg7-150x135.jpg 150w\" sizes=\"(max-width: 531px) 100vw, 531px\" \/><\/p>\n<p>________________________________________________________________________________________<\/p>\n<p><img decoding=\"async\" class=\" size-full wp-image-29078\" src=\"https:\/\/img.bagnoitalia.com\/wp-content\/uploads\/cond_fgfre34geg8.jpg\" alt=\"\" width=\"507\" height=\"506\" srcset=\"https:\/\/img.bagnoitalia.com\/wp-content\/uploads\/cond_fgfre34geg8.jpg 507w, https:\/\/img.bagnoitalia.com\/wp-content\/uploads\/cond_fgfre34geg8-441x440.jpg 441w, https:\/\/img.bagnoitalia.com\/wp-content\/uploads\/cond_fgfre34geg8-100x100.jpg 100w, https:\/\/img.bagnoitalia.com\/wp-content\/uploads\/cond_fgfre34geg8-150x150.jpg 150w\" sizes=\"(max-width: 507px) 100vw, 507px\" \/><\/p>\n","protected":false},"excerpt":{"rendered":"<p>Climatiseur monosplit inverter disponible de 9000 \u00e0 24000 BTU classe \u00e9nerg\u00e9tique A ++<\/p>\n","protected":false},"featured_media":29050,"comment_status":"open","ping_status":"closed","template":"","meta":[],"product_brand":[5004],"product_cat":[9779],"product_tag":[],"class_list":{"0":"post-79794","1":"product","2":"type-product","3":"status-publish","4":"has-post-thumbnail","6":"product_brand-vari-produttori","7":"product_cat-conditionneurs","9":"first","10":"instock","11":"sale","12":"taxable","13":"shipping-taxable","14":"purchasable","15":"product-type-simple"},"exclude_global_add_ons":false,"addons":[{"name":"Typologie","type":"multiple_choice","position":0,"required":true,"title_format":"heading","default":"","description_enable":false,"description":"","placeholder_enable":false,"placeholder":"","display":"select","restrictions_type":"any_text","adjust_price":false,"price":"","price_type":"flat_fee","restrictions":false,"min":"0","max":"0","options":[{"label":"9000 BTU inverter","price":"","price_type":"quantity_based","image":0,"visibility":true},{"label":"12000 BTU inverter","price":"32","price_type":"quantity_based","image":0,"visibility":true},{"label":"18000 BTU inverter","price":"318","price_type":"quantity_based","image":0,"visibility":true},{"label":"24000 BTU inverter","price":"492","price_type":"quantity_based","image":0,"visibility":true},{"label":"9000 BTU Mega inverter","price":"87","price_type":"quantity_based","image":0,"visibility":true},{"label":"12000 BTU Mega inverter","price":"119","price_type":"quantity_based","image":0,"visibility":true},{"label":"18000 BTU Mega inverter","price":"389","price_type":"quantity_based","image":0,"visibility":true},{"label":"24000 BTU Mega inverter","price":"627","price_type":"quantity_based","image":0,"visibility":true}],"id":1717430342}],"yoast_head":"<!-- This site is optimized with the Yoast SEO plugin v26.7 - https:\/\/yoast.com\/wordpress\/plugins\/seo\/ -->\n<title>Climatiseur monosplit inverter de 9000 \u00e0 24000 BTU classe \u00e9nerg\u00e9tique AA<\/title>\n<meta name=\"description\" content=\"Climatiseur inverter monosplit disponible de 9000 \u00e0 24000 BTU classe \u00e9nerg\u00e9tique A ++\" \/>\n<meta name=\"robots\" content=\"index, follow, max-snippet:-1, max-image-preview:large, max-video-preview:-1\" \/>\n<link rel=\"canonical\" href=\"https:\/\/www.bagnoitalia.com\/fr\/produit\/climatiseur-inverter-monosplit-de-9000-a-24000-btu-classe-energetique-aa.html\" \/>\n<meta property=\"og:locale\" content=\"fr_FR\" \/>\n<meta property=\"og:type\" content=\"article\" \/>\n<meta property=\"og:title\" content=\"Climatiseur monosplit inverter de 9000 \u00e0 24000 BTU classe \u00e9nerg\u00e9tique AA\" \/>\n<meta property=\"og:description\" content=\"Climatiseur inverter monosplit disponible de 9000 \u00e0 24000 BTU classe \u00e9nerg\u00e9tique A ++\" \/>\n<meta property=\"og:url\" content=\"https:\/\/www.bagnoitalia.com\/fr\/produit\/climatiseur-inverter-monosplit-de-9000-a-24000-btu-classe-energetique-aa.html\" \/>\n<meta property=\"og:site_name\" content=\"Bagno Italia\" \/>\n<meta property=\"article:modified_time\" content=\"2024-06-03T13:59:01+00:00\" \/>\n<meta property=\"og:image\" content=\"https:\/\/img.bagnoitalia.com\/wp-content\/uploads\/virtuemart\/product\/Monosplit-inverter-air-conditioner-1_1542821150_847.jpg\" \/>\n\t<meta property=\"og:image:width\" content=\"553\" \/>\n\t<meta property=\"og:image:height\" content=\"548\" \/>\n\t<meta property=\"og:image:type\" content=\"image\/jpeg\" \/>\n<meta name=\"twitter:card\" content=\"summary_large_image\" \/>\n<meta name=\"twitter:label1\" content=\"Dur\u00e9e de lecture estim\u00e9e\" \/>\n\t<meta name=\"twitter:data1\" content=\"1 minute\" \/>\n<script type=\"application\/ld+json\" class=\"yoast-schema-graph\">{\"@context\":\"https:\/\/schema.org\",\"@graph\":[{\"@type\":\"WebPage\",\"@id\":\"https:\/\/www.bagnoitalia.com\/fr\/produit\/climatiseur-inverter-monosplit-de-9000-a-24000-btu-classe-energetique-aa.html\",\"url\":\"https:\/\/www.bagnoitalia.com\/fr\/produit\/climatiseur-inverter-monosplit-de-9000-a-24000-btu-classe-energetique-aa.html\",\"name\":\"Climatiseur monosplit inverter de 9000 \u00e0 24000 BTU classe \u00e9nerg\u00e9tique AA\",\"isPartOf\":{\"@id\":\"https:\/\/www.bagnoitalia.com\/fr#website\"},\"primaryImageOfPage\":{\"@id\":\"https:\/\/www.bagnoitalia.com\/fr\/produit\/climatiseur-inverter-monosplit-de-9000-a-24000-btu-classe-energetique-aa.html#primaryimage\"},\"image\":{\"@id\":\"https:\/\/www.bagnoitalia.com\/fr\/produit\/climatiseur-inverter-monosplit-de-9000-a-24000-btu-classe-energetique-aa.html#primaryimage\"},\"thumbnailUrl\":\"https:\/\/img.bagnoitalia.com\/wp-content\/uploads\/virtuemart\/product\/Monosplit-inverter-air-conditioner-1_1542821150_847.jpg\",\"datePublished\":\"2016-03-03T14:47:43+00:00\",\"dateModified\":\"2024-06-03T13:59:01+00:00\",\"description\":\"Climatiseur inverter monosplit disponible de 9000 \u00e0 24000 BTU classe \u00e9nerg\u00e9tique A ++\",\"breadcrumb\":{\"@id\":\"https:\/\/www.bagnoitalia.com\/fr\/produit\/climatiseur-inverter-monosplit-de-9000-a-24000-btu-classe-energetique-aa.html#breadcrumb\"},\"inLanguage\":\"fr-FR\",\"potentialAction\":[{\"@type\":\"ReadAction\",\"target\":[\"https:\/\/www.bagnoitalia.com\/fr\/produit\/climatiseur-inverter-monosplit-de-9000-a-24000-btu-classe-energetique-aa.html\"]}]},{\"@type\":\"ImageObject\",\"inLanguage\":\"fr-FR\",\"@id\":\"https:\/\/www.bagnoitalia.com\/fr\/produit\/climatiseur-inverter-monosplit-de-9000-a-24000-btu-classe-energetique-aa.html#primaryimage\",\"url\":\"https:\/\/img.bagnoitalia.com\/wp-content\/uploads\/virtuemart\/product\/Monosplit-inverter-air-conditioner-1_1542821150_847.jpg\",\"contentUrl\":\"https:\/\/img.bagnoitalia.com\/wp-content\/uploads\/virtuemart\/product\/Monosplit-inverter-air-conditioner-1_1542821150_847.jpg\",\"width\":553,\"height\":548},{\"@type\":\"BreadcrumbList\",\"@id\":\"https:\/\/www.bagnoitalia.com\/fr\/produit\/climatiseur-inverter-monosplit-de-9000-a-24000-btu-classe-energetique-aa.html#breadcrumb\",\"itemListElement\":[{\"@type\":\"ListItem\",\"position\":1,\"name\":\"Home\",\"item\":\"https:\/\/www.bagnoitalia.com\/fr\"},{\"@type\":\"ListItem\",\"position\":2,\"name\":\"Produits\",\"item\":\"https:\/\/www.bagnoitalia.com\/fr\/shop\"},{\"@type\":\"ListItem\",\"position\":3,\"name\":\"Climatiseur monosplit inverter de 9000 \u00e0 24000 BTU classe \u00e9nerg\u00e9tique AA\"}]},{\"@type\":\"WebSite\",\"@id\":\"https:\/\/www.bagnoitalia.com\/fr#website\",\"url\":\"https:\/\/www.bagnoitalia.com\/fr\",\"name\":\"Bagno Italia\",\"description\":\"\",\"publisher\":{\"@id\":\"https:\/\/www.bagnoitalia.com\/fr#organization\"},\"potentialAction\":[{\"@type\":\"SearchAction\",\"target\":{\"@type\":\"EntryPoint\",\"urlTemplate\":\"https:\/\/www.bagnoitalia.com\/fr?s={search_term_string}\"},\"query-input\":{\"@type\":\"PropertyValueSpecification\",\"valueRequired\":true,\"valueName\":\"search_term_string\"}}],\"inLanguage\":\"fr-FR\"},{\"@type\":\"Organization\",\"@id\":\"https:\/\/www.bagnoitalia.com\/fr#organization\",\"name\":\"Bagno Italia\",\"url\":\"https:\/\/www.bagnoitalia.com\/fr\",\"logo\":{\"@type\":\"ImageObject\",\"inLanguage\":\"fr-FR\",\"@id\":\"https:\/\/www.bagnoitalia.com\/fr#\/schema\/logo\/image\/\",\"url\":\"https:\/\/img.bagnoitalia.com\/wp-content\/uploads\/logo-bagnoitalia.webp\",\"contentUrl\":\"https:\/\/img.bagnoitalia.com\/wp-content\/uploads\/logo-bagnoitalia.webp\",\"width\":400,\"height\":70,\"caption\":\"Bagno Italia\"},\"image\":{\"@id\":\"https:\/\/www.bagnoitalia.com\/fr#\/schema\/logo\/image\/\"}}]}<\/script>\n<!-- \/ Yoast SEO plugin. -->","yoast_head_json":{"title":"Climatiseur monosplit inverter de 9000 \u00e0 24000 BTU classe \u00e9nerg\u00e9tique AA","description":"Climatiseur inverter monosplit disponible de 9000 \u00e0 24000 BTU classe \u00e9nerg\u00e9tique A ++","robots":{"index":"index","follow":"follow","max-snippet":"max-snippet:-1","max-image-preview":"max-image-preview:large","max-video-preview":"max-video-preview:-1"},"canonical":"https:\/\/www.bagnoitalia.com\/fr\/produit\/climatiseur-inverter-monosplit-de-9000-a-24000-btu-classe-energetique-aa.html","og_locale":"fr_FR","og_type":"article","og_title":"Climatiseur monosplit inverter de 9000 \u00e0 24000 BTU classe \u00e9nerg\u00e9tique AA","og_description":"Climatiseur inverter monosplit disponible de 9000 \u00e0 24000 BTU classe \u00e9nerg\u00e9tique A ++","og_url":"https:\/\/www.bagnoitalia.com\/fr\/produit\/climatiseur-inverter-monosplit-de-9000-a-24000-btu-classe-energetique-aa.html","og_site_name":"Bagno Italia","article_modified_time":"2024-06-03T13:59:01+00:00","og_image":[{"width":553,"height":548,"url":"https:\/\/img.bagnoitalia.com\/wp-content\/uploads\/virtuemart\/product\/Monosplit-inverter-air-conditioner-1_1542821150_847.jpg","type":"image\/jpeg"}],"twitter_card":"summary_large_image","twitter_misc":{"Dur\u00e9e de lecture estim\u00e9e":"1 minute"},"schema":{"@context":"https:\/\/schema.org","@graph":[{"@type":"WebPage","@id":"https:\/\/www.bagnoitalia.com\/fr\/produit\/climatiseur-inverter-monosplit-de-9000-a-24000-btu-classe-energetique-aa.html","url":"https:\/\/www.bagnoitalia.com\/fr\/produit\/climatiseur-inverter-monosplit-de-9000-a-24000-btu-classe-energetique-aa.html","name":"Climatiseur monosplit inverter de 9000 \u00e0 24000 BTU classe \u00e9nerg\u00e9tique AA","isPartOf":{"@id":"https:\/\/www.bagnoitalia.com\/fr#website"},"primaryImageOfPage":{"@id":"https:\/\/www.bagnoitalia.com\/fr\/produit\/climatiseur-inverter-monosplit-de-9000-a-24000-btu-classe-energetique-aa.html#primaryimage"},"image":{"@id":"https:\/\/www.bagnoitalia.com\/fr\/produit\/climatiseur-inverter-monosplit-de-9000-a-24000-btu-classe-energetique-aa.html#primaryimage"},"thumbnailUrl":"https:\/\/img.bagnoitalia.com\/wp-content\/uploads\/virtuemart\/product\/Monosplit-inverter-air-conditioner-1_1542821150_847.jpg","datePublished":"2016-03-03T14:47:43+00:00","dateModified":"2024-06-03T13:59:01+00:00","description":"Climatiseur inverter monosplit disponible de 9000 \u00e0 24000 BTU classe \u00e9nerg\u00e9tique A ++","breadcrumb":{"@id":"https:\/\/www.bagnoitalia.com\/fr\/produit\/climatiseur-inverter-monosplit-de-9000-a-24000-btu-classe-energetique-aa.html#breadcrumb"},"inLanguage":"fr-FR","potentialAction":[{"@type":"ReadAction","target":["https:\/\/www.bagnoitalia.com\/fr\/produit\/climatiseur-inverter-monosplit-de-9000-a-24000-btu-classe-energetique-aa.html"]}]},{"@type":"ImageObject","inLanguage":"fr-FR","@id":"https:\/\/www.bagnoitalia.com\/fr\/produit\/climatiseur-inverter-monosplit-de-9000-a-24000-btu-classe-energetique-aa.html#primaryimage","url":"https:\/\/img.bagnoitalia.com\/wp-content\/uploads\/virtuemart\/product\/Monosplit-inverter-air-conditioner-1_1542821150_847.jpg","contentUrl":"https:\/\/img.bagnoitalia.com\/wp-content\/uploads\/virtuemart\/product\/Monosplit-inverter-air-conditioner-1_1542821150_847.jpg","width":553,"height":548},{"@type":"BreadcrumbList","@id":"https:\/\/www.bagnoitalia.com\/fr\/produit\/climatiseur-inverter-monosplit-de-9000-a-24000-btu-classe-energetique-aa.html#breadcrumb","itemListElement":[{"@type":"ListItem","position":1,"name":"Home","item":"https:\/\/www.bagnoitalia.com\/fr"},{"@type":"ListItem","position":2,"name":"Produits","item":"https:\/\/www.bagnoitalia.com\/fr\/shop"},{"@type":"ListItem","position":3,"name":"Climatiseur monosplit inverter de 9000 \u00e0 24000 BTU classe \u00e9nerg\u00e9tique AA"}]},{"@type":"WebSite","@id":"https:\/\/www.bagnoitalia.com\/fr#website","url":"https:\/\/www.bagnoitalia.com\/fr","name":"Bagno Italia","description":"","publisher":{"@id":"https:\/\/www.bagnoitalia.com\/fr#organization"},"potentialAction":[{"@type":"SearchAction","target":{"@type":"EntryPoint","urlTemplate":"https:\/\/www.bagnoitalia.com\/fr?s={search_term_string}"},"query-input":{"@type":"PropertyValueSpecification","valueRequired":true,"valueName":"search_term_string"}}],"inLanguage":"fr-FR"},{"@type":"Organization","@id":"https:\/\/www.bagnoitalia.com\/fr#organization","name":"Bagno Italia","url":"https:\/\/www.bagnoitalia.com\/fr","logo":{"@type":"ImageObject","inLanguage":"fr-FR","@id":"https:\/\/www.bagnoitalia.com\/fr#\/schema\/logo\/image\/","url":"https:\/\/img.bagnoitalia.com\/wp-content\/uploads\/logo-bagnoitalia.webp","contentUrl":"https:\/\/img.bagnoitalia.com\/wp-content\/uploads\/logo-bagnoitalia.webp","width":400,"height":70,"caption":"Bagno Italia"},"image":{"@id":"https:\/\/www.bagnoitalia.com\/fr#\/schema\/logo\/image\/"}}]}},"_links":{"self":[{"href":"https:\/\/www.bagnoitalia.com\/fr\/wp-json\/wp\/v2\/product\/79794","targetHints":{"allow":["GET"]}}],"collection":[{"href":"https:\/\/www.bagnoitalia.com\/fr\/wp-json\/wp\/v2\/product"}],"about":[{"href":"https:\/\/www.bagnoitalia.com\/fr\/wp-json\/wp\/v2\/types\/product"}],"replies":[{"embeddable":true,"href":"https:\/\/www.bagnoitalia.com\/fr\/wp-json\/wp\/v2\/comments?post=79794"}],"version-history":[{"count":1,"href":"https:\/\/www.bagnoitalia.com\/fr\/wp-json\/wp\/v2\/product\/79794\/revisions"}],"predecessor-version":[{"id":89178,"href":"https:\/\/www.bagnoitalia.com\/fr\/wp-json\/wp\/v2\/product\/79794\/revisions\/89178"}],"wp:featuredmedia":[{"embeddable":true,"href":"https:\/\/www.bagnoitalia.com\/fr\/wp-json\/wp\/v2\/media\/29050"}],"wp:attachment":[{"href":"https:\/\/www.bagnoitalia.com\/fr\/wp-json\/wp\/v2\/media?parent=79794"}],"wp:term":[{"taxonomy":"product_brand","embeddable":true,"href":"https:\/\/www.bagnoitalia.com\/fr\/wp-json\/wp\/v2\/product_brand?post=79794"},{"taxonomy":"product_cat","embeddable":true,"href":"https:\/\/www.bagnoitalia.com\/fr\/wp-json\/wp\/v2\/product_cat?post=79794"},{"taxonomy":"product_tag","embeddable":true,"href":"https:\/\/www.bagnoitalia.com\/fr\/wp-json\/wp\/v2\/product_tag?post=79794"}],"curies":[{"name":"wp","href":"https:\/\/api.w.org\/{rel}","templated":true}]}}