{"id":79710,"date":"2016-02-23T15:56:46","date_gmt":"2016-02-23T14:56:46","guid":{"rendered":"https:\/\/www.bagnoitalia.com\/product\/tablette-avec-dosseret-pour-toilettes-universelles-avec-barres-d-39-appui"},"modified":"2024-05-11T00:11:29","modified_gmt":"2024-05-10T22:11:29","slug":"tablette-avec-dosseret-pour-toilettes-universelles-avec-barres-d-39-appui","status":"publish","type":"product","link":"https:\/\/www.bagnoitalia.com\/fr\/produit\/tablette-avec-dosseret-pour-toilettes-universelles-avec-barres-d-39-appui.html","title":{"rendered":"Abattant de toilette avec r\u00e9hausseur et barres d\u2019appui pour WC universels"},"content":{"rendered":"<\/p>\n<p><span style=\"font-size: 12pt;\">Abattant de toilette avec r\u00e9hausseur et barres d\u2019appui pour WC universels<\/span><\/p>\n<\/p>\n<p><span style=\"text-decoration: underline;\"><span style=\"font-size: 10pt;\"><strong>Caract\u00e9ristiques:<\/strong><\/span><\/span><\/p>\n<p><span style=\"font-size: 10pt;\"><strong>&#8211; structure en poly\u00e9thyl\u00e8ne<\/strong><\/span> <br \/> <span style=\"font-size: 10pt;\"><strong>&#8211; barres en aluminium<\/strong><\/span> <br \/> <span style=\"font-size: 10pt;\"><strong>&#8211; pour WC universels<\/strong><\/span> <br \/> <span style=\"font-size: 10pt;\"><strong>&#8211; r\u00e9hausseur r\u00e9glables de 34 \u00e0 38 cm<\/strong><\/span> <br \/> <span style=\"font-size: 10pt;\"><strong>&#8211; hauteur r\u00e9hausseur de 10 cm<\/strong><\/span><\/p>\n","protected":false},"excerpt":{"rendered":"<p>Abattant de toilette avec r\u00e9hausseur et barres d\u2019appui pour WC universels <\/p>\n","protected":false},"featured_media":28574,"comment_status":"open","ping_status":"closed","template":"","meta":[],"product_brand":[5018],"product_cat":[9695,9683],"product_tag":[],"class_list":{"0":"post-79710","1":"product","2":"type-product","3":"status-publish","4":"has-post-thumbnail","6":"product_brand-brand-store","7":"product_cat-salle-de-bain-sanitaire","8":"product_cat-siege-de-toilette","10":"first","11":"instock","12":"sale","13":"taxable","14":"shipping-taxable","15":"purchasable","16":"product-type-simple"},"exclude_global_add_ons":[],"addons":[],"yoast_head":"<!-- This site is optimized with the Yoast SEO plugin v26.7 - https:\/\/yoast.com\/wordpress\/plugins\/seo\/ -->\n<title>Abattant de toilette avec r\u00e9hausseur et barres d\u2019appui pour WC universels<\/title>\n<meta name=\"description\" content=\"Tablette avec dosseret pour toilettes universelles avec poign\u00e9es pour soutien\" \/>\n<meta name=\"robots\" content=\"index, follow, max-snippet:-1, max-image-preview:large, max-video-preview:-1\" \/>\n<link rel=\"canonical\" href=\"https:\/\/www.bagnoitalia.com\/fr\/produit\/tablette-avec-dosseret-pour-toilettes-universelles-avec-barres-d-39-appui.html\" \/>\n<meta property=\"og:locale\" content=\"fr_FR\" \/>\n<meta property=\"og:type\" content=\"article\" \/>\n<meta property=\"og:title\" content=\"Abattant de toilette avec r\u00e9hausseur et barres d\u2019appui pour WC universels\" \/>\n<meta property=\"og:description\" content=\"Tablette avec dosseret pour toilettes universelles avec poign\u00e9es pour soutien\" \/>\n<meta property=\"og:url\" content=\"https:\/\/www.bagnoitalia.com\/fr\/produit\/tablette-avec-dosseret-pour-toilettes-universelles-avec-barres-d-39-appui.html\" \/>\n<meta property=\"og:site_name\" content=\"Bagno Italia\" \/>\n<meta property=\"article:modified_time\" content=\"2024-05-10T22:11:29+00:00\" \/>\n<meta property=\"og:image\" content=\"https:\/\/img.bagnoitalia.com\/wp-content\/uploads\/virtuemart\/product\/Seat-with-upstand-wc-1_1540981418_394.jpg\" \/>\n\t<meta property=\"og:image:width\" content=\"500\" \/>\n\t<meta property=\"og:image:height\" content=\"420\" \/>\n\t<meta property=\"og:image:type\" content=\"image\/jpeg\" \/>\n<meta name=\"twitter:card\" content=\"summary_large_image\" \/>\n<script type=\"application\/ld+json\" class=\"yoast-schema-graph\">{\"@context\":\"https:\/\/schema.org\",\"@graph\":[{\"@type\":\"WebPage\",\"@id\":\"https:\/\/www.bagnoitalia.com\/fr\/produit\/tablette-avec-dosseret-pour-toilettes-universelles-avec-barres-d-39-appui.html\",\"url\":\"https:\/\/www.bagnoitalia.com\/fr\/produit\/tablette-avec-dosseret-pour-toilettes-universelles-avec-barres-d-39-appui.html\",\"name\":\"Abattant de toilette avec r\u00e9hausseur et barres d\u2019appui pour WC universels\",\"isPartOf\":{\"@id\":\"https:\/\/www.bagnoitalia.com\/fr#website\"},\"primaryImageOfPage\":{\"@id\":\"https:\/\/www.bagnoitalia.com\/fr\/produit\/tablette-avec-dosseret-pour-toilettes-universelles-avec-barres-d-39-appui.html#primaryimage\"},\"image\":{\"@id\":\"https:\/\/www.bagnoitalia.com\/fr\/produit\/tablette-avec-dosseret-pour-toilettes-universelles-avec-barres-d-39-appui.html#primaryimage\"},\"thumbnailUrl\":\"https:\/\/img.bagnoitalia.com\/wp-content\/uploads\/virtuemart\/product\/Seat-with-upstand-wc-1_1540981418_394.jpg\",\"datePublished\":\"2016-02-23T14:56:46+00:00\",\"dateModified\":\"2024-05-10T22:11:29+00:00\",\"description\":\"Tablette avec dosseret pour toilettes universelles avec poign\u00e9es pour soutien\",\"breadcrumb\":{\"@id\":\"https:\/\/www.bagnoitalia.com\/fr\/produit\/tablette-avec-dosseret-pour-toilettes-universelles-avec-barres-d-39-appui.html#breadcrumb\"},\"inLanguage\":\"fr-FR\",\"potentialAction\":[{\"@type\":\"ReadAction\",\"target\":[\"https:\/\/www.bagnoitalia.com\/fr\/produit\/tablette-avec-dosseret-pour-toilettes-universelles-avec-barres-d-39-appui.html\"]}]},{\"@type\":\"ImageObject\",\"inLanguage\":\"fr-FR\",\"@id\":\"https:\/\/www.bagnoitalia.com\/fr\/produit\/tablette-avec-dosseret-pour-toilettes-universelles-avec-barres-d-39-appui.html#primaryimage\",\"url\":\"https:\/\/img.bagnoitalia.com\/wp-content\/uploads\/virtuemart\/product\/Seat-with-upstand-wc-1_1540981418_394.jpg\",\"contentUrl\":\"https:\/\/img.bagnoitalia.com\/wp-content\/uploads\/virtuemart\/product\/Seat-with-upstand-wc-1_1540981418_394.jpg\",\"width\":500,\"height\":420},{\"@type\":\"BreadcrumbList\",\"@id\":\"https:\/\/www.bagnoitalia.com\/fr\/produit\/tablette-avec-dosseret-pour-toilettes-universelles-avec-barres-d-39-appui.html#breadcrumb\",\"itemListElement\":[{\"@type\":\"ListItem\",\"position\":1,\"name\":\"Home\",\"item\":\"https:\/\/www.bagnoitalia.com\/fr\"},{\"@type\":\"ListItem\",\"position\":2,\"name\":\"Produits\",\"item\":\"https:\/\/www.bagnoitalia.com\/fr\/shop\"},{\"@type\":\"ListItem\",\"position\":3,\"name\":\"Abattant de toilette avec r\u00e9hausseur et barres d\u2019appui pour WC universels\"}]},{\"@type\":\"WebSite\",\"@id\":\"https:\/\/www.bagnoitalia.com\/fr#website\",\"url\":\"https:\/\/www.bagnoitalia.com\/fr\",\"name\":\"Bagno Italia\",\"description\":\"\",\"publisher\":{\"@id\":\"https:\/\/www.bagnoitalia.com\/fr#organization\"},\"potentialAction\":[{\"@type\":\"SearchAction\",\"target\":{\"@type\":\"EntryPoint\",\"urlTemplate\":\"https:\/\/www.bagnoitalia.com\/fr?s={search_term_string}\"},\"query-input\":{\"@type\":\"PropertyValueSpecification\",\"valueRequired\":true,\"valueName\":\"search_term_string\"}}],\"inLanguage\":\"fr-FR\"},{\"@type\":\"Organization\",\"@id\":\"https:\/\/www.bagnoitalia.com\/fr#organization\",\"name\":\"Bagno Italia\",\"url\":\"https:\/\/www.bagnoitalia.com\/fr\",\"logo\":{\"@type\":\"ImageObject\",\"inLanguage\":\"fr-FR\",\"@id\":\"https:\/\/www.bagnoitalia.com\/fr#\/schema\/logo\/image\/\",\"url\":\"https:\/\/img.bagnoitalia.com\/wp-content\/uploads\/logo-bagnoitalia.webp\",\"contentUrl\":\"https:\/\/img.bagnoitalia.com\/wp-content\/uploads\/logo-bagnoitalia.webp\",\"width\":400,\"height\":70,\"caption\":\"Bagno Italia\"},\"image\":{\"@id\":\"https:\/\/www.bagnoitalia.com\/fr#\/schema\/logo\/image\/\"}}]}<\/script>\n<!-- \/ Yoast SEO plugin. -->","yoast_head_json":{"title":"Abattant de toilette avec r\u00e9hausseur et barres d\u2019appui pour WC universels","description":"Tablette avec dosseret pour toilettes universelles avec poign\u00e9es pour soutien","robots":{"index":"index","follow":"follow","max-snippet":"max-snippet:-1","max-image-preview":"max-image-preview:large","max-video-preview":"max-video-preview:-1"},"canonical":"https:\/\/www.bagnoitalia.com\/fr\/produit\/tablette-avec-dosseret-pour-toilettes-universelles-avec-barres-d-39-appui.html","og_locale":"fr_FR","og_type":"article","og_title":"Abattant de toilette avec r\u00e9hausseur et barres d\u2019appui pour WC universels","og_description":"Tablette avec dosseret pour toilettes universelles avec poign\u00e9es pour soutien","og_url":"https:\/\/www.bagnoitalia.com\/fr\/produit\/tablette-avec-dosseret-pour-toilettes-universelles-avec-barres-d-39-appui.html","og_site_name":"Bagno Italia","article_modified_time":"2024-05-10T22:11:29+00:00","og_image":[{"width":500,"height":420,"url":"https:\/\/img.bagnoitalia.com\/wp-content\/uploads\/virtuemart\/product\/Seat-with-upstand-wc-1_1540981418_394.jpg","type":"image\/jpeg"}],"twitter_card":"summary_large_image","schema":{"@context":"https:\/\/schema.org","@graph":[{"@type":"WebPage","@id":"https:\/\/www.bagnoitalia.com\/fr\/produit\/tablette-avec-dosseret-pour-toilettes-universelles-avec-barres-d-39-appui.html","url":"https:\/\/www.bagnoitalia.com\/fr\/produit\/tablette-avec-dosseret-pour-toilettes-universelles-avec-barres-d-39-appui.html","name":"Abattant de toilette avec r\u00e9hausseur et barres d\u2019appui pour WC universels","isPartOf":{"@id":"https:\/\/www.bagnoitalia.com\/fr#website"},"primaryImageOfPage":{"@id":"https:\/\/www.bagnoitalia.com\/fr\/produit\/tablette-avec-dosseret-pour-toilettes-universelles-avec-barres-d-39-appui.html#primaryimage"},"image":{"@id":"https:\/\/www.bagnoitalia.com\/fr\/produit\/tablette-avec-dosseret-pour-toilettes-universelles-avec-barres-d-39-appui.html#primaryimage"},"thumbnailUrl":"https:\/\/img.bagnoitalia.com\/wp-content\/uploads\/virtuemart\/product\/Seat-with-upstand-wc-1_1540981418_394.jpg","datePublished":"2016-02-23T14:56:46+00:00","dateModified":"2024-05-10T22:11:29+00:00","description":"Tablette avec dosseret pour toilettes universelles avec poign\u00e9es pour soutien","breadcrumb":{"@id":"https:\/\/www.bagnoitalia.com\/fr\/produit\/tablette-avec-dosseret-pour-toilettes-universelles-avec-barres-d-39-appui.html#breadcrumb"},"inLanguage":"fr-FR","potentialAction":[{"@type":"ReadAction","target":["https:\/\/www.bagnoitalia.com\/fr\/produit\/tablette-avec-dosseret-pour-toilettes-universelles-avec-barres-d-39-appui.html"]}]},{"@type":"ImageObject","inLanguage":"fr-FR","@id":"https:\/\/www.bagnoitalia.com\/fr\/produit\/tablette-avec-dosseret-pour-toilettes-universelles-avec-barres-d-39-appui.html#primaryimage","url":"https:\/\/img.bagnoitalia.com\/wp-content\/uploads\/virtuemart\/product\/Seat-with-upstand-wc-1_1540981418_394.jpg","contentUrl":"https:\/\/img.bagnoitalia.com\/wp-content\/uploads\/virtuemart\/product\/Seat-with-upstand-wc-1_1540981418_394.jpg","width":500,"height":420},{"@type":"BreadcrumbList","@id":"https:\/\/www.bagnoitalia.com\/fr\/produit\/tablette-avec-dosseret-pour-toilettes-universelles-avec-barres-d-39-appui.html#breadcrumb","itemListElement":[{"@type":"ListItem","position":1,"name":"Home","item":"https:\/\/www.bagnoitalia.com\/fr"},{"@type":"ListItem","position":2,"name":"Produits","item":"https:\/\/www.bagnoitalia.com\/fr\/shop"},{"@type":"ListItem","position":3,"name":"Abattant de toilette avec r\u00e9hausseur et barres d\u2019appui pour WC universels"}]},{"@type":"WebSite","@id":"https:\/\/www.bagnoitalia.com\/fr#website","url":"https:\/\/www.bagnoitalia.com\/fr","name":"Bagno Italia","description":"","publisher":{"@id":"https:\/\/www.bagnoitalia.com\/fr#organization"},"potentialAction":[{"@type":"SearchAction","target":{"@type":"EntryPoint","urlTemplate":"https:\/\/www.bagnoitalia.com\/fr?s={search_term_string}"},"query-input":{"@type":"PropertyValueSpecification","valueRequired":true,"valueName":"search_term_string"}}],"inLanguage":"fr-FR"},{"@type":"Organization","@id":"https:\/\/www.bagnoitalia.com\/fr#organization","name":"Bagno Italia","url":"https:\/\/www.bagnoitalia.com\/fr","logo":{"@type":"ImageObject","inLanguage":"fr-FR","@id":"https:\/\/www.bagnoitalia.com\/fr#\/schema\/logo\/image\/","url":"https:\/\/img.bagnoitalia.com\/wp-content\/uploads\/logo-bagnoitalia.webp","contentUrl":"https:\/\/img.bagnoitalia.com\/wp-content\/uploads\/logo-bagnoitalia.webp","width":400,"height":70,"caption":"Bagno Italia"},"image":{"@id":"https:\/\/www.bagnoitalia.com\/fr#\/schema\/logo\/image\/"}}]}},"_links":{"self":[{"href":"https:\/\/www.bagnoitalia.com\/fr\/wp-json\/wp\/v2\/product\/79710","targetHints":{"allow":["GET"]}}],"collection":[{"href":"https:\/\/www.bagnoitalia.com\/fr\/wp-json\/wp\/v2\/product"}],"about":[{"href":"https:\/\/www.bagnoitalia.com\/fr\/wp-json\/wp\/v2\/types\/product"}],"replies":[{"embeddable":true,"href":"https:\/\/www.bagnoitalia.com\/fr\/wp-json\/wp\/v2\/comments?post=79710"}],"version-history":[{"count":0,"href":"https:\/\/www.bagnoitalia.com\/fr\/wp-json\/wp\/v2\/product\/79710\/revisions"}],"wp:featuredmedia":[{"embeddable":true,"href":"https:\/\/www.bagnoitalia.com\/fr\/wp-json\/wp\/v2\/media\/28574"}],"wp:attachment":[{"href":"https:\/\/www.bagnoitalia.com\/fr\/wp-json\/wp\/v2\/media?parent=79710"}],"wp:term":[{"taxonomy":"product_brand","embeddable":true,"href":"https:\/\/www.bagnoitalia.com\/fr\/wp-json\/wp\/v2\/product_brand?post=79710"},{"taxonomy":"product_cat","embeddable":true,"href":"https:\/\/www.bagnoitalia.com\/fr\/wp-json\/wp\/v2\/product_cat?post=79710"},{"taxonomy":"product_tag","embeddable":true,"href":"https:\/\/www.bagnoitalia.com\/fr\/wp-json\/wp\/v2\/product_tag?post=79710"}],"curies":[{"name":"wp","href":"https:\/\/api.w.org\/{rel}","templated":true}]}}