{"id":79694,"date":"2016-02-23T15:20:31","date_gmt":"2016-02-23T14:20:31","guid":{"rendered":"https:\/\/www.bagnoitalia.com\/product\/colonne-polyvalente-en-acier-chrome-6-etageres-h170"},"modified":"2024-05-10T23:59:57","modified_gmt":"2024-05-10T21:59:57","slug":"colonne-polyvalente-en-acier-chrome-6-etageres-h170","status":"publish","type":"product","link":"https:\/\/www.bagnoitalia.com\/fr\/produit\/colonne-polyvalente-en-acier-chrome-6-etageres-h170.html","title":{"rendered":"Colonne polyvalente en acier chrom\u00e9 6 \u00e9tag\u00e8res H170"},"content":{"rendered":"<p><span style=\"text-decoration: underline;\"><strong><span style=\"font-size: 10pt;\">Colonne polyvalente \u00e0 6 tablettes en acier chrom\u00e9 H170 cm<\/span><\/strong><\/span><\/p>\n<\/p>\n<p><span style=\"color: #ff0000;\"><strong>Caract\u00e9ristiques:<\/strong><\/span><\/p>\n<p><span style=\"font-size: 10pt;\"><strong>&#8211; Dimensions L32xH170xP28 cm<\/strong><\/span><\/p>\n<p><span style=\"font-size: 10pt;\"><strong>&#8211; Structure en acier chrom\u00e9<\/strong><\/span><\/p><\/p>\n","protected":false},"excerpt":{"rendered":"<p>Colonne polyvalente en acier chrom\u00e9 avec 6 tablettes hauteur 170 cm<\/p>\n","protected":false},"featured_media":28538,"comment_status":"open","ping_status":"closed","template":"","meta":[],"product_brand":[5018],"product_cat":[9687],"product_tag":[],"class_list":{"0":"post-79694","1":"product","2":"type-product","3":"status-publish","4":"has-post-thumbnail","6":"product_brand-brand-store","7":"product_cat-accessoires-et-lampadaires","9":"first","10":"instock","11":"sale","12":"taxable","13":"shipping-taxable","14":"purchasable","15":"product-type-simple"},"exclude_global_add_ons":[],"addons":[],"yoast_head":"<!-- This site is optimized with the Yoast SEO plugin v26.7 - https:\/\/yoast.com\/wordpress\/plugins\/seo\/ -->\n<title>Colonne polyvalente en acier chrom\u00e9 6 \u00e9tag\u00e8res H170<\/title>\n<meta name=\"description\" content=\"Colonne polyvalente en acier chrom\u00e9 avec 6 \u00e9tag\u00e8res, hauteur 170 cm\" \/>\n<meta name=\"robots\" content=\"index, follow, max-snippet:-1, max-image-preview:large, max-video-preview:-1\" \/>\n<link rel=\"canonical\" href=\"https:\/\/www.bagnoitalia.com\/fr\/produit\/colonne-polyvalente-en-acier-chrome-6-etageres-h170.html\" \/>\n<meta property=\"og:locale\" content=\"fr_FR\" \/>\n<meta property=\"og:type\" content=\"article\" \/>\n<meta property=\"og:title\" content=\"Colonne polyvalente en acier chrom\u00e9 6 \u00e9tag\u00e8res H170\" \/>\n<meta property=\"og:description\" content=\"Colonne polyvalente en acier chrom\u00e9 avec 6 \u00e9tag\u00e8res, hauteur 170 cm\" \/>\n<meta property=\"og:url\" content=\"https:\/\/www.bagnoitalia.com\/fr\/produit\/colonne-polyvalente-en-acier-chrome-6-etageres-h170.html\" \/>\n<meta property=\"og:site_name\" content=\"Bagno Italia\" \/>\n<meta property=\"article:modified_time\" content=\"2024-05-10T21:59:57+00:00\" \/>\n<meta property=\"og:image\" content=\"https:\/\/img.bagnoitalia.com\/wp-content\/uploads\/virtuemart\/product\/Chrome-steel-multipurpose-column-with-6-shelves-684_1542712668_623.jpg\" \/>\n\t<meta property=\"og:image:width\" content=\"800\" \/>\n\t<meta property=\"og:image:height\" content=\"800\" \/>\n\t<meta property=\"og:image:type\" content=\"image\/jpeg\" \/>\n<meta name=\"twitter:card\" content=\"summary_large_image\" \/>\n<script type=\"application\/ld+json\" class=\"yoast-schema-graph\">{\"@context\":\"https:\/\/schema.org\",\"@graph\":[{\"@type\":\"WebPage\",\"@id\":\"https:\/\/www.bagnoitalia.com\/fr\/produit\/colonne-polyvalente-en-acier-chrome-6-etageres-h170.html\",\"url\":\"https:\/\/www.bagnoitalia.com\/fr\/produit\/colonne-polyvalente-en-acier-chrome-6-etageres-h170.html\",\"name\":\"Colonne polyvalente en acier chrom\u00e9 6 \u00e9tag\u00e8res H170\",\"isPartOf\":{\"@id\":\"https:\/\/www.bagnoitalia.com\/fr#website\"},\"primaryImageOfPage\":{\"@id\":\"https:\/\/www.bagnoitalia.com\/fr\/produit\/colonne-polyvalente-en-acier-chrome-6-etageres-h170.html#primaryimage\"},\"image\":{\"@id\":\"https:\/\/www.bagnoitalia.com\/fr\/produit\/colonne-polyvalente-en-acier-chrome-6-etageres-h170.html#primaryimage\"},\"thumbnailUrl\":\"https:\/\/img.bagnoitalia.com\/wp-content\/uploads\/virtuemart\/product\/Chrome-steel-multipurpose-column-with-6-shelves-684_1542712668_623.jpg\",\"datePublished\":\"2016-02-23T14:20:31+00:00\",\"dateModified\":\"2024-05-10T21:59:57+00:00\",\"description\":\"Colonne polyvalente en acier chrom\u00e9 avec 6 \u00e9tag\u00e8res, hauteur 170 cm\",\"breadcrumb\":{\"@id\":\"https:\/\/www.bagnoitalia.com\/fr\/produit\/colonne-polyvalente-en-acier-chrome-6-etageres-h170.html#breadcrumb\"},\"inLanguage\":\"fr-FR\",\"potentialAction\":[{\"@type\":\"ReadAction\",\"target\":[\"https:\/\/www.bagnoitalia.com\/fr\/produit\/colonne-polyvalente-en-acier-chrome-6-etageres-h170.html\"]}]},{\"@type\":\"ImageObject\",\"inLanguage\":\"fr-FR\",\"@id\":\"https:\/\/www.bagnoitalia.com\/fr\/produit\/colonne-polyvalente-en-acier-chrome-6-etageres-h170.html#primaryimage\",\"url\":\"https:\/\/img.bagnoitalia.com\/wp-content\/uploads\/virtuemart\/product\/Chrome-steel-multipurpose-column-with-6-shelves-684_1542712668_623.jpg\",\"contentUrl\":\"https:\/\/img.bagnoitalia.com\/wp-content\/uploads\/virtuemart\/product\/Chrome-steel-multipurpose-column-with-6-shelves-684_1542712668_623.jpg\",\"width\":800,\"height\":800},{\"@type\":\"BreadcrumbList\",\"@id\":\"https:\/\/www.bagnoitalia.com\/fr\/produit\/colonne-polyvalente-en-acier-chrome-6-etageres-h170.html#breadcrumb\",\"itemListElement\":[{\"@type\":\"ListItem\",\"position\":1,\"name\":\"Home\",\"item\":\"https:\/\/www.bagnoitalia.com\/fr\"},{\"@type\":\"ListItem\",\"position\":2,\"name\":\"Produits\",\"item\":\"https:\/\/www.bagnoitalia.com\/fr\/shop\"},{\"@type\":\"ListItem\",\"position\":3,\"name\":\"Colonne polyvalente en acier chrom\u00e9 6 \u00e9tag\u00e8res H170\"}]},{\"@type\":\"WebSite\",\"@id\":\"https:\/\/www.bagnoitalia.com\/fr#website\",\"url\":\"https:\/\/www.bagnoitalia.com\/fr\",\"name\":\"Bagno Italia\",\"description\":\"\",\"publisher\":{\"@id\":\"https:\/\/www.bagnoitalia.com\/fr#organization\"},\"potentialAction\":[{\"@type\":\"SearchAction\",\"target\":{\"@type\":\"EntryPoint\",\"urlTemplate\":\"https:\/\/www.bagnoitalia.com\/fr?s={search_term_string}\"},\"query-input\":{\"@type\":\"PropertyValueSpecification\",\"valueRequired\":true,\"valueName\":\"search_term_string\"}}],\"inLanguage\":\"fr-FR\"},{\"@type\":\"Organization\",\"@id\":\"https:\/\/www.bagnoitalia.com\/fr#organization\",\"name\":\"Bagno Italia\",\"url\":\"https:\/\/www.bagnoitalia.com\/fr\",\"logo\":{\"@type\":\"ImageObject\",\"inLanguage\":\"fr-FR\",\"@id\":\"https:\/\/www.bagnoitalia.com\/fr#\/schema\/logo\/image\/\",\"url\":\"https:\/\/img.bagnoitalia.com\/wp-content\/uploads\/logo-bagnoitalia.webp\",\"contentUrl\":\"https:\/\/img.bagnoitalia.com\/wp-content\/uploads\/logo-bagnoitalia.webp\",\"width\":400,\"height\":70,\"caption\":\"Bagno Italia\"},\"image\":{\"@id\":\"https:\/\/www.bagnoitalia.com\/fr#\/schema\/logo\/image\/\"}}]}<\/script>\n<!-- \/ Yoast SEO plugin. -->","yoast_head_json":{"title":"Colonne polyvalente en acier chrom\u00e9 6 \u00e9tag\u00e8res H170","description":"Colonne polyvalente en acier chrom\u00e9 avec 6 \u00e9tag\u00e8res, hauteur 170 cm","robots":{"index":"index","follow":"follow","max-snippet":"max-snippet:-1","max-image-preview":"max-image-preview:large","max-video-preview":"max-video-preview:-1"},"canonical":"https:\/\/www.bagnoitalia.com\/fr\/produit\/colonne-polyvalente-en-acier-chrome-6-etageres-h170.html","og_locale":"fr_FR","og_type":"article","og_title":"Colonne polyvalente en acier chrom\u00e9 6 \u00e9tag\u00e8res H170","og_description":"Colonne polyvalente en acier chrom\u00e9 avec 6 \u00e9tag\u00e8res, hauteur 170 cm","og_url":"https:\/\/www.bagnoitalia.com\/fr\/produit\/colonne-polyvalente-en-acier-chrome-6-etageres-h170.html","og_site_name":"Bagno Italia","article_modified_time":"2024-05-10T21:59:57+00:00","og_image":[{"width":800,"height":800,"url":"https:\/\/img.bagnoitalia.com\/wp-content\/uploads\/virtuemart\/product\/Chrome-steel-multipurpose-column-with-6-shelves-684_1542712668_623.jpg","type":"image\/jpeg"}],"twitter_card":"summary_large_image","schema":{"@context":"https:\/\/schema.org","@graph":[{"@type":"WebPage","@id":"https:\/\/www.bagnoitalia.com\/fr\/produit\/colonne-polyvalente-en-acier-chrome-6-etageres-h170.html","url":"https:\/\/www.bagnoitalia.com\/fr\/produit\/colonne-polyvalente-en-acier-chrome-6-etageres-h170.html","name":"Colonne polyvalente en acier chrom\u00e9 6 \u00e9tag\u00e8res H170","isPartOf":{"@id":"https:\/\/www.bagnoitalia.com\/fr#website"},"primaryImageOfPage":{"@id":"https:\/\/www.bagnoitalia.com\/fr\/produit\/colonne-polyvalente-en-acier-chrome-6-etageres-h170.html#primaryimage"},"image":{"@id":"https:\/\/www.bagnoitalia.com\/fr\/produit\/colonne-polyvalente-en-acier-chrome-6-etageres-h170.html#primaryimage"},"thumbnailUrl":"https:\/\/img.bagnoitalia.com\/wp-content\/uploads\/virtuemart\/product\/Chrome-steel-multipurpose-column-with-6-shelves-684_1542712668_623.jpg","datePublished":"2016-02-23T14:20:31+00:00","dateModified":"2024-05-10T21:59:57+00:00","description":"Colonne polyvalente en acier chrom\u00e9 avec 6 \u00e9tag\u00e8res, hauteur 170 cm","breadcrumb":{"@id":"https:\/\/www.bagnoitalia.com\/fr\/produit\/colonne-polyvalente-en-acier-chrome-6-etageres-h170.html#breadcrumb"},"inLanguage":"fr-FR","potentialAction":[{"@type":"ReadAction","target":["https:\/\/www.bagnoitalia.com\/fr\/produit\/colonne-polyvalente-en-acier-chrome-6-etageres-h170.html"]}]},{"@type":"ImageObject","inLanguage":"fr-FR","@id":"https:\/\/www.bagnoitalia.com\/fr\/produit\/colonne-polyvalente-en-acier-chrome-6-etageres-h170.html#primaryimage","url":"https:\/\/img.bagnoitalia.com\/wp-content\/uploads\/virtuemart\/product\/Chrome-steel-multipurpose-column-with-6-shelves-684_1542712668_623.jpg","contentUrl":"https:\/\/img.bagnoitalia.com\/wp-content\/uploads\/virtuemart\/product\/Chrome-steel-multipurpose-column-with-6-shelves-684_1542712668_623.jpg","width":800,"height":800},{"@type":"BreadcrumbList","@id":"https:\/\/www.bagnoitalia.com\/fr\/produit\/colonne-polyvalente-en-acier-chrome-6-etageres-h170.html#breadcrumb","itemListElement":[{"@type":"ListItem","position":1,"name":"Home","item":"https:\/\/www.bagnoitalia.com\/fr"},{"@type":"ListItem","position":2,"name":"Produits","item":"https:\/\/www.bagnoitalia.com\/fr\/shop"},{"@type":"ListItem","position":3,"name":"Colonne polyvalente en acier chrom\u00e9 6 \u00e9tag\u00e8res H170"}]},{"@type":"WebSite","@id":"https:\/\/www.bagnoitalia.com\/fr#website","url":"https:\/\/www.bagnoitalia.com\/fr","name":"Bagno Italia","description":"","publisher":{"@id":"https:\/\/www.bagnoitalia.com\/fr#organization"},"potentialAction":[{"@type":"SearchAction","target":{"@type":"EntryPoint","urlTemplate":"https:\/\/www.bagnoitalia.com\/fr?s={search_term_string}"},"query-input":{"@type":"PropertyValueSpecification","valueRequired":true,"valueName":"search_term_string"}}],"inLanguage":"fr-FR"},{"@type":"Organization","@id":"https:\/\/www.bagnoitalia.com\/fr#organization","name":"Bagno Italia","url":"https:\/\/www.bagnoitalia.com\/fr","logo":{"@type":"ImageObject","inLanguage":"fr-FR","@id":"https:\/\/www.bagnoitalia.com\/fr#\/schema\/logo\/image\/","url":"https:\/\/img.bagnoitalia.com\/wp-content\/uploads\/logo-bagnoitalia.webp","contentUrl":"https:\/\/img.bagnoitalia.com\/wp-content\/uploads\/logo-bagnoitalia.webp","width":400,"height":70,"caption":"Bagno Italia"},"image":{"@id":"https:\/\/www.bagnoitalia.com\/fr#\/schema\/logo\/image\/"}}]}},"_links":{"self":[{"href":"https:\/\/www.bagnoitalia.com\/fr\/wp-json\/wp\/v2\/product\/79694","targetHints":{"allow":["GET"]}}],"collection":[{"href":"https:\/\/www.bagnoitalia.com\/fr\/wp-json\/wp\/v2\/product"}],"about":[{"href":"https:\/\/www.bagnoitalia.com\/fr\/wp-json\/wp\/v2\/types\/product"}],"replies":[{"embeddable":true,"href":"https:\/\/www.bagnoitalia.com\/fr\/wp-json\/wp\/v2\/comments?post=79694"}],"version-history":[{"count":0,"href":"https:\/\/www.bagnoitalia.com\/fr\/wp-json\/wp\/v2\/product\/79694\/revisions"}],"wp:featuredmedia":[{"embeddable":true,"href":"https:\/\/www.bagnoitalia.com\/fr\/wp-json\/wp\/v2\/media\/28538"}],"wp:attachment":[{"href":"https:\/\/www.bagnoitalia.com\/fr\/wp-json\/wp\/v2\/media?parent=79694"}],"wp:term":[{"taxonomy":"product_brand","embeddable":true,"href":"https:\/\/www.bagnoitalia.com\/fr\/wp-json\/wp\/v2\/product_brand?post=79694"},{"taxonomy":"product_cat","embeddable":true,"href":"https:\/\/www.bagnoitalia.com\/fr\/wp-json\/wp\/v2\/product_cat?post=79694"},{"taxonomy":"product_tag","embeddable":true,"href":"https:\/\/www.bagnoitalia.com\/fr\/wp-json\/wp\/v2\/product_tag?post=79694"}],"curies":[{"name":"wp","href":"https:\/\/api.w.org\/{rel}","templated":true}]}}