{"id":79654,"date":"2016-01-18T10:14:44","date_gmt":"2016-01-18T09:14:44","guid":{"rendered":"https:\/\/www.bagnoitalia.com\/product\/cabine-d-39-hydromassage-135x80-6-jets-hydroelectriques-avec-bain-de-sauna-antiderapant-bain-turc-telephone-mains-libres-et-radio-fm-avec-haut-parleurs-cb041"},"modified":"2024-05-10T23:59:09","modified_gmt":"2024-05-10T21:59:09","slug":"cabine-d-39-hydromassage-135x80-6-jets-hydroelectriques-avec-bain-de-sauna-antiderapant-bain-turc-telephone-mains-libres-et-radio-fm-avec-haut-parleurs-cb041","status":"publish","type":"product","link":"https:\/\/www.bagnoitalia.com\/fr\/produit\/cabine-d-39-hydromassage-135x80-6-jets-hydroelectriques-avec-bain-de-sauna-antiderapant-bain-turc-telephone-mains-libres-et-radio-fm-avec-haut-parleurs-cb041.html","title":{"rendered":"Cabine d&rsquo;hydromassage 135&#215;80 6 jets d\u2019eau avec baignoire antid\u00e9rapante, Bain turc, t\u00e9l\u00e9phone mains libres et radio FM avec haut-parleurs CB041"},"content":{"rendered":"<p><span style=\"text-decoration: underline; font-size: 12pt; color: #ff0000;\"><strong>Cabine d&rsquo;hydromassage 135&#215;80<\/strong><\/span><\/p>\n<p><strong><span style=\"font-size: 10pt;\">&#8211;<\/span><\/strong> <span style=\"font-size: 10pt;\"> <\/span> <strong><span style=\"font-size: 10pt;\">Dimensions: 135x80x215<\/span><\/strong><\/p>\n<p><span style=\"font-size: 10pt;\"><strong>&#8211; G\u00e9n\u00e9rateur de vapeur (bain de vapeur) <br \/><\/strong><\/span><\/p>\n<p><span style=\"text-decoration: underline;\"><\/span><span style=\"font-size: 10pt;\"><strong>&#8211; Panneau de commande avec \u00e9<strong>cran tactile<\/strong>;<\/strong><\/span><\/p>\n<p><span style=\"font-size: 10pt;\"><strong>&#8211; R<\/strong><\/span><span style=\"font-size: 10pt;\"><strong>adio FM avec haut-parleurs;<\/strong><\/span><\/p>\n<p><span style=\"font-size: 10pt;\"><strong>&#8211; <span style=\"font-size: 10pt;\"><strong>Baignoire antid\u00e9rapante<\/strong><\/span> avec <span style=\"font-size: 10pt;\"><strong>receveur<\/strong><\/span> de douche en ABS renforc\u00e9 \u00e0 trois couches de r\u00e9sine;<\/strong><\/span><\/p>\n<p><span style=\"font-size: 10pt;\"><strong>&#8211; Pomme de douche \u00e0 main sur le toit, douche en acier chrom\u00e9;<\/strong><\/span><\/p>\n<p><span style=\"font-size: 10pt;\"><strong>&#8211; Colonnes en aluminium satin\u00e9;<\/strong><\/span><\/p>\n<p><span style=\"font-size: 10pt;\"><strong>&#8211; Poign\u00e9es transparentes;<\/strong><\/span><\/p>\n<p>&#8211; F<strong><span style=\"font-size: 10pt;\">ermeture magn\u00e9tique;<\/span><\/strong><\/p>\n<p><span style=\"font-size: 10pt;\"><strong>&#8211; \u00c9tag\u00e8re en verre;<\/strong><\/span><\/p>\n<p><span style=\"font-size: 10pt;\"><strong>&#8211; Porte-serviette;<\/strong><\/span><\/p>\n<p><strong style=\"font-size: 10pt;\">&#8211; 6 hydrojets;<\/strong><\/p>\n<p><span style=\"font-size: 10pt;\"><strong>&#8211; Contr\u00f4le de l&rsquo;eau chaude &#8211; eau froide;<\/strong><\/span><\/p>\n<p><span style=\"font-size: 10pt;\"><strong>&#8211; Dossier;<\/strong><\/span><\/p>\n<p><strong style=\"font-size: 10pt;\">&#8211; Massage plantaire;<\/strong><\/p>\n<p><span style=\"font-size: 10pt;\"><strong>&#8211; Si\u00e8ge ergonomique;<\/strong><\/span><\/p>\n<p><strong style=\"font-size: 10pt;\">&#8211; T\u00e9l\u00e9phone avec haut-parleur;<\/strong><\/p>\n<p><span style=\"font-size: 10pt;\"><strong>&#8211; Drainage de l&rsquo;eau;<\/strong><\/span><\/p>\n<p><span style=\"font-size: 10pt;\"><strong>&#8211; Ventilateur d&rsquo;extraction;<\/strong><\/span><\/p>\n<p><strong><span style=\"font-size: 10pt;\">&#8211; Verre anti-casse tremp\u00e9 et teint\u00e9 de 6,0 mm <br \/><\/span><\/strong><\/p>\n<\/p>\n<p><span style=\"text-decoration: underline; font-size: 10pt;\"><strong>ATTENTION: LA CABINE, AYANT FINIE SUR LES TROIS COTES, PEUT EGALEMENT ETRE POSITIONNEE AU CENTRE DE LA SALLE<\/strong><\/span><\/p>\n<p><span class=\"pinfo\"><\/span><\/p>\n","protected":false},"excerpt":{"rendered":"<p>Cabine d&rsquo;hydromassage 135&#215;80 avec 6 jets d\u2019eau baignoire antid\u00e9rapante, bain turc, t\u00e9l\u00e9phone mains libres et radio FM avec haut-parleurs<\/p>\n","protected":false},"featured_media":28386,"comment_status":"open","ping_status":"closed","template":"","meta":[],"product_brand":[5021],"product_cat":[9735],"product_tag":[],"class_list":{"0":"post-79654","1":"product","2":"type-product","3":"status-publish","4":"has-post-thumbnail","6":"product_brand-predator-arredo-casa","7":"product_cat-cabine-d-39-hydromassage","9":"first","10":"instock","11":"sale","12":"taxable","13":"shipping-taxable","14":"purchasable","15":"product-type-simple"},"exclude_global_add_ons":[],"addons":[],"yoast_head":"<!-- This site is optimized with the Yoast SEO plugin v26.7 - https:\/\/yoast.com\/wordpress\/plugins\/seo\/ -->\n<title>Cabine d&#039;hydromassage 135x80 6 jets d\u2019eau avec baignoire antid\u00e9rapante, Bain turc, t\u00e9l\u00e9phone mains libres et radio FM avec haut-parleurs CB041<\/title>\n<meta name=\"description\" content=\"Cabine d&#039;hydromassage 135x80 avec 6 jets hydro\u00e9lectriques, baignoire antid\u00e9rapante, sauna, bain turc, haut-parleur et radio FM avec haut-parleurs\" \/>\n<meta name=\"robots\" content=\"index, follow, max-snippet:-1, max-image-preview:large, max-video-preview:-1\" \/>\n<link rel=\"canonical\" href=\"https:\/\/www.bagnoitalia.com\/fr\/produit\/cabine-d-39-hydromassage-135x80-6-jets-hydroelectriques-avec-bain-de-sauna-antiderapant-bain-turc-telephone-mains-libres-et-radio-fm-avec-haut-parleurs-cb041.html\" \/>\n<meta property=\"og:locale\" content=\"fr_FR\" \/>\n<meta property=\"og:type\" content=\"article\" \/>\n<meta property=\"og:title\" content=\"Cabine d&#039;hydromassage 135x80 6 jets d\u2019eau avec baignoire antid\u00e9rapante, Bain turc, t\u00e9l\u00e9phone mains libres et radio FM avec haut-parleurs CB041\" \/>\n<meta property=\"og:description\" content=\"Cabine d&#039;hydromassage 135x80 avec 6 jets hydro\u00e9lectriques, baignoire antid\u00e9rapante, sauna, bain turc, haut-parleur et radio FM avec haut-parleurs\" \/>\n<meta property=\"og:url\" content=\"https:\/\/www.bagnoitalia.com\/fr\/produit\/cabine-d-39-hydromassage-135x80-6-jets-hydroelectriques-avec-bain-de-sauna-antiderapant-bain-turc-telephone-mains-libres-et-radio-fm-avec-haut-parleurs-cb041.html\" \/>\n<meta property=\"og:site_name\" content=\"Bagno Italia\" \/>\n<meta property=\"article:modified_time\" content=\"2024-05-10T21:59:09+00:00\" \/>\n<meta property=\"og:image\" content=\"https:\/\/img.bagnoitalia.com\/wp-content\/uploads\/virtuemart\/product\/Hydromassage-speakerphone-CB041-1_1542104303_3592.jpg\" \/>\n\t<meta property=\"og:image:width\" content=\"668\" \/>\n\t<meta property=\"og:image:height\" content=\"669\" \/>\n\t<meta property=\"og:image:type\" content=\"image\/jpeg\" \/>\n<meta name=\"twitter:card\" content=\"summary_large_image\" \/>\n<meta name=\"twitter:label1\" content=\"Dur\u00e9e de lecture estim\u00e9e\" \/>\n\t<meta name=\"twitter:data1\" content=\"1 minute\" \/>\n<script type=\"application\/ld+json\" class=\"yoast-schema-graph\">{\"@context\":\"https:\/\/schema.org\",\"@graph\":[{\"@type\":\"WebPage\",\"@id\":\"https:\/\/www.bagnoitalia.com\/fr\/produit\/cabine-d-39-hydromassage-135x80-6-jets-hydroelectriques-avec-bain-de-sauna-antiderapant-bain-turc-telephone-mains-libres-et-radio-fm-avec-haut-parleurs-cb041.html\",\"url\":\"https:\/\/www.bagnoitalia.com\/fr\/produit\/cabine-d-39-hydromassage-135x80-6-jets-hydroelectriques-avec-bain-de-sauna-antiderapant-bain-turc-telephone-mains-libres-et-radio-fm-avec-haut-parleurs-cb041.html\",\"name\":\"Cabine d'hydromassage 135x80 6 jets d\u2019eau avec baignoire antid\u00e9rapante, Bain turc, t\u00e9l\u00e9phone mains libres et radio FM avec haut-parleurs CB041\",\"isPartOf\":{\"@id\":\"https:\/\/www.bagnoitalia.com\/fr#website\"},\"primaryImageOfPage\":{\"@id\":\"https:\/\/www.bagnoitalia.com\/fr\/produit\/cabine-d-39-hydromassage-135x80-6-jets-hydroelectriques-avec-bain-de-sauna-antiderapant-bain-turc-telephone-mains-libres-et-radio-fm-avec-haut-parleurs-cb041.html#primaryimage\"},\"image\":{\"@id\":\"https:\/\/www.bagnoitalia.com\/fr\/produit\/cabine-d-39-hydromassage-135x80-6-jets-hydroelectriques-avec-bain-de-sauna-antiderapant-bain-turc-telephone-mains-libres-et-radio-fm-avec-haut-parleurs-cb041.html#primaryimage\"},\"thumbnailUrl\":\"https:\/\/img.bagnoitalia.com\/wp-content\/uploads\/virtuemart\/product\/Hydromassage-speakerphone-CB041-1_1542104303_3592.jpg\",\"datePublished\":\"2016-01-18T09:14:44+00:00\",\"dateModified\":\"2024-05-10T21:59:09+00:00\",\"description\":\"Cabine d&#39;hydromassage 135x80 avec 6 jets hydro\u00e9lectriques, baignoire antid\u00e9rapante, sauna, bain turc, haut-parleur et radio FM avec haut-parleurs\",\"breadcrumb\":{\"@id\":\"https:\/\/www.bagnoitalia.com\/fr\/produit\/cabine-d-39-hydromassage-135x80-6-jets-hydroelectriques-avec-bain-de-sauna-antiderapant-bain-turc-telephone-mains-libres-et-radio-fm-avec-haut-parleurs-cb041.html#breadcrumb\"},\"inLanguage\":\"fr-FR\",\"potentialAction\":[{\"@type\":\"ReadAction\",\"target\":[\"https:\/\/www.bagnoitalia.com\/fr\/produit\/cabine-d-39-hydromassage-135x80-6-jets-hydroelectriques-avec-bain-de-sauna-antiderapant-bain-turc-telephone-mains-libres-et-radio-fm-avec-haut-parleurs-cb041.html\"]}]},{\"@type\":\"ImageObject\",\"inLanguage\":\"fr-FR\",\"@id\":\"https:\/\/www.bagnoitalia.com\/fr\/produit\/cabine-d-39-hydromassage-135x80-6-jets-hydroelectriques-avec-bain-de-sauna-antiderapant-bain-turc-telephone-mains-libres-et-radio-fm-avec-haut-parleurs-cb041.html#primaryimage\",\"url\":\"https:\/\/img.bagnoitalia.com\/wp-content\/uploads\/virtuemart\/product\/Hydromassage-speakerphone-CB041-1_1542104303_3592.jpg\",\"contentUrl\":\"https:\/\/img.bagnoitalia.com\/wp-content\/uploads\/virtuemart\/product\/Hydromassage-speakerphone-CB041-1_1542104303_3592.jpg\",\"width\":668,\"height\":669},{\"@type\":\"BreadcrumbList\",\"@id\":\"https:\/\/www.bagnoitalia.com\/fr\/produit\/cabine-d-39-hydromassage-135x80-6-jets-hydroelectriques-avec-bain-de-sauna-antiderapant-bain-turc-telephone-mains-libres-et-radio-fm-avec-haut-parleurs-cb041.html#breadcrumb\",\"itemListElement\":[{\"@type\":\"ListItem\",\"position\":1,\"name\":\"Home\",\"item\":\"https:\/\/www.bagnoitalia.com\/fr\"},{\"@type\":\"ListItem\",\"position\":2,\"name\":\"Produits\",\"item\":\"https:\/\/www.bagnoitalia.com\/fr\/shop\"},{\"@type\":\"ListItem\",\"position\":3,\"name\":\"Cabine d&#8217;hydromassage 135&#215;80 6 jets d\u2019eau avec baignoire antid\u00e9rapante, Bain turc, t\u00e9l\u00e9phone mains libres et radio FM avec haut-parleurs CB041\"}]},{\"@type\":\"WebSite\",\"@id\":\"https:\/\/www.bagnoitalia.com\/fr#website\",\"url\":\"https:\/\/www.bagnoitalia.com\/fr\",\"name\":\"Bagno Italia\",\"description\":\"\",\"publisher\":{\"@id\":\"https:\/\/www.bagnoitalia.com\/fr#organization\"},\"potentialAction\":[{\"@type\":\"SearchAction\",\"target\":{\"@type\":\"EntryPoint\",\"urlTemplate\":\"https:\/\/www.bagnoitalia.com\/fr?s={search_term_string}\"},\"query-input\":{\"@type\":\"PropertyValueSpecification\",\"valueRequired\":true,\"valueName\":\"search_term_string\"}}],\"inLanguage\":\"fr-FR\"},{\"@type\":\"Organization\",\"@id\":\"https:\/\/www.bagnoitalia.com\/fr#organization\",\"name\":\"Bagno Italia\",\"url\":\"https:\/\/www.bagnoitalia.com\/fr\",\"logo\":{\"@type\":\"ImageObject\",\"inLanguage\":\"fr-FR\",\"@id\":\"https:\/\/www.bagnoitalia.com\/fr#\/schema\/logo\/image\/\",\"url\":\"https:\/\/img.bagnoitalia.com\/wp-content\/uploads\/logo-bagnoitalia.webp\",\"contentUrl\":\"https:\/\/img.bagnoitalia.com\/wp-content\/uploads\/logo-bagnoitalia.webp\",\"width\":400,\"height\":70,\"caption\":\"Bagno Italia\"},\"image\":{\"@id\":\"https:\/\/www.bagnoitalia.com\/fr#\/schema\/logo\/image\/\"}}]}<\/script>\n<!-- \/ Yoast SEO plugin. -->","yoast_head_json":{"title":"Cabine d'hydromassage 135x80 6 jets d\u2019eau avec baignoire antid\u00e9rapante, Bain turc, t\u00e9l\u00e9phone mains libres et radio FM avec haut-parleurs CB041","description":"Cabine d&#39;hydromassage 135x80 avec 6 jets hydro\u00e9lectriques, baignoire antid\u00e9rapante, sauna, bain turc, haut-parleur et radio FM avec haut-parleurs","robots":{"index":"index","follow":"follow","max-snippet":"max-snippet:-1","max-image-preview":"max-image-preview:large","max-video-preview":"max-video-preview:-1"},"canonical":"https:\/\/www.bagnoitalia.com\/fr\/produit\/cabine-d-39-hydromassage-135x80-6-jets-hydroelectriques-avec-bain-de-sauna-antiderapant-bain-turc-telephone-mains-libres-et-radio-fm-avec-haut-parleurs-cb041.html","og_locale":"fr_FR","og_type":"article","og_title":"Cabine d'hydromassage 135x80 6 jets d\u2019eau avec baignoire antid\u00e9rapante, Bain turc, t\u00e9l\u00e9phone mains libres et radio FM avec haut-parleurs CB041","og_description":"Cabine d&#39;hydromassage 135x80 avec 6 jets hydro\u00e9lectriques, baignoire antid\u00e9rapante, sauna, bain turc, haut-parleur et radio FM avec haut-parleurs","og_url":"https:\/\/www.bagnoitalia.com\/fr\/produit\/cabine-d-39-hydromassage-135x80-6-jets-hydroelectriques-avec-bain-de-sauna-antiderapant-bain-turc-telephone-mains-libres-et-radio-fm-avec-haut-parleurs-cb041.html","og_site_name":"Bagno Italia","article_modified_time":"2024-05-10T21:59:09+00:00","og_image":[{"width":668,"height":669,"url":"https:\/\/img.bagnoitalia.com\/wp-content\/uploads\/virtuemart\/product\/Hydromassage-speakerphone-CB041-1_1542104303_3592.jpg","type":"image\/jpeg"}],"twitter_card":"summary_large_image","twitter_misc":{"Dur\u00e9e de lecture estim\u00e9e":"1 minute"},"schema":{"@context":"https:\/\/schema.org","@graph":[{"@type":"WebPage","@id":"https:\/\/www.bagnoitalia.com\/fr\/produit\/cabine-d-39-hydromassage-135x80-6-jets-hydroelectriques-avec-bain-de-sauna-antiderapant-bain-turc-telephone-mains-libres-et-radio-fm-avec-haut-parleurs-cb041.html","url":"https:\/\/www.bagnoitalia.com\/fr\/produit\/cabine-d-39-hydromassage-135x80-6-jets-hydroelectriques-avec-bain-de-sauna-antiderapant-bain-turc-telephone-mains-libres-et-radio-fm-avec-haut-parleurs-cb041.html","name":"Cabine d'hydromassage 135x80 6 jets d\u2019eau avec baignoire antid\u00e9rapante, Bain turc, t\u00e9l\u00e9phone mains libres et radio FM avec haut-parleurs CB041","isPartOf":{"@id":"https:\/\/www.bagnoitalia.com\/fr#website"},"primaryImageOfPage":{"@id":"https:\/\/www.bagnoitalia.com\/fr\/produit\/cabine-d-39-hydromassage-135x80-6-jets-hydroelectriques-avec-bain-de-sauna-antiderapant-bain-turc-telephone-mains-libres-et-radio-fm-avec-haut-parleurs-cb041.html#primaryimage"},"image":{"@id":"https:\/\/www.bagnoitalia.com\/fr\/produit\/cabine-d-39-hydromassage-135x80-6-jets-hydroelectriques-avec-bain-de-sauna-antiderapant-bain-turc-telephone-mains-libres-et-radio-fm-avec-haut-parleurs-cb041.html#primaryimage"},"thumbnailUrl":"https:\/\/img.bagnoitalia.com\/wp-content\/uploads\/virtuemart\/product\/Hydromassage-speakerphone-CB041-1_1542104303_3592.jpg","datePublished":"2016-01-18T09:14:44+00:00","dateModified":"2024-05-10T21:59:09+00:00","description":"Cabine d&#39;hydromassage 135x80 avec 6 jets hydro\u00e9lectriques, baignoire antid\u00e9rapante, sauna, bain turc, haut-parleur et radio FM avec haut-parleurs","breadcrumb":{"@id":"https:\/\/www.bagnoitalia.com\/fr\/produit\/cabine-d-39-hydromassage-135x80-6-jets-hydroelectriques-avec-bain-de-sauna-antiderapant-bain-turc-telephone-mains-libres-et-radio-fm-avec-haut-parleurs-cb041.html#breadcrumb"},"inLanguage":"fr-FR","potentialAction":[{"@type":"ReadAction","target":["https:\/\/www.bagnoitalia.com\/fr\/produit\/cabine-d-39-hydromassage-135x80-6-jets-hydroelectriques-avec-bain-de-sauna-antiderapant-bain-turc-telephone-mains-libres-et-radio-fm-avec-haut-parleurs-cb041.html"]}]},{"@type":"ImageObject","inLanguage":"fr-FR","@id":"https:\/\/www.bagnoitalia.com\/fr\/produit\/cabine-d-39-hydromassage-135x80-6-jets-hydroelectriques-avec-bain-de-sauna-antiderapant-bain-turc-telephone-mains-libres-et-radio-fm-avec-haut-parleurs-cb041.html#primaryimage","url":"https:\/\/img.bagnoitalia.com\/wp-content\/uploads\/virtuemart\/product\/Hydromassage-speakerphone-CB041-1_1542104303_3592.jpg","contentUrl":"https:\/\/img.bagnoitalia.com\/wp-content\/uploads\/virtuemart\/product\/Hydromassage-speakerphone-CB041-1_1542104303_3592.jpg","width":668,"height":669},{"@type":"BreadcrumbList","@id":"https:\/\/www.bagnoitalia.com\/fr\/produit\/cabine-d-39-hydromassage-135x80-6-jets-hydroelectriques-avec-bain-de-sauna-antiderapant-bain-turc-telephone-mains-libres-et-radio-fm-avec-haut-parleurs-cb041.html#breadcrumb","itemListElement":[{"@type":"ListItem","position":1,"name":"Home","item":"https:\/\/www.bagnoitalia.com\/fr"},{"@type":"ListItem","position":2,"name":"Produits","item":"https:\/\/www.bagnoitalia.com\/fr\/shop"},{"@type":"ListItem","position":3,"name":"Cabine d&#8217;hydromassage 135&#215;80 6 jets d\u2019eau avec baignoire antid\u00e9rapante, Bain turc, t\u00e9l\u00e9phone mains libres et radio FM avec haut-parleurs CB041"}]},{"@type":"WebSite","@id":"https:\/\/www.bagnoitalia.com\/fr#website","url":"https:\/\/www.bagnoitalia.com\/fr","name":"Bagno Italia","description":"","publisher":{"@id":"https:\/\/www.bagnoitalia.com\/fr#organization"},"potentialAction":[{"@type":"SearchAction","target":{"@type":"EntryPoint","urlTemplate":"https:\/\/www.bagnoitalia.com\/fr?s={search_term_string}"},"query-input":{"@type":"PropertyValueSpecification","valueRequired":true,"valueName":"search_term_string"}}],"inLanguage":"fr-FR"},{"@type":"Organization","@id":"https:\/\/www.bagnoitalia.com\/fr#organization","name":"Bagno Italia","url":"https:\/\/www.bagnoitalia.com\/fr","logo":{"@type":"ImageObject","inLanguage":"fr-FR","@id":"https:\/\/www.bagnoitalia.com\/fr#\/schema\/logo\/image\/","url":"https:\/\/img.bagnoitalia.com\/wp-content\/uploads\/logo-bagnoitalia.webp","contentUrl":"https:\/\/img.bagnoitalia.com\/wp-content\/uploads\/logo-bagnoitalia.webp","width":400,"height":70,"caption":"Bagno Italia"},"image":{"@id":"https:\/\/www.bagnoitalia.com\/fr#\/schema\/logo\/image\/"}}]}},"_links":{"self":[{"href":"https:\/\/www.bagnoitalia.com\/fr\/wp-json\/wp\/v2\/product\/79654","targetHints":{"allow":["GET"]}}],"collection":[{"href":"https:\/\/www.bagnoitalia.com\/fr\/wp-json\/wp\/v2\/product"}],"about":[{"href":"https:\/\/www.bagnoitalia.com\/fr\/wp-json\/wp\/v2\/types\/product"}],"replies":[{"embeddable":true,"href":"https:\/\/www.bagnoitalia.com\/fr\/wp-json\/wp\/v2\/comments?post=79654"}],"version-history":[{"count":0,"href":"https:\/\/www.bagnoitalia.com\/fr\/wp-json\/wp\/v2\/product\/79654\/revisions"}],"wp:featuredmedia":[{"embeddable":true,"href":"https:\/\/www.bagnoitalia.com\/fr\/wp-json\/wp\/v2\/media\/28386"}],"wp:attachment":[{"href":"https:\/\/www.bagnoitalia.com\/fr\/wp-json\/wp\/v2\/media?parent=79654"}],"wp:term":[{"taxonomy":"product_brand","embeddable":true,"href":"https:\/\/www.bagnoitalia.com\/fr\/wp-json\/wp\/v2\/product_brand?post=79654"},{"taxonomy":"product_cat","embeddable":true,"href":"https:\/\/www.bagnoitalia.com\/fr\/wp-json\/wp\/v2\/product_cat?post=79654"},{"taxonomy":"product_tag","embeddable":true,"href":"https:\/\/www.bagnoitalia.com\/fr\/wp-json\/wp\/v2\/product_tag?post=79654"}],"curies":[{"name":"wp","href":"https:\/\/api.w.org\/{rel}","templated":true}]}}