{"id":79642,"date":"2016-01-15T08:25:44","date_gmt":"2016-01-15T07:25:44","guid":{"rendered":"https:\/\/www.bagnoitalia.com\/product\/sauna-infrarouge-150x150-deux-places-deux-chaise-longue-en-bois-chromotherapie-radio-lecteur-cd-bois-pruche-sn021"},"modified":"2024-05-11T00:12:26","modified_gmt":"2024-05-10T22:12:26","slug":"sauna-infrarouge-150x150-deux-places-deux-chaise-longue-en-bois-chromotherapie-radio-lecteur-cd-bois-pruche-sn021","status":"publish","type":"product","link":"https:\/\/www.bagnoitalia.com\/fr\/produit\/sauna-infrarouge-150x150-deux-places-deux-chaise-longue-en-bois-chromotherapie-radio-lecteur-cd-bois-pruche-sn021.html","title":{"rendered":"Sauna infrarouge 150&#215;150 , en bois hemlock, deux places, deux chaises longues en bois, chromoth\u00e9rapie, radio, lecteur cd SN021"},"content":{"rendered":"<p><span style=\"text-decoration: underline;\"><span style=\"font-size: 10pt;\"><strong>SAUNA INFRAROUGE 150X150X190H POUR DEUX PERSONNES<\/strong><\/span><\/span><\/p>\n<\/p>\n<ul>\n<li>Dimensions 150x150Px190H cm<\/li>\n<li>8 radiants infrarouges en carbone<\/li>\n<li>2 radiants infrarouges en c\u00e9ramique&nbsp;<\/li>\n<li>Emetteur infrarouge dans le sol<\/li>\n<li>Chromoth\u00e9rapie avec lumi\u00e8re LED<\/li>\n<li>ioniseur<\/li>\n<li>\u00c9clairage int\u00e9rieur<\/li>\n<li>Ordinateur de contr\u00f4le<\/li>\n<li>Radio &#8211; lecteur CD, mp3, usb, carte SD<\/li>\n<li>2 haut-parleurs<\/li>\n<li>Thermom\u00e8tre \u00e9lectronique<\/li>\n<li>Minuterie r\u00e9glable<\/li>\n<li>Ventilation de porte<\/li>\n<li>2 chaises longues en bois<\/li>\n<li>Sauna en bois canadien Hemlock<\/li>\n<li>Verre tremp\u00e9 de 6 mm<\/li>\n<li>Epaisseur des parois de 5 cm<\/li>\n<li>Tension de 220 V<\/li>\n<li>Puissance du sauna: 2740 W<\/li>\n<li>Temp\u00e9rature de fonctionnement 65 \u00b0 C<\/li>\n<\/ul><\/p>\n","protected":false},"excerpt":{"rendered":"<p>Sauna infrarouge \u00e0 deux places 150&#215;150, avec deux chaises longues en bois, chromoth\u00e9rapie, parfumeth\u00e9rapie, radio avec lecteur CD, 8 radiants en carbone et 2 en c\u00e9ramique, structure en bois hemlock<\/p>\n","protected":false},"featured_media":28298,"comment_status":"open","ping_status":"closed","template":"","meta":[],"product_brand":[9909],"product_cat":[9751],"product_tag":[],"class_list":{"0":"post-79642","1":"product","2":"type-product","3":"status-publish","4":"has-post-thumbnail","6":"product_brand-puntorelax-fr","7":"product_cat-saunas-infrarouges","9":"first","10":"instock","11":"sale","12":"taxable","13":"shipping-taxable","14":"purchasable","15":"product-type-simple"},"exclude_global_add_ons":[],"addons":[],"yoast_head":"<!-- This site is optimized with the Yoast SEO plugin v26.7 - https:\/\/yoast.com\/wordpress\/plugins\/seo\/ -->\n<title>Sauna infrarouge 150x150 , en bois hemlock, deux places, deux chaises longues en bois, chromoth\u00e9rapie, radio, lecteur cd SN021<\/title>\n<meta name=\"description\" content=\"Sauna infrarouge 150x150 \u00e0 deux places avec deux chaises longues en bois avec chromoth\u00e9rapie, aromath\u00e9rapie, radio avec lecteur CD, structure en pruche en bois\" \/>\n<meta name=\"robots\" content=\"index, follow, max-snippet:-1, max-image-preview:large, max-video-preview:-1\" \/>\n<link rel=\"canonical\" href=\"https:\/\/www.bagnoitalia.com\/fr\/produit\/sauna-infrarouge-150x150-deux-places-deux-chaise-longue-en-bois-chromotherapie-radio-lecteur-cd-bois-pruche-sn021.html\" \/>\n<meta property=\"og:locale\" content=\"fr_FR\" \/>\n<meta property=\"og:type\" content=\"article\" \/>\n<meta property=\"og:title\" content=\"Sauna infrarouge 150x150 , en bois hemlock, deux places, deux chaises longues en bois, chromoth\u00e9rapie, radio, lecteur cd SN021\" \/>\n<meta property=\"og:description\" content=\"Sauna infrarouge 150x150 \u00e0 deux places avec deux chaises longues en bois avec chromoth\u00e9rapie, aromath\u00e9rapie, radio avec lecteur CD, structure en pruche en bois\" \/>\n<meta property=\"og:url\" content=\"https:\/\/www.bagnoitalia.com\/fr\/produit\/sauna-infrarouge-150x150-deux-places-deux-chaise-longue-en-bois-chromotherapie-radio-lecteur-cd-bois-pruche-sn021.html\" \/>\n<meta property=\"og:site_name\" content=\"Bagno Italia\" \/>\n<meta property=\"article:modified_time\" content=\"2024-05-10T22:12:26+00:00\" \/>\n<meta property=\"og:image\" content=\"https:\/\/img.bagnoitalia.com\/wp-content\/uploads\/virtuemart\/product\/Infrared-sauna-150x150-SN021-1_1542734901_739.jpg\" \/>\n\t<meta property=\"og:image:width\" content=\"531\" \/>\n\t<meta property=\"og:image:height\" content=\"640\" \/>\n\t<meta property=\"og:image:type\" content=\"image\/jpeg\" \/>\n<meta name=\"twitter:card\" content=\"summary_large_image\" \/>\n<script type=\"application\/ld+json\" class=\"yoast-schema-graph\">{\"@context\":\"https:\/\/schema.org\",\"@graph\":[{\"@type\":\"WebPage\",\"@id\":\"https:\/\/www.bagnoitalia.com\/fr\/produit\/sauna-infrarouge-150x150-deux-places-deux-chaise-longue-en-bois-chromotherapie-radio-lecteur-cd-bois-pruche-sn021.html\",\"url\":\"https:\/\/www.bagnoitalia.com\/fr\/produit\/sauna-infrarouge-150x150-deux-places-deux-chaise-longue-en-bois-chromotherapie-radio-lecteur-cd-bois-pruche-sn021.html\",\"name\":\"Sauna infrarouge 150x150 , en bois hemlock, deux places, deux chaises longues en bois, chromoth\u00e9rapie, radio, lecteur cd SN021\",\"isPartOf\":{\"@id\":\"https:\/\/www.bagnoitalia.com\/fr#website\"},\"primaryImageOfPage\":{\"@id\":\"https:\/\/www.bagnoitalia.com\/fr\/produit\/sauna-infrarouge-150x150-deux-places-deux-chaise-longue-en-bois-chromotherapie-radio-lecteur-cd-bois-pruche-sn021.html#primaryimage\"},\"image\":{\"@id\":\"https:\/\/www.bagnoitalia.com\/fr\/produit\/sauna-infrarouge-150x150-deux-places-deux-chaise-longue-en-bois-chromotherapie-radio-lecteur-cd-bois-pruche-sn021.html#primaryimage\"},\"thumbnailUrl\":\"https:\/\/img.bagnoitalia.com\/wp-content\/uploads\/virtuemart\/product\/Infrared-sauna-150x150-SN021-1_1542734901_739.jpg\",\"datePublished\":\"2016-01-15T07:25:44+00:00\",\"dateModified\":\"2024-05-10T22:12:26+00:00\",\"description\":\"Sauna infrarouge 150x150 \u00e0 deux places avec deux chaises longues en bois avec chromoth\u00e9rapie, aromath\u00e9rapie, radio avec lecteur CD, structure en pruche en bois\",\"breadcrumb\":{\"@id\":\"https:\/\/www.bagnoitalia.com\/fr\/produit\/sauna-infrarouge-150x150-deux-places-deux-chaise-longue-en-bois-chromotherapie-radio-lecteur-cd-bois-pruche-sn021.html#breadcrumb\"},\"inLanguage\":\"fr-FR\",\"potentialAction\":[{\"@type\":\"ReadAction\",\"target\":[\"https:\/\/www.bagnoitalia.com\/fr\/produit\/sauna-infrarouge-150x150-deux-places-deux-chaise-longue-en-bois-chromotherapie-radio-lecteur-cd-bois-pruche-sn021.html\"]}]},{\"@type\":\"ImageObject\",\"inLanguage\":\"fr-FR\",\"@id\":\"https:\/\/www.bagnoitalia.com\/fr\/produit\/sauna-infrarouge-150x150-deux-places-deux-chaise-longue-en-bois-chromotherapie-radio-lecteur-cd-bois-pruche-sn021.html#primaryimage\",\"url\":\"https:\/\/img.bagnoitalia.com\/wp-content\/uploads\/virtuemart\/product\/Infrared-sauna-150x150-SN021-1_1542734901_739.jpg\",\"contentUrl\":\"https:\/\/img.bagnoitalia.com\/wp-content\/uploads\/virtuemart\/product\/Infrared-sauna-150x150-SN021-1_1542734901_739.jpg\",\"width\":531,\"height\":640},{\"@type\":\"BreadcrumbList\",\"@id\":\"https:\/\/www.bagnoitalia.com\/fr\/produit\/sauna-infrarouge-150x150-deux-places-deux-chaise-longue-en-bois-chromotherapie-radio-lecteur-cd-bois-pruche-sn021.html#breadcrumb\",\"itemListElement\":[{\"@type\":\"ListItem\",\"position\":1,\"name\":\"Home\",\"item\":\"https:\/\/www.bagnoitalia.com\/fr\"},{\"@type\":\"ListItem\",\"position\":2,\"name\":\"Produits\",\"item\":\"https:\/\/www.bagnoitalia.com\/fr\/shop\"},{\"@type\":\"ListItem\",\"position\":3,\"name\":\"Sauna infrarouge 150&#215;150 , en bois hemlock, deux places, deux chaises longues en bois, chromoth\u00e9rapie, radio, lecteur cd SN021\"}]},{\"@type\":\"WebSite\",\"@id\":\"https:\/\/www.bagnoitalia.com\/fr#website\",\"url\":\"https:\/\/www.bagnoitalia.com\/fr\",\"name\":\"Bagno Italia\",\"description\":\"\",\"publisher\":{\"@id\":\"https:\/\/www.bagnoitalia.com\/fr#organization\"},\"potentialAction\":[{\"@type\":\"SearchAction\",\"target\":{\"@type\":\"EntryPoint\",\"urlTemplate\":\"https:\/\/www.bagnoitalia.com\/fr?s={search_term_string}\"},\"query-input\":{\"@type\":\"PropertyValueSpecification\",\"valueRequired\":true,\"valueName\":\"search_term_string\"}}],\"inLanguage\":\"fr-FR\"},{\"@type\":\"Organization\",\"@id\":\"https:\/\/www.bagnoitalia.com\/fr#organization\",\"name\":\"Bagno Italia\",\"url\":\"https:\/\/www.bagnoitalia.com\/fr\",\"logo\":{\"@type\":\"ImageObject\",\"inLanguage\":\"fr-FR\",\"@id\":\"https:\/\/www.bagnoitalia.com\/fr#\/schema\/logo\/image\/\",\"url\":\"https:\/\/img.bagnoitalia.com\/wp-content\/uploads\/logo-bagnoitalia.webp\",\"contentUrl\":\"https:\/\/img.bagnoitalia.com\/wp-content\/uploads\/logo-bagnoitalia.webp\",\"width\":400,\"height\":70,\"caption\":\"Bagno Italia\"},\"image\":{\"@id\":\"https:\/\/www.bagnoitalia.com\/fr#\/schema\/logo\/image\/\"}}]}<\/script>\n<!-- \/ Yoast SEO plugin. -->","yoast_head_json":{"title":"Sauna infrarouge 150x150 , en bois hemlock, deux places, deux chaises longues en bois, chromoth\u00e9rapie, radio, lecteur cd SN021","description":"Sauna infrarouge 150x150 \u00e0 deux places avec deux chaises longues en bois avec chromoth\u00e9rapie, aromath\u00e9rapie, radio avec lecteur CD, structure en pruche en bois","robots":{"index":"index","follow":"follow","max-snippet":"max-snippet:-1","max-image-preview":"max-image-preview:large","max-video-preview":"max-video-preview:-1"},"canonical":"https:\/\/www.bagnoitalia.com\/fr\/produit\/sauna-infrarouge-150x150-deux-places-deux-chaise-longue-en-bois-chromotherapie-radio-lecteur-cd-bois-pruche-sn021.html","og_locale":"fr_FR","og_type":"article","og_title":"Sauna infrarouge 150x150 , en bois hemlock, deux places, deux chaises longues en bois, chromoth\u00e9rapie, radio, lecteur cd SN021","og_description":"Sauna infrarouge 150x150 \u00e0 deux places avec deux chaises longues en bois avec chromoth\u00e9rapie, aromath\u00e9rapie, radio avec lecteur CD, structure en pruche en bois","og_url":"https:\/\/www.bagnoitalia.com\/fr\/produit\/sauna-infrarouge-150x150-deux-places-deux-chaise-longue-en-bois-chromotherapie-radio-lecteur-cd-bois-pruche-sn021.html","og_site_name":"Bagno Italia","article_modified_time":"2024-05-10T22:12:26+00:00","og_image":[{"width":531,"height":640,"url":"https:\/\/img.bagnoitalia.com\/wp-content\/uploads\/virtuemart\/product\/Infrared-sauna-150x150-SN021-1_1542734901_739.jpg","type":"image\/jpeg"}],"twitter_card":"summary_large_image","schema":{"@context":"https:\/\/schema.org","@graph":[{"@type":"WebPage","@id":"https:\/\/www.bagnoitalia.com\/fr\/produit\/sauna-infrarouge-150x150-deux-places-deux-chaise-longue-en-bois-chromotherapie-radio-lecteur-cd-bois-pruche-sn021.html","url":"https:\/\/www.bagnoitalia.com\/fr\/produit\/sauna-infrarouge-150x150-deux-places-deux-chaise-longue-en-bois-chromotherapie-radio-lecteur-cd-bois-pruche-sn021.html","name":"Sauna infrarouge 150x150 , en bois hemlock, deux places, deux chaises longues en bois, chromoth\u00e9rapie, radio, lecteur cd SN021","isPartOf":{"@id":"https:\/\/www.bagnoitalia.com\/fr#website"},"primaryImageOfPage":{"@id":"https:\/\/www.bagnoitalia.com\/fr\/produit\/sauna-infrarouge-150x150-deux-places-deux-chaise-longue-en-bois-chromotherapie-radio-lecteur-cd-bois-pruche-sn021.html#primaryimage"},"image":{"@id":"https:\/\/www.bagnoitalia.com\/fr\/produit\/sauna-infrarouge-150x150-deux-places-deux-chaise-longue-en-bois-chromotherapie-radio-lecteur-cd-bois-pruche-sn021.html#primaryimage"},"thumbnailUrl":"https:\/\/img.bagnoitalia.com\/wp-content\/uploads\/virtuemart\/product\/Infrared-sauna-150x150-SN021-1_1542734901_739.jpg","datePublished":"2016-01-15T07:25:44+00:00","dateModified":"2024-05-10T22:12:26+00:00","description":"Sauna infrarouge 150x150 \u00e0 deux places avec deux chaises longues en bois avec chromoth\u00e9rapie, aromath\u00e9rapie, radio avec lecteur CD, structure en pruche en bois","breadcrumb":{"@id":"https:\/\/www.bagnoitalia.com\/fr\/produit\/sauna-infrarouge-150x150-deux-places-deux-chaise-longue-en-bois-chromotherapie-radio-lecteur-cd-bois-pruche-sn021.html#breadcrumb"},"inLanguage":"fr-FR","potentialAction":[{"@type":"ReadAction","target":["https:\/\/www.bagnoitalia.com\/fr\/produit\/sauna-infrarouge-150x150-deux-places-deux-chaise-longue-en-bois-chromotherapie-radio-lecteur-cd-bois-pruche-sn021.html"]}]},{"@type":"ImageObject","inLanguage":"fr-FR","@id":"https:\/\/www.bagnoitalia.com\/fr\/produit\/sauna-infrarouge-150x150-deux-places-deux-chaise-longue-en-bois-chromotherapie-radio-lecteur-cd-bois-pruche-sn021.html#primaryimage","url":"https:\/\/img.bagnoitalia.com\/wp-content\/uploads\/virtuemart\/product\/Infrared-sauna-150x150-SN021-1_1542734901_739.jpg","contentUrl":"https:\/\/img.bagnoitalia.com\/wp-content\/uploads\/virtuemart\/product\/Infrared-sauna-150x150-SN021-1_1542734901_739.jpg","width":531,"height":640},{"@type":"BreadcrumbList","@id":"https:\/\/www.bagnoitalia.com\/fr\/produit\/sauna-infrarouge-150x150-deux-places-deux-chaise-longue-en-bois-chromotherapie-radio-lecteur-cd-bois-pruche-sn021.html#breadcrumb","itemListElement":[{"@type":"ListItem","position":1,"name":"Home","item":"https:\/\/www.bagnoitalia.com\/fr"},{"@type":"ListItem","position":2,"name":"Produits","item":"https:\/\/www.bagnoitalia.com\/fr\/shop"},{"@type":"ListItem","position":3,"name":"Sauna infrarouge 150&#215;150 , en bois hemlock, deux places, deux chaises longues en bois, chromoth\u00e9rapie, radio, lecteur cd SN021"}]},{"@type":"WebSite","@id":"https:\/\/www.bagnoitalia.com\/fr#website","url":"https:\/\/www.bagnoitalia.com\/fr","name":"Bagno Italia","description":"","publisher":{"@id":"https:\/\/www.bagnoitalia.com\/fr#organization"},"potentialAction":[{"@type":"SearchAction","target":{"@type":"EntryPoint","urlTemplate":"https:\/\/www.bagnoitalia.com\/fr?s={search_term_string}"},"query-input":{"@type":"PropertyValueSpecification","valueRequired":true,"valueName":"search_term_string"}}],"inLanguage":"fr-FR"},{"@type":"Organization","@id":"https:\/\/www.bagnoitalia.com\/fr#organization","name":"Bagno Italia","url":"https:\/\/www.bagnoitalia.com\/fr","logo":{"@type":"ImageObject","inLanguage":"fr-FR","@id":"https:\/\/www.bagnoitalia.com\/fr#\/schema\/logo\/image\/","url":"https:\/\/img.bagnoitalia.com\/wp-content\/uploads\/logo-bagnoitalia.webp","contentUrl":"https:\/\/img.bagnoitalia.com\/wp-content\/uploads\/logo-bagnoitalia.webp","width":400,"height":70,"caption":"Bagno Italia"},"image":{"@id":"https:\/\/www.bagnoitalia.com\/fr#\/schema\/logo\/image\/"}}]}},"_links":{"self":[{"href":"https:\/\/www.bagnoitalia.com\/fr\/wp-json\/wp\/v2\/product\/79642","targetHints":{"allow":["GET"]}}],"collection":[{"href":"https:\/\/www.bagnoitalia.com\/fr\/wp-json\/wp\/v2\/product"}],"about":[{"href":"https:\/\/www.bagnoitalia.com\/fr\/wp-json\/wp\/v2\/types\/product"}],"replies":[{"embeddable":true,"href":"https:\/\/www.bagnoitalia.com\/fr\/wp-json\/wp\/v2\/comments?post=79642"}],"version-history":[{"count":0,"href":"https:\/\/www.bagnoitalia.com\/fr\/wp-json\/wp\/v2\/product\/79642\/revisions"}],"wp:featuredmedia":[{"embeddable":true,"href":"https:\/\/www.bagnoitalia.com\/fr\/wp-json\/wp\/v2\/media\/28298"}],"wp:attachment":[{"href":"https:\/\/www.bagnoitalia.com\/fr\/wp-json\/wp\/v2\/media?parent=79642"}],"wp:term":[{"taxonomy":"product_brand","embeddable":true,"href":"https:\/\/www.bagnoitalia.com\/fr\/wp-json\/wp\/v2\/product_brand?post=79642"},{"taxonomy":"product_cat","embeddable":true,"href":"https:\/\/www.bagnoitalia.com\/fr\/wp-json\/wp\/v2\/product_cat?post=79642"},{"taxonomy":"product_tag","embeddable":true,"href":"https:\/\/www.bagnoitalia.com\/fr\/wp-json\/wp\/v2\/product_tag?post=79642"}],"curies":[{"name":"wp","href":"https:\/\/api.w.org\/{rel}","templated":true}]}}