{"id":79634,"date":"2016-01-14T09:59:38","date_gmt":"2016-01-14T08:59:38","guid":{"rendered":"https:\/\/www.bagnoitalia.com\/product\/meuble-pour-salle-de-bain-icaro-lavabo-cm-85-en-chene-clair-ou-en-ceramique-laquee-blanche-avec-miroir"},"modified":"2025-09-05T14:17:13","modified_gmt":"2025-09-05T12:17:13","slug":"meuble-pour-salle-de-bain-icaro-lavabo-cm-85-en-chene-clair-ou-en-ceramique-laquee-blanche-avec-miroir","status":"publish","type":"product","link":"https:\/\/www.bagnoitalia.com\/fr\/produit\/meuble-pour-salle-de-bain-icaro-lavabo-cm-85-en-chene-clair-ou-en-ceramique-laquee-blanche-avec-miroir.html","title":{"rendered":"Meuble de salle de bain Icaro, 81 cm, suspendu, gris ou blanc, vasque en c\u00e9ramique et miroir"},"content":{"rendered":"<p><span dir=\"auto\">Le meuble de salle de bain Icaro offre qualit\u00e9 et prix abordable. Avec ses lignes \u00e9l\u00e9gantes et \u00e9pur\u00e9es, il est moderne et fonctionnel, pratique et peu encombrant. Le meuble, en bois stratifi\u00e9, est dot\u00e9 de deux portes avec poign\u00e9es et glissi\u00e8res en m\u00e9tal chrom\u00e9, et est disponible en blanc ou gris clair. Le lavabo en c\u00e9ramique int\u00e9gr\u00e9 comprend \u00e9galement un miroir biseaut\u00e9 de 80 x 60 cm. Une applique murale LED peut \u00eatre ajout\u00e9e via le menu lat\u00e9ral.<\/span><\/p>\n<p>&nbsp;<\/p>\n<p><strong><span dir=\"auto\">Le prix comprend :<\/span><\/strong><\/p>\n<p>&nbsp;<\/p>\n<p><span dir=\"auto\">Base de lavabo 76x31xH67 cm<\/span><\/p>\n<p><span dir=\"auto\">Lavabo int\u00e9gral en c\u00e9ramique 81xPmax46 cm (profondeur sur les c\u00f4t\u00e9s 36,5 cm)<\/span><\/p>\n<p><span dir=\"auto\">Miroir au sol 80x60H<\/span><\/p>\n<p>&nbsp;<\/p>\n<p><span dir=\"auto\">Promotion du mois !<\/span><\/p>\n<p>&nbsp;<\/p>\n<p><strong><span dir=\"auto\">Le meuble est propos\u00e9 et est vendu exclusivement complet<\/span><\/strong><\/p>\n<p>&nbsp;<\/p>\n<p><span dir=\"auto\">Vous pouvez ajouter l&rsquo;applique murale LED depuis le menu lat\u00e9ral<\/span><\/p>\n<p>&nbsp;<\/p>\n<p><strong><span dir=\"auto\">Mat\u00e9riels:<\/span><\/strong><\/p>\n<p><span dir=\"auto\">Structure du meuble en\u00a0<\/span><span dir=\"auto\">bois m\u00e9lamin\u00e9<\/span><\/p>\n<p><span dir=\"auto\">Guides et poign\u00e9es en m\u00e9tal chrom\u00e9<\/span><\/p>\n<p>&nbsp;<\/p>\n<p><span dir=\"auto\">Le meuble est suspendu mais il est possible d&rsquo;ajouter des pieds chrom\u00e9s<\/span><\/p>\n<p>&nbsp;<\/p>\n","protected":false},"excerpt":{"rendered":"<div class=\"woocommerce-product-details__short-description\">\n<p><span dir=\"auto\"><span class=\"\" dir=\"auto\">Meuble de salle de bain Icaro, 81 cm, suspendu, laqu\u00e9 blanc ou gris clair, avec vasque en c\u00e9ramique int\u00e9gr\u00e9e avec miroir, prix promotionnel valable jusqu&rsquo;\u00e0 la fin du mois<\/span><\/span><\/p>\n<\/div>\n<div class=\"woocommerce-product-rating\">\n<div class=\"star-rating\" role=\"img\" aria-label=\"Not\u00e9 4,94 sur 5\"><\/div>\n<\/div>\n","protected":false},"featured_media":110606,"comment_status":"open","ping_status":"closed","template":"","meta":[],"product_brand":[9915],"product_cat":[9719,9659],"product_tag":[],"class_list":{"0":"post-79634","1":"product","2":"type-product","3":"status-publish","4":"has-post-thumbnail","6":"product_brand-brand-store-fr","7":"product_cat-meubles-de-salle-de-bain-de-71-a-100-cm","8":"product_cat-meubles-de-salle-de-bain-bon-marche","10":"first","11":"instock","12":"sale","13":"taxable","14":"shipping-taxable","15":"purchasable","16":"product-type-simple"},"exclude_global_add_ons":false,"addons":[{"name":"couleur","type":"multiple_choice","position":0,"required":true,"title_format":"heading","default":"","description_enable":false,"description":"","placeholder_enable":false,"placeholder":"","display":"select","restrictions_type":"any_text","adjust_price":false,"price":"","price_type":"flat_fee","restrictions":false,"min":"0","max":"0","options":[{"label":"blanc","price":"","price_type":"quantity_based","image":0,"visibility":true},{"label":"gris","price":"","price_type":"quantity_based","image":0,"visibility":true}],"id":1718627537},{"name":"applique","type":"multiple_choice","position":1,"required":true,"title_format":"heading","default":"","description_enable":false,"description":"","placeholder_enable":false,"placeholder":"","display":"select","restrictions_type":"any_text","adjust_price":false,"price":"","price_type":"flat_fee","restrictions":false,"min":"0","max":"0","options":[{"label":"no","price":"","price_type":"quantity_based","image":0,"visibility":true},{"label":"Applique LED chrom\u00e9e","price":"20","price_type":"quantity_based","image":0,"visibility":true},{"label":"Applique LED noir mat","price":"25","price_type":"quantity_based","image":0,"visibility":true}],"id":1718627538}],"yoast_head":"<!-- This site is optimized with the Yoast SEO plugin v26.7 - https:\/\/yoast.com\/wordpress\/plugins\/seo\/ -->\n<title>Meuble de salle de bain suspendu Icaro 85 cm en ch\u00eane clair ou laqu\u00e9 blanc, lavabo en c\u00e9ramique avec miroir<\/title>\n<meta name=\"description\" content=\"El\u00e9ment de salle de bain Icaro cm 85 suspendu ch\u00eane clair ou laqu\u00e9 blanc avec lavabo int\u00e9gr\u00e9 en c\u00e9ramique complet avec miroir\" \/>\n<meta name=\"robots\" content=\"index, follow, max-snippet:-1, max-image-preview:large, max-video-preview:-1\" \/>\n<link rel=\"canonical\" href=\"https:\/\/www.bagnoitalia.com\/fr\/produit\/meuble-pour-salle-de-bain-icaro-lavabo-cm-85-en-chene-clair-ou-en-ceramique-laquee-blanche-avec-miroir.html\" \/>\n<meta property=\"og:locale\" content=\"fr_FR\" \/>\n<meta property=\"og:type\" content=\"article\" \/>\n<meta property=\"og:title\" content=\"Meuble de salle de bain suspendu Icaro 85 cm en ch\u00eane clair ou laqu\u00e9 blanc, lavabo en c\u00e9ramique avec miroir\" \/>\n<meta property=\"og:description\" content=\"El\u00e9ment de salle de bain Icaro cm 85 suspendu ch\u00eane clair ou laqu\u00e9 blanc avec lavabo int\u00e9gr\u00e9 en c\u00e9ramique complet avec miroir\" \/>\n<meta property=\"og:url\" content=\"https:\/\/www.bagnoitalia.com\/fr\/produit\/meuble-pour-salle-de-bain-icaro-lavabo-cm-85-en-chene-clair-ou-en-ceramique-laquee-blanche-avec-miroir.html\" \/>\n<meta property=\"og:site_name\" content=\"Bagno Italia\" \/>\n<meta property=\"article:modified_time\" content=\"2025-09-05T12:17:13+00:00\" \/>\n<meta property=\"og:image\" content=\"https:\/\/img.bagnoitalia.com\/wp-content\/uploads\/mobile-bagno-icaro-81-bianco-grigio.jpg\" \/>\n\t<meta property=\"og:image:width\" content=\"900\" \/>\n\t<meta property=\"og:image:height\" content=\"900\" \/>\n\t<meta property=\"og:image:type\" content=\"image\/jpeg\" \/>\n<meta name=\"twitter:card\" content=\"summary_large_image\" \/>\n<meta name=\"twitter:label1\" content=\"Dur\u00e9e de lecture estim\u00e9e\" \/>\n\t<meta name=\"twitter:data1\" content=\"1 minute\" \/>\n<script type=\"application\/ld+json\" class=\"yoast-schema-graph\">{\"@context\":\"https:\/\/schema.org\",\"@graph\":[{\"@type\":\"WebPage\",\"@id\":\"https:\/\/www.bagnoitalia.com\/fr\/produit\/meuble-pour-salle-de-bain-icaro-lavabo-cm-85-en-chene-clair-ou-en-ceramique-laquee-blanche-avec-miroir.html\",\"url\":\"https:\/\/www.bagnoitalia.com\/fr\/produit\/meuble-pour-salle-de-bain-icaro-lavabo-cm-85-en-chene-clair-ou-en-ceramique-laquee-blanche-avec-miroir.html\",\"name\":\"Meuble de salle de bain suspendu Icaro 85 cm en ch\u00eane clair ou laqu\u00e9 blanc, lavabo en c\u00e9ramique avec miroir\",\"isPartOf\":{\"@id\":\"https:\/\/www.bagnoitalia.com\/fr#website\"},\"primaryImageOfPage\":{\"@id\":\"https:\/\/www.bagnoitalia.com\/fr\/produit\/meuble-pour-salle-de-bain-icaro-lavabo-cm-85-en-chene-clair-ou-en-ceramique-laquee-blanche-avec-miroir.html#primaryimage\"},\"image\":{\"@id\":\"https:\/\/www.bagnoitalia.com\/fr\/produit\/meuble-pour-salle-de-bain-icaro-lavabo-cm-85-en-chene-clair-ou-en-ceramique-laquee-blanche-avec-miroir.html#primaryimage\"},\"thumbnailUrl\":\"https:\/\/img.bagnoitalia.com\/wp-content\/uploads\/mobile-bagno-icaro-81-bianco-grigio.jpg\",\"datePublished\":\"2016-01-14T08:59:38+00:00\",\"dateModified\":\"2025-09-05T12:17:13+00:00\",\"description\":\"El\u00e9ment de salle de bain Icaro cm 85 suspendu ch\u00eane clair ou laqu\u00e9 blanc avec lavabo int\u00e9gr\u00e9 en c\u00e9ramique complet avec miroir\",\"breadcrumb\":{\"@id\":\"https:\/\/www.bagnoitalia.com\/fr\/produit\/meuble-pour-salle-de-bain-icaro-lavabo-cm-85-en-chene-clair-ou-en-ceramique-laquee-blanche-avec-miroir.html#breadcrumb\"},\"inLanguage\":\"fr-FR\",\"potentialAction\":[{\"@type\":\"ReadAction\",\"target\":[\"https:\/\/www.bagnoitalia.com\/fr\/produit\/meuble-pour-salle-de-bain-icaro-lavabo-cm-85-en-chene-clair-ou-en-ceramique-laquee-blanche-avec-miroir.html\"]}]},{\"@type\":\"ImageObject\",\"inLanguage\":\"fr-FR\",\"@id\":\"https:\/\/www.bagnoitalia.com\/fr\/produit\/meuble-pour-salle-de-bain-icaro-lavabo-cm-85-en-chene-clair-ou-en-ceramique-laquee-blanche-avec-miroir.html#primaryimage\",\"url\":\"https:\/\/img.bagnoitalia.com\/wp-content\/uploads\/mobile-bagno-icaro-81-bianco-grigio.jpg\",\"contentUrl\":\"https:\/\/img.bagnoitalia.com\/wp-content\/uploads\/mobile-bagno-icaro-81-bianco-grigio.jpg\",\"width\":900,\"height\":900},{\"@type\":\"BreadcrumbList\",\"@id\":\"https:\/\/www.bagnoitalia.com\/fr\/produit\/meuble-pour-salle-de-bain-icaro-lavabo-cm-85-en-chene-clair-ou-en-ceramique-laquee-blanche-avec-miroir.html#breadcrumb\",\"itemListElement\":[{\"@type\":\"ListItem\",\"position\":1,\"name\":\"Home\",\"item\":\"https:\/\/www.bagnoitalia.com\/fr\"},{\"@type\":\"ListItem\",\"position\":2,\"name\":\"Produits\",\"item\":\"https:\/\/www.bagnoitalia.com\/fr\/shop\"},{\"@type\":\"ListItem\",\"position\":3,\"name\":\"Meuble de salle de bain Icaro, 81 cm, suspendu, gris ou blanc, vasque en c\u00e9ramique et miroir\"}]},{\"@type\":\"WebSite\",\"@id\":\"https:\/\/www.bagnoitalia.com\/fr#website\",\"url\":\"https:\/\/www.bagnoitalia.com\/fr\",\"name\":\"Bagno Italia\",\"description\":\"\",\"publisher\":{\"@id\":\"https:\/\/www.bagnoitalia.com\/fr#organization\"},\"potentialAction\":[{\"@type\":\"SearchAction\",\"target\":{\"@type\":\"EntryPoint\",\"urlTemplate\":\"https:\/\/www.bagnoitalia.com\/fr?s={search_term_string}\"},\"query-input\":{\"@type\":\"PropertyValueSpecification\",\"valueRequired\":true,\"valueName\":\"search_term_string\"}}],\"inLanguage\":\"fr-FR\"},{\"@type\":\"Organization\",\"@id\":\"https:\/\/www.bagnoitalia.com\/fr#organization\",\"name\":\"Bagno Italia\",\"url\":\"https:\/\/www.bagnoitalia.com\/fr\",\"logo\":{\"@type\":\"ImageObject\",\"inLanguage\":\"fr-FR\",\"@id\":\"https:\/\/www.bagnoitalia.com\/fr#\/schema\/logo\/image\/\",\"url\":\"https:\/\/img.bagnoitalia.com\/wp-content\/uploads\/logo-bagnoitalia.webp\",\"contentUrl\":\"https:\/\/img.bagnoitalia.com\/wp-content\/uploads\/logo-bagnoitalia.webp\",\"width\":400,\"height\":70,\"caption\":\"Bagno Italia\"},\"image\":{\"@id\":\"https:\/\/www.bagnoitalia.com\/fr#\/schema\/logo\/image\/\"}}]}<\/script>\n<!-- \/ Yoast SEO plugin. -->","yoast_head_json":{"title":"Meuble de salle de bain suspendu Icaro 85 cm en ch\u00eane clair ou laqu\u00e9 blanc, lavabo en c\u00e9ramique avec miroir","description":"El\u00e9ment de salle de bain Icaro cm 85 suspendu ch\u00eane clair ou laqu\u00e9 blanc avec lavabo int\u00e9gr\u00e9 en c\u00e9ramique complet avec miroir","robots":{"index":"index","follow":"follow","max-snippet":"max-snippet:-1","max-image-preview":"max-image-preview:large","max-video-preview":"max-video-preview:-1"},"canonical":"https:\/\/www.bagnoitalia.com\/fr\/produit\/meuble-pour-salle-de-bain-icaro-lavabo-cm-85-en-chene-clair-ou-en-ceramique-laquee-blanche-avec-miroir.html","og_locale":"fr_FR","og_type":"article","og_title":"Meuble de salle de bain suspendu Icaro 85 cm en ch\u00eane clair ou laqu\u00e9 blanc, lavabo en c\u00e9ramique avec miroir","og_description":"El\u00e9ment de salle de bain Icaro cm 85 suspendu ch\u00eane clair ou laqu\u00e9 blanc avec lavabo int\u00e9gr\u00e9 en c\u00e9ramique complet avec miroir","og_url":"https:\/\/www.bagnoitalia.com\/fr\/produit\/meuble-pour-salle-de-bain-icaro-lavabo-cm-85-en-chene-clair-ou-en-ceramique-laquee-blanche-avec-miroir.html","og_site_name":"Bagno Italia","article_modified_time":"2025-09-05T12:17:13+00:00","og_image":[{"width":900,"height":900,"url":"https:\/\/img.bagnoitalia.com\/wp-content\/uploads\/mobile-bagno-icaro-81-bianco-grigio.jpg","type":"image\/jpeg"}],"twitter_card":"summary_large_image","twitter_misc":{"Dur\u00e9e de lecture estim\u00e9e":"1 minute"},"schema":{"@context":"https:\/\/schema.org","@graph":[{"@type":"WebPage","@id":"https:\/\/www.bagnoitalia.com\/fr\/produit\/meuble-pour-salle-de-bain-icaro-lavabo-cm-85-en-chene-clair-ou-en-ceramique-laquee-blanche-avec-miroir.html","url":"https:\/\/www.bagnoitalia.com\/fr\/produit\/meuble-pour-salle-de-bain-icaro-lavabo-cm-85-en-chene-clair-ou-en-ceramique-laquee-blanche-avec-miroir.html","name":"Meuble de salle de bain suspendu Icaro 85 cm en ch\u00eane clair ou laqu\u00e9 blanc, lavabo en c\u00e9ramique avec miroir","isPartOf":{"@id":"https:\/\/www.bagnoitalia.com\/fr#website"},"primaryImageOfPage":{"@id":"https:\/\/www.bagnoitalia.com\/fr\/produit\/meuble-pour-salle-de-bain-icaro-lavabo-cm-85-en-chene-clair-ou-en-ceramique-laquee-blanche-avec-miroir.html#primaryimage"},"image":{"@id":"https:\/\/www.bagnoitalia.com\/fr\/produit\/meuble-pour-salle-de-bain-icaro-lavabo-cm-85-en-chene-clair-ou-en-ceramique-laquee-blanche-avec-miroir.html#primaryimage"},"thumbnailUrl":"https:\/\/img.bagnoitalia.com\/wp-content\/uploads\/mobile-bagno-icaro-81-bianco-grigio.jpg","datePublished":"2016-01-14T08:59:38+00:00","dateModified":"2025-09-05T12:17:13+00:00","description":"El\u00e9ment de salle de bain Icaro cm 85 suspendu ch\u00eane clair ou laqu\u00e9 blanc avec lavabo int\u00e9gr\u00e9 en c\u00e9ramique complet avec miroir","breadcrumb":{"@id":"https:\/\/www.bagnoitalia.com\/fr\/produit\/meuble-pour-salle-de-bain-icaro-lavabo-cm-85-en-chene-clair-ou-en-ceramique-laquee-blanche-avec-miroir.html#breadcrumb"},"inLanguage":"fr-FR","potentialAction":[{"@type":"ReadAction","target":["https:\/\/www.bagnoitalia.com\/fr\/produit\/meuble-pour-salle-de-bain-icaro-lavabo-cm-85-en-chene-clair-ou-en-ceramique-laquee-blanche-avec-miroir.html"]}]},{"@type":"ImageObject","inLanguage":"fr-FR","@id":"https:\/\/www.bagnoitalia.com\/fr\/produit\/meuble-pour-salle-de-bain-icaro-lavabo-cm-85-en-chene-clair-ou-en-ceramique-laquee-blanche-avec-miroir.html#primaryimage","url":"https:\/\/img.bagnoitalia.com\/wp-content\/uploads\/mobile-bagno-icaro-81-bianco-grigio.jpg","contentUrl":"https:\/\/img.bagnoitalia.com\/wp-content\/uploads\/mobile-bagno-icaro-81-bianco-grigio.jpg","width":900,"height":900},{"@type":"BreadcrumbList","@id":"https:\/\/www.bagnoitalia.com\/fr\/produit\/meuble-pour-salle-de-bain-icaro-lavabo-cm-85-en-chene-clair-ou-en-ceramique-laquee-blanche-avec-miroir.html#breadcrumb","itemListElement":[{"@type":"ListItem","position":1,"name":"Home","item":"https:\/\/www.bagnoitalia.com\/fr"},{"@type":"ListItem","position":2,"name":"Produits","item":"https:\/\/www.bagnoitalia.com\/fr\/shop"},{"@type":"ListItem","position":3,"name":"Meuble de salle de bain Icaro, 81 cm, suspendu, gris ou blanc, vasque en c\u00e9ramique et miroir"}]},{"@type":"WebSite","@id":"https:\/\/www.bagnoitalia.com\/fr#website","url":"https:\/\/www.bagnoitalia.com\/fr","name":"Bagno Italia","description":"","publisher":{"@id":"https:\/\/www.bagnoitalia.com\/fr#organization"},"potentialAction":[{"@type":"SearchAction","target":{"@type":"EntryPoint","urlTemplate":"https:\/\/www.bagnoitalia.com\/fr?s={search_term_string}"},"query-input":{"@type":"PropertyValueSpecification","valueRequired":true,"valueName":"search_term_string"}}],"inLanguage":"fr-FR"},{"@type":"Organization","@id":"https:\/\/www.bagnoitalia.com\/fr#organization","name":"Bagno Italia","url":"https:\/\/www.bagnoitalia.com\/fr","logo":{"@type":"ImageObject","inLanguage":"fr-FR","@id":"https:\/\/www.bagnoitalia.com\/fr#\/schema\/logo\/image\/","url":"https:\/\/img.bagnoitalia.com\/wp-content\/uploads\/logo-bagnoitalia.webp","contentUrl":"https:\/\/img.bagnoitalia.com\/wp-content\/uploads\/logo-bagnoitalia.webp","width":400,"height":70,"caption":"Bagno Italia"},"image":{"@id":"https:\/\/www.bagnoitalia.com\/fr#\/schema\/logo\/image\/"}}]}},"_links":{"self":[{"href":"https:\/\/www.bagnoitalia.com\/fr\/wp-json\/wp\/v2\/product\/79634","targetHints":{"allow":["GET"]}}],"collection":[{"href":"https:\/\/www.bagnoitalia.com\/fr\/wp-json\/wp\/v2\/product"}],"about":[{"href":"https:\/\/www.bagnoitalia.com\/fr\/wp-json\/wp\/v2\/types\/product"}],"replies":[{"embeddable":true,"href":"https:\/\/www.bagnoitalia.com\/fr\/wp-json\/wp\/v2\/comments?post=79634"}],"version-history":[{"count":3,"href":"https:\/\/www.bagnoitalia.com\/fr\/wp-json\/wp\/v2\/product\/79634\/revisions"}],"predecessor-version":[{"id":110609,"href":"https:\/\/www.bagnoitalia.com\/fr\/wp-json\/wp\/v2\/product\/79634\/revisions\/110609"}],"wp:featuredmedia":[{"embeddable":true,"href":"https:\/\/www.bagnoitalia.com\/fr\/wp-json\/wp\/v2\/media\/110606"}],"wp:attachment":[{"href":"https:\/\/www.bagnoitalia.com\/fr\/wp-json\/wp\/v2\/media?parent=79634"}],"wp:term":[{"taxonomy":"product_brand","embeddable":true,"href":"https:\/\/www.bagnoitalia.com\/fr\/wp-json\/wp\/v2\/product_brand?post=79634"},{"taxonomy":"product_cat","embeddable":true,"href":"https:\/\/www.bagnoitalia.com\/fr\/wp-json\/wp\/v2\/product_cat?post=79634"},{"taxonomy":"product_tag","embeddable":true,"href":"https:\/\/www.bagnoitalia.com\/fr\/wp-json\/wp\/v2\/product_tag?post=79634"}],"curies":[{"name":"wp","href":"https:\/\/api.w.org\/{rel}","templated":true}]}}