{"id":79630,"date":"2016-01-12T09:51:40","date_gmt":"2016-01-12T08:51:40","guid":{"rendered":"https:\/\/www.bagnoitalia.com\/product\/cabine-de-douche-semi-circulaire-en-verre-fume-opaque-transparent-de-8mm-disponible-en-differentes-tailles-box034"},"modified":"2024-05-16T16:54:22","modified_gmt":"2024-05-16T14:54:22","slug":"cabine-de-douche-semi-circulaire-en-verre-fume-opaque-transparent-de-8mm-disponible-en-differentes-tailles-box034","status":"publish","type":"product","link":"https:\/\/www.bagnoitalia.com\/fr\/produit\/cabine-de-douche-semi-circulaire-en-verre-fume-opaque-transparent-de-8mm-disponible-en-differentes-tailles-box034.html","title":{"rendered":"Cabine de douche semi-circulaire en verre transparent, opaque ou fum\u00e9 de 8mm disponible en plusieurs dimensions BOX034"},"content":{"rendered":"<p><span style=\"text-decoration: underline;\"><strong>Cabine de douche semi-circulaire en verre tremp\u00e9 8mm H = 190 cm <br \/><\/strong><\/span><\/p>\n<p> \u2022 Verre tremp\u00e9 de 8 mm <br \/> \u2022 2 portes coulissantes \u00e0 rail en aluminium <br \/> \u2022 4 glissi\u00e8res en acier <br \/> \u2022 Rails inf\u00e9rieurs pour portes coulissantes en acier inoxydable<br \/> \u2022 Structure en aluminium et vis cach\u00e9es <br \/> \u2022 Adaptabilit\u00e9 -10, + 5 mm par c\u00f4t\u00e9 <br \/> \u2022 Rayon de courbure de 61,5 cm <br \/> \u2022 vis en acier inoxydable <br \/> \u2022 Poign\u00e9es en acier chrom\u00e9 <br \/> \u2022 Installation possible sur des murs inclin\u00e9s (15-20 mm), sur&nbsp;receveur ou directement au sol <br \/> \u2022 Finition des verre: transparent, opaque ou fum\u00e9 <\/p>\n","protected":false},"excerpt":{"rendered":"<p>Cabine de douche semi-circulaire 8mm en verre transparent, opaque ou fum\u00e9, disponible dans les dimensions suivantes: 80&#215;80, 90&#215;90 ou 100&#215;100 cm H = 190 cm<\/p>\n","protected":false},"featured_media":28138,"comment_status":"open","ping_status":"closed","template":"","meta":[],"product_brand":[9918],"product_cat":[15],"product_tag":[],"class_list":{"0":"post-79630","1":"product","2":"type-product","3":"status-publish","4":"has-post-thumbnail","6":"product_brand-goccioline-ambrosia-group-fr","7":"product_cat-senza-categoria","9":"first","10":"outofstock","11":"taxable","12":"shipping-taxable","13":"purchasable","14":"product-type-simple"},"exclude_global_add_ons":false,"addons":[{"name":"CAMPI_DIMENSIONI\r\n","type":"select","position":0,"required":true,"title_format":"label","default":"","description_enable":false,"description":"","placeholder_enable":false,"placeholder":"","display":"select","restrictions_type":"any_text","adjust_price":false,"price":"","price_type":"","restrictions":false,"min":"0","max":"0","options":[]}],"yoast_head":"<!-- This site is optimized with the Yoast SEO plugin v26.7 - https:\/\/yoast.com\/wordpress\/plugins\/seo\/ -->\n<title>Cabine de douche semi-circulaire en verre transparent, opaque ou fum\u00e9 de 8mm disponible en plusieurs dimensions BOX034<\/title>\n<meta name=\"description\" content=\"Paroi de douche semi-circulaire de 8mm en verre transparent, opaque ou fum\u00e9 disponible en formats 80x80 90x90 100x100\" \/>\n<meta name=\"robots\" content=\"index, follow, max-snippet:-1, max-image-preview:large, max-video-preview:-1\" \/>\n<link rel=\"canonical\" href=\"https:\/\/www.bagnoitalia.com\/fr\/produit\/cabine-de-douche-semi-circulaire-en-verre-fume-opaque-transparent-de-8mm-disponible-en-differentes-tailles-box034.html\" \/>\n<meta property=\"og:locale\" content=\"fr_FR\" \/>\n<meta property=\"og:type\" content=\"article\" \/>\n<meta property=\"og:title\" content=\"Cabine de douche semi-circulaire en verre transparent, opaque ou fum\u00e9 de 8mm disponible en plusieurs dimensions BOX034\" \/>\n<meta property=\"og:description\" content=\"Paroi de douche semi-circulaire de 8mm en verre transparent, opaque ou fum\u00e9 disponible en formats 80x80 90x90 100x100\" \/>\n<meta property=\"og:url\" content=\"https:\/\/www.bagnoitalia.com\/fr\/produit\/cabine-de-douche-semi-circulaire-en-verre-fume-opaque-transparent-de-8mm-disponible-en-differentes-tailles-box034.html\" \/>\n<meta property=\"og:site_name\" content=\"Bagno Italia\" \/>\n<meta property=\"article:modified_time\" content=\"2024-05-16T14:54:22+00:00\" \/>\n<meta property=\"og:image\" content=\"https:\/\/img.bagnoitalia.com\/wp-content\/uploads\/virtuemart\/product\/semicircular-shower-enclosure-various-sizes-8mm-box034-1_1543572942_586.jpg\" \/>\n\t<meta property=\"og:image:width\" content=\"500\" \/>\n\t<meta property=\"og:image:height\" content=\"500\" \/>\n\t<meta property=\"og:image:type\" content=\"image\/jpeg\" \/>\n<meta name=\"twitter:card\" content=\"summary_large_image\" \/>\n<script type=\"application\/ld+json\" class=\"yoast-schema-graph\">{\"@context\":\"https:\/\/schema.org\",\"@graph\":[{\"@type\":\"WebPage\",\"@id\":\"https:\/\/www.bagnoitalia.com\/fr\/produit\/cabine-de-douche-semi-circulaire-en-verre-fume-opaque-transparent-de-8mm-disponible-en-differentes-tailles-box034.html\",\"url\":\"https:\/\/www.bagnoitalia.com\/fr\/produit\/cabine-de-douche-semi-circulaire-en-verre-fume-opaque-transparent-de-8mm-disponible-en-differentes-tailles-box034.html\",\"name\":\"Cabine de douche semi-circulaire en verre transparent, opaque ou fum\u00e9 de 8mm disponible en plusieurs dimensions BOX034\",\"isPartOf\":{\"@id\":\"https:\/\/www.bagnoitalia.com\/fr#website\"},\"primaryImageOfPage\":{\"@id\":\"https:\/\/www.bagnoitalia.com\/fr\/produit\/cabine-de-douche-semi-circulaire-en-verre-fume-opaque-transparent-de-8mm-disponible-en-differentes-tailles-box034.html#primaryimage\"},\"image\":{\"@id\":\"https:\/\/www.bagnoitalia.com\/fr\/produit\/cabine-de-douche-semi-circulaire-en-verre-fume-opaque-transparent-de-8mm-disponible-en-differentes-tailles-box034.html#primaryimage\"},\"thumbnailUrl\":\"https:\/\/img.bagnoitalia.com\/wp-content\/uploads\/virtuemart\/product\/semicircular-shower-enclosure-various-sizes-8mm-box034-1_1543572942_586.jpg\",\"datePublished\":\"2016-01-12T08:51:40+00:00\",\"dateModified\":\"2024-05-16T14:54:22+00:00\",\"description\":\"Paroi de douche semi-circulaire de 8mm en verre transparent, opaque ou fum\u00e9 disponible en formats 80x80 90x90 100x100\",\"breadcrumb\":{\"@id\":\"https:\/\/www.bagnoitalia.com\/fr\/produit\/cabine-de-douche-semi-circulaire-en-verre-fume-opaque-transparent-de-8mm-disponible-en-differentes-tailles-box034.html#breadcrumb\"},\"inLanguage\":\"fr-FR\",\"potentialAction\":[{\"@type\":\"ReadAction\",\"target\":[\"https:\/\/www.bagnoitalia.com\/fr\/produit\/cabine-de-douche-semi-circulaire-en-verre-fume-opaque-transparent-de-8mm-disponible-en-differentes-tailles-box034.html\"]}]},{\"@type\":\"ImageObject\",\"inLanguage\":\"fr-FR\",\"@id\":\"https:\/\/www.bagnoitalia.com\/fr\/produit\/cabine-de-douche-semi-circulaire-en-verre-fume-opaque-transparent-de-8mm-disponible-en-differentes-tailles-box034.html#primaryimage\",\"url\":\"https:\/\/img.bagnoitalia.com\/wp-content\/uploads\/virtuemart\/product\/semicircular-shower-enclosure-various-sizes-8mm-box034-1_1543572942_586.jpg\",\"contentUrl\":\"https:\/\/img.bagnoitalia.com\/wp-content\/uploads\/virtuemart\/product\/semicircular-shower-enclosure-various-sizes-8mm-box034-1_1543572942_586.jpg\",\"width\":500,\"height\":500},{\"@type\":\"BreadcrumbList\",\"@id\":\"https:\/\/www.bagnoitalia.com\/fr\/produit\/cabine-de-douche-semi-circulaire-en-verre-fume-opaque-transparent-de-8mm-disponible-en-differentes-tailles-box034.html#breadcrumb\",\"itemListElement\":[{\"@type\":\"ListItem\",\"position\":1,\"name\":\"Home\",\"item\":\"https:\/\/www.bagnoitalia.com\/fr\"},{\"@type\":\"ListItem\",\"position\":2,\"name\":\"Produits\",\"item\":\"https:\/\/www.bagnoitalia.com\/fr\/shop\"},{\"@type\":\"ListItem\",\"position\":3,\"name\":\"Cabine de douche semi-circulaire en verre transparent, opaque ou fum\u00e9 de 8mm disponible en plusieurs dimensions BOX034\"}]},{\"@type\":\"WebSite\",\"@id\":\"https:\/\/www.bagnoitalia.com\/fr#website\",\"url\":\"https:\/\/www.bagnoitalia.com\/fr\",\"name\":\"Bagno Italia\",\"description\":\"\",\"publisher\":{\"@id\":\"https:\/\/www.bagnoitalia.com\/fr#organization\"},\"potentialAction\":[{\"@type\":\"SearchAction\",\"target\":{\"@type\":\"EntryPoint\",\"urlTemplate\":\"https:\/\/www.bagnoitalia.com\/fr?s={search_term_string}\"},\"query-input\":{\"@type\":\"PropertyValueSpecification\",\"valueRequired\":true,\"valueName\":\"search_term_string\"}}],\"inLanguage\":\"fr-FR\"},{\"@type\":\"Organization\",\"@id\":\"https:\/\/www.bagnoitalia.com\/fr#organization\",\"name\":\"Bagno Italia\",\"url\":\"https:\/\/www.bagnoitalia.com\/fr\",\"logo\":{\"@type\":\"ImageObject\",\"inLanguage\":\"fr-FR\",\"@id\":\"https:\/\/www.bagnoitalia.com\/fr#\/schema\/logo\/image\/\",\"url\":\"https:\/\/img.bagnoitalia.com\/wp-content\/uploads\/logo-bagnoitalia.webp\",\"contentUrl\":\"https:\/\/img.bagnoitalia.com\/wp-content\/uploads\/logo-bagnoitalia.webp\",\"width\":400,\"height\":70,\"caption\":\"Bagno Italia\"},\"image\":{\"@id\":\"https:\/\/www.bagnoitalia.com\/fr#\/schema\/logo\/image\/\"}}]}<\/script>\n<!-- \/ Yoast SEO plugin. -->","yoast_head_json":{"title":"Cabine de douche semi-circulaire en verre transparent, opaque ou fum\u00e9 de 8mm disponible en plusieurs dimensions BOX034","description":"Paroi de douche semi-circulaire de 8mm en verre transparent, opaque ou fum\u00e9 disponible en formats 80x80 90x90 100x100","robots":{"index":"index","follow":"follow","max-snippet":"max-snippet:-1","max-image-preview":"max-image-preview:large","max-video-preview":"max-video-preview:-1"},"canonical":"https:\/\/www.bagnoitalia.com\/fr\/produit\/cabine-de-douche-semi-circulaire-en-verre-fume-opaque-transparent-de-8mm-disponible-en-differentes-tailles-box034.html","og_locale":"fr_FR","og_type":"article","og_title":"Cabine de douche semi-circulaire en verre transparent, opaque ou fum\u00e9 de 8mm disponible en plusieurs dimensions BOX034","og_description":"Paroi de douche semi-circulaire de 8mm en verre transparent, opaque ou fum\u00e9 disponible en formats 80x80 90x90 100x100","og_url":"https:\/\/www.bagnoitalia.com\/fr\/produit\/cabine-de-douche-semi-circulaire-en-verre-fume-opaque-transparent-de-8mm-disponible-en-differentes-tailles-box034.html","og_site_name":"Bagno Italia","article_modified_time":"2024-05-16T14:54:22+00:00","og_image":[{"width":500,"height":500,"url":"https:\/\/img.bagnoitalia.com\/wp-content\/uploads\/virtuemart\/product\/semicircular-shower-enclosure-various-sizes-8mm-box034-1_1543572942_586.jpg","type":"image\/jpeg"}],"twitter_card":"summary_large_image","schema":{"@context":"https:\/\/schema.org","@graph":[{"@type":"WebPage","@id":"https:\/\/www.bagnoitalia.com\/fr\/produit\/cabine-de-douche-semi-circulaire-en-verre-fume-opaque-transparent-de-8mm-disponible-en-differentes-tailles-box034.html","url":"https:\/\/www.bagnoitalia.com\/fr\/produit\/cabine-de-douche-semi-circulaire-en-verre-fume-opaque-transparent-de-8mm-disponible-en-differentes-tailles-box034.html","name":"Cabine de douche semi-circulaire en verre transparent, opaque ou fum\u00e9 de 8mm disponible en plusieurs dimensions BOX034","isPartOf":{"@id":"https:\/\/www.bagnoitalia.com\/fr#website"},"primaryImageOfPage":{"@id":"https:\/\/www.bagnoitalia.com\/fr\/produit\/cabine-de-douche-semi-circulaire-en-verre-fume-opaque-transparent-de-8mm-disponible-en-differentes-tailles-box034.html#primaryimage"},"image":{"@id":"https:\/\/www.bagnoitalia.com\/fr\/produit\/cabine-de-douche-semi-circulaire-en-verre-fume-opaque-transparent-de-8mm-disponible-en-differentes-tailles-box034.html#primaryimage"},"thumbnailUrl":"https:\/\/img.bagnoitalia.com\/wp-content\/uploads\/virtuemart\/product\/semicircular-shower-enclosure-various-sizes-8mm-box034-1_1543572942_586.jpg","datePublished":"2016-01-12T08:51:40+00:00","dateModified":"2024-05-16T14:54:22+00:00","description":"Paroi de douche semi-circulaire de 8mm en verre transparent, opaque ou fum\u00e9 disponible en formats 80x80 90x90 100x100","breadcrumb":{"@id":"https:\/\/www.bagnoitalia.com\/fr\/produit\/cabine-de-douche-semi-circulaire-en-verre-fume-opaque-transparent-de-8mm-disponible-en-differentes-tailles-box034.html#breadcrumb"},"inLanguage":"fr-FR","potentialAction":[{"@type":"ReadAction","target":["https:\/\/www.bagnoitalia.com\/fr\/produit\/cabine-de-douche-semi-circulaire-en-verre-fume-opaque-transparent-de-8mm-disponible-en-differentes-tailles-box034.html"]}]},{"@type":"ImageObject","inLanguage":"fr-FR","@id":"https:\/\/www.bagnoitalia.com\/fr\/produit\/cabine-de-douche-semi-circulaire-en-verre-fume-opaque-transparent-de-8mm-disponible-en-differentes-tailles-box034.html#primaryimage","url":"https:\/\/img.bagnoitalia.com\/wp-content\/uploads\/virtuemart\/product\/semicircular-shower-enclosure-various-sizes-8mm-box034-1_1543572942_586.jpg","contentUrl":"https:\/\/img.bagnoitalia.com\/wp-content\/uploads\/virtuemart\/product\/semicircular-shower-enclosure-various-sizes-8mm-box034-1_1543572942_586.jpg","width":500,"height":500},{"@type":"BreadcrumbList","@id":"https:\/\/www.bagnoitalia.com\/fr\/produit\/cabine-de-douche-semi-circulaire-en-verre-fume-opaque-transparent-de-8mm-disponible-en-differentes-tailles-box034.html#breadcrumb","itemListElement":[{"@type":"ListItem","position":1,"name":"Home","item":"https:\/\/www.bagnoitalia.com\/fr"},{"@type":"ListItem","position":2,"name":"Produits","item":"https:\/\/www.bagnoitalia.com\/fr\/shop"},{"@type":"ListItem","position":3,"name":"Cabine de douche semi-circulaire en verre transparent, opaque ou fum\u00e9 de 8mm disponible en plusieurs dimensions BOX034"}]},{"@type":"WebSite","@id":"https:\/\/www.bagnoitalia.com\/fr#website","url":"https:\/\/www.bagnoitalia.com\/fr","name":"Bagno Italia","description":"","publisher":{"@id":"https:\/\/www.bagnoitalia.com\/fr#organization"},"potentialAction":[{"@type":"SearchAction","target":{"@type":"EntryPoint","urlTemplate":"https:\/\/www.bagnoitalia.com\/fr?s={search_term_string}"},"query-input":{"@type":"PropertyValueSpecification","valueRequired":true,"valueName":"search_term_string"}}],"inLanguage":"fr-FR"},{"@type":"Organization","@id":"https:\/\/www.bagnoitalia.com\/fr#organization","name":"Bagno Italia","url":"https:\/\/www.bagnoitalia.com\/fr","logo":{"@type":"ImageObject","inLanguage":"fr-FR","@id":"https:\/\/www.bagnoitalia.com\/fr#\/schema\/logo\/image\/","url":"https:\/\/img.bagnoitalia.com\/wp-content\/uploads\/logo-bagnoitalia.webp","contentUrl":"https:\/\/img.bagnoitalia.com\/wp-content\/uploads\/logo-bagnoitalia.webp","width":400,"height":70,"caption":"Bagno Italia"},"image":{"@id":"https:\/\/www.bagnoitalia.com\/fr#\/schema\/logo\/image\/"}}]}},"_links":{"self":[{"href":"https:\/\/www.bagnoitalia.com\/fr\/wp-json\/wp\/v2\/product\/79630","targetHints":{"allow":["GET"]}}],"collection":[{"href":"https:\/\/www.bagnoitalia.com\/fr\/wp-json\/wp\/v2\/product"}],"about":[{"href":"https:\/\/www.bagnoitalia.com\/fr\/wp-json\/wp\/v2\/types\/product"}],"replies":[{"embeddable":true,"href":"https:\/\/www.bagnoitalia.com\/fr\/wp-json\/wp\/v2\/comments?post=79630"}],"version-history":[{"count":0,"href":"https:\/\/www.bagnoitalia.com\/fr\/wp-json\/wp\/v2\/product\/79630\/revisions"}],"wp:featuredmedia":[{"embeddable":true,"href":"https:\/\/www.bagnoitalia.com\/fr\/wp-json\/wp\/v2\/media\/28138"}],"wp:attachment":[{"href":"https:\/\/www.bagnoitalia.com\/fr\/wp-json\/wp\/v2\/media?parent=79630"}],"wp:term":[{"taxonomy":"product_brand","embeddable":true,"href":"https:\/\/www.bagnoitalia.com\/fr\/wp-json\/wp\/v2\/product_brand?post=79630"},{"taxonomy":"product_cat","embeddable":true,"href":"https:\/\/www.bagnoitalia.com\/fr\/wp-json\/wp\/v2\/product_cat?post=79630"},{"taxonomy":"product_tag","embeddable":true,"href":"https:\/\/www.bagnoitalia.com\/fr\/wp-json\/wp\/v2\/product_tag?post=79630"}],"curies":[{"name":"wp","href":"https:\/\/api.w.org\/{rel}","templated":true}]}}