{"id":79610,"date":"2015-12-18T09:23:37","date_gmt":"2015-12-18T08:23:37","guid":{"rendered":"https:\/\/www.bagnoitalia.com\/product\/porte-articulee-avec-un-seul-cristal-transparent-ou-opaque-h185-h198-de-differentes-tailles-pr009"},"modified":"2024-05-16T16:54:19","modified_gmt":"2024-05-16T14:54:19","slug":"porte-articulee-avec-un-seul-cristal-transparent-ou-opaque-h185-h198-de-differentes-tailles-pr009","status":"publish","type":"product","link":"https:\/\/www.bagnoitalia.com\/fr\/produit\/porte-articulee-avec-un-seul-cristal-transparent-ou-opaque-h185-h198-de-differentes-tailles-pr009.html","title":{"rendered":"Porte de douche battante simple en verre transparent ou opaque H185 ou H198 cm en plusieurs dimensions PR009"},"content":{"rendered":"<p><span style=\"text-decoration: underline;\"><span style=\"font-size: 12pt;\"><strong>Caract\u00e9ristiques<\/strong><\/span><\/span><\/p>\n<ul style=\"list-style-type: disc;\">\n<li><strong><span style=\"font-size: 10pt;\">Porte de douche compos\u00e9e de une porte battante<\/span><\/strong><\/li>\n<li><strong><span style=\"font-size: 10pt;\">Syst\u00e8me d&rsquo;ouverture battant sur pivot fixe vers l&rsquo;ext\u00e9rieur<\/span><\/strong><\/li>\n<li><strong><span style=\"font-size: 10pt;\">Verre tremp\u00e9 6mm transparent ou opaque<\/span><\/strong><\/li>\n<li><strong><span style=\"font-size: 10pt;\">Hauteur 185 ou 198 cm (\u00e0 s\u00e9lectionner dans le menu sus-jacent) <br \/><\/span><\/strong><\/li>\n<li><strong><span style=\"font-size: 10pt;\">Cadre en aluminium anodis\u00e9 \u00e0 finition chrom\u00e9e<\/span><\/strong><\/li>\n<li><strong><span style=\"font-size: 10pt;\">Fermeture magn\u00e9tique de la porte<\/span><\/strong><\/li>\n<li><strong><span style=\"font-size: 10pt;\">Joints avec aileron anti-goutte sur la porte<\/span><\/strong><\/li>\n<li><strong><span style=\"font-size: 10pt;\">Poign\u00e9e en acier chrom\u00e9<\/span><\/strong><\/li>\n<li><strong><span style=\"font-size: 10pt;\">Pr\u00e9paration au montage avec ouverture \u00e0 gauche ou \u00e0 droite<\/span><\/strong><\/li>\n<li><strong><span style=\"font-size: 10pt;\">Receveur de douche non inclus<\/span><\/strong><\/li>\n<li><strong><span style=\"font-size: 10pt;\">Produit certifi\u00e9 CE<\/span><\/strong><\/li>\n<li><\/li>\n<\/ul>\n<p><span style=\"font-size: 10pt;\"><span style=\"color: #ff0000;\"><strong>ATTENTION<\/strong><\/span><strong><span style=\"color: #ff0000;\">:<\/span> il est \u00e9galement possible d&rsquo;ajouter des profils de compensation s&rsquo;il est n\u00e9cessaire d&rsquo;augmenter les dimensions de quelques centim\u00e8tres au-del\u00e0 de celles indiqu\u00e9es<\/strong><\/span><\/p>\n<\/p>\n<p><span style=\"background-color: #ffffff;\"><strong>Dimensions&nbsp; &nbsp; &nbsp; &nbsp; &nbsp; &nbsp;Tol\u00e9rances&nbsp; &nbsp; &nbsp; &nbsp; &nbsp; &nbsp; &nbsp;Ouverture&nbsp; &nbsp; &nbsp; &nbsp; &nbsp; &nbsp;Hauteur&nbsp;&nbsp;<br \/><\/strong><\/span><\/p>\n<p>&nbsp; &nbsp; &nbsp; &nbsp;70 cm&nbsp; &nbsp; &nbsp; &nbsp; &nbsp; &nbsp; &nbsp; de 67 \u00e0 71 cm&nbsp; &nbsp; &nbsp; &nbsp; &nbsp; &nbsp; &nbsp;45 cm&nbsp; &nbsp; &nbsp; &nbsp; &nbsp; &nbsp; &nbsp; &nbsp; 185 cm<\/p>\n<p>&nbsp; &nbsp; &nbsp; &nbsp;75 cm&nbsp; &nbsp; &nbsp; &nbsp; &nbsp; &nbsp; &nbsp; de 72 \u00e0 76 cm&nbsp; &nbsp; &nbsp; &nbsp; &nbsp; &nbsp; &nbsp;50 cm&nbsp; &nbsp; &nbsp; &nbsp; &nbsp; &nbsp; &nbsp; &nbsp; 185 cm<\/p>\n<p>&nbsp; &nbsp; &nbsp; &nbsp;80 cm&nbsp; &nbsp; &nbsp; &nbsp; &nbsp; &nbsp; &nbsp; de 77 \u00e0 81 cm&nbsp; &nbsp; &nbsp; &nbsp; &nbsp; &nbsp; &nbsp;55 cm&nbsp; &nbsp; &nbsp; &nbsp; &nbsp; &nbsp; &nbsp; &nbsp; 185 cm<\/p>\n<p>&nbsp; &nbsp; &nbsp; &nbsp;90 cm&nbsp; &nbsp; &nbsp; &nbsp; &nbsp; &nbsp; &nbsp; de 87 \u00e0 91 cm&nbsp; &nbsp; &nbsp; &nbsp; &nbsp; &nbsp; &nbsp;60 cm&nbsp; &nbsp; &nbsp; &nbsp; &nbsp; &nbsp; &nbsp; &nbsp; 185 cm<\/p>\n<p>&nbsp; &nbsp; &nbsp; 100 cm&nbsp; &nbsp; &nbsp; &nbsp; &nbsp; &nbsp; de 97 \u00e0 101 cm&nbsp; &nbsp; &nbsp; &nbsp; &nbsp; &nbsp; 65 cm&nbsp; &nbsp; &nbsp; &nbsp; &nbsp; &nbsp; &nbsp; &nbsp; 185 cm<\/p>\n<\/p>\n<p><strong>Dimensions&nbsp; &nbsp; &nbsp; &nbsp; &nbsp; &nbsp;Tol\u00e9rances&nbsp; &nbsp; &nbsp; &nbsp; &nbsp; &nbsp; &nbsp;Ouverture&nbsp; &nbsp; &nbsp; &nbsp; &nbsp; &nbsp;Hauteur&nbsp;&nbsp;<\/strong><span style=\"background-color: #ffffff;\"><\/span><\/p>\n<p>&nbsp; &nbsp; &nbsp; &nbsp;70 cm&nbsp; &nbsp; &nbsp; &nbsp; &nbsp; &nbsp; &nbsp; de 67 \u00e0 72 cm&nbsp; &nbsp; &nbsp; &nbsp; &nbsp; &nbsp; &nbsp;42 cm&nbsp; &nbsp; &nbsp; &nbsp; &nbsp; &nbsp; &nbsp; &nbsp;198 cm<\/p>\n<p>&nbsp; &nbsp; &nbsp; &nbsp;75 cm&nbsp; &nbsp; &nbsp; &nbsp; &nbsp; &nbsp; &nbsp; de 72 \u00e0 77 cm&nbsp; &nbsp; &nbsp; &nbsp; &nbsp; &nbsp; &nbsp;47 cm&nbsp; &nbsp; &nbsp; &nbsp; &nbsp; &nbsp; &nbsp; &nbsp;198 cm<\/p>\n<p>&nbsp; &nbsp; &nbsp; &nbsp;80 cm&nbsp; &nbsp; &nbsp; &nbsp; &nbsp; &nbsp; &nbsp; de 77 \u00e0 82 cm&nbsp; &nbsp; &nbsp; &nbsp; &nbsp; &nbsp; &nbsp;52 cm&nbsp; &nbsp; &nbsp; &nbsp; &nbsp; &nbsp; &nbsp; &nbsp;198 cm<\/p>\n<p>&nbsp; &nbsp; &nbsp; &nbsp;90 cm&nbsp; &nbsp; &nbsp; &nbsp; &nbsp; &nbsp; &nbsp; de 87 \u00e0 92 cm&nbsp; &nbsp; &nbsp; &nbsp; &nbsp; &nbsp; &nbsp;62 cm&nbsp; &nbsp; &nbsp; &nbsp; &nbsp; &nbsp; &nbsp; &nbsp;198 cm<\/p>\n<p>&nbsp; &nbsp; &nbsp;100 cm&nbsp; &nbsp; &nbsp; &nbsp; &nbsp; &nbsp; &nbsp;de 97 \u00e0 102 cm&nbsp; &nbsp; &nbsp; &nbsp; &nbsp; &nbsp; 72 cm&nbsp; &nbsp; &nbsp; &nbsp; &nbsp; &nbsp; &nbsp; &nbsp;198 cm<\/p>\n<\/p>\n<p><span style=\"font-size: 12pt;\"><strong><strong>Porte haute <\/strong><span style=\"font-size: 12pt;\"><\/span> 198 cm:<\/strong><\/span><\/p>\n<p><img fetchpriority=\"high\" decoding=\"async\" class=\"shrinkToFit size-full wp-image-28002\" src=\"https:\/\/img.bagnoitalia.com\/wp-content\/uploads\/virtuemart\/product\/porta-doccia-anta-unica-ghlo.jpg\" alt=\"https:\/\/www.bagnoitalia.it\/https:\/\/img.bagnoitalia.com\/wp-content\/uploads\/virtuemart\/product\/porta-doccia-anta-unica-ghlo.jpg\" width=\"610\" height=\"610\" srcset=\"https:\/\/img.bagnoitalia.com\/wp-content\/uploads\/virtuemart\/product\/porta-doccia-anta-unica-ghlo.jpg 1500w, https:\/\/img.bagnoitalia.com\/wp-content\/uploads\/virtuemart\/product\/porta-doccia-anta-unica-ghlo-768x768.jpg 768w, https:\/\/img.bagnoitalia.com\/wp-content\/uploads\/virtuemart\/product\/porta-doccia-anta-unica-ghlo-990x990.jpg 990w, https:\/\/img.bagnoitalia.com\/wp-content\/uploads\/virtuemart\/product\/porta-doccia-anta-unica-ghlo-441x441.jpg 441w, https:\/\/img.bagnoitalia.com\/wp-content\/uploads\/virtuemart\/product\/porta-doccia-anta-unica-ghlo-100x100.jpg 100w, https:\/\/img.bagnoitalia.com\/wp-content\/uploads\/virtuemart\/product\/porta-doccia-anta-unica-ghlo-600x600.jpg 600w, https:\/\/img.bagnoitalia.com\/wp-content\/uploads\/virtuemart\/product\/porta-doccia-anta-unica-ghlo-150x150.jpg 150w\" sizes=\"(max-width: 610px) 100vw, 610px\" \/><\/p>\n<p>________________________________________________<\/p>\n<p><span style=\"font-size: 12pt;\"><strong>Porte haute 185 cm:<\/strong><\/span><\/p>\n<p><img decoding=\"async\" class=\"shrinkToFit size-full wp-image-28006\" src=\"https:\/\/img.bagnoitalia.com\/wp-content\/uploads\/virtuemart\/product\/porta-doccia-anta-unica-8.jpg\" alt=\"https:\/\/www.bagnoitalia.it\/images\/stories\/virtuemart\/product\/porta-doccia-anta-unica-(8).jpg\" width=\"610\" height=\"610\" srcset=\"https:\/\/img.bagnoitalia.com\/wp-content\/uploads\/virtuemart\/product\/porta-doccia-anta-unica-8.jpg 1500w, https:\/\/img.bagnoitalia.com\/wp-content\/uploads\/virtuemart\/product\/porta-doccia-anta-unica-8-768x768.jpg 768w, https:\/\/img.bagnoitalia.com\/wp-content\/uploads\/virtuemart\/product\/porta-doccia-anta-unica-8-990x990.jpg 990w, https:\/\/img.bagnoitalia.com\/wp-content\/uploads\/virtuemart\/product\/porta-doccia-anta-unica-8-441x441.jpg 441w, https:\/\/img.bagnoitalia.com\/wp-content\/uploads\/virtuemart\/product\/porta-doccia-anta-unica-8-100x100.jpg 100w, https:\/\/img.bagnoitalia.com\/wp-content\/uploads\/virtuemart\/product\/porta-doccia-anta-unica-8-600x600.jpg 600w, https:\/\/img.bagnoitalia.com\/wp-content\/uploads\/virtuemart\/product\/porta-doccia-anta-unica-8-150x150.jpg 150w\" sizes=\"(max-width: 610px) 100vw, 610px\" \/><\/p><\/p>\n","protected":false},"excerpt":{"rendered":"<p>Porte de douche battante simple en verre tremp\u00e9 transparent ou opaque, hauteur 185 ou 198 cm, disponible en plusieurs dimensions <\/p>\n","protected":false},"featured_media":27962,"comment_status":"open","ping_status":"closed","template":"","meta":[],"product_brand":[9891],"product_cat":[15],"product_tag":[],"class_list":{"0":"post-79610","1":"product","2":"type-product","3":"status-publish","4":"has-post-thumbnail","6":"product_brand-idralite-fr","7":"product_cat-senza-categoria","9":"first","10":"outofstock","11":"taxable","12":"shipping-taxable","13":"purchasable","14":"product-type-simple"},"exclude_global_add_ons":false,"addons":[{"name":"CAMPI_PORTA_PER_DOCCIA\r\n","type":"select","position":0,"required":true,"title_format":"label","default":"","description_enable":false,"description":"","placeholder_enable":false,"placeholder":"","display":"select","restrictions_type":"any_text","adjust_price":false,"price":"","price_type":"","restrictions":false,"min":"0","max":"0","options":[]},{"name":"CAMPI_CRISTALLO\r\n","type":"select","position":0,"required":true,"title_format":"label","default":"","description_enable":false,"description":"","placeholder_enable":false,"placeholder":"","display":"select","restrictions_type":"any_text","adjust_price":false,"price":"","price_type":"","restrictions":false,"min":"0","max":"0","options":[]},{"name":"CAMPI_PROFILO_DI_COMPENSAZIONE\r\n","type":"select","position":0,"required":true,"title_format":"label","default":"","description_enable":false,"description":"","placeholder_enable":false,"placeholder":"","display":"select","restrictions_type":"any_text","adjust_price":false,"price":"","price_type":"","restrictions":false,"min":"0","max":"0","options":[]},{"name":"CAMPI_ALTEZZA\r\n","type":"select","position":0,"required":true,"title_format":"label","default":"","description_enable":false,"description":"","placeholder_enable":false,"placeholder":"","display":"select","restrictions_type":"any_text","adjust_price":false,"price":"","price_type":"","restrictions":false,"min":"0","max":"0","options":[]}],"yoast_head":"<!-- This site is optimized with the Yoast SEO plugin v26.7 - https:\/\/yoast.com\/wordpress\/plugins\/seo\/ -->\n<title>Porte de douche battante simple en verre transparent ou opaque H185 ou H198 cm en plusieurs dimensions PR009<\/title>\n<meta name=\"description\" content=\"Porte \u00e0 porte simple en verre tremp\u00e9 transparent ou opaque de 6 mm, hauteur 185 ou 198 cm, disponible en diff\u00e9rentes dimensions\" \/>\n<meta name=\"robots\" content=\"index, follow, max-snippet:-1, max-image-preview:large, max-video-preview:-1\" \/>\n<link rel=\"canonical\" href=\"https:\/\/www.bagnoitalia.com\/fr\/produit\/porte-articulee-avec-un-seul-cristal-transparent-ou-opaque-h185-h198-de-differentes-tailles-pr009.html\" \/>\n<meta property=\"og:locale\" content=\"fr_FR\" \/>\n<meta property=\"og:type\" content=\"article\" \/>\n<meta property=\"og:title\" content=\"Porte de douche battante simple en verre transparent ou opaque H185 ou H198 cm en plusieurs dimensions PR009\" \/>\n<meta property=\"og:description\" content=\"Porte \u00e0 porte simple en verre tremp\u00e9 transparent ou opaque de 6 mm, hauteur 185 ou 198 cm, disponible en diff\u00e9rentes dimensions\" \/>\n<meta property=\"og:url\" content=\"https:\/\/www.bagnoitalia.com\/fr\/produit\/porte-articulee-avec-un-seul-cristal-transparent-ou-opaque-h185-h198-de-differentes-tailles-pr009.html\" \/>\n<meta property=\"og:site_name\" content=\"Bagno Italia\" \/>\n<meta property=\"article:modified_time\" content=\"2024-05-16T14:54:19+00:00\" \/>\n<meta property=\"og:image\" content=\"https:\/\/img.bagnoitalia.com\/wp-content\/uploads\/virtuemart\/product\/single-swing-shower-door-pr009-1_1543847428_837.jpg\" \/>\n\t<meta property=\"og:image:width\" content=\"1500\" \/>\n\t<meta property=\"og:image:height\" content=\"1500\" \/>\n\t<meta property=\"og:image:type\" content=\"image\/jpeg\" \/>\n<meta name=\"twitter:card\" content=\"summary_large_image\" \/>\n<meta name=\"twitter:label1\" content=\"Dur\u00e9e de lecture estim\u00e9e\" \/>\n\t<meta name=\"twitter:data1\" content=\"2 minutes\" \/>\n<script type=\"application\/ld+json\" class=\"yoast-schema-graph\">{\"@context\":\"https:\/\/schema.org\",\"@graph\":[{\"@type\":\"WebPage\",\"@id\":\"https:\/\/www.bagnoitalia.com\/fr\/produit\/porte-articulee-avec-un-seul-cristal-transparent-ou-opaque-h185-h198-de-differentes-tailles-pr009.html\",\"url\":\"https:\/\/www.bagnoitalia.com\/fr\/produit\/porte-articulee-avec-un-seul-cristal-transparent-ou-opaque-h185-h198-de-differentes-tailles-pr009.html\",\"name\":\"Porte de douche battante simple en verre transparent ou opaque H185 ou H198 cm en plusieurs dimensions PR009\",\"isPartOf\":{\"@id\":\"https:\/\/www.bagnoitalia.com\/fr#website\"},\"primaryImageOfPage\":{\"@id\":\"https:\/\/www.bagnoitalia.com\/fr\/produit\/porte-articulee-avec-un-seul-cristal-transparent-ou-opaque-h185-h198-de-differentes-tailles-pr009.html#primaryimage\"},\"image\":{\"@id\":\"https:\/\/www.bagnoitalia.com\/fr\/produit\/porte-articulee-avec-un-seul-cristal-transparent-ou-opaque-h185-h198-de-differentes-tailles-pr009.html#primaryimage\"},\"thumbnailUrl\":\"https:\/\/img.bagnoitalia.com\/wp-content\/uploads\/virtuemart\/product\/single-swing-shower-door-pr009-1_1543847428_837.jpg\",\"datePublished\":\"2015-12-18T08:23:37+00:00\",\"dateModified\":\"2024-05-16T14:54:19+00:00\",\"description\":\"Porte \u00e0 porte simple en verre tremp\u00e9 transparent ou opaque de 6 mm, hauteur 185 ou 198 cm, disponible en diff\u00e9rentes dimensions\",\"breadcrumb\":{\"@id\":\"https:\/\/www.bagnoitalia.com\/fr\/produit\/porte-articulee-avec-un-seul-cristal-transparent-ou-opaque-h185-h198-de-differentes-tailles-pr009.html#breadcrumb\"},\"inLanguage\":\"fr-FR\",\"potentialAction\":[{\"@type\":\"ReadAction\",\"target\":[\"https:\/\/www.bagnoitalia.com\/fr\/produit\/porte-articulee-avec-un-seul-cristal-transparent-ou-opaque-h185-h198-de-differentes-tailles-pr009.html\"]}]},{\"@type\":\"ImageObject\",\"inLanguage\":\"fr-FR\",\"@id\":\"https:\/\/www.bagnoitalia.com\/fr\/produit\/porte-articulee-avec-un-seul-cristal-transparent-ou-opaque-h185-h198-de-differentes-tailles-pr009.html#primaryimage\",\"url\":\"https:\/\/img.bagnoitalia.com\/wp-content\/uploads\/virtuemart\/product\/single-swing-shower-door-pr009-1_1543847428_837.jpg\",\"contentUrl\":\"https:\/\/img.bagnoitalia.com\/wp-content\/uploads\/virtuemart\/product\/single-swing-shower-door-pr009-1_1543847428_837.jpg\",\"width\":1500,\"height\":1500},{\"@type\":\"BreadcrumbList\",\"@id\":\"https:\/\/www.bagnoitalia.com\/fr\/produit\/porte-articulee-avec-un-seul-cristal-transparent-ou-opaque-h185-h198-de-differentes-tailles-pr009.html#breadcrumb\",\"itemListElement\":[{\"@type\":\"ListItem\",\"position\":1,\"name\":\"Home\",\"item\":\"https:\/\/www.bagnoitalia.com\/fr\"},{\"@type\":\"ListItem\",\"position\":2,\"name\":\"Produits\",\"item\":\"https:\/\/www.bagnoitalia.com\/fr\/shop\"},{\"@type\":\"ListItem\",\"position\":3,\"name\":\"Porte de douche battante simple en verre transparent ou opaque H185 ou H198 cm en plusieurs dimensions PR009\"}]},{\"@type\":\"WebSite\",\"@id\":\"https:\/\/www.bagnoitalia.com\/fr#website\",\"url\":\"https:\/\/www.bagnoitalia.com\/fr\",\"name\":\"Bagno Italia\",\"description\":\"\",\"publisher\":{\"@id\":\"https:\/\/www.bagnoitalia.com\/fr#organization\"},\"potentialAction\":[{\"@type\":\"SearchAction\",\"target\":{\"@type\":\"EntryPoint\",\"urlTemplate\":\"https:\/\/www.bagnoitalia.com\/fr?s={search_term_string}\"},\"query-input\":{\"@type\":\"PropertyValueSpecification\",\"valueRequired\":true,\"valueName\":\"search_term_string\"}}],\"inLanguage\":\"fr-FR\"},{\"@type\":\"Organization\",\"@id\":\"https:\/\/www.bagnoitalia.com\/fr#organization\",\"name\":\"Bagno Italia\",\"url\":\"https:\/\/www.bagnoitalia.com\/fr\",\"logo\":{\"@type\":\"ImageObject\",\"inLanguage\":\"fr-FR\",\"@id\":\"https:\/\/www.bagnoitalia.com\/fr#\/schema\/logo\/image\/\",\"url\":\"https:\/\/img.bagnoitalia.com\/wp-content\/uploads\/logo-bagnoitalia.webp\",\"contentUrl\":\"https:\/\/img.bagnoitalia.com\/wp-content\/uploads\/logo-bagnoitalia.webp\",\"width\":400,\"height\":70,\"caption\":\"Bagno Italia\"},\"image\":{\"@id\":\"https:\/\/www.bagnoitalia.com\/fr#\/schema\/logo\/image\/\"}}]}<\/script>\n<!-- \/ Yoast SEO plugin. -->","yoast_head_json":{"title":"Porte de douche battante simple en verre transparent ou opaque H185 ou H198 cm en plusieurs dimensions PR009","description":"Porte \u00e0 porte simple en verre tremp\u00e9 transparent ou opaque de 6 mm, hauteur 185 ou 198 cm, disponible en diff\u00e9rentes dimensions","robots":{"index":"index","follow":"follow","max-snippet":"max-snippet:-1","max-image-preview":"max-image-preview:large","max-video-preview":"max-video-preview:-1"},"canonical":"https:\/\/www.bagnoitalia.com\/fr\/produit\/porte-articulee-avec-un-seul-cristal-transparent-ou-opaque-h185-h198-de-differentes-tailles-pr009.html","og_locale":"fr_FR","og_type":"article","og_title":"Porte de douche battante simple en verre transparent ou opaque H185 ou H198 cm en plusieurs dimensions PR009","og_description":"Porte \u00e0 porte simple en verre tremp\u00e9 transparent ou opaque de 6 mm, hauteur 185 ou 198 cm, disponible en diff\u00e9rentes dimensions","og_url":"https:\/\/www.bagnoitalia.com\/fr\/produit\/porte-articulee-avec-un-seul-cristal-transparent-ou-opaque-h185-h198-de-differentes-tailles-pr009.html","og_site_name":"Bagno Italia","article_modified_time":"2024-05-16T14:54:19+00:00","og_image":[{"width":1500,"height":1500,"url":"https:\/\/img.bagnoitalia.com\/wp-content\/uploads\/virtuemart\/product\/single-swing-shower-door-pr009-1_1543847428_837.jpg","type":"image\/jpeg"}],"twitter_card":"summary_large_image","twitter_misc":{"Dur\u00e9e de lecture estim\u00e9e":"2 minutes"},"schema":{"@context":"https:\/\/schema.org","@graph":[{"@type":"WebPage","@id":"https:\/\/www.bagnoitalia.com\/fr\/produit\/porte-articulee-avec-un-seul-cristal-transparent-ou-opaque-h185-h198-de-differentes-tailles-pr009.html","url":"https:\/\/www.bagnoitalia.com\/fr\/produit\/porte-articulee-avec-un-seul-cristal-transparent-ou-opaque-h185-h198-de-differentes-tailles-pr009.html","name":"Porte de douche battante simple en verre transparent ou opaque H185 ou H198 cm en plusieurs dimensions PR009","isPartOf":{"@id":"https:\/\/www.bagnoitalia.com\/fr#website"},"primaryImageOfPage":{"@id":"https:\/\/www.bagnoitalia.com\/fr\/produit\/porte-articulee-avec-un-seul-cristal-transparent-ou-opaque-h185-h198-de-differentes-tailles-pr009.html#primaryimage"},"image":{"@id":"https:\/\/www.bagnoitalia.com\/fr\/produit\/porte-articulee-avec-un-seul-cristal-transparent-ou-opaque-h185-h198-de-differentes-tailles-pr009.html#primaryimage"},"thumbnailUrl":"https:\/\/img.bagnoitalia.com\/wp-content\/uploads\/virtuemart\/product\/single-swing-shower-door-pr009-1_1543847428_837.jpg","datePublished":"2015-12-18T08:23:37+00:00","dateModified":"2024-05-16T14:54:19+00:00","description":"Porte \u00e0 porte simple en verre tremp\u00e9 transparent ou opaque de 6 mm, hauteur 185 ou 198 cm, disponible en diff\u00e9rentes dimensions","breadcrumb":{"@id":"https:\/\/www.bagnoitalia.com\/fr\/produit\/porte-articulee-avec-un-seul-cristal-transparent-ou-opaque-h185-h198-de-differentes-tailles-pr009.html#breadcrumb"},"inLanguage":"fr-FR","potentialAction":[{"@type":"ReadAction","target":["https:\/\/www.bagnoitalia.com\/fr\/produit\/porte-articulee-avec-un-seul-cristal-transparent-ou-opaque-h185-h198-de-differentes-tailles-pr009.html"]}]},{"@type":"ImageObject","inLanguage":"fr-FR","@id":"https:\/\/www.bagnoitalia.com\/fr\/produit\/porte-articulee-avec-un-seul-cristal-transparent-ou-opaque-h185-h198-de-differentes-tailles-pr009.html#primaryimage","url":"https:\/\/img.bagnoitalia.com\/wp-content\/uploads\/virtuemart\/product\/single-swing-shower-door-pr009-1_1543847428_837.jpg","contentUrl":"https:\/\/img.bagnoitalia.com\/wp-content\/uploads\/virtuemart\/product\/single-swing-shower-door-pr009-1_1543847428_837.jpg","width":1500,"height":1500},{"@type":"BreadcrumbList","@id":"https:\/\/www.bagnoitalia.com\/fr\/produit\/porte-articulee-avec-un-seul-cristal-transparent-ou-opaque-h185-h198-de-differentes-tailles-pr009.html#breadcrumb","itemListElement":[{"@type":"ListItem","position":1,"name":"Home","item":"https:\/\/www.bagnoitalia.com\/fr"},{"@type":"ListItem","position":2,"name":"Produits","item":"https:\/\/www.bagnoitalia.com\/fr\/shop"},{"@type":"ListItem","position":3,"name":"Porte de douche battante simple en verre transparent ou opaque H185 ou H198 cm en plusieurs dimensions PR009"}]},{"@type":"WebSite","@id":"https:\/\/www.bagnoitalia.com\/fr#website","url":"https:\/\/www.bagnoitalia.com\/fr","name":"Bagno Italia","description":"","publisher":{"@id":"https:\/\/www.bagnoitalia.com\/fr#organization"},"potentialAction":[{"@type":"SearchAction","target":{"@type":"EntryPoint","urlTemplate":"https:\/\/www.bagnoitalia.com\/fr?s={search_term_string}"},"query-input":{"@type":"PropertyValueSpecification","valueRequired":true,"valueName":"search_term_string"}}],"inLanguage":"fr-FR"},{"@type":"Organization","@id":"https:\/\/www.bagnoitalia.com\/fr#organization","name":"Bagno Italia","url":"https:\/\/www.bagnoitalia.com\/fr","logo":{"@type":"ImageObject","inLanguage":"fr-FR","@id":"https:\/\/www.bagnoitalia.com\/fr#\/schema\/logo\/image\/","url":"https:\/\/img.bagnoitalia.com\/wp-content\/uploads\/logo-bagnoitalia.webp","contentUrl":"https:\/\/img.bagnoitalia.com\/wp-content\/uploads\/logo-bagnoitalia.webp","width":400,"height":70,"caption":"Bagno Italia"},"image":{"@id":"https:\/\/www.bagnoitalia.com\/fr#\/schema\/logo\/image\/"}}]}},"_links":{"self":[{"href":"https:\/\/www.bagnoitalia.com\/fr\/wp-json\/wp\/v2\/product\/79610","targetHints":{"allow":["GET"]}}],"collection":[{"href":"https:\/\/www.bagnoitalia.com\/fr\/wp-json\/wp\/v2\/product"}],"about":[{"href":"https:\/\/www.bagnoitalia.com\/fr\/wp-json\/wp\/v2\/types\/product"}],"replies":[{"embeddable":true,"href":"https:\/\/www.bagnoitalia.com\/fr\/wp-json\/wp\/v2\/comments?post=79610"}],"version-history":[{"count":0,"href":"https:\/\/www.bagnoitalia.com\/fr\/wp-json\/wp\/v2\/product\/79610\/revisions"}],"wp:featuredmedia":[{"embeddable":true,"href":"https:\/\/www.bagnoitalia.com\/fr\/wp-json\/wp\/v2\/media\/27962"}],"wp:attachment":[{"href":"https:\/\/www.bagnoitalia.com\/fr\/wp-json\/wp\/v2\/media?parent=79610"}],"wp:term":[{"taxonomy":"product_brand","embeddable":true,"href":"https:\/\/www.bagnoitalia.com\/fr\/wp-json\/wp\/v2\/product_brand?post=79610"},{"taxonomy":"product_cat","embeddable":true,"href":"https:\/\/www.bagnoitalia.com\/fr\/wp-json\/wp\/v2\/product_cat?post=79610"},{"taxonomy":"product_tag","embeddable":true,"href":"https:\/\/www.bagnoitalia.com\/fr\/wp-json\/wp\/v2\/product_tag?post=79610"}],"curies":[{"name":"wp","href":"https:\/\/api.w.org\/{rel}","templated":true}]}}