{"id":79586,"date":"2015-12-02T08:42:31","date_gmt":"2015-12-02T07:42:31","guid":{"rendered":"https:\/\/www.bagnoitalia.com\/product\/baignoire-180x90-avec-26-pompes-hydro-jet-a-remous-doubles-avec-ozonotherapie-et-chromotherapie-complete-en-option-vs026"},"modified":"2024-09-18T14:33:13","modified_gmt":"2024-09-18T12:33:13","slug":"baignoire-180x90-avec-26-pompes-hydro-jet-a-remous-doubles-avec-ozonotherapie-et-chromotherapie-complete-en-option-vs026","status":"publish","type":"product","link":"https:\/\/www.bagnoitalia.com\/fr\/produit\/baignoire-180x90-avec-26-pompes-hydro-jet-a-remous-doubles-avec-ozonotherapie-et-chromotherapie-complete-en-option-vs026.html","title":{"rendered":"Baignoire jacuzzi 180&#215;90 26 jets d\u2019hydromassage, double pompe \u00e0 remous avec ozonoth\u00e9rapie et chromoth\u00e9rapie, toutes options VS026"},"content":{"rendered":"<p><span style=\"text-decoration: underline;\"><strong><span style=\"font-size: 12pt; color: #000000; text-decoration: underline;\">Baignoire \u00e0 remous 180x90x61 rectangulaire version toutes options<\/span><\/strong><\/span><\/p>\n<p><span style=\"font-size: 10pt;\">&#8211; POMPE D&rsquo;HYDROMASSAGE\u00a0 DE 1,5 HP;<\/span><\/p>\n<p><span style=\"font-size: 10pt;\">&#8211; POMPE SUPPL\u00c9MENTAIRE \u00c0 AIR DE 0,25 HP\u00a0<\/span><\/p>\n<p>&#8211; CHAUFFAGE (OPTION ADDITIONNELLE: POSSIBILIT<span style=\"font-size: 10pt;\">\u00c9 DE CHOISIR DANS LE MENU SUITE\u00a0<span style=\"font-size: 10pt;\">\u00c0 DROITE)<\/span><\/span><\/p>\n<p><span style=\"font-size: 10pt;\">&#8211; 16 PETITS HYDROJETS EN LAITON SUR LE FOND<\/span><\/p>\n<p><span style=\"font-size: 10pt;\">&#8211; 4 GRANDS HYDROJETS PLAQU\u00c9S CHROM\u00c9S SUR LES C\u00d4T\u00c9S\u00a0<span style=\"font-size: 10pt;\">LONGS <\/span><\/span><\/p>\n<p><span style=\"font-size: 10pt;\">&#8211; DISJONCTEUR \u00c9LECTRIQUE<br \/>\n<\/span><\/p>\n<p><span style=\"font-size: 10pt;\">&#8211; ORDINATEUR DE CONTR\u00d4LE AVEC RADIO FM<\/span><\/p>\n<p><span style=\"font-size: 10pt;\">&#8211; DOUCHE EXTRACTIBLE<\/span><\/p>\n<p><span style=\"font-size: 10pt;\">&#8211; ENTR\u00c9E D&rsquo;EAU EN FORME DE T;<\/span><\/p>\n<p><span style=\"font-size: 10pt;\">&#8211; TUYAUX RENFORC\u00c9S POUR LA CIRCULATION DE L&rsquo;EAU<\/span><\/p>\n<p><span style=\"font-size: 10pt;\">&#8211; MITIGEUR D&rsquo;EAU CHAUDE &#8211; EAU FROIDE<\/span><\/p>\n<p><span style=\"font-size: 10pt;\">&#8211; LUMIERE\u00a0SOUS L&rsquo;EAU POUR CHROMOTH\u00c9RAPIE ET \u200b\u200bL&rsquo;<span style=\"font-size: 10pt;\"><span style=\"font-size: 10pt;\">\u00c9CLAIRAGE<\/span>\u00a0DE L<\/span>A BAIGNOIRE<\/span><\/p>\n<p><span style=\"font-size: 10pt;\">&#8211; APPUIE T\u00caTE INCLUS<\/span><\/p>\n<p><span style=\"font-size: 10pt;\">&#8211; ROBINETS INCLUS<\/span><\/p>\n<p><span style=\"font-size: 10pt;\">&#8211; HAUT PARLEURS<\/span><\/p>\n<p><span style=\"font-size: 10pt;\">&#8211; G\u00c9N\u00c9RATEUR D&rsquo;OZONE<\/span><\/p>\n<p><span style=\"font-size: 10pt;\">&#8211; ROBINET AVEC FONCTION DE CASCADE AMERICAIN<br \/>\n<\/span><\/p>\n<p><span style=\"font-size: 10pt;\">CARACT\u00c9RISTIQUES:<\/span><\/p>\n<p><span style=\"font-size: 10pt;\">BAIGNOIRE EN ABS RENFORC\u00c9;<\/span><\/p>\n<p><span style=\"font-size: 10pt;\">DIMENSIONS: 1800 mm X 900 mm X 610 mm.<\/span><\/p>\n","protected":false},"excerpt":{"rendered":"<p>Baignoire \u00e0 remous 180&#215;90 avec 26 hydrojets, deux pompes \u00e0 eau et \u00e0 air, avec ozonoth\u00e9rapie, chromoth\u00e9rapie. Version TOUTES OPTIONS.<\/p>\n","protected":false},"featured_media":27818,"comment_status":"open","ping_status":"closed","template":"","meta":[],"product_brand":[9924],"product_cat":[9707,9743],"product_tag":[],"class_list":{"0":"post-79586","1":"product","2":"type-product","3":"status-publish","4":"has-post-thumbnail","6":"product_brand-predator-arredo-casa-fr","7":"product_cat-baignoire-balneo","8":"product_cat-piscines-d-39-hydromassage","10":"first","11":"instock","12":"sale","13":"taxable","14":"shipping-taxable","15":"purchasable","16":"product-type-simple"},"exclude_global_add_ons":false,"addons":[{"name":"Typologie","type":"multiple_choice","position":0,"required":true,"title_format":"heading","default":"","description_enable":false,"description":"","placeholder_enable":false,"placeholder":"","display":"select","restrictions_type":"any_text","adjust_price":false,"price":"","price_type":"flat_fee","restrictions":false,"min":"0","max":"0","options":[{"label":"avec pompe pr\u00e9chauff\u00e9e","price":"","price_type":"quantity_based","image":0,"visibility":true},{"label":"avec chauffage","price":"220","price_type":"quantity_based","image":0,"visibility":true}],"id":1718807004}],"yoast_head":"<!-- This site is optimized with the Yoast SEO plugin v26.7 - https:\/\/yoast.com\/wordpress\/plugins\/seo\/ -->\n<title>Baignoire jacuzzi 180x90 26 jets d\u2019hydromassage, double pompe \u00e0 remous avec ozonoth\u00e9rapie et chromoth\u00e9rapie, toutes options VS026<\/title>\n<meta name=\"description\" content=\"Bain tourbillon 180x90 avec 26 hydrojets, pompe double tourbillon \u00e0 remous et airpool, avec ozonoth\u00e9rapie, chromoth\u00e9rapie Version FULL OPTIONAL\" \/>\n<meta name=\"robots\" content=\"index, follow, max-snippet:-1, max-image-preview:large, max-video-preview:-1\" \/>\n<link rel=\"canonical\" href=\"https:\/\/www.bagnoitalia.com\/fr\/produit\/baignoire-180x90-avec-26-pompes-hydro-jet-a-remous-doubles-avec-ozonotherapie-et-chromotherapie-complete-en-option-vs026.html\" \/>\n<meta property=\"og:locale\" content=\"fr_FR\" \/>\n<meta property=\"og:type\" content=\"article\" \/>\n<meta property=\"og:title\" content=\"Baignoire jacuzzi 180x90 26 jets d\u2019hydromassage, double pompe \u00e0 remous avec ozonoth\u00e9rapie et chromoth\u00e9rapie, toutes options VS026\" \/>\n<meta property=\"og:description\" content=\"Bain tourbillon 180x90 avec 26 hydrojets, pompe double tourbillon \u00e0 remous et airpool, avec ozonoth\u00e9rapie, chromoth\u00e9rapie Version FULL OPTIONAL\" \/>\n<meta property=\"og:url\" content=\"https:\/\/www.bagnoitalia.com\/fr\/produit\/baignoire-180x90-avec-26-pompes-hydro-jet-a-remous-doubles-avec-ozonotherapie-et-chromotherapie-complete-en-option-vs026.html\" \/>\n<meta property=\"og:site_name\" content=\"Bagno Italia\" \/>\n<meta property=\"article:modified_time\" content=\"2024-09-18T12:33:13+00:00\" \/>\n<meta property=\"og:image\" content=\"https:\/\/img.bagnoitalia.com\/wp-content\/uploads\/virtuemart\/product\/180x90-Jacuzzi-26-hydromassage-jets-1_1542029654_558.jpg\" \/>\n\t<meta property=\"og:image:width\" content=\"536\" \/>\n\t<meta property=\"og:image:height\" content=\"400\" \/>\n\t<meta property=\"og:image:type\" content=\"image\/jpeg\" \/>\n<meta name=\"twitter:card\" content=\"summary_large_image\" \/>\n<meta name=\"twitter:label1\" content=\"Dur\u00e9e de lecture estim\u00e9e\" \/>\n\t<meta name=\"twitter:data1\" content=\"1 minute\" \/>\n<script type=\"application\/ld+json\" class=\"yoast-schema-graph\">{\"@context\":\"https:\/\/schema.org\",\"@graph\":[{\"@type\":\"WebPage\",\"@id\":\"https:\/\/www.bagnoitalia.com\/fr\/produit\/baignoire-180x90-avec-26-pompes-hydro-jet-a-remous-doubles-avec-ozonotherapie-et-chromotherapie-complete-en-option-vs026.html\",\"url\":\"https:\/\/www.bagnoitalia.com\/fr\/produit\/baignoire-180x90-avec-26-pompes-hydro-jet-a-remous-doubles-avec-ozonotherapie-et-chromotherapie-complete-en-option-vs026.html\",\"name\":\"Baignoire jacuzzi 180x90 26 jets d\u2019hydromassage, double pompe \u00e0 remous avec ozonoth\u00e9rapie et chromoth\u00e9rapie, toutes options VS026\",\"isPartOf\":{\"@id\":\"https:\/\/www.bagnoitalia.com\/fr#website\"},\"primaryImageOfPage\":{\"@id\":\"https:\/\/www.bagnoitalia.com\/fr\/produit\/baignoire-180x90-avec-26-pompes-hydro-jet-a-remous-doubles-avec-ozonotherapie-et-chromotherapie-complete-en-option-vs026.html#primaryimage\"},\"image\":{\"@id\":\"https:\/\/www.bagnoitalia.com\/fr\/produit\/baignoire-180x90-avec-26-pompes-hydro-jet-a-remous-doubles-avec-ozonotherapie-et-chromotherapie-complete-en-option-vs026.html#primaryimage\"},\"thumbnailUrl\":\"https:\/\/img.bagnoitalia.com\/wp-content\/uploads\/virtuemart\/product\/180x90-Jacuzzi-26-hydromassage-jets-1_1542029654_558.jpg\",\"datePublished\":\"2015-12-02T07:42:31+00:00\",\"dateModified\":\"2024-09-18T12:33:13+00:00\",\"description\":\"Bain tourbillon 180x90 avec 26 hydrojets, pompe double tourbillon \u00e0 remous et airpool, avec ozonoth\u00e9rapie, chromoth\u00e9rapie Version FULL OPTIONAL\",\"breadcrumb\":{\"@id\":\"https:\/\/www.bagnoitalia.com\/fr\/produit\/baignoire-180x90-avec-26-pompes-hydro-jet-a-remous-doubles-avec-ozonotherapie-et-chromotherapie-complete-en-option-vs026.html#breadcrumb\"},\"inLanguage\":\"fr-FR\",\"potentialAction\":[{\"@type\":\"ReadAction\",\"target\":[\"https:\/\/www.bagnoitalia.com\/fr\/produit\/baignoire-180x90-avec-26-pompes-hydro-jet-a-remous-doubles-avec-ozonotherapie-et-chromotherapie-complete-en-option-vs026.html\"]}]},{\"@type\":\"ImageObject\",\"inLanguage\":\"fr-FR\",\"@id\":\"https:\/\/www.bagnoitalia.com\/fr\/produit\/baignoire-180x90-avec-26-pompes-hydro-jet-a-remous-doubles-avec-ozonotherapie-et-chromotherapie-complete-en-option-vs026.html#primaryimage\",\"url\":\"https:\/\/img.bagnoitalia.com\/wp-content\/uploads\/virtuemart\/product\/180x90-Jacuzzi-26-hydromassage-jets-1_1542029654_558.jpg\",\"contentUrl\":\"https:\/\/img.bagnoitalia.com\/wp-content\/uploads\/virtuemart\/product\/180x90-Jacuzzi-26-hydromassage-jets-1_1542029654_558.jpg\",\"width\":536,\"height\":400},{\"@type\":\"BreadcrumbList\",\"@id\":\"https:\/\/www.bagnoitalia.com\/fr\/produit\/baignoire-180x90-avec-26-pompes-hydro-jet-a-remous-doubles-avec-ozonotherapie-et-chromotherapie-complete-en-option-vs026.html#breadcrumb\",\"itemListElement\":[{\"@type\":\"ListItem\",\"position\":1,\"name\":\"Home\",\"item\":\"https:\/\/www.bagnoitalia.com\/fr\"},{\"@type\":\"ListItem\",\"position\":2,\"name\":\"Produits\",\"item\":\"https:\/\/www.bagnoitalia.com\/fr\/shop\"},{\"@type\":\"ListItem\",\"position\":3,\"name\":\"Baignoire jacuzzi 180&#215;90 26 jets d\u2019hydromassage, double pompe \u00e0 remous avec ozonoth\u00e9rapie et chromoth\u00e9rapie, toutes options VS026\"}]},{\"@type\":\"WebSite\",\"@id\":\"https:\/\/www.bagnoitalia.com\/fr#website\",\"url\":\"https:\/\/www.bagnoitalia.com\/fr\",\"name\":\"Bagno Italia\",\"description\":\"\",\"publisher\":{\"@id\":\"https:\/\/www.bagnoitalia.com\/fr#organization\"},\"potentialAction\":[{\"@type\":\"SearchAction\",\"target\":{\"@type\":\"EntryPoint\",\"urlTemplate\":\"https:\/\/www.bagnoitalia.com\/fr?s={search_term_string}\"},\"query-input\":{\"@type\":\"PropertyValueSpecification\",\"valueRequired\":true,\"valueName\":\"search_term_string\"}}],\"inLanguage\":\"fr-FR\"},{\"@type\":\"Organization\",\"@id\":\"https:\/\/www.bagnoitalia.com\/fr#organization\",\"name\":\"Bagno Italia\",\"url\":\"https:\/\/www.bagnoitalia.com\/fr\",\"logo\":{\"@type\":\"ImageObject\",\"inLanguage\":\"fr-FR\",\"@id\":\"https:\/\/www.bagnoitalia.com\/fr#\/schema\/logo\/image\/\",\"url\":\"https:\/\/img.bagnoitalia.com\/wp-content\/uploads\/logo-bagnoitalia.webp\",\"contentUrl\":\"https:\/\/img.bagnoitalia.com\/wp-content\/uploads\/logo-bagnoitalia.webp\",\"width\":400,\"height\":70,\"caption\":\"Bagno Italia\"},\"image\":{\"@id\":\"https:\/\/www.bagnoitalia.com\/fr#\/schema\/logo\/image\/\"}}]}<\/script>\n<!-- \/ Yoast SEO plugin. -->","yoast_head_json":{"title":"Baignoire jacuzzi 180x90 26 jets d\u2019hydromassage, double pompe \u00e0 remous avec ozonoth\u00e9rapie et chromoth\u00e9rapie, toutes options VS026","description":"Bain tourbillon 180x90 avec 26 hydrojets, pompe double tourbillon \u00e0 remous et airpool, avec ozonoth\u00e9rapie, chromoth\u00e9rapie Version FULL OPTIONAL","robots":{"index":"index","follow":"follow","max-snippet":"max-snippet:-1","max-image-preview":"max-image-preview:large","max-video-preview":"max-video-preview:-1"},"canonical":"https:\/\/www.bagnoitalia.com\/fr\/produit\/baignoire-180x90-avec-26-pompes-hydro-jet-a-remous-doubles-avec-ozonotherapie-et-chromotherapie-complete-en-option-vs026.html","og_locale":"fr_FR","og_type":"article","og_title":"Baignoire jacuzzi 180x90 26 jets d\u2019hydromassage, double pompe \u00e0 remous avec ozonoth\u00e9rapie et chromoth\u00e9rapie, toutes options VS026","og_description":"Bain tourbillon 180x90 avec 26 hydrojets, pompe double tourbillon \u00e0 remous et airpool, avec ozonoth\u00e9rapie, chromoth\u00e9rapie Version FULL OPTIONAL","og_url":"https:\/\/www.bagnoitalia.com\/fr\/produit\/baignoire-180x90-avec-26-pompes-hydro-jet-a-remous-doubles-avec-ozonotherapie-et-chromotherapie-complete-en-option-vs026.html","og_site_name":"Bagno Italia","article_modified_time":"2024-09-18T12:33:13+00:00","og_image":[{"width":536,"height":400,"url":"https:\/\/img.bagnoitalia.com\/wp-content\/uploads\/virtuemart\/product\/180x90-Jacuzzi-26-hydromassage-jets-1_1542029654_558.jpg","type":"image\/jpeg"}],"twitter_card":"summary_large_image","twitter_misc":{"Dur\u00e9e de lecture estim\u00e9e":"1 minute"},"schema":{"@context":"https:\/\/schema.org","@graph":[{"@type":"WebPage","@id":"https:\/\/www.bagnoitalia.com\/fr\/produit\/baignoire-180x90-avec-26-pompes-hydro-jet-a-remous-doubles-avec-ozonotherapie-et-chromotherapie-complete-en-option-vs026.html","url":"https:\/\/www.bagnoitalia.com\/fr\/produit\/baignoire-180x90-avec-26-pompes-hydro-jet-a-remous-doubles-avec-ozonotherapie-et-chromotherapie-complete-en-option-vs026.html","name":"Baignoire jacuzzi 180x90 26 jets d\u2019hydromassage, double pompe \u00e0 remous avec ozonoth\u00e9rapie et chromoth\u00e9rapie, toutes options VS026","isPartOf":{"@id":"https:\/\/www.bagnoitalia.com\/fr#website"},"primaryImageOfPage":{"@id":"https:\/\/www.bagnoitalia.com\/fr\/produit\/baignoire-180x90-avec-26-pompes-hydro-jet-a-remous-doubles-avec-ozonotherapie-et-chromotherapie-complete-en-option-vs026.html#primaryimage"},"image":{"@id":"https:\/\/www.bagnoitalia.com\/fr\/produit\/baignoire-180x90-avec-26-pompes-hydro-jet-a-remous-doubles-avec-ozonotherapie-et-chromotherapie-complete-en-option-vs026.html#primaryimage"},"thumbnailUrl":"https:\/\/img.bagnoitalia.com\/wp-content\/uploads\/virtuemart\/product\/180x90-Jacuzzi-26-hydromassage-jets-1_1542029654_558.jpg","datePublished":"2015-12-02T07:42:31+00:00","dateModified":"2024-09-18T12:33:13+00:00","description":"Bain tourbillon 180x90 avec 26 hydrojets, pompe double tourbillon \u00e0 remous et airpool, avec ozonoth\u00e9rapie, chromoth\u00e9rapie Version FULL OPTIONAL","breadcrumb":{"@id":"https:\/\/www.bagnoitalia.com\/fr\/produit\/baignoire-180x90-avec-26-pompes-hydro-jet-a-remous-doubles-avec-ozonotherapie-et-chromotherapie-complete-en-option-vs026.html#breadcrumb"},"inLanguage":"fr-FR","potentialAction":[{"@type":"ReadAction","target":["https:\/\/www.bagnoitalia.com\/fr\/produit\/baignoire-180x90-avec-26-pompes-hydro-jet-a-remous-doubles-avec-ozonotherapie-et-chromotherapie-complete-en-option-vs026.html"]}]},{"@type":"ImageObject","inLanguage":"fr-FR","@id":"https:\/\/www.bagnoitalia.com\/fr\/produit\/baignoire-180x90-avec-26-pompes-hydro-jet-a-remous-doubles-avec-ozonotherapie-et-chromotherapie-complete-en-option-vs026.html#primaryimage","url":"https:\/\/img.bagnoitalia.com\/wp-content\/uploads\/virtuemart\/product\/180x90-Jacuzzi-26-hydromassage-jets-1_1542029654_558.jpg","contentUrl":"https:\/\/img.bagnoitalia.com\/wp-content\/uploads\/virtuemart\/product\/180x90-Jacuzzi-26-hydromassage-jets-1_1542029654_558.jpg","width":536,"height":400},{"@type":"BreadcrumbList","@id":"https:\/\/www.bagnoitalia.com\/fr\/produit\/baignoire-180x90-avec-26-pompes-hydro-jet-a-remous-doubles-avec-ozonotherapie-et-chromotherapie-complete-en-option-vs026.html#breadcrumb","itemListElement":[{"@type":"ListItem","position":1,"name":"Home","item":"https:\/\/www.bagnoitalia.com\/fr"},{"@type":"ListItem","position":2,"name":"Produits","item":"https:\/\/www.bagnoitalia.com\/fr\/shop"},{"@type":"ListItem","position":3,"name":"Baignoire jacuzzi 180&#215;90 26 jets d\u2019hydromassage, double pompe \u00e0 remous avec ozonoth\u00e9rapie et chromoth\u00e9rapie, toutes options VS026"}]},{"@type":"WebSite","@id":"https:\/\/www.bagnoitalia.com\/fr#website","url":"https:\/\/www.bagnoitalia.com\/fr","name":"Bagno Italia","description":"","publisher":{"@id":"https:\/\/www.bagnoitalia.com\/fr#organization"},"potentialAction":[{"@type":"SearchAction","target":{"@type":"EntryPoint","urlTemplate":"https:\/\/www.bagnoitalia.com\/fr?s={search_term_string}"},"query-input":{"@type":"PropertyValueSpecification","valueRequired":true,"valueName":"search_term_string"}}],"inLanguage":"fr-FR"},{"@type":"Organization","@id":"https:\/\/www.bagnoitalia.com\/fr#organization","name":"Bagno Italia","url":"https:\/\/www.bagnoitalia.com\/fr","logo":{"@type":"ImageObject","inLanguage":"fr-FR","@id":"https:\/\/www.bagnoitalia.com\/fr#\/schema\/logo\/image\/","url":"https:\/\/img.bagnoitalia.com\/wp-content\/uploads\/logo-bagnoitalia.webp","contentUrl":"https:\/\/img.bagnoitalia.com\/wp-content\/uploads\/logo-bagnoitalia.webp","width":400,"height":70,"caption":"Bagno Italia"},"image":{"@id":"https:\/\/www.bagnoitalia.com\/fr#\/schema\/logo\/image\/"}}]}},"_links":{"self":[{"href":"https:\/\/www.bagnoitalia.com\/fr\/wp-json\/wp\/v2\/product\/79586","targetHints":{"allow":["GET"]}}],"collection":[{"href":"https:\/\/www.bagnoitalia.com\/fr\/wp-json\/wp\/v2\/product"}],"about":[{"href":"https:\/\/www.bagnoitalia.com\/fr\/wp-json\/wp\/v2\/types\/product"}],"replies":[{"embeddable":true,"href":"https:\/\/www.bagnoitalia.com\/fr\/wp-json\/wp\/v2\/comments?post=79586"}],"version-history":[{"count":1,"href":"https:\/\/www.bagnoitalia.com\/fr\/wp-json\/wp\/v2\/product\/79586\/revisions"}],"predecessor-version":[{"id":87394,"href":"https:\/\/www.bagnoitalia.com\/fr\/wp-json\/wp\/v2\/product\/79586\/revisions\/87394"}],"wp:featuredmedia":[{"embeddable":true,"href":"https:\/\/www.bagnoitalia.com\/fr\/wp-json\/wp\/v2\/media\/27818"}],"wp:attachment":[{"href":"https:\/\/www.bagnoitalia.com\/fr\/wp-json\/wp\/v2\/media?parent=79586"}],"wp:term":[{"taxonomy":"product_brand","embeddable":true,"href":"https:\/\/www.bagnoitalia.com\/fr\/wp-json\/wp\/v2\/product_brand?post=79586"},{"taxonomy":"product_cat","embeddable":true,"href":"https:\/\/www.bagnoitalia.com\/fr\/wp-json\/wp\/v2\/product_cat?post=79586"},{"taxonomy":"product_tag","embeddable":true,"href":"https:\/\/www.bagnoitalia.com\/fr\/wp-json\/wp\/v2\/product_tag?post=79586"}],"curies":[{"name":"wp","href":"https:\/\/api.w.org\/{rel}","templated":true}]}}