{"id":79498,"date":"2015-07-13T14:04:31","date_gmt":"2015-07-13T12:04:31","guid":{"rendered":"https:\/\/www.bagnoitalia.com\/product\/cabine-de-douche-rectangulaire-en-pvc-disponible-en-differentes-tailles-box026"},"modified":"2024-05-16T16:54:06","modified_gmt":"2024-05-16T14:54:06","slug":"cabine-de-douche-rectangulaire-en-pvc-disponible-en-differentes-tailles-box026","status":"publish","type":"product","link":"https:\/\/www.bagnoitalia.com\/fr\/produit\/cabine-de-douche-rectangulaire-en-pvc-disponible-en-differentes-tailles-box026.html","title":{"rendered":"Cabine de douche rectangulaire en pvc disponible en plusieurs dimensions BOX026"},"content":{"rendered":"<p><strong><span style=\"font-size: 12pt;\">Cabine de douche rectangulaire (dimensions 80&#215;80 90&#215;90 80&#215;100)<\/span><\/strong><\/p>\n<\/p>\n<ul style=\"list-style-type: disc;\">\n<li><span style=\"font-size: 10pt;\">Hauteur 185 cm<\/span><\/li>\n<li><span style=\"font-size: 10pt;\"><span style=\"color: #000000;\">Les guides peuvent \u00eatre facilement redimensionn\u00e9s vec une scie \u00e0 m\u00e9taux<\/span> <span style=\"color: #000000;\">(jusqu&rsquo;\u00e0 10 cm de c\u00f4t\u00e9)<\/span><\/span><\/li>\n<li><span style=\"font-size: 10pt;\">Extensible pour s&rsquo;adapter \u00e0 tous les faux \u00e9querrages du mur<\/span><\/li>\n<li><span style=\"font-size: 10pt;\">Portes coulissantes compos\u00e9es de ections d&rsquo;environ 14 cm qui se ferment en seulement 2,5 cm<\/span><\/li>\n<li><span style=\"color: #000000; font-size: 10pt;\">Guides coulissants d&rsquo;une \u00e9paisseur de 3,5 cm<\/span><\/li>\n<li><span style=\"font-size: 10pt;\">Parois de douche r\u00e9versibles<\/span><\/li>\n<li><span style=\"font-size: 10pt;\">Receveur de douche non inclus<\/span><\/li>\n<\/ul>\n<p><span style=\"text-decoration: underline;\"><strong><span style=\"font-size: 12pt;\"><\/span><\/strong><\/span><\/p>\n","protected":false},"excerpt":{"rendered":"<p>Cabine de douche rectangulaire en pvc disponible dans les dimensions 80&#215;80, 90&#215;90 ou 80&#215;100<\/p>\n","protected":false},"featured_media":27214,"comment_status":"open","ping_status":"closed","template":"","meta":[],"product_brand":[9885],"product_cat":[15],"product_tag":[],"class_list":{"0":"post-79498","1":"product","2":"type-product","3":"status-publish","4":"has-post-thumbnail","6":"product_brand-hydrastar-fr","7":"product_cat-senza-categoria","9":"first","10":"outofstock","11":"taxable","12":"shipping-taxable","13":"purchasable","14":"product-type-simple"},"exclude_global_add_ons":false,"addons":[{"name":"CAMPI_BOX_DOCCIA\r\n","type":"select","position":0,"required":true,"title_format":"label","default":"","description_enable":false,"description":"","placeholder_enable":false,"placeholder":"","display":"select","restrictions_type":"any_text","adjust_price":false,"price":"","price_type":"","restrictions":false,"min":"0","max":"0","options":[]}],"yoast_head":"<!-- This site is optimized with the Yoast SEO plugin v26.7 - https:\/\/yoast.com\/wordpress\/plugins\/seo\/ -->\n<title>Cabine de douche rectangulaire en pvc disponible en plusieurs dimensions BOX026<\/title>\n<meta name=\"description\" content=\"Cabine de douche d&#039;angle en PVC r\u00e9versible \u00e0 portes coulissantes\" \/>\n<meta name=\"robots\" content=\"index, follow, max-snippet:-1, max-image-preview:large, max-video-preview:-1\" \/>\n<link rel=\"canonical\" href=\"https:\/\/www.bagnoitalia.com\/fr\/produit\/cabine-de-douche-rectangulaire-en-pvc-disponible-en-differentes-tailles-box026.html\" \/>\n<meta property=\"og:locale\" content=\"fr_FR\" \/>\n<meta property=\"og:type\" content=\"article\" \/>\n<meta property=\"og:title\" content=\"Cabine de douche rectangulaire en pvc disponible en plusieurs dimensions BOX026\" \/>\n<meta property=\"og:description\" content=\"Cabine de douche d&#039;angle en PVC r\u00e9versible \u00e0 portes coulissantes\" \/>\n<meta property=\"og:url\" content=\"https:\/\/www.bagnoitalia.com\/fr\/produit\/cabine-de-douche-rectangulaire-en-pvc-disponible-en-differentes-tailles-box026.html\" \/>\n<meta property=\"og:site_name\" content=\"Bagno Italia\" \/>\n<meta property=\"article:modified_time\" content=\"2024-05-16T14:54:06+00:00\" \/>\n<meta property=\"og:image\" content=\"https:\/\/img.bagnoitalia.com\/wp-content\/uploads\/virtuemart\/product\/rectangular-pvc-shower-enclosure-box026-1_1543575100_746.jpg\" \/>\n\t<meta property=\"og:image:width\" content=\"640\" \/>\n\t<meta property=\"og:image:height\" content=\"640\" \/>\n\t<meta property=\"og:image:type\" content=\"image\/jpeg\" \/>\n<meta name=\"twitter:card\" content=\"summary_large_image\" \/>\n<script type=\"application\/ld+json\" class=\"yoast-schema-graph\">{\"@context\":\"https:\/\/schema.org\",\"@graph\":[{\"@type\":\"WebPage\",\"@id\":\"https:\/\/www.bagnoitalia.com\/fr\/produit\/cabine-de-douche-rectangulaire-en-pvc-disponible-en-differentes-tailles-box026.html\",\"url\":\"https:\/\/www.bagnoitalia.com\/fr\/produit\/cabine-de-douche-rectangulaire-en-pvc-disponible-en-differentes-tailles-box026.html\",\"name\":\"Cabine de douche rectangulaire en pvc disponible en plusieurs dimensions BOX026\",\"isPartOf\":{\"@id\":\"https:\/\/www.bagnoitalia.com\/fr#website\"},\"primaryImageOfPage\":{\"@id\":\"https:\/\/www.bagnoitalia.com\/fr\/produit\/cabine-de-douche-rectangulaire-en-pvc-disponible-en-differentes-tailles-box026.html#primaryimage\"},\"image\":{\"@id\":\"https:\/\/www.bagnoitalia.com\/fr\/produit\/cabine-de-douche-rectangulaire-en-pvc-disponible-en-differentes-tailles-box026.html#primaryimage\"},\"thumbnailUrl\":\"https:\/\/img.bagnoitalia.com\/wp-content\/uploads\/virtuemart\/product\/rectangular-pvc-shower-enclosure-box026-1_1543575100_746.jpg\",\"datePublished\":\"2015-07-13T12:04:31+00:00\",\"dateModified\":\"2024-05-16T14:54:06+00:00\",\"description\":\"Cabine de douche d&#39;angle en PVC r\u00e9versible \u00e0 portes coulissantes\",\"breadcrumb\":{\"@id\":\"https:\/\/www.bagnoitalia.com\/fr\/produit\/cabine-de-douche-rectangulaire-en-pvc-disponible-en-differentes-tailles-box026.html#breadcrumb\"},\"inLanguage\":\"fr-FR\",\"potentialAction\":[{\"@type\":\"ReadAction\",\"target\":[\"https:\/\/www.bagnoitalia.com\/fr\/produit\/cabine-de-douche-rectangulaire-en-pvc-disponible-en-differentes-tailles-box026.html\"]}]},{\"@type\":\"ImageObject\",\"inLanguage\":\"fr-FR\",\"@id\":\"https:\/\/www.bagnoitalia.com\/fr\/produit\/cabine-de-douche-rectangulaire-en-pvc-disponible-en-differentes-tailles-box026.html#primaryimage\",\"url\":\"https:\/\/img.bagnoitalia.com\/wp-content\/uploads\/virtuemart\/product\/rectangular-pvc-shower-enclosure-box026-1_1543575100_746.jpg\",\"contentUrl\":\"https:\/\/img.bagnoitalia.com\/wp-content\/uploads\/virtuemart\/product\/rectangular-pvc-shower-enclosure-box026-1_1543575100_746.jpg\",\"width\":640,\"height\":640},{\"@type\":\"BreadcrumbList\",\"@id\":\"https:\/\/www.bagnoitalia.com\/fr\/produit\/cabine-de-douche-rectangulaire-en-pvc-disponible-en-differentes-tailles-box026.html#breadcrumb\",\"itemListElement\":[{\"@type\":\"ListItem\",\"position\":1,\"name\":\"Home\",\"item\":\"https:\/\/www.bagnoitalia.com\/fr\"},{\"@type\":\"ListItem\",\"position\":2,\"name\":\"Produits\",\"item\":\"https:\/\/www.bagnoitalia.com\/fr\/shop\"},{\"@type\":\"ListItem\",\"position\":3,\"name\":\"Cabine de douche rectangulaire en pvc disponible en plusieurs dimensions BOX026\"}]},{\"@type\":\"WebSite\",\"@id\":\"https:\/\/www.bagnoitalia.com\/fr#website\",\"url\":\"https:\/\/www.bagnoitalia.com\/fr\",\"name\":\"Bagno Italia\",\"description\":\"\",\"publisher\":{\"@id\":\"https:\/\/www.bagnoitalia.com\/fr#organization\"},\"potentialAction\":[{\"@type\":\"SearchAction\",\"target\":{\"@type\":\"EntryPoint\",\"urlTemplate\":\"https:\/\/www.bagnoitalia.com\/fr?s={search_term_string}\"},\"query-input\":{\"@type\":\"PropertyValueSpecification\",\"valueRequired\":true,\"valueName\":\"search_term_string\"}}],\"inLanguage\":\"fr-FR\"},{\"@type\":\"Organization\",\"@id\":\"https:\/\/www.bagnoitalia.com\/fr#organization\",\"name\":\"Bagno Italia\",\"url\":\"https:\/\/www.bagnoitalia.com\/fr\",\"logo\":{\"@type\":\"ImageObject\",\"inLanguage\":\"fr-FR\",\"@id\":\"https:\/\/www.bagnoitalia.com\/fr#\/schema\/logo\/image\/\",\"url\":\"https:\/\/img.bagnoitalia.com\/wp-content\/uploads\/logo-bagnoitalia.webp\",\"contentUrl\":\"https:\/\/img.bagnoitalia.com\/wp-content\/uploads\/logo-bagnoitalia.webp\",\"width\":400,\"height\":70,\"caption\":\"Bagno Italia\"},\"image\":{\"@id\":\"https:\/\/www.bagnoitalia.com\/fr#\/schema\/logo\/image\/\"}}]}<\/script>\n<!-- \/ Yoast SEO plugin. -->","yoast_head_json":{"title":"Cabine de douche rectangulaire en pvc disponible en plusieurs dimensions BOX026","description":"Cabine de douche d&#39;angle en PVC r\u00e9versible \u00e0 portes coulissantes","robots":{"index":"index","follow":"follow","max-snippet":"max-snippet:-1","max-image-preview":"max-image-preview:large","max-video-preview":"max-video-preview:-1"},"canonical":"https:\/\/www.bagnoitalia.com\/fr\/produit\/cabine-de-douche-rectangulaire-en-pvc-disponible-en-differentes-tailles-box026.html","og_locale":"fr_FR","og_type":"article","og_title":"Cabine de douche rectangulaire en pvc disponible en plusieurs dimensions BOX026","og_description":"Cabine de douche d&#39;angle en PVC r\u00e9versible \u00e0 portes coulissantes","og_url":"https:\/\/www.bagnoitalia.com\/fr\/produit\/cabine-de-douche-rectangulaire-en-pvc-disponible-en-differentes-tailles-box026.html","og_site_name":"Bagno Italia","article_modified_time":"2024-05-16T14:54:06+00:00","og_image":[{"width":640,"height":640,"url":"https:\/\/img.bagnoitalia.com\/wp-content\/uploads\/virtuemart\/product\/rectangular-pvc-shower-enclosure-box026-1_1543575100_746.jpg","type":"image\/jpeg"}],"twitter_card":"summary_large_image","schema":{"@context":"https:\/\/schema.org","@graph":[{"@type":"WebPage","@id":"https:\/\/www.bagnoitalia.com\/fr\/produit\/cabine-de-douche-rectangulaire-en-pvc-disponible-en-differentes-tailles-box026.html","url":"https:\/\/www.bagnoitalia.com\/fr\/produit\/cabine-de-douche-rectangulaire-en-pvc-disponible-en-differentes-tailles-box026.html","name":"Cabine de douche rectangulaire en pvc disponible en plusieurs dimensions BOX026","isPartOf":{"@id":"https:\/\/www.bagnoitalia.com\/fr#website"},"primaryImageOfPage":{"@id":"https:\/\/www.bagnoitalia.com\/fr\/produit\/cabine-de-douche-rectangulaire-en-pvc-disponible-en-differentes-tailles-box026.html#primaryimage"},"image":{"@id":"https:\/\/www.bagnoitalia.com\/fr\/produit\/cabine-de-douche-rectangulaire-en-pvc-disponible-en-differentes-tailles-box026.html#primaryimage"},"thumbnailUrl":"https:\/\/img.bagnoitalia.com\/wp-content\/uploads\/virtuemart\/product\/rectangular-pvc-shower-enclosure-box026-1_1543575100_746.jpg","datePublished":"2015-07-13T12:04:31+00:00","dateModified":"2024-05-16T14:54:06+00:00","description":"Cabine de douche d&#39;angle en PVC r\u00e9versible \u00e0 portes coulissantes","breadcrumb":{"@id":"https:\/\/www.bagnoitalia.com\/fr\/produit\/cabine-de-douche-rectangulaire-en-pvc-disponible-en-differentes-tailles-box026.html#breadcrumb"},"inLanguage":"fr-FR","potentialAction":[{"@type":"ReadAction","target":["https:\/\/www.bagnoitalia.com\/fr\/produit\/cabine-de-douche-rectangulaire-en-pvc-disponible-en-differentes-tailles-box026.html"]}]},{"@type":"ImageObject","inLanguage":"fr-FR","@id":"https:\/\/www.bagnoitalia.com\/fr\/produit\/cabine-de-douche-rectangulaire-en-pvc-disponible-en-differentes-tailles-box026.html#primaryimage","url":"https:\/\/img.bagnoitalia.com\/wp-content\/uploads\/virtuemart\/product\/rectangular-pvc-shower-enclosure-box026-1_1543575100_746.jpg","contentUrl":"https:\/\/img.bagnoitalia.com\/wp-content\/uploads\/virtuemart\/product\/rectangular-pvc-shower-enclosure-box026-1_1543575100_746.jpg","width":640,"height":640},{"@type":"BreadcrumbList","@id":"https:\/\/www.bagnoitalia.com\/fr\/produit\/cabine-de-douche-rectangulaire-en-pvc-disponible-en-differentes-tailles-box026.html#breadcrumb","itemListElement":[{"@type":"ListItem","position":1,"name":"Home","item":"https:\/\/www.bagnoitalia.com\/fr"},{"@type":"ListItem","position":2,"name":"Produits","item":"https:\/\/www.bagnoitalia.com\/fr\/shop"},{"@type":"ListItem","position":3,"name":"Cabine de douche rectangulaire en pvc disponible en plusieurs dimensions BOX026"}]},{"@type":"WebSite","@id":"https:\/\/www.bagnoitalia.com\/fr#website","url":"https:\/\/www.bagnoitalia.com\/fr","name":"Bagno Italia","description":"","publisher":{"@id":"https:\/\/www.bagnoitalia.com\/fr#organization"},"potentialAction":[{"@type":"SearchAction","target":{"@type":"EntryPoint","urlTemplate":"https:\/\/www.bagnoitalia.com\/fr?s={search_term_string}"},"query-input":{"@type":"PropertyValueSpecification","valueRequired":true,"valueName":"search_term_string"}}],"inLanguage":"fr-FR"},{"@type":"Organization","@id":"https:\/\/www.bagnoitalia.com\/fr#organization","name":"Bagno Italia","url":"https:\/\/www.bagnoitalia.com\/fr","logo":{"@type":"ImageObject","inLanguage":"fr-FR","@id":"https:\/\/www.bagnoitalia.com\/fr#\/schema\/logo\/image\/","url":"https:\/\/img.bagnoitalia.com\/wp-content\/uploads\/logo-bagnoitalia.webp","contentUrl":"https:\/\/img.bagnoitalia.com\/wp-content\/uploads\/logo-bagnoitalia.webp","width":400,"height":70,"caption":"Bagno Italia"},"image":{"@id":"https:\/\/www.bagnoitalia.com\/fr#\/schema\/logo\/image\/"}}]}},"_links":{"self":[{"href":"https:\/\/www.bagnoitalia.com\/fr\/wp-json\/wp\/v2\/product\/79498","targetHints":{"allow":["GET"]}}],"collection":[{"href":"https:\/\/www.bagnoitalia.com\/fr\/wp-json\/wp\/v2\/product"}],"about":[{"href":"https:\/\/www.bagnoitalia.com\/fr\/wp-json\/wp\/v2\/types\/product"}],"replies":[{"embeddable":true,"href":"https:\/\/www.bagnoitalia.com\/fr\/wp-json\/wp\/v2\/comments?post=79498"}],"version-history":[{"count":0,"href":"https:\/\/www.bagnoitalia.com\/fr\/wp-json\/wp\/v2\/product\/79498\/revisions"}],"wp:featuredmedia":[{"embeddable":true,"href":"https:\/\/www.bagnoitalia.com\/fr\/wp-json\/wp\/v2\/media\/27214"}],"wp:attachment":[{"href":"https:\/\/www.bagnoitalia.com\/fr\/wp-json\/wp\/v2\/media?parent=79498"}],"wp:term":[{"taxonomy":"product_brand","embeddable":true,"href":"https:\/\/www.bagnoitalia.com\/fr\/wp-json\/wp\/v2\/product_brand?post=79498"},{"taxonomy":"product_cat","embeddable":true,"href":"https:\/\/www.bagnoitalia.com\/fr\/wp-json\/wp\/v2\/product_cat?post=79498"},{"taxonomy":"product_tag","embeddable":true,"href":"https:\/\/www.bagnoitalia.com\/fr\/wp-json\/wp\/v2\/product_tag?post=79498"}],"curies":[{"name":"wp","href":"https:\/\/api.w.org\/{rel}","templated":true}]}}