{"id":79386,"date":"2015-07-02T07:23:14","date_gmt":"2015-07-02T05:23:14","guid":{"rendered":"https:\/\/www.bagnoitalia.com\/product\/porte-de-douche-avec-deux-portes-coulissantes-pour-renfoncement-h-185-198-cristal-6-mm-pr018"},"modified":"2025-06-14T22:20:35","modified_gmt":"2025-06-14T20:20:35","slug":"porte-de-douche-avec-deux-portes-coulissantes-pour-renfoncement-h-185-198-cristal-6-mm-pr018","status":"publish","type":"product","link":"https:\/\/www.bagnoitalia.com\/fr\/produit\/porte-de-douche-avec-deux-portes-coulissantes-pour-renfoncement-h-185-198-cristal-6-mm-pr018.html","title":{"rendered":"Porte de coin douche \u00e0 deux portes coulissantes Hauteur 185 ou 198 verre 6 mm PR018"},"content":{"rendered":"<p><span style=\"font-size: 12pt;\"><strong>Porte de coin douche&nbsp; 2 parois fixes et 2 portes coulissantes<\/strong><\/span><\/p>\n<\/p>\n<ul>\n<li><span style=\"font-size: 12pt;\">Syst\u00e8me de coulisse \u00e0 structure chrom\u00e9e \u00e0 16 roues avec roulements \u00e0 billes<\/span><\/li>\n<li><span style=\"font-size: 12pt;\">Syst\u00e8me d\u2019accrochage et de d\u00e9crochage rapide pour un nettoyage facile <br \/><\/span><\/li>\n<li><span style=\"font-size: 12pt;\">Verre tremp\u00e9 de 6 mm <br \/><\/span><\/li>\n<li><span style=\"font-size: 12pt;\">Profils en aluminium anodis\u00e9 <br \/><\/span><\/li>\n<li><span style=\"font-size: 12pt;\">Fermeture magn\u00e9tique de la porte<\/span><\/li>\n<li><span style=\"font-size: 12pt;\">Joints avec aileron anti-goutte sur toutes les portes <br \/><\/span><\/li>\n<li><span style=\"font-size: 12pt;\">Poign\u00e9e chrom\u00e9e poli&nbsp;<br \/><\/span><\/li>\n<li><span style=\"font-size: 12pt;\">Receveur de douche non inclu<\/span><\/li>\n<li><span style=\"font-size: 12pt;\">Produit certifi\u00e9 CE<\/span> <strong><br \/><\/strong><\/li>\n<li><span style=\"font-size: 12pt;\">Dimensions disponibles: 120, 130, 140, 150, 160, 170 ou 180 cm; vous pouvez \u00e9galement ajouter 1 ou 2 profils de compensation (chaque profil augmente de 2 cm la &nbsp;largeur de la porte de douche, en plus de la tol\u00e9rance indiqu\u00e9e dans le tableau ci-dessous)<\/span><\/li>\n<li><strong><span style=\"font-size: 12pt;\">Disponible aussi en hauteur 185 cm (\u00e0 s\u00e9lectionner dans le menu sus-jacent)<\/span><\/strong><\/li>\n<\/ul>\n<p><span style=\"font-size: 10pt;\"><span style=\"color: #ff0000;\"><strong>ATTENTION<\/strong><\/span><strong><span style=\"color: #ff0000;\">:<\/span> il est \u00e9galement possible d&rsquo;ajouter des profils de compensation s&rsquo;il est n\u00e9cessaire d&rsquo;augmenter les dimensions de quelques centim\u00e8tres au-del\u00e0 de celles indiqu\u00e9es<\/strong><\/span><\/p>\n<\/p>\n<table style=\"width: 644px; height: 169px;\">\n<tbody>\n<tr>\n<th align=\"justify\">Dimension<\/th>\n<th align=\"center\">tol\u00e9rance<\/th>\n<th align=\"justify\">ouverture<\/th>\n<\/tr>\n<tr>\n<td align=\"justify\" data-label=\"Dimensione\">120 cm<\/td>\n<td align=\"justify\" data-label=\"Tolleranza\">De 117 \u00e0 122 cm<\/td>\n<td align=\"justify\" data-label=\"Apertura\">45 cm<\/td>\n<\/tr>\n<tr>\n<td align=\"justify\" data-label=\"Dimensione\">130 cm<\/td>\n<td align=\"justify\" data-label=\"Tolleranza\">De 127 \u00e0 132 cm<\/td>\n<td align=\"justify\" data-label=\"Apertura\">50 cm<\/td>\n<\/tr>\n<tr>\n<td align=\"justify\" data-label=\"Dimensione\">140 cm<\/td>\n<td align=\"justify\" data-label=\"Tolleranza\">De 137 \u00e0 142 cm<\/td>\n<td align=\"justify\" data-label=\"Apertura\">55 cm<\/td>\n<\/tr>\n<tr>\n<td align=\"justify\" data-label=\"Dimensione\">150 cm<\/td>\n<td align=\"justify\" data-label=\"Tolleranza\">De 147 \u00e0 152 cm<\/td>\n<td align=\"justify\" data-label=\"Apertura\">60 cm<\/td>\n<\/tr>\n<tr>\n<td align=\"justify\" data-label=\"Dimensione\">160 cm<\/td>\n<td align=\"justify\" data-label=\"Tolleranza\">De 157 \u00e0 162 cm<\/td>\n<td align=\"justify\" data-label=\"Apertura\">65 cm<\/td>\n<\/tr>\n<tr>\n<td align=\"justify\" data-label=\"Dimensione\">170 cm<\/td>\n<td align=\"justify\" data-label=\"Tolleranza\">De 167 \u00e0 172 cm<\/td>\n<td align=\"justify\" data-label=\"Apertura\">70 cm<\/td>\n<\/tr>\n<tr>\n<td align=\"justify\" data-label=\"Dimensione\">180 cm<\/td>\n<td align=\"justify\" data-label=\"Tolleranza\">De 177 \u00e0 182 cm<\/td>\n<td align=\"justify\" data-label=\"Apertura\">75 cm<\/td>\n<\/tr>\n<\/tbody>\n<\/table>\n<p><strong><span style=\"font-size: 12pt;\">ATTENTION: la cabine de douche de 185 cm de hauteur a la poign\u00e9e suivante:<\/span><\/strong><\/p>\n<p><img fetchpriority=\"high\" decoding=\"async\" class=\" size-full wp-image-26754\" src=\"https:\/\/img.bagnoitalia.com\/wp-content\/uploads\/box_doccia_12_scorrevole-11.jpg\" alt=\"\" width=\"650\" height=\"650\" srcset=\"https:\/\/img.bagnoitalia.com\/wp-content\/uploads\/box_doccia_12_scorrevole-11.jpg 1500w, https:\/\/img.bagnoitalia.com\/wp-content\/uploads\/box_doccia_12_scorrevole-11-768x768.jpg 768w, https:\/\/img.bagnoitalia.com\/wp-content\/uploads\/box_doccia_12_scorrevole-11-990x990.jpg 990w, https:\/\/img.bagnoitalia.com\/wp-content\/uploads\/box_doccia_12_scorrevole-11-441x441.jpg 441w, https:\/\/img.bagnoitalia.com\/wp-content\/uploads\/box_doccia_12_scorrevole-11-100x100.jpg 100w, https:\/\/img.bagnoitalia.com\/wp-content\/uploads\/box_doccia_12_scorrevole-11-600x600.jpg 600w, https:\/\/img.bagnoitalia.com\/wp-content\/uploads\/box_doccia_12_scorrevole-11-150x150.jpg 150w\" sizes=\"(max-width: 650px) 100vw, 650px\" \/><\/p>\n<p>___________________________________________________________________________________________<\/p>\n<\/p>\n<p><strong><span style=\"font-size: 12pt;\">La cabine de douche de 198 cm de hauteur a la poign\u00e9e ci-dessous:<\/span><\/strong><\/p>\n<p><img decoding=\"async\" class=\" size-full wp-image-26758\" src=\"https:\/\/img.bagnoitalia.com\/wp-content\/uploads\/box_doccia_12_scorrevole-9.jpg\" alt=\"\" width=\"648\" height=\"648\" srcset=\"https:\/\/img.bagnoitalia.com\/wp-content\/uploads\/box_doccia_12_scorrevole-9.jpg 1500w, https:\/\/img.bagnoitalia.com\/wp-content\/uploads\/box_doccia_12_scorrevole-9-768x768.jpg 768w, https:\/\/img.bagnoitalia.com\/wp-content\/uploads\/box_doccia_12_scorrevole-9-990x990.jpg 990w, https:\/\/img.bagnoitalia.com\/wp-content\/uploads\/box_doccia_12_scorrevole-9-441x441.jpg 441w, https:\/\/img.bagnoitalia.com\/wp-content\/uploads\/box_doccia_12_scorrevole-9-100x100.jpg 100w, https:\/\/img.bagnoitalia.com\/wp-content\/uploads\/box_doccia_12_scorrevole-9-600x600.jpg 600w, https:\/\/img.bagnoitalia.com\/wp-content\/uploads\/box_doccia_12_scorrevole-9-150x150.jpg 150w\" sizes=\"(max-width: 648px) 100vw, 648px\" \/><\/p><\/p>\n","protected":false},"excerpt":{"rendered":"<p>Porte de douche \u00e0 deux portes coulissantes H198 ou 185 cm, largeur 120, 130, 140, 150, 160, 170 ou 180 cm en verre de 6 mm<\/p>\n","protected":false},"featured_media":26722,"comment_status":"open","ping_status":"closed","template":"","meta":[],"product_brand":[9891],"product_cat":[15,10115],"product_tag":[],"class_list":{"0":"post-79386","1":"product","2":"type-product","3":"status-publish","4":"has-post-thumbnail","6":"product_brand-idralite-fr","7":"product_cat-senza-categoria","8":"product_cat-senza-categoria-fr","10":"first","11":"outofstock","12":"taxable","13":"shipping-taxable","14":"purchasable","15":"product-type-simple"},"exclude_global_add_ons":false,"addons":[{"name":"CAMPI_PORTA_PER_DOCCIA\r\n","type":"select","position":0,"required":true,"title_format":"label","default":"","description_enable":false,"description":"","placeholder_enable":false,"placeholder":"","display":"select","restrictions_type":"any_text","adjust_price":false,"price":"","price_type":"","restrictions":false,"min":"0","max":"0","options":[]},{"name":"CAMPI_CRISTALLO\r\n","type":"select","position":0,"required":true,"title_format":"label","default":"","description_enable":false,"description":"","placeholder_enable":false,"placeholder":"","display":"select","restrictions_type":"any_text","adjust_price":false,"price":"","price_type":"","restrictions":false,"min":"0","max":"0","options":[]},{"name":"CAMPI_ALTEZZA\r\n","type":"select","position":0,"required":true,"title_format":"label","default":"","description_enable":false,"description":"","placeholder_enable":false,"placeholder":"","display":"select","restrictions_type":"any_text","adjust_price":false,"price":"","price_type":"","restrictions":false,"min":"0","max":"0","options":[]},{"name":"CAMPI_PROFILO_DI_COMPENSAZIONE\r\n","type":"select","position":0,"required":true,"title_format":"label","default":"","description_enable":false,"description":"","placeholder_enable":false,"placeholder":"","display":"select","restrictions_type":"any_text","adjust_price":false,"price":"","price_type":"","restrictions":false,"min":"0","max":"0","options":[]}],"yoast_head":"<!-- This site is optimized with the Yoast SEO plugin v26.7 - https:\/\/yoast.com\/wordpress\/plugins\/seo\/ -->\n<title>Porte de coin douche \u00e0 deux portes coulissantes Hauteur 185 ou 198 verre 6 mm PR018<\/title>\n<meta name=\"description\" content=\"Porte de douche avec deux portes coulissantes H198 ou 185 cm, largeur 120,130,140,150,160,170,180 cm en verre de 6 mm\" \/>\n<meta name=\"robots\" content=\"index, follow, max-snippet:-1, max-image-preview:large, max-video-preview:-1\" \/>\n<link rel=\"canonical\" href=\"https:\/\/www.bagnoitalia.com\/fr\/produit\/porte-de-douche-avec-deux-portes-coulissantes-pour-renfoncement-h-185-198-cristal-6-mm-pr018.html\" \/>\n<meta property=\"og:locale\" content=\"fr_FR\" \/>\n<meta property=\"og:type\" content=\"article\" \/>\n<meta property=\"og:title\" content=\"Porte de coin douche \u00e0 deux portes coulissantes Hauteur 185 ou 198 verre 6 mm PR018\" \/>\n<meta property=\"og:description\" content=\"Porte de douche avec deux portes coulissantes H198 ou 185 cm, largeur 120,130,140,150,160,170,180 cm en verre de 6 mm\" \/>\n<meta property=\"og:url\" content=\"https:\/\/www.bagnoitalia.com\/fr\/produit\/porte-de-douche-avec-deux-portes-coulissantes-pour-renfoncement-h-185-198-cristal-6-mm-pr018.html\" \/>\n<meta property=\"og:site_name\" content=\"Bagno Italia\" \/>\n<meta property=\"article:modified_time\" content=\"2025-06-14T20:20:35+00:00\" \/>\n<meta property=\"og:image\" content=\"https:\/\/img.bagnoitalia.com\/wp-content\/uploads\/virtuemart\/product\/niche-shower-door-two-sliding-doors-pr018-1_1543847874_502.jpg\" \/>\n\t<meta property=\"og:image:width\" content=\"1500\" \/>\n\t<meta property=\"og:image:height\" content=\"1500\" \/>\n\t<meta property=\"og:image:type\" content=\"image\/jpeg\" \/>\n<meta name=\"twitter:card\" content=\"summary_large_image\" \/>\n<meta name=\"twitter:label1\" content=\"Dur\u00e9e de lecture estim\u00e9e\" \/>\n\t<meta name=\"twitter:data1\" content=\"1 minute\" \/>\n<script type=\"application\/ld+json\" class=\"yoast-schema-graph\">{\"@context\":\"https:\/\/schema.org\",\"@graph\":[{\"@type\":\"WebPage\",\"@id\":\"https:\/\/www.bagnoitalia.com\/fr\/produit\/porte-de-douche-avec-deux-portes-coulissantes-pour-renfoncement-h-185-198-cristal-6-mm-pr018.html\",\"url\":\"https:\/\/www.bagnoitalia.com\/fr\/produit\/porte-de-douche-avec-deux-portes-coulissantes-pour-renfoncement-h-185-198-cristal-6-mm-pr018.html\",\"name\":\"Porte de coin douche \u00e0 deux portes coulissantes Hauteur 185 ou 198 verre 6 mm PR018\",\"isPartOf\":{\"@id\":\"https:\/\/www.bagnoitalia.com\/fr#website\"},\"primaryImageOfPage\":{\"@id\":\"https:\/\/www.bagnoitalia.com\/fr\/produit\/porte-de-douche-avec-deux-portes-coulissantes-pour-renfoncement-h-185-198-cristal-6-mm-pr018.html#primaryimage\"},\"image\":{\"@id\":\"https:\/\/www.bagnoitalia.com\/fr\/produit\/porte-de-douche-avec-deux-portes-coulissantes-pour-renfoncement-h-185-198-cristal-6-mm-pr018.html#primaryimage\"},\"thumbnailUrl\":\"https:\/\/img.bagnoitalia.com\/wp-content\/uploads\/virtuemart\/product\/niche-shower-door-two-sliding-doors-pr018-1_1543847874_502.jpg\",\"datePublished\":\"2015-07-02T05:23:14+00:00\",\"dateModified\":\"2025-06-14T20:20:35+00:00\",\"description\":\"Porte de douche avec deux portes coulissantes H198 ou 185 cm, largeur 120,130,140,150,160,170,180 cm en verre de 6 mm\",\"breadcrumb\":{\"@id\":\"https:\/\/www.bagnoitalia.com\/fr\/produit\/porte-de-douche-avec-deux-portes-coulissantes-pour-renfoncement-h-185-198-cristal-6-mm-pr018.html#breadcrumb\"},\"inLanguage\":\"fr-FR\",\"potentialAction\":[{\"@type\":\"ReadAction\",\"target\":[\"https:\/\/www.bagnoitalia.com\/fr\/produit\/porte-de-douche-avec-deux-portes-coulissantes-pour-renfoncement-h-185-198-cristal-6-mm-pr018.html\"]}]},{\"@type\":\"ImageObject\",\"inLanguage\":\"fr-FR\",\"@id\":\"https:\/\/www.bagnoitalia.com\/fr\/produit\/porte-de-douche-avec-deux-portes-coulissantes-pour-renfoncement-h-185-198-cristal-6-mm-pr018.html#primaryimage\",\"url\":\"https:\/\/img.bagnoitalia.com\/wp-content\/uploads\/virtuemart\/product\/niche-shower-door-two-sliding-doors-pr018-1_1543847874_502.jpg\",\"contentUrl\":\"https:\/\/img.bagnoitalia.com\/wp-content\/uploads\/virtuemart\/product\/niche-shower-door-two-sliding-doors-pr018-1_1543847874_502.jpg\",\"width\":1500,\"height\":1500},{\"@type\":\"BreadcrumbList\",\"@id\":\"https:\/\/www.bagnoitalia.com\/fr\/produit\/porte-de-douche-avec-deux-portes-coulissantes-pour-renfoncement-h-185-198-cristal-6-mm-pr018.html#breadcrumb\",\"itemListElement\":[{\"@type\":\"ListItem\",\"position\":1,\"name\":\"Home\",\"item\":\"https:\/\/www.bagnoitalia.com\/fr\"},{\"@type\":\"ListItem\",\"position\":2,\"name\":\"Produits\",\"item\":\"https:\/\/www.bagnoitalia.com\/fr\/shop\"},{\"@type\":\"ListItem\",\"position\":3,\"name\":\"Porte de coin douche \u00e0 deux portes coulissantes Hauteur 185 ou 198 verre 6 mm PR018\"}]},{\"@type\":\"WebSite\",\"@id\":\"https:\/\/www.bagnoitalia.com\/fr#website\",\"url\":\"https:\/\/www.bagnoitalia.com\/fr\",\"name\":\"Bagno Italia\",\"description\":\"\",\"publisher\":{\"@id\":\"https:\/\/www.bagnoitalia.com\/fr#organization\"},\"potentialAction\":[{\"@type\":\"SearchAction\",\"target\":{\"@type\":\"EntryPoint\",\"urlTemplate\":\"https:\/\/www.bagnoitalia.com\/fr?s={search_term_string}\"},\"query-input\":{\"@type\":\"PropertyValueSpecification\",\"valueRequired\":true,\"valueName\":\"search_term_string\"}}],\"inLanguage\":\"fr-FR\"},{\"@type\":\"Organization\",\"@id\":\"https:\/\/www.bagnoitalia.com\/fr#organization\",\"name\":\"Bagno Italia\",\"url\":\"https:\/\/www.bagnoitalia.com\/fr\",\"logo\":{\"@type\":\"ImageObject\",\"inLanguage\":\"fr-FR\",\"@id\":\"https:\/\/www.bagnoitalia.com\/fr#\/schema\/logo\/image\/\",\"url\":\"https:\/\/img.bagnoitalia.com\/wp-content\/uploads\/logo-bagnoitalia.webp\",\"contentUrl\":\"https:\/\/img.bagnoitalia.com\/wp-content\/uploads\/logo-bagnoitalia.webp\",\"width\":400,\"height\":70,\"caption\":\"Bagno Italia\"},\"image\":{\"@id\":\"https:\/\/www.bagnoitalia.com\/fr#\/schema\/logo\/image\/\"}}]}<\/script>\n<!-- \/ Yoast SEO plugin. -->","yoast_head_json":{"title":"Porte de coin douche \u00e0 deux portes coulissantes Hauteur 185 ou 198 verre 6 mm PR018","description":"Porte de douche avec deux portes coulissantes H198 ou 185 cm, largeur 120,130,140,150,160,170,180 cm en verre de 6 mm","robots":{"index":"index","follow":"follow","max-snippet":"max-snippet:-1","max-image-preview":"max-image-preview:large","max-video-preview":"max-video-preview:-1"},"canonical":"https:\/\/www.bagnoitalia.com\/fr\/produit\/porte-de-douche-avec-deux-portes-coulissantes-pour-renfoncement-h-185-198-cristal-6-mm-pr018.html","og_locale":"fr_FR","og_type":"article","og_title":"Porte de coin douche \u00e0 deux portes coulissantes Hauteur 185 ou 198 verre 6 mm PR018","og_description":"Porte de douche avec deux portes coulissantes H198 ou 185 cm, largeur 120,130,140,150,160,170,180 cm en verre de 6 mm","og_url":"https:\/\/www.bagnoitalia.com\/fr\/produit\/porte-de-douche-avec-deux-portes-coulissantes-pour-renfoncement-h-185-198-cristal-6-mm-pr018.html","og_site_name":"Bagno Italia","article_modified_time":"2025-06-14T20:20:35+00:00","og_image":[{"width":1500,"height":1500,"url":"https:\/\/img.bagnoitalia.com\/wp-content\/uploads\/virtuemart\/product\/niche-shower-door-two-sliding-doors-pr018-1_1543847874_502.jpg","type":"image\/jpeg"}],"twitter_card":"summary_large_image","twitter_misc":{"Dur\u00e9e de lecture estim\u00e9e":"1 minute"},"schema":{"@context":"https:\/\/schema.org","@graph":[{"@type":"WebPage","@id":"https:\/\/www.bagnoitalia.com\/fr\/produit\/porte-de-douche-avec-deux-portes-coulissantes-pour-renfoncement-h-185-198-cristal-6-mm-pr018.html","url":"https:\/\/www.bagnoitalia.com\/fr\/produit\/porte-de-douche-avec-deux-portes-coulissantes-pour-renfoncement-h-185-198-cristal-6-mm-pr018.html","name":"Porte de coin douche \u00e0 deux portes coulissantes Hauteur 185 ou 198 verre 6 mm PR018","isPartOf":{"@id":"https:\/\/www.bagnoitalia.com\/fr#website"},"primaryImageOfPage":{"@id":"https:\/\/www.bagnoitalia.com\/fr\/produit\/porte-de-douche-avec-deux-portes-coulissantes-pour-renfoncement-h-185-198-cristal-6-mm-pr018.html#primaryimage"},"image":{"@id":"https:\/\/www.bagnoitalia.com\/fr\/produit\/porte-de-douche-avec-deux-portes-coulissantes-pour-renfoncement-h-185-198-cristal-6-mm-pr018.html#primaryimage"},"thumbnailUrl":"https:\/\/img.bagnoitalia.com\/wp-content\/uploads\/virtuemart\/product\/niche-shower-door-two-sliding-doors-pr018-1_1543847874_502.jpg","datePublished":"2015-07-02T05:23:14+00:00","dateModified":"2025-06-14T20:20:35+00:00","description":"Porte de douche avec deux portes coulissantes H198 ou 185 cm, largeur 120,130,140,150,160,170,180 cm en verre de 6 mm","breadcrumb":{"@id":"https:\/\/www.bagnoitalia.com\/fr\/produit\/porte-de-douche-avec-deux-portes-coulissantes-pour-renfoncement-h-185-198-cristal-6-mm-pr018.html#breadcrumb"},"inLanguage":"fr-FR","potentialAction":[{"@type":"ReadAction","target":["https:\/\/www.bagnoitalia.com\/fr\/produit\/porte-de-douche-avec-deux-portes-coulissantes-pour-renfoncement-h-185-198-cristal-6-mm-pr018.html"]}]},{"@type":"ImageObject","inLanguage":"fr-FR","@id":"https:\/\/www.bagnoitalia.com\/fr\/produit\/porte-de-douche-avec-deux-portes-coulissantes-pour-renfoncement-h-185-198-cristal-6-mm-pr018.html#primaryimage","url":"https:\/\/img.bagnoitalia.com\/wp-content\/uploads\/virtuemart\/product\/niche-shower-door-two-sliding-doors-pr018-1_1543847874_502.jpg","contentUrl":"https:\/\/img.bagnoitalia.com\/wp-content\/uploads\/virtuemart\/product\/niche-shower-door-two-sliding-doors-pr018-1_1543847874_502.jpg","width":1500,"height":1500},{"@type":"BreadcrumbList","@id":"https:\/\/www.bagnoitalia.com\/fr\/produit\/porte-de-douche-avec-deux-portes-coulissantes-pour-renfoncement-h-185-198-cristal-6-mm-pr018.html#breadcrumb","itemListElement":[{"@type":"ListItem","position":1,"name":"Home","item":"https:\/\/www.bagnoitalia.com\/fr"},{"@type":"ListItem","position":2,"name":"Produits","item":"https:\/\/www.bagnoitalia.com\/fr\/shop"},{"@type":"ListItem","position":3,"name":"Porte de coin douche \u00e0 deux portes coulissantes Hauteur 185 ou 198 verre 6 mm PR018"}]},{"@type":"WebSite","@id":"https:\/\/www.bagnoitalia.com\/fr#website","url":"https:\/\/www.bagnoitalia.com\/fr","name":"Bagno Italia","description":"","publisher":{"@id":"https:\/\/www.bagnoitalia.com\/fr#organization"},"potentialAction":[{"@type":"SearchAction","target":{"@type":"EntryPoint","urlTemplate":"https:\/\/www.bagnoitalia.com\/fr?s={search_term_string}"},"query-input":{"@type":"PropertyValueSpecification","valueRequired":true,"valueName":"search_term_string"}}],"inLanguage":"fr-FR"},{"@type":"Organization","@id":"https:\/\/www.bagnoitalia.com\/fr#organization","name":"Bagno Italia","url":"https:\/\/www.bagnoitalia.com\/fr","logo":{"@type":"ImageObject","inLanguage":"fr-FR","@id":"https:\/\/www.bagnoitalia.com\/fr#\/schema\/logo\/image\/","url":"https:\/\/img.bagnoitalia.com\/wp-content\/uploads\/logo-bagnoitalia.webp","contentUrl":"https:\/\/img.bagnoitalia.com\/wp-content\/uploads\/logo-bagnoitalia.webp","width":400,"height":70,"caption":"Bagno Italia"},"image":{"@id":"https:\/\/www.bagnoitalia.com\/fr#\/schema\/logo\/image\/"}}]}},"_links":{"self":[{"href":"https:\/\/www.bagnoitalia.com\/fr\/wp-json\/wp\/v2\/product\/79386","targetHints":{"allow":["GET"]}}],"collection":[{"href":"https:\/\/www.bagnoitalia.com\/fr\/wp-json\/wp\/v2\/product"}],"about":[{"href":"https:\/\/www.bagnoitalia.com\/fr\/wp-json\/wp\/v2\/types\/product"}],"replies":[{"embeddable":true,"href":"https:\/\/www.bagnoitalia.com\/fr\/wp-json\/wp\/v2\/comments?post=79386"}],"version-history":[{"count":0,"href":"https:\/\/www.bagnoitalia.com\/fr\/wp-json\/wp\/v2\/product\/79386\/revisions"}],"wp:featuredmedia":[{"embeddable":true,"href":"https:\/\/www.bagnoitalia.com\/fr\/wp-json\/wp\/v2\/media\/26722"}],"wp:attachment":[{"href":"https:\/\/www.bagnoitalia.com\/fr\/wp-json\/wp\/v2\/media?parent=79386"}],"wp:term":[{"taxonomy":"product_brand","embeddable":true,"href":"https:\/\/www.bagnoitalia.com\/fr\/wp-json\/wp\/v2\/product_brand?post=79386"},{"taxonomy":"product_cat","embeddable":true,"href":"https:\/\/www.bagnoitalia.com\/fr\/wp-json\/wp\/v2\/product_cat?post=79386"},{"taxonomy":"product_tag","embeddable":true,"href":"https:\/\/www.bagnoitalia.com\/fr\/wp-json\/wp\/v2\/product_tag?post=79386"}],"curies":[{"name":"wp","href":"https:\/\/api.w.org\/{rel}","templated":true}]}}