{"id":79370,"date":"2015-06-30T15:45:51","date_gmt":"2015-06-30T13:45:51","guid":{"rendered":"https:\/\/www.bagnoitalia.com\/product\/bain-tourbillon-180x120-31-jets-bain-tourbillon-double-avec-ozonotherapie-vs030"},"modified":"2025-05-13T17:01:33","modified_gmt":"2025-05-13T15:01:33","slug":"bain-tourbillon-180x120-31-jets-bain-tourbillon-double-avec-ozonotherapie-vs030","status":"publish","type":"product","link":"https:\/\/www.bagnoitalia.com\/fr\/produit\/bain-tourbillon-180x120-31-jets-bain-tourbillon-double-avec-ozonotherapie-vs030.html","title":{"rendered":"Baignoire Spa 180&#215;120 31 jets, double hydromassage avec ozonoth\u00e9rapie VS030"},"content":{"rendered":"<p style=\"text-align: center;\"><span style=\"text-decoration: underline;\"><strong><span style=\"font-size: 12pt;\">Baignoire \u00e0 remous 180&#215;120, 31 jets au total<\/span><\/strong><\/span><\/p>\n<p style=\"text-align: justify;\"><span style=\"text-decoration: underline;\"><span style=\"font-size: 12pt;\">Caract\u00e9ristiques:<\/span><\/span><\/p>\n<p style=\"text-align: justify;\"><span style=\"font-size: 12pt;\">&#8211; POMPE D&rsquo;HYDROMASSAGE AM\u00c9LIOR\u00c9E DE 1,5 HP<\/span><\/p>\n<p><span style=\"font-size: 12pt;\">&#8211; 10 PETITS JETS EN LAITON<\/span><\/p>\n<p><span style=\"font-size: 12pt;\">&#8211; 16 PETITS JETS EN LAITON SUPPL\u00c9MENTAIRE (AVEC POMPE \u00c0 AIR AJOUT\u00c9E)<\/span><\/p>\n<p><span style=\"font-size: 12pt;\">&#8211; 5 GRANDS JETS CHROM\u00c9E<\/span><\/p>\n<p><span style=\"font-size: 12pt;\">&#8211; CADRE EN ACIER GALVANIS\u00c9 ET STRUCTURE\u00a0A&rsquo; QUATRE COUCHES DE FIBRE DE VERRE<\/span><\/p>\n<p><span style=\"font-size: 12pt;\">&#8211; DISJONCTEUR \u00c9LECTRIQUE INCLUS<\/span><\/p>\n<p><span style=\"font-size: 12pt;\">&#8211; PANNEAU MULTIFONCTIONS AVEC RADIO DE CONTR\u00d4LE<\/span><\/p>\n<p><span style=\"font-size: 12pt;\">&#8211; POMMEAU DE DOUCHE<\/span><\/p>\n<p><span style=\"font-size: 12pt;\">&#8211; TUYAUX RENFORC\u00c9S<\/span><\/p>\n<p><span style=\"font-size: 12pt;\">&#8211; REGULATEUR D&rsquo;EAU CHAUDE &#8211; EAU FROIDE<\/span><\/p>\n<p><span style=\"font-size: 12pt;\">&#8211; COMMUTATEUR THERMOSTATIQUE<\/span><\/p>\n<p><span style=\"font-size: 12pt;\">&#8211; \u00c9CLAIRAGE POUR LA CHROMOTH\u00c9RAPIE ET \u200b\u200bL&rsquo;<span style=\"font-size: 12pt;\">\u00c9CLAIRAGE\u00a0<\/span>DE LA BAIGNOIRE<\/span><\/p>\n<p><span style=\"font-size: 12pt;\">&#8211; COUSSINS INCLUS<\/span><\/p>\n<p><span style=\"font-size: 12pt;\">&#8211; ROBINETS INCLUS<\/span><\/p>\n<p><span style=\"font-size: 12pt;\">&#8211; PORTE SERVIETTES\u00a0<\/span><\/p>\n<p><span style=\"font-size: 12pt;\">&#8211; HAUT PARLEURS<\/span><\/p>\n<p><span style=\"font-size: 12pt;\">&#8211; GENERATEUR D&rsquo;OZONE INCLUS<\/span><\/p>\n<p><span style=\"font-size: 12pt;\">&#8211; MITIGEUR CASCADE AM\u00c9RICAINE INCLUS<\/span><\/p>\n<p><span style=\"font-size: 12pt;\">&#8211; POMPE DE 0,25 HP <span style=\"font-size: 12pt;\">POUR JETS \u00c0 AIR <\/span>SUPPL\u00c9MENTAIRES INCLUS<\/span><\/p>\n<p>&nbsp;<\/p>\n","protected":false},"excerpt":{"rendered":"<p>Baignoire d\u2019hydromassage 180&#215;120 toutes options avec 31 jets et double hydromassage \u00e0 air et \u00e0 eau.<\/p>\n","protected":false},"featured_media":26634,"comment_status":"open","ping_status":"closed","template":"","meta":[],"product_brand":[9924],"product_cat":[9707,9743],"product_tag":[],"class_list":{"0":"post-79370","1":"product","2":"type-product","3":"status-publish","4":"has-post-thumbnail","6":"product_brand-predator-arredo-casa-fr","7":"product_cat-baignoire-balneo","8":"product_cat-piscines-d-39-hydromassage","10":"first","11":"instock","12":"sale","13":"taxable","14":"shipping-taxable","15":"purchasable","16":"product-type-simple"},"exclude_global_add_ons":false,"addons":[{"name":"Typologie","type":"multiple_choice","position":0,"required":true,"title_format":"heading","default":"","description_enable":false,"description":"","placeholder_enable":false,"placeholder":"","display":"select","restrictions_type":"any_text","adjust_price":false,"price":"","price_type":"flat_fee","restrictions":false,"min":"0","max":"0","options":[{"label":"avec pompe pr\u00e9chauff\u00e9e","price":"","price_type":"quantity_based","image":0,"visibility":true},{"label":"avec chauffage","price":"230","price_type":"quantity_based","image":0,"visibility":true}],"id":1716379099}],"yoast_head":"<!-- This site is optimized with the Yoast SEO plugin v26.7 - https:\/\/yoast.com\/wordpress\/plugins\/seo\/ -->\n<title>Baignoire Spa 180x120 31 jets, double hydromassage avec ozonoth\u00e9rapie VS030<\/title>\n<meta name=\"description\" content=\"Bain \u00e0 remous 180x120 POMPE WHIRLPOOL AM\u00c9LIOR\u00c9E 10 HP, hydrostats r\u00e9duits, 16 jets d&#039;air r\u00e9duits, 5 grands jets, cadre en acier galvanis\u00e9 et cache en fibre de verre \u00e0 4 couches, panneau de commande, douchette, d\u00e9tendeur chaud \/ froid, chromoth\u00e9rapie, robinets , l&#039;ozone, cascade am\u00e9ricaine, pour la pompe \u00e0 air suppl\u00e9mentaire\" \/>\n<meta name=\"robots\" content=\"index, follow, max-snippet:-1, max-image-preview:large, max-video-preview:-1\" \/>\n<link rel=\"canonical\" href=\"https:\/\/www.bagnoitalia.com\/fr\/produit\/bain-tourbillon-180x120-31-jets-bain-tourbillon-double-avec-ozonotherapie-vs030.html\" \/>\n<meta property=\"og:locale\" content=\"fr_FR\" \/>\n<meta property=\"og:type\" content=\"article\" \/>\n<meta property=\"og:title\" content=\"Baignoire Spa 180x120 31 jets, double hydromassage avec ozonoth\u00e9rapie VS030\" \/>\n<meta property=\"og:description\" content=\"Bain \u00e0 remous 180x120 POMPE WHIRLPOOL AM\u00c9LIOR\u00c9E 10 HP, hydrostats r\u00e9duits, 16 jets d&#039;air r\u00e9duits, 5 grands jets, cadre en acier galvanis\u00e9 et cache en fibre de verre \u00e0 4 couches, panneau de commande, douchette, d\u00e9tendeur chaud \/ froid, chromoth\u00e9rapie, robinets , l&#039;ozone, cascade am\u00e9ricaine, pour la pompe \u00e0 air suppl\u00e9mentaire\" \/>\n<meta property=\"og:url\" content=\"https:\/\/www.bagnoitalia.com\/fr\/produit\/bain-tourbillon-180x120-31-jets-bain-tourbillon-double-avec-ozonotherapie-vs030.html\" \/>\n<meta property=\"og:site_name\" content=\"Bagno Italia\" \/>\n<meta property=\"article:modified_time\" content=\"2025-05-13T15:01:33+00:00\" \/>\n<meta property=\"og:image\" content=\"https:\/\/img.bagnoitalia.com\/wp-content\/uploads\/virtuemart\/product\/180x120-Jacuzzi-31-jets-1_1542030595_731.jpg\" \/>\n\t<meta property=\"og:image:width\" content=\"550\" \/>\n\t<meta property=\"og:image:height\" content=\"550\" \/>\n\t<meta property=\"og:image:type\" content=\"image\/jpeg\" \/>\n<meta name=\"twitter:card\" content=\"summary_large_image\" \/>\n<meta name=\"twitter:label1\" content=\"Dur\u00e9e de lecture estim\u00e9e\" \/>\n\t<meta name=\"twitter:data1\" content=\"1 minute\" \/>\n<script type=\"application\/ld+json\" class=\"yoast-schema-graph\">{\"@context\":\"https:\/\/schema.org\",\"@graph\":[{\"@type\":\"WebPage\",\"@id\":\"https:\/\/www.bagnoitalia.com\/fr\/produit\/bain-tourbillon-180x120-31-jets-bain-tourbillon-double-avec-ozonotherapie-vs030.html\",\"url\":\"https:\/\/www.bagnoitalia.com\/fr\/produit\/bain-tourbillon-180x120-31-jets-bain-tourbillon-double-avec-ozonotherapie-vs030.html\",\"name\":\"Baignoire Spa 180x120 31 jets, double hydromassage avec ozonoth\u00e9rapie VS030\",\"isPartOf\":{\"@id\":\"https:\/\/www.bagnoitalia.com\/fr#website\"},\"primaryImageOfPage\":{\"@id\":\"https:\/\/www.bagnoitalia.com\/fr\/produit\/bain-tourbillon-180x120-31-jets-bain-tourbillon-double-avec-ozonotherapie-vs030.html#primaryimage\"},\"image\":{\"@id\":\"https:\/\/www.bagnoitalia.com\/fr\/produit\/bain-tourbillon-180x120-31-jets-bain-tourbillon-double-avec-ozonotherapie-vs030.html#primaryimage\"},\"thumbnailUrl\":\"https:\/\/img.bagnoitalia.com\/wp-content\/uploads\/virtuemart\/product\/180x120-Jacuzzi-31-jets-1_1542030595_731.jpg\",\"datePublished\":\"2015-06-30T13:45:51+00:00\",\"dateModified\":\"2025-05-13T15:01:33+00:00\",\"description\":\"Bain \u00e0 remous 180x120 POMPE WHIRLPOOL AM\u00c9LIOR\u00c9E 10 HP, hydrostats r\u00e9duits, 16 jets d'air r\u00e9duits, 5 grands jets, cadre en acier galvanis\u00e9 et cache en fibre de verre \u00e0 4 couches, panneau de commande, douchette, d\u00e9tendeur chaud \/ froid, chromoth\u00e9rapie, robinets , l'ozone, cascade am\u00e9ricaine, pour la pompe \u00e0 air suppl\u00e9mentaire\",\"breadcrumb\":{\"@id\":\"https:\/\/www.bagnoitalia.com\/fr\/produit\/bain-tourbillon-180x120-31-jets-bain-tourbillon-double-avec-ozonotherapie-vs030.html#breadcrumb\"},\"inLanguage\":\"fr-FR\",\"potentialAction\":[{\"@type\":\"ReadAction\",\"target\":[\"https:\/\/www.bagnoitalia.com\/fr\/produit\/bain-tourbillon-180x120-31-jets-bain-tourbillon-double-avec-ozonotherapie-vs030.html\"]}]},{\"@type\":\"ImageObject\",\"inLanguage\":\"fr-FR\",\"@id\":\"https:\/\/www.bagnoitalia.com\/fr\/produit\/bain-tourbillon-180x120-31-jets-bain-tourbillon-double-avec-ozonotherapie-vs030.html#primaryimage\",\"url\":\"https:\/\/img.bagnoitalia.com\/wp-content\/uploads\/virtuemart\/product\/180x120-Jacuzzi-31-jets-1_1542030595_731.jpg\",\"contentUrl\":\"https:\/\/img.bagnoitalia.com\/wp-content\/uploads\/virtuemart\/product\/180x120-Jacuzzi-31-jets-1_1542030595_731.jpg\",\"width\":550,\"height\":550},{\"@type\":\"BreadcrumbList\",\"@id\":\"https:\/\/www.bagnoitalia.com\/fr\/produit\/bain-tourbillon-180x120-31-jets-bain-tourbillon-double-avec-ozonotherapie-vs030.html#breadcrumb\",\"itemListElement\":[{\"@type\":\"ListItem\",\"position\":1,\"name\":\"Home\",\"item\":\"https:\/\/www.bagnoitalia.com\/fr\"},{\"@type\":\"ListItem\",\"position\":2,\"name\":\"Produits\",\"item\":\"https:\/\/www.bagnoitalia.com\/fr\/shop\"},{\"@type\":\"ListItem\",\"position\":3,\"name\":\"Baignoire Spa 180&#215;120 31 jets, double hydromassage avec ozonoth\u00e9rapie VS030\"}]},{\"@type\":\"WebSite\",\"@id\":\"https:\/\/www.bagnoitalia.com\/fr#website\",\"url\":\"https:\/\/www.bagnoitalia.com\/fr\",\"name\":\"Bagno Italia\",\"description\":\"\",\"publisher\":{\"@id\":\"https:\/\/www.bagnoitalia.com\/fr#organization\"},\"potentialAction\":[{\"@type\":\"SearchAction\",\"target\":{\"@type\":\"EntryPoint\",\"urlTemplate\":\"https:\/\/www.bagnoitalia.com\/fr?s={search_term_string}\"},\"query-input\":{\"@type\":\"PropertyValueSpecification\",\"valueRequired\":true,\"valueName\":\"search_term_string\"}}],\"inLanguage\":\"fr-FR\"},{\"@type\":\"Organization\",\"@id\":\"https:\/\/www.bagnoitalia.com\/fr#organization\",\"name\":\"Bagno Italia\",\"url\":\"https:\/\/www.bagnoitalia.com\/fr\",\"logo\":{\"@type\":\"ImageObject\",\"inLanguage\":\"fr-FR\",\"@id\":\"https:\/\/www.bagnoitalia.com\/fr#\/schema\/logo\/image\/\",\"url\":\"https:\/\/img.bagnoitalia.com\/wp-content\/uploads\/logo-bagnoitalia.webp\",\"contentUrl\":\"https:\/\/img.bagnoitalia.com\/wp-content\/uploads\/logo-bagnoitalia.webp\",\"width\":400,\"height\":70,\"caption\":\"Bagno Italia\"},\"image\":{\"@id\":\"https:\/\/www.bagnoitalia.com\/fr#\/schema\/logo\/image\/\"}}]}<\/script>\n<!-- \/ Yoast SEO plugin. -->","yoast_head_json":{"title":"Baignoire Spa 180x120 31 jets, double hydromassage avec ozonoth\u00e9rapie VS030","description":"Bain \u00e0 remous 180x120 POMPE WHIRLPOOL AM\u00c9LIOR\u00c9E 10 HP, hydrostats r\u00e9duits, 16 jets d'air r\u00e9duits, 5 grands jets, cadre en acier galvanis\u00e9 et cache en fibre de verre \u00e0 4 couches, panneau de commande, douchette, d\u00e9tendeur chaud \/ froid, chromoth\u00e9rapie, robinets , l'ozone, cascade am\u00e9ricaine, pour la pompe \u00e0 air suppl\u00e9mentaire","robots":{"index":"index","follow":"follow","max-snippet":"max-snippet:-1","max-image-preview":"max-image-preview:large","max-video-preview":"max-video-preview:-1"},"canonical":"https:\/\/www.bagnoitalia.com\/fr\/produit\/bain-tourbillon-180x120-31-jets-bain-tourbillon-double-avec-ozonotherapie-vs030.html","og_locale":"fr_FR","og_type":"article","og_title":"Baignoire Spa 180x120 31 jets, double hydromassage avec ozonoth\u00e9rapie VS030","og_description":"Bain \u00e0 remous 180x120 POMPE WHIRLPOOL AM\u00c9LIOR\u00c9E 10 HP, hydrostats r\u00e9duits, 16 jets d'air r\u00e9duits, 5 grands jets, cadre en acier galvanis\u00e9 et cache en fibre de verre \u00e0 4 couches, panneau de commande, douchette, d\u00e9tendeur chaud \/ froid, chromoth\u00e9rapie, robinets , l'ozone, cascade am\u00e9ricaine, pour la pompe \u00e0 air suppl\u00e9mentaire","og_url":"https:\/\/www.bagnoitalia.com\/fr\/produit\/bain-tourbillon-180x120-31-jets-bain-tourbillon-double-avec-ozonotherapie-vs030.html","og_site_name":"Bagno Italia","article_modified_time":"2025-05-13T15:01:33+00:00","og_image":[{"width":550,"height":550,"url":"https:\/\/img.bagnoitalia.com\/wp-content\/uploads\/virtuemart\/product\/180x120-Jacuzzi-31-jets-1_1542030595_731.jpg","type":"image\/jpeg"}],"twitter_card":"summary_large_image","twitter_misc":{"Dur\u00e9e de lecture estim\u00e9e":"1 minute"},"schema":{"@context":"https:\/\/schema.org","@graph":[{"@type":"WebPage","@id":"https:\/\/www.bagnoitalia.com\/fr\/produit\/bain-tourbillon-180x120-31-jets-bain-tourbillon-double-avec-ozonotherapie-vs030.html","url":"https:\/\/www.bagnoitalia.com\/fr\/produit\/bain-tourbillon-180x120-31-jets-bain-tourbillon-double-avec-ozonotherapie-vs030.html","name":"Baignoire Spa 180x120 31 jets, double hydromassage avec ozonoth\u00e9rapie VS030","isPartOf":{"@id":"https:\/\/www.bagnoitalia.com\/fr#website"},"primaryImageOfPage":{"@id":"https:\/\/www.bagnoitalia.com\/fr\/produit\/bain-tourbillon-180x120-31-jets-bain-tourbillon-double-avec-ozonotherapie-vs030.html#primaryimage"},"image":{"@id":"https:\/\/www.bagnoitalia.com\/fr\/produit\/bain-tourbillon-180x120-31-jets-bain-tourbillon-double-avec-ozonotherapie-vs030.html#primaryimage"},"thumbnailUrl":"https:\/\/img.bagnoitalia.com\/wp-content\/uploads\/virtuemart\/product\/180x120-Jacuzzi-31-jets-1_1542030595_731.jpg","datePublished":"2015-06-30T13:45:51+00:00","dateModified":"2025-05-13T15:01:33+00:00","description":"Bain \u00e0 remous 180x120 POMPE WHIRLPOOL AM\u00c9LIOR\u00c9E 10 HP, hydrostats r\u00e9duits, 16 jets d'air r\u00e9duits, 5 grands jets, cadre en acier galvanis\u00e9 et cache en fibre de verre \u00e0 4 couches, panneau de commande, douchette, d\u00e9tendeur chaud \/ froid, chromoth\u00e9rapie, robinets , l'ozone, cascade am\u00e9ricaine, pour la pompe \u00e0 air suppl\u00e9mentaire","breadcrumb":{"@id":"https:\/\/www.bagnoitalia.com\/fr\/produit\/bain-tourbillon-180x120-31-jets-bain-tourbillon-double-avec-ozonotherapie-vs030.html#breadcrumb"},"inLanguage":"fr-FR","potentialAction":[{"@type":"ReadAction","target":["https:\/\/www.bagnoitalia.com\/fr\/produit\/bain-tourbillon-180x120-31-jets-bain-tourbillon-double-avec-ozonotherapie-vs030.html"]}]},{"@type":"ImageObject","inLanguage":"fr-FR","@id":"https:\/\/www.bagnoitalia.com\/fr\/produit\/bain-tourbillon-180x120-31-jets-bain-tourbillon-double-avec-ozonotherapie-vs030.html#primaryimage","url":"https:\/\/img.bagnoitalia.com\/wp-content\/uploads\/virtuemart\/product\/180x120-Jacuzzi-31-jets-1_1542030595_731.jpg","contentUrl":"https:\/\/img.bagnoitalia.com\/wp-content\/uploads\/virtuemart\/product\/180x120-Jacuzzi-31-jets-1_1542030595_731.jpg","width":550,"height":550},{"@type":"BreadcrumbList","@id":"https:\/\/www.bagnoitalia.com\/fr\/produit\/bain-tourbillon-180x120-31-jets-bain-tourbillon-double-avec-ozonotherapie-vs030.html#breadcrumb","itemListElement":[{"@type":"ListItem","position":1,"name":"Home","item":"https:\/\/www.bagnoitalia.com\/fr"},{"@type":"ListItem","position":2,"name":"Produits","item":"https:\/\/www.bagnoitalia.com\/fr\/shop"},{"@type":"ListItem","position":3,"name":"Baignoire Spa 180&#215;120 31 jets, double hydromassage avec ozonoth\u00e9rapie VS030"}]},{"@type":"WebSite","@id":"https:\/\/www.bagnoitalia.com\/fr#website","url":"https:\/\/www.bagnoitalia.com\/fr","name":"Bagno Italia","description":"","publisher":{"@id":"https:\/\/www.bagnoitalia.com\/fr#organization"},"potentialAction":[{"@type":"SearchAction","target":{"@type":"EntryPoint","urlTemplate":"https:\/\/www.bagnoitalia.com\/fr?s={search_term_string}"},"query-input":{"@type":"PropertyValueSpecification","valueRequired":true,"valueName":"search_term_string"}}],"inLanguage":"fr-FR"},{"@type":"Organization","@id":"https:\/\/www.bagnoitalia.com\/fr#organization","name":"Bagno Italia","url":"https:\/\/www.bagnoitalia.com\/fr","logo":{"@type":"ImageObject","inLanguage":"fr-FR","@id":"https:\/\/www.bagnoitalia.com\/fr#\/schema\/logo\/image\/","url":"https:\/\/img.bagnoitalia.com\/wp-content\/uploads\/logo-bagnoitalia.webp","contentUrl":"https:\/\/img.bagnoitalia.com\/wp-content\/uploads\/logo-bagnoitalia.webp","width":400,"height":70,"caption":"Bagno Italia"},"image":{"@id":"https:\/\/www.bagnoitalia.com\/fr#\/schema\/logo\/image\/"}}]}},"_links":{"self":[{"href":"https:\/\/www.bagnoitalia.com\/fr\/wp-json\/wp\/v2\/product\/79370","targetHints":{"allow":["GET"]}}],"collection":[{"href":"https:\/\/www.bagnoitalia.com\/fr\/wp-json\/wp\/v2\/product"}],"about":[{"href":"https:\/\/www.bagnoitalia.com\/fr\/wp-json\/wp\/v2\/types\/product"}],"replies":[{"embeddable":true,"href":"https:\/\/www.bagnoitalia.com\/fr\/wp-json\/wp\/v2\/comments?post=79370"}],"version-history":[{"count":3,"href":"https:\/\/www.bagnoitalia.com\/fr\/wp-json\/wp\/v2\/product\/79370\/revisions"}],"predecessor-version":[{"id":94086,"href":"https:\/\/www.bagnoitalia.com\/fr\/wp-json\/wp\/v2\/product\/79370\/revisions\/94086"}],"wp:featuredmedia":[{"embeddable":true,"href":"https:\/\/www.bagnoitalia.com\/fr\/wp-json\/wp\/v2\/media\/26634"}],"wp:attachment":[{"href":"https:\/\/www.bagnoitalia.com\/fr\/wp-json\/wp\/v2\/media?parent=79370"}],"wp:term":[{"taxonomy":"product_brand","embeddable":true,"href":"https:\/\/www.bagnoitalia.com\/fr\/wp-json\/wp\/v2\/product_brand?post=79370"},{"taxonomy":"product_cat","embeddable":true,"href":"https:\/\/www.bagnoitalia.com\/fr\/wp-json\/wp\/v2\/product_cat?post=79370"},{"taxonomy":"product_tag","embeddable":true,"href":"https:\/\/www.bagnoitalia.com\/fr\/wp-json\/wp\/v2\/product_tag?post=79370"}],"curies":[{"name":"wp","href":"https:\/\/api.w.org\/{rel}","templated":true}]}}