{"id":79342,"date":"2015-06-22T15:17:48","date_gmt":"2015-06-22T13:17:48","guid":{"rendered":"https:\/\/www.bagnoitalia.com\/product\/cabine-90x90-avec-colonne-de-douche-hydromassage-assemblage-rapide-cb006"},"modified":"2026-04-07T17:26:58","modified_gmt":"2026-04-07T15:26:58","slug":"cabine-90x90-avec-colonne-de-douche-hydromassage-assemblage-rapide-cb006","status":"publish","type":"product","link":"https:\/\/www.bagnoitalia.com\/fr\/produit\/cabine-90x90-avec-colonne-de-douche-hydromassage-assemblage-rapide-cb006.html","title":{"rendered":"Cabine 90&#215;90 avec colonne de douche hydromassante. Assemblage rapide CB006"},"content":{"rendered":"<p><strong><span style=\"font-size: 12pt;\">Cabine 90x90x215 avec colonne de douche hydromassante et receveur antid\u00e9rapant<\/span><\/strong><\/p>\n<p><span style=\"font-size: 12pt;\">Installation rapide avec le syst\u00e8me Quick Line syst\u00e8me EXCLUSIFE vid\u00e9o illustrative:<\/span><\/p>\n<p>&nbsp;<\/p>\n<p><iframe src=\"https:\/\/www.youtube.com\/embed\/t6U-M3CwurE\" width=\"560\" height=\"315\" frameborder=\"0\" allowfullscreen=\"allowfullscreen\"><\/iframe><\/p>\n<p><span style=\"font-size: 12pt;\"><strong>\u00a0<\/strong><\/span><\/p>\n<p>&nbsp;<\/p>\n<p><strong><span style=\"font-size: 12pt;\">Caract\u00e9ristiques techniques:<\/span><\/strong><\/p>\n<p>&nbsp;<\/p>\n<p><span style=\"font-size: 12pt;\">&#8211; Syst\u00e8me de montage QUICK-LINE: sans utilisation de vis. Brevet exclusif<\/span><\/p>\n<p><span style=\"font-size: 12pt;\">&#8211; Verre tremp\u00e9 de 5 mm<\/span><\/p>\n<p><span style=\"font-size: 12pt;\">&#8211; Profil\u00e9s en aluminium<\/span><\/p>\n<p><span style=\"font-size: 12pt;\">&#8211; Fermeture magn\u00e9tique \u00e0 <span style=\"font-size: 16px;\">double rouleau<\/span><\/span><\/p>\n<p><span style=\"font-size: 12pt;\">&#8211; Colonne pvc centrale<\/span><\/p>\n<p><span style=\"font-size: 12pt;\">&#8211; 6 jets d&rsquo;eau au total<\/span><\/p>\n<p><span style=\"font-size: 12pt;\">&#8211; Douche amovible<\/span><\/p>\n<p><span style=\"font-size: 12pt;\">&#8211; Pomme de douche centrale r\u00e9glable<\/span><\/p>\n<p><span style=\"font-size: 12pt;\">&#8211; Receveur de douche anti-d\u00e9rapant<\/span><\/p>\n<p>&nbsp;<\/p>\n<p><span style=\"font-size: 12pt;\">&#8211; Ventilateur d&rsquo;extraction<\/span><\/p>\n<p>&nbsp;<\/p>\n<p>&nbsp;<\/p>\n<p>&nbsp;<\/p>\n<p><span style=\"font-size: 12pt;\">ATTENTION: la cabine ne peut \u00eatre vendue que comme indiqu\u00e9 sur la photo. La version noire a des poign\u00e9es, la version blanche a des boutons.<\/span><\/p>\n<p>&nbsp;<\/p>\n","protected":false},"excerpt":{"rendered":"<p>Cabine 90&#215;90 avec colonne de douche hydromassante et receveur antid\u00e9rapant. Assemblage rapide avec le syst\u00e8me Quick-Line<\/p>\n","protected":false},"featured_media":26486,"comment_status":"open","ping_status":"closed","template":"","meta":[],"product_brand":[9942],"product_cat":[9735],"product_tag":[],"class_list":{"0":"post-79342","1":"product","2":"type-product","3":"status-publish","4":"has-post-thumbnail","6":"product_brand-sanotechnik-italia-fr","7":"product_cat-cabine-d-39-hydromassage","9":"first","10":"instock","11":"sale","12":"taxable","13":"shipping-taxable","14":"purchasable","15":"product-type-simple"},"exclude_global_add_ons":false,"addons":[{"name":"Couleur","type":"multiple_choice","position":0,"required":true,"title_format":"heading","default":"","description_enable":false,"description":"","placeholder_enable":false,"placeholder":"","display":"select","restrictions_type":"any_text","adjust_price":false,"price":"","price_type":"flat_fee","restrictions":false,"min":"0","max":"0","options":[{"label":"blanc","price":"","price_type":"quantity_based","image":0,"visibility":true},{"label":"noir","price":"20","price_type":"quantity_based","image":0,"visibility":true}],"id":1716979622}],"yoast_head":"<!-- This site is optimized with the Yoast SEO plugin v26.7 - https:\/\/yoast.com\/wordpress\/plugins\/seo\/ -->\n<title>Cabine 90x90 avec colonne de douche hydromassante. Assemblage rapide CB006<\/title>\n<meta name=\"description\" content=\"Cabine 90x90x210, montage rapide, verre tremp\u00e9 de 55 mm, 6 jets d&#039;hydromassage, plaque antid\u00e9rapante\" \/>\n<meta name=\"robots\" content=\"index, follow, max-snippet:-1, max-image-preview:large, max-video-preview:-1\" \/>\n<link rel=\"canonical\" href=\"https:\/\/www.bagnoitalia.com\/fr\/produit\/cabine-90x90-avec-colonne-de-douche-hydromassage-assemblage-rapide-cb006.html\" \/>\n<meta property=\"og:locale\" content=\"fr_FR\" \/>\n<meta property=\"og:type\" content=\"article\" \/>\n<meta property=\"og:title\" content=\"Cabine 90x90 avec colonne de douche hydromassante. Assemblage rapide CB006\" \/>\n<meta property=\"og:description\" content=\"Cabine 90x90x210, montage rapide, verre tremp\u00e9 de 55 mm, 6 jets d&#039;hydromassage, plaque antid\u00e9rapante\" \/>\n<meta property=\"og:url\" content=\"https:\/\/www.bagnoitalia.com\/fr\/produit\/cabine-90x90-avec-colonne-de-douche-hydromassage-assemblage-rapide-cb006.html\" \/>\n<meta property=\"og:site_name\" content=\"Bagno Italia\" \/>\n<meta property=\"article:modified_time\" content=\"2026-04-07T15:26:58+00:00\" \/>\n<meta property=\"og:image\" content=\"https:\/\/img.bagnoitalia.com\/wp-content\/uploads\/virtuemart\/product\/shower-cabin-Quick-installation-CB006-1_1542106156_853.jpg\" \/>\n\t<meta property=\"og:image:width\" content=\"357\" \/>\n\t<meta property=\"og:image:height\" content=\"355\" \/>\n\t<meta property=\"og:image:type\" content=\"image\/jpeg\" \/>\n<meta name=\"twitter:card\" content=\"summary_large_image\" \/>\n<meta name=\"twitter:label1\" content=\"Dur\u00e9e de lecture estim\u00e9e\" \/>\n\t<meta name=\"twitter:data1\" content=\"1 minute\" \/>\n<script type=\"application\/ld+json\" class=\"yoast-schema-graph\">{\"@context\":\"https:\/\/schema.org\",\"@graph\":[{\"@type\":\"WebPage\",\"@id\":\"https:\/\/www.bagnoitalia.com\/fr\/produit\/cabine-90x90-avec-colonne-de-douche-hydromassage-assemblage-rapide-cb006.html\",\"url\":\"https:\/\/www.bagnoitalia.com\/fr\/produit\/cabine-90x90-avec-colonne-de-douche-hydromassage-assemblage-rapide-cb006.html\",\"name\":\"Cabine 90x90 avec colonne de douche hydromassante. Assemblage rapide CB006\",\"isPartOf\":{\"@id\":\"https:\/\/www.bagnoitalia.com\/fr#website\"},\"primaryImageOfPage\":{\"@id\":\"https:\/\/www.bagnoitalia.com\/fr\/produit\/cabine-90x90-avec-colonne-de-douche-hydromassage-assemblage-rapide-cb006.html#primaryimage\"},\"image\":{\"@id\":\"https:\/\/www.bagnoitalia.com\/fr\/produit\/cabine-90x90-avec-colonne-de-douche-hydromassage-assemblage-rapide-cb006.html#primaryimage\"},\"thumbnailUrl\":\"https:\/\/img.bagnoitalia.com\/wp-content\/uploads\/virtuemart\/product\/shower-cabin-Quick-installation-CB006-1_1542106156_853.jpg\",\"datePublished\":\"2015-06-22T13:17:48+00:00\",\"dateModified\":\"2026-04-07T15:26:58+00:00\",\"description\":\"Cabine 90x90x210, montage rapide, verre tremp\u00e9 de 55 mm, 6 jets d'hydromassage, plaque antid\u00e9rapante\",\"breadcrumb\":{\"@id\":\"https:\/\/www.bagnoitalia.com\/fr\/produit\/cabine-90x90-avec-colonne-de-douche-hydromassage-assemblage-rapide-cb006.html#breadcrumb\"},\"inLanguage\":\"fr-FR\",\"potentialAction\":[{\"@type\":\"ReadAction\",\"target\":[\"https:\/\/www.bagnoitalia.com\/fr\/produit\/cabine-90x90-avec-colonne-de-douche-hydromassage-assemblage-rapide-cb006.html\"]}]},{\"@type\":\"ImageObject\",\"inLanguage\":\"fr-FR\",\"@id\":\"https:\/\/www.bagnoitalia.com\/fr\/produit\/cabine-90x90-avec-colonne-de-douche-hydromassage-assemblage-rapide-cb006.html#primaryimage\",\"url\":\"https:\/\/img.bagnoitalia.com\/wp-content\/uploads\/virtuemart\/product\/shower-cabin-Quick-installation-CB006-1_1542106156_853.jpg\",\"contentUrl\":\"https:\/\/img.bagnoitalia.com\/wp-content\/uploads\/virtuemart\/product\/shower-cabin-Quick-installation-CB006-1_1542106156_853.jpg\",\"width\":357,\"height\":355},{\"@type\":\"BreadcrumbList\",\"@id\":\"https:\/\/www.bagnoitalia.com\/fr\/produit\/cabine-90x90-avec-colonne-de-douche-hydromassage-assemblage-rapide-cb006.html#breadcrumb\",\"itemListElement\":[{\"@type\":\"ListItem\",\"position\":1,\"name\":\"Home\",\"item\":\"https:\/\/www.bagnoitalia.com\/fr\"},{\"@type\":\"ListItem\",\"position\":2,\"name\":\"Produits\",\"item\":\"https:\/\/www.bagnoitalia.com\/fr\/shop\"},{\"@type\":\"ListItem\",\"position\":3,\"name\":\"Cabine 90&#215;90 avec colonne de douche hydromassante. Assemblage rapide CB006\"}]},{\"@type\":\"WebSite\",\"@id\":\"https:\/\/www.bagnoitalia.com\/fr#website\",\"url\":\"https:\/\/www.bagnoitalia.com\/fr\",\"name\":\"Bagno Italia\",\"description\":\"\",\"publisher\":{\"@id\":\"https:\/\/www.bagnoitalia.com\/fr#organization\"},\"potentialAction\":[{\"@type\":\"SearchAction\",\"target\":{\"@type\":\"EntryPoint\",\"urlTemplate\":\"https:\/\/www.bagnoitalia.com\/fr?s={search_term_string}\"},\"query-input\":{\"@type\":\"PropertyValueSpecification\",\"valueRequired\":true,\"valueName\":\"search_term_string\"}}],\"inLanguage\":\"fr-FR\"},{\"@type\":\"Organization\",\"@id\":\"https:\/\/www.bagnoitalia.com\/fr#organization\",\"name\":\"Bagno Italia\",\"url\":\"https:\/\/www.bagnoitalia.com\/fr\",\"logo\":{\"@type\":\"ImageObject\",\"inLanguage\":\"fr-FR\",\"@id\":\"https:\/\/www.bagnoitalia.com\/fr#\/schema\/logo\/image\/\",\"url\":\"https:\/\/img.bagnoitalia.com\/wp-content\/uploads\/logo-bagnoitalia.webp\",\"contentUrl\":\"https:\/\/img.bagnoitalia.com\/wp-content\/uploads\/logo-bagnoitalia.webp\",\"width\":400,\"height\":70,\"caption\":\"Bagno Italia\"},\"image\":{\"@id\":\"https:\/\/www.bagnoitalia.com\/fr#\/schema\/logo\/image\/\"}}]}<\/script>\n<!-- \/ Yoast SEO plugin. -->","yoast_head_json":{"title":"Cabine 90x90 avec colonne de douche hydromassante. Assemblage rapide CB006","description":"Cabine 90x90x210, montage rapide, verre tremp\u00e9 de 55 mm, 6 jets d'hydromassage, plaque antid\u00e9rapante","robots":{"index":"index","follow":"follow","max-snippet":"max-snippet:-1","max-image-preview":"max-image-preview:large","max-video-preview":"max-video-preview:-1"},"canonical":"https:\/\/www.bagnoitalia.com\/fr\/produit\/cabine-90x90-avec-colonne-de-douche-hydromassage-assemblage-rapide-cb006.html","og_locale":"fr_FR","og_type":"article","og_title":"Cabine 90x90 avec colonne de douche hydromassante. Assemblage rapide CB006","og_description":"Cabine 90x90x210, montage rapide, verre tremp\u00e9 de 55 mm, 6 jets d'hydromassage, plaque antid\u00e9rapante","og_url":"https:\/\/www.bagnoitalia.com\/fr\/produit\/cabine-90x90-avec-colonne-de-douche-hydromassage-assemblage-rapide-cb006.html","og_site_name":"Bagno Italia","article_modified_time":"2026-04-07T15:26:58+00:00","og_image":[{"width":357,"height":355,"url":"https:\/\/img.bagnoitalia.com\/wp-content\/uploads\/virtuemart\/product\/shower-cabin-Quick-installation-CB006-1_1542106156_853.jpg","type":"image\/jpeg"}],"twitter_card":"summary_large_image","twitter_misc":{"Dur\u00e9e de lecture estim\u00e9e":"1 minute"},"schema":{"@context":"https:\/\/schema.org","@graph":[{"@type":"WebPage","@id":"https:\/\/www.bagnoitalia.com\/fr\/produit\/cabine-90x90-avec-colonne-de-douche-hydromassage-assemblage-rapide-cb006.html","url":"https:\/\/www.bagnoitalia.com\/fr\/produit\/cabine-90x90-avec-colonne-de-douche-hydromassage-assemblage-rapide-cb006.html","name":"Cabine 90x90 avec colonne de douche hydromassante. Assemblage rapide CB006","isPartOf":{"@id":"https:\/\/www.bagnoitalia.com\/fr#website"},"primaryImageOfPage":{"@id":"https:\/\/www.bagnoitalia.com\/fr\/produit\/cabine-90x90-avec-colonne-de-douche-hydromassage-assemblage-rapide-cb006.html#primaryimage"},"image":{"@id":"https:\/\/www.bagnoitalia.com\/fr\/produit\/cabine-90x90-avec-colonne-de-douche-hydromassage-assemblage-rapide-cb006.html#primaryimage"},"thumbnailUrl":"https:\/\/img.bagnoitalia.com\/wp-content\/uploads\/virtuemart\/product\/shower-cabin-Quick-installation-CB006-1_1542106156_853.jpg","datePublished":"2015-06-22T13:17:48+00:00","dateModified":"2026-04-07T15:26:58+00:00","description":"Cabine 90x90x210, montage rapide, verre tremp\u00e9 de 55 mm, 6 jets d'hydromassage, plaque antid\u00e9rapante","breadcrumb":{"@id":"https:\/\/www.bagnoitalia.com\/fr\/produit\/cabine-90x90-avec-colonne-de-douche-hydromassage-assemblage-rapide-cb006.html#breadcrumb"},"inLanguage":"fr-FR","potentialAction":[{"@type":"ReadAction","target":["https:\/\/www.bagnoitalia.com\/fr\/produit\/cabine-90x90-avec-colonne-de-douche-hydromassage-assemblage-rapide-cb006.html"]}]},{"@type":"ImageObject","inLanguage":"fr-FR","@id":"https:\/\/www.bagnoitalia.com\/fr\/produit\/cabine-90x90-avec-colonne-de-douche-hydromassage-assemblage-rapide-cb006.html#primaryimage","url":"https:\/\/img.bagnoitalia.com\/wp-content\/uploads\/virtuemart\/product\/shower-cabin-Quick-installation-CB006-1_1542106156_853.jpg","contentUrl":"https:\/\/img.bagnoitalia.com\/wp-content\/uploads\/virtuemart\/product\/shower-cabin-Quick-installation-CB006-1_1542106156_853.jpg","width":357,"height":355},{"@type":"BreadcrumbList","@id":"https:\/\/www.bagnoitalia.com\/fr\/produit\/cabine-90x90-avec-colonne-de-douche-hydromassage-assemblage-rapide-cb006.html#breadcrumb","itemListElement":[{"@type":"ListItem","position":1,"name":"Home","item":"https:\/\/www.bagnoitalia.com\/fr"},{"@type":"ListItem","position":2,"name":"Produits","item":"https:\/\/www.bagnoitalia.com\/fr\/shop"},{"@type":"ListItem","position":3,"name":"Cabine 90&#215;90 avec colonne de douche hydromassante. Assemblage rapide CB006"}]},{"@type":"WebSite","@id":"https:\/\/www.bagnoitalia.com\/fr#website","url":"https:\/\/www.bagnoitalia.com\/fr","name":"Bagno Italia","description":"","publisher":{"@id":"https:\/\/www.bagnoitalia.com\/fr#organization"},"potentialAction":[{"@type":"SearchAction","target":{"@type":"EntryPoint","urlTemplate":"https:\/\/www.bagnoitalia.com\/fr?s={search_term_string}"},"query-input":{"@type":"PropertyValueSpecification","valueRequired":true,"valueName":"search_term_string"}}],"inLanguage":"fr-FR"},{"@type":"Organization","@id":"https:\/\/www.bagnoitalia.com\/fr#organization","name":"Bagno Italia","url":"https:\/\/www.bagnoitalia.com\/fr","logo":{"@type":"ImageObject","inLanguage":"fr-FR","@id":"https:\/\/www.bagnoitalia.com\/fr#\/schema\/logo\/image\/","url":"https:\/\/img.bagnoitalia.com\/wp-content\/uploads\/logo-bagnoitalia.webp","contentUrl":"https:\/\/img.bagnoitalia.com\/wp-content\/uploads\/logo-bagnoitalia.webp","width":400,"height":70,"caption":"Bagno Italia"},"image":{"@id":"https:\/\/www.bagnoitalia.com\/fr#\/schema\/logo\/image\/"}}]}},"_links":{"self":[{"href":"https:\/\/www.bagnoitalia.com\/fr\/wp-json\/wp\/v2\/product\/79342","targetHints":{"allow":["GET"]}}],"collection":[{"href":"https:\/\/www.bagnoitalia.com\/fr\/wp-json\/wp\/v2\/product"}],"about":[{"href":"https:\/\/www.bagnoitalia.com\/fr\/wp-json\/wp\/v2\/types\/product"}],"replies":[{"embeddable":true,"href":"https:\/\/www.bagnoitalia.com\/fr\/wp-json\/wp\/v2\/comments?post=79342"}],"version-history":[{"count":2,"href":"https:\/\/www.bagnoitalia.com\/fr\/wp-json\/wp\/v2\/product\/79342\/revisions"}],"predecessor-version":[{"id":117073,"href":"https:\/\/www.bagnoitalia.com\/fr\/wp-json\/wp\/v2\/product\/79342\/revisions\/117073"}],"wp:featuredmedia":[{"embeddable":true,"href":"https:\/\/www.bagnoitalia.com\/fr\/wp-json\/wp\/v2\/media\/26486"}],"wp:attachment":[{"href":"https:\/\/www.bagnoitalia.com\/fr\/wp-json\/wp\/v2\/media?parent=79342"}],"wp:term":[{"taxonomy":"product_brand","embeddable":true,"href":"https:\/\/www.bagnoitalia.com\/fr\/wp-json\/wp\/v2\/product_brand?post=79342"},{"taxonomy":"product_cat","embeddable":true,"href":"https:\/\/www.bagnoitalia.com\/fr\/wp-json\/wp\/v2\/product_cat?post=79342"},{"taxonomy":"product_tag","embeddable":true,"href":"https:\/\/www.bagnoitalia.com\/fr\/wp-json\/wp\/v2\/product_tag?post=79342"}],"curies":[{"name":"wp","href":"https:\/\/api.w.org\/{rel}","templated":true}]}}