{"id":79286,"date":"2015-05-22T14:59:17","date_gmt":"2015-05-22T12:59:17","guid":{"rendered":"https:\/\/www.bagnoitalia.com\/product\/cabine-de-douche-avec-vitre-fixe-8-mm-a-battant-fixe-et-porte-pliante-box035"},"modified":"2024-05-16T16:52:49","modified_gmt":"2024-05-16T14:52:49","slug":"cabine-de-douche-avec-vitre-fixe-8-mm-a-battant-fixe-et-porte-pliante-box035","status":"publish","type":"product","link":"https:\/\/www.bagnoitalia.com\/fr\/produit\/cabine-de-douche-avec-vitre-fixe-8-mm-a-battant-fixe-et-porte-pliante-box035.html","title":{"rendered":"Cabine de douche en verre transparent 8 mm, paroi fixe et porte pliante BOX035"},"content":{"rendered":"<p><strong><span style=\"color: #ff0000;\"><\/span><\/strong><\/p>\n<p><strong><span style=\"color: #ff0000;\">Cabine de douche compos\u00e9e de profil\u00e9 en aluminium chrom\u00e9, parois fixes, portes coulissantes, ouverture fa\u00e7on livre, verre tremp\u00e9 transparent (\u00e9paisseur 8 mm) disponible en plusieurs dimensions. Hateur 195 cm<\/span><\/strong><\/p>\n<\/p>\n<p><strong>Caract\u00e9ristiques techniques:<\/strong><\/p>\n<p><span style=\"background-color: inherit; color: inherit;\">Verre tremp\u00e9&nbsp;<\/span><\/p>\n<p>Paroi fixe 8 mm<\/p>\n<p>Porte fa\u00e7on livre 6 mm<\/p>\n<p>Profil\u00e9 en aluminium chrom\u00e9<\/p>\n<p>Fermeture magn\u00e9tique et portes coulissantes<\/p>\n<p>Le produit est conforme \u00e0 toutes les r\u00e9glementations en vigueur et comprend des instructions de montage.<\/p>\n<p>Marge des profils -20 \/ +0 mm<\/p>\n<p>Fermeture magn\u00e9tique<\/p>\n<p>Hauteur 195 cm<\/p>\n<p>Adaptabilit\u00e9 -10, + 5 mm par c\u00f4t\u00e9<\/p>\n<p>Charni\u00e8res en laiton chrom\u00e9<\/p>\n<p>Receveur de douche non inclus<\/p>\n<p>Facile \u00e0 installer m\u00eame pour les non-experts<\/p>\n<\/p>\n<p><strong>&nbsp;<\/strong><\/p>\n<\/p>\n<p>Produit certifi\u00e9 EU<\/p><\/p>\n","protected":false},"excerpt":{"rendered":"<p>Cabine de douche en verre transparent 8 mm, paroi fixe et porte pliante disponible en plusieurs dimensions<\/p>\n","protected":false},"featured_media":26114,"comment_status":"open","ping_status":"closed","template":"","meta":[],"product_brand":[9918],"product_cat":[15],"product_tag":[],"class_list":{"0":"post-79286","1":"product","2":"type-product","3":"status-publish","4":"has-post-thumbnail","6":"product_brand-goccioline-ambrosia-group-fr","7":"product_cat-senza-categoria","9":"first","10":"outofstock","11":"taxable","12":"shipping-taxable","13":"purchasable","14":"product-type-simple"},"exclude_global_add_ons":false,"addons":[{"name":"CAMPI_ANTA_FISSA\r\n","type":"select","position":0,"required":true,"title_format":"label","default":"","description_enable":false,"description":"","placeholder_enable":false,"placeholder":"","display":"select","restrictions_type":"any_text","adjust_price":false,"price":"","price_type":"","restrictions":false,"min":"0","max":"0","options":[]},{"name":"CAMPI_PORTA_PER_DOCCIA\r\n","type":"select","position":0,"required":true,"title_format":"label","default":"","description_enable":false,"description":"","placeholder_enable":false,"placeholder":"","display":"select","restrictions_type":"any_text","adjust_price":false,"price":"","price_type":"","restrictions":false,"min":"0","max":"0","options":[]}],"yoast_head":"<!-- This site is optimized with the Yoast SEO plugin v26.7 - https:\/\/yoast.com\/wordpress\/plugins\/seo\/ -->\n<title>Cabine de douche en verre transparent 8 mm, paroi fixe et porte pliante BOX035<\/title>\n<meta name=\"description\" content=\"Cabine de douche d&#039;angle, avec cadre en verre transparent ou opaque et aluminium et portes coulissantes, disponible en diff\u00e9rentes tailles. Fermeture magn\u00e9tique. En savoir plus!\" \/>\n<meta name=\"robots\" content=\"index, follow, max-snippet:-1, max-image-preview:large, max-video-preview:-1\" \/>\n<link rel=\"canonical\" href=\"https:\/\/www.bagnoitalia.com\/fr\/produit\/cabine-de-douche-avec-vitre-fixe-8-mm-a-battant-fixe-et-porte-pliante-box035.html\" \/>\n<meta property=\"og:locale\" content=\"fr_FR\" \/>\n<meta property=\"og:type\" content=\"article\" \/>\n<meta property=\"og:title\" content=\"Cabine de douche en verre transparent 8 mm, paroi fixe et porte pliante BOX035\" \/>\n<meta property=\"og:description\" content=\"Cabine de douche d&#039;angle, avec cadre en verre transparent ou opaque et aluminium et portes coulissantes, disponible en diff\u00e9rentes tailles. Fermeture magn\u00e9tique. En savoir plus!\" \/>\n<meta property=\"og:url\" content=\"https:\/\/www.bagnoitalia.com\/fr\/produit\/cabine-de-douche-avec-vitre-fixe-8-mm-a-battant-fixe-et-porte-pliante-box035.html\" \/>\n<meta property=\"og:site_name\" content=\"Bagno Italia\" \/>\n<meta property=\"article:modified_time\" content=\"2024-05-16T14:52:49+00:00\" \/>\n<meta property=\"og:image\" content=\"https:\/\/img.bagnoitalia.com\/wp-content\/uploads\/virtuemart\/product\/shower-enclosure-8mm-transparent-glass-1_1543575306_706.jpg\" \/>\n\t<meta property=\"og:image:width\" content=\"600\" \/>\n\t<meta property=\"og:image:height\" content=\"600\" \/>\n\t<meta property=\"og:image:type\" content=\"image\/jpeg\" \/>\n<meta name=\"twitter:card\" content=\"summary_large_image\" \/>\n<meta name=\"twitter:label1\" content=\"Dur\u00e9e de lecture estim\u00e9e\" \/>\n\t<meta name=\"twitter:data1\" content=\"1 minute\" \/>\n<script type=\"application\/ld+json\" class=\"yoast-schema-graph\">{\"@context\":\"https:\/\/schema.org\",\"@graph\":[{\"@type\":\"WebPage\",\"@id\":\"https:\/\/www.bagnoitalia.com\/fr\/produit\/cabine-de-douche-avec-vitre-fixe-8-mm-a-battant-fixe-et-porte-pliante-box035.html\",\"url\":\"https:\/\/www.bagnoitalia.com\/fr\/produit\/cabine-de-douche-avec-vitre-fixe-8-mm-a-battant-fixe-et-porte-pliante-box035.html\",\"name\":\"Cabine de douche en verre transparent 8 mm, paroi fixe et porte pliante BOX035\",\"isPartOf\":{\"@id\":\"https:\/\/www.bagnoitalia.com\/fr#website\"},\"primaryImageOfPage\":{\"@id\":\"https:\/\/www.bagnoitalia.com\/fr\/produit\/cabine-de-douche-avec-vitre-fixe-8-mm-a-battant-fixe-et-porte-pliante-box035.html#primaryimage\"},\"image\":{\"@id\":\"https:\/\/www.bagnoitalia.com\/fr\/produit\/cabine-de-douche-avec-vitre-fixe-8-mm-a-battant-fixe-et-porte-pliante-box035.html#primaryimage\"},\"thumbnailUrl\":\"https:\/\/img.bagnoitalia.com\/wp-content\/uploads\/virtuemart\/product\/shower-enclosure-8mm-transparent-glass-1_1543575306_706.jpg\",\"datePublished\":\"2015-05-22T12:59:17+00:00\",\"dateModified\":\"2024-05-16T14:52:49+00:00\",\"description\":\"Cabine de douche d&#39;angle, avec cadre en verre transparent ou opaque et aluminium et portes coulissantes, disponible en diff\u00e9rentes tailles. Fermeture magn\u00e9tique. En savoir plus!\",\"breadcrumb\":{\"@id\":\"https:\/\/www.bagnoitalia.com\/fr\/produit\/cabine-de-douche-avec-vitre-fixe-8-mm-a-battant-fixe-et-porte-pliante-box035.html#breadcrumb\"},\"inLanguage\":\"fr-FR\",\"potentialAction\":[{\"@type\":\"ReadAction\",\"target\":[\"https:\/\/www.bagnoitalia.com\/fr\/produit\/cabine-de-douche-avec-vitre-fixe-8-mm-a-battant-fixe-et-porte-pliante-box035.html\"]}]},{\"@type\":\"ImageObject\",\"inLanguage\":\"fr-FR\",\"@id\":\"https:\/\/www.bagnoitalia.com\/fr\/produit\/cabine-de-douche-avec-vitre-fixe-8-mm-a-battant-fixe-et-porte-pliante-box035.html#primaryimage\",\"url\":\"https:\/\/img.bagnoitalia.com\/wp-content\/uploads\/virtuemart\/product\/shower-enclosure-8mm-transparent-glass-1_1543575306_706.jpg\",\"contentUrl\":\"https:\/\/img.bagnoitalia.com\/wp-content\/uploads\/virtuemart\/product\/shower-enclosure-8mm-transparent-glass-1_1543575306_706.jpg\",\"width\":600,\"height\":600},{\"@type\":\"BreadcrumbList\",\"@id\":\"https:\/\/www.bagnoitalia.com\/fr\/produit\/cabine-de-douche-avec-vitre-fixe-8-mm-a-battant-fixe-et-porte-pliante-box035.html#breadcrumb\",\"itemListElement\":[{\"@type\":\"ListItem\",\"position\":1,\"name\":\"Home\",\"item\":\"https:\/\/www.bagnoitalia.com\/fr\"},{\"@type\":\"ListItem\",\"position\":2,\"name\":\"Produits\",\"item\":\"https:\/\/www.bagnoitalia.com\/fr\/shop\"},{\"@type\":\"ListItem\",\"position\":3,\"name\":\"Cabine de douche en verre transparent 8 mm, paroi fixe et porte pliante BOX035\"}]},{\"@type\":\"WebSite\",\"@id\":\"https:\/\/www.bagnoitalia.com\/fr#website\",\"url\":\"https:\/\/www.bagnoitalia.com\/fr\",\"name\":\"Bagno Italia\",\"description\":\"\",\"publisher\":{\"@id\":\"https:\/\/www.bagnoitalia.com\/fr#organization\"},\"potentialAction\":[{\"@type\":\"SearchAction\",\"target\":{\"@type\":\"EntryPoint\",\"urlTemplate\":\"https:\/\/www.bagnoitalia.com\/fr?s={search_term_string}\"},\"query-input\":{\"@type\":\"PropertyValueSpecification\",\"valueRequired\":true,\"valueName\":\"search_term_string\"}}],\"inLanguage\":\"fr-FR\"},{\"@type\":\"Organization\",\"@id\":\"https:\/\/www.bagnoitalia.com\/fr#organization\",\"name\":\"Bagno Italia\",\"url\":\"https:\/\/www.bagnoitalia.com\/fr\",\"logo\":{\"@type\":\"ImageObject\",\"inLanguage\":\"fr-FR\",\"@id\":\"https:\/\/www.bagnoitalia.com\/fr#\/schema\/logo\/image\/\",\"url\":\"https:\/\/img.bagnoitalia.com\/wp-content\/uploads\/logo-bagnoitalia.webp\",\"contentUrl\":\"https:\/\/img.bagnoitalia.com\/wp-content\/uploads\/logo-bagnoitalia.webp\",\"width\":400,\"height\":70,\"caption\":\"Bagno Italia\"},\"image\":{\"@id\":\"https:\/\/www.bagnoitalia.com\/fr#\/schema\/logo\/image\/\"}}]}<\/script>\n<!-- \/ Yoast SEO plugin. -->","yoast_head_json":{"title":"Cabine de douche en verre transparent 8 mm, paroi fixe et porte pliante BOX035","description":"Cabine de douche d&#39;angle, avec cadre en verre transparent ou opaque et aluminium et portes coulissantes, disponible en diff\u00e9rentes tailles. Fermeture magn\u00e9tique. En savoir plus!","robots":{"index":"index","follow":"follow","max-snippet":"max-snippet:-1","max-image-preview":"max-image-preview:large","max-video-preview":"max-video-preview:-1"},"canonical":"https:\/\/www.bagnoitalia.com\/fr\/produit\/cabine-de-douche-avec-vitre-fixe-8-mm-a-battant-fixe-et-porte-pliante-box035.html","og_locale":"fr_FR","og_type":"article","og_title":"Cabine de douche en verre transparent 8 mm, paroi fixe et porte pliante BOX035","og_description":"Cabine de douche d&#39;angle, avec cadre en verre transparent ou opaque et aluminium et portes coulissantes, disponible en diff\u00e9rentes tailles. Fermeture magn\u00e9tique. En savoir plus!","og_url":"https:\/\/www.bagnoitalia.com\/fr\/produit\/cabine-de-douche-avec-vitre-fixe-8-mm-a-battant-fixe-et-porte-pliante-box035.html","og_site_name":"Bagno Italia","article_modified_time":"2024-05-16T14:52:49+00:00","og_image":[{"width":600,"height":600,"url":"https:\/\/img.bagnoitalia.com\/wp-content\/uploads\/virtuemart\/product\/shower-enclosure-8mm-transparent-glass-1_1543575306_706.jpg","type":"image\/jpeg"}],"twitter_card":"summary_large_image","twitter_misc":{"Dur\u00e9e de lecture estim\u00e9e":"1 minute"},"schema":{"@context":"https:\/\/schema.org","@graph":[{"@type":"WebPage","@id":"https:\/\/www.bagnoitalia.com\/fr\/produit\/cabine-de-douche-avec-vitre-fixe-8-mm-a-battant-fixe-et-porte-pliante-box035.html","url":"https:\/\/www.bagnoitalia.com\/fr\/produit\/cabine-de-douche-avec-vitre-fixe-8-mm-a-battant-fixe-et-porte-pliante-box035.html","name":"Cabine de douche en verre transparent 8 mm, paroi fixe et porte pliante BOX035","isPartOf":{"@id":"https:\/\/www.bagnoitalia.com\/fr#website"},"primaryImageOfPage":{"@id":"https:\/\/www.bagnoitalia.com\/fr\/produit\/cabine-de-douche-avec-vitre-fixe-8-mm-a-battant-fixe-et-porte-pliante-box035.html#primaryimage"},"image":{"@id":"https:\/\/www.bagnoitalia.com\/fr\/produit\/cabine-de-douche-avec-vitre-fixe-8-mm-a-battant-fixe-et-porte-pliante-box035.html#primaryimage"},"thumbnailUrl":"https:\/\/img.bagnoitalia.com\/wp-content\/uploads\/virtuemart\/product\/shower-enclosure-8mm-transparent-glass-1_1543575306_706.jpg","datePublished":"2015-05-22T12:59:17+00:00","dateModified":"2024-05-16T14:52:49+00:00","description":"Cabine de douche d&#39;angle, avec cadre en verre transparent ou opaque et aluminium et portes coulissantes, disponible en diff\u00e9rentes tailles. Fermeture magn\u00e9tique. En savoir plus!","breadcrumb":{"@id":"https:\/\/www.bagnoitalia.com\/fr\/produit\/cabine-de-douche-avec-vitre-fixe-8-mm-a-battant-fixe-et-porte-pliante-box035.html#breadcrumb"},"inLanguage":"fr-FR","potentialAction":[{"@type":"ReadAction","target":["https:\/\/www.bagnoitalia.com\/fr\/produit\/cabine-de-douche-avec-vitre-fixe-8-mm-a-battant-fixe-et-porte-pliante-box035.html"]}]},{"@type":"ImageObject","inLanguage":"fr-FR","@id":"https:\/\/www.bagnoitalia.com\/fr\/produit\/cabine-de-douche-avec-vitre-fixe-8-mm-a-battant-fixe-et-porte-pliante-box035.html#primaryimage","url":"https:\/\/img.bagnoitalia.com\/wp-content\/uploads\/virtuemart\/product\/shower-enclosure-8mm-transparent-glass-1_1543575306_706.jpg","contentUrl":"https:\/\/img.bagnoitalia.com\/wp-content\/uploads\/virtuemart\/product\/shower-enclosure-8mm-transparent-glass-1_1543575306_706.jpg","width":600,"height":600},{"@type":"BreadcrumbList","@id":"https:\/\/www.bagnoitalia.com\/fr\/produit\/cabine-de-douche-avec-vitre-fixe-8-mm-a-battant-fixe-et-porte-pliante-box035.html#breadcrumb","itemListElement":[{"@type":"ListItem","position":1,"name":"Home","item":"https:\/\/www.bagnoitalia.com\/fr"},{"@type":"ListItem","position":2,"name":"Produits","item":"https:\/\/www.bagnoitalia.com\/fr\/shop"},{"@type":"ListItem","position":3,"name":"Cabine de douche en verre transparent 8 mm, paroi fixe et porte pliante BOX035"}]},{"@type":"WebSite","@id":"https:\/\/www.bagnoitalia.com\/fr#website","url":"https:\/\/www.bagnoitalia.com\/fr","name":"Bagno Italia","description":"","publisher":{"@id":"https:\/\/www.bagnoitalia.com\/fr#organization"},"potentialAction":[{"@type":"SearchAction","target":{"@type":"EntryPoint","urlTemplate":"https:\/\/www.bagnoitalia.com\/fr?s={search_term_string}"},"query-input":{"@type":"PropertyValueSpecification","valueRequired":true,"valueName":"search_term_string"}}],"inLanguage":"fr-FR"},{"@type":"Organization","@id":"https:\/\/www.bagnoitalia.com\/fr#organization","name":"Bagno Italia","url":"https:\/\/www.bagnoitalia.com\/fr","logo":{"@type":"ImageObject","inLanguage":"fr-FR","@id":"https:\/\/www.bagnoitalia.com\/fr#\/schema\/logo\/image\/","url":"https:\/\/img.bagnoitalia.com\/wp-content\/uploads\/logo-bagnoitalia.webp","contentUrl":"https:\/\/img.bagnoitalia.com\/wp-content\/uploads\/logo-bagnoitalia.webp","width":400,"height":70,"caption":"Bagno Italia"},"image":{"@id":"https:\/\/www.bagnoitalia.com\/fr#\/schema\/logo\/image\/"}}]}},"_links":{"self":[{"href":"https:\/\/www.bagnoitalia.com\/fr\/wp-json\/wp\/v2\/product\/79286","targetHints":{"allow":["GET"]}}],"collection":[{"href":"https:\/\/www.bagnoitalia.com\/fr\/wp-json\/wp\/v2\/product"}],"about":[{"href":"https:\/\/www.bagnoitalia.com\/fr\/wp-json\/wp\/v2\/types\/product"}],"replies":[{"embeddable":true,"href":"https:\/\/www.bagnoitalia.com\/fr\/wp-json\/wp\/v2\/comments?post=79286"}],"version-history":[{"count":0,"href":"https:\/\/www.bagnoitalia.com\/fr\/wp-json\/wp\/v2\/product\/79286\/revisions"}],"wp:featuredmedia":[{"embeddable":true,"href":"https:\/\/www.bagnoitalia.com\/fr\/wp-json\/wp\/v2\/media\/26114"}],"wp:attachment":[{"href":"https:\/\/www.bagnoitalia.com\/fr\/wp-json\/wp\/v2\/media?parent=79286"}],"wp:term":[{"taxonomy":"product_brand","embeddable":true,"href":"https:\/\/www.bagnoitalia.com\/fr\/wp-json\/wp\/v2\/product_brand?post=79286"},{"taxonomy":"product_cat","embeddable":true,"href":"https:\/\/www.bagnoitalia.com\/fr\/wp-json\/wp\/v2\/product_cat?post=79286"},{"taxonomy":"product_tag","embeddable":true,"href":"https:\/\/www.bagnoitalia.com\/fr\/wp-json\/wp\/v2\/product_tag?post=79286"}],"curies":[{"name":"wp","href":"https:\/\/api.w.org\/{rel}","templated":true}]}}