{"id":79266,"date":"2015-05-20T13:43:55","date_gmt":"2015-05-20T11:43:55","guid":{"rendered":"https:\/\/www.bagnoitalia.com\/product\/cabine-de-douche-semi-circulaire-en-cristal-transparent-double-ouverture-a-charniere-de-6mm-de-differentes-tailles-box031"},"modified":"2025-11-07T10:07:07","modified_gmt":"2025-11-07T09:07:07","slug":"cabine-de-douche-semi-circulaire-en-cristal-transparent-double-ouverture-a-charniere-de-6mm-de-differentes-tailles-box031","status":"publish","type":"product","link":"https:\/\/www.bagnoitalia.com\/fr\/produit\/cabine-de-douche-semi-circulaire-en-cristal-transparent-double-ouverture-a-charniere-de-6mm-de-differentes-tailles-box031.html","title":{"rendered":"Cabine de douche semi-circulaire en verre transparent 6 mm, double ouverture \u00e0 charni\u00e8re, en plusieurs dimensions BOX031"},"content":{"rendered":"<p><span style=\"font-size: 12pt;\"><strong><span style=\"color: #ff0000;\">CABINE DE DOUCHE SEMICIRCULAIRE EN VERRE TREMP\u00c9 PORTES BATTANTES (DIMENSIONS 80X80 90X90) Hauteur 190cm<\/span><\/strong><\/span><\/p>\n<p>&nbsp;<\/p>\n<p><strong>Caract\u00e9ristiques techniques:<\/strong><\/p>\n<p>Verre transparent tremp\u00e9 de 6 mm<\/p>\n<p>Structure en aluminium chrom\u00e9 poli<\/p>\n<p>Adaptable jusqu&rsquo;\u00e0 -2 cm<\/p>\n<p>Fermeture magn\u00e9tique<\/p>\n<p>Ouverture \u00e0 charnieres vers l&rsquo;ext\u00e9rieur<\/p>\n<p>Poign\u00e9es en acier chrom\u00e9<\/p>\n<p>Receveur de douche non inclus<\/p>\n<p><span style=\"font-size: 10pt;\"><span style=\"color: #ff0000;\"><strong>ATTENTION<\/strong><\/span><strong><span style=\"color: #ff0000;\">:<\/span> il est \u00e9galement possible d&rsquo;ajouter des profils de compensation s&rsquo;il est n\u00e9cessaire d&rsquo;augmenter les dimensions de quelques centim\u00e8tres au-del\u00e0 de celles indiqu\u00e9es<\/strong><\/span><\/p>\n<p><strong>montage:<\/strong><\/p>\n<p>Rapide et facile \u00e0 installer<\/p>\n<p>Installation au sol<\/p>\n<p>Produit certifi\u00e9 UE<\/p>\n","protected":false},"excerpt":{"rendered":"<p>Cabine de douche semi-circulaire en verre tremp\u00e9 de 6 mm \u00e0 ouverture battante totale disponible en plusieurs dimensions: 80&#215;80, 90&#215;90 cm H190 cm<\/p>\n","protected":false},"featured_media":26010,"comment_status":"open","ping_status":"closed","template":"","meta":[],"product_brand":[9888],"product_cat":[9811,9711],"product_tag":[],"class_list":{"0":"post-79266","1":"product","2":"type-product","3":"status-publish","4":"has-post-thumbnail","6":"product_brand-idrom-fr","7":"product_cat-cabine-de-douche-semi-circulaire-boite-de-douche","8":"product_cat-boite-de-douche","10":"first","11":"instock","12":"sale","13":"taxable","14":"shipping-taxable","15":"purchasable","16":"product-type-simple"},"exclude_global_add_ons":false,"addons":[{"name":"dimensions","type":"multiple_choice","position":0,"required":true,"title_format":"heading","default":"","description_enable":false,"description":"","placeholder_enable":false,"placeholder":"","display":"select","restrictions_type":"any_text","adjust_price":false,"price":"","price_type":"flat_fee","restrictions":false,"min":"0","max":"0","options":[{"label":"80x80","price":"","price_type":"quantity_based","image":0,"visibility":true},{"label":"90x90","price":"16","price_type":"quantity_based","image":0,"visibility":true}],"id":1718724149},{"name":"profil de compensation","type":"multiple_choice","position":1,"required":true,"title_format":"heading","default":"","description_enable":false,"description":"","placeholder_enable":false,"placeholder":"","display":"select","restrictions_type":"any_text","adjust_price":false,"price":"","price_type":"flat_fee","restrictions":false,"min":"0","max":"0","options":[{"label":"PAS de profil de compensation","price":"","price_type":"quantity_based","image":0,"visibility":true},{"label":"un profil de compensation +3cm","price":"36","price_type":"quantity_based","image":0,"visibility":true},{"label":"un profil de compensation +4cm","price":"55","price_type":"quantity_based","image":0,"visibility":true}],"id":1718724150}],"yoast_head":"<!-- This site is optimized with the Yoast SEO plugin v26.7 - https:\/\/yoast.com\/wordpress\/plugins\/seo\/ -->\n<title>Cabine de douche semi-circulaire en verre transparent 6 mm, double ouverture \u00e0 charni\u00e8re, en plusieurs dimensions BOX031<\/title>\n<meta name=\"description\" content=\"Cabine de douche d&#039;angle, avec cadre en verre transparent ou opaque et aluminium et portes coulissantes, disponible en diff\u00e9rentes tailles. Fermeture magn\u00e9tique. En savoir plus!\" \/>\n<meta name=\"robots\" content=\"index, follow, max-snippet:-1, max-image-preview:large, max-video-preview:-1\" \/>\n<link rel=\"canonical\" href=\"https:\/\/www.bagnoitalia.com\/fr\/produit\/cabine-de-douche-semi-circulaire-en-cristal-transparent-double-ouverture-a-charniere-de-6mm-de-differentes-tailles-box031.html\" \/>\n<meta property=\"og:locale\" content=\"fr_FR\" \/>\n<meta property=\"og:type\" content=\"article\" \/>\n<meta property=\"og:title\" content=\"Cabine de douche semi-circulaire en verre transparent 6 mm, double ouverture \u00e0 charni\u00e8re, en plusieurs dimensions BOX031\" \/>\n<meta property=\"og:description\" content=\"Cabine de douche d&#039;angle, avec cadre en verre transparent ou opaque et aluminium et portes coulissantes, disponible en diff\u00e9rentes tailles. Fermeture magn\u00e9tique. En savoir plus!\" \/>\n<meta property=\"og:url\" content=\"https:\/\/www.bagnoitalia.com\/fr\/produit\/cabine-de-douche-semi-circulaire-en-cristal-transparent-double-ouverture-a-charniere-de-6mm-de-differentes-tailles-box031.html\" \/>\n<meta property=\"og:site_name\" content=\"Bagno Italia\" \/>\n<meta property=\"article:modified_time\" content=\"2025-11-07T09:07:07+00:00\" \/>\n<meta property=\"og:image\" content=\"https:\/\/img.bagnoitalia.com\/wp-content\/uploads\/virtuemart\/product\/semicircular-shower-enclosure-double-swing-opening-box031-1_1543576114_990.jpg\" \/>\n\t<meta property=\"og:image:width\" content=\"640\" \/>\n\t<meta property=\"og:image:height\" content=\"640\" \/>\n\t<meta property=\"og:image:type\" content=\"image\/jpeg\" \/>\n<meta name=\"twitter:card\" content=\"summary_large_image\" \/>\n<meta name=\"twitter:label1\" content=\"Dur\u00e9e de lecture estim\u00e9e\" \/>\n\t<meta name=\"twitter:data1\" content=\"1 minute\" \/>\n<script type=\"application\/ld+json\" class=\"yoast-schema-graph\">{\"@context\":\"https:\/\/schema.org\",\"@graph\":[{\"@type\":\"WebPage\",\"@id\":\"https:\/\/www.bagnoitalia.com\/fr\/produit\/cabine-de-douche-semi-circulaire-en-cristal-transparent-double-ouverture-a-charniere-de-6mm-de-differentes-tailles-box031.html\",\"url\":\"https:\/\/www.bagnoitalia.com\/fr\/produit\/cabine-de-douche-semi-circulaire-en-cristal-transparent-double-ouverture-a-charniere-de-6mm-de-differentes-tailles-box031.html\",\"name\":\"Cabine de douche semi-circulaire en verre transparent 6 mm, double ouverture \u00e0 charni\u00e8re, en plusieurs dimensions BOX031\",\"isPartOf\":{\"@id\":\"https:\/\/www.bagnoitalia.com\/fr#website\"},\"primaryImageOfPage\":{\"@id\":\"https:\/\/www.bagnoitalia.com\/fr\/produit\/cabine-de-douche-semi-circulaire-en-cristal-transparent-double-ouverture-a-charniere-de-6mm-de-differentes-tailles-box031.html#primaryimage\"},\"image\":{\"@id\":\"https:\/\/www.bagnoitalia.com\/fr\/produit\/cabine-de-douche-semi-circulaire-en-cristal-transparent-double-ouverture-a-charniere-de-6mm-de-differentes-tailles-box031.html#primaryimage\"},\"thumbnailUrl\":\"https:\/\/img.bagnoitalia.com\/wp-content\/uploads\/virtuemart\/product\/semicircular-shower-enclosure-double-swing-opening-box031-1_1543576114_990.jpg\",\"datePublished\":\"2015-05-20T11:43:55+00:00\",\"dateModified\":\"2025-11-07T09:07:07+00:00\",\"description\":\"Cabine de douche d'angle, avec cadre en verre transparent ou opaque et aluminium et portes coulissantes, disponible en diff\u00e9rentes tailles. Fermeture magn\u00e9tique. En savoir plus!\",\"breadcrumb\":{\"@id\":\"https:\/\/www.bagnoitalia.com\/fr\/produit\/cabine-de-douche-semi-circulaire-en-cristal-transparent-double-ouverture-a-charniere-de-6mm-de-differentes-tailles-box031.html#breadcrumb\"},\"inLanguage\":\"fr-FR\",\"potentialAction\":[{\"@type\":\"ReadAction\",\"target\":[\"https:\/\/www.bagnoitalia.com\/fr\/produit\/cabine-de-douche-semi-circulaire-en-cristal-transparent-double-ouverture-a-charniere-de-6mm-de-differentes-tailles-box031.html\"]}]},{\"@type\":\"ImageObject\",\"inLanguage\":\"fr-FR\",\"@id\":\"https:\/\/www.bagnoitalia.com\/fr\/produit\/cabine-de-douche-semi-circulaire-en-cristal-transparent-double-ouverture-a-charniere-de-6mm-de-differentes-tailles-box031.html#primaryimage\",\"url\":\"https:\/\/img.bagnoitalia.com\/wp-content\/uploads\/virtuemart\/product\/semicircular-shower-enclosure-double-swing-opening-box031-1_1543576114_990.jpg\",\"contentUrl\":\"https:\/\/img.bagnoitalia.com\/wp-content\/uploads\/virtuemart\/product\/semicircular-shower-enclosure-double-swing-opening-box031-1_1543576114_990.jpg\",\"width\":640,\"height\":640},{\"@type\":\"BreadcrumbList\",\"@id\":\"https:\/\/www.bagnoitalia.com\/fr\/produit\/cabine-de-douche-semi-circulaire-en-cristal-transparent-double-ouverture-a-charniere-de-6mm-de-differentes-tailles-box031.html#breadcrumb\",\"itemListElement\":[{\"@type\":\"ListItem\",\"position\":1,\"name\":\"Home\",\"item\":\"https:\/\/www.bagnoitalia.com\/fr\"},{\"@type\":\"ListItem\",\"position\":2,\"name\":\"Produits\",\"item\":\"https:\/\/www.bagnoitalia.com\/fr\/shop\"},{\"@type\":\"ListItem\",\"position\":3,\"name\":\"Cabine de douche semi-circulaire en verre transparent 6 mm, double ouverture \u00e0 charni\u00e8re, en plusieurs dimensions BOX031\"}]},{\"@type\":\"WebSite\",\"@id\":\"https:\/\/www.bagnoitalia.com\/fr#website\",\"url\":\"https:\/\/www.bagnoitalia.com\/fr\",\"name\":\"Bagno Italia\",\"description\":\"\",\"publisher\":{\"@id\":\"https:\/\/www.bagnoitalia.com\/fr#organization\"},\"potentialAction\":[{\"@type\":\"SearchAction\",\"target\":{\"@type\":\"EntryPoint\",\"urlTemplate\":\"https:\/\/www.bagnoitalia.com\/fr?s={search_term_string}\"},\"query-input\":{\"@type\":\"PropertyValueSpecification\",\"valueRequired\":true,\"valueName\":\"search_term_string\"}}],\"inLanguage\":\"fr-FR\"},{\"@type\":\"Organization\",\"@id\":\"https:\/\/www.bagnoitalia.com\/fr#organization\",\"name\":\"Bagno Italia\",\"url\":\"https:\/\/www.bagnoitalia.com\/fr\",\"logo\":{\"@type\":\"ImageObject\",\"inLanguage\":\"fr-FR\",\"@id\":\"https:\/\/www.bagnoitalia.com\/fr#\/schema\/logo\/image\/\",\"url\":\"https:\/\/img.bagnoitalia.com\/wp-content\/uploads\/logo-bagnoitalia.webp\",\"contentUrl\":\"https:\/\/img.bagnoitalia.com\/wp-content\/uploads\/logo-bagnoitalia.webp\",\"width\":400,\"height\":70,\"caption\":\"Bagno Italia\"},\"image\":{\"@id\":\"https:\/\/www.bagnoitalia.com\/fr#\/schema\/logo\/image\/\"}}]}<\/script>\n<!-- \/ Yoast SEO plugin. -->","yoast_head_json":{"title":"Cabine de douche semi-circulaire en verre transparent 6 mm, double ouverture \u00e0 charni\u00e8re, en plusieurs dimensions BOX031","description":"Cabine de douche d'angle, avec cadre en verre transparent ou opaque et aluminium et portes coulissantes, disponible en diff\u00e9rentes tailles. Fermeture magn\u00e9tique. En savoir plus!","robots":{"index":"index","follow":"follow","max-snippet":"max-snippet:-1","max-image-preview":"max-image-preview:large","max-video-preview":"max-video-preview:-1"},"canonical":"https:\/\/www.bagnoitalia.com\/fr\/produit\/cabine-de-douche-semi-circulaire-en-cristal-transparent-double-ouverture-a-charniere-de-6mm-de-differentes-tailles-box031.html","og_locale":"fr_FR","og_type":"article","og_title":"Cabine de douche semi-circulaire en verre transparent 6 mm, double ouverture \u00e0 charni\u00e8re, en plusieurs dimensions BOX031","og_description":"Cabine de douche d'angle, avec cadre en verre transparent ou opaque et aluminium et portes coulissantes, disponible en diff\u00e9rentes tailles. Fermeture magn\u00e9tique. En savoir plus!","og_url":"https:\/\/www.bagnoitalia.com\/fr\/produit\/cabine-de-douche-semi-circulaire-en-cristal-transparent-double-ouverture-a-charniere-de-6mm-de-differentes-tailles-box031.html","og_site_name":"Bagno Italia","article_modified_time":"2025-11-07T09:07:07+00:00","og_image":[{"width":640,"height":640,"url":"https:\/\/img.bagnoitalia.com\/wp-content\/uploads\/virtuemart\/product\/semicircular-shower-enclosure-double-swing-opening-box031-1_1543576114_990.jpg","type":"image\/jpeg"}],"twitter_card":"summary_large_image","twitter_misc":{"Dur\u00e9e de lecture estim\u00e9e":"1 minute"},"schema":{"@context":"https:\/\/schema.org","@graph":[{"@type":"WebPage","@id":"https:\/\/www.bagnoitalia.com\/fr\/produit\/cabine-de-douche-semi-circulaire-en-cristal-transparent-double-ouverture-a-charniere-de-6mm-de-differentes-tailles-box031.html","url":"https:\/\/www.bagnoitalia.com\/fr\/produit\/cabine-de-douche-semi-circulaire-en-cristal-transparent-double-ouverture-a-charniere-de-6mm-de-differentes-tailles-box031.html","name":"Cabine de douche semi-circulaire en verre transparent 6 mm, double ouverture \u00e0 charni\u00e8re, en plusieurs dimensions BOX031","isPartOf":{"@id":"https:\/\/www.bagnoitalia.com\/fr#website"},"primaryImageOfPage":{"@id":"https:\/\/www.bagnoitalia.com\/fr\/produit\/cabine-de-douche-semi-circulaire-en-cristal-transparent-double-ouverture-a-charniere-de-6mm-de-differentes-tailles-box031.html#primaryimage"},"image":{"@id":"https:\/\/www.bagnoitalia.com\/fr\/produit\/cabine-de-douche-semi-circulaire-en-cristal-transparent-double-ouverture-a-charniere-de-6mm-de-differentes-tailles-box031.html#primaryimage"},"thumbnailUrl":"https:\/\/img.bagnoitalia.com\/wp-content\/uploads\/virtuemart\/product\/semicircular-shower-enclosure-double-swing-opening-box031-1_1543576114_990.jpg","datePublished":"2015-05-20T11:43:55+00:00","dateModified":"2025-11-07T09:07:07+00:00","description":"Cabine de douche d'angle, avec cadre en verre transparent ou opaque et aluminium et portes coulissantes, disponible en diff\u00e9rentes tailles. Fermeture magn\u00e9tique. En savoir plus!","breadcrumb":{"@id":"https:\/\/www.bagnoitalia.com\/fr\/produit\/cabine-de-douche-semi-circulaire-en-cristal-transparent-double-ouverture-a-charniere-de-6mm-de-differentes-tailles-box031.html#breadcrumb"},"inLanguage":"fr-FR","potentialAction":[{"@type":"ReadAction","target":["https:\/\/www.bagnoitalia.com\/fr\/produit\/cabine-de-douche-semi-circulaire-en-cristal-transparent-double-ouverture-a-charniere-de-6mm-de-differentes-tailles-box031.html"]}]},{"@type":"ImageObject","inLanguage":"fr-FR","@id":"https:\/\/www.bagnoitalia.com\/fr\/produit\/cabine-de-douche-semi-circulaire-en-cristal-transparent-double-ouverture-a-charniere-de-6mm-de-differentes-tailles-box031.html#primaryimage","url":"https:\/\/img.bagnoitalia.com\/wp-content\/uploads\/virtuemart\/product\/semicircular-shower-enclosure-double-swing-opening-box031-1_1543576114_990.jpg","contentUrl":"https:\/\/img.bagnoitalia.com\/wp-content\/uploads\/virtuemart\/product\/semicircular-shower-enclosure-double-swing-opening-box031-1_1543576114_990.jpg","width":640,"height":640},{"@type":"BreadcrumbList","@id":"https:\/\/www.bagnoitalia.com\/fr\/produit\/cabine-de-douche-semi-circulaire-en-cristal-transparent-double-ouverture-a-charniere-de-6mm-de-differentes-tailles-box031.html#breadcrumb","itemListElement":[{"@type":"ListItem","position":1,"name":"Home","item":"https:\/\/www.bagnoitalia.com\/fr"},{"@type":"ListItem","position":2,"name":"Produits","item":"https:\/\/www.bagnoitalia.com\/fr\/shop"},{"@type":"ListItem","position":3,"name":"Cabine de douche semi-circulaire en verre transparent 6 mm, double ouverture \u00e0 charni\u00e8re, en plusieurs dimensions BOX031"}]},{"@type":"WebSite","@id":"https:\/\/www.bagnoitalia.com\/fr#website","url":"https:\/\/www.bagnoitalia.com\/fr","name":"Bagno Italia","description":"","publisher":{"@id":"https:\/\/www.bagnoitalia.com\/fr#organization"},"potentialAction":[{"@type":"SearchAction","target":{"@type":"EntryPoint","urlTemplate":"https:\/\/www.bagnoitalia.com\/fr?s={search_term_string}"},"query-input":{"@type":"PropertyValueSpecification","valueRequired":true,"valueName":"search_term_string"}}],"inLanguage":"fr-FR"},{"@type":"Organization","@id":"https:\/\/www.bagnoitalia.com\/fr#organization","name":"Bagno Italia","url":"https:\/\/www.bagnoitalia.com\/fr","logo":{"@type":"ImageObject","inLanguage":"fr-FR","@id":"https:\/\/www.bagnoitalia.com\/fr#\/schema\/logo\/image\/","url":"https:\/\/img.bagnoitalia.com\/wp-content\/uploads\/logo-bagnoitalia.webp","contentUrl":"https:\/\/img.bagnoitalia.com\/wp-content\/uploads\/logo-bagnoitalia.webp","width":400,"height":70,"caption":"Bagno Italia"},"image":{"@id":"https:\/\/www.bagnoitalia.com\/fr#\/schema\/logo\/image\/"}}]}},"_links":{"self":[{"href":"https:\/\/www.bagnoitalia.com\/fr\/wp-json\/wp\/v2\/product\/79266","targetHints":{"allow":["GET"]}}],"collection":[{"href":"https:\/\/www.bagnoitalia.com\/fr\/wp-json\/wp\/v2\/product"}],"about":[{"href":"https:\/\/www.bagnoitalia.com\/fr\/wp-json\/wp\/v2\/types\/product"}],"replies":[{"embeddable":true,"href":"https:\/\/www.bagnoitalia.com\/fr\/wp-json\/wp\/v2\/comments?post=79266"}],"version-history":[{"count":4,"href":"https:\/\/www.bagnoitalia.com\/fr\/wp-json\/wp\/v2\/product\/79266\/revisions"}],"predecessor-version":[{"id":114410,"href":"https:\/\/www.bagnoitalia.com\/fr\/wp-json\/wp\/v2\/product\/79266\/revisions\/114410"}],"wp:featuredmedia":[{"embeddable":true,"href":"https:\/\/www.bagnoitalia.com\/fr\/wp-json\/wp\/v2\/media\/26010"}],"wp:attachment":[{"href":"https:\/\/www.bagnoitalia.com\/fr\/wp-json\/wp\/v2\/media?parent=79266"}],"wp:term":[{"taxonomy":"product_brand","embeddable":true,"href":"https:\/\/www.bagnoitalia.com\/fr\/wp-json\/wp\/v2\/product_brand?post=79266"},{"taxonomy":"product_cat","embeddable":true,"href":"https:\/\/www.bagnoitalia.com\/fr\/wp-json\/wp\/v2\/product_cat?post=79266"},{"taxonomy":"product_tag","embeddable":true,"href":"https:\/\/www.bagnoitalia.com\/fr\/wp-json\/wp\/v2\/product_tag?post=79266"}],"curies":[{"name":"wp","href":"https:\/\/api.w.org\/{rel}","templated":true}]}}