{"id":79238,"date":"2015-05-19T12:48:47","date_gmt":"2015-05-19T10:48:47","guid":{"rendered":"https:\/\/www.bagnoitalia.com\/product\/cabine-de-douche-8-mm-en-cristal-avec-portes-coulissantes-de-differentes-tailles-h195-box033"},"modified":"2024-06-03T15:46:58","modified_gmt":"2024-06-03T13:46:58","slug":"cabine-de-douche-8-mm-en-cristal-avec-portes-coulissantes-de-differentes-tailles-h195-box033","status":"publish","type":"product","link":"https:\/\/www.bagnoitalia.com\/fr\/produit\/cabine-de-douche-8-mm-en-cristal-avec-portes-coulissantes-de-differentes-tailles-h195-box033.html","title":{"rendered":"Cabine de douche en verre 8 mm, portes coulissantes en plusieurs dimensions  H195 BOX033"},"content":{"rendered":"<p><span style=\"font-size: 12pt;\"><strong><span style=\"color: #ff0000;\">CABINE DE DOUCHE ANGULAIRE,\u00a0<span style=\"color: #ff0000;\">PROFIL\u00c9 EN ALUMINIUM,\u00a0<\/span>PORTES COULISSANTES (DIMENSIONS 70&#215;90 70&#215;100 70&#215;120 80&#215;120 100&#215;100) Hauteur 195cm<\/span><\/strong><\/span><\/p>\n<p><strong>Caract\u00e9ristiques techniques:<\/strong><\/p>\n<p>Verre 8 mm<\/p>\n<p>Cadre en aluminium<\/p>\n<p>Produit conforme \u00e0 toutes les r\u00e9glementations en vigueur et livr\u00e9 avec les instructions de montage<\/p>\n<p>Cabine adaptable (2 cm en moins par c\u00f4t\u00e9), possibilit\u00e9 d&rsquo;augmenter de 2 cm en ajoutant 1 profil de compensation ou 2 profils si vous souhaitez agrandir les deux c\u00f4t\u00e9s de la cabine<\/p>\n<p>Fermeture magn\u00e9tique<\/p>\n<p>Portes coulissantes r\u00e9versibles<\/p>\n<p>Poign\u00e9es en acier chrom\u00e9<\/p>\n<p>Receveur de douche non inclus<\/p>\n<p>&nbsp;<\/p>\n<p><span style=\"color: #ff0000;\"><strong>ATTENTION:<\/strong><\/span><strong> il est \u00e9galement possible d&rsquo;ajouter des profils de compensation s&rsquo;il est n\u00e9cessaire d&rsquo;augmenter les dimensions de quelques centim\u00e8tres au-del\u00e0 de celles indiqu\u00e9es<\/strong><\/p>\n<p><strong>Montage:<\/strong><\/p>\n<p>Installation facile et rapide<\/p>\n<p>Installation au sol<\/p>\n<p style=\"margin-top: 0px; margin-bottom: 0.5em; color: #888888; font-family: Arial, Helvetica, sans-serif; font-size: 13px; line-height: 16.0030002593994px;\">\n<p><strong>\u00a0<\/strong><\/p>\n<p>Produit certifi\u00e9 EU<\/p>\n<p>046<\/p>\n","protected":false},"excerpt":{"rendered":"<p>Cabine de douche 8mm \u00e0 portes coulissantes dimensions 70&#215;90 70&#215;100 70&#215;120 80&#215;120 100&#215;100 H 195<\/p>\n","protected":false},"featured_media":25834,"comment_status":"open","ping_status":"closed","template":"","meta":[],"product_brand":[5008],"product_cat":[9807,9711],"product_tag":[],"class_list":{"0":"post-79238","1":"product","2":"type-product","3":"status-publish","4":"has-post-thumbnail","6":"product_brand-idrom","7":"product_cat-coin-douche-boite-de-douche","8":"product_cat-boite-de-douche","10":"first","11":"instock","12":"sale","13":"taxable","14":"shipping-taxable","15":"purchasable","16":"product-type-simple"},"exclude_global_add_ons":false,"addons":[{"name":"dimensions","type":"multiple_choice","position":0,"required":true,"title_format":"heading","default":"","description_enable":false,"description":"","placeholder_enable":false,"placeholder":"","display":"select","restrictions_type":"any_text","adjust_price":false,"price":"","price_type":"flat_fee","restrictions":false,"min":"0","max":"0","options":[{"label":"70x90cm","price":"","price_type":"quantity_based","image":0,"visibility":true},{"label":"70x100cm","price":"10","price_type":"quantity_based","image":0,"visibility":true},{"label":"70x120cm","price":"50","price_type":"quantity_based","image":0,"visibility":true},{"label":"80x100cm","price":"30","price_type":"quantity_based","image":0,"visibility":true},{"label":"80x120cm","price":"60","price_type":"quantity_based","image":0,"visibility":true}],"id":1717429618},{"name":"profil de compensation","type":"multiple_choice","position":1,"required":true,"title_format":"heading","default":"","description_enable":false,"description":"","placeholder_enable":false,"placeholder":"","display":"select","restrictions_type":"any_text","adjust_price":false,"price":"","price_type":"flat_fee","restrictions":false,"min":"0","max":"0","options":[{"label":"PAS de profil de compensation","price":"","price_type":"quantity_based","image":0,"visibility":true},{"label":"un profil de compensation +3cm","price":"36","price_type":"quantity_based","image":0,"visibility":true},{"label":"deux profils de compensation +6cm","price":"55","price_type":"quantity_based","image":0,"visibility":true}],"id":1717429619}],"yoast_head":"<!-- This site is optimized with the Yoast SEO plugin v26.7 - https:\/\/yoast.com\/wordpress\/plugins\/seo\/ -->\n<title>Cabine de douche en verre 8 mm, portes coulissantes en plusieurs dimensions H195 BOX033<\/title>\n<meta name=\"description\" content=\"Cabine de douche d&#039;angle, avec cadre en verre transparent ou opaque et aluminium et portes coulissantes, disponible en diff\u00e9rentes tailles. Fermeture magn\u00e9tique. En savoir plus!\" \/>\n<meta name=\"robots\" content=\"index, follow, max-snippet:-1, max-image-preview:large, max-video-preview:-1\" \/>\n<link rel=\"canonical\" href=\"https:\/\/www.bagnoitalia.com\/fr\/produit\/cabine-de-douche-8-mm-en-cristal-avec-portes-coulissantes-de-differentes-tailles-h195-box033.html\" \/>\n<meta property=\"og:locale\" content=\"fr_FR\" \/>\n<meta property=\"og:type\" content=\"article\" \/>\n<meta property=\"og:title\" content=\"Cabine de douche en verre 8 mm, portes coulissantes en plusieurs dimensions H195 BOX033\" \/>\n<meta property=\"og:description\" content=\"Cabine de douche d&#039;angle, avec cadre en verre transparent ou opaque et aluminium et portes coulissantes, disponible en diff\u00e9rentes tailles. Fermeture magn\u00e9tique. En savoir plus!\" \/>\n<meta property=\"og:url\" content=\"https:\/\/www.bagnoitalia.com\/fr\/produit\/cabine-de-douche-8-mm-en-cristal-avec-portes-coulissantes-de-differentes-tailles-h195-box033.html\" \/>\n<meta property=\"og:site_name\" content=\"Bagno Italia\" \/>\n<meta property=\"article:modified_time\" content=\"2024-06-03T13:46:58+00:00\" \/>\n<meta property=\"og:image\" content=\"https:\/\/img.bagnoitalia.com\/wp-content\/uploads\/virtuemart\/product\/box-doccia-con-doppia-porta-scorrevole_1624620141_319.jpg\" \/>\n\t<meta property=\"og:image:width\" content=\"480\" \/>\n\t<meta property=\"og:image:height\" content=\"480\" \/>\n\t<meta property=\"og:image:type\" content=\"image\/jpeg\" \/>\n<meta name=\"twitter:card\" content=\"summary_large_image\" \/>\n<meta name=\"twitter:label1\" content=\"Dur\u00e9e de lecture estim\u00e9e\" \/>\n\t<meta name=\"twitter:data1\" content=\"1 minute\" \/>\n<script type=\"application\/ld+json\" class=\"yoast-schema-graph\">{\"@context\":\"https:\/\/schema.org\",\"@graph\":[{\"@type\":\"WebPage\",\"@id\":\"https:\/\/www.bagnoitalia.com\/fr\/produit\/cabine-de-douche-8-mm-en-cristal-avec-portes-coulissantes-de-differentes-tailles-h195-box033.html\",\"url\":\"https:\/\/www.bagnoitalia.com\/fr\/produit\/cabine-de-douche-8-mm-en-cristal-avec-portes-coulissantes-de-differentes-tailles-h195-box033.html\",\"name\":\"Cabine de douche en verre 8 mm, portes coulissantes en plusieurs dimensions H195 BOX033\",\"isPartOf\":{\"@id\":\"https:\/\/www.bagnoitalia.com\/fr#website\"},\"primaryImageOfPage\":{\"@id\":\"https:\/\/www.bagnoitalia.com\/fr\/produit\/cabine-de-douche-8-mm-en-cristal-avec-portes-coulissantes-de-differentes-tailles-h195-box033.html#primaryimage\"},\"image\":{\"@id\":\"https:\/\/www.bagnoitalia.com\/fr\/produit\/cabine-de-douche-8-mm-en-cristal-avec-portes-coulissantes-de-differentes-tailles-h195-box033.html#primaryimage\"},\"thumbnailUrl\":\"https:\/\/img.bagnoitalia.com\/wp-content\/uploads\/virtuemart\/product\/box-doccia-con-doppia-porta-scorrevole_1624620141_319.jpg\",\"datePublished\":\"2015-05-19T10:48:47+00:00\",\"dateModified\":\"2024-06-03T13:46:58+00:00\",\"description\":\"Cabine de douche d'angle, avec cadre en verre transparent ou opaque et aluminium et portes coulissantes, disponible en diff\u00e9rentes tailles. Fermeture magn\u00e9tique. En savoir plus!\",\"breadcrumb\":{\"@id\":\"https:\/\/www.bagnoitalia.com\/fr\/produit\/cabine-de-douche-8-mm-en-cristal-avec-portes-coulissantes-de-differentes-tailles-h195-box033.html#breadcrumb\"},\"inLanguage\":\"fr-FR\",\"potentialAction\":[{\"@type\":\"ReadAction\",\"target\":[\"https:\/\/www.bagnoitalia.com\/fr\/produit\/cabine-de-douche-8-mm-en-cristal-avec-portes-coulissantes-de-differentes-tailles-h195-box033.html\"]}]},{\"@type\":\"ImageObject\",\"inLanguage\":\"fr-FR\",\"@id\":\"https:\/\/www.bagnoitalia.com\/fr\/produit\/cabine-de-douche-8-mm-en-cristal-avec-portes-coulissantes-de-differentes-tailles-h195-box033.html#primaryimage\",\"url\":\"https:\/\/img.bagnoitalia.com\/wp-content\/uploads\/virtuemart\/product\/box-doccia-con-doppia-porta-scorrevole_1624620141_319.jpg\",\"contentUrl\":\"https:\/\/img.bagnoitalia.com\/wp-content\/uploads\/virtuemart\/product\/box-doccia-con-doppia-porta-scorrevole_1624620141_319.jpg\",\"width\":480,\"height\":480},{\"@type\":\"BreadcrumbList\",\"@id\":\"https:\/\/www.bagnoitalia.com\/fr\/produit\/cabine-de-douche-8-mm-en-cristal-avec-portes-coulissantes-de-differentes-tailles-h195-box033.html#breadcrumb\",\"itemListElement\":[{\"@type\":\"ListItem\",\"position\":1,\"name\":\"Home\",\"item\":\"https:\/\/www.bagnoitalia.com\/fr\"},{\"@type\":\"ListItem\",\"position\":2,\"name\":\"Produits\",\"item\":\"https:\/\/www.bagnoitalia.com\/fr\/shop\"},{\"@type\":\"ListItem\",\"position\":3,\"name\":\"Cabine de douche en verre 8 mm, portes coulissantes en plusieurs dimensions H195 BOX033\"}]},{\"@type\":\"WebSite\",\"@id\":\"https:\/\/www.bagnoitalia.com\/fr#website\",\"url\":\"https:\/\/www.bagnoitalia.com\/fr\",\"name\":\"Bagno Italia\",\"description\":\"\",\"publisher\":{\"@id\":\"https:\/\/www.bagnoitalia.com\/fr#organization\"},\"potentialAction\":[{\"@type\":\"SearchAction\",\"target\":{\"@type\":\"EntryPoint\",\"urlTemplate\":\"https:\/\/www.bagnoitalia.com\/fr?s={search_term_string}\"},\"query-input\":{\"@type\":\"PropertyValueSpecification\",\"valueRequired\":true,\"valueName\":\"search_term_string\"}}],\"inLanguage\":\"fr-FR\"},{\"@type\":\"Organization\",\"@id\":\"https:\/\/www.bagnoitalia.com\/fr#organization\",\"name\":\"Bagno Italia\",\"url\":\"https:\/\/www.bagnoitalia.com\/fr\",\"logo\":{\"@type\":\"ImageObject\",\"inLanguage\":\"fr-FR\",\"@id\":\"https:\/\/www.bagnoitalia.com\/fr#\/schema\/logo\/image\/\",\"url\":\"https:\/\/img.bagnoitalia.com\/wp-content\/uploads\/logo-bagnoitalia.webp\",\"contentUrl\":\"https:\/\/img.bagnoitalia.com\/wp-content\/uploads\/logo-bagnoitalia.webp\",\"width\":400,\"height\":70,\"caption\":\"Bagno Italia\"},\"image\":{\"@id\":\"https:\/\/www.bagnoitalia.com\/fr#\/schema\/logo\/image\/\"}}]}<\/script>\n<!-- \/ Yoast SEO plugin. -->","yoast_head_json":{"title":"Cabine de douche en verre 8 mm, portes coulissantes en plusieurs dimensions H195 BOX033","description":"Cabine de douche d'angle, avec cadre en verre transparent ou opaque et aluminium et portes coulissantes, disponible en diff\u00e9rentes tailles. Fermeture magn\u00e9tique. En savoir plus!","robots":{"index":"index","follow":"follow","max-snippet":"max-snippet:-1","max-image-preview":"max-image-preview:large","max-video-preview":"max-video-preview:-1"},"canonical":"https:\/\/www.bagnoitalia.com\/fr\/produit\/cabine-de-douche-8-mm-en-cristal-avec-portes-coulissantes-de-differentes-tailles-h195-box033.html","og_locale":"fr_FR","og_type":"article","og_title":"Cabine de douche en verre 8 mm, portes coulissantes en plusieurs dimensions H195 BOX033","og_description":"Cabine de douche d'angle, avec cadre en verre transparent ou opaque et aluminium et portes coulissantes, disponible en diff\u00e9rentes tailles. Fermeture magn\u00e9tique. En savoir plus!","og_url":"https:\/\/www.bagnoitalia.com\/fr\/produit\/cabine-de-douche-8-mm-en-cristal-avec-portes-coulissantes-de-differentes-tailles-h195-box033.html","og_site_name":"Bagno Italia","article_modified_time":"2024-06-03T13:46:58+00:00","og_image":[{"width":480,"height":480,"url":"https:\/\/img.bagnoitalia.com\/wp-content\/uploads\/virtuemart\/product\/box-doccia-con-doppia-porta-scorrevole_1624620141_319.jpg","type":"image\/jpeg"}],"twitter_card":"summary_large_image","twitter_misc":{"Dur\u00e9e de lecture estim\u00e9e":"1 minute"},"schema":{"@context":"https:\/\/schema.org","@graph":[{"@type":"WebPage","@id":"https:\/\/www.bagnoitalia.com\/fr\/produit\/cabine-de-douche-8-mm-en-cristal-avec-portes-coulissantes-de-differentes-tailles-h195-box033.html","url":"https:\/\/www.bagnoitalia.com\/fr\/produit\/cabine-de-douche-8-mm-en-cristal-avec-portes-coulissantes-de-differentes-tailles-h195-box033.html","name":"Cabine de douche en verre 8 mm, portes coulissantes en plusieurs dimensions H195 BOX033","isPartOf":{"@id":"https:\/\/www.bagnoitalia.com\/fr#website"},"primaryImageOfPage":{"@id":"https:\/\/www.bagnoitalia.com\/fr\/produit\/cabine-de-douche-8-mm-en-cristal-avec-portes-coulissantes-de-differentes-tailles-h195-box033.html#primaryimage"},"image":{"@id":"https:\/\/www.bagnoitalia.com\/fr\/produit\/cabine-de-douche-8-mm-en-cristal-avec-portes-coulissantes-de-differentes-tailles-h195-box033.html#primaryimage"},"thumbnailUrl":"https:\/\/img.bagnoitalia.com\/wp-content\/uploads\/virtuemart\/product\/box-doccia-con-doppia-porta-scorrevole_1624620141_319.jpg","datePublished":"2015-05-19T10:48:47+00:00","dateModified":"2024-06-03T13:46:58+00:00","description":"Cabine de douche d'angle, avec cadre en verre transparent ou opaque et aluminium et portes coulissantes, disponible en diff\u00e9rentes tailles. Fermeture magn\u00e9tique. En savoir plus!","breadcrumb":{"@id":"https:\/\/www.bagnoitalia.com\/fr\/produit\/cabine-de-douche-8-mm-en-cristal-avec-portes-coulissantes-de-differentes-tailles-h195-box033.html#breadcrumb"},"inLanguage":"fr-FR","potentialAction":[{"@type":"ReadAction","target":["https:\/\/www.bagnoitalia.com\/fr\/produit\/cabine-de-douche-8-mm-en-cristal-avec-portes-coulissantes-de-differentes-tailles-h195-box033.html"]}]},{"@type":"ImageObject","inLanguage":"fr-FR","@id":"https:\/\/www.bagnoitalia.com\/fr\/produit\/cabine-de-douche-8-mm-en-cristal-avec-portes-coulissantes-de-differentes-tailles-h195-box033.html#primaryimage","url":"https:\/\/img.bagnoitalia.com\/wp-content\/uploads\/virtuemart\/product\/box-doccia-con-doppia-porta-scorrevole_1624620141_319.jpg","contentUrl":"https:\/\/img.bagnoitalia.com\/wp-content\/uploads\/virtuemart\/product\/box-doccia-con-doppia-porta-scorrevole_1624620141_319.jpg","width":480,"height":480},{"@type":"BreadcrumbList","@id":"https:\/\/www.bagnoitalia.com\/fr\/produit\/cabine-de-douche-8-mm-en-cristal-avec-portes-coulissantes-de-differentes-tailles-h195-box033.html#breadcrumb","itemListElement":[{"@type":"ListItem","position":1,"name":"Home","item":"https:\/\/www.bagnoitalia.com\/fr"},{"@type":"ListItem","position":2,"name":"Produits","item":"https:\/\/www.bagnoitalia.com\/fr\/shop"},{"@type":"ListItem","position":3,"name":"Cabine de douche en verre 8 mm, portes coulissantes en plusieurs dimensions H195 BOX033"}]},{"@type":"WebSite","@id":"https:\/\/www.bagnoitalia.com\/fr#website","url":"https:\/\/www.bagnoitalia.com\/fr","name":"Bagno Italia","description":"","publisher":{"@id":"https:\/\/www.bagnoitalia.com\/fr#organization"},"potentialAction":[{"@type":"SearchAction","target":{"@type":"EntryPoint","urlTemplate":"https:\/\/www.bagnoitalia.com\/fr?s={search_term_string}"},"query-input":{"@type":"PropertyValueSpecification","valueRequired":true,"valueName":"search_term_string"}}],"inLanguage":"fr-FR"},{"@type":"Organization","@id":"https:\/\/www.bagnoitalia.com\/fr#organization","name":"Bagno Italia","url":"https:\/\/www.bagnoitalia.com\/fr","logo":{"@type":"ImageObject","inLanguage":"fr-FR","@id":"https:\/\/www.bagnoitalia.com\/fr#\/schema\/logo\/image\/","url":"https:\/\/img.bagnoitalia.com\/wp-content\/uploads\/logo-bagnoitalia.webp","contentUrl":"https:\/\/img.bagnoitalia.com\/wp-content\/uploads\/logo-bagnoitalia.webp","width":400,"height":70,"caption":"Bagno Italia"},"image":{"@id":"https:\/\/www.bagnoitalia.com\/fr#\/schema\/logo\/image\/"}}]}},"_links":{"self":[{"href":"https:\/\/www.bagnoitalia.com\/fr\/wp-json\/wp\/v2\/product\/79238","targetHints":{"allow":["GET"]}}],"collection":[{"href":"https:\/\/www.bagnoitalia.com\/fr\/wp-json\/wp\/v2\/product"}],"about":[{"href":"https:\/\/www.bagnoitalia.com\/fr\/wp-json\/wp\/v2\/types\/product"}],"replies":[{"embeddable":true,"href":"https:\/\/www.bagnoitalia.com\/fr\/wp-json\/wp\/v2\/comments?post=79238"}],"version-history":[{"count":1,"href":"https:\/\/www.bagnoitalia.com\/fr\/wp-json\/wp\/v2\/product\/79238\/revisions"}],"predecessor-version":[{"id":89147,"href":"https:\/\/www.bagnoitalia.com\/fr\/wp-json\/wp\/v2\/product\/79238\/revisions\/89147"}],"wp:featuredmedia":[{"embeddable":true,"href":"https:\/\/www.bagnoitalia.com\/fr\/wp-json\/wp\/v2\/media\/25834"}],"wp:attachment":[{"href":"https:\/\/www.bagnoitalia.com\/fr\/wp-json\/wp\/v2\/media?parent=79238"}],"wp:term":[{"taxonomy":"product_brand","embeddable":true,"href":"https:\/\/www.bagnoitalia.com\/fr\/wp-json\/wp\/v2\/product_brand?post=79238"},{"taxonomy":"product_cat","embeddable":true,"href":"https:\/\/www.bagnoitalia.com\/fr\/wp-json\/wp\/v2\/product_cat?post=79238"},{"taxonomy":"product_tag","embeddable":true,"href":"https:\/\/www.bagnoitalia.com\/fr\/wp-json\/wp\/v2\/product_tag?post=79238"}],"curies":[{"name":"wp","href":"https:\/\/api.w.org\/{rel}","templated":true}]}}