{"id":79218,"date":"2015-04-30T14:15:32","date_gmt":"2015-04-30T12:15:32","guid":{"rendered":"https:\/\/www.bagnoitalia.com\/product\/lavabo-mobile-en-cristal-live-pour-salle-de-bains-94-cm-a-bords-arrondis"},"modified":"2024-12-09T16:20:58","modified_gmt":"2024-12-09T15:20:58","slug":"lavabo-mobile-en-cristal-live-pour-salle-de-bains-94-cm-a-bords-arrondis","status":"publish","type":"product","link":"https:\/\/www.bagnoitalia.com\/fr\/produit\/lavabo-mobile-en-cristal-live-pour-salle-de-bains-94-cm-a-bords-arrondis.html","title":{"rendered":"Meuble de salle de bain Live 94 cm lavabo en verre \u00e0 bords arrondis"},"content":{"rendered":"<p><strong style=\"background-color: inherit; color: inherit;\">Le prix comprend:<\/strong><\/p>\n<p>1 Base de lavabo 94 x 48x50H cm<\/p>\n<p>1 lavabo en verre blanc 95&#215;48,5 cm (dimensions int\u00e9rieurs 68x32x13 profondeur)<\/p>\n<p>Vous pouvez commander le miroir en visitant la cat\u00e9gorie &lsquo; <a href=\"specchiere\">miroirs<\/a> &lsquo;<\/p>\n<p><strong>Mat\u00e9riaux<\/strong> :<\/p>\n<p>Structure en MDF<\/p>\n<p>Guides \u00e0 fermeture amortie<\/p>\n<p>Lavabo en verre sabl\u00e9 blanc<\/p>\n<p>Meuble de salle de bain modulaire \u00e0 deux tiroirs int\u00e9rieurs sans poign\u00e9es\u00a0(les tiroirs s&rsquo;ouvrent gr\u00e2ce aux encoches sur la partie sup\u00e8rieure)<\/p>\n<p>Couleurs disponibles : Rouge brillant ou Taupe mat (les autres couleurs ne sont plus en production)<\/p>\n","protected":false},"excerpt":{"rendered":"<p>Meuble de salle de bain 94 cm \u00e0 deux titoirs int\u00e9rieurs, avec lavabo en verre Disponible en blanc brillant, rouge rubis brillant, gris nature mat, taupe mat.<\/p>\n","protected":false},"featured_media":25666,"comment_status":"open","ping_status":"closed","template":"","meta":[],"product_brand":[5011],"product_cat":[9719],"product_tag":[],"class_list":{"0":"post-79218","1":"product","2":"type-product","3":"status-publish","4":"has-post-thumbnail","6":"product_brand-baden-haus","7":"product_cat-meubles-de-salle-de-bain-de-71-a-100-cm","9":"first","10":"instock","11":"sale","12":"taxable","13":"shipping-taxable","14":"purchasable","15":"product-type-simple"},"exclude_global_add_ons":false,"addons":[{"name":"Couleur","type":"multiple_choice","position":0,"required":true,"title_format":"heading","default":"","description_enable":false,"description":"","placeholder_enable":false,"placeholder":"","display":"select","restrictions_type":"any_text","adjust_price":false,"price":"","price_type":"flat_fee","restrictions":false,"min":"0","max":"0","options":[{"label":"Gris Talpa mat","price":"","price_type":"quantity_based","image":0,"visibility":true},{"label":"Rouge Rubis Brillant","price":"","price_type":"quantity_based","image":0,"visibility":true}],"id":1716911516},{"name":"miroir","type":"multiple_choice","position":1,"required":true,"title_format":"heading","default":"","description_enable":false,"description":"","placeholder_enable":false,"placeholder":"","display":"select","restrictions_type":"any_text","adjust_price":false,"price":"","price_type":"flat_fee","restrictions":false,"min":"0","max":"0","options":[{"label":"PAS de miroir","price":"","price_type":"quantity_based","image":0,"visibility":true},{"label":"Miroir 90x55cm avec applique chrom\u00e9e","price":"65","price_type":"quantity_based","image":0,"visibility":true},{"label":"Miroir 90x55cm avec applique noire","price":"65","price_type":"quantity_based","image":0,"visibility":true}],"id":1716911517},{"name":"colonne","type":"multiple_choice","position":2,"required":true,"title_format":"heading","default":"","description_enable":false,"description":"","placeholder_enable":false,"placeholder":"","display":"select","restrictions_type":"any_text","adjust_price":false,"price":"","price_type":"flat_fee","restrictions":false,"min":"0","max":"0","options":[{"label":"pas de colonne","price":"","price_type":"quantity_based","image":0,"visibility":true},{"label":"Colonne H130x43xP35 cm","price":"228","price_type":"quantity_based","image":0,"visibility":true},{"label":"Colonne H140x35xP20 cm","price":"189","price_type":"quantity_based","image":0,"visibility":true}],"id":1716911518}],"yoast_head":"<!-- This site is optimized with the Yoast SEO plugin v26.7 - https:\/\/yoast.com\/wordpress\/plugins\/seo\/ -->\n<title>Meuble de salle de bain Live 94 cm lavabo en verre \u00e0 bords arrondis<\/title>\n<meta name=\"description\" content=\"Mobilier d&#039;ameublement Liverpool: 94x48x50 cm avec lavabo en verre et 2 tiroirs \u00e0 fermeture lente, disponible en blanc brillant, rouge rubis brillant, gris mat, taupe mat, gris brillant.\" \/>\n<meta name=\"robots\" content=\"index, follow, max-snippet:-1, max-image-preview:large, max-video-preview:-1\" \/>\n<link rel=\"canonical\" href=\"https:\/\/www.bagnoitalia.com\/fr\/produit\/lavabo-mobile-en-cristal-live-pour-salle-de-bains-94-cm-a-bords-arrondis.html\" \/>\n<meta property=\"og:locale\" content=\"fr_FR\" \/>\n<meta property=\"og:type\" content=\"article\" \/>\n<meta property=\"og:title\" content=\"Meuble de salle de bain Live 94 cm lavabo en verre \u00e0 bords arrondis\" \/>\n<meta property=\"og:description\" content=\"Mobilier d&#039;ameublement Liverpool: 94x48x50 cm avec lavabo en verre et 2 tiroirs \u00e0 fermeture lente, disponible en blanc brillant, rouge rubis brillant, gris mat, taupe mat, gris brillant.\" \/>\n<meta property=\"og:url\" content=\"https:\/\/www.bagnoitalia.com\/fr\/produit\/lavabo-mobile-en-cristal-live-pour-salle-de-bains-94-cm-a-bords-arrondis.html\" \/>\n<meta property=\"og:site_name\" content=\"Bagno Italia\" \/>\n<meta property=\"article:modified_time\" content=\"2024-12-09T15:20:58+00:00\" \/>\n<meta property=\"og:image\" content=\"https:\/\/img.bagnoitalia.com\/wp-content\/uploads\/virtuemart\/product\/94cm-bathroom-vanity-Live-1_1542297799_915.jpg\" \/>\n\t<meta property=\"og:image:width\" content=\"640\" \/>\n\t<meta property=\"og:image:height\" content=\"640\" \/>\n\t<meta property=\"og:image:type\" content=\"image\/jpeg\" \/>\n<meta name=\"twitter:card\" content=\"summary_large_image\" \/>\n<meta name=\"twitter:label1\" content=\"Dur\u00e9e de lecture estim\u00e9e\" \/>\n\t<meta name=\"twitter:data1\" content=\"1 minute\" \/>\n<script type=\"application\/ld+json\" class=\"yoast-schema-graph\">{\"@context\":\"https:\/\/schema.org\",\"@graph\":[{\"@type\":\"WebPage\",\"@id\":\"https:\/\/www.bagnoitalia.com\/fr\/produit\/lavabo-mobile-en-cristal-live-pour-salle-de-bains-94-cm-a-bords-arrondis.html\",\"url\":\"https:\/\/www.bagnoitalia.com\/fr\/produit\/lavabo-mobile-en-cristal-live-pour-salle-de-bains-94-cm-a-bords-arrondis.html\",\"name\":\"Meuble de salle de bain Live 94 cm lavabo en verre \u00e0 bords arrondis\",\"isPartOf\":{\"@id\":\"https:\/\/www.bagnoitalia.com\/fr#website\"},\"primaryImageOfPage\":{\"@id\":\"https:\/\/www.bagnoitalia.com\/fr\/produit\/lavabo-mobile-en-cristal-live-pour-salle-de-bains-94-cm-a-bords-arrondis.html#primaryimage\"},\"image\":{\"@id\":\"https:\/\/www.bagnoitalia.com\/fr\/produit\/lavabo-mobile-en-cristal-live-pour-salle-de-bains-94-cm-a-bords-arrondis.html#primaryimage\"},\"thumbnailUrl\":\"https:\/\/img.bagnoitalia.com\/wp-content\/uploads\/virtuemart\/product\/94cm-bathroom-vanity-Live-1_1542297799_915.jpg\",\"datePublished\":\"2015-04-30T12:15:32+00:00\",\"dateModified\":\"2024-12-09T15:20:58+00:00\",\"description\":\"Mobilier d'ameublement Liverpool: 94x48x50 cm avec lavabo en verre et 2 tiroirs \u00e0 fermeture lente, disponible en blanc brillant, rouge rubis brillant, gris mat, taupe mat, gris brillant.\",\"breadcrumb\":{\"@id\":\"https:\/\/www.bagnoitalia.com\/fr\/produit\/lavabo-mobile-en-cristal-live-pour-salle-de-bains-94-cm-a-bords-arrondis.html#breadcrumb\"},\"inLanguage\":\"fr-FR\",\"potentialAction\":[{\"@type\":\"ReadAction\",\"target\":[\"https:\/\/www.bagnoitalia.com\/fr\/produit\/lavabo-mobile-en-cristal-live-pour-salle-de-bains-94-cm-a-bords-arrondis.html\"]}]},{\"@type\":\"ImageObject\",\"inLanguage\":\"fr-FR\",\"@id\":\"https:\/\/www.bagnoitalia.com\/fr\/produit\/lavabo-mobile-en-cristal-live-pour-salle-de-bains-94-cm-a-bords-arrondis.html#primaryimage\",\"url\":\"https:\/\/img.bagnoitalia.com\/wp-content\/uploads\/virtuemart\/product\/94cm-bathroom-vanity-Live-1_1542297799_915.jpg\",\"contentUrl\":\"https:\/\/img.bagnoitalia.com\/wp-content\/uploads\/virtuemart\/product\/94cm-bathroom-vanity-Live-1_1542297799_915.jpg\",\"width\":640,\"height\":640},{\"@type\":\"BreadcrumbList\",\"@id\":\"https:\/\/www.bagnoitalia.com\/fr\/produit\/lavabo-mobile-en-cristal-live-pour-salle-de-bains-94-cm-a-bords-arrondis.html#breadcrumb\",\"itemListElement\":[{\"@type\":\"ListItem\",\"position\":1,\"name\":\"Home\",\"item\":\"https:\/\/www.bagnoitalia.com\/fr\"},{\"@type\":\"ListItem\",\"position\":2,\"name\":\"Produits\",\"item\":\"https:\/\/www.bagnoitalia.com\/fr\/shop\"},{\"@type\":\"ListItem\",\"position\":3,\"name\":\"Meuble de salle de bain Live 94 cm lavabo en verre \u00e0 bords arrondis\"}]},{\"@type\":\"WebSite\",\"@id\":\"https:\/\/www.bagnoitalia.com\/fr#website\",\"url\":\"https:\/\/www.bagnoitalia.com\/fr\",\"name\":\"Bagno Italia\",\"description\":\"\",\"publisher\":{\"@id\":\"https:\/\/www.bagnoitalia.com\/fr#organization\"},\"potentialAction\":[{\"@type\":\"SearchAction\",\"target\":{\"@type\":\"EntryPoint\",\"urlTemplate\":\"https:\/\/www.bagnoitalia.com\/fr?s={search_term_string}\"},\"query-input\":{\"@type\":\"PropertyValueSpecification\",\"valueRequired\":true,\"valueName\":\"search_term_string\"}}],\"inLanguage\":\"fr-FR\"},{\"@type\":\"Organization\",\"@id\":\"https:\/\/www.bagnoitalia.com\/fr#organization\",\"name\":\"Bagno Italia\",\"url\":\"https:\/\/www.bagnoitalia.com\/fr\",\"logo\":{\"@type\":\"ImageObject\",\"inLanguage\":\"fr-FR\",\"@id\":\"https:\/\/www.bagnoitalia.com\/fr#\/schema\/logo\/image\/\",\"url\":\"https:\/\/img.bagnoitalia.com\/wp-content\/uploads\/logo-bagnoitalia.webp\",\"contentUrl\":\"https:\/\/img.bagnoitalia.com\/wp-content\/uploads\/logo-bagnoitalia.webp\",\"width\":400,\"height\":70,\"caption\":\"Bagno Italia\"},\"image\":{\"@id\":\"https:\/\/www.bagnoitalia.com\/fr#\/schema\/logo\/image\/\"}}]}<\/script>\n<!-- \/ Yoast SEO plugin. -->","yoast_head_json":{"title":"Meuble de salle de bain Live 94 cm lavabo en verre \u00e0 bords arrondis","description":"Mobilier d'ameublement Liverpool: 94x48x50 cm avec lavabo en verre et 2 tiroirs \u00e0 fermeture lente, disponible en blanc brillant, rouge rubis brillant, gris mat, taupe mat, gris brillant.","robots":{"index":"index","follow":"follow","max-snippet":"max-snippet:-1","max-image-preview":"max-image-preview:large","max-video-preview":"max-video-preview:-1"},"canonical":"https:\/\/www.bagnoitalia.com\/fr\/produit\/lavabo-mobile-en-cristal-live-pour-salle-de-bains-94-cm-a-bords-arrondis.html","og_locale":"fr_FR","og_type":"article","og_title":"Meuble de salle de bain Live 94 cm lavabo en verre \u00e0 bords arrondis","og_description":"Mobilier d'ameublement Liverpool: 94x48x50 cm avec lavabo en verre et 2 tiroirs \u00e0 fermeture lente, disponible en blanc brillant, rouge rubis brillant, gris mat, taupe mat, gris brillant.","og_url":"https:\/\/www.bagnoitalia.com\/fr\/produit\/lavabo-mobile-en-cristal-live-pour-salle-de-bains-94-cm-a-bords-arrondis.html","og_site_name":"Bagno Italia","article_modified_time":"2024-12-09T15:20:58+00:00","og_image":[{"width":640,"height":640,"url":"https:\/\/img.bagnoitalia.com\/wp-content\/uploads\/virtuemart\/product\/94cm-bathroom-vanity-Live-1_1542297799_915.jpg","type":"image\/jpeg"}],"twitter_card":"summary_large_image","twitter_misc":{"Dur\u00e9e de lecture estim\u00e9e":"1 minute"},"schema":{"@context":"https:\/\/schema.org","@graph":[{"@type":"WebPage","@id":"https:\/\/www.bagnoitalia.com\/fr\/produit\/lavabo-mobile-en-cristal-live-pour-salle-de-bains-94-cm-a-bords-arrondis.html","url":"https:\/\/www.bagnoitalia.com\/fr\/produit\/lavabo-mobile-en-cristal-live-pour-salle-de-bains-94-cm-a-bords-arrondis.html","name":"Meuble de salle de bain Live 94 cm lavabo en verre \u00e0 bords arrondis","isPartOf":{"@id":"https:\/\/www.bagnoitalia.com\/fr#website"},"primaryImageOfPage":{"@id":"https:\/\/www.bagnoitalia.com\/fr\/produit\/lavabo-mobile-en-cristal-live-pour-salle-de-bains-94-cm-a-bords-arrondis.html#primaryimage"},"image":{"@id":"https:\/\/www.bagnoitalia.com\/fr\/produit\/lavabo-mobile-en-cristal-live-pour-salle-de-bains-94-cm-a-bords-arrondis.html#primaryimage"},"thumbnailUrl":"https:\/\/img.bagnoitalia.com\/wp-content\/uploads\/virtuemart\/product\/94cm-bathroom-vanity-Live-1_1542297799_915.jpg","datePublished":"2015-04-30T12:15:32+00:00","dateModified":"2024-12-09T15:20:58+00:00","description":"Mobilier d'ameublement Liverpool: 94x48x50 cm avec lavabo en verre et 2 tiroirs \u00e0 fermeture lente, disponible en blanc brillant, rouge rubis brillant, gris mat, taupe mat, gris brillant.","breadcrumb":{"@id":"https:\/\/www.bagnoitalia.com\/fr\/produit\/lavabo-mobile-en-cristal-live-pour-salle-de-bains-94-cm-a-bords-arrondis.html#breadcrumb"},"inLanguage":"fr-FR","potentialAction":[{"@type":"ReadAction","target":["https:\/\/www.bagnoitalia.com\/fr\/produit\/lavabo-mobile-en-cristal-live-pour-salle-de-bains-94-cm-a-bords-arrondis.html"]}]},{"@type":"ImageObject","inLanguage":"fr-FR","@id":"https:\/\/www.bagnoitalia.com\/fr\/produit\/lavabo-mobile-en-cristal-live-pour-salle-de-bains-94-cm-a-bords-arrondis.html#primaryimage","url":"https:\/\/img.bagnoitalia.com\/wp-content\/uploads\/virtuemart\/product\/94cm-bathroom-vanity-Live-1_1542297799_915.jpg","contentUrl":"https:\/\/img.bagnoitalia.com\/wp-content\/uploads\/virtuemart\/product\/94cm-bathroom-vanity-Live-1_1542297799_915.jpg","width":640,"height":640},{"@type":"BreadcrumbList","@id":"https:\/\/www.bagnoitalia.com\/fr\/produit\/lavabo-mobile-en-cristal-live-pour-salle-de-bains-94-cm-a-bords-arrondis.html#breadcrumb","itemListElement":[{"@type":"ListItem","position":1,"name":"Home","item":"https:\/\/www.bagnoitalia.com\/fr"},{"@type":"ListItem","position":2,"name":"Produits","item":"https:\/\/www.bagnoitalia.com\/fr\/shop"},{"@type":"ListItem","position":3,"name":"Meuble de salle de bain Live 94 cm lavabo en verre \u00e0 bords arrondis"}]},{"@type":"WebSite","@id":"https:\/\/www.bagnoitalia.com\/fr#website","url":"https:\/\/www.bagnoitalia.com\/fr","name":"Bagno Italia","description":"","publisher":{"@id":"https:\/\/www.bagnoitalia.com\/fr#organization"},"potentialAction":[{"@type":"SearchAction","target":{"@type":"EntryPoint","urlTemplate":"https:\/\/www.bagnoitalia.com\/fr?s={search_term_string}"},"query-input":{"@type":"PropertyValueSpecification","valueRequired":true,"valueName":"search_term_string"}}],"inLanguage":"fr-FR"},{"@type":"Organization","@id":"https:\/\/www.bagnoitalia.com\/fr#organization","name":"Bagno Italia","url":"https:\/\/www.bagnoitalia.com\/fr","logo":{"@type":"ImageObject","inLanguage":"fr-FR","@id":"https:\/\/www.bagnoitalia.com\/fr#\/schema\/logo\/image\/","url":"https:\/\/img.bagnoitalia.com\/wp-content\/uploads\/logo-bagnoitalia.webp","contentUrl":"https:\/\/img.bagnoitalia.com\/wp-content\/uploads\/logo-bagnoitalia.webp","width":400,"height":70,"caption":"Bagno Italia"},"image":{"@id":"https:\/\/www.bagnoitalia.com\/fr#\/schema\/logo\/image\/"}}]}},"_links":{"self":[{"href":"https:\/\/www.bagnoitalia.com\/fr\/wp-json\/wp\/v2\/product\/79218","targetHints":{"allow":["GET"]}}],"collection":[{"href":"https:\/\/www.bagnoitalia.com\/fr\/wp-json\/wp\/v2\/product"}],"about":[{"href":"https:\/\/www.bagnoitalia.com\/fr\/wp-json\/wp\/v2\/types\/product"}],"replies":[{"embeddable":true,"href":"https:\/\/www.bagnoitalia.com\/fr\/wp-json\/wp\/v2\/comments?post=79218"}],"version-history":[{"count":2,"href":"https:\/\/www.bagnoitalia.com\/fr\/wp-json\/wp\/v2\/product\/79218\/revisions"}],"predecessor-version":[{"id":98688,"href":"https:\/\/www.bagnoitalia.com\/fr\/wp-json\/wp\/v2\/product\/79218\/revisions\/98688"}],"wp:featuredmedia":[{"embeddable":true,"href":"https:\/\/www.bagnoitalia.com\/fr\/wp-json\/wp\/v2\/media\/25666"}],"wp:attachment":[{"href":"https:\/\/www.bagnoitalia.com\/fr\/wp-json\/wp\/v2\/media?parent=79218"}],"wp:term":[{"taxonomy":"product_brand","embeddable":true,"href":"https:\/\/www.bagnoitalia.com\/fr\/wp-json\/wp\/v2\/product_brand?post=79218"},{"taxonomy":"product_cat","embeddable":true,"href":"https:\/\/www.bagnoitalia.com\/fr\/wp-json\/wp\/v2\/product_cat?post=79218"},{"taxonomy":"product_tag","embeddable":true,"href":"https:\/\/www.bagnoitalia.com\/fr\/wp-json\/wp\/v2\/product_tag?post=79218"}],"curies":[{"name":"wp","href":"https:\/\/api.w.org\/{rel}","templated":true}]}}