{"id":79174,"date":"2015-04-02T13:17:54","date_gmt":"2015-04-02T11:17:54","guid":{"rendered":"https:\/\/www.bagnoitalia.com\/product\/minipool-380x230x93-a-79-jets-7-places-dont-2-longues-avec-ozonateur-et-mini-chauffe-piscine"},"modified":"2025-06-18T01:27:08","modified_gmt":"2025-06-17T23:27:08","slug":"minipool-380x230x93-a-79-jets-7-places-dont-2-longues-avec-ozonateur-et-mini-chauffe-piscine","status":"publish","type":"product","link":"https:\/\/www.bagnoitalia.com\/fr\/produit\/minipool-380x230x93-a-79-jets-7-places-dont-2-longues-avec-ozonateur-et-mini-chauffe-piscine.html","title":{"rendered":"Mini piscine 380x230x93 avec 79 jets 7 places dont 2 longues avec chauffage mini piscine MP06"},"content":{"rendered":"<p>Un spa de 7 places (et 2 places de repos) qui offre tout ce que l&rsquo;on peut souhaiter et bien plus encore !<\/p>\n<p>Esth\u00e9tiquement personnalisable (il est disponible en blanc, bleu et gris pour l&rsquo;int\u00e9rieur et en gris et marron pour l&rsquo;ext\u00e9rieur), il est \u00e9galement \u00e9quip\u00e9 d&rsquo;un panneau de commande Balboa et d&rsquo;une couverture isotherme offerte.<\/p>\n<p>La piscine mesure 3,8&#215;2,3&#215;0,93 m, et semble solide et r\u00e9sistante : fabriqu\u00e9e en mat\u00e9riau acrylique (r\u00e9sine de verre renforc\u00e9e), elle est rev\u00eatue \u00e0 l&rsquo;ext\u00e9rieur de PVC effet bois pour un meilleur aspect. Il est \u00e9quip\u00e9 de 4 pompes (2 \u00e0 eau, 1 \u00e0 air et 1 de recirculation) qui alimentent pas moins de 79 jets, pour un hydromassage complet, enveloppant et total.<\/p>\n<p>Parmi les diff\u00e9rentes options, on trouve un r\u00e9chauffeur qui maintient la temp\u00e9rature de l&rsquo;eau, un d\u00e9sinfectant UV, un syst\u00e8me de filtrage et une lumi\u00e8re LED sous-marine. Si vous recherchez l&rsquo;exp\u00e9rience ultime de l&rsquo;hydromassage, cette mini-piscine est faite pour vous !<\/p>\n<p>&nbsp;<\/p>\n<p>Mini-piscine rectangulaire 7 places assises, y compris deux salons (sur commande) d\u00e9lai de production 2 mois<\/p>\n<p>Choix de la couleur int\u00e9rieure : blanc ; bleu, gris ;<\/p>\n<p>choix de la couleur ext\u00e9rieure : gris, marron.<\/p>\n<p>&nbsp;<\/p>\n<p>Panneau de commande Balboa<\/p>\n<p>&nbsp;<\/p>\n<p>Couverture isotherme gratuite<\/p>\n<p>&nbsp;<\/p>\n<p>MESURES 3800 x 2300 x 930 mm<br \/>\nMATERIEL ACRYLIQUE (r\u00e9sine de verre renforc\u00e9e)<br \/>\nREV\u00caTEMENT EXTERNE PVC EFFET BOIS<br \/>\nPRESSIONS \u00c9LECTRIQUES 220V\/50HZ<br \/>\nPOMPES D&rsquo;HYDROMASSAGE (3cv) 2<br \/>\nPOMPES D&rsquo;AIR (1hp) 1<br \/>\nPOMPES DE RECYCLAGE (0. 35cv) 1 CHAUFFEUR max 40\u00b0 (3kw) 1 (Balboa) assainisseur UV 1 SYSTEME DE FILTRATION 2 FILTRES BALBOA GS510DZ BO\u00ceTIER DE COMMANDE INFORMATIQUE LED 35hp) 1<br \/>\nCHAUFFEUR max 40\u00b0 (3kw) 1 (BALBOA)<br \/>\nd\u00e9sinfectant UV 1<br \/>\nSYST\u00c8ME DE FILTRATION 2 FILTRES<br \/>\nBALBOA GS510DZ COMPUTERISED CONTROL BOX<br \/>\nLED LIGHTER UNDERGROUND CHROMOTHERAPY 1<br \/>\nJET 7<br \/>\nJETS HYDROMASSAGE 67<br \/>\nJETS D&rsquo;AIR 12<br \/>\nCOULEUR INTERIEURE BLANC\/BLEU\/VERT<br \/>\nBASE ACRYLIQUE SI<br \/>\nSIEGES 5<br \/>\nLOUNGE 2 + 1 LOUNGE PRENDISOLE<br \/>\nPOGGIATESTA 4<br \/>\nCOUVERTURE ISOTHERMALE 1<br \/>\nPOIDS A VIDE 680kg<br \/>\nVOLUME D&rsquo;EAU 3. 0 m3<br \/>\nCERTIFICATIONS CE<\/p>\n","protected":false},"excerpt":{"rendered":"<p>Mini-piscine 380x230x93 avec 7 si\u00e8ges, avec \u00e9clairage LED et chauffage<\/p>\n","protected":false},"featured_media":25286,"comment_status":"open","ping_status":"closed","template":"","meta":[],"product_brand":[9909],"product_cat":[10069],"product_tag":[],"class_list":{"0":"post-79174","1":"product","2":"type-product","3":"status-publish","4":"has-post-thumbnail","6":"product_brand-puntorelax-fr","7":"product_cat-piscines-exterieures-a-hydromassage","9":"first","10":"instock","11":"sale","12":"taxable","13":"shipping-taxable","14":"purchasable","15":"product-type-simple"},"exclude_global_add_ons":false,"addons":[{"name":"Accessoires","type":"multiple_choice","position":0,"required":true,"title_format":"heading","default":"","description_enable":false,"description":"","placeholder_enable":false,"placeholder":"","display":"select","restrictions_type":"any_text","adjust_price":false,"price":"","price_type":"flat_fee","restrictions":false,"min":"0","max":"0","options":[{"label":"sans \u00e9chelle","price":"","price_type":"quantity_based","image":0,"visibility":true},{"label":"avec \u00e9chelle","price":"229","price_type":"quantity_based","image":0,"visibility":true}],"id":1749830163}],"yoast_head":"<!-- This site is optimized with the Yoast SEO plugin v26.7 - https:\/\/yoast.com\/wordpress\/plugins\/seo\/ -->\n<title>Mini piscine Spa 380x230x93 \u00e0 79 jets 7 si\u00e8ges dont 2 chaises longues avec ozonateur et mini chauffe-piscine<\/title>\n<meta name=\"description\" content=\"Mini piscine en acrylique avec 79 jets au total, 2 pompes d\u2019hydromassage, 1 avec air, chauffage, ozone, chromoth\u00e9rapie, pour 7 personnes 380x230x93\" \/>\n<meta name=\"robots\" content=\"index, follow, max-snippet:-1, max-image-preview:large, max-video-preview:-1\" \/>\n<link rel=\"canonical\" href=\"https:\/\/www.bagnoitalia.com\/fr\/produit\/minipool-380x230x93-a-79-jets-7-places-dont-2-longues-avec-ozonateur-et-mini-chauffe-piscine.html\" \/>\n<meta property=\"og:locale\" content=\"fr_FR\" \/>\n<meta property=\"og:type\" content=\"article\" \/>\n<meta property=\"og:title\" content=\"Mini piscine Spa 380x230x93 \u00e0 79 jets 7 si\u00e8ges dont 2 chaises longues avec ozonateur et mini chauffe-piscine\" \/>\n<meta property=\"og:description\" content=\"Mini piscine en acrylique avec 79 jets au total, 2 pompes d\u2019hydromassage, 1 avec air, chauffage, ozone, chromoth\u00e9rapie, pour 7 personnes 380x230x93\" \/>\n<meta property=\"og:url\" content=\"https:\/\/www.bagnoitalia.com\/fr\/produit\/minipool-380x230x93-a-79-jets-7-places-dont-2-longues-avec-ozonateur-et-mini-chauffe-piscine.html\" \/>\n<meta property=\"og:site_name\" content=\"Bagno Italia\" \/>\n<meta property=\"article:modified_time\" content=\"2025-06-17T23:27:08+00:00\" \/>\n<meta property=\"og:image\" content=\"https:\/\/img.bagnoitalia.com\/wp-content\/uploads\/virtuemart\/product\/7-person-2-chaise-longue-Hot-tub-380x230x93-with-79-jets-ozonator-and-heater_1542365201_980.jpg\" \/>\n\t<meta property=\"og:image:width\" content=\"640\" \/>\n\t<meta property=\"og:image:height\" content=\"640\" \/>\n\t<meta property=\"og:image:type\" content=\"image\/jpeg\" \/>\n<meta name=\"twitter:card\" content=\"summary_large_image\" \/>\n<meta name=\"twitter:label1\" content=\"Dur\u00e9e de lecture estim\u00e9e\" \/>\n\t<meta name=\"twitter:data1\" content=\"2 minutes\" \/>\n<script type=\"application\/ld+json\" class=\"yoast-schema-graph\">{\"@context\":\"https:\/\/schema.org\",\"@graph\":[{\"@type\":\"WebPage\",\"@id\":\"https:\/\/www.bagnoitalia.com\/fr\/produit\/minipool-380x230x93-a-79-jets-7-places-dont-2-longues-avec-ozonateur-et-mini-chauffe-piscine.html\",\"url\":\"https:\/\/www.bagnoitalia.com\/fr\/produit\/minipool-380x230x93-a-79-jets-7-places-dont-2-longues-avec-ozonateur-et-mini-chauffe-piscine.html\",\"name\":\"Mini piscine Spa 380x230x93 \u00e0 79 jets 7 si\u00e8ges dont 2 chaises longues avec ozonateur et mini chauffe-piscine\",\"isPartOf\":{\"@id\":\"https:\/\/www.bagnoitalia.com\/fr#website\"},\"primaryImageOfPage\":{\"@id\":\"https:\/\/www.bagnoitalia.com\/fr\/produit\/minipool-380x230x93-a-79-jets-7-places-dont-2-longues-avec-ozonateur-et-mini-chauffe-piscine.html#primaryimage\"},\"image\":{\"@id\":\"https:\/\/www.bagnoitalia.com\/fr\/produit\/minipool-380x230x93-a-79-jets-7-places-dont-2-longues-avec-ozonateur-et-mini-chauffe-piscine.html#primaryimage\"},\"thumbnailUrl\":\"https:\/\/img.bagnoitalia.com\/wp-content\/uploads\/virtuemart\/product\/7-person-2-chaise-longue-Hot-tub-380x230x93-with-79-jets-ozonator-and-heater_1542365201_980.jpg\",\"datePublished\":\"2015-04-02T11:17:54+00:00\",\"dateModified\":\"2025-06-17T23:27:08+00:00\",\"description\":\"Mini piscine en acrylique avec 79 jets au total, 2 pompes d\u2019hydromassage, 1 avec air, chauffage, ozone, chromoth\u00e9rapie, pour 7 personnes 380x230x93\",\"breadcrumb\":{\"@id\":\"https:\/\/www.bagnoitalia.com\/fr\/produit\/minipool-380x230x93-a-79-jets-7-places-dont-2-longues-avec-ozonateur-et-mini-chauffe-piscine.html#breadcrumb\"},\"inLanguage\":\"fr-FR\",\"potentialAction\":[{\"@type\":\"ReadAction\",\"target\":[\"https:\/\/www.bagnoitalia.com\/fr\/produit\/minipool-380x230x93-a-79-jets-7-places-dont-2-longues-avec-ozonateur-et-mini-chauffe-piscine.html\"]}]},{\"@type\":\"ImageObject\",\"inLanguage\":\"fr-FR\",\"@id\":\"https:\/\/www.bagnoitalia.com\/fr\/produit\/minipool-380x230x93-a-79-jets-7-places-dont-2-longues-avec-ozonateur-et-mini-chauffe-piscine.html#primaryimage\",\"url\":\"https:\/\/img.bagnoitalia.com\/wp-content\/uploads\/virtuemart\/product\/7-person-2-chaise-longue-Hot-tub-380x230x93-with-79-jets-ozonator-and-heater_1542365201_980.jpg\",\"contentUrl\":\"https:\/\/img.bagnoitalia.com\/wp-content\/uploads\/virtuemart\/product\/7-person-2-chaise-longue-Hot-tub-380x230x93-with-79-jets-ozonator-and-heater_1542365201_980.jpg\",\"width\":640,\"height\":640},{\"@type\":\"BreadcrumbList\",\"@id\":\"https:\/\/www.bagnoitalia.com\/fr\/produit\/minipool-380x230x93-a-79-jets-7-places-dont-2-longues-avec-ozonateur-et-mini-chauffe-piscine.html#breadcrumb\",\"itemListElement\":[{\"@type\":\"ListItem\",\"position\":1,\"name\":\"Home\",\"item\":\"https:\/\/www.bagnoitalia.com\/fr\"},{\"@type\":\"ListItem\",\"position\":2,\"name\":\"Produits\",\"item\":\"https:\/\/www.bagnoitalia.com\/fr\/shop\"},{\"@type\":\"ListItem\",\"position\":3,\"name\":\"Mini piscine 380x230x93 avec 79 jets 7 places dont 2 longues avec chauffage mini piscine MP06\"}]},{\"@type\":\"WebSite\",\"@id\":\"https:\/\/www.bagnoitalia.com\/fr#website\",\"url\":\"https:\/\/www.bagnoitalia.com\/fr\",\"name\":\"Bagno Italia\",\"description\":\"\",\"publisher\":{\"@id\":\"https:\/\/www.bagnoitalia.com\/fr#organization\"},\"potentialAction\":[{\"@type\":\"SearchAction\",\"target\":{\"@type\":\"EntryPoint\",\"urlTemplate\":\"https:\/\/www.bagnoitalia.com\/fr?s={search_term_string}\"},\"query-input\":{\"@type\":\"PropertyValueSpecification\",\"valueRequired\":true,\"valueName\":\"search_term_string\"}}],\"inLanguage\":\"fr-FR\"},{\"@type\":\"Organization\",\"@id\":\"https:\/\/www.bagnoitalia.com\/fr#organization\",\"name\":\"Bagno Italia\",\"url\":\"https:\/\/www.bagnoitalia.com\/fr\",\"logo\":{\"@type\":\"ImageObject\",\"inLanguage\":\"fr-FR\",\"@id\":\"https:\/\/www.bagnoitalia.com\/fr#\/schema\/logo\/image\/\",\"url\":\"https:\/\/img.bagnoitalia.com\/wp-content\/uploads\/logo-bagnoitalia.webp\",\"contentUrl\":\"https:\/\/img.bagnoitalia.com\/wp-content\/uploads\/logo-bagnoitalia.webp\",\"width\":400,\"height\":70,\"caption\":\"Bagno Italia\"},\"image\":{\"@id\":\"https:\/\/www.bagnoitalia.com\/fr#\/schema\/logo\/image\/\"}}]}<\/script>\n<!-- \/ Yoast SEO plugin. -->","yoast_head_json":{"title":"Mini piscine Spa 380x230x93 \u00e0 79 jets 7 si\u00e8ges dont 2 chaises longues avec ozonateur et mini chauffe-piscine","description":"Mini piscine en acrylique avec 79 jets au total, 2 pompes d\u2019hydromassage, 1 avec air, chauffage, ozone, chromoth\u00e9rapie, pour 7 personnes 380x230x93","robots":{"index":"index","follow":"follow","max-snippet":"max-snippet:-1","max-image-preview":"max-image-preview:large","max-video-preview":"max-video-preview:-1"},"canonical":"https:\/\/www.bagnoitalia.com\/fr\/produit\/minipool-380x230x93-a-79-jets-7-places-dont-2-longues-avec-ozonateur-et-mini-chauffe-piscine.html","og_locale":"fr_FR","og_type":"article","og_title":"Mini piscine Spa 380x230x93 \u00e0 79 jets 7 si\u00e8ges dont 2 chaises longues avec ozonateur et mini chauffe-piscine","og_description":"Mini piscine en acrylique avec 79 jets au total, 2 pompes d\u2019hydromassage, 1 avec air, chauffage, ozone, chromoth\u00e9rapie, pour 7 personnes 380x230x93","og_url":"https:\/\/www.bagnoitalia.com\/fr\/produit\/minipool-380x230x93-a-79-jets-7-places-dont-2-longues-avec-ozonateur-et-mini-chauffe-piscine.html","og_site_name":"Bagno Italia","article_modified_time":"2025-06-17T23:27:08+00:00","og_image":[{"width":640,"height":640,"url":"https:\/\/img.bagnoitalia.com\/wp-content\/uploads\/virtuemart\/product\/7-person-2-chaise-longue-Hot-tub-380x230x93-with-79-jets-ozonator-and-heater_1542365201_980.jpg","type":"image\/jpeg"}],"twitter_card":"summary_large_image","twitter_misc":{"Dur\u00e9e de lecture estim\u00e9e":"2 minutes"},"schema":{"@context":"https:\/\/schema.org","@graph":[{"@type":"WebPage","@id":"https:\/\/www.bagnoitalia.com\/fr\/produit\/minipool-380x230x93-a-79-jets-7-places-dont-2-longues-avec-ozonateur-et-mini-chauffe-piscine.html","url":"https:\/\/www.bagnoitalia.com\/fr\/produit\/minipool-380x230x93-a-79-jets-7-places-dont-2-longues-avec-ozonateur-et-mini-chauffe-piscine.html","name":"Mini piscine Spa 380x230x93 \u00e0 79 jets 7 si\u00e8ges dont 2 chaises longues avec ozonateur et mini chauffe-piscine","isPartOf":{"@id":"https:\/\/www.bagnoitalia.com\/fr#website"},"primaryImageOfPage":{"@id":"https:\/\/www.bagnoitalia.com\/fr\/produit\/minipool-380x230x93-a-79-jets-7-places-dont-2-longues-avec-ozonateur-et-mini-chauffe-piscine.html#primaryimage"},"image":{"@id":"https:\/\/www.bagnoitalia.com\/fr\/produit\/minipool-380x230x93-a-79-jets-7-places-dont-2-longues-avec-ozonateur-et-mini-chauffe-piscine.html#primaryimage"},"thumbnailUrl":"https:\/\/img.bagnoitalia.com\/wp-content\/uploads\/virtuemart\/product\/7-person-2-chaise-longue-Hot-tub-380x230x93-with-79-jets-ozonator-and-heater_1542365201_980.jpg","datePublished":"2015-04-02T11:17:54+00:00","dateModified":"2025-06-17T23:27:08+00:00","description":"Mini piscine en acrylique avec 79 jets au total, 2 pompes d\u2019hydromassage, 1 avec air, chauffage, ozone, chromoth\u00e9rapie, pour 7 personnes 380x230x93","breadcrumb":{"@id":"https:\/\/www.bagnoitalia.com\/fr\/produit\/minipool-380x230x93-a-79-jets-7-places-dont-2-longues-avec-ozonateur-et-mini-chauffe-piscine.html#breadcrumb"},"inLanguage":"fr-FR","potentialAction":[{"@type":"ReadAction","target":["https:\/\/www.bagnoitalia.com\/fr\/produit\/minipool-380x230x93-a-79-jets-7-places-dont-2-longues-avec-ozonateur-et-mini-chauffe-piscine.html"]}]},{"@type":"ImageObject","inLanguage":"fr-FR","@id":"https:\/\/www.bagnoitalia.com\/fr\/produit\/minipool-380x230x93-a-79-jets-7-places-dont-2-longues-avec-ozonateur-et-mini-chauffe-piscine.html#primaryimage","url":"https:\/\/img.bagnoitalia.com\/wp-content\/uploads\/virtuemart\/product\/7-person-2-chaise-longue-Hot-tub-380x230x93-with-79-jets-ozonator-and-heater_1542365201_980.jpg","contentUrl":"https:\/\/img.bagnoitalia.com\/wp-content\/uploads\/virtuemart\/product\/7-person-2-chaise-longue-Hot-tub-380x230x93-with-79-jets-ozonator-and-heater_1542365201_980.jpg","width":640,"height":640},{"@type":"BreadcrumbList","@id":"https:\/\/www.bagnoitalia.com\/fr\/produit\/minipool-380x230x93-a-79-jets-7-places-dont-2-longues-avec-ozonateur-et-mini-chauffe-piscine.html#breadcrumb","itemListElement":[{"@type":"ListItem","position":1,"name":"Home","item":"https:\/\/www.bagnoitalia.com\/fr"},{"@type":"ListItem","position":2,"name":"Produits","item":"https:\/\/www.bagnoitalia.com\/fr\/shop"},{"@type":"ListItem","position":3,"name":"Mini piscine 380x230x93 avec 79 jets 7 places dont 2 longues avec chauffage mini piscine MP06"}]},{"@type":"WebSite","@id":"https:\/\/www.bagnoitalia.com\/fr#website","url":"https:\/\/www.bagnoitalia.com\/fr","name":"Bagno Italia","description":"","publisher":{"@id":"https:\/\/www.bagnoitalia.com\/fr#organization"},"potentialAction":[{"@type":"SearchAction","target":{"@type":"EntryPoint","urlTemplate":"https:\/\/www.bagnoitalia.com\/fr?s={search_term_string}"},"query-input":{"@type":"PropertyValueSpecification","valueRequired":true,"valueName":"search_term_string"}}],"inLanguage":"fr-FR"},{"@type":"Organization","@id":"https:\/\/www.bagnoitalia.com\/fr#organization","name":"Bagno Italia","url":"https:\/\/www.bagnoitalia.com\/fr","logo":{"@type":"ImageObject","inLanguage":"fr-FR","@id":"https:\/\/www.bagnoitalia.com\/fr#\/schema\/logo\/image\/","url":"https:\/\/img.bagnoitalia.com\/wp-content\/uploads\/logo-bagnoitalia.webp","contentUrl":"https:\/\/img.bagnoitalia.com\/wp-content\/uploads\/logo-bagnoitalia.webp","width":400,"height":70,"caption":"Bagno Italia"},"image":{"@id":"https:\/\/www.bagnoitalia.com\/fr#\/schema\/logo\/image\/"}}]}},"_links":{"self":[{"href":"https:\/\/www.bagnoitalia.com\/fr\/wp-json\/wp\/v2\/product\/79174","targetHints":{"allow":["GET"]}}],"collection":[{"href":"https:\/\/www.bagnoitalia.com\/fr\/wp-json\/wp\/v2\/product"}],"about":[{"href":"https:\/\/www.bagnoitalia.com\/fr\/wp-json\/wp\/v2\/types\/product"}],"replies":[{"embeddable":true,"href":"https:\/\/www.bagnoitalia.com\/fr\/wp-json\/wp\/v2\/comments?post=79174"}],"version-history":[{"count":4,"href":"https:\/\/www.bagnoitalia.com\/fr\/wp-json\/wp\/v2\/product\/79174\/revisions"}],"predecessor-version":[{"id":109045,"href":"https:\/\/www.bagnoitalia.com\/fr\/wp-json\/wp\/v2\/product\/79174\/revisions\/109045"}],"wp:featuredmedia":[{"embeddable":true,"href":"https:\/\/www.bagnoitalia.com\/fr\/wp-json\/wp\/v2\/media\/25286"}],"wp:attachment":[{"href":"https:\/\/www.bagnoitalia.com\/fr\/wp-json\/wp\/v2\/media?parent=79174"}],"wp:term":[{"taxonomy":"product_brand","embeddable":true,"href":"https:\/\/www.bagnoitalia.com\/fr\/wp-json\/wp\/v2\/product_brand?post=79174"},{"taxonomy":"product_cat","embeddable":true,"href":"https:\/\/www.bagnoitalia.com\/fr\/wp-json\/wp\/v2\/product_cat?post=79174"},{"taxonomy":"product_tag","embeddable":true,"href":"https:\/\/www.bagnoitalia.com\/fr\/wp-json\/wp\/v2\/product_tag?post=79174"}],"curies":[{"name":"wp","href":"https:\/\/api.w.org\/{rel}","templated":true}]}}