{"id":79158,"date":"2015-03-31T13:36:49","date_gmt":"2015-03-31T11:36:49","guid":{"rendered":"https:\/\/www.bagnoitalia.com\/product\/armoire-de-toilette-sirio-double-vasque-120-cm-blanche-ou-wenge-gris-en-ceramique"},"modified":"2024-05-16T16:52:39","modified_gmt":"2024-05-16T14:52:39","slug":"armoire-de-toilette-sirio-double-vasque-120-cm-blanche-ou-wenge-gris-en-ceramique","status":"publish","type":"product","link":"https:\/\/www.bagnoitalia.com\/fr\/produit\/armoire-de-toilette-sirio-double-vasque-120-cm-blanche-ou-wenge-gris-en-ceramique.html","title":{"rendered":"Armoire de toilette Sirio double vasque 120 cm blanche ou weng\u00e9 gris en c\u00e9ramique"},"content":{"rendered":"<p><img fetchpriority=\"high\" decoding=\"async\" class=\" size-full wp-image-8414\" src=\"https:\/\/img.bagnoitalia.com\/wp-content\/uploads\/1a.png\" alt=\"http:\/\/www.bagnoitalia.it\/https:\/\/img.bagnoitalia.com\/wp-content\/uploads\/1a.png\" width=\"676\" height=\"165\" srcset=\"https:\/\/img.bagnoitalia.com\/wp-content\/uploads\/1a.png 676w, https:\/\/img.bagnoitalia.com\/wp-content\/uploads\/1a-441x108.png 441w, https:\/\/img.bagnoitalia.com\/wp-content\/uploads\/1a-600x146.png 600w, https:\/\/img.bagnoitalia.com\/wp-content\/uploads\/1a-150x37.png 150w\" sizes=\"(max-width: 676px) 100vw, 676px\" \/><\/p>\n<\/p>\n<p> <span style=\"color: #ff0000;\"><strong>OFFRE: PRIX VALABLE JUSQU&#39;A LA FIN DU MOIS!<\/strong><\/span> <\/p>\n<\/p>\n<p> Le prix comprend <\/p>\n<\/p>\n<p> Base de lavabo n \u00b0 1 cm 120x46x81h <\/p>\n<p> 1 \u00e9vier en c\u00e9ramique 120 cm <\/p>\n<p> n \u00b0 1 miroir 90&#215;120 <\/p>\n<p> n \u00b0 1 applique demi-lune <\/p>\n<\/p>\n<p> <strong>une colonne prof 140x35x20 peut \u00e9galement \u00eatre ajout\u00e9e.<\/strong> (il est r\u00e9versible, vous n&#39;avez donc pas besoin de sp\u00e9cifier le sens d&#39;ouverture!) <\/p>\n<\/p>\n<p> <span style=\"text-decoration: underline;\">Le meuble en question est en kit<\/span> <\/p>\n<\/p>\n<p> <strong>mat\u00e9riels<\/strong> <\/p>\n<p> Structure en bois MDF <\/p>\n<p> Guides \u00e0 fermeture douce <\/p>\n<p> Poign\u00e9es chrom\u00e9es <\/p>\n<\/p>\n<p> <span style=\"text-decoration: underline;\">Le meuble en question ne peut \u00eatre vendu complet avec miroir<\/span> <\/p>\n","protected":false},"excerpt":{"rendered":"<p>Meuble double vasque blanc ou gris weng\u00e9 120 cm. OFFRE !! PRIX VALABLE JUSQU&#39;A LA FIN DU MOIS<\/p>\n","protected":false},"featured_media":25174,"comment_status":"open","ping_status":"closed","template":"","meta":[],"product_brand":[],"product_cat":[15],"product_tag":[],"class_list":{"0":"post-79158","1":"product","2":"type-product","3":"status-publish","4":"has-post-thumbnail","6":"product_cat-senza-categoria","8":"first","9":"outofstock","10":"taxable","11":"shipping-taxable","12":"purchasable","13":"product-type-simple"},"exclude_global_add_ons":false,"addons":[{"name":"CAMPI_COLORE_DEL_MOBILE\r\n","type":"select","position":0,"required":true,"title_format":"label","default":"","description_enable":false,"description":"","placeholder_enable":false,"placeholder":"","display":"select","restrictions_type":"any_text","adjust_price":false,"price":"","price_type":"","restrictions":false,"min":"0","max":"0","options":[]},{"name":"CAMPI_COLONNA\r\n","type":"select","position":0,"required":true,"title_format":"label","default":"","description_enable":false,"description":"","placeholder_enable":false,"placeholder":"","display":"select","restrictions_type":"any_text","adjust_price":false,"price":"","price_type":"","restrictions":false,"min":"0","max":"0","options":[]}],"yoast_head":"<!-- This site is optimized with the Yoast SEO plugin v26.7 - https:\/\/yoast.com\/wordpress\/plugins\/seo\/ -->\n<title>Armoire de toilette Sirio double vasque 120 cm avec 2 couleurs et lavabo en c\u00e9ramique<\/title>\n<meta name=\"description\" content=\"Armoire et \u00e9vier en c\u00e9ramique de 120 cm, ampoule semi-\u00e9lectrique, guides de fermeture en douceur, double couleur de votre choix\" \/>\n<meta name=\"robots\" content=\"index, follow, max-snippet:-1, max-image-preview:large, max-video-preview:-1\" \/>\n<link rel=\"canonical\" href=\"https:\/\/www.bagnoitalia.com\/fr\/produit\/armoire-de-toilette-sirio-double-vasque-120-cm-blanche-ou-wenge-gris-en-ceramique.html\" \/>\n<meta property=\"og:locale\" content=\"fr_FR\" \/>\n<meta property=\"og:type\" content=\"article\" \/>\n<meta property=\"og:title\" content=\"Armoire de toilette Sirio double vasque 120 cm avec 2 couleurs et lavabo en c\u00e9ramique\" \/>\n<meta property=\"og:description\" content=\"Armoire et \u00e9vier en c\u00e9ramique de 120 cm, ampoule semi-\u00e9lectrique, guides de fermeture en douceur, double couleur de votre choix\" \/>\n<meta property=\"og:url\" content=\"https:\/\/www.bagnoitalia.com\/fr\/produit\/armoire-de-toilette-sirio-double-vasque-120-cm-blanche-ou-wenge-gris-en-ceramique.html\" \/>\n<meta property=\"og:site_name\" content=\"Bagno Italia\" \/>\n<meta property=\"article:modified_time\" content=\"2024-05-16T14:52:39+00:00\" \/>\n<meta property=\"og:image\" content=\"https:\/\/img.bagnoitalia.com\/wp-content\/uploads\/virtuemart\/product\/prodotto-non-disponibile-098187.jpg\" \/>\n\t<meta property=\"og:image:width\" content=\"345\" \/>\n\t<meta property=\"og:image:height\" content=\"315\" \/>\n\t<meta property=\"og:image:type\" content=\"image\/jpeg\" \/>\n<meta name=\"twitter:card\" content=\"summary_large_image\" \/>\n<script type=\"application\/ld+json\" class=\"yoast-schema-graph\">{\"@context\":\"https:\/\/schema.org\",\"@graph\":[{\"@type\":\"WebPage\",\"@id\":\"https:\/\/www.bagnoitalia.com\/fr\/produit\/armoire-de-toilette-sirio-double-vasque-120-cm-blanche-ou-wenge-gris-en-ceramique.html\",\"url\":\"https:\/\/www.bagnoitalia.com\/fr\/produit\/armoire-de-toilette-sirio-double-vasque-120-cm-blanche-ou-wenge-gris-en-ceramique.html\",\"name\":\"Armoire de toilette Sirio double vasque 120 cm avec 2 couleurs et lavabo en c\u00e9ramique\",\"isPartOf\":{\"@id\":\"https:\/\/www.bagnoitalia.com\/fr#website\"},\"primaryImageOfPage\":{\"@id\":\"https:\/\/www.bagnoitalia.com\/fr\/produit\/armoire-de-toilette-sirio-double-vasque-120-cm-blanche-ou-wenge-gris-en-ceramique.html#primaryimage\"},\"image\":{\"@id\":\"https:\/\/www.bagnoitalia.com\/fr\/produit\/armoire-de-toilette-sirio-double-vasque-120-cm-blanche-ou-wenge-gris-en-ceramique.html#primaryimage\"},\"thumbnailUrl\":\"https:\/\/img.bagnoitalia.com\/wp-content\/uploads\/virtuemart\/product\/prodotto-non-disponibile-098187.jpg\",\"datePublished\":\"2015-03-31T11:36:49+00:00\",\"dateModified\":\"2024-05-16T14:52:39+00:00\",\"description\":\"Armoire et \u00e9vier en c\u00e9ramique de 120 cm, ampoule semi-\u00e9lectrique, guides de fermeture en douceur, double couleur de votre choix\",\"breadcrumb\":{\"@id\":\"https:\/\/www.bagnoitalia.com\/fr\/produit\/armoire-de-toilette-sirio-double-vasque-120-cm-blanche-ou-wenge-gris-en-ceramique.html#breadcrumb\"},\"inLanguage\":\"fr-FR\",\"potentialAction\":[{\"@type\":\"ReadAction\",\"target\":[\"https:\/\/www.bagnoitalia.com\/fr\/produit\/armoire-de-toilette-sirio-double-vasque-120-cm-blanche-ou-wenge-gris-en-ceramique.html\"]}]},{\"@type\":\"ImageObject\",\"inLanguage\":\"fr-FR\",\"@id\":\"https:\/\/www.bagnoitalia.com\/fr\/produit\/armoire-de-toilette-sirio-double-vasque-120-cm-blanche-ou-wenge-gris-en-ceramique.html#primaryimage\",\"url\":\"https:\/\/img.bagnoitalia.com\/wp-content\/uploads\/virtuemart\/product\/prodotto-non-disponibile-098187.jpg\",\"contentUrl\":\"https:\/\/img.bagnoitalia.com\/wp-content\/uploads\/virtuemart\/product\/prodotto-non-disponibile-098187.jpg\",\"width\":345,\"height\":315},{\"@type\":\"BreadcrumbList\",\"@id\":\"https:\/\/www.bagnoitalia.com\/fr\/produit\/armoire-de-toilette-sirio-double-vasque-120-cm-blanche-ou-wenge-gris-en-ceramique.html#breadcrumb\",\"itemListElement\":[{\"@type\":\"ListItem\",\"position\":1,\"name\":\"Home\",\"item\":\"https:\/\/www.bagnoitalia.com\/fr\"},{\"@type\":\"ListItem\",\"position\":2,\"name\":\"Produits\",\"item\":\"https:\/\/www.bagnoitalia.com\/fr\/shop\"},{\"@type\":\"ListItem\",\"position\":3,\"name\":\"Armoire de toilette Sirio double vasque 120 cm blanche ou weng\u00e9 gris en c\u00e9ramique\"}]},{\"@type\":\"WebSite\",\"@id\":\"https:\/\/www.bagnoitalia.com\/fr#website\",\"url\":\"https:\/\/www.bagnoitalia.com\/fr\",\"name\":\"Bagno Italia\",\"description\":\"\",\"publisher\":{\"@id\":\"https:\/\/www.bagnoitalia.com\/fr#organization\"},\"potentialAction\":[{\"@type\":\"SearchAction\",\"target\":{\"@type\":\"EntryPoint\",\"urlTemplate\":\"https:\/\/www.bagnoitalia.com\/fr?s={search_term_string}\"},\"query-input\":{\"@type\":\"PropertyValueSpecification\",\"valueRequired\":true,\"valueName\":\"search_term_string\"}}],\"inLanguage\":\"fr-FR\"},{\"@type\":\"Organization\",\"@id\":\"https:\/\/www.bagnoitalia.com\/fr#organization\",\"name\":\"Bagno Italia\",\"url\":\"https:\/\/www.bagnoitalia.com\/fr\",\"logo\":{\"@type\":\"ImageObject\",\"inLanguage\":\"fr-FR\",\"@id\":\"https:\/\/www.bagnoitalia.com\/fr#\/schema\/logo\/image\/\",\"url\":\"https:\/\/img.bagnoitalia.com\/wp-content\/uploads\/logo-bagnoitalia.webp\",\"contentUrl\":\"https:\/\/img.bagnoitalia.com\/wp-content\/uploads\/logo-bagnoitalia.webp\",\"width\":400,\"height\":70,\"caption\":\"Bagno Italia\"},\"image\":{\"@id\":\"https:\/\/www.bagnoitalia.com\/fr#\/schema\/logo\/image\/\"}}]}<\/script>\n<!-- \/ Yoast SEO plugin. -->","yoast_head_json":{"title":"Armoire de toilette Sirio double vasque 120 cm avec 2 couleurs et lavabo en c\u00e9ramique","description":"Armoire et \u00e9vier en c\u00e9ramique de 120 cm, ampoule semi-\u00e9lectrique, guides de fermeture en douceur, double couleur de votre choix","robots":{"index":"index","follow":"follow","max-snippet":"max-snippet:-1","max-image-preview":"max-image-preview:large","max-video-preview":"max-video-preview:-1"},"canonical":"https:\/\/www.bagnoitalia.com\/fr\/produit\/armoire-de-toilette-sirio-double-vasque-120-cm-blanche-ou-wenge-gris-en-ceramique.html","og_locale":"fr_FR","og_type":"article","og_title":"Armoire de toilette Sirio double vasque 120 cm avec 2 couleurs et lavabo en c\u00e9ramique","og_description":"Armoire et \u00e9vier en c\u00e9ramique de 120 cm, ampoule semi-\u00e9lectrique, guides de fermeture en douceur, double couleur de votre choix","og_url":"https:\/\/www.bagnoitalia.com\/fr\/produit\/armoire-de-toilette-sirio-double-vasque-120-cm-blanche-ou-wenge-gris-en-ceramique.html","og_site_name":"Bagno Italia","article_modified_time":"2024-05-16T14:52:39+00:00","og_image":[{"width":345,"height":315,"url":"https:\/\/img.bagnoitalia.com\/wp-content\/uploads\/virtuemart\/product\/prodotto-non-disponibile-098187.jpg","type":"image\/jpeg"}],"twitter_card":"summary_large_image","schema":{"@context":"https:\/\/schema.org","@graph":[{"@type":"WebPage","@id":"https:\/\/www.bagnoitalia.com\/fr\/produit\/armoire-de-toilette-sirio-double-vasque-120-cm-blanche-ou-wenge-gris-en-ceramique.html","url":"https:\/\/www.bagnoitalia.com\/fr\/produit\/armoire-de-toilette-sirio-double-vasque-120-cm-blanche-ou-wenge-gris-en-ceramique.html","name":"Armoire de toilette Sirio double vasque 120 cm avec 2 couleurs et lavabo en c\u00e9ramique","isPartOf":{"@id":"https:\/\/www.bagnoitalia.com\/fr#website"},"primaryImageOfPage":{"@id":"https:\/\/www.bagnoitalia.com\/fr\/produit\/armoire-de-toilette-sirio-double-vasque-120-cm-blanche-ou-wenge-gris-en-ceramique.html#primaryimage"},"image":{"@id":"https:\/\/www.bagnoitalia.com\/fr\/produit\/armoire-de-toilette-sirio-double-vasque-120-cm-blanche-ou-wenge-gris-en-ceramique.html#primaryimage"},"thumbnailUrl":"https:\/\/img.bagnoitalia.com\/wp-content\/uploads\/virtuemart\/product\/prodotto-non-disponibile-098187.jpg","datePublished":"2015-03-31T11:36:49+00:00","dateModified":"2024-05-16T14:52:39+00:00","description":"Armoire et \u00e9vier en c\u00e9ramique de 120 cm, ampoule semi-\u00e9lectrique, guides de fermeture en douceur, double couleur de votre choix","breadcrumb":{"@id":"https:\/\/www.bagnoitalia.com\/fr\/produit\/armoire-de-toilette-sirio-double-vasque-120-cm-blanche-ou-wenge-gris-en-ceramique.html#breadcrumb"},"inLanguage":"fr-FR","potentialAction":[{"@type":"ReadAction","target":["https:\/\/www.bagnoitalia.com\/fr\/produit\/armoire-de-toilette-sirio-double-vasque-120-cm-blanche-ou-wenge-gris-en-ceramique.html"]}]},{"@type":"ImageObject","inLanguage":"fr-FR","@id":"https:\/\/www.bagnoitalia.com\/fr\/produit\/armoire-de-toilette-sirio-double-vasque-120-cm-blanche-ou-wenge-gris-en-ceramique.html#primaryimage","url":"https:\/\/img.bagnoitalia.com\/wp-content\/uploads\/virtuemart\/product\/prodotto-non-disponibile-098187.jpg","contentUrl":"https:\/\/img.bagnoitalia.com\/wp-content\/uploads\/virtuemart\/product\/prodotto-non-disponibile-098187.jpg","width":345,"height":315},{"@type":"BreadcrumbList","@id":"https:\/\/www.bagnoitalia.com\/fr\/produit\/armoire-de-toilette-sirio-double-vasque-120-cm-blanche-ou-wenge-gris-en-ceramique.html#breadcrumb","itemListElement":[{"@type":"ListItem","position":1,"name":"Home","item":"https:\/\/www.bagnoitalia.com\/fr"},{"@type":"ListItem","position":2,"name":"Produits","item":"https:\/\/www.bagnoitalia.com\/fr\/shop"},{"@type":"ListItem","position":3,"name":"Armoire de toilette Sirio double vasque 120 cm blanche ou weng\u00e9 gris en c\u00e9ramique"}]},{"@type":"WebSite","@id":"https:\/\/www.bagnoitalia.com\/fr#website","url":"https:\/\/www.bagnoitalia.com\/fr","name":"Bagno Italia","description":"","publisher":{"@id":"https:\/\/www.bagnoitalia.com\/fr#organization"},"potentialAction":[{"@type":"SearchAction","target":{"@type":"EntryPoint","urlTemplate":"https:\/\/www.bagnoitalia.com\/fr?s={search_term_string}"},"query-input":{"@type":"PropertyValueSpecification","valueRequired":true,"valueName":"search_term_string"}}],"inLanguage":"fr-FR"},{"@type":"Organization","@id":"https:\/\/www.bagnoitalia.com\/fr#organization","name":"Bagno Italia","url":"https:\/\/www.bagnoitalia.com\/fr","logo":{"@type":"ImageObject","inLanguage":"fr-FR","@id":"https:\/\/www.bagnoitalia.com\/fr#\/schema\/logo\/image\/","url":"https:\/\/img.bagnoitalia.com\/wp-content\/uploads\/logo-bagnoitalia.webp","contentUrl":"https:\/\/img.bagnoitalia.com\/wp-content\/uploads\/logo-bagnoitalia.webp","width":400,"height":70,"caption":"Bagno Italia"},"image":{"@id":"https:\/\/www.bagnoitalia.com\/fr#\/schema\/logo\/image\/"}}]}},"_links":{"self":[{"href":"https:\/\/www.bagnoitalia.com\/fr\/wp-json\/wp\/v2\/product\/79158","targetHints":{"allow":["GET"]}}],"collection":[{"href":"https:\/\/www.bagnoitalia.com\/fr\/wp-json\/wp\/v2\/product"}],"about":[{"href":"https:\/\/www.bagnoitalia.com\/fr\/wp-json\/wp\/v2\/types\/product"}],"replies":[{"embeddable":true,"href":"https:\/\/www.bagnoitalia.com\/fr\/wp-json\/wp\/v2\/comments?post=79158"}],"version-history":[{"count":0,"href":"https:\/\/www.bagnoitalia.com\/fr\/wp-json\/wp\/v2\/product\/79158\/revisions"}],"wp:featuredmedia":[{"embeddable":true,"href":"https:\/\/www.bagnoitalia.com\/fr\/wp-json\/wp\/v2\/media\/25174"}],"wp:attachment":[{"href":"https:\/\/www.bagnoitalia.com\/fr\/wp-json\/wp\/v2\/media?parent=79158"}],"wp:term":[{"taxonomy":"product_brand","embeddable":true,"href":"https:\/\/www.bagnoitalia.com\/fr\/wp-json\/wp\/v2\/product_brand?post=79158"},{"taxonomy":"product_cat","embeddable":true,"href":"https:\/\/www.bagnoitalia.com\/fr\/wp-json\/wp\/v2\/product_cat?post=79158"},{"taxonomy":"product_tag","embeddable":true,"href":"https:\/\/www.bagnoitalia.com\/fr\/wp-json\/wp\/v2\/product_tag?post=79158"}],"curies":[{"name":"wp","href":"https:\/\/api.w.org\/{rel}","templated":true}]}}