{"id":79090,"date":"2015-01-27T13:55:33","date_gmt":"2015-01-27T12:55:33","guid":{"rendered":"https:\/\/www.bagnoitalia.com\/product\/table-melody-arte-povera-couleur-blanc-mat-extensible-avec-pieds-coulissants-egalement-disponible-avec-chaises"},"modified":"2024-06-07T15:33:09","modified_gmt":"2024-06-07T13:33:09","slug":"table-melody-arte-povera-couleur-blanc-mat-extensible-avec-pieds-coulissants-egalement-disponible-avec-chaises","status":"publish","type":"product","link":"https:\/\/www.bagnoitalia.com\/fr\/produit\/table-melody-arte-povera-couleur-blanc-mat-extensible-avec-pieds-coulissants-egalement-disponible-avec-chaises.html","title":{"rendered":"Table Arte povera Melody Couleur blanc mat Extensible avec pieds tourn\u00e9s, \u00e9galement disponible avec des chaises"},"content":{"rendered":"<p><span style=\"font-size: 10pt;\">Table Arte povera avec pieds tourn\u00e9s MELODY<\/span><\/p>\n<p><span style=\"font-size: 10pt;\"><strong>La<\/strong> table extensible <strong>Melody<\/strong> , est un produit garanti <strong>Made in Italie. Il est<\/strong> en <strong>bois de peuplier massif<\/strong> avec <strong>finition<\/strong> laqu\u00e9e <strong>blanc<\/strong> mat. La fabrication artisanale assure la plus grande attention aux d\u00e9tails et l&rsquo;excellente qualit\u00e9 des mat\u00e9riaux.<\/span><\/p>\n<p><span style=\"font-size: 10pt;\">Les deux pratiques rallonges de 40 cm vous permettront d\u2019accro\u00eetre rapidement votre espace.<\/span><\/p>\n<p><span style=\"font-size: 10pt;\">Blanc mat 140&#215;80 avec 2 rallonges.<\/span><\/p>\n<p><span style=\"font-size: 10pt;\">Blanc mat 160&#215;85 avec 2 rallonges.<\/span><\/p>\n<p><span style=\"font-size: 10pt;\">Hauteur de la table 77 cm<\/span><\/p>\n<p><span style=\"font-size: 10pt;\">Il est possible d&rsquo;ajouter de 1 \u00e0 4 chaises au choix dans le menu lat\u00e9ral.<\/span><\/p>\n<p>&nbsp;<\/p>\n<p>&nbsp;<\/p>\n<p>&nbsp;<\/p>\n<p>&nbsp;<\/p>\n<p><span style=\"font-size: 10pt;\">Code<strong> 1009\/1010 &#8211; Table<\/strong><\/span><\/p>\n<p><span style=\"font-size: 10pt;\">Code<strong> 1002 &#8211; Chaise<\/strong><\/span><\/p>\n","protected":false},"excerpt":{"rendered":"<p>Table Melody Arte povera couleur blanc mat extensible avec pieds tourn\u00e9s, \u00e9galement disponible avec des chaises<\/p>\n","protected":false},"featured_media":24550,"comment_status":"open","ping_status":"closed","template":"","meta":[],"product_brand":[9945],"product_cat":[9961,10006],"product_tag":[],"class_list":{"0":"post-79090","1":"product","2":"type-product","3":"status-publish","4":"has-post-thumbnail","6":"product_brand-tempesta-lineatavoli-fr","7":"product_cat-showroom-fr","8":"product_cat-tables-fr","10":"first","11":"instock","12":"sale","13":"taxable","14":"shipping-taxable","15":"purchasable","16":"product-type-simple"},"exclude_global_add_ons":false,"addons":[{"name":"Dimensions","type":"multiple_choice","position":0,"required":true,"title_format":"heading","default":"","description_enable":false,"description":"","placeholder_enable":false,"placeholder":"","display":"select","restrictions_type":"any_text","adjust_price":false,"price":"","price_type":"flat_fee","restrictions":false,"min":"0","max":"0","options":[{"label":"140x80 blanc mat - avec 2 extensions","price":"","price_type":"quantity_based","image":0,"visibility":true},{"label":"160x85 Blanc mat - avec 2 extensions","price":"15","price_type":"quantity_based","image":0,"visibility":true}],"id":1717774389},{"name":"Type","type":"multiple_choice","position":1,"required":true,"title_format":"heading","default":"","description_enable":false,"description":"","placeholder_enable":false,"placeholder":"","display":"select","restrictions_type":"any_text","adjust_price":false,"price":"","price_type":"flat_fee","restrictions":false,"min":"0","max":"0","options":[{"label":"Sans chaise","price":"","price_type":"quantity_based","image":0,"visibility":true},{"label":"1 chaise - assise en bois","price":"53","price_type":"quantity_based","image":0,"visibility":true},{"label":"2 chaises - assise en bois","price":"106","price_type":"quantity_based","image":0,"visibility":true},{"label":"3 chaises - assise en bois","price":"159","price_type":"quantity_based","image":0,"visibility":true},{"label":"4 chaises - si\u00e8ge en bois","price":"212","price_type":"quantity_based","image":0,"visibility":true},{"label":"5 chaises - si\u00e8ge en bois","price":"265","price_type":"quantity_based","image":0,"visibility":true},{"label":"6 chaises - si\u00e8ge en bois","price":"318","price_type":"quantity_based","image":0,"visibility":true},{"label":"1 chaise - si\u00e8ge en paille","price":"53","price_type":"quantity_based","image":0,"visibility":true},{"label":"2 chaises - si\u00e8ge en paille","price":"106","price_type":"quantity_based","image":0,"visibility":true},{"label":"3 chaises - si\u00e8ge en paille","price":"159","price_type":"quantity_based","image":0,"visibility":true},{"label":"4 chaises - si\u00e8ge en paille","price":"212","price_type":"quantity_based","image":0,"visibility":true},{"label":"5 chaises - si\u00e8ge en paille","price":"265","price_type":"quantity_based","image":0,"visibility":true},{"label":"6 chaises - si\u00e8ge en paille","price":"318","price_type":"quantity_based","image":0,"visibility":true}],"id":1717774390}],"yoast_head":"<!-- This site is optimized with the Yoast SEO plugin v26.7 - https:\/\/yoast.com\/wordpress\/plugins\/seo\/ -->\n<title>Table Arte povera Melody Couleur blanc mat Extensible avec pieds tourn\u00e9s, \u00e9galement disponible avec des chaises<\/title>\n<meta name=\"robots\" content=\"index, follow, max-snippet:-1, max-image-preview:large, max-video-preview:-1\" \/>\n<link rel=\"canonical\" href=\"https:\/\/www.bagnoitalia.com\/fr\/produit\/table-melody-arte-povera-couleur-blanc-mat-extensible-avec-pieds-coulissants-egalement-disponible-avec-chaises.html\" \/>\n<meta property=\"og:locale\" content=\"fr_FR\" \/>\n<meta property=\"og:type\" content=\"article\" \/>\n<meta property=\"og:title\" content=\"Table Arte povera Melody Couleur blanc mat Extensible avec pieds tourn\u00e9s, \u00e9galement disponible avec des chaises\" \/>\n<meta property=\"og:description\" content=\"Table Melody Arte povera couleur blanc mat extensible avec pieds tourn\u00e9s, \u00e9galement disponible avec des chaises\" \/>\n<meta property=\"og:url\" content=\"https:\/\/www.bagnoitalia.com\/fr\/produit\/table-melody-arte-povera-couleur-blanc-mat-extensible-avec-pieds-coulissants-egalement-disponible-avec-chaises.html\" \/>\n<meta property=\"og:site_name\" content=\"Bagno Italia\" \/>\n<meta property=\"article:modified_time\" content=\"2024-06-07T13:33:09+00:00\" \/>\n<meta property=\"og:image\" content=\"https:\/\/img.bagnoitalia.com\/wp-content\/uploads\/virtuemart\/product\/POOR-A32.jpg\" \/>\n\t<meta property=\"og:image:width\" content=\"640\" \/>\n\t<meta property=\"og:image:height\" content=\"640\" \/>\n\t<meta property=\"og:image:type\" content=\"image\/jpeg\" \/>\n<meta name=\"twitter:card\" content=\"summary_large_image\" \/>\n<meta name=\"twitter:label1\" content=\"Dur\u00e9e de lecture estim\u00e9e\" \/>\n\t<meta name=\"twitter:data1\" content=\"1 minute\" \/>\n<script type=\"application\/ld+json\" class=\"yoast-schema-graph\">{\"@context\":\"https:\/\/schema.org\",\"@graph\":[{\"@type\":\"WebPage\",\"@id\":\"https:\/\/www.bagnoitalia.com\/fr\/produit\/table-melody-arte-povera-couleur-blanc-mat-extensible-avec-pieds-coulissants-egalement-disponible-avec-chaises.html\",\"url\":\"https:\/\/www.bagnoitalia.com\/fr\/produit\/table-melody-arte-povera-couleur-blanc-mat-extensible-avec-pieds-coulissants-egalement-disponible-avec-chaises.html\",\"name\":\"Table Arte povera Melody Couleur blanc mat Extensible avec pieds tourn\u00e9s, \u00e9galement disponible avec des chaises\",\"isPartOf\":{\"@id\":\"https:\/\/www.bagnoitalia.com\/fr#website\"},\"primaryImageOfPage\":{\"@id\":\"https:\/\/www.bagnoitalia.com\/fr\/produit\/table-melody-arte-povera-couleur-blanc-mat-extensible-avec-pieds-coulissants-egalement-disponible-avec-chaises.html#primaryimage\"},\"image\":{\"@id\":\"https:\/\/www.bagnoitalia.com\/fr\/produit\/table-melody-arte-povera-couleur-blanc-mat-extensible-avec-pieds-coulissants-egalement-disponible-avec-chaises.html#primaryimage\"},\"thumbnailUrl\":\"https:\/\/img.bagnoitalia.com\/wp-content\/uploads\/virtuemart\/product\/POOR-A32.jpg\",\"datePublished\":\"2015-01-27T12:55:33+00:00\",\"dateModified\":\"2024-06-07T13:33:09+00:00\",\"breadcrumb\":{\"@id\":\"https:\/\/www.bagnoitalia.com\/fr\/produit\/table-melody-arte-povera-couleur-blanc-mat-extensible-avec-pieds-coulissants-egalement-disponible-avec-chaises.html#breadcrumb\"},\"inLanguage\":\"fr-FR\",\"potentialAction\":[{\"@type\":\"ReadAction\",\"target\":[\"https:\/\/www.bagnoitalia.com\/fr\/produit\/table-melody-arte-povera-couleur-blanc-mat-extensible-avec-pieds-coulissants-egalement-disponible-avec-chaises.html\"]}]},{\"@type\":\"ImageObject\",\"inLanguage\":\"fr-FR\",\"@id\":\"https:\/\/www.bagnoitalia.com\/fr\/produit\/table-melody-arte-povera-couleur-blanc-mat-extensible-avec-pieds-coulissants-egalement-disponible-avec-chaises.html#primaryimage\",\"url\":\"https:\/\/img.bagnoitalia.com\/wp-content\/uploads\/virtuemart\/product\/POOR-A32.jpg\",\"contentUrl\":\"https:\/\/img.bagnoitalia.com\/wp-content\/uploads\/virtuemart\/product\/POOR-A32.jpg\",\"width\":640,\"height\":640},{\"@type\":\"BreadcrumbList\",\"@id\":\"https:\/\/www.bagnoitalia.com\/fr\/produit\/table-melody-arte-povera-couleur-blanc-mat-extensible-avec-pieds-coulissants-egalement-disponible-avec-chaises.html#breadcrumb\",\"itemListElement\":[{\"@type\":\"ListItem\",\"position\":1,\"name\":\"Home\",\"item\":\"https:\/\/www.bagnoitalia.com\/fr\"},{\"@type\":\"ListItem\",\"position\":2,\"name\":\"Produits\",\"item\":\"https:\/\/www.bagnoitalia.com\/fr\/shop\"},{\"@type\":\"ListItem\",\"position\":3,\"name\":\"Table Arte povera Melody Couleur blanc mat Extensible avec pieds tourn\u00e9s, \u00e9galement disponible avec des chaises\"}]},{\"@type\":\"WebSite\",\"@id\":\"https:\/\/www.bagnoitalia.com\/fr#website\",\"url\":\"https:\/\/www.bagnoitalia.com\/fr\",\"name\":\"Bagno Italia\",\"description\":\"\",\"publisher\":{\"@id\":\"https:\/\/www.bagnoitalia.com\/fr#organization\"},\"potentialAction\":[{\"@type\":\"SearchAction\",\"target\":{\"@type\":\"EntryPoint\",\"urlTemplate\":\"https:\/\/www.bagnoitalia.com\/fr?s={search_term_string}\"},\"query-input\":{\"@type\":\"PropertyValueSpecification\",\"valueRequired\":true,\"valueName\":\"search_term_string\"}}],\"inLanguage\":\"fr-FR\"},{\"@type\":\"Organization\",\"@id\":\"https:\/\/www.bagnoitalia.com\/fr#organization\",\"name\":\"Bagno Italia\",\"url\":\"https:\/\/www.bagnoitalia.com\/fr\",\"logo\":{\"@type\":\"ImageObject\",\"inLanguage\":\"fr-FR\",\"@id\":\"https:\/\/www.bagnoitalia.com\/fr#\/schema\/logo\/image\/\",\"url\":\"https:\/\/img.bagnoitalia.com\/wp-content\/uploads\/logo-bagnoitalia.webp\",\"contentUrl\":\"https:\/\/img.bagnoitalia.com\/wp-content\/uploads\/logo-bagnoitalia.webp\",\"width\":400,\"height\":70,\"caption\":\"Bagno Italia\"},\"image\":{\"@id\":\"https:\/\/www.bagnoitalia.com\/fr#\/schema\/logo\/image\/\"}}]}<\/script>\n<!-- \/ Yoast SEO plugin. -->","yoast_head_json":{"title":"Table Arte povera Melody Couleur blanc mat Extensible avec pieds tourn\u00e9s, \u00e9galement disponible avec des chaises","robots":{"index":"index","follow":"follow","max-snippet":"max-snippet:-1","max-image-preview":"max-image-preview:large","max-video-preview":"max-video-preview:-1"},"canonical":"https:\/\/www.bagnoitalia.com\/fr\/produit\/table-melody-arte-povera-couleur-blanc-mat-extensible-avec-pieds-coulissants-egalement-disponible-avec-chaises.html","og_locale":"fr_FR","og_type":"article","og_title":"Table Arte povera Melody Couleur blanc mat Extensible avec pieds tourn\u00e9s, \u00e9galement disponible avec des chaises","og_description":"Table Melody Arte povera couleur blanc mat extensible avec pieds tourn\u00e9s, \u00e9galement disponible avec des chaises","og_url":"https:\/\/www.bagnoitalia.com\/fr\/produit\/table-melody-arte-povera-couleur-blanc-mat-extensible-avec-pieds-coulissants-egalement-disponible-avec-chaises.html","og_site_name":"Bagno Italia","article_modified_time":"2024-06-07T13:33:09+00:00","og_image":[{"width":640,"height":640,"url":"https:\/\/img.bagnoitalia.com\/wp-content\/uploads\/virtuemart\/product\/POOR-A32.jpg","type":"image\/jpeg"}],"twitter_card":"summary_large_image","twitter_misc":{"Dur\u00e9e de lecture estim\u00e9e":"1 minute"},"schema":{"@context":"https:\/\/schema.org","@graph":[{"@type":"WebPage","@id":"https:\/\/www.bagnoitalia.com\/fr\/produit\/table-melody-arte-povera-couleur-blanc-mat-extensible-avec-pieds-coulissants-egalement-disponible-avec-chaises.html","url":"https:\/\/www.bagnoitalia.com\/fr\/produit\/table-melody-arte-povera-couleur-blanc-mat-extensible-avec-pieds-coulissants-egalement-disponible-avec-chaises.html","name":"Table Arte povera Melody Couleur blanc mat Extensible avec pieds tourn\u00e9s, \u00e9galement disponible avec des chaises","isPartOf":{"@id":"https:\/\/www.bagnoitalia.com\/fr#website"},"primaryImageOfPage":{"@id":"https:\/\/www.bagnoitalia.com\/fr\/produit\/table-melody-arte-povera-couleur-blanc-mat-extensible-avec-pieds-coulissants-egalement-disponible-avec-chaises.html#primaryimage"},"image":{"@id":"https:\/\/www.bagnoitalia.com\/fr\/produit\/table-melody-arte-povera-couleur-blanc-mat-extensible-avec-pieds-coulissants-egalement-disponible-avec-chaises.html#primaryimage"},"thumbnailUrl":"https:\/\/img.bagnoitalia.com\/wp-content\/uploads\/virtuemart\/product\/POOR-A32.jpg","datePublished":"2015-01-27T12:55:33+00:00","dateModified":"2024-06-07T13:33:09+00:00","breadcrumb":{"@id":"https:\/\/www.bagnoitalia.com\/fr\/produit\/table-melody-arte-povera-couleur-blanc-mat-extensible-avec-pieds-coulissants-egalement-disponible-avec-chaises.html#breadcrumb"},"inLanguage":"fr-FR","potentialAction":[{"@type":"ReadAction","target":["https:\/\/www.bagnoitalia.com\/fr\/produit\/table-melody-arte-povera-couleur-blanc-mat-extensible-avec-pieds-coulissants-egalement-disponible-avec-chaises.html"]}]},{"@type":"ImageObject","inLanguage":"fr-FR","@id":"https:\/\/www.bagnoitalia.com\/fr\/produit\/table-melody-arte-povera-couleur-blanc-mat-extensible-avec-pieds-coulissants-egalement-disponible-avec-chaises.html#primaryimage","url":"https:\/\/img.bagnoitalia.com\/wp-content\/uploads\/virtuemart\/product\/POOR-A32.jpg","contentUrl":"https:\/\/img.bagnoitalia.com\/wp-content\/uploads\/virtuemart\/product\/POOR-A32.jpg","width":640,"height":640},{"@type":"BreadcrumbList","@id":"https:\/\/www.bagnoitalia.com\/fr\/produit\/table-melody-arte-povera-couleur-blanc-mat-extensible-avec-pieds-coulissants-egalement-disponible-avec-chaises.html#breadcrumb","itemListElement":[{"@type":"ListItem","position":1,"name":"Home","item":"https:\/\/www.bagnoitalia.com\/fr"},{"@type":"ListItem","position":2,"name":"Produits","item":"https:\/\/www.bagnoitalia.com\/fr\/shop"},{"@type":"ListItem","position":3,"name":"Table Arte povera Melody Couleur blanc mat Extensible avec pieds tourn\u00e9s, \u00e9galement disponible avec des chaises"}]},{"@type":"WebSite","@id":"https:\/\/www.bagnoitalia.com\/fr#website","url":"https:\/\/www.bagnoitalia.com\/fr","name":"Bagno Italia","description":"","publisher":{"@id":"https:\/\/www.bagnoitalia.com\/fr#organization"},"potentialAction":[{"@type":"SearchAction","target":{"@type":"EntryPoint","urlTemplate":"https:\/\/www.bagnoitalia.com\/fr?s={search_term_string}"},"query-input":{"@type":"PropertyValueSpecification","valueRequired":true,"valueName":"search_term_string"}}],"inLanguage":"fr-FR"},{"@type":"Organization","@id":"https:\/\/www.bagnoitalia.com\/fr#organization","name":"Bagno Italia","url":"https:\/\/www.bagnoitalia.com\/fr","logo":{"@type":"ImageObject","inLanguage":"fr-FR","@id":"https:\/\/www.bagnoitalia.com\/fr#\/schema\/logo\/image\/","url":"https:\/\/img.bagnoitalia.com\/wp-content\/uploads\/logo-bagnoitalia.webp","contentUrl":"https:\/\/img.bagnoitalia.com\/wp-content\/uploads\/logo-bagnoitalia.webp","width":400,"height":70,"caption":"Bagno Italia"},"image":{"@id":"https:\/\/www.bagnoitalia.com\/fr#\/schema\/logo\/image\/"}}]}},"_links":{"self":[{"href":"https:\/\/www.bagnoitalia.com\/fr\/wp-json\/wp\/v2\/product\/79090","targetHints":{"allow":["GET"]}}],"collection":[{"href":"https:\/\/www.bagnoitalia.com\/fr\/wp-json\/wp\/v2\/product"}],"about":[{"href":"https:\/\/www.bagnoitalia.com\/fr\/wp-json\/wp\/v2\/types\/product"}],"replies":[{"embeddable":true,"href":"https:\/\/www.bagnoitalia.com\/fr\/wp-json\/wp\/v2\/comments?post=79090"}],"version-history":[{"count":1,"href":"https:\/\/www.bagnoitalia.com\/fr\/wp-json\/wp\/v2\/product\/79090\/revisions"}],"predecessor-version":[{"id":89702,"href":"https:\/\/www.bagnoitalia.com\/fr\/wp-json\/wp\/v2\/product\/79090\/revisions\/89702"}],"wp:featuredmedia":[{"embeddable":true,"href":"https:\/\/www.bagnoitalia.com\/fr\/wp-json\/wp\/v2\/media\/24550"}],"wp:attachment":[{"href":"https:\/\/www.bagnoitalia.com\/fr\/wp-json\/wp\/v2\/media?parent=79090"}],"wp:term":[{"taxonomy":"product_brand","embeddable":true,"href":"https:\/\/www.bagnoitalia.com\/fr\/wp-json\/wp\/v2\/product_brand?post=79090"},{"taxonomy":"product_cat","embeddable":true,"href":"https:\/\/www.bagnoitalia.com\/fr\/wp-json\/wp\/v2\/product_cat?post=79090"},{"taxonomy":"product_tag","embeddable":true,"href":"https:\/\/www.bagnoitalia.com\/fr\/wp-json\/wp\/v2\/product_tag?post=79090"}],"curies":[{"name":"wp","href":"https:\/\/api.w.org\/{rel}","templated":true}]}}