{"id":79038,"date":"2015-01-14T16:56:01","date_gmt":"2015-01-14T15:56:01","guid":{"rendered":"https:\/\/www.bagnoitalia.com\/product\/console-mobile-marilyn-avec-miroir-pour-entree-en-blanc-mat-noyer-brillant-or-et-argent"},"modified":"2024-05-29T15:14:51","modified_gmt":"2024-05-29T13:14:51","slug":"console-mobile-marilyn-avec-miroir-pour-entree-en-blanc-mat-noyer-brillant-or-et-argent","status":"publish","type":"product","link":"https:\/\/www.bagnoitalia.com\/fr\/produit\/console-mobile-marilyn-avec-miroir-pour-entree-en-blanc-mat-noyer-brillant-or-et-argent.html","title":{"rendered":"Meuble Console pour entr\u00e9e Marilyn avec miroir Blanc mat, noyer brillant, or et argent"},"content":{"rendered":"<p><span style=\"font-size: 14pt; font-family: 'arial black', 'avant garde';\">Console avec miroir inclus MARILYN<\/span><\/p>\n<div id=\"tab-descrizione\" class=\"clearfix ui-tabs-panel ui-widget-content ui-corner-bottom\">\n<p><span style=\"font-size: 10pt;\">La console avec miroir pour l&rsquo;entr\u00e9e <strong>Marilyn<\/strong>, en <strong>bois de peuplier massif<\/strong> avec une <strong>finition blanc<\/strong> mat, <strong>argent<\/strong>, <strong>or<\/strong> et de <strong>noyer brillant<\/strong> , est le compl\u00e9ment parfait votre ameublement.<\/span><\/p>\n<p><span style=\"font-size: 10pt;\">Garantie <strong>Made in Italy<\/strong> et <strong>fabriqu\u00e9e \u00e0 la main<\/strong>, cette console garantit une qualit\u00e9 et un style incomparable. Positionn\u00e9e dans l&rsquo;entr\u00e9e ou n&rsquo;importe o\u00f9 dans votre int\u00e9rieur, Marilyn saura donner une touche d&rsquo;\u00e9l\u00e9gance et d&rsquo;originalit\u00e9 \u00e0 votre maison.<\/span><\/p>\n<p><span style=\"font-size: 10pt;\">La console et le miroir sont livr\u00e9s enti\u00e8rement assembl\u00e9s.<\/span><\/p>\n<\/div>\n<p><span style=\"font-size: 14pt; font-family: 'times new roman', times;\">Disponible dans diff\u00e9rents mod\u00e8les<\/span><\/p>\n<p><span style=\"text-decoration: underline; font-family: 'comic sans ms', sans-serif; font-size: 10pt;\"><span style=\"color: #ff0000; text-decoration: underline;\">Poign\u00e9es incluses, pr\u00e9 trous pour poign\u00e9es non faits.<\/span><\/span><\/p>\n<p><span style=\"font-family: 'times new roman', times; font-size: 14pt;\">Consolle blanc mat 95x41x80h avec miroir 70x80h<\/span><\/p>\n<p><img fetchpriority=\"high\" decoding=\"async\" class=\" size-full wp-image-24094\" src=\"https:\/\/img.bagnoitalia.com\/wp-content\/uploads\/virtuemart\/product\/1476-1475.jpg\" alt=\"tavolo1000.jpg_product_product_product_product_product_product_product_product_product_product_product_product_product_product\" width=\"418\" height=\"418\" srcset=\"https:\/\/img.bagnoitalia.com\/wp-content\/uploads\/virtuemart\/product\/1476-1475.jpg 418w, https:\/\/img.bagnoitalia.com\/wp-content\/uploads\/virtuemart\/product\/1476-1475-100x100.jpg 100w, https:\/\/img.bagnoitalia.com\/wp-content\/uploads\/virtuemart\/product\/1476-1475-150x150.jpg 150w\" sizes=\"(max-width: 418px) 100vw, 418px\" \/><\/p>\n<p><span style=\"font-family: 'arial black', 'avant garde'; font-size: 12pt; color: #0000ff;\">Code. 1475-1476<\/span><\/p>\n<p>____________________________________________________________________________<\/p>\n<p><span style=\"font-family: 'times new roman', times; font-size: 19px;\">Console argent 96x41x80h avec miroir 70x80h<\/span><\/p>\n<p><img decoding=\"async\" class=\" size-full wp-image-24098\" src=\"https:\/\/img.bagnoitalia.com\/wp-content\/uploads\/virtuemart\/product\/475-476.jpg\" alt=\"tavolo1000.jpg_product_product_product_product_product_product_product_product_product_product_product_product_product_product\" width=\"418\" height=\"418\" srcset=\"https:\/\/img.bagnoitalia.com\/wp-content\/uploads\/virtuemart\/product\/475-476.jpg 418w, https:\/\/img.bagnoitalia.com\/wp-content\/uploads\/virtuemart\/product\/475-476-100x100.jpg 100w, https:\/\/img.bagnoitalia.com\/wp-content\/uploads\/virtuemart\/product\/475-476-150x150.jpg 150w\" sizes=\"(max-width: 418px) 100vw, 418px\" \/><\/p>\n<p><span style=\"font-family: 'arial black', 'avant garde'; font-size: 12pt; color: #0000ff;\">Code. 475-476<\/span><\/p>\n<p>____________________________________________________________________________<\/p>\n<p><span style=\"font-family: 'times new roman', times; font-size: 19px;\">Console or 96x41x80h avec miroir 70x80h<\/span><\/p>\n<p><img decoding=\"async\" class=\" size-full wp-image-24102\" src=\"https:\/\/img.bagnoitalia.com\/wp-content\/uploads\/virtuemart\/product\/477-478.jpg\" alt=\"tavolo1000.jpg_product_product_product_product_product_product_product_product_product_product_product_product_product_product\" width=\"418\" height=\"418\" srcset=\"https:\/\/img.bagnoitalia.com\/wp-content\/uploads\/virtuemart\/product\/477-478.jpg 418w, https:\/\/img.bagnoitalia.com\/wp-content\/uploads\/virtuemart\/product\/477-478-100x100.jpg 100w, https:\/\/img.bagnoitalia.com\/wp-content\/uploads\/virtuemart\/product\/477-478-150x150.jpg 150w\" sizes=\"(max-width: 418px) 100vw, 418px\" \/><\/p>\n<p><span style=\"font-family: 'arial black', 'avant garde'; font-size: 12pt; color: #0000ff;\">Code. 477-478<\/span><\/p>\n<p>____________________________________________________________________________<\/p>\n<p><span style=\"font-family: 'times new roman', times; font-size: 19px;\">Console noyer brillant 96x41x80h avec miroir 70x80h<\/span><\/p>\n<p><img loading=\"lazy\" decoding=\"async\" class=\" size-full wp-image-24106\" src=\"https:\/\/img.bagnoitalia.com\/wp-content\/uploads\/virtuemart\/product\/537-538.jpg\" alt=\"tavolo1000.jpg_product_product_product_product_product_product_product_product_product_product_product_product_product_product\" width=\"300\" height=\"439\" srcset=\"https:\/\/img.bagnoitalia.com\/wp-content\/uploads\/virtuemart\/product\/537-538.jpg 300w, https:\/\/img.bagnoitalia.com\/wp-content\/uploads\/virtuemart\/product\/537-538-150x220.jpg 150w\" sizes=\"(max-width: 300px) 100vw, 300px\" \/><\/p>\n<p><span style=\"font-family: 'arial black', 'avant garde'; font-size: 16px;\"><span style=\"color: #0000ff;\">Code. 537-538<\/span><\/span><\/p>\n","protected":false},"excerpt":{"rendered":"<p>Console pour entr\u00e9e Marilyn avec miroir Blanc mat, noyer brillant, or et argent<\/p>\n","protected":false},"featured_media":24070,"comment_status":"open","ping_status":"closed","template":"","meta":[],"product_brand":[5031],"product_cat":[9787],"product_tag":[],"class_list":{"0":"post-79038","1":"product","2":"type-product","3":"status-publish","4":"has-post-thumbnail","6":"product_brand-tempesta-lineatavoli","7":"product_cat-meubles","9":"first","10":"instock","11":"sale","12":"taxable","13":"shipping-taxable","14":"purchasable","15":"product-type-simple"},"exclude_global_add_ons":false,"addons":[{"name":"Couleur","type":"multiple_choice","position":0,"required":true,"title_format":"heading","default":"","description_enable":false,"description":"","placeholder_enable":false,"placeholder":"","display":"select","restrictions_type":"any_text","adjust_price":false,"price":"","price_type":"flat_fee","restrictions":false,"min":"0","max":"0","options":[{"label":"79x30xH170 Noyer brillant","price":"","price_type":"quantity_based","image":0,"visibility":true},{"label":"Blanc mat","price":"30","price_type":"quantity_based","image":0,"visibility":true},{"label":"Argent","price":"200","price_type":"quantity_based","image":0,"visibility":true},{"label":"Or","price":"220","price_type":"quantity_based","image":0,"visibility":true}],"id":1716995691}],"yoast_head":"<!-- This site is optimized with the Yoast SEO plugin v26.7 - https:\/\/yoast.com\/wordpress\/plugins\/seo\/ -->\n<title>Meuble Console pour entr\u00e9e Marilyn avec miroir Blanc mat, noyer brillant, or et argent<\/title>\n<meta name=\"robots\" content=\"index, follow, max-snippet:-1, max-image-preview:large, max-video-preview:-1\" \/>\n<link rel=\"canonical\" href=\"https:\/\/www.bagnoitalia.com\/fr\/produit\/console-mobile-marilyn-avec-miroir-pour-entree-en-blanc-mat-noyer-brillant-or-et-argent.html\" \/>\n<meta property=\"og:locale\" content=\"fr_FR\" \/>\n<meta property=\"og:type\" content=\"article\" \/>\n<meta property=\"og:title\" content=\"Meuble Console pour entr\u00e9e Marilyn avec miroir Blanc mat, noyer brillant, or et argent\" \/>\n<meta property=\"og:description\" content=\"Console pour entr\u00e9e Marilyn avec miroir Blanc mat, noyer brillant, or et argent\" \/>\n<meta property=\"og:url\" content=\"https:\/\/www.bagnoitalia.com\/fr\/produit\/console-mobile-marilyn-avec-miroir-pour-entree-en-blanc-mat-noyer-brillant-or-et-argent.html\" \/>\n<meta property=\"og:site_name\" content=\"Bagno Italia\" \/>\n<meta property=\"article:modified_time\" content=\"2024-05-29T13:14:51+00:00\" \/>\n<meta property=\"og:image\" content=\"https:\/\/img.bagnoitalia.com\/wp-content\/uploads\/virtuemart\/product\/Console-table-mirror-house-entrance-matt-white-glossy-walnut-gold-silver-1_1541683306_144.jpg\" \/>\n\t<meta property=\"og:image:width\" content=\"600\" \/>\n\t<meta property=\"og:image:height\" content=\"600\" \/>\n\t<meta property=\"og:image:type\" content=\"image\/jpeg\" \/>\n<meta name=\"twitter:card\" content=\"summary_large_image\" \/>\n<meta name=\"twitter:label1\" content=\"Dur\u00e9e de lecture estim\u00e9e\" \/>\n\t<meta name=\"twitter:data1\" content=\"2 minutes\" \/>\n<script type=\"application\/ld+json\" class=\"yoast-schema-graph\">{\"@context\":\"https:\/\/schema.org\",\"@graph\":[{\"@type\":\"WebPage\",\"@id\":\"https:\/\/www.bagnoitalia.com\/fr\/produit\/console-mobile-marilyn-avec-miroir-pour-entree-en-blanc-mat-noyer-brillant-or-et-argent.html\",\"url\":\"https:\/\/www.bagnoitalia.com\/fr\/produit\/console-mobile-marilyn-avec-miroir-pour-entree-en-blanc-mat-noyer-brillant-or-et-argent.html\",\"name\":\"Meuble Console pour entr\u00e9e Marilyn avec miroir Blanc mat, noyer brillant, or et argent\",\"isPartOf\":{\"@id\":\"https:\/\/www.bagnoitalia.com\/fr#website\"},\"primaryImageOfPage\":{\"@id\":\"https:\/\/www.bagnoitalia.com\/fr\/produit\/console-mobile-marilyn-avec-miroir-pour-entree-en-blanc-mat-noyer-brillant-or-et-argent.html#primaryimage\"},\"image\":{\"@id\":\"https:\/\/www.bagnoitalia.com\/fr\/produit\/console-mobile-marilyn-avec-miroir-pour-entree-en-blanc-mat-noyer-brillant-or-et-argent.html#primaryimage\"},\"thumbnailUrl\":\"https:\/\/img.bagnoitalia.com\/wp-content\/uploads\/virtuemart\/product\/Console-table-mirror-house-entrance-matt-white-glossy-walnut-gold-silver-1_1541683306_144.jpg\",\"datePublished\":\"2015-01-14T15:56:01+00:00\",\"dateModified\":\"2024-05-29T13:14:51+00:00\",\"breadcrumb\":{\"@id\":\"https:\/\/www.bagnoitalia.com\/fr\/produit\/console-mobile-marilyn-avec-miroir-pour-entree-en-blanc-mat-noyer-brillant-or-et-argent.html#breadcrumb\"},\"inLanguage\":\"fr-FR\",\"potentialAction\":[{\"@type\":\"ReadAction\",\"target\":[\"https:\/\/www.bagnoitalia.com\/fr\/produit\/console-mobile-marilyn-avec-miroir-pour-entree-en-blanc-mat-noyer-brillant-or-et-argent.html\"]}]},{\"@type\":\"ImageObject\",\"inLanguage\":\"fr-FR\",\"@id\":\"https:\/\/www.bagnoitalia.com\/fr\/produit\/console-mobile-marilyn-avec-miroir-pour-entree-en-blanc-mat-noyer-brillant-or-et-argent.html#primaryimage\",\"url\":\"https:\/\/img.bagnoitalia.com\/wp-content\/uploads\/virtuemart\/product\/Console-table-mirror-house-entrance-matt-white-glossy-walnut-gold-silver-1_1541683306_144.jpg\",\"contentUrl\":\"https:\/\/img.bagnoitalia.com\/wp-content\/uploads\/virtuemart\/product\/Console-table-mirror-house-entrance-matt-white-glossy-walnut-gold-silver-1_1541683306_144.jpg\",\"width\":600,\"height\":600},{\"@type\":\"BreadcrumbList\",\"@id\":\"https:\/\/www.bagnoitalia.com\/fr\/produit\/console-mobile-marilyn-avec-miroir-pour-entree-en-blanc-mat-noyer-brillant-or-et-argent.html#breadcrumb\",\"itemListElement\":[{\"@type\":\"ListItem\",\"position\":1,\"name\":\"Home\",\"item\":\"https:\/\/www.bagnoitalia.com\/fr\"},{\"@type\":\"ListItem\",\"position\":2,\"name\":\"Produits\",\"item\":\"https:\/\/www.bagnoitalia.com\/fr\/shop\"},{\"@type\":\"ListItem\",\"position\":3,\"name\":\"Meuble Console pour entr\u00e9e Marilyn avec miroir Blanc mat, noyer brillant, or et argent\"}]},{\"@type\":\"WebSite\",\"@id\":\"https:\/\/www.bagnoitalia.com\/fr#website\",\"url\":\"https:\/\/www.bagnoitalia.com\/fr\",\"name\":\"Bagno Italia\",\"description\":\"\",\"publisher\":{\"@id\":\"https:\/\/www.bagnoitalia.com\/fr#organization\"},\"potentialAction\":[{\"@type\":\"SearchAction\",\"target\":{\"@type\":\"EntryPoint\",\"urlTemplate\":\"https:\/\/www.bagnoitalia.com\/fr?s={search_term_string}\"},\"query-input\":{\"@type\":\"PropertyValueSpecification\",\"valueRequired\":true,\"valueName\":\"search_term_string\"}}],\"inLanguage\":\"fr-FR\"},{\"@type\":\"Organization\",\"@id\":\"https:\/\/www.bagnoitalia.com\/fr#organization\",\"name\":\"Bagno Italia\",\"url\":\"https:\/\/www.bagnoitalia.com\/fr\",\"logo\":{\"@type\":\"ImageObject\",\"inLanguage\":\"fr-FR\",\"@id\":\"https:\/\/www.bagnoitalia.com\/fr#\/schema\/logo\/image\/\",\"url\":\"https:\/\/img.bagnoitalia.com\/wp-content\/uploads\/logo-bagnoitalia.webp\",\"contentUrl\":\"https:\/\/img.bagnoitalia.com\/wp-content\/uploads\/logo-bagnoitalia.webp\",\"width\":400,\"height\":70,\"caption\":\"Bagno Italia\"},\"image\":{\"@id\":\"https:\/\/www.bagnoitalia.com\/fr#\/schema\/logo\/image\/\"}}]}<\/script>\n<!-- \/ Yoast SEO plugin. -->","yoast_head_json":{"title":"Meuble Console pour entr\u00e9e Marilyn avec miroir Blanc mat, noyer brillant, or et argent","robots":{"index":"index","follow":"follow","max-snippet":"max-snippet:-1","max-image-preview":"max-image-preview:large","max-video-preview":"max-video-preview:-1"},"canonical":"https:\/\/www.bagnoitalia.com\/fr\/produit\/console-mobile-marilyn-avec-miroir-pour-entree-en-blanc-mat-noyer-brillant-or-et-argent.html","og_locale":"fr_FR","og_type":"article","og_title":"Meuble Console pour entr\u00e9e Marilyn avec miroir Blanc mat, noyer brillant, or et argent","og_description":"Console pour entr\u00e9e Marilyn avec miroir Blanc mat, noyer brillant, or et argent","og_url":"https:\/\/www.bagnoitalia.com\/fr\/produit\/console-mobile-marilyn-avec-miroir-pour-entree-en-blanc-mat-noyer-brillant-or-et-argent.html","og_site_name":"Bagno Italia","article_modified_time":"2024-05-29T13:14:51+00:00","og_image":[{"width":600,"height":600,"url":"https:\/\/img.bagnoitalia.com\/wp-content\/uploads\/virtuemart\/product\/Console-table-mirror-house-entrance-matt-white-glossy-walnut-gold-silver-1_1541683306_144.jpg","type":"image\/jpeg"}],"twitter_card":"summary_large_image","twitter_misc":{"Dur\u00e9e de lecture estim\u00e9e":"2 minutes"},"schema":{"@context":"https:\/\/schema.org","@graph":[{"@type":"WebPage","@id":"https:\/\/www.bagnoitalia.com\/fr\/produit\/console-mobile-marilyn-avec-miroir-pour-entree-en-blanc-mat-noyer-brillant-or-et-argent.html","url":"https:\/\/www.bagnoitalia.com\/fr\/produit\/console-mobile-marilyn-avec-miroir-pour-entree-en-blanc-mat-noyer-brillant-or-et-argent.html","name":"Meuble Console pour entr\u00e9e Marilyn avec miroir Blanc mat, noyer brillant, or et argent","isPartOf":{"@id":"https:\/\/www.bagnoitalia.com\/fr#website"},"primaryImageOfPage":{"@id":"https:\/\/www.bagnoitalia.com\/fr\/produit\/console-mobile-marilyn-avec-miroir-pour-entree-en-blanc-mat-noyer-brillant-or-et-argent.html#primaryimage"},"image":{"@id":"https:\/\/www.bagnoitalia.com\/fr\/produit\/console-mobile-marilyn-avec-miroir-pour-entree-en-blanc-mat-noyer-brillant-or-et-argent.html#primaryimage"},"thumbnailUrl":"https:\/\/img.bagnoitalia.com\/wp-content\/uploads\/virtuemart\/product\/Console-table-mirror-house-entrance-matt-white-glossy-walnut-gold-silver-1_1541683306_144.jpg","datePublished":"2015-01-14T15:56:01+00:00","dateModified":"2024-05-29T13:14:51+00:00","breadcrumb":{"@id":"https:\/\/www.bagnoitalia.com\/fr\/produit\/console-mobile-marilyn-avec-miroir-pour-entree-en-blanc-mat-noyer-brillant-or-et-argent.html#breadcrumb"},"inLanguage":"fr-FR","potentialAction":[{"@type":"ReadAction","target":["https:\/\/www.bagnoitalia.com\/fr\/produit\/console-mobile-marilyn-avec-miroir-pour-entree-en-blanc-mat-noyer-brillant-or-et-argent.html"]}]},{"@type":"ImageObject","inLanguage":"fr-FR","@id":"https:\/\/www.bagnoitalia.com\/fr\/produit\/console-mobile-marilyn-avec-miroir-pour-entree-en-blanc-mat-noyer-brillant-or-et-argent.html#primaryimage","url":"https:\/\/img.bagnoitalia.com\/wp-content\/uploads\/virtuemart\/product\/Console-table-mirror-house-entrance-matt-white-glossy-walnut-gold-silver-1_1541683306_144.jpg","contentUrl":"https:\/\/img.bagnoitalia.com\/wp-content\/uploads\/virtuemart\/product\/Console-table-mirror-house-entrance-matt-white-glossy-walnut-gold-silver-1_1541683306_144.jpg","width":600,"height":600},{"@type":"BreadcrumbList","@id":"https:\/\/www.bagnoitalia.com\/fr\/produit\/console-mobile-marilyn-avec-miroir-pour-entree-en-blanc-mat-noyer-brillant-or-et-argent.html#breadcrumb","itemListElement":[{"@type":"ListItem","position":1,"name":"Home","item":"https:\/\/www.bagnoitalia.com\/fr"},{"@type":"ListItem","position":2,"name":"Produits","item":"https:\/\/www.bagnoitalia.com\/fr\/shop"},{"@type":"ListItem","position":3,"name":"Meuble Console pour entr\u00e9e Marilyn avec miroir Blanc mat, noyer brillant, or et argent"}]},{"@type":"WebSite","@id":"https:\/\/www.bagnoitalia.com\/fr#website","url":"https:\/\/www.bagnoitalia.com\/fr","name":"Bagno Italia","description":"","publisher":{"@id":"https:\/\/www.bagnoitalia.com\/fr#organization"},"potentialAction":[{"@type":"SearchAction","target":{"@type":"EntryPoint","urlTemplate":"https:\/\/www.bagnoitalia.com\/fr?s={search_term_string}"},"query-input":{"@type":"PropertyValueSpecification","valueRequired":true,"valueName":"search_term_string"}}],"inLanguage":"fr-FR"},{"@type":"Organization","@id":"https:\/\/www.bagnoitalia.com\/fr#organization","name":"Bagno Italia","url":"https:\/\/www.bagnoitalia.com\/fr","logo":{"@type":"ImageObject","inLanguage":"fr-FR","@id":"https:\/\/www.bagnoitalia.com\/fr#\/schema\/logo\/image\/","url":"https:\/\/img.bagnoitalia.com\/wp-content\/uploads\/logo-bagnoitalia.webp","contentUrl":"https:\/\/img.bagnoitalia.com\/wp-content\/uploads\/logo-bagnoitalia.webp","width":400,"height":70,"caption":"Bagno Italia"},"image":{"@id":"https:\/\/www.bagnoitalia.com\/fr#\/schema\/logo\/image\/"}}]}},"_links":{"self":[{"href":"https:\/\/www.bagnoitalia.com\/fr\/wp-json\/wp\/v2\/product\/79038","targetHints":{"allow":["GET"]}}],"collection":[{"href":"https:\/\/www.bagnoitalia.com\/fr\/wp-json\/wp\/v2\/product"}],"about":[{"href":"https:\/\/www.bagnoitalia.com\/fr\/wp-json\/wp\/v2\/types\/product"}],"replies":[{"embeddable":true,"href":"https:\/\/www.bagnoitalia.com\/fr\/wp-json\/wp\/v2\/comments?post=79038"}],"version-history":[{"count":1,"href":"https:\/\/www.bagnoitalia.com\/fr\/wp-json\/wp\/v2\/product\/79038\/revisions"}],"predecessor-version":[{"id":88833,"href":"https:\/\/www.bagnoitalia.com\/fr\/wp-json\/wp\/v2\/product\/79038\/revisions\/88833"}],"wp:featuredmedia":[{"embeddable":true,"href":"https:\/\/www.bagnoitalia.com\/fr\/wp-json\/wp\/v2\/media\/24070"}],"wp:attachment":[{"href":"https:\/\/www.bagnoitalia.com\/fr\/wp-json\/wp\/v2\/media?parent=79038"}],"wp:term":[{"taxonomy":"product_brand","embeddable":true,"href":"https:\/\/www.bagnoitalia.com\/fr\/wp-json\/wp\/v2\/product_brand?post=79038"},{"taxonomy":"product_cat","embeddable":true,"href":"https:\/\/www.bagnoitalia.com\/fr\/wp-json\/wp\/v2\/product_cat?post=79038"},{"taxonomy":"product_tag","embeddable":true,"href":"https:\/\/www.bagnoitalia.com\/fr\/wp-json\/wp\/v2\/product_tag?post=79038"}],"curies":[{"name":"wp","href":"https:\/\/api.w.org\/{rel}","templated":true}]}}