{"id":79030,"date":"2015-01-13T17:24:29","date_gmt":"2015-01-13T16:24:29","guid":{"rendered":"https:\/\/www.bagnoitalia.com\/product\/table-vivian-ronde-de-couleur-blanche-opaque-diametre-100-ou-120-cm-egalement-disponible-avec-chaises"},"modified":"2025-06-12T19:13:11","modified_gmt":"2025-06-12T17:13:11","slug":"table-vivian-ronde-de-couleur-blanche-opaque-diametre-100-ou-120-cm-egalement-disponible-avec-chaises","status":"publish","type":"product","link":"https:\/\/www.bagnoitalia.com\/fr\/produit\/table-vivian-ronde-de-couleur-blanche-opaque-diametre-100-ou-120-cm-egalement-disponible-avec-chaises.html","title":{"rendered":"Table ronde Vivian, blanc mat, diam\u00e8tre 100 ou 120 cm, les chaises assorties sont \u00e9galement disponibles"},"content":{"rendered":"<p><span style=\"font-size: 14pt; font-family: 'arial black', 'avant garde';\">Table ronde Arte povera VIVIAN<\/span><\/p>\n<div id=\"tab-descrizione\" class=\"clearfix ui-tabs-panel ui-widget-content ui-corner-bottom\">\n<p><span style=\"font-size: 10pt;\">La table ronde <strong>Vivian<\/strong> est r\u00e9alis\u00e9e <strong>en bois de peuplier massif<\/strong>, selon l&rsquo;artisanat italien classique qui garantit une qualit\u00e9 et un style incomparables.<\/span><\/p>\n<p><span style=\"font-size: 10pt;\">Vivian est une table fonctionnelle au design raffin\u00e9, caract\u00e9ris\u00e9e par <strong>une finition<\/strong> laqu\u00e9 <strong>blanc<\/strong> mat et des pieds au travail particulier.<\/span><\/p>\n<\/div>\n<p>&nbsp;<\/p>\n<p><span style=\"font-family: 'times new roman', times; font-size: 18.6666660308838px;\">Disponible en diff\u00e9rentes tailles 100\/120 cm H = 78 cm<br \/>\n<\/span><\/p>\n<p>Cette table est extensible dans les deux tailles, l&rsquo;extension est de 32 cm.<\/p>\n<p>Il est possible d&rsquo;ajouter 1 \u00e0 4 chaises au choix dans le menu lat\u00e9ral<\/p>\n<p>&nbsp;<\/p>\n<p><span style=\"font-family: 'times new roman', times; font-size: 19px;\">Blanc mat avec un diam\u00e8tre de 100 cm<\/span><\/p>\n<p><img fetchpriority=\"high\" decoding=\"async\" class=\" size-full wp-image-24022\" src=\"https:\/\/img.bagnoitalia.com\/wp-content\/uploads\/virtuemart\/product\/146859.jpg\" alt=\"tavolo1000.jpg_product_product_product_product_product_product_product_product_product_product_product_product_product_product\" width=\"418\" height=\"418\" srcset=\"https:\/\/img.bagnoitalia.com\/wp-content\/uploads\/virtuemart\/product\/146859.jpg 418w, https:\/\/img.bagnoitalia.com\/wp-content\/uploads\/virtuemart\/product\/146859-100x100.jpg 100w, https:\/\/img.bagnoitalia.com\/wp-content\/uploads\/virtuemart\/product\/146859-150x150.jpg 150w\" sizes=\"(max-width: 418px) 100vw, 418px\" \/><\/p>\n<p>&nbsp;<\/p>\n<p><span style=\"font-size: 12pt; font-family: 'arial black', 'avant garde'; color: #0000ff;\">Code. 1468<\/span><\/p>\n<p>___________________________________________________________________<\/p>\n<p><span style=\"font-family: 'times new roman', times; font-size: 19px;\">Blanc mat avec un diam\u00e8tre de 120 cm<\/span><\/p>\n<p><img decoding=\"async\" class=\" size-full wp-image-24026\" src=\"https:\/\/img.bagnoitalia.com\/wp-content\/uploads\/virtuemart\/product\/1453.jpg\" alt=\"tavolo1000.jpg_product_product_product_product_product_product_product_product_product_product_product_product_product_product\" width=\"418\" height=\"418\" srcset=\"https:\/\/img.bagnoitalia.com\/wp-content\/uploads\/virtuemart\/product\/1453.jpg 418w, https:\/\/img.bagnoitalia.com\/wp-content\/uploads\/virtuemart\/product\/1453-100x100.jpg 100w, https:\/\/img.bagnoitalia.com\/wp-content\/uploads\/virtuemart\/product\/1453-150x150.jpg 150w\" sizes=\"(max-width: 418px) 100vw, 418px\" \/><\/p>\n<p><span style=\"font-size: 12pt; font-family: 'arial black', 'avant garde'; color: #0000ff;\">Code. 1453<\/span><\/p>\n","protected":false},"excerpt":{"rendered":"<p>Table ronde Vivian, blanc mat, diam\u00e8tre 100 ou 120 cm, les chaises assorties sont \u00e9galement disponibles<\/p>\n","protected":false},"featured_media":24002,"comment_status":"open","ping_status":"closed","template":"","meta":[],"product_brand":[5031],"product_cat":[10006],"product_tag":[],"class_list":{"0":"post-79030","1":"product","2":"type-product","3":"status-publish","4":"has-post-thumbnail","6":"product_brand-tempesta-lineatavoli","7":"product_cat-tables-fr","9":"first","10":"instock","11":"sale","12":"taxable","13":"shipping-taxable","14":"purchasable","15":"product-type-simple"},"exclude_global_add_ons":false,"addons":[{"name":"dimensions","type":"multiple_choice","position":0,"required":true,"title_format":"heading","default":"","description_enable":false,"description":"","placeholder_enable":false,"placeholder":"","display":"select","restrictions_type":"any_text","adjust_price":false,"price":"","price_type":"flat_fee","restrictions":false,"min":"0","max":"0","options":[{"label":"Blanc mat - diam\u00e8tre 100 cm","price":"","price_type":"quantity_based","image":0,"visibility":true},{"label":"Blanc mat - diam\u00e8tre 120 cm","price":"","price_type":"quantity_based","image":0,"visibility":true}],"id":1718714549},{"name":"typologie","type":"multiple_choice","position":1,"required":true,"title_format":"heading","default":"","description_enable":false,"description":"","placeholder_enable":false,"placeholder":"","display":"select","restrictions_type":"any_text","adjust_price":false,"price":"","price_type":"flat_fee","restrictions":false,"min":"0","max":"0","options":[{"label":"NON chaises","price":"","price_type":"quantity_based","image":0,"visibility":true},{"label":"1 chaise","price":"53","price_type":"quantity_based","image":0,"visibility":true},{"label":"2 chaises","price":"106","price_type":"quantity_based","image":0,"visibility":true},{"label":"3 chaises","price":"159","price_type":"quantity_based","image":0,"visibility":true},{"label":"4 chaises","price":"212","price_type":"quantity_based","image":0,"visibility":true}],"id":1718714550}],"yoast_head":"<!-- This site is optimized with the Yoast SEO plugin v26.7 - https:\/\/yoast.com\/wordpress\/plugins\/seo\/ -->\n<title>Table ronde Vivian, blanc mat, diam\u00e8tre 100 ou 120 cm, les chaises assorties sont \u00e9galement disponibles<\/title>\n<meta name=\"robots\" content=\"index, follow, max-snippet:-1, max-image-preview:large, max-video-preview:-1\" \/>\n<link rel=\"canonical\" href=\"https:\/\/www.bagnoitalia.com\/fr\/produit\/table-vivian-ronde-de-couleur-blanche-opaque-diametre-100-ou-120-cm-egalement-disponible-avec-chaises.html\" \/>\n<meta property=\"og:locale\" content=\"fr_FR\" \/>\n<meta property=\"og:type\" content=\"article\" \/>\n<meta property=\"og:title\" content=\"Table ronde Vivian, blanc mat, diam\u00e8tre 100 ou 120 cm, les chaises assorties sont \u00e9galement disponibles\" \/>\n<meta property=\"og:description\" content=\"Table ronde Vivian, blanc mat, diam\u00e8tre 100 ou 120 cm, les chaises assorties sont \u00e9galement disponibles\" \/>\n<meta property=\"og:url\" content=\"https:\/\/www.bagnoitalia.com\/fr\/produit\/table-vivian-ronde-de-couleur-blanche-opaque-diametre-100-ou-120-cm-egalement-disponible-avec-chaises.html\" \/>\n<meta property=\"og:site_name\" content=\"Bagno Italia\" \/>\n<meta property=\"article:modified_time\" content=\"2025-06-12T17:13:11+00:00\" \/>\n<meta property=\"og:image\" content=\"https:\/\/img.bagnoitalia.com\/wp-content\/uploads\/virtuemart\/product\/Round-table-matt-white-colour-1_1541684776_4096.jpg\" \/>\n\t<meta property=\"og:image:width\" content=\"589\" \/>\n\t<meta property=\"og:image:height\" content=\"588\" \/>\n\t<meta property=\"og:image:type\" content=\"image\/jpeg\" \/>\n<meta name=\"twitter:card\" content=\"summary_large_image\" \/>\n<meta name=\"twitter:label1\" content=\"Dur\u00e9e de lecture estim\u00e9e\" \/>\n\t<meta name=\"twitter:data1\" content=\"2 minutes\" \/>\n<script type=\"application\/ld+json\" class=\"yoast-schema-graph\">{\"@context\":\"https:\/\/schema.org\",\"@graph\":[{\"@type\":\"WebPage\",\"@id\":\"https:\/\/www.bagnoitalia.com\/fr\/produit\/table-vivian-ronde-de-couleur-blanche-opaque-diametre-100-ou-120-cm-egalement-disponible-avec-chaises.html\",\"url\":\"https:\/\/www.bagnoitalia.com\/fr\/produit\/table-vivian-ronde-de-couleur-blanche-opaque-diametre-100-ou-120-cm-egalement-disponible-avec-chaises.html\",\"name\":\"Table ronde Vivian, blanc mat, diam\u00e8tre 100 ou 120 cm, les chaises assorties sont \u00e9galement disponibles\",\"isPartOf\":{\"@id\":\"https:\/\/www.bagnoitalia.com\/fr#website\"},\"primaryImageOfPage\":{\"@id\":\"https:\/\/www.bagnoitalia.com\/fr\/produit\/table-vivian-ronde-de-couleur-blanche-opaque-diametre-100-ou-120-cm-egalement-disponible-avec-chaises.html#primaryimage\"},\"image\":{\"@id\":\"https:\/\/www.bagnoitalia.com\/fr\/produit\/table-vivian-ronde-de-couleur-blanche-opaque-diametre-100-ou-120-cm-egalement-disponible-avec-chaises.html#primaryimage\"},\"thumbnailUrl\":\"https:\/\/img.bagnoitalia.com\/wp-content\/uploads\/virtuemart\/product\/Round-table-matt-white-colour-1_1541684776_4096.jpg\",\"datePublished\":\"2015-01-13T16:24:29+00:00\",\"dateModified\":\"2025-06-12T17:13:11+00:00\",\"breadcrumb\":{\"@id\":\"https:\/\/www.bagnoitalia.com\/fr\/produit\/table-vivian-ronde-de-couleur-blanche-opaque-diametre-100-ou-120-cm-egalement-disponible-avec-chaises.html#breadcrumb\"},\"inLanguage\":\"fr-FR\",\"potentialAction\":[{\"@type\":\"ReadAction\",\"target\":[\"https:\/\/www.bagnoitalia.com\/fr\/produit\/table-vivian-ronde-de-couleur-blanche-opaque-diametre-100-ou-120-cm-egalement-disponible-avec-chaises.html\"]}]},{\"@type\":\"ImageObject\",\"inLanguage\":\"fr-FR\",\"@id\":\"https:\/\/www.bagnoitalia.com\/fr\/produit\/table-vivian-ronde-de-couleur-blanche-opaque-diametre-100-ou-120-cm-egalement-disponible-avec-chaises.html#primaryimage\",\"url\":\"https:\/\/img.bagnoitalia.com\/wp-content\/uploads\/virtuemart\/product\/Round-table-matt-white-colour-1_1541684776_4096.jpg\",\"contentUrl\":\"https:\/\/img.bagnoitalia.com\/wp-content\/uploads\/virtuemart\/product\/Round-table-matt-white-colour-1_1541684776_4096.jpg\",\"width\":589,\"height\":588},{\"@type\":\"BreadcrumbList\",\"@id\":\"https:\/\/www.bagnoitalia.com\/fr\/produit\/table-vivian-ronde-de-couleur-blanche-opaque-diametre-100-ou-120-cm-egalement-disponible-avec-chaises.html#breadcrumb\",\"itemListElement\":[{\"@type\":\"ListItem\",\"position\":1,\"name\":\"Home\",\"item\":\"https:\/\/www.bagnoitalia.com\/fr\"},{\"@type\":\"ListItem\",\"position\":2,\"name\":\"Produits\",\"item\":\"https:\/\/www.bagnoitalia.com\/fr\/shop\"},{\"@type\":\"ListItem\",\"position\":3,\"name\":\"Table ronde Vivian, blanc mat, diam\u00e8tre 100 ou 120 cm, les chaises assorties sont \u00e9galement disponibles\"}]},{\"@type\":\"WebSite\",\"@id\":\"https:\/\/www.bagnoitalia.com\/fr#website\",\"url\":\"https:\/\/www.bagnoitalia.com\/fr\",\"name\":\"Bagno Italia\",\"description\":\"\",\"publisher\":{\"@id\":\"https:\/\/www.bagnoitalia.com\/fr#organization\"},\"potentialAction\":[{\"@type\":\"SearchAction\",\"target\":{\"@type\":\"EntryPoint\",\"urlTemplate\":\"https:\/\/www.bagnoitalia.com\/fr?s={search_term_string}\"},\"query-input\":{\"@type\":\"PropertyValueSpecification\",\"valueRequired\":true,\"valueName\":\"search_term_string\"}}],\"inLanguage\":\"fr-FR\"},{\"@type\":\"Organization\",\"@id\":\"https:\/\/www.bagnoitalia.com\/fr#organization\",\"name\":\"Bagno Italia\",\"url\":\"https:\/\/www.bagnoitalia.com\/fr\",\"logo\":{\"@type\":\"ImageObject\",\"inLanguage\":\"fr-FR\",\"@id\":\"https:\/\/www.bagnoitalia.com\/fr#\/schema\/logo\/image\/\",\"url\":\"https:\/\/img.bagnoitalia.com\/wp-content\/uploads\/logo-bagnoitalia.webp\",\"contentUrl\":\"https:\/\/img.bagnoitalia.com\/wp-content\/uploads\/logo-bagnoitalia.webp\",\"width\":400,\"height\":70,\"caption\":\"Bagno Italia\"},\"image\":{\"@id\":\"https:\/\/www.bagnoitalia.com\/fr#\/schema\/logo\/image\/\"}}]}<\/script>\n<!-- \/ Yoast SEO plugin. -->","yoast_head_json":{"title":"Table ronde Vivian, blanc mat, diam\u00e8tre 100 ou 120 cm, les chaises assorties sont \u00e9galement disponibles","robots":{"index":"index","follow":"follow","max-snippet":"max-snippet:-1","max-image-preview":"max-image-preview:large","max-video-preview":"max-video-preview:-1"},"canonical":"https:\/\/www.bagnoitalia.com\/fr\/produit\/table-vivian-ronde-de-couleur-blanche-opaque-diametre-100-ou-120-cm-egalement-disponible-avec-chaises.html","og_locale":"fr_FR","og_type":"article","og_title":"Table ronde Vivian, blanc mat, diam\u00e8tre 100 ou 120 cm, les chaises assorties sont \u00e9galement disponibles","og_description":"Table ronde Vivian, blanc mat, diam\u00e8tre 100 ou 120 cm, les chaises assorties sont \u00e9galement disponibles","og_url":"https:\/\/www.bagnoitalia.com\/fr\/produit\/table-vivian-ronde-de-couleur-blanche-opaque-diametre-100-ou-120-cm-egalement-disponible-avec-chaises.html","og_site_name":"Bagno Italia","article_modified_time":"2025-06-12T17:13:11+00:00","og_image":[{"width":589,"height":588,"url":"https:\/\/img.bagnoitalia.com\/wp-content\/uploads\/virtuemart\/product\/Round-table-matt-white-colour-1_1541684776_4096.jpg","type":"image\/jpeg"}],"twitter_card":"summary_large_image","twitter_misc":{"Dur\u00e9e de lecture estim\u00e9e":"2 minutes"},"schema":{"@context":"https:\/\/schema.org","@graph":[{"@type":"WebPage","@id":"https:\/\/www.bagnoitalia.com\/fr\/produit\/table-vivian-ronde-de-couleur-blanche-opaque-diametre-100-ou-120-cm-egalement-disponible-avec-chaises.html","url":"https:\/\/www.bagnoitalia.com\/fr\/produit\/table-vivian-ronde-de-couleur-blanche-opaque-diametre-100-ou-120-cm-egalement-disponible-avec-chaises.html","name":"Table ronde Vivian, blanc mat, diam\u00e8tre 100 ou 120 cm, les chaises assorties sont \u00e9galement disponibles","isPartOf":{"@id":"https:\/\/www.bagnoitalia.com\/fr#website"},"primaryImageOfPage":{"@id":"https:\/\/www.bagnoitalia.com\/fr\/produit\/table-vivian-ronde-de-couleur-blanche-opaque-diametre-100-ou-120-cm-egalement-disponible-avec-chaises.html#primaryimage"},"image":{"@id":"https:\/\/www.bagnoitalia.com\/fr\/produit\/table-vivian-ronde-de-couleur-blanche-opaque-diametre-100-ou-120-cm-egalement-disponible-avec-chaises.html#primaryimage"},"thumbnailUrl":"https:\/\/img.bagnoitalia.com\/wp-content\/uploads\/virtuemart\/product\/Round-table-matt-white-colour-1_1541684776_4096.jpg","datePublished":"2015-01-13T16:24:29+00:00","dateModified":"2025-06-12T17:13:11+00:00","breadcrumb":{"@id":"https:\/\/www.bagnoitalia.com\/fr\/produit\/table-vivian-ronde-de-couleur-blanche-opaque-diametre-100-ou-120-cm-egalement-disponible-avec-chaises.html#breadcrumb"},"inLanguage":"fr-FR","potentialAction":[{"@type":"ReadAction","target":["https:\/\/www.bagnoitalia.com\/fr\/produit\/table-vivian-ronde-de-couleur-blanche-opaque-diametre-100-ou-120-cm-egalement-disponible-avec-chaises.html"]}]},{"@type":"ImageObject","inLanguage":"fr-FR","@id":"https:\/\/www.bagnoitalia.com\/fr\/produit\/table-vivian-ronde-de-couleur-blanche-opaque-diametre-100-ou-120-cm-egalement-disponible-avec-chaises.html#primaryimage","url":"https:\/\/img.bagnoitalia.com\/wp-content\/uploads\/virtuemart\/product\/Round-table-matt-white-colour-1_1541684776_4096.jpg","contentUrl":"https:\/\/img.bagnoitalia.com\/wp-content\/uploads\/virtuemart\/product\/Round-table-matt-white-colour-1_1541684776_4096.jpg","width":589,"height":588},{"@type":"BreadcrumbList","@id":"https:\/\/www.bagnoitalia.com\/fr\/produit\/table-vivian-ronde-de-couleur-blanche-opaque-diametre-100-ou-120-cm-egalement-disponible-avec-chaises.html#breadcrumb","itemListElement":[{"@type":"ListItem","position":1,"name":"Home","item":"https:\/\/www.bagnoitalia.com\/fr"},{"@type":"ListItem","position":2,"name":"Produits","item":"https:\/\/www.bagnoitalia.com\/fr\/shop"},{"@type":"ListItem","position":3,"name":"Table ronde Vivian, blanc mat, diam\u00e8tre 100 ou 120 cm, les chaises assorties sont \u00e9galement disponibles"}]},{"@type":"WebSite","@id":"https:\/\/www.bagnoitalia.com\/fr#website","url":"https:\/\/www.bagnoitalia.com\/fr","name":"Bagno Italia","description":"","publisher":{"@id":"https:\/\/www.bagnoitalia.com\/fr#organization"},"potentialAction":[{"@type":"SearchAction","target":{"@type":"EntryPoint","urlTemplate":"https:\/\/www.bagnoitalia.com\/fr?s={search_term_string}"},"query-input":{"@type":"PropertyValueSpecification","valueRequired":true,"valueName":"search_term_string"}}],"inLanguage":"fr-FR"},{"@type":"Organization","@id":"https:\/\/www.bagnoitalia.com\/fr#organization","name":"Bagno Italia","url":"https:\/\/www.bagnoitalia.com\/fr","logo":{"@type":"ImageObject","inLanguage":"fr-FR","@id":"https:\/\/www.bagnoitalia.com\/fr#\/schema\/logo\/image\/","url":"https:\/\/img.bagnoitalia.com\/wp-content\/uploads\/logo-bagnoitalia.webp","contentUrl":"https:\/\/img.bagnoitalia.com\/wp-content\/uploads\/logo-bagnoitalia.webp","width":400,"height":70,"caption":"Bagno Italia"},"image":{"@id":"https:\/\/www.bagnoitalia.com\/fr#\/schema\/logo\/image\/"}}]}},"_links":{"self":[{"href":"https:\/\/www.bagnoitalia.com\/fr\/wp-json\/wp\/v2\/product\/79030","targetHints":{"allow":["GET"]}}],"collection":[{"href":"https:\/\/www.bagnoitalia.com\/fr\/wp-json\/wp\/v2\/product"}],"about":[{"href":"https:\/\/www.bagnoitalia.com\/fr\/wp-json\/wp\/v2\/types\/product"}],"replies":[{"embeddable":true,"href":"https:\/\/www.bagnoitalia.com\/fr\/wp-json\/wp\/v2\/comments?post=79030"}],"version-history":[{"count":1,"href":"https:\/\/www.bagnoitalia.com\/fr\/wp-json\/wp\/v2\/product\/79030\/revisions"}],"predecessor-version":[{"id":90478,"href":"https:\/\/www.bagnoitalia.com\/fr\/wp-json\/wp\/v2\/product\/79030\/revisions\/90478"}],"wp:featuredmedia":[{"embeddable":true,"href":"https:\/\/www.bagnoitalia.com\/fr\/wp-json\/wp\/v2\/media\/24002"}],"wp:attachment":[{"href":"https:\/\/www.bagnoitalia.com\/fr\/wp-json\/wp\/v2\/media?parent=79030"}],"wp:term":[{"taxonomy":"product_brand","embeddable":true,"href":"https:\/\/www.bagnoitalia.com\/fr\/wp-json\/wp\/v2\/product_brand?post=79030"},{"taxonomy":"product_cat","embeddable":true,"href":"https:\/\/www.bagnoitalia.com\/fr\/wp-json\/wp\/v2\/product_cat?post=79030"},{"taxonomy":"product_tag","embeddable":true,"href":"https:\/\/www.bagnoitalia.com\/fr\/wp-json\/wp\/v2\/product_tag?post=79030"}],"curies":[{"name":"wp","href":"https:\/\/api.w.org\/{rel}","templated":true}]}}