{"id":79026,"date":"2015-01-13T17:10:13","date_gmt":"2015-01-13T16:10:13","guid":{"rendered":"https:\/\/www.bagnoitalia.com\/product\/table-extensible-de-couleur-blanche-cindy-arte-povera-egalement-disponible-avec-chaises"},"modified":"2024-06-04T15:03:54","modified_gmt":"2024-06-04T13:03:54","slug":"table-extensible-de-couleur-blanche-cindy-arte-povera-egalement-disponible-avec-chaises","status":"publish","type":"product","link":"https:\/\/www.bagnoitalia.com\/fr\/produit\/table-extensible-de-couleur-blanche-cindy-arte-povera-egalement-disponible-avec-chaises.html","title":{"rendered":"Table extensible Cindy blanche Arte povera les chaises assorties sont \u00e9galement disponibles"},"content":{"rendered":"<p><span style=\"font-size: 14pt; font-family: 'arial black', 'avant garde';\">Table extensible Arte povera CINDY<\/span><\/p>\n<div id=\"tab-descrizione\" class=\"clearfix ui-tabs-panel ui-widget-content ui-corner-bottom\">\n<p><span style=\"font-size: 10pt;\">La table extensible <strong>Cindy<\/strong> est <strong>fabriqu\u00e9e<\/strong> \u00e0 la <strong>main<\/strong> par des ma\u00eetres artisans italiens, qui garantissent la qualit\u00e9 des mat\u00e9riaux et la durabilit\u00e9 dans le temps.<\/span><\/p>\n<p><span style=\"font-size: 10pt;\">Fabriqu\u00e9e <strong>en bois de peuplier<\/strong> avec une <strong>finition<\/strong> laqu\u00e9e <strong>blanche mate<\/strong> et garantie <strong>Made in Italy<\/strong>, Cindy pr\u00e9sente un design classique et \u00e9l\u00e9gant.<\/span><\/p>\n<p><span style=\"font-size: 10pt;\">Deux rallonges pratiques de 40 cm chacune vous permettront d\u2019augmenter la longueur de la table pour une plus grande utilisation.<\/span><\/p>\n<\/div>\n<p><span style=\"font-family: 'times new roman', times; font-size: 14pt;\">Blanc mat 160x85x78h<\/span><\/p>\n<p><span style=\"font-size: 12pt; font-family: 'times new roman', times;\">Il est possible d&rsquo;ajouter 1 \u00e0 4 chaises au choix dans le menu lat\u00e9ral<\/span><\/p>\n<p><strong><span style=\"color: #0000ff;\">Code. 1000 &#8211; Table<\/span><\/strong><\/p>\n<p><strong><span style=\"color: #0000ff;\">Code. 1001 &#8211; pr\u00e9sident<\/span><\/strong><\/p>\n","protected":false},"excerpt":{"rendered":"<p>Table extensible Cindy blanche Arte povera les chaises assorties sont \u00e9galement disponibles<\/p>\n","protected":false},"featured_media":23978,"comment_status":"open","ping_status":"closed","template":"","meta":[],"product_brand":[5031],"product_cat":[10006],"product_tag":[],"class_list":{"0":"post-79026","1":"product","2":"type-product","3":"status-publish","4":"has-post-thumbnail","6":"product_brand-tempesta-lineatavoli","7":"product_cat-tables-fr","9":"first","10":"instock","11":"sale","12":"taxable","13":"shipping-taxable","14":"purchasable","15":"product-type-simple"},"exclude_global_add_ons":false,"addons":[{"name":"Type","type":"multiple_choice","position":0,"required":true,"title_format":"heading","default":"","description_enable":false,"description":"","placeholder_enable":false,"placeholder":"","display":"select","restrictions_type":"any_text","adjust_price":false,"price":"","price_type":"flat_fee","restrictions":false,"min":"0","max":"0","options":[{"label":"Pas de chaises","price":"","price_type":"quantity_based","image":0,"visibility":true},{"label":"1 chaise","price":"53","price_type":"quantity_based","image":0,"visibility":true},{"label":"2 chaises","price":"106","price_type":"quantity_based","image":0,"visibility":true},{"label":"3 chaises","price":"159","price_type":"quantity_based","image":0,"visibility":true},{"label":"4 chaises","price":"212","price_type":"quantity_based","image":0,"visibility":true},{"label":"5 chaises","price":"265","price_type":"quantity_based","image":0,"visibility":true},{"label":"6 chaises","price":"318","price_type":"quantity_based","image":0,"visibility":true}],"id":1717513434},{"name":"Couleur","type":"multiple_choice","position":1,"required":true,"title_format":"heading","default":"","description_enable":false,"description":"","placeholder_enable":false,"placeholder":"","display":"select","restrictions_type":"any_text","adjust_price":false,"price":"","price_type":"flat_fee","restrictions":false,"min":"0","max":"0","options":[{"label":"avec assise en bois","price":"","price_type":"quantity_based","image":0,"visibility":true},{"label":"avec assise en paille","price":"","price_type":"quantity_based","image":0,"visibility":true}],"id":1717513435}],"yoast_head":"<!-- This site is optimized with the Yoast SEO plugin v26.7 - https:\/\/yoast.com\/wordpress\/plugins\/seo\/ -->\n<title>Table extensible Cindy blanche Arte povera les chaises assorties sont \u00e9galement disponibles<\/title>\n<meta name=\"robots\" content=\"index, follow, max-snippet:-1, max-image-preview:large, max-video-preview:-1\" \/>\n<link rel=\"canonical\" href=\"https:\/\/www.bagnoitalia.com\/fr\/produit\/table-extensible-de-couleur-blanche-cindy-arte-povera-egalement-disponible-avec-chaises.html\" \/>\n<meta property=\"og:locale\" content=\"fr_FR\" \/>\n<meta property=\"og:type\" content=\"article\" \/>\n<meta property=\"og:title\" content=\"Table extensible Cindy blanche Arte povera les chaises assorties sont \u00e9galement disponibles\" \/>\n<meta property=\"og:description\" content=\"Table extensible Cindy blanche Arte povera les chaises assorties sont \u00e9galement disponibles\" \/>\n<meta property=\"og:url\" content=\"https:\/\/www.bagnoitalia.com\/fr\/produit\/table-extensible-de-couleur-blanche-cindy-arte-povera-egalement-disponible-avec-chaises.html\" \/>\n<meta property=\"og:site_name\" content=\"Bagno Italia\" \/>\n<meta property=\"article:modified_time\" content=\"2024-06-04T13:03:54+00:00\" \/>\n<meta property=\"og:image\" content=\"https:\/\/img.bagnoitalia.com\/wp-content\/uploads\/virtuemart\/product\/Poor-art-extendable-table-Cindy-model-1_1541685435_5483.jpg\" \/>\n\t<meta property=\"og:image:width\" content=\"640\" \/>\n\t<meta property=\"og:image:height\" content=\"640\" \/>\n\t<meta property=\"og:image:type\" content=\"image\/jpeg\" \/>\n<meta name=\"twitter:card\" content=\"summary_large_image\" \/>\n<meta name=\"twitter:label1\" content=\"Dur\u00e9e de lecture estim\u00e9e\" \/>\n\t<meta name=\"twitter:data1\" content=\"1 minute\" \/>\n<script type=\"application\/ld+json\" class=\"yoast-schema-graph\">{\"@context\":\"https:\/\/schema.org\",\"@graph\":[{\"@type\":\"WebPage\",\"@id\":\"https:\/\/www.bagnoitalia.com\/fr\/produit\/table-extensible-de-couleur-blanche-cindy-arte-povera-egalement-disponible-avec-chaises.html\",\"url\":\"https:\/\/www.bagnoitalia.com\/fr\/produit\/table-extensible-de-couleur-blanche-cindy-arte-povera-egalement-disponible-avec-chaises.html\",\"name\":\"Table extensible Cindy blanche Arte povera les chaises assorties sont \u00e9galement disponibles\",\"isPartOf\":{\"@id\":\"https:\/\/www.bagnoitalia.com\/fr#website\"},\"primaryImageOfPage\":{\"@id\":\"https:\/\/www.bagnoitalia.com\/fr\/produit\/table-extensible-de-couleur-blanche-cindy-arte-povera-egalement-disponible-avec-chaises.html#primaryimage\"},\"image\":{\"@id\":\"https:\/\/www.bagnoitalia.com\/fr\/produit\/table-extensible-de-couleur-blanche-cindy-arte-povera-egalement-disponible-avec-chaises.html#primaryimage\"},\"thumbnailUrl\":\"https:\/\/img.bagnoitalia.com\/wp-content\/uploads\/virtuemart\/product\/Poor-art-extendable-table-Cindy-model-1_1541685435_5483.jpg\",\"datePublished\":\"2015-01-13T16:10:13+00:00\",\"dateModified\":\"2024-06-04T13:03:54+00:00\",\"breadcrumb\":{\"@id\":\"https:\/\/www.bagnoitalia.com\/fr\/produit\/table-extensible-de-couleur-blanche-cindy-arte-povera-egalement-disponible-avec-chaises.html#breadcrumb\"},\"inLanguage\":\"fr-FR\",\"potentialAction\":[{\"@type\":\"ReadAction\",\"target\":[\"https:\/\/www.bagnoitalia.com\/fr\/produit\/table-extensible-de-couleur-blanche-cindy-arte-povera-egalement-disponible-avec-chaises.html\"]}]},{\"@type\":\"ImageObject\",\"inLanguage\":\"fr-FR\",\"@id\":\"https:\/\/www.bagnoitalia.com\/fr\/produit\/table-extensible-de-couleur-blanche-cindy-arte-povera-egalement-disponible-avec-chaises.html#primaryimage\",\"url\":\"https:\/\/img.bagnoitalia.com\/wp-content\/uploads\/virtuemart\/product\/Poor-art-extendable-table-Cindy-model-1_1541685435_5483.jpg\",\"contentUrl\":\"https:\/\/img.bagnoitalia.com\/wp-content\/uploads\/virtuemart\/product\/Poor-art-extendable-table-Cindy-model-1_1541685435_5483.jpg\",\"width\":640,\"height\":640},{\"@type\":\"BreadcrumbList\",\"@id\":\"https:\/\/www.bagnoitalia.com\/fr\/produit\/table-extensible-de-couleur-blanche-cindy-arte-povera-egalement-disponible-avec-chaises.html#breadcrumb\",\"itemListElement\":[{\"@type\":\"ListItem\",\"position\":1,\"name\":\"Home\",\"item\":\"https:\/\/www.bagnoitalia.com\/fr\"},{\"@type\":\"ListItem\",\"position\":2,\"name\":\"Produits\",\"item\":\"https:\/\/www.bagnoitalia.com\/fr\/shop\"},{\"@type\":\"ListItem\",\"position\":3,\"name\":\"Table extensible Cindy blanche Arte povera les chaises assorties sont \u00e9galement disponibles\"}]},{\"@type\":\"WebSite\",\"@id\":\"https:\/\/www.bagnoitalia.com\/fr#website\",\"url\":\"https:\/\/www.bagnoitalia.com\/fr\",\"name\":\"Bagno Italia\",\"description\":\"\",\"publisher\":{\"@id\":\"https:\/\/www.bagnoitalia.com\/fr#organization\"},\"potentialAction\":[{\"@type\":\"SearchAction\",\"target\":{\"@type\":\"EntryPoint\",\"urlTemplate\":\"https:\/\/www.bagnoitalia.com\/fr?s={search_term_string}\"},\"query-input\":{\"@type\":\"PropertyValueSpecification\",\"valueRequired\":true,\"valueName\":\"search_term_string\"}}],\"inLanguage\":\"fr-FR\"},{\"@type\":\"Organization\",\"@id\":\"https:\/\/www.bagnoitalia.com\/fr#organization\",\"name\":\"Bagno Italia\",\"url\":\"https:\/\/www.bagnoitalia.com\/fr\",\"logo\":{\"@type\":\"ImageObject\",\"inLanguage\":\"fr-FR\",\"@id\":\"https:\/\/www.bagnoitalia.com\/fr#\/schema\/logo\/image\/\",\"url\":\"https:\/\/img.bagnoitalia.com\/wp-content\/uploads\/logo-bagnoitalia.webp\",\"contentUrl\":\"https:\/\/img.bagnoitalia.com\/wp-content\/uploads\/logo-bagnoitalia.webp\",\"width\":400,\"height\":70,\"caption\":\"Bagno Italia\"},\"image\":{\"@id\":\"https:\/\/www.bagnoitalia.com\/fr#\/schema\/logo\/image\/\"}}]}<\/script>\n<!-- \/ Yoast SEO plugin. -->","yoast_head_json":{"title":"Table extensible Cindy blanche Arte povera les chaises assorties sont \u00e9galement disponibles","robots":{"index":"index","follow":"follow","max-snippet":"max-snippet:-1","max-image-preview":"max-image-preview:large","max-video-preview":"max-video-preview:-1"},"canonical":"https:\/\/www.bagnoitalia.com\/fr\/produit\/table-extensible-de-couleur-blanche-cindy-arte-povera-egalement-disponible-avec-chaises.html","og_locale":"fr_FR","og_type":"article","og_title":"Table extensible Cindy blanche Arte povera les chaises assorties sont \u00e9galement disponibles","og_description":"Table extensible Cindy blanche Arte povera les chaises assorties sont \u00e9galement disponibles","og_url":"https:\/\/www.bagnoitalia.com\/fr\/produit\/table-extensible-de-couleur-blanche-cindy-arte-povera-egalement-disponible-avec-chaises.html","og_site_name":"Bagno Italia","article_modified_time":"2024-06-04T13:03:54+00:00","og_image":[{"width":640,"height":640,"url":"https:\/\/img.bagnoitalia.com\/wp-content\/uploads\/virtuemart\/product\/Poor-art-extendable-table-Cindy-model-1_1541685435_5483.jpg","type":"image\/jpeg"}],"twitter_card":"summary_large_image","twitter_misc":{"Dur\u00e9e de lecture estim\u00e9e":"1 minute"},"schema":{"@context":"https:\/\/schema.org","@graph":[{"@type":"WebPage","@id":"https:\/\/www.bagnoitalia.com\/fr\/produit\/table-extensible-de-couleur-blanche-cindy-arte-povera-egalement-disponible-avec-chaises.html","url":"https:\/\/www.bagnoitalia.com\/fr\/produit\/table-extensible-de-couleur-blanche-cindy-arte-povera-egalement-disponible-avec-chaises.html","name":"Table extensible Cindy blanche Arte povera les chaises assorties sont \u00e9galement disponibles","isPartOf":{"@id":"https:\/\/www.bagnoitalia.com\/fr#website"},"primaryImageOfPage":{"@id":"https:\/\/www.bagnoitalia.com\/fr\/produit\/table-extensible-de-couleur-blanche-cindy-arte-povera-egalement-disponible-avec-chaises.html#primaryimage"},"image":{"@id":"https:\/\/www.bagnoitalia.com\/fr\/produit\/table-extensible-de-couleur-blanche-cindy-arte-povera-egalement-disponible-avec-chaises.html#primaryimage"},"thumbnailUrl":"https:\/\/img.bagnoitalia.com\/wp-content\/uploads\/virtuemart\/product\/Poor-art-extendable-table-Cindy-model-1_1541685435_5483.jpg","datePublished":"2015-01-13T16:10:13+00:00","dateModified":"2024-06-04T13:03:54+00:00","breadcrumb":{"@id":"https:\/\/www.bagnoitalia.com\/fr\/produit\/table-extensible-de-couleur-blanche-cindy-arte-povera-egalement-disponible-avec-chaises.html#breadcrumb"},"inLanguage":"fr-FR","potentialAction":[{"@type":"ReadAction","target":["https:\/\/www.bagnoitalia.com\/fr\/produit\/table-extensible-de-couleur-blanche-cindy-arte-povera-egalement-disponible-avec-chaises.html"]}]},{"@type":"ImageObject","inLanguage":"fr-FR","@id":"https:\/\/www.bagnoitalia.com\/fr\/produit\/table-extensible-de-couleur-blanche-cindy-arte-povera-egalement-disponible-avec-chaises.html#primaryimage","url":"https:\/\/img.bagnoitalia.com\/wp-content\/uploads\/virtuemart\/product\/Poor-art-extendable-table-Cindy-model-1_1541685435_5483.jpg","contentUrl":"https:\/\/img.bagnoitalia.com\/wp-content\/uploads\/virtuemart\/product\/Poor-art-extendable-table-Cindy-model-1_1541685435_5483.jpg","width":640,"height":640},{"@type":"BreadcrumbList","@id":"https:\/\/www.bagnoitalia.com\/fr\/produit\/table-extensible-de-couleur-blanche-cindy-arte-povera-egalement-disponible-avec-chaises.html#breadcrumb","itemListElement":[{"@type":"ListItem","position":1,"name":"Home","item":"https:\/\/www.bagnoitalia.com\/fr"},{"@type":"ListItem","position":2,"name":"Produits","item":"https:\/\/www.bagnoitalia.com\/fr\/shop"},{"@type":"ListItem","position":3,"name":"Table extensible Cindy blanche Arte povera les chaises assorties sont \u00e9galement disponibles"}]},{"@type":"WebSite","@id":"https:\/\/www.bagnoitalia.com\/fr#website","url":"https:\/\/www.bagnoitalia.com\/fr","name":"Bagno Italia","description":"","publisher":{"@id":"https:\/\/www.bagnoitalia.com\/fr#organization"},"potentialAction":[{"@type":"SearchAction","target":{"@type":"EntryPoint","urlTemplate":"https:\/\/www.bagnoitalia.com\/fr?s={search_term_string}"},"query-input":{"@type":"PropertyValueSpecification","valueRequired":true,"valueName":"search_term_string"}}],"inLanguage":"fr-FR"},{"@type":"Organization","@id":"https:\/\/www.bagnoitalia.com\/fr#organization","name":"Bagno Italia","url":"https:\/\/www.bagnoitalia.com\/fr","logo":{"@type":"ImageObject","inLanguage":"fr-FR","@id":"https:\/\/www.bagnoitalia.com\/fr#\/schema\/logo\/image\/","url":"https:\/\/img.bagnoitalia.com\/wp-content\/uploads\/logo-bagnoitalia.webp","contentUrl":"https:\/\/img.bagnoitalia.com\/wp-content\/uploads\/logo-bagnoitalia.webp","width":400,"height":70,"caption":"Bagno Italia"},"image":{"@id":"https:\/\/www.bagnoitalia.com\/fr#\/schema\/logo\/image\/"}}]}},"_links":{"self":[{"href":"https:\/\/www.bagnoitalia.com\/fr\/wp-json\/wp\/v2\/product\/79026","targetHints":{"allow":["GET"]}}],"collection":[{"href":"https:\/\/www.bagnoitalia.com\/fr\/wp-json\/wp\/v2\/product"}],"about":[{"href":"https:\/\/www.bagnoitalia.com\/fr\/wp-json\/wp\/v2\/types\/product"}],"replies":[{"embeddable":true,"href":"https:\/\/www.bagnoitalia.com\/fr\/wp-json\/wp\/v2\/comments?post=79026"}],"version-history":[{"count":1,"href":"https:\/\/www.bagnoitalia.com\/fr\/wp-json\/wp\/v2\/product\/79026\/revisions"}],"predecessor-version":[{"id":89292,"href":"https:\/\/www.bagnoitalia.com\/fr\/wp-json\/wp\/v2\/product\/79026\/revisions\/89292"}],"wp:featuredmedia":[{"embeddable":true,"href":"https:\/\/www.bagnoitalia.com\/fr\/wp-json\/wp\/v2\/media\/23978"}],"wp:attachment":[{"href":"https:\/\/www.bagnoitalia.com\/fr\/wp-json\/wp\/v2\/media?parent=79026"}],"wp:term":[{"taxonomy":"product_brand","embeddable":true,"href":"https:\/\/www.bagnoitalia.com\/fr\/wp-json\/wp\/v2\/product_brand?post=79026"},{"taxonomy":"product_cat","embeddable":true,"href":"https:\/\/www.bagnoitalia.com\/fr\/wp-json\/wp\/v2\/product_cat?post=79026"},{"taxonomy":"product_tag","embeddable":true,"href":"https:\/\/www.bagnoitalia.com\/fr\/wp-json\/wp\/v2\/product_tag?post=79026"}],"curies":[{"name":"wp","href":"https:\/\/api.w.org\/{rel}","templated":true}]}}