{"id":79022,"date":"2015-01-13T16:44:53","date_gmt":"2015-01-13T15:44:53","guid":{"rendered":"https:\/\/www.bagnoitalia.com\/product\/support-de-meuble-mobile-nancy-low-2-modeles-de-meuble-de-differentes-tailles-blanc-mat-et-brillant"},"modified":"2025-04-24T09:14:15","modified_gmt":"2025-04-24T07:14:15","slug":"support-de-meuble-mobile-nancy-low-2-modeles-de-meuble-de-differentes-tailles-blanc-mat-et-brillant","status":"publish","type":"product","link":"https:\/\/www.bagnoitalia.com\/fr\/produit\/support-de-meuble-mobile-nancy-low-2-modeles-de-meuble-de-differentes-tailles-blanc-mat-et-brillant.html","title":{"rendered":"Meuble TV bas Nancy  2 mod\u00e8les de meuble de diff\u00e9rentes tailles, blanc mat et brillant"},"content":{"rendered":"<p><span style=\"font-size: 14pt; font-family: 'arial black', 'avant garde';\">Meuble de t\u00e9l\u00e9vision bas NANCY<\/span><\/p>\n<p><span style=\"font-size: 10pt;\">Le <strong>meuble<\/strong> t\u00e9l\u00e9 <strong>Nancy<\/strong> est <strong>fabriqu\u00e9<\/strong> en <strong>bois de peuplier massif<\/strong> avec <strong>finition<\/strong> laqu\u00e9e <strong>blanc mat et blanc brillant.<\/strong> Il se distingue par son design simple et \u00e9l\u00e9gant. Garanti <strong>Made in Italy<\/strong>, le meuble t\u00e9l\u00e9 Nancy est livr\u00e9 d\u00e9j\u00e0 assembl\u00e9 et comporte deux compartiments et deux grandes \u00e9tag\u00e8res ouvertes.<\/span><\/p>\n<\/p>\n<p><span style=\"font-size: 14pt; font-family: 'times new roman', times;\">Disponible en deux mod\u00e8les diff\u00e9rents<\/span><\/p>\n<p><span style=\"text-decoration: underline;\"><span style=\"font-family: 'comic sans ms', sans-serif; font-size: 13px; color: #ff0000; text-decoration: underline;\">Poign\u00e9es incluses, pr\u00e9 trous non faits<\/span><\/span><\/p>\n<\/p>\n<p><span style=\"font-size: 14pt; font-family: 'times new roman', times;\">Meuble t\u00e9l\u00e9 blanc mat 164x46x64h<\/span><\/p>\n<p><img fetchpriority=\"high\" decoding=\"async\" class=\" size-full wp-image-23966\" src=\"https:\/\/img.bagnoitalia.com\/wp-content\/uploads\/virtuemart\/product\/14424.jpg\" alt=\"porte-tv.jpg_product_product_product_product_product_product_product_product_product_product_product_product_product_product\" width=\"418\" height=\"418\" srcset=\"https:\/\/img.bagnoitalia.com\/wp-content\/uploads\/virtuemart\/product\/14424.jpg 418w, https:\/\/img.bagnoitalia.com\/wp-content\/uploads\/virtuemart\/product\/14424-100x100.jpg 100w, https:\/\/img.bagnoitalia.com\/wp-content\/uploads\/virtuemart\/product\/14424-150x150.jpg 150w\" sizes=\"(max-width: 418px) 100vw, 418px\" \/><\/p>\n<p><span style=\"font-family: 'arial black', 'avant garde'; font-size: 12pt; color: #0000ff;\">Code. 1442<\/span><\/p>\n<p>_______________________________________________________________________<\/p>\n<p><span style=\"font-size: 14pt; font-family: 'times new roman', times;\">Meuble t\u00e9l\u00e9 blanc brillant 195x50x60h<\/span><\/p>\n<p><img decoding=\"async\" class=\" size-full wp-image-23971\" src=\"https:\/\/img.bagnoitalia.com\/wp-content\/uploads\/virtuemart\/product\/4826.jpg\" alt=\"porte-tv.jpg_product_product_product_product_product_product_product_product_product_product_product_product_product_product\" width=\"418\" height=\"418\" srcset=\"https:\/\/img.bagnoitalia.com\/wp-content\/uploads\/virtuemart\/product\/4826.jpg 418w, https:\/\/img.bagnoitalia.com\/wp-content\/uploads\/virtuemart\/product\/4826-100x100.jpg 100w, https:\/\/img.bagnoitalia.com\/wp-content\/uploads\/virtuemart\/product\/4826-150x150.jpg 150w\" sizes=\"(max-width: 418px) 100vw, 418px\" \/><\/p>\n<p><span style=\"font-family: 'arial black', 'avant garde'; font-size: 12pt; color: #0000ff;\">Code. 482<\/span><\/p>\n","protected":false},"excerpt":{"rendered":"<p>Support de TV bas Nancy 2 mod\u00e8les de meuble de diff\u00e9rentes tailles, blanc mat et brillant<\/p>\n","protected":false},"featured_media":23958,"comment_status":"open","ping_status":"closed","template":"","meta":[],"product_brand":[5031],"product_cat":[10115],"product_tag":[],"class_list":{"0":"post-79022","1":"product","2":"type-product","3":"status-publish","4":"has-post-thumbnail","6":"product_brand-tempesta-lineatavoli","7":"product_cat-senza-categoria-fr","9":"first","10":"outofstock","11":"taxable","12":"shipping-taxable","13":"purchasable","14":"product-type-simple"},"exclude_global_add_ons":[],"addons":[],"yoast_head":"<!-- This site is optimized with the Yoast SEO plugin v26.7 - https:\/\/yoast.com\/wordpress\/plugins\/seo\/ -->\n<title>Meuble TV bas Nancy 2 mod\u00e8les de meuble de diff\u00e9rentes tailles, blanc mat et brillant<\/title>\n<meta name=\"robots\" content=\"index, follow, max-snippet:-1, max-image-preview:large, max-video-preview:-1\" \/>\n<link rel=\"canonical\" href=\"https:\/\/www.bagnoitalia.com\/fr\/produit\/support-de-meuble-mobile-nancy-low-2-modeles-de-meuble-de-differentes-tailles-blanc-mat-et-brillant.html\" \/>\n<meta property=\"og:locale\" content=\"fr_FR\" \/>\n<meta property=\"og:type\" content=\"article\" \/>\n<meta property=\"og:title\" content=\"Meuble TV bas Nancy 2 mod\u00e8les de meuble de diff\u00e9rentes tailles, blanc mat et brillant\" \/>\n<meta property=\"og:description\" content=\"Support de TV bas Nancy 2 mod\u00e8les de meuble de diff\u00e9rentes tailles, blanc mat et brillant\" \/>\n<meta property=\"og:url\" content=\"https:\/\/www.bagnoitalia.com\/fr\/produit\/support-de-meuble-mobile-nancy-low-2-modeles-de-meuble-de-differentes-tailles-blanc-mat-et-brillant.html\" \/>\n<meta property=\"og:site_name\" content=\"Bagno Italia\" \/>\n<meta property=\"article:modified_time\" content=\"2025-04-24T07:14:15+00:00\" \/>\n<meta property=\"og:image\" content=\"https:\/\/img.bagnoitalia.com\/wp-content\/uploads\/virtuemart\/product\/LOW-TV2.jpg\" \/>\n\t<meta property=\"og:image:width\" content=\"592\" \/>\n\t<meta property=\"og:image:height\" content=\"592\" \/>\n\t<meta property=\"og:image:type\" content=\"image\/jpeg\" \/>\n<meta name=\"twitter:card\" content=\"summary_large_image\" \/>\n<script type=\"application\/ld+json\" class=\"yoast-schema-graph\">{\"@context\":\"https:\/\/schema.org\",\"@graph\":[{\"@type\":\"WebPage\",\"@id\":\"https:\/\/www.bagnoitalia.com\/fr\/produit\/support-de-meuble-mobile-nancy-low-2-modeles-de-meuble-de-differentes-tailles-blanc-mat-et-brillant.html\",\"url\":\"https:\/\/www.bagnoitalia.com\/fr\/produit\/support-de-meuble-mobile-nancy-low-2-modeles-de-meuble-de-differentes-tailles-blanc-mat-et-brillant.html\",\"name\":\"Meuble TV bas Nancy 2 mod\u00e8les de meuble de diff\u00e9rentes tailles, blanc mat et brillant\",\"isPartOf\":{\"@id\":\"https:\/\/www.bagnoitalia.com\/fr#website\"},\"primaryImageOfPage\":{\"@id\":\"https:\/\/www.bagnoitalia.com\/fr\/produit\/support-de-meuble-mobile-nancy-low-2-modeles-de-meuble-de-differentes-tailles-blanc-mat-et-brillant.html#primaryimage\"},\"image\":{\"@id\":\"https:\/\/www.bagnoitalia.com\/fr\/produit\/support-de-meuble-mobile-nancy-low-2-modeles-de-meuble-de-differentes-tailles-blanc-mat-et-brillant.html#primaryimage\"},\"thumbnailUrl\":\"https:\/\/img.bagnoitalia.com\/wp-content\/uploads\/virtuemart\/product\/LOW-TV2.jpg\",\"datePublished\":\"2015-01-13T15:44:53+00:00\",\"dateModified\":\"2025-04-24T07:14:15+00:00\",\"breadcrumb\":{\"@id\":\"https:\/\/www.bagnoitalia.com\/fr\/produit\/support-de-meuble-mobile-nancy-low-2-modeles-de-meuble-de-differentes-tailles-blanc-mat-et-brillant.html#breadcrumb\"},\"inLanguage\":\"fr-FR\",\"potentialAction\":[{\"@type\":\"ReadAction\",\"target\":[\"https:\/\/www.bagnoitalia.com\/fr\/produit\/support-de-meuble-mobile-nancy-low-2-modeles-de-meuble-de-differentes-tailles-blanc-mat-et-brillant.html\"]}]},{\"@type\":\"ImageObject\",\"inLanguage\":\"fr-FR\",\"@id\":\"https:\/\/www.bagnoitalia.com\/fr\/produit\/support-de-meuble-mobile-nancy-low-2-modeles-de-meuble-de-differentes-tailles-blanc-mat-et-brillant.html#primaryimage\",\"url\":\"https:\/\/img.bagnoitalia.com\/wp-content\/uploads\/virtuemart\/product\/LOW-TV2.jpg\",\"contentUrl\":\"https:\/\/img.bagnoitalia.com\/wp-content\/uploads\/virtuemart\/product\/LOW-TV2.jpg\",\"width\":592,\"height\":592},{\"@type\":\"BreadcrumbList\",\"@id\":\"https:\/\/www.bagnoitalia.com\/fr\/produit\/support-de-meuble-mobile-nancy-low-2-modeles-de-meuble-de-differentes-tailles-blanc-mat-et-brillant.html#breadcrumb\",\"itemListElement\":[{\"@type\":\"ListItem\",\"position\":1,\"name\":\"Home\",\"item\":\"https:\/\/www.bagnoitalia.com\/fr\"},{\"@type\":\"ListItem\",\"position\":2,\"name\":\"Produits\",\"item\":\"https:\/\/www.bagnoitalia.com\/fr\/shop\"},{\"@type\":\"ListItem\",\"position\":3,\"name\":\"Meuble TV bas Nancy 2 mod\u00e8les de meuble de diff\u00e9rentes tailles, blanc mat et brillant\"}]},{\"@type\":\"WebSite\",\"@id\":\"https:\/\/www.bagnoitalia.com\/fr#website\",\"url\":\"https:\/\/www.bagnoitalia.com\/fr\",\"name\":\"Bagno Italia\",\"description\":\"\",\"publisher\":{\"@id\":\"https:\/\/www.bagnoitalia.com\/fr#organization\"},\"potentialAction\":[{\"@type\":\"SearchAction\",\"target\":{\"@type\":\"EntryPoint\",\"urlTemplate\":\"https:\/\/www.bagnoitalia.com\/fr?s={search_term_string}\"},\"query-input\":{\"@type\":\"PropertyValueSpecification\",\"valueRequired\":true,\"valueName\":\"search_term_string\"}}],\"inLanguage\":\"fr-FR\"},{\"@type\":\"Organization\",\"@id\":\"https:\/\/www.bagnoitalia.com\/fr#organization\",\"name\":\"Bagno Italia\",\"url\":\"https:\/\/www.bagnoitalia.com\/fr\",\"logo\":{\"@type\":\"ImageObject\",\"inLanguage\":\"fr-FR\",\"@id\":\"https:\/\/www.bagnoitalia.com\/fr#\/schema\/logo\/image\/\",\"url\":\"https:\/\/img.bagnoitalia.com\/wp-content\/uploads\/logo-bagnoitalia.webp\",\"contentUrl\":\"https:\/\/img.bagnoitalia.com\/wp-content\/uploads\/logo-bagnoitalia.webp\",\"width\":400,\"height\":70,\"caption\":\"Bagno Italia\"},\"image\":{\"@id\":\"https:\/\/www.bagnoitalia.com\/fr#\/schema\/logo\/image\/\"}}]}<\/script>\n<!-- \/ Yoast SEO plugin. -->","yoast_head_json":{"title":"Meuble TV bas Nancy 2 mod\u00e8les de meuble de diff\u00e9rentes tailles, blanc mat et brillant","robots":{"index":"index","follow":"follow","max-snippet":"max-snippet:-1","max-image-preview":"max-image-preview:large","max-video-preview":"max-video-preview:-1"},"canonical":"https:\/\/www.bagnoitalia.com\/fr\/produit\/support-de-meuble-mobile-nancy-low-2-modeles-de-meuble-de-differentes-tailles-blanc-mat-et-brillant.html","og_locale":"fr_FR","og_type":"article","og_title":"Meuble TV bas Nancy 2 mod\u00e8les de meuble de diff\u00e9rentes tailles, blanc mat et brillant","og_description":"Support de TV bas Nancy 2 mod\u00e8les de meuble de diff\u00e9rentes tailles, blanc mat et brillant","og_url":"https:\/\/www.bagnoitalia.com\/fr\/produit\/support-de-meuble-mobile-nancy-low-2-modeles-de-meuble-de-differentes-tailles-blanc-mat-et-brillant.html","og_site_name":"Bagno Italia","article_modified_time":"2025-04-24T07:14:15+00:00","og_image":[{"width":592,"height":592,"url":"https:\/\/img.bagnoitalia.com\/wp-content\/uploads\/virtuemart\/product\/LOW-TV2.jpg","type":"image\/jpeg"}],"twitter_card":"summary_large_image","schema":{"@context":"https:\/\/schema.org","@graph":[{"@type":"WebPage","@id":"https:\/\/www.bagnoitalia.com\/fr\/produit\/support-de-meuble-mobile-nancy-low-2-modeles-de-meuble-de-differentes-tailles-blanc-mat-et-brillant.html","url":"https:\/\/www.bagnoitalia.com\/fr\/produit\/support-de-meuble-mobile-nancy-low-2-modeles-de-meuble-de-differentes-tailles-blanc-mat-et-brillant.html","name":"Meuble TV bas Nancy 2 mod\u00e8les de meuble de diff\u00e9rentes tailles, blanc mat et brillant","isPartOf":{"@id":"https:\/\/www.bagnoitalia.com\/fr#website"},"primaryImageOfPage":{"@id":"https:\/\/www.bagnoitalia.com\/fr\/produit\/support-de-meuble-mobile-nancy-low-2-modeles-de-meuble-de-differentes-tailles-blanc-mat-et-brillant.html#primaryimage"},"image":{"@id":"https:\/\/www.bagnoitalia.com\/fr\/produit\/support-de-meuble-mobile-nancy-low-2-modeles-de-meuble-de-differentes-tailles-blanc-mat-et-brillant.html#primaryimage"},"thumbnailUrl":"https:\/\/img.bagnoitalia.com\/wp-content\/uploads\/virtuemart\/product\/LOW-TV2.jpg","datePublished":"2015-01-13T15:44:53+00:00","dateModified":"2025-04-24T07:14:15+00:00","breadcrumb":{"@id":"https:\/\/www.bagnoitalia.com\/fr\/produit\/support-de-meuble-mobile-nancy-low-2-modeles-de-meuble-de-differentes-tailles-blanc-mat-et-brillant.html#breadcrumb"},"inLanguage":"fr-FR","potentialAction":[{"@type":"ReadAction","target":["https:\/\/www.bagnoitalia.com\/fr\/produit\/support-de-meuble-mobile-nancy-low-2-modeles-de-meuble-de-differentes-tailles-blanc-mat-et-brillant.html"]}]},{"@type":"ImageObject","inLanguage":"fr-FR","@id":"https:\/\/www.bagnoitalia.com\/fr\/produit\/support-de-meuble-mobile-nancy-low-2-modeles-de-meuble-de-differentes-tailles-blanc-mat-et-brillant.html#primaryimage","url":"https:\/\/img.bagnoitalia.com\/wp-content\/uploads\/virtuemart\/product\/LOW-TV2.jpg","contentUrl":"https:\/\/img.bagnoitalia.com\/wp-content\/uploads\/virtuemart\/product\/LOW-TV2.jpg","width":592,"height":592},{"@type":"BreadcrumbList","@id":"https:\/\/www.bagnoitalia.com\/fr\/produit\/support-de-meuble-mobile-nancy-low-2-modeles-de-meuble-de-differentes-tailles-blanc-mat-et-brillant.html#breadcrumb","itemListElement":[{"@type":"ListItem","position":1,"name":"Home","item":"https:\/\/www.bagnoitalia.com\/fr"},{"@type":"ListItem","position":2,"name":"Produits","item":"https:\/\/www.bagnoitalia.com\/fr\/shop"},{"@type":"ListItem","position":3,"name":"Meuble TV bas Nancy 2 mod\u00e8les de meuble de diff\u00e9rentes tailles, blanc mat et brillant"}]},{"@type":"WebSite","@id":"https:\/\/www.bagnoitalia.com\/fr#website","url":"https:\/\/www.bagnoitalia.com\/fr","name":"Bagno Italia","description":"","publisher":{"@id":"https:\/\/www.bagnoitalia.com\/fr#organization"},"potentialAction":[{"@type":"SearchAction","target":{"@type":"EntryPoint","urlTemplate":"https:\/\/www.bagnoitalia.com\/fr?s={search_term_string}"},"query-input":{"@type":"PropertyValueSpecification","valueRequired":true,"valueName":"search_term_string"}}],"inLanguage":"fr-FR"},{"@type":"Organization","@id":"https:\/\/www.bagnoitalia.com\/fr#organization","name":"Bagno Italia","url":"https:\/\/www.bagnoitalia.com\/fr","logo":{"@type":"ImageObject","inLanguage":"fr-FR","@id":"https:\/\/www.bagnoitalia.com\/fr#\/schema\/logo\/image\/","url":"https:\/\/img.bagnoitalia.com\/wp-content\/uploads\/logo-bagnoitalia.webp","contentUrl":"https:\/\/img.bagnoitalia.com\/wp-content\/uploads\/logo-bagnoitalia.webp","width":400,"height":70,"caption":"Bagno Italia"},"image":{"@id":"https:\/\/www.bagnoitalia.com\/fr#\/schema\/logo\/image\/"}}]}},"_links":{"self":[{"href":"https:\/\/www.bagnoitalia.com\/fr\/wp-json\/wp\/v2\/product\/79022","targetHints":{"allow":["GET"]}}],"collection":[{"href":"https:\/\/www.bagnoitalia.com\/fr\/wp-json\/wp\/v2\/product"}],"about":[{"href":"https:\/\/www.bagnoitalia.com\/fr\/wp-json\/wp\/v2\/types\/product"}],"replies":[{"embeddable":true,"href":"https:\/\/www.bagnoitalia.com\/fr\/wp-json\/wp\/v2\/comments?post=79022"}],"version-history":[{"count":0,"href":"https:\/\/www.bagnoitalia.com\/fr\/wp-json\/wp\/v2\/product\/79022\/revisions"}],"wp:featuredmedia":[{"embeddable":true,"href":"https:\/\/www.bagnoitalia.com\/fr\/wp-json\/wp\/v2\/media\/23958"}],"wp:attachment":[{"href":"https:\/\/www.bagnoitalia.com\/fr\/wp-json\/wp\/v2\/media?parent=79022"}],"wp:term":[{"taxonomy":"product_brand","embeddable":true,"href":"https:\/\/www.bagnoitalia.com\/fr\/wp-json\/wp\/v2\/product_brand?post=79022"},{"taxonomy":"product_cat","embeddable":true,"href":"https:\/\/www.bagnoitalia.com\/fr\/wp-json\/wp\/v2\/product_cat?post=79022"},{"taxonomy":"product_tag","embeddable":true,"href":"https:\/\/www.bagnoitalia.com\/fr\/wp-json\/wp\/v2\/product_tag?post=79022"}],"curies":[{"name":"wp","href":"https:\/\/api.w.org\/{rel}","templated":true}]}}