{"id":78986,"date":"2014-11-03T12:01:13","date_gmt":"2014-11-03T11:01:13","guid":{"rendered":"https:\/\/www.bagnoitalia.com\/product\/meuble-de-salle-de-bain-lavabo-double-en-chene-clair-120-cm-avec-deux-tiroirs-a-fermeture-douce"},"modified":"2024-11-29T12:17:49","modified_gmt":"2024-11-29T11:17:49","slug":"meuble-de-salle-de-bain-lavabo-double-en-chene-clair-120-cm-avec-deux-tiroirs-a-fermeture-douce","status":"publish","type":"product","link":"https:\/\/www.bagnoitalia.com\/fr\/produit\/meuble-de-salle-de-bain-lavabo-double-en-chene-clair-120-cm-avec-deux-tiroirs-a-fermeture-douce.html","title":{"rendered":"Meuble de salle de bain double vasque en ch\u00eane l\u00e9ger 120cm avec deux tiroirs soft close PROMO DU MOIS"},"content":{"rendered":"<p>PROMOTION DU MOIS<\/p>\n<p>MEUBLES L\u00c9GERS<\/p>\n<p>\u00c9l\u00e9gance, raffinement, souci du d\u00e9tail et praticit\u00e9 : le meuble de salle de bains LIGHT avec double vasque est tout cela et bien plus encore.<\/p>\n<p>Le meuble de base, qui mesure 120x50x48 cm, est r\u00e9alis\u00e9 en MDF avec une finition en ch\u00eane et est \u00e9quip\u00e9 de 2 tiroirs qui s&rsquo;ouvrent par des rainures dans la partie sup\u00e9rieure et qui sont dot\u00e9s de glissi\u00e8res \u00e0 fermeture progressive. Les lavabos ont des dimensions int\u00e9rieures de 50x27x12,2 cm.<\/p>\n<p>&nbsp;<\/p>\n<p>&nbsp;<\/p>\n<p>l&rsquo;offre comprend :<\/p>\n<p>N\u00b0 1 Unit\u00e9 de base de lavabo cm 120x50x48 prof.<\/p>\n<p>N\u00b0 1 lavabo en r\u00e9sine de marbre cm 120&#215;48<\/p>\n<p>N\u00b0 1 miroir 100&#215;70 cm<\/p>\n<p>&nbsp;<\/p>\n<p>&nbsp;<\/p>\n<p>&nbsp;<\/p>\n<p>NB : les appliques et les robinets ne sont pas compris dans le prix.<\/p>\n<p>Il est possible d&rsquo;ajouter 1 ou 2 appliques murales via le menu d\u00e9roulant.<\/p>\n<p>&nbsp;<\/p>\n<p>Mat\u00e9riaux<\/p>\n<p>Structure en bois MDF<\/p>\n<p>Coulisses avec m\u00e9canisme de fermeture en douceur<\/p>\n<p>Effet bois<\/p>\n<p>&nbsp;<\/p>\n<p>&nbsp;<\/p>\n<p>&nbsp;<\/p>\n","protected":false},"excerpt":{"rendered":"<p>Armoire de toilette cm 120 avec double lavabo, couleur ch\u00eane clair, avec deux tiroirs<\/p>\n","protected":false},"featured_media":97429,"comment_status":"open","ping_status":"closed","template":"","meta":[],"product_brand":[9882],"product_cat":[9703],"product_tag":[],"class_list":{"0":"post-78986","1":"product","2":"type-product","3":"status-publish","4":"has-post-thumbnail","6":"product_brand-deghi-fr","7":"product_cat-meuble-de-salle-de-bain-avec-double-vasque","9":"first","10":"instock","11":"sale","12":"taxable","13":"shipping-taxable","14":"purchasable","15":"product-type-simple"},"exclude_global_add_ons":false,"addons":[{"name":"Applique","type":"multiple_choice","position":0,"required":false,"title_format":"label","default":"","description_enable":false,"description":"","placeholder_enable":false,"placeholder":"","display":"select","restrictions_type":"any_text","adjust_price":false,"price":"","price_type":"flat_fee","restrictions":false,"min":"0","max":"0","options":[{"label":"non","price":"","price_type":"flat_fee","image":0,"visibility":true},{"label":"1 Spot Led Chrome","price":"20.49","price_type":"flat_fee","image":0,"visibility":true},{"label":"2 Spot Led Chrome","price":"40.98","price_type":"flat_fee","image":0,"visibility":true},{"label":"1 Spot \u00e0 Led Noir Mat","price":"20.49","price_type":"flat_fee","image":0,"visibility":true},{"label":"2 Leds Spot Noir Mat","price":"40.98","price_type":"flat_fee","image":0,"visibility":true}],"id":1732882670}],"yoast_head":"<!-- This site is optimized with the Yoast SEO plugin v26.7 - https:\/\/yoast.com\/wordpress\/plugins\/seo\/ -->\n<title>Meuble de salle de bain Light 120 cm, en ch\u00eane, deux tiroirs \u00e0 fermeture amortie, avec lavabo double.<\/title>\n<meta name=\"description\" content=\"Base dans l&#039;\u00e9vier de marbre de 120x48 cm de profondeur de mediodensit 120x50x48. Possibilit\u00e9 d&#039;ajouter la colonne profondeur 40x150x30 des guides avec l&#039;embrayage ferm\u00e9. Sans poign\u00e9es avec gorge\" \/>\n<meta name=\"robots\" content=\"index, follow, max-snippet:-1, max-image-preview:large, max-video-preview:-1\" \/>\n<link rel=\"canonical\" href=\"https:\/\/www.bagnoitalia.com\/fr\/produit\/meuble-de-salle-de-bain-lavabo-double-en-chene-clair-120-cm-avec-deux-tiroirs-a-fermeture-douce.html\" \/>\n<meta property=\"og:locale\" content=\"fr_FR\" \/>\n<meta property=\"og:type\" content=\"article\" \/>\n<meta property=\"og:title\" content=\"Meuble de salle de bain Light 120 cm, en ch\u00eane, deux tiroirs \u00e0 fermeture amortie, avec lavabo double.\" \/>\n<meta property=\"og:description\" content=\"Base dans l&#039;\u00e9vier de marbre de 120x48 cm de profondeur de mediodensit 120x50x48. Possibilit\u00e9 d&#039;ajouter la colonne profondeur 40x150x30 des guides avec l&#039;embrayage ferm\u00e9. Sans poign\u00e9es avec gorge\" \/>\n<meta property=\"og:url\" content=\"https:\/\/www.bagnoitalia.com\/fr\/produit\/meuble-de-salle-de-bain-lavabo-double-en-chene-clair-120-cm-avec-deux-tiroirs-a-fermeture-douce.html\" \/>\n<meta property=\"og:site_name\" content=\"Bagno Italia\" \/>\n<meta property=\"article:modified_time\" content=\"2024-11-29T11:17:49+00:00\" \/>\n<meta property=\"og:image\" content=\"https:\/\/img.bagnoitalia.com\/wp-content\/uploads\/1-51.webp\" \/>\n\t<meta property=\"og:image:width\" content=\"640\" \/>\n\t<meta property=\"og:image:height\" content=\"640\" \/>\n\t<meta property=\"og:image:type\" content=\"image\/webp\" \/>\n<meta name=\"twitter:card\" content=\"summary_large_image\" \/>\n<meta name=\"twitter:label1\" content=\"Dur\u00e9e de lecture estim\u00e9e\" \/>\n\t<meta name=\"twitter:data1\" content=\"1 minute\" \/>\n<script type=\"application\/ld+json\" class=\"yoast-schema-graph\">{\"@context\":\"https:\/\/schema.org\",\"@graph\":[{\"@type\":\"WebPage\",\"@id\":\"https:\/\/www.bagnoitalia.com\/fr\/produit\/meuble-de-salle-de-bain-lavabo-double-en-chene-clair-120-cm-avec-deux-tiroirs-a-fermeture-douce.html\",\"url\":\"https:\/\/www.bagnoitalia.com\/fr\/produit\/meuble-de-salle-de-bain-lavabo-double-en-chene-clair-120-cm-avec-deux-tiroirs-a-fermeture-douce.html\",\"name\":\"Meuble de salle de bain Light 120 cm, en ch\u00eane, deux tiroirs \u00e0 fermeture amortie, avec lavabo double.\",\"isPartOf\":{\"@id\":\"https:\/\/www.bagnoitalia.com\/fr#website\"},\"primaryImageOfPage\":{\"@id\":\"https:\/\/www.bagnoitalia.com\/fr\/produit\/meuble-de-salle-de-bain-lavabo-double-en-chene-clair-120-cm-avec-deux-tiroirs-a-fermeture-douce.html#primaryimage\"},\"image\":{\"@id\":\"https:\/\/www.bagnoitalia.com\/fr\/produit\/meuble-de-salle-de-bain-lavabo-double-en-chene-clair-120-cm-avec-deux-tiroirs-a-fermeture-douce.html#primaryimage\"},\"thumbnailUrl\":\"https:\/\/img.bagnoitalia.com\/wp-content\/uploads\/1-51.webp\",\"datePublished\":\"2014-11-03T11:01:13+00:00\",\"dateModified\":\"2024-11-29T11:17:49+00:00\",\"description\":\"Base dans l'\u00e9vier de marbre de 120x48 cm de profondeur de mediodensit 120x50x48. Possibilit\u00e9 d'ajouter la colonne profondeur 40x150x30 des guides avec l'embrayage ferm\u00e9. Sans poign\u00e9es avec gorge\",\"breadcrumb\":{\"@id\":\"https:\/\/www.bagnoitalia.com\/fr\/produit\/meuble-de-salle-de-bain-lavabo-double-en-chene-clair-120-cm-avec-deux-tiroirs-a-fermeture-douce.html#breadcrumb\"},\"inLanguage\":\"fr-FR\",\"potentialAction\":[{\"@type\":\"ReadAction\",\"target\":[\"https:\/\/www.bagnoitalia.com\/fr\/produit\/meuble-de-salle-de-bain-lavabo-double-en-chene-clair-120-cm-avec-deux-tiroirs-a-fermeture-douce.html\"]}]},{\"@type\":\"ImageObject\",\"inLanguage\":\"fr-FR\",\"@id\":\"https:\/\/www.bagnoitalia.com\/fr\/produit\/meuble-de-salle-de-bain-lavabo-double-en-chene-clair-120-cm-avec-deux-tiroirs-a-fermeture-douce.html#primaryimage\",\"url\":\"https:\/\/img.bagnoitalia.com\/wp-content\/uploads\/1-51.webp\",\"contentUrl\":\"https:\/\/img.bagnoitalia.com\/wp-content\/uploads\/1-51.webp\",\"width\":640,\"height\":640},{\"@type\":\"BreadcrumbList\",\"@id\":\"https:\/\/www.bagnoitalia.com\/fr\/produit\/meuble-de-salle-de-bain-lavabo-double-en-chene-clair-120-cm-avec-deux-tiroirs-a-fermeture-douce.html#breadcrumb\",\"itemListElement\":[{\"@type\":\"ListItem\",\"position\":1,\"name\":\"Home\",\"item\":\"https:\/\/www.bagnoitalia.com\/fr\"},{\"@type\":\"ListItem\",\"position\":2,\"name\":\"Produits\",\"item\":\"https:\/\/www.bagnoitalia.com\/fr\/shop\"},{\"@type\":\"ListItem\",\"position\":3,\"name\":\"Meuble de salle de bain double vasque en ch\u00eane l\u00e9ger 120cm avec deux tiroirs soft close PROMO DU MOIS\"}]},{\"@type\":\"WebSite\",\"@id\":\"https:\/\/www.bagnoitalia.com\/fr#website\",\"url\":\"https:\/\/www.bagnoitalia.com\/fr\",\"name\":\"Bagno Italia\",\"description\":\"\",\"publisher\":{\"@id\":\"https:\/\/www.bagnoitalia.com\/fr#organization\"},\"potentialAction\":[{\"@type\":\"SearchAction\",\"target\":{\"@type\":\"EntryPoint\",\"urlTemplate\":\"https:\/\/www.bagnoitalia.com\/fr?s={search_term_string}\"},\"query-input\":{\"@type\":\"PropertyValueSpecification\",\"valueRequired\":true,\"valueName\":\"search_term_string\"}}],\"inLanguage\":\"fr-FR\"},{\"@type\":\"Organization\",\"@id\":\"https:\/\/www.bagnoitalia.com\/fr#organization\",\"name\":\"Bagno Italia\",\"url\":\"https:\/\/www.bagnoitalia.com\/fr\",\"logo\":{\"@type\":\"ImageObject\",\"inLanguage\":\"fr-FR\",\"@id\":\"https:\/\/www.bagnoitalia.com\/fr#\/schema\/logo\/image\/\",\"url\":\"https:\/\/img.bagnoitalia.com\/wp-content\/uploads\/logo-bagnoitalia.webp\",\"contentUrl\":\"https:\/\/img.bagnoitalia.com\/wp-content\/uploads\/logo-bagnoitalia.webp\",\"width\":400,\"height\":70,\"caption\":\"Bagno Italia\"},\"image\":{\"@id\":\"https:\/\/www.bagnoitalia.com\/fr#\/schema\/logo\/image\/\"}}]}<\/script>\n<!-- \/ Yoast SEO plugin. -->","yoast_head_json":{"title":"Meuble de salle de bain Light 120 cm, en ch\u00eane, deux tiroirs \u00e0 fermeture amortie, avec lavabo double.","description":"Base dans l'\u00e9vier de marbre de 120x48 cm de profondeur de mediodensit 120x50x48. Possibilit\u00e9 d'ajouter la colonne profondeur 40x150x30 des guides avec l'embrayage ferm\u00e9. Sans poign\u00e9es avec gorge","robots":{"index":"index","follow":"follow","max-snippet":"max-snippet:-1","max-image-preview":"max-image-preview:large","max-video-preview":"max-video-preview:-1"},"canonical":"https:\/\/www.bagnoitalia.com\/fr\/produit\/meuble-de-salle-de-bain-lavabo-double-en-chene-clair-120-cm-avec-deux-tiroirs-a-fermeture-douce.html","og_locale":"fr_FR","og_type":"article","og_title":"Meuble de salle de bain Light 120 cm, en ch\u00eane, deux tiroirs \u00e0 fermeture amortie, avec lavabo double.","og_description":"Base dans l'\u00e9vier de marbre de 120x48 cm de profondeur de mediodensit 120x50x48. Possibilit\u00e9 d'ajouter la colonne profondeur 40x150x30 des guides avec l'embrayage ferm\u00e9. Sans poign\u00e9es avec gorge","og_url":"https:\/\/www.bagnoitalia.com\/fr\/produit\/meuble-de-salle-de-bain-lavabo-double-en-chene-clair-120-cm-avec-deux-tiroirs-a-fermeture-douce.html","og_site_name":"Bagno Italia","article_modified_time":"2024-11-29T11:17:49+00:00","og_image":[{"width":640,"height":640,"url":"https:\/\/img.bagnoitalia.com\/wp-content\/uploads\/1-51.webp","type":"image\/webp"}],"twitter_card":"summary_large_image","twitter_misc":{"Dur\u00e9e de lecture estim\u00e9e":"1 minute"},"schema":{"@context":"https:\/\/schema.org","@graph":[{"@type":"WebPage","@id":"https:\/\/www.bagnoitalia.com\/fr\/produit\/meuble-de-salle-de-bain-lavabo-double-en-chene-clair-120-cm-avec-deux-tiroirs-a-fermeture-douce.html","url":"https:\/\/www.bagnoitalia.com\/fr\/produit\/meuble-de-salle-de-bain-lavabo-double-en-chene-clair-120-cm-avec-deux-tiroirs-a-fermeture-douce.html","name":"Meuble de salle de bain Light 120 cm, en ch\u00eane, deux tiroirs \u00e0 fermeture amortie, avec lavabo double.","isPartOf":{"@id":"https:\/\/www.bagnoitalia.com\/fr#website"},"primaryImageOfPage":{"@id":"https:\/\/www.bagnoitalia.com\/fr\/produit\/meuble-de-salle-de-bain-lavabo-double-en-chene-clair-120-cm-avec-deux-tiroirs-a-fermeture-douce.html#primaryimage"},"image":{"@id":"https:\/\/www.bagnoitalia.com\/fr\/produit\/meuble-de-salle-de-bain-lavabo-double-en-chene-clair-120-cm-avec-deux-tiroirs-a-fermeture-douce.html#primaryimage"},"thumbnailUrl":"https:\/\/img.bagnoitalia.com\/wp-content\/uploads\/1-51.webp","datePublished":"2014-11-03T11:01:13+00:00","dateModified":"2024-11-29T11:17:49+00:00","description":"Base dans l'\u00e9vier de marbre de 120x48 cm de profondeur de mediodensit 120x50x48. Possibilit\u00e9 d'ajouter la colonne profondeur 40x150x30 des guides avec l'embrayage ferm\u00e9. Sans poign\u00e9es avec gorge","breadcrumb":{"@id":"https:\/\/www.bagnoitalia.com\/fr\/produit\/meuble-de-salle-de-bain-lavabo-double-en-chene-clair-120-cm-avec-deux-tiroirs-a-fermeture-douce.html#breadcrumb"},"inLanguage":"fr-FR","potentialAction":[{"@type":"ReadAction","target":["https:\/\/www.bagnoitalia.com\/fr\/produit\/meuble-de-salle-de-bain-lavabo-double-en-chene-clair-120-cm-avec-deux-tiroirs-a-fermeture-douce.html"]}]},{"@type":"ImageObject","inLanguage":"fr-FR","@id":"https:\/\/www.bagnoitalia.com\/fr\/produit\/meuble-de-salle-de-bain-lavabo-double-en-chene-clair-120-cm-avec-deux-tiroirs-a-fermeture-douce.html#primaryimage","url":"https:\/\/img.bagnoitalia.com\/wp-content\/uploads\/1-51.webp","contentUrl":"https:\/\/img.bagnoitalia.com\/wp-content\/uploads\/1-51.webp","width":640,"height":640},{"@type":"BreadcrumbList","@id":"https:\/\/www.bagnoitalia.com\/fr\/produit\/meuble-de-salle-de-bain-lavabo-double-en-chene-clair-120-cm-avec-deux-tiroirs-a-fermeture-douce.html#breadcrumb","itemListElement":[{"@type":"ListItem","position":1,"name":"Home","item":"https:\/\/www.bagnoitalia.com\/fr"},{"@type":"ListItem","position":2,"name":"Produits","item":"https:\/\/www.bagnoitalia.com\/fr\/shop"},{"@type":"ListItem","position":3,"name":"Meuble de salle de bain double vasque en ch\u00eane l\u00e9ger 120cm avec deux tiroirs soft close PROMO DU MOIS"}]},{"@type":"WebSite","@id":"https:\/\/www.bagnoitalia.com\/fr#website","url":"https:\/\/www.bagnoitalia.com\/fr","name":"Bagno Italia","description":"","publisher":{"@id":"https:\/\/www.bagnoitalia.com\/fr#organization"},"potentialAction":[{"@type":"SearchAction","target":{"@type":"EntryPoint","urlTemplate":"https:\/\/www.bagnoitalia.com\/fr?s={search_term_string}"},"query-input":{"@type":"PropertyValueSpecification","valueRequired":true,"valueName":"search_term_string"}}],"inLanguage":"fr-FR"},{"@type":"Organization","@id":"https:\/\/www.bagnoitalia.com\/fr#organization","name":"Bagno Italia","url":"https:\/\/www.bagnoitalia.com\/fr","logo":{"@type":"ImageObject","inLanguage":"fr-FR","@id":"https:\/\/www.bagnoitalia.com\/fr#\/schema\/logo\/image\/","url":"https:\/\/img.bagnoitalia.com\/wp-content\/uploads\/logo-bagnoitalia.webp","contentUrl":"https:\/\/img.bagnoitalia.com\/wp-content\/uploads\/logo-bagnoitalia.webp","width":400,"height":70,"caption":"Bagno Italia"},"image":{"@id":"https:\/\/www.bagnoitalia.com\/fr#\/schema\/logo\/image\/"}}]}},"_links":{"self":[{"href":"https:\/\/www.bagnoitalia.com\/fr\/wp-json\/wp\/v2\/product\/78986","targetHints":{"allow":["GET"]}}],"collection":[{"href":"https:\/\/www.bagnoitalia.com\/fr\/wp-json\/wp\/v2\/product"}],"about":[{"href":"https:\/\/www.bagnoitalia.com\/fr\/wp-json\/wp\/v2\/types\/product"}],"replies":[{"embeddable":true,"href":"https:\/\/www.bagnoitalia.com\/fr\/wp-json\/wp\/v2\/comments?post=78986"}],"version-history":[{"count":2,"href":"https:\/\/www.bagnoitalia.com\/fr\/wp-json\/wp\/v2\/product\/78986\/revisions"}],"predecessor-version":[{"id":97479,"href":"https:\/\/www.bagnoitalia.com\/fr\/wp-json\/wp\/v2\/product\/78986\/revisions\/97479"}],"wp:featuredmedia":[{"embeddable":true,"href":"https:\/\/www.bagnoitalia.com\/fr\/wp-json\/wp\/v2\/media\/97429"}],"wp:attachment":[{"href":"https:\/\/www.bagnoitalia.com\/fr\/wp-json\/wp\/v2\/media?parent=78986"}],"wp:term":[{"taxonomy":"product_brand","embeddable":true,"href":"https:\/\/www.bagnoitalia.com\/fr\/wp-json\/wp\/v2\/product_brand?post=78986"},{"taxonomy":"product_cat","embeddable":true,"href":"https:\/\/www.bagnoitalia.com\/fr\/wp-json\/wp\/v2\/product_cat?post=78986"},{"taxonomy":"product_tag","embeddable":true,"href":"https:\/\/www.bagnoitalia.com\/fr\/wp-json\/wp\/v2\/product_tag?post=78986"}],"curies":[{"name":"wp","href":"https:\/\/api.w.org\/{rel}","templated":true}]}}