{"id":78950,"date":"2014-08-27T16:17:33","date_gmt":"2014-08-27T14:17:33","guid":{"rendered":"https:\/\/www.bagnoitalia.com\/product\/sauna-infrarouge-120x100-avec-portes-en-verre-cadre-en-bois-pour-deux-personnes-sn008"},"modified":"2024-05-11T00:09:56","modified_gmt":"2024-05-10T22:09:56","slug":"sauna-infrarouge-120x100-avec-portes-en-verre-cadre-en-bois-pour-deux-personnes-sn008","status":"publish","type":"product","link":"https:\/\/www.bagnoitalia.com\/fr\/produit\/sauna-infrarouge-120x100-avec-portes-en-verre-cadre-en-bois-pour-deux-personnes-sn008.html","title":{"rendered":"Sauna infrarouge 120&#215;100 pour deux personnes, avec portes en verre, cadre en bois SN008"},"content":{"rendered":"<p><strong>Sauna infrarouge 120 x 100 x 190H cm deux places&nbsp;<br \/><\/strong><\/p>\n<ul>\n<li>Dimensions 120x100Px190H cm<\/li>\n<li>5 radiants infrarouges en c\u00e9ramique<\/li>\n<li>\u00c9clairage int\u00e9rieur<\/li>\n<li>Panneau de commande interieur<\/li>\n<li>Thermom\u00e8tre \u00e9lectronique<\/li>\n<li>Ventilation de porte<\/li>\n<li>Profondeur des si\u00e8ges 45 cm<\/li>\n<li>Bois de sauna en Hemlock canadien<\/li>\n<li>Verre tremp\u00e9<\/li>\n<li>Epaisseur des parois 6 cm<\/li>\n<li>Tension de 220 V<\/li>\n<li>Puissance du sauna 1600 W<\/li>\n<li>Temp\u00e9rature de fonctionnement de 18 \u00e0 65 \u00b0 C<\/li>\n<\/ul>\n<p>&nbsp;<\/p>\n<p>&nbsp;<\/p>\n<p>Ce mod\u00e8le, \u00e9tant infrarouge, n\u00e9cessite <strong>20\/25 minutes de chauffage<\/strong>, contrairement au mod\u00e8le finlandais qui n\u00e9cessite environ une heure; de ce fait, il <strong>consomme beaucoup moins<\/strong>. De plus, dans le sauna finlandais, l&rsquo;air est enti\u00e8rement chauff\u00e9 par le po\u00eale et la personne est chauff\u00e9e par l&rsquo;air; dans l&rsquo;infrarouge, <strong>les rayons chauffent directement dans le corps \u00e0 80%,<\/strong> mais avec des temp\u00e9ratures plus basses, ce qui cr\u00e9e une situation <strong>plus confortable.<\/strong><\/p>\n<p>&nbsp;<\/p>\n<p>Le <strong>sauna<\/strong> a la facult\u00e9 &nbsp;de <strong>d\u00e9tente<\/strong> et de <strong>d\u00e9sintoxication<\/strong>. La peau est purifi\u00e9e et la transpiration \u00e9limine les acides et les toxines. Le syst\u00e8me neuro-v\u00e9g\u00e9tatif est stimul\u00e9, am\u00e9liorant le m\u00e9tabolisme g\u00e9n\u00e9ral. Sur le plan esth\u00e9tique, la <strong>diminution de la cellulite<\/strong> et la plus grande \u00e9lasticit\u00e9 des tissus sont les meilleurs r\u00e9sultats que vous puissiez obtenir en combinant le sauna avec un r\u00e9gime. Les autres avantages esth\u00e9tiques du <strong>nettoyage en profondeur de l&rsquo;\u00e9piderme<\/strong> sont \u00e9galement \u00e9vidents, il r\u00e9v\u00e8le une puret\u00e9 et une luminosit\u00e9 renouvel\u00e9es de la peau.<\/p>\n<p>&nbsp;<\/p>\n<p>&nbsp;<\/p>\n<p>&nbsp;<\/p>\n<p>&nbsp;<\/p>\n","protected":false},"excerpt":{"rendered":"<p>Sauna infrarouge 120x100x190H cm pour deux personnes avec 5 radiants en c\u00e9ramique<\/p>\n","protected":false},"featured_media":23394,"comment_status":"open","ping_status":"closed","template":"","meta":[],"product_brand":[9909],"product_cat":[9751],"product_tag":[],"class_list":{"0":"post-78950","1":"product","2":"type-product","3":"status-publish","4":"has-post-thumbnail","6":"product_brand-puntorelax-fr","7":"product_cat-saunas-infrarouges","9":"first","10":"instock","11":"sale","12":"taxable","13":"shipping-taxable","14":"purchasable","15":"product-type-simple"},"exclude_global_add_ons":[],"addons":[],"yoast_head":"<!-- This site is optimized with the Yoast SEO plugin v26.7 - https:\/\/yoast.com\/wordpress\/plugins\/seo\/ -->\n<title>Sauna infrarouge 120x100 pour deux personnes, avec portes en verre, cadre en bois SN008<\/title>\n<meta name=\"description\" content=\"Mod\u00e8le de sauna infrarouge 120x100 cm avec portes en verre et structure en bois \u00e0 deux places\" \/>\n<meta name=\"robots\" content=\"index, follow, max-snippet:-1, max-image-preview:large, max-video-preview:-1\" \/>\n<link rel=\"canonical\" href=\"https:\/\/www.bagnoitalia.com\/fr\/produit\/sauna-infrarouge-120x100-avec-portes-en-verre-cadre-en-bois-pour-deux-personnes-sn008.html\" \/>\n<meta property=\"og:locale\" content=\"fr_FR\" \/>\n<meta property=\"og:type\" content=\"article\" \/>\n<meta property=\"og:title\" content=\"Sauna infrarouge 120x100 pour deux personnes, avec portes en verre, cadre en bois SN008\" \/>\n<meta property=\"og:description\" content=\"Mod\u00e8le de sauna infrarouge 120x100 cm avec portes en verre et structure en bois \u00e0 deux places\" \/>\n<meta property=\"og:url\" content=\"https:\/\/www.bagnoitalia.com\/fr\/produit\/sauna-infrarouge-120x100-avec-portes-en-verre-cadre-en-bois-pour-deux-personnes-sn008.html\" \/>\n<meta property=\"og:site_name\" content=\"Bagno Italia\" \/>\n<meta property=\"article:modified_time\" content=\"2024-05-10T22:09:56+00:00\" \/>\n<meta property=\"og:image\" content=\"https:\/\/img.bagnoitalia.com\/wp-content\/uploads\/virtuemart\/product\/sauna-infrarossi-120x100-cm.jpg\" \/>\n\t<meta property=\"og:image:width\" content=\"550\" \/>\n\t<meta property=\"og:image:height\" content=\"550\" \/>\n\t<meta property=\"og:image:type\" content=\"image\/jpeg\" \/>\n<meta name=\"twitter:card\" content=\"summary_large_image\" \/>\n<meta name=\"twitter:label1\" content=\"Dur\u00e9e de lecture estim\u00e9e\" \/>\n\t<meta name=\"twitter:data1\" content=\"1 minute\" \/>\n<script type=\"application\/ld+json\" class=\"yoast-schema-graph\">{\"@context\":\"https:\/\/schema.org\",\"@graph\":[{\"@type\":\"WebPage\",\"@id\":\"https:\/\/www.bagnoitalia.com\/fr\/produit\/sauna-infrarouge-120x100-avec-portes-en-verre-cadre-en-bois-pour-deux-personnes-sn008.html\",\"url\":\"https:\/\/www.bagnoitalia.com\/fr\/produit\/sauna-infrarouge-120x100-avec-portes-en-verre-cadre-en-bois-pour-deux-personnes-sn008.html\",\"name\":\"Sauna infrarouge 120x100 pour deux personnes, avec portes en verre, cadre en bois SN008\",\"isPartOf\":{\"@id\":\"https:\/\/www.bagnoitalia.com\/fr#website\"},\"primaryImageOfPage\":{\"@id\":\"https:\/\/www.bagnoitalia.com\/fr\/produit\/sauna-infrarouge-120x100-avec-portes-en-verre-cadre-en-bois-pour-deux-personnes-sn008.html#primaryimage\"},\"image\":{\"@id\":\"https:\/\/www.bagnoitalia.com\/fr\/produit\/sauna-infrarouge-120x100-avec-portes-en-verre-cadre-en-bois-pour-deux-personnes-sn008.html#primaryimage\"},\"thumbnailUrl\":\"https:\/\/img.bagnoitalia.com\/wp-content\/uploads\/virtuemart\/product\/sauna-infrarossi-120x100-cm.jpg\",\"datePublished\":\"2014-08-27T14:17:33+00:00\",\"dateModified\":\"2024-05-10T22:09:56+00:00\",\"description\":\"Mod\u00e8le de sauna infrarouge 120x100 cm avec portes en verre et structure en bois \u00e0 deux places\",\"breadcrumb\":{\"@id\":\"https:\/\/www.bagnoitalia.com\/fr\/produit\/sauna-infrarouge-120x100-avec-portes-en-verre-cadre-en-bois-pour-deux-personnes-sn008.html#breadcrumb\"},\"inLanguage\":\"fr-FR\",\"potentialAction\":[{\"@type\":\"ReadAction\",\"target\":[\"https:\/\/www.bagnoitalia.com\/fr\/produit\/sauna-infrarouge-120x100-avec-portes-en-verre-cadre-en-bois-pour-deux-personnes-sn008.html\"]}]},{\"@type\":\"ImageObject\",\"inLanguage\":\"fr-FR\",\"@id\":\"https:\/\/www.bagnoitalia.com\/fr\/produit\/sauna-infrarouge-120x100-avec-portes-en-verre-cadre-en-bois-pour-deux-personnes-sn008.html#primaryimage\",\"url\":\"https:\/\/img.bagnoitalia.com\/wp-content\/uploads\/virtuemart\/product\/sauna-infrarossi-120x100-cm.jpg\",\"contentUrl\":\"https:\/\/img.bagnoitalia.com\/wp-content\/uploads\/virtuemart\/product\/sauna-infrarossi-120x100-cm.jpg\",\"width\":550,\"height\":550},{\"@type\":\"BreadcrumbList\",\"@id\":\"https:\/\/www.bagnoitalia.com\/fr\/produit\/sauna-infrarouge-120x100-avec-portes-en-verre-cadre-en-bois-pour-deux-personnes-sn008.html#breadcrumb\",\"itemListElement\":[{\"@type\":\"ListItem\",\"position\":1,\"name\":\"Home\",\"item\":\"https:\/\/www.bagnoitalia.com\/fr\"},{\"@type\":\"ListItem\",\"position\":2,\"name\":\"Produits\",\"item\":\"https:\/\/www.bagnoitalia.com\/fr\/shop\"},{\"@type\":\"ListItem\",\"position\":3,\"name\":\"Sauna infrarouge 120&#215;100 pour deux personnes, avec portes en verre, cadre en bois SN008\"}]},{\"@type\":\"WebSite\",\"@id\":\"https:\/\/www.bagnoitalia.com\/fr#website\",\"url\":\"https:\/\/www.bagnoitalia.com\/fr\",\"name\":\"Bagno Italia\",\"description\":\"\",\"publisher\":{\"@id\":\"https:\/\/www.bagnoitalia.com\/fr#organization\"},\"potentialAction\":[{\"@type\":\"SearchAction\",\"target\":{\"@type\":\"EntryPoint\",\"urlTemplate\":\"https:\/\/www.bagnoitalia.com\/fr?s={search_term_string}\"},\"query-input\":{\"@type\":\"PropertyValueSpecification\",\"valueRequired\":true,\"valueName\":\"search_term_string\"}}],\"inLanguage\":\"fr-FR\"},{\"@type\":\"Organization\",\"@id\":\"https:\/\/www.bagnoitalia.com\/fr#organization\",\"name\":\"Bagno Italia\",\"url\":\"https:\/\/www.bagnoitalia.com\/fr\",\"logo\":{\"@type\":\"ImageObject\",\"inLanguage\":\"fr-FR\",\"@id\":\"https:\/\/www.bagnoitalia.com\/fr#\/schema\/logo\/image\/\",\"url\":\"https:\/\/img.bagnoitalia.com\/wp-content\/uploads\/logo-bagnoitalia.webp\",\"contentUrl\":\"https:\/\/img.bagnoitalia.com\/wp-content\/uploads\/logo-bagnoitalia.webp\",\"width\":400,\"height\":70,\"caption\":\"Bagno Italia\"},\"image\":{\"@id\":\"https:\/\/www.bagnoitalia.com\/fr#\/schema\/logo\/image\/\"}}]}<\/script>\n<!-- \/ Yoast SEO plugin. -->","yoast_head_json":{"title":"Sauna infrarouge 120x100 pour deux personnes, avec portes en verre, cadre en bois SN008","description":"Mod\u00e8le de sauna infrarouge 120x100 cm avec portes en verre et structure en bois \u00e0 deux places","robots":{"index":"index","follow":"follow","max-snippet":"max-snippet:-1","max-image-preview":"max-image-preview:large","max-video-preview":"max-video-preview:-1"},"canonical":"https:\/\/www.bagnoitalia.com\/fr\/produit\/sauna-infrarouge-120x100-avec-portes-en-verre-cadre-en-bois-pour-deux-personnes-sn008.html","og_locale":"fr_FR","og_type":"article","og_title":"Sauna infrarouge 120x100 pour deux personnes, avec portes en verre, cadre en bois SN008","og_description":"Mod\u00e8le de sauna infrarouge 120x100 cm avec portes en verre et structure en bois \u00e0 deux places","og_url":"https:\/\/www.bagnoitalia.com\/fr\/produit\/sauna-infrarouge-120x100-avec-portes-en-verre-cadre-en-bois-pour-deux-personnes-sn008.html","og_site_name":"Bagno Italia","article_modified_time":"2024-05-10T22:09:56+00:00","og_image":[{"width":550,"height":550,"url":"https:\/\/img.bagnoitalia.com\/wp-content\/uploads\/virtuemart\/product\/sauna-infrarossi-120x100-cm.jpg","type":"image\/jpeg"}],"twitter_card":"summary_large_image","twitter_misc":{"Dur\u00e9e de lecture estim\u00e9e":"1 minute"},"schema":{"@context":"https:\/\/schema.org","@graph":[{"@type":"WebPage","@id":"https:\/\/www.bagnoitalia.com\/fr\/produit\/sauna-infrarouge-120x100-avec-portes-en-verre-cadre-en-bois-pour-deux-personnes-sn008.html","url":"https:\/\/www.bagnoitalia.com\/fr\/produit\/sauna-infrarouge-120x100-avec-portes-en-verre-cadre-en-bois-pour-deux-personnes-sn008.html","name":"Sauna infrarouge 120x100 pour deux personnes, avec portes en verre, cadre en bois SN008","isPartOf":{"@id":"https:\/\/www.bagnoitalia.com\/fr#website"},"primaryImageOfPage":{"@id":"https:\/\/www.bagnoitalia.com\/fr\/produit\/sauna-infrarouge-120x100-avec-portes-en-verre-cadre-en-bois-pour-deux-personnes-sn008.html#primaryimage"},"image":{"@id":"https:\/\/www.bagnoitalia.com\/fr\/produit\/sauna-infrarouge-120x100-avec-portes-en-verre-cadre-en-bois-pour-deux-personnes-sn008.html#primaryimage"},"thumbnailUrl":"https:\/\/img.bagnoitalia.com\/wp-content\/uploads\/virtuemart\/product\/sauna-infrarossi-120x100-cm.jpg","datePublished":"2014-08-27T14:17:33+00:00","dateModified":"2024-05-10T22:09:56+00:00","description":"Mod\u00e8le de sauna infrarouge 120x100 cm avec portes en verre et structure en bois \u00e0 deux places","breadcrumb":{"@id":"https:\/\/www.bagnoitalia.com\/fr\/produit\/sauna-infrarouge-120x100-avec-portes-en-verre-cadre-en-bois-pour-deux-personnes-sn008.html#breadcrumb"},"inLanguage":"fr-FR","potentialAction":[{"@type":"ReadAction","target":["https:\/\/www.bagnoitalia.com\/fr\/produit\/sauna-infrarouge-120x100-avec-portes-en-verre-cadre-en-bois-pour-deux-personnes-sn008.html"]}]},{"@type":"ImageObject","inLanguage":"fr-FR","@id":"https:\/\/www.bagnoitalia.com\/fr\/produit\/sauna-infrarouge-120x100-avec-portes-en-verre-cadre-en-bois-pour-deux-personnes-sn008.html#primaryimage","url":"https:\/\/img.bagnoitalia.com\/wp-content\/uploads\/virtuemart\/product\/sauna-infrarossi-120x100-cm.jpg","contentUrl":"https:\/\/img.bagnoitalia.com\/wp-content\/uploads\/virtuemart\/product\/sauna-infrarossi-120x100-cm.jpg","width":550,"height":550},{"@type":"BreadcrumbList","@id":"https:\/\/www.bagnoitalia.com\/fr\/produit\/sauna-infrarouge-120x100-avec-portes-en-verre-cadre-en-bois-pour-deux-personnes-sn008.html#breadcrumb","itemListElement":[{"@type":"ListItem","position":1,"name":"Home","item":"https:\/\/www.bagnoitalia.com\/fr"},{"@type":"ListItem","position":2,"name":"Produits","item":"https:\/\/www.bagnoitalia.com\/fr\/shop"},{"@type":"ListItem","position":3,"name":"Sauna infrarouge 120&#215;100 pour deux personnes, avec portes en verre, cadre en bois SN008"}]},{"@type":"WebSite","@id":"https:\/\/www.bagnoitalia.com\/fr#website","url":"https:\/\/www.bagnoitalia.com\/fr","name":"Bagno Italia","description":"","publisher":{"@id":"https:\/\/www.bagnoitalia.com\/fr#organization"},"potentialAction":[{"@type":"SearchAction","target":{"@type":"EntryPoint","urlTemplate":"https:\/\/www.bagnoitalia.com\/fr?s={search_term_string}"},"query-input":{"@type":"PropertyValueSpecification","valueRequired":true,"valueName":"search_term_string"}}],"inLanguage":"fr-FR"},{"@type":"Organization","@id":"https:\/\/www.bagnoitalia.com\/fr#organization","name":"Bagno Italia","url":"https:\/\/www.bagnoitalia.com\/fr","logo":{"@type":"ImageObject","inLanguage":"fr-FR","@id":"https:\/\/www.bagnoitalia.com\/fr#\/schema\/logo\/image\/","url":"https:\/\/img.bagnoitalia.com\/wp-content\/uploads\/logo-bagnoitalia.webp","contentUrl":"https:\/\/img.bagnoitalia.com\/wp-content\/uploads\/logo-bagnoitalia.webp","width":400,"height":70,"caption":"Bagno Italia"},"image":{"@id":"https:\/\/www.bagnoitalia.com\/fr#\/schema\/logo\/image\/"}}]}},"_links":{"self":[{"href":"https:\/\/www.bagnoitalia.com\/fr\/wp-json\/wp\/v2\/product\/78950","targetHints":{"allow":["GET"]}}],"collection":[{"href":"https:\/\/www.bagnoitalia.com\/fr\/wp-json\/wp\/v2\/product"}],"about":[{"href":"https:\/\/www.bagnoitalia.com\/fr\/wp-json\/wp\/v2\/types\/product"}],"replies":[{"embeddable":true,"href":"https:\/\/www.bagnoitalia.com\/fr\/wp-json\/wp\/v2\/comments?post=78950"}],"version-history":[{"count":0,"href":"https:\/\/www.bagnoitalia.com\/fr\/wp-json\/wp\/v2\/product\/78950\/revisions"}],"wp:featuredmedia":[{"embeddable":true,"href":"https:\/\/www.bagnoitalia.com\/fr\/wp-json\/wp\/v2\/media\/23394"}],"wp:attachment":[{"href":"https:\/\/www.bagnoitalia.com\/fr\/wp-json\/wp\/v2\/media?parent=78950"}],"wp:term":[{"taxonomy":"product_brand","embeddable":true,"href":"https:\/\/www.bagnoitalia.com\/fr\/wp-json\/wp\/v2\/product_brand?post=78950"},{"taxonomy":"product_cat","embeddable":true,"href":"https:\/\/www.bagnoitalia.com\/fr\/wp-json\/wp\/v2\/product_cat?post=78950"},{"taxonomy":"product_tag","embeddable":true,"href":"https:\/\/www.bagnoitalia.com\/fr\/wp-json\/wp\/v2\/product_tag?post=78950"}],"curies":[{"name":"wp","href":"https:\/\/api.w.org\/{rel}","templated":true}]}}