{"id":78938,"date":"2014-08-04T14:10:02","date_gmt":"2014-08-04T12:10:02","guid":{"rendered":"https:\/\/www.bagnoitalia.com\/product\/magic4-armoire-de-toilette-avec-machine-a-laver-et-seche-linge-en-25-couleurs"},"modified":"2025-02-20T12:27:05","modified_gmt":"2025-02-20T11:27:05","slug":"magic4-armoire-de-toilette-avec-machine-a-laver-et-seche-linge-en-25-couleurs","status":"publish","type":"product","link":"https:\/\/www.bagnoitalia.com\/fr\/produit\/magic4-armoire-de-toilette-avec-machine-a-laver-et-seche-linge-en-25-couleurs.html","title":{"rendered":"Meuble de salle de bain Magic4 avec meubles pour machine \u00e0 laver et s\u00e9choir, en 25 couleurs"},"content":{"rendered":"<p style=\"text-align: left;\"><strong style=\"background-color: inherit; color: inherit;\">Le prix comprend:<\/strong><\/p>\n<p style=\"text-align: left;\">1 miroir 80&#215;60 cm avec applique murale<br \/>\n1 meuble sous lavabo \u00e0 1 tiroir 78&#215;40 cm<\/p>\n<p style=\"text-align: left;\">1 dessus de meuble en marbre blanc de Carrare , 80&#215;40 cm (vous pouvez \u00e9galement le choisir en verre)<\/p>\n<p style=\"text-align: left;\">1 meuble pour machine \u00e0 laver\u00a0 68x63x88H avec dessus en bois<\/p>\n<p>____________________________________________________________________________<br \/>\nPossibilit\u00e8 de chosir le dessus de meuble en verre, dans ce cas nous pouvons le faire dans les m\u00eames couleurs que le meuble<\/p>\n<p style=\"text-align: left;\">Le meuble pour s\u00e9choir et le placard double ne sont pas inclus dans le prix.<br \/>\nLe lavabo n&rsquo;est pas inclus dans le prix, vous pouvez l&rsquo;ajouter dans la cat\u00e9gorie: lavabos \u00e0 poser<\/p>\n<p>Le meuble est \u00e0 une seule couleur, pour le choisir \u00e0 deux couleurs (c\u2019est-\u00e0-dire le devant et le c\u00f4t\u00e9 en couleurs differentes), il faut le sp\u00e9cifier dans la derni\u00e8re partie de la commande, dans l\u2019espace \u00ab\u00a0note\u00a0\u00bb<\/p>\n<p><strong>Mat\u00e9riaux utilis\u00e9s<\/strong><\/p>\n<p>Meuble sous lavabo: structure en MDF laqu\u00e9<\/p>\n<p>Guides: m\u00e9tal, fermeture amortie<\/p>\n<p>Poign\u00e9es: chrom\u00e8es<\/p>\n<p style=\"text-align: left;\">Dans le menu, il est possible d&rsquo;ajouter la colonne L 34, P 27, H 163<\/p>\n<p style=\"text-align: left;\">______________________________________________________<\/p>\n<p><strong>Vous pouvez choisir trois types de poign\u00e9es:<br \/>\n<\/strong><\/p>\n<p><strong><strong>Poign\u00e9e\u00a0<\/strong>Strass:<\/strong><\/p>\n<p><strong><img fetchpriority=\"high\" decoding=\"async\" class=\" size-full wp-image-10894\" src=\"https:\/\/img.bagnoitalia.com\/wp-content\/uploads\/maniglia-strass1.jpg\" alt=\"\" width=\"403\" height=\"243\" srcset=\"https:\/\/img.bagnoitalia.com\/wp-content\/uploads\/maniglia-strass1.jpg 260w, https:\/\/img.bagnoitalia.com\/wp-content\/uploads\/maniglia-strass1-150x91.jpg 150w\" sizes=\"(max-width: 403px) 100vw, 403px\" \/><\/strong><\/p>\n<p>_____________________________________________________<\/p>\n<p><strong>Poign\u00e9e Line:<\/strong><\/p>\n<p><img decoding=\"async\" class=\" size-full wp-image-10898\" src=\"https:\/\/img.bagnoitalia.com\/wp-content\/uploads\/bh_7099-nero-venato.jpg\" alt=\"\" width=\"395\" height=\"346\" srcset=\"https:\/\/img.bagnoitalia.com\/wp-content\/uploads\/bh_7099-nero-venato.jpg 320w, https:\/\/img.bagnoitalia.com\/wp-content\/uploads\/bh_7099-nero-venato-150x132.jpg 150w\" sizes=\"(max-width: 395px) 100vw, 395px\" \/><\/p>\n<p>____________________________________________________<\/p>\n<p><strong>Poign\u00e9e Art chic<\/strong><\/p>\n<p><img decoding=\"async\" class=\" size-full wp-image-10902\" src=\"https:\/\/img.bagnoitalia.com\/wp-content\/uploads\/maniglia-artechic.jpg\" alt=\"\" width=\"296\" height=\"299\" srcset=\"https:\/\/img.bagnoitalia.com\/wp-content\/uploads\/maniglia-artechic.jpg 169w, https:\/\/img.bagnoitalia.com\/wp-content\/uploads\/maniglia-artechic-100x100.jpg 100w, https:\/\/img.bagnoitalia.com\/wp-content\/uploads\/maniglia-artechic-150x152.jpg 150w\" sizes=\"(max-width: 296px) 100vw, 296px\" \/><\/p>\n<p>_________________________________________________<\/p>\n<p>&nbsp;<\/p>\n<p>&nbsp;<\/p>\n<p><img loading=\"lazy\" decoding=\"async\" class=\" size-full wp-image-10819\" src=\"https:\/\/img.bagnoitalia.com\/wp-content\/uploads\/tableau_de_couleurs.jpg\" alt=\"tableau de couleurs\" width=\"1254\" height=\"1103\" srcset=\"https:\/\/img.bagnoitalia.com\/wp-content\/uploads\/tableau_de_couleurs.jpg 1254w, https:\/\/img.bagnoitalia.com\/wp-content\/uploads\/tableau_de_couleurs-768x676.jpg 768w, https:\/\/img.bagnoitalia.com\/wp-content\/uploads\/tableau_de_couleurs-990x871.jpg 990w, https:\/\/img.bagnoitalia.com\/wp-content\/uploads\/tableau_de_couleurs-441x388.jpg 441w, https:\/\/img.bagnoitalia.com\/wp-content\/uploads\/tableau_de_couleurs-600x528.jpg 600w, https:\/\/img.bagnoitalia.com\/wp-content\/uploads\/tableau_de_couleurs-150x132.jpg 150w\" sizes=\"(max-width: 1254px) 100vw, 1254px\" \/><\/p>\n","protected":false},"excerpt":{"rendered":"<p>Meuble de salle de bain Magic4 avec meuble pour machine \u00e0 laver; vous pouvez \u00e9galement ajouter le meuble pour s\u00e9choir, disponible en 25 couleurs \u00e0 la fois en couleur unique et en deux couleurs<\/p>\n","protected":false},"featured_media":23286,"comment_status":"open","ping_status":"closed","template":"","meta":[],"product_brand":[5010],"product_cat":[10115],"product_tag":[],"class_list":{"0":"post-78938","1":"product","2":"type-product","3":"status-publish","4":"has-post-thumbnail","6":"product_brand-baden-bauen","7":"product_cat-senza-categoria-fr","9":"first","10":"outofstock","11":"taxable","12":"shipping-taxable","13":"purchasable","14":"product-type-simple"},"exclude_global_add_ons":false,"addons":[{"name":"miroir","type":"multiple_choice","position":0,"required":true,"title_format":"heading","default":"","description_enable":false,"description":"","placeholder_enable":false,"placeholder":"","display":"select","restrictions_type":"any_text","adjust_price":false,"price":"","price_type":"flat_fee","restrictions":false,"min":"0","max":"0","options":[{"label":"Miroir 80x60cm + applique Led","price":"","price_type":"quantity_based","image":0,"visibility":true},{"label":"Miroir 160x68cm + 2 appliques Led","price":"180","price_type":"quantity_based","image":0,"visibility":true},{"label":"pas de miroir","price":"-48","price_type":"quantity_based","image":0,"visibility":true}],"id":1717426974},{"name":"Couleur","type":"multiple_choice","position":1,"required":true,"title_format":"heading","default":"","description_enable":false,"description":"","placeholder_enable":false,"placeholder":"","display":"select","restrictions_type":"any_text","adjust_price":false,"price":"","price_type":"flat_fee","restrictions":false,"min":"0","max":"0","options":[{"label":"Blanc","price":"","price_type":"quantity_based","image":0,"visibility":true},{"label":"vert","price":"24","price_type":"quantity_based","image":0,"visibility":true},{"label":"vert d'eau","price":"24","price_type":"quantity_based","image":0,"visibility":true},{"label":"vert pastel","price":"24","price_type":"quantity_based","image":0,"visibility":true},{"label":"vert acide","price":"24","price_type":"quantity_based","image":0,"visibility":true},{"label":"bleu clair","price":"24","price_type":"quantity_based","image":0,"visibility":true},{"label":"bleu ciel","price":"24","price_type":"quantity_based","image":0,"visibility":true},{"label":"bleu","price":"24","price_type":"quantity_based","image":0,"visibility":true},{"label":"Ivoire","price":"24","price_type":"quantity_based","image":0,"visibility":true},{"label":"saumon","price":"24","price_type":"quantity_based","image":0,"visibility":true},{"label":"rouge","price":"24","price_type":"quantity_based","image":0,"visibility":true},{"label":"Bordeaux","price":"24","price_type":"quantity_based","image":0,"visibility":true},{"label":"jaune","price":"24","price_type":"quantity_based","image":0,"visibility":true},{"label":"Orange","price":"24","price_type":"quantity_based","image":0,"visibility":true},{"label":"lil","price":"24","price_type":"quantity_based","image":0,"visibility":true},{"label":"Anthracite","price":"24","price_type":"quantity_based","image":0,"visibility":true},{"label":"marron","price":"24","price_type":"quantity_based","image":0,"visibility":true},{"label":"gris clair","price":"24","price_type":"quantity_based","image":0,"visibility":true},{"label":"Noir","price":"24","price_type":"quantity_based","image":0,"visibility":true}],"id":1717426975},{"name":"colonne","type":"multiple_choice","position":2,"required":true,"title_format":"heading","default":"","description_enable":false,"description":"","placeholder_enable":false,"placeholder":"","display":"select","restrictions_type":"any_text","adjust_price":false,"price":"","price_type":"flat_fee","restrictions":false,"min":"0","max":"0","options":[{"label":"PAS de colonne","price":"","price_type":"quantity_based","image":0,"visibility":true},{"label":"Colonne 34x27xH163 cm avec charni\u00e8res \u00e0 gauche","price":"229","price_type":"quantity_based","image":0,"visibility":true},{"label":"Colonne 34x27xH163 cm avec charni\u00e8res \u00e0 droite","price":"229","price_type":"quantity_based","image":0,"visibility":true}],"id":1717426976},{"name":"type de couleur","type":"multiple_choice","position":3,"required":true,"title_format":"heading","default":"","description_enable":false,"description":"","placeholder_enable":false,"placeholder":"","display":"select","restrictions_type":"any_text","adjust_price":false,"price":"","price_type":"flat_fee","restrictions":false,"min":"0","max":"0","options":[{"label":"Brillant","price":"","price_type":"quantity_based","image":0,"visibility":true},{"label":"Opaque","price":"","price_type":"quantity_based","image":0,"visibility":true}],"id":1717426977},{"name":"typologie","type":"multiple_choice","position":4,"required":true,"title_format":"heading","default":"","description_enable":false,"description":"","placeholder_enable":false,"placeholder":"","display":"select","restrictions_type":"any_text","adjust_price":false,"price":"","price_type":"flat_fee","restrictions":false,"min":"0","max":"0","options":[{"label":"avec 1 tiroir","price":"","price_type":"quantity_based","image":0,"visibility":true},{"label":"avec 2 tiroirs","price":"66","price_type":"quantity_based","image":0,"visibility":true}],"id":1717426978},{"name":"poign\u00e9es","type":"multiple_choice","position":5,"required":true,"title_format":"heading","default":"","description_enable":false,"description":"","placeholder_enable":false,"placeholder":"","display":"select","restrictions_type":"any_text","adjust_price":false,"price":"","price_type":"flat_fee","restrictions":false,"min":"0","max":"0","options":[{"label":"poign\u00e9es strass","price":"","price_type":"quantity_based","image":0,"visibility":true},{"label":"poign\u00e9es line","price":"","price_type":"quantity_based","image":0,"visibility":true},{"label":"poign\u00e9es arte chic","price":"","price_type":"quantity_based","image":0,"visibility":true}],"id":1717426979},{"name":"dessus de la base porte-\u00e9vier","type":"multiple_choice","position":6,"required":true,"title_format":"heading","default":"","description_enable":false,"description":"","placeholder_enable":false,"placeholder":"","display":"select","restrictions_type":"any_text","adjust_price":false,"price":"","price_type":"flat_fee","restrictions":false,"min":"0","max":"0","options":[{"label":"Marbre blanc de Carrare 80x40cm","price":"","price_type":"quantity_based","image":0,"visibility":true},{"label":"Marbre blanc polaire 80x40cm","price":"72","price_type":"quantity_based","image":0,"visibility":true},{"label":"cristal 80x40cm","price":"72","price_type":"quantity_based","image":0,"visibility":true}],"id":1717426980},{"name":"dessus de la base porte-lave-linge","type":"multiple_choice","position":7,"required":true,"title_format":"heading","default":"","description_enable":false,"description":"","placeholder_enable":false,"placeholder":"","display":"select","restrictions_type":"any_text","adjust_price":false,"price":"","price_type":"flat_fee","restrictions":false,"min":"0","max":"0","options":[{"label":"63x68cm en bois - pour porte-lave-linge","price":"","price_type":"quantity_based","image":0,"visibility":true},{"label":"63x68cm en marbre blanc de Carrare - pour porte-lave-linge","price":"156","price_type":"quantity_based","image":0,"visibility":true},{"label":"63x68cm en marbre blanc polaire - pour porte-lave-linge","price":"252","price_type":"quantity_based","image":0,"visibility":true},{"label":"63x68cm en Cristal - pour porte-lave-linge","price":"204","price_type":"quantity_based","image":0,"visibility":true},{"label":"63x136cm en marbre blanc de Carrare - pour porte-lave-linge et s\u00e8che-linge","price":"372","price_type":"quantity_based","image":0,"visibility":true},{"label":"63x136cm en marbre blanc polaire - pour porte-lave-linge et s\u00e8che-linge","price":"504","price_type":"quantity_based","image":0,"visibility":true},{"label":"63x136cm en Cristal - pour porte-lave-linge et s\u00e8che-linge","price":"444","price_type":"quantity_based","image":0,"visibility":true}],"id":1717426981}],"yoast_head":"<!-- This site is optimized with the Yoast SEO plugin v26.7 - https:\/\/yoast.com\/wordpress\/plugins\/seo\/ -->\n<title>Meuble de salle de bain Magic4 avec meubles pour machine \u00e0 laver et s\u00e9choir, en 25 couleurs<\/title>\n<meta name=\"description\" content=\"ICE Armoire de toilette moderne avec double lavabo, disponible dans 30 couleurs maximum! Dimensions 160x40cm, avec 2 ou 4 tiroirs. Achetez maintenant!\" \/>\n<meta name=\"robots\" content=\"index, follow, max-snippet:-1, max-image-preview:large, max-video-preview:-1\" \/>\n<link rel=\"canonical\" href=\"https:\/\/www.bagnoitalia.com\/fr\/produit\/magic4-armoire-de-toilette-avec-machine-a-laver-et-seche-linge-en-25-couleurs.html\" \/>\n<meta property=\"og:locale\" content=\"fr_FR\" \/>\n<meta property=\"og:type\" content=\"article\" \/>\n<meta property=\"og:title\" content=\"Meuble de salle de bain Magic4 avec meubles pour machine \u00e0 laver et s\u00e9choir, en 25 couleurs\" \/>\n<meta property=\"og:description\" content=\"ICE Armoire de toilette moderne avec double lavabo, disponible dans 30 couleurs maximum! Dimensions 160x40cm, avec 2 ou 4 tiroirs. Achetez maintenant!\" \/>\n<meta property=\"og:url\" content=\"https:\/\/www.bagnoitalia.com\/fr\/produit\/magic4-armoire-de-toilette-avec-machine-a-laver-et-seche-linge-en-25-couleurs.html\" \/>\n<meta property=\"og:site_name\" content=\"Bagno Italia\" \/>\n<meta property=\"article:modified_time\" content=\"2025-02-20T11:27:05+00:00\" \/>\n<meta property=\"og:image\" content=\"https:\/\/img.bagnoitalia.com\/wp-content\/uploads\/virtuemart\/product\/Bathroom-cabinet-washing-machine-Magi4-1_1542388391_33.jpg\" \/>\n\t<meta property=\"og:image:width\" content=\"613\" \/>\n\t<meta property=\"og:image:height\" content=\"614\" \/>\n\t<meta property=\"og:image:type\" content=\"image\/jpeg\" \/>\n<meta name=\"twitter:card\" content=\"summary_large_image\" \/>\n<meta name=\"twitter:label1\" content=\"Dur\u00e9e de lecture estim\u00e9e\" \/>\n\t<meta name=\"twitter:data1\" content=\"2 minutes\" \/>\n<script type=\"application\/ld+json\" class=\"yoast-schema-graph\">{\"@context\":\"https:\/\/schema.org\",\"@graph\":[{\"@type\":\"WebPage\",\"@id\":\"https:\/\/www.bagnoitalia.com\/fr\/produit\/magic4-armoire-de-toilette-avec-machine-a-laver-et-seche-linge-en-25-couleurs.html\",\"url\":\"https:\/\/www.bagnoitalia.com\/fr\/produit\/magic4-armoire-de-toilette-avec-machine-a-laver-et-seche-linge-en-25-couleurs.html\",\"name\":\"Meuble de salle de bain Magic4 avec meubles pour machine \u00e0 laver et s\u00e9choir, en 25 couleurs\",\"isPartOf\":{\"@id\":\"https:\/\/www.bagnoitalia.com\/fr#website\"},\"primaryImageOfPage\":{\"@id\":\"https:\/\/www.bagnoitalia.com\/fr\/produit\/magic4-armoire-de-toilette-avec-machine-a-laver-et-seche-linge-en-25-couleurs.html#primaryimage\"},\"image\":{\"@id\":\"https:\/\/www.bagnoitalia.com\/fr\/produit\/magic4-armoire-de-toilette-avec-machine-a-laver-et-seche-linge-en-25-couleurs.html#primaryimage\"},\"thumbnailUrl\":\"https:\/\/img.bagnoitalia.com\/wp-content\/uploads\/virtuemart\/product\/Bathroom-cabinet-washing-machine-Magi4-1_1542388391_33.jpg\",\"datePublished\":\"2014-08-04T12:10:02+00:00\",\"dateModified\":\"2025-02-20T11:27:05+00:00\",\"description\":\"ICE Armoire de toilette moderne avec double lavabo, disponible dans 30 couleurs maximum! Dimensions 160x40cm, avec 2 ou 4 tiroirs. Achetez maintenant!\",\"breadcrumb\":{\"@id\":\"https:\/\/www.bagnoitalia.com\/fr\/produit\/magic4-armoire-de-toilette-avec-machine-a-laver-et-seche-linge-en-25-couleurs.html#breadcrumb\"},\"inLanguage\":\"fr-FR\",\"potentialAction\":[{\"@type\":\"ReadAction\",\"target\":[\"https:\/\/www.bagnoitalia.com\/fr\/produit\/magic4-armoire-de-toilette-avec-machine-a-laver-et-seche-linge-en-25-couleurs.html\"]}]},{\"@type\":\"ImageObject\",\"inLanguage\":\"fr-FR\",\"@id\":\"https:\/\/www.bagnoitalia.com\/fr\/produit\/magic4-armoire-de-toilette-avec-machine-a-laver-et-seche-linge-en-25-couleurs.html#primaryimage\",\"url\":\"https:\/\/img.bagnoitalia.com\/wp-content\/uploads\/virtuemart\/product\/Bathroom-cabinet-washing-machine-Magi4-1_1542388391_33.jpg\",\"contentUrl\":\"https:\/\/img.bagnoitalia.com\/wp-content\/uploads\/virtuemart\/product\/Bathroom-cabinet-washing-machine-Magi4-1_1542388391_33.jpg\",\"width\":613,\"height\":614},{\"@type\":\"BreadcrumbList\",\"@id\":\"https:\/\/www.bagnoitalia.com\/fr\/produit\/magic4-armoire-de-toilette-avec-machine-a-laver-et-seche-linge-en-25-couleurs.html#breadcrumb\",\"itemListElement\":[{\"@type\":\"ListItem\",\"position\":1,\"name\":\"Home\",\"item\":\"https:\/\/www.bagnoitalia.com\/fr\"},{\"@type\":\"ListItem\",\"position\":2,\"name\":\"Produits\",\"item\":\"https:\/\/www.bagnoitalia.com\/fr\/shop\"},{\"@type\":\"ListItem\",\"position\":3,\"name\":\"Meuble de salle de bain Magic4 avec meubles pour machine \u00e0 laver et s\u00e9choir, en 25 couleurs\"}]},{\"@type\":\"WebSite\",\"@id\":\"https:\/\/www.bagnoitalia.com\/fr#website\",\"url\":\"https:\/\/www.bagnoitalia.com\/fr\",\"name\":\"Bagno Italia\",\"description\":\"\",\"publisher\":{\"@id\":\"https:\/\/www.bagnoitalia.com\/fr#organization\"},\"potentialAction\":[{\"@type\":\"SearchAction\",\"target\":{\"@type\":\"EntryPoint\",\"urlTemplate\":\"https:\/\/www.bagnoitalia.com\/fr?s={search_term_string}\"},\"query-input\":{\"@type\":\"PropertyValueSpecification\",\"valueRequired\":true,\"valueName\":\"search_term_string\"}}],\"inLanguage\":\"fr-FR\"},{\"@type\":\"Organization\",\"@id\":\"https:\/\/www.bagnoitalia.com\/fr#organization\",\"name\":\"Bagno Italia\",\"url\":\"https:\/\/www.bagnoitalia.com\/fr\",\"logo\":{\"@type\":\"ImageObject\",\"inLanguage\":\"fr-FR\",\"@id\":\"https:\/\/www.bagnoitalia.com\/fr#\/schema\/logo\/image\/\",\"url\":\"https:\/\/img.bagnoitalia.com\/wp-content\/uploads\/logo-bagnoitalia.webp\",\"contentUrl\":\"https:\/\/img.bagnoitalia.com\/wp-content\/uploads\/logo-bagnoitalia.webp\",\"width\":400,\"height\":70,\"caption\":\"Bagno Italia\"},\"image\":{\"@id\":\"https:\/\/www.bagnoitalia.com\/fr#\/schema\/logo\/image\/\"}}]}<\/script>\n<!-- \/ Yoast SEO plugin. -->","yoast_head_json":{"title":"Meuble de salle de bain Magic4 avec meubles pour machine \u00e0 laver et s\u00e9choir, en 25 couleurs","description":"ICE Armoire de toilette moderne avec double lavabo, disponible dans 30 couleurs maximum! Dimensions 160x40cm, avec 2 ou 4 tiroirs. Achetez maintenant!","robots":{"index":"index","follow":"follow","max-snippet":"max-snippet:-1","max-image-preview":"max-image-preview:large","max-video-preview":"max-video-preview:-1"},"canonical":"https:\/\/www.bagnoitalia.com\/fr\/produit\/magic4-armoire-de-toilette-avec-machine-a-laver-et-seche-linge-en-25-couleurs.html","og_locale":"fr_FR","og_type":"article","og_title":"Meuble de salle de bain Magic4 avec meubles pour machine \u00e0 laver et s\u00e9choir, en 25 couleurs","og_description":"ICE Armoire de toilette moderne avec double lavabo, disponible dans 30 couleurs maximum! Dimensions 160x40cm, avec 2 ou 4 tiroirs. Achetez maintenant!","og_url":"https:\/\/www.bagnoitalia.com\/fr\/produit\/magic4-armoire-de-toilette-avec-machine-a-laver-et-seche-linge-en-25-couleurs.html","og_site_name":"Bagno Italia","article_modified_time":"2025-02-20T11:27:05+00:00","og_image":[{"width":613,"height":614,"url":"https:\/\/img.bagnoitalia.com\/wp-content\/uploads\/virtuemart\/product\/Bathroom-cabinet-washing-machine-Magi4-1_1542388391_33.jpg","type":"image\/jpeg"}],"twitter_card":"summary_large_image","twitter_misc":{"Dur\u00e9e de lecture estim\u00e9e":"2 minutes"},"schema":{"@context":"https:\/\/schema.org","@graph":[{"@type":"WebPage","@id":"https:\/\/www.bagnoitalia.com\/fr\/produit\/magic4-armoire-de-toilette-avec-machine-a-laver-et-seche-linge-en-25-couleurs.html","url":"https:\/\/www.bagnoitalia.com\/fr\/produit\/magic4-armoire-de-toilette-avec-machine-a-laver-et-seche-linge-en-25-couleurs.html","name":"Meuble de salle de bain Magic4 avec meubles pour machine \u00e0 laver et s\u00e9choir, en 25 couleurs","isPartOf":{"@id":"https:\/\/www.bagnoitalia.com\/fr#website"},"primaryImageOfPage":{"@id":"https:\/\/www.bagnoitalia.com\/fr\/produit\/magic4-armoire-de-toilette-avec-machine-a-laver-et-seche-linge-en-25-couleurs.html#primaryimage"},"image":{"@id":"https:\/\/www.bagnoitalia.com\/fr\/produit\/magic4-armoire-de-toilette-avec-machine-a-laver-et-seche-linge-en-25-couleurs.html#primaryimage"},"thumbnailUrl":"https:\/\/img.bagnoitalia.com\/wp-content\/uploads\/virtuemart\/product\/Bathroom-cabinet-washing-machine-Magi4-1_1542388391_33.jpg","datePublished":"2014-08-04T12:10:02+00:00","dateModified":"2025-02-20T11:27:05+00:00","description":"ICE Armoire de toilette moderne avec double lavabo, disponible dans 30 couleurs maximum! Dimensions 160x40cm, avec 2 ou 4 tiroirs. Achetez maintenant!","breadcrumb":{"@id":"https:\/\/www.bagnoitalia.com\/fr\/produit\/magic4-armoire-de-toilette-avec-machine-a-laver-et-seche-linge-en-25-couleurs.html#breadcrumb"},"inLanguage":"fr-FR","potentialAction":[{"@type":"ReadAction","target":["https:\/\/www.bagnoitalia.com\/fr\/produit\/magic4-armoire-de-toilette-avec-machine-a-laver-et-seche-linge-en-25-couleurs.html"]}]},{"@type":"ImageObject","inLanguage":"fr-FR","@id":"https:\/\/www.bagnoitalia.com\/fr\/produit\/magic4-armoire-de-toilette-avec-machine-a-laver-et-seche-linge-en-25-couleurs.html#primaryimage","url":"https:\/\/img.bagnoitalia.com\/wp-content\/uploads\/virtuemart\/product\/Bathroom-cabinet-washing-machine-Magi4-1_1542388391_33.jpg","contentUrl":"https:\/\/img.bagnoitalia.com\/wp-content\/uploads\/virtuemart\/product\/Bathroom-cabinet-washing-machine-Magi4-1_1542388391_33.jpg","width":613,"height":614},{"@type":"BreadcrumbList","@id":"https:\/\/www.bagnoitalia.com\/fr\/produit\/magic4-armoire-de-toilette-avec-machine-a-laver-et-seche-linge-en-25-couleurs.html#breadcrumb","itemListElement":[{"@type":"ListItem","position":1,"name":"Home","item":"https:\/\/www.bagnoitalia.com\/fr"},{"@type":"ListItem","position":2,"name":"Produits","item":"https:\/\/www.bagnoitalia.com\/fr\/shop"},{"@type":"ListItem","position":3,"name":"Meuble de salle de bain Magic4 avec meubles pour machine \u00e0 laver et s\u00e9choir, en 25 couleurs"}]},{"@type":"WebSite","@id":"https:\/\/www.bagnoitalia.com\/fr#website","url":"https:\/\/www.bagnoitalia.com\/fr","name":"Bagno Italia","description":"","publisher":{"@id":"https:\/\/www.bagnoitalia.com\/fr#organization"},"potentialAction":[{"@type":"SearchAction","target":{"@type":"EntryPoint","urlTemplate":"https:\/\/www.bagnoitalia.com\/fr?s={search_term_string}"},"query-input":{"@type":"PropertyValueSpecification","valueRequired":true,"valueName":"search_term_string"}}],"inLanguage":"fr-FR"},{"@type":"Organization","@id":"https:\/\/www.bagnoitalia.com\/fr#organization","name":"Bagno Italia","url":"https:\/\/www.bagnoitalia.com\/fr","logo":{"@type":"ImageObject","inLanguage":"fr-FR","@id":"https:\/\/www.bagnoitalia.com\/fr#\/schema\/logo\/image\/","url":"https:\/\/img.bagnoitalia.com\/wp-content\/uploads\/logo-bagnoitalia.webp","contentUrl":"https:\/\/img.bagnoitalia.com\/wp-content\/uploads\/logo-bagnoitalia.webp","width":400,"height":70,"caption":"Bagno Italia"},"image":{"@id":"https:\/\/www.bagnoitalia.com\/fr#\/schema\/logo\/image\/"}}]}},"_links":{"self":[{"href":"https:\/\/www.bagnoitalia.com\/fr\/wp-json\/wp\/v2\/product\/78938","targetHints":{"allow":["GET"]}}],"collection":[{"href":"https:\/\/www.bagnoitalia.com\/fr\/wp-json\/wp\/v2\/product"}],"about":[{"href":"https:\/\/www.bagnoitalia.com\/fr\/wp-json\/wp\/v2\/types\/product"}],"replies":[{"embeddable":true,"href":"https:\/\/www.bagnoitalia.com\/fr\/wp-json\/wp\/v2\/comments?post=78938"}],"version-history":[{"count":1,"href":"https:\/\/www.bagnoitalia.com\/fr\/wp-json\/wp\/v2\/product\/78938\/revisions"}],"predecessor-version":[{"id":89117,"href":"https:\/\/www.bagnoitalia.com\/fr\/wp-json\/wp\/v2\/product\/78938\/revisions\/89117"}],"wp:featuredmedia":[{"embeddable":true,"href":"https:\/\/www.bagnoitalia.com\/fr\/wp-json\/wp\/v2\/media\/23286"}],"wp:attachment":[{"href":"https:\/\/www.bagnoitalia.com\/fr\/wp-json\/wp\/v2\/media?parent=78938"}],"wp:term":[{"taxonomy":"product_brand","embeddable":true,"href":"https:\/\/www.bagnoitalia.com\/fr\/wp-json\/wp\/v2\/product_brand?post=78938"},{"taxonomy":"product_cat","embeddable":true,"href":"https:\/\/www.bagnoitalia.com\/fr\/wp-json\/wp\/v2\/product_cat?post=78938"},{"taxonomy":"product_tag","embeddable":true,"href":"https:\/\/www.bagnoitalia.com\/fr\/wp-json\/wp\/v2\/product_tag?post=78938"}],"curies":[{"name":"wp","href":"https:\/\/api.w.org\/{rel}","templated":true}]}}