{"id":78870,"date":"2014-04-13T18:34:45","date_gmt":"2014-04-13T16:34:45","guid":{"rendered":"https:\/\/www.bagnoitalia.com\/product\/salle-de-bains-mobile-magic3-80-90-100-110-120-130-140-150-160-cm-decentralisee-avec-2-ou-4-tiroirs-30-couleurs"},"modified":"2025-06-13T19:37:30","modified_gmt":"2025-06-13T17:37:30","slug":"salle-de-bains-mobile-magic3-80-90-100-110-120-130-140-150-160-cm-decentralisee-avec-2-ou-4-tiroirs-30-couleurs","status":"publish","type":"product","link":"https:\/\/www.bagnoitalia.com\/fr\/produit\/salle-de-bains-mobile-magic3-80-90-100-110-120-130-140-150-160-cm-decentralisee-avec-2-ou-4-tiroirs-30-couleurs.html","title":{"rendered":"Meuble de salle de bain Magic3, 80, 90, 100, 110, 120, 130, 140, 150, 160 cm d\u00e9centr\u00e9 \u00e0 2 ou 4 tiroirs 30 couleurs"},"content":{"rendered":"<p style=\"text-align: left;\"><strong style=\"background-color: inherit; color: inherit;\">Le prix comprend:<\/strong><\/p>\n<p>1 Base de lavabo 78xH30xP40 cm \u00e0 1 tiroir (si vous choisissez la version \u00e0 2 tiroirs la hauteur du meuble est de 50 cm)<\/p>\n<p style=\"text-align: left;\">1 commode lat\u00e9rale 78xH30xP40 cm \u00e0 1 tiroir (avec deux tiroirs la hauteur du meuble est de 50 cm)<\/p>\n<p style=\"text-align: left;\"><span style=\"color: #000000;\">1 lavabo en c\u00e9ramique\u00a0 ou en verre color\u00e9,\u00a0<span style=\"color: #000000;\">int\u00e9gr\u00e9 80&#215;40 cm,<\/span> \u00e0 s\u00e9lectionner dans le menu sus-jacent, en sp\u00e9cifiant la couleur souhait\u00e9e dans les notes<\/span><br \/>\n____________________________________________________________________________<\/p>\n<p>La commode lat\u00e9rale peut \u00eatre plac\u00e9 dans la partie sous-jacente de mani\u00e8re \u00e9chelonn\u00e9e ou \u00e0 c\u00f4t\u00e9 du meuble sous lavabo. La longueur du meuble variera donc de 110 \u00e0 160 cm en fonction du positionemment de cette commode.<\/p>\n<p><strong>Mat\u00e9riaux utilis\u00e9s<\/strong><\/p>\n<p>Meuble sous lavabo: structure en MDF laqu\u00e9<\/p>\n<p>Guides: m\u00e9tal, fermeture amortie<\/p>\n<p>Poign\u00e9es: chrom\u00e9es<\/p>\n<p style=\"text-align: left;\">Dans le menu, vous pouvez ajouter la colonne 34xP27xH163 cm<\/p>\n<p style=\"text-align: left;\">______________________________________________________<\/p>\n<p><strong>Vous pouvez choisir trois types de poign\u00e9es:<br \/>\n<\/strong><\/p>\n<p><strong>Poign\u00e9e Strass:<\/strong><\/p>\n<p><strong><img fetchpriority=\"high\" decoding=\"async\" class=\" size-full wp-image-10894\" src=\"https:\/\/img.bagnoitalia.com\/wp-content\/uploads\/maniglia-strass1.jpg\" alt=\"\" width=\"402\" height=\"242\" srcset=\"https:\/\/img.bagnoitalia.com\/wp-content\/uploads\/maniglia-strass1.jpg 260w, https:\/\/img.bagnoitalia.com\/wp-content\/uploads\/maniglia-strass1-150x91.jpg 150w\" sizes=\"(max-width: 402px) 100vw, 402px\" \/><\/strong><\/p>\n<p>_______________________________________________________<\/p>\n<p><strong>Poign\u00e9e Line:<\/strong><\/p>\n<p><img decoding=\"async\" class=\" size-full wp-image-10898\" src=\"https:\/\/img.bagnoitalia.com\/wp-content\/uploads\/bh_7099-nero-venato.jpg\" alt=\"\" width=\"409\" height=\"359\" srcset=\"https:\/\/img.bagnoitalia.com\/wp-content\/uploads\/bh_7099-nero-venato.jpg 320w, https:\/\/img.bagnoitalia.com\/wp-content\/uploads\/bh_7099-nero-venato-150x132.jpg 150w\" sizes=\"(max-width: 409px) 100vw, 409px\" \/><\/p>\n<p>____________________________________________________<\/p>\n<p><strong>Poign\u00e9e Art chic:<\/strong><\/p>\n<p><img decoding=\"async\" class=\" size-full wp-image-10902\" src=\"https:\/\/img.bagnoitalia.com\/wp-content\/uploads\/maniglia-artechic.jpg\" alt=\"\" width=\"300\" height=\"303\" srcset=\"https:\/\/img.bagnoitalia.com\/wp-content\/uploads\/maniglia-artechic.jpg 169w, https:\/\/img.bagnoitalia.com\/wp-content\/uploads\/maniglia-artechic-100x100.jpg 100w, https:\/\/img.bagnoitalia.com\/wp-content\/uploads\/maniglia-artechic-150x152.jpg 150w\" sizes=\"(max-width: 300px) 100vw, 300px\" \/><\/p>\n<p>_________________________________________________<\/p>\n<p>Si vous choisissez le miroir, l&rsquo;applique fournie est comme celle de l&rsquo;image ci-dessous:<\/p>\n<p><img loading=\"lazy\" decoding=\"async\" class=\"decoded size-full wp-image-22323\" src=\"https:\/\/img.bagnoitalia.com\/wp-content\/uploads\/virtuemart\/product\/applique4.jpg\" alt=\"http:\/\/www.bagnoitalia.it\/https:\/\/img.bagnoitalia.com\/wp-content\/uploads\/virtuemart\/product\/applique4.jpg\" width=\"256\" height=\"216\" srcset=\"https:\/\/img.bagnoitalia.com\/wp-content\/uploads\/virtuemart\/product\/applique4.jpg 320w, https:\/\/img.bagnoitalia.com\/wp-content\/uploads\/virtuemart\/product\/applique4-150x127.jpg 150w\" sizes=\"(max-width: 256px) 100vw, 256px\" \/><\/p>\n<p><img loading=\"lazy\" decoding=\"async\" class=\" size-full wp-image-10819\" src=\"https:\/\/img.bagnoitalia.com\/wp-content\/uploads\/tableau_de_couleurs.jpg\" alt=\"tableau de couleurs\" width=\"1254\" height=\"1103\" srcset=\"https:\/\/img.bagnoitalia.com\/wp-content\/uploads\/tableau_de_couleurs.jpg 1254w, https:\/\/img.bagnoitalia.com\/wp-content\/uploads\/tableau_de_couleurs-768x676.jpg 768w, https:\/\/img.bagnoitalia.com\/wp-content\/uploads\/tableau_de_couleurs-990x871.jpg 990w, https:\/\/img.bagnoitalia.com\/wp-content\/uploads\/tableau_de_couleurs-441x388.jpg 441w, https:\/\/img.bagnoitalia.com\/wp-content\/uploads\/tableau_de_couleurs-600x528.jpg 600w, https:\/\/img.bagnoitalia.com\/wp-content\/uploads\/tableau_de_couleurs-150x132.jpg 150w\" sizes=\"(max-width: 1254px) 100vw, 1254px\" \/><\/p>\n<p style=\"text-align: left;\"><span style=\"text-decoration: underline; font-size: 12pt; background-color: #ffffff;\"><strong><span style=\"color: #ff0000; text-decoration: underline;\">ATTENTION:<\/span><\/strong><\/span><\/p>\n<p><span style=\"color: #ff0000;\"><strong>MEUBLE DISPONIBLE DANS PLUS DE 20 COULEURS, BRILLANT OU MAT<\/strong><\/span><\/p>\n<p><span style=\"color: #ff00ff;\"><strong>(si aucune des couleurs dans le plus de 20 coloris propos\u00e9s ne vous convient, possibilit\u00e8 de choisir <\/strong><strong>un<\/strong><strong> autre RAL couleur dans le tableau ci-dessus. Cette option vous sera factur\u00e9e 60 euros)<\/strong><\/span><\/p>\n<p>&nbsp;<\/p>\n<p style=\"text-align: left;\"><strong style=\"background-color: inherit; color: inherit;\">Il est possible, en autre, de commander le lavabo en verre (les d\u00e9lais de prodution sont toujours de 15 jours si vous choisissez un verre qui a l<\/strong><strong style=\"background-color: inherit; color: inherit;\">a<\/strong><strong style=\"background-color: inherit; color: inherit;\"> m\u00eame couleur que le meuble)<\/strong><\/p>\n<p><strong>Mais tous les codes RAL sont \u00e9galement disponibles pou<\/strong><strong>r<\/strong><strong> le lavabo en verre (dans ce cas, <\/strong><strong>l\u2019option<\/strong><strong> vous sera factur\u00e9e 48 euros)<\/strong><\/p>\n<p><strong><span style=\"color: #ff0000;\"><br \/>\n<strong><span style=\"font-size: 14pt;\"><a href=\"http:\/\/www.themeter.net\/ral.htm\" target=\"_blank\" rel=\"noopener noreferrer\">TABLEAU DES COULEURS RAL<\/a><\/span><\/strong><\/span><\/strong> <span style=\"font-size: 12pt;\">&lt;== cliquez ici pour voir toutes les couleurs RAL<\/span> <strong><span style=\"color: #ff0000;\"><br \/>\n<\/span><\/strong><\/p>\n","protected":false},"excerpt":{"rendered":"<p>Meuble de salle de bain d\u00e9centr\u00e9 Magic3 disponible en plusieurs dimensions et en 30 coloris, aussi en blanc, brillant ou mat, avec lavabo int\u00e9gr\u00e9, \u00e0 2 ou 4 tiroirs.<\/p>\n","protected":false},"featured_media":22730,"comment_status":"open","ping_status":"closed","template":"","meta":[],"product_brand":[5010],"product_cat":[10115],"product_tag":[],"class_list":{"0":"post-78870","1":"product","2":"type-product","3":"status-publish","4":"has-post-thumbnail","6":"product_brand-baden-bauen","7":"product_cat-senza-categoria-fr","9":"first","10":"outofstock","11":"taxable","12":"shipping-taxable","13":"purchasable","14":"product-type-simple"},"exclude_global_add_ons":false,"addons":[{"name":"Miroir","type":"multiple_choice","position":0,"required":true,"title_format":"heading","default":"","description_enable":false,"description":"","placeholder_enable":false,"placeholder":"","display":"select","restrictions_type":"any_text","adjust_price":false,"price":"","price_type":"flat_fee","restrictions":false,"min":"0","max":"0","options":[{"label":"non","price":"","price_type":"quantity_based","image":0,"visibility":true},{"label":"Miroir 80x60 avec applique","price":"60","price_type":"quantity_based","image":0,"visibility":true}],"id":1718378318},{"name":"Couleur de l'armoire","type":"multiple_choice","position":1,"required":true,"title_format":"heading","default":"","description_enable":false,"description":"","placeholder_enable":false,"placeholder":"","display":"select","restrictions_type":"any_text","adjust_price":false,"price":"","price_type":"flat_fee","restrictions":false,"min":"0","max":"0","options":[{"label":"blanc","price":"","price_type":"quantity_based","image":0,"visibility":true},{"label":"vert","price":"24","price_type":"quantity_based","image":0,"visibility":true},{"label":"Vert d'eau","price":"24","price_type":"quantity_based","image":0,"visibility":true},{"label":"vert pastel","price":"24","price_type":"quantity_based","image":0,"visibility":true},{"label":"vert acide","price":"24","price_type":"quantity_based","image":0,"visibility":true},{"label":"bleu clair","price":"24","price_type":"quantity_based","image":0,"visibility":true},{"label":"Bleu ciel","price":"24","price_type":"quantity_based","image":0,"visibility":true},{"label":"bleu","price":"24","price_type":"quantity_based","image":0,"visibility":true},{"label":"ivoire","price":"24","price_type":"quantity_based","image":0,"visibility":true},{"label":"argent","price":"24","price_type":"quantity_based","image":0,"visibility":true},{"label":"rouge signal","price":"24","price_type":"quantity_based","image":0,"visibility":true},{"label":"rouge vin","price":"24","price_type":"quantity_based","image":0,"visibility":true},{"label":"jaune","price":"24","price_type":"quantity_based","image":0,"visibility":true},{"label":"orange","price":"24","price_type":"quantity_based","image":0,"visibility":true},{"label":"lilic","price":"24","price_type":"quantity_based","image":0,"visibility":true},{"label":"Anthracite","price":"24","price_type":"quantity_based","image":0,"visibility":true},{"label":"Or","price":"24","price_type":"quantity_based","image":0,"visibility":true},{"label":"Rose","price":"24","price_type":"quantity_based","image":0,"visibility":true},{"label":"Argent","price":"24","price_type":"quantity_based","image":0,"visibility":true},{"label":"cobalt","price":"24","price_type":"quantity_based","image":0,"visibility":true},{"label":"glycine","price":"24","price_type":"quantity_based","image":0,"visibility":true},{"label":"Noir","price":"24","price_type":"quantity_based","image":0,"visibility":true},{"label":"Couleur Ral","price":"60","price_type":"quantity_based","image":0,"visibility":true}],"id":1718378319},{"name":"couleur","type":"multiple_choice","position":2,"required":true,"title_format":"heading","default":"","description_enable":false,"description":"","placeholder_enable":false,"placeholder":"","display":"select","restrictions_type":"any_text","adjust_price":false,"price":"","price_type":"flat_fee","restrictions":false,"min":"0","max":"0","options":[{"label":"Brillant","price":"","price_type":"quantity_based","image":0,"visibility":true},{"label":"Opaque","price":"","price_type":"quantity_based","image":0,"visibility":true}],"id":1718378320},{"name":"Colonne","type":"multiple_choice","position":3,"required":true,"title_format":"heading","default":"","description_enable":false,"description":"","placeholder_enable":false,"placeholder":"","display":"select","restrictions_type":"any_text","adjust_price":false,"price":"","price_type":"flat_fee","restrictions":false,"min":"0","max":"0","options":[{"label":"Non","price":"","price_type":"quantity_based","image":0,"visibility":true},{"label":"34 H163 D27 ouverture \u00e0 gauche","price":"229","price_type":"quantity_based","image":0,"visibility":true},{"label":"34 H163 D27 ouverture \u00e0 droite","price":"229","price_type":"quantity_based","image":0,"visibility":true}],"id":1718378321},{"name":"Armoire","type":"multiple_choice","position":4,"required":true,"title_format":"heading","default":"","description_enable":false,"description":"","placeholder_enable":false,"placeholder":"","display":"select","restrictions_type":"any_text","adjust_price":false,"price":"","price_type":"flat_fee","restrictions":false,"min":"0","max":"0","options":[{"label":"Armoire \u00e0 1 tiroir","price":"","price_type":"quantity_based","image":0,"visibility":true},{"label":"Armoire avec 2 tiroirs","price":"72","price_type":"quantity_based","image":0,"visibility":true}],"id":1718378322},{"name":"Type de poign\u00e9e","type":"multiple_choice","position":5,"required":true,"title_format":"heading","default":"","description_enable":false,"description":"","placeholder_enable":false,"placeholder":"","display":"select","restrictions_type":"any_text","adjust_price":false,"price":"","price_type":"flat_fee","restrictions":false,"min":"0","max":"0","options":[{"label":"poign\u00e9e \u00e0 strass","price":"","price_type":"quantity_based","image":0,"visibility":true},{"label":"poign\u00e9e de ligne","price":"","price_type":"quantity_based","image":0,"visibility":true},{"label":"poign\u00e9e art chic","price":"","price_type":"quantity_based","image":0,"visibility":true}],"id":1718378323},{"name":"Bloc-tiroirs","type":"multiple_choice","position":6,"required":true,"title_format":"heading","default":"","description_enable":false,"description":"","placeholder_enable":false,"placeholder":"","display":"select","restrictions_type":"any_text","adjust_price":false,"price":"","price_type":"flat_fee","restrictions":false,"min":"0","max":"0","options":[{"label":"Lat\u00e9ral - avec 1 tiroir","price":"","price_type":"quantity_based","image":0,"visibility":true},{"label":"C\u00f4t\u00e9 - avec 2 tiroirs","price":"72","price_type":"quantity_based","image":0,"visibility":true}],"id":1718378324}],"yoast_head":"<!-- This site is optimized with the Yoast SEO plugin v26.7 - https:\/\/yoast.com\/wordpress\/plugins\/seo\/ -->\n<title>Meuble de salle de bain Magic3, 80, 90, 100, 110, 120, 130, 140, 150, 160 cm d\u00e9centr\u00e9 \u00e0 2 ou 4 tiroirs 30 couleurs<\/title>\n<meta name=\"description\" content=\"Magic3 Bathroom Furniture disponible dans les tailles 110 120 130 140 150 160 cm type d\u00e9centralis\u00e9 avec tiroirs dans plus de 25 couleurs\" \/>\n<meta name=\"robots\" content=\"index, follow, max-snippet:-1, max-image-preview:large, max-video-preview:-1\" \/>\n<link rel=\"canonical\" href=\"https:\/\/www.bagnoitalia.com\/fr\/produit\/salle-de-bains-mobile-magic3-80-90-100-110-120-130-140-150-160-cm-decentralisee-avec-2-ou-4-tiroirs-30-couleurs.html\" \/>\n<meta property=\"og:locale\" content=\"fr_FR\" \/>\n<meta property=\"og:type\" content=\"article\" \/>\n<meta property=\"og:title\" content=\"Meuble de salle de bain Magic3, 80, 90, 100, 110, 120, 130, 140, 150, 160 cm d\u00e9centr\u00e9 \u00e0 2 ou 4 tiroirs 30 couleurs\" \/>\n<meta property=\"og:description\" content=\"Magic3 Bathroom Furniture disponible dans les tailles 110 120 130 140 150 160 cm type d\u00e9centralis\u00e9 avec tiroirs dans plus de 25 couleurs\" \/>\n<meta property=\"og:url\" content=\"https:\/\/www.bagnoitalia.com\/fr\/produit\/salle-de-bains-mobile-magic3-80-90-100-110-120-130-140-150-160-cm-decentralisee-avec-2-ou-4-tiroirs-30-couleurs.html\" \/>\n<meta property=\"og:site_name\" content=\"Bagno Italia\" \/>\n<meta property=\"article:modified_time\" content=\"2025-06-13T17:37:30+00:00\" \/>\n<meta property=\"og:image\" content=\"https:\/\/img.bagnoitalia.com\/wp-content\/uploads\/virtuemart\/product\/Bathroom-vanity-Magic3-1_1542298840_820.jpg\" \/>\n\t<meta property=\"og:image:width\" content=\"620\" \/>\n\t<meta property=\"og:image:height\" content=\"620\" \/>\n\t<meta property=\"og:image:type\" content=\"image\/jpeg\" \/>\n<meta name=\"twitter:card\" content=\"summary_large_image\" \/>\n<meta name=\"twitter:label1\" content=\"Dur\u00e9e de lecture estim\u00e9e\" \/>\n\t<meta name=\"twitter:data1\" content=\"3 minutes\" \/>\n<script type=\"application\/ld+json\" class=\"yoast-schema-graph\">{\"@context\":\"https:\/\/schema.org\",\"@graph\":[{\"@type\":\"WebPage\",\"@id\":\"https:\/\/www.bagnoitalia.com\/fr\/produit\/salle-de-bains-mobile-magic3-80-90-100-110-120-130-140-150-160-cm-decentralisee-avec-2-ou-4-tiroirs-30-couleurs.html\",\"url\":\"https:\/\/www.bagnoitalia.com\/fr\/produit\/salle-de-bains-mobile-magic3-80-90-100-110-120-130-140-150-160-cm-decentralisee-avec-2-ou-4-tiroirs-30-couleurs.html\",\"name\":\"Meuble de salle de bain Magic3, 80, 90, 100, 110, 120, 130, 140, 150, 160 cm d\u00e9centr\u00e9 \u00e0 2 ou 4 tiroirs 30 couleurs\",\"isPartOf\":{\"@id\":\"https:\/\/www.bagnoitalia.com\/fr#website\"},\"primaryImageOfPage\":{\"@id\":\"https:\/\/www.bagnoitalia.com\/fr\/produit\/salle-de-bains-mobile-magic3-80-90-100-110-120-130-140-150-160-cm-decentralisee-avec-2-ou-4-tiroirs-30-couleurs.html#primaryimage\"},\"image\":{\"@id\":\"https:\/\/www.bagnoitalia.com\/fr\/produit\/salle-de-bains-mobile-magic3-80-90-100-110-120-130-140-150-160-cm-decentralisee-avec-2-ou-4-tiroirs-30-couleurs.html#primaryimage\"},\"thumbnailUrl\":\"https:\/\/img.bagnoitalia.com\/wp-content\/uploads\/virtuemart\/product\/Bathroom-vanity-Magic3-1_1542298840_820.jpg\",\"datePublished\":\"2014-04-13T16:34:45+00:00\",\"dateModified\":\"2025-06-13T17:37:30+00:00\",\"description\":\"Magic3 Bathroom Furniture disponible dans les tailles 110 120 130 140 150 160 cm type d\u00e9centralis\u00e9 avec tiroirs dans plus de 25 couleurs\",\"breadcrumb\":{\"@id\":\"https:\/\/www.bagnoitalia.com\/fr\/produit\/salle-de-bains-mobile-magic3-80-90-100-110-120-130-140-150-160-cm-decentralisee-avec-2-ou-4-tiroirs-30-couleurs.html#breadcrumb\"},\"inLanguage\":\"fr-FR\",\"potentialAction\":[{\"@type\":\"ReadAction\",\"target\":[\"https:\/\/www.bagnoitalia.com\/fr\/produit\/salle-de-bains-mobile-magic3-80-90-100-110-120-130-140-150-160-cm-decentralisee-avec-2-ou-4-tiroirs-30-couleurs.html\"]}]},{\"@type\":\"ImageObject\",\"inLanguage\":\"fr-FR\",\"@id\":\"https:\/\/www.bagnoitalia.com\/fr\/produit\/salle-de-bains-mobile-magic3-80-90-100-110-120-130-140-150-160-cm-decentralisee-avec-2-ou-4-tiroirs-30-couleurs.html#primaryimage\",\"url\":\"https:\/\/img.bagnoitalia.com\/wp-content\/uploads\/virtuemart\/product\/Bathroom-vanity-Magic3-1_1542298840_820.jpg\",\"contentUrl\":\"https:\/\/img.bagnoitalia.com\/wp-content\/uploads\/virtuemart\/product\/Bathroom-vanity-Magic3-1_1542298840_820.jpg\",\"width\":620,\"height\":620},{\"@type\":\"BreadcrumbList\",\"@id\":\"https:\/\/www.bagnoitalia.com\/fr\/produit\/salle-de-bains-mobile-magic3-80-90-100-110-120-130-140-150-160-cm-decentralisee-avec-2-ou-4-tiroirs-30-couleurs.html#breadcrumb\",\"itemListElement\":[{\"@type\":\"ListItem\",\"position\":1,\"name\":\"Home\",\"item\":\"https:\/\/www.bagnoitalia.com\/fr\"},{\"@type\":\"ListItem\",\"position\":2,\"name\":\"Produits\",\"item\":\"https:\/\/www.bagnoitalia.com\/fr\/shop\"},{\"@type\":\"ListItem\",\"position\":3,\"name\":\"Meuble de salle de bain Magic3, 80, 90, 100, 110, 120, 130, 140, 150, 160 cm d\u00e9centr\u00e9 \u00e0 2 ou 4 tiroirs 30 couleurs\"}]},{\"@type\":\"WebSite\",\"@id\":\"https:\/\/www.bagnoitalia.com\/fr#website\",\"url\":\"https:\/\/www.bagnoitalia.com\/fr\",\"name\":\"Bagno Italia\",\"description\":\"\",\"publisher\":{\"@id\":\"https:\/\/www.bagnoitalia.com\/fr#organization\"},\"potentialAction\":[{\"@type\":\"SearchAction\",\"target\":{\"@type\":\"EntryPoint\",\"urlTemplate\":\"https:\/\/www.bagnoitalia.com\/fr?s={search_term_string}\"},\"query-input\":{\"@type\":\"PropertyValueSpecification\",\"valueRequired\":true,\"valueName\":\"search_term_string\"}}],\"inLanguage\":\"fr-FR\"},{\"@type\":\"Organization\",\"@id\":\"https:\/\/www.bagnoitalia.com\/fr#organization\",\"name\":\"Bagno Italia\",\"url\":\"https:\/\/www.bagnoitalia.com\/fr\",\"logo\":{\"@type\":\"ImageObject\",\"inLanguage\":\"fr-FR\",\"@id\":\"https:\/\/www.bagnoitalia.com\/fr#\/schema\/logo\/image\/\",\"url\":\"https:\/\/img.bagnoitalia.com\/wp-content\/uploads\/logo-bagnoitalia.webp\",\"contentUrl\":\"https:\/\/img.bagnoitalia.com\/wp-content\/uploads\/logo-bagnoitalia.webp\",\"width\":400,\"height\":70,\"caption\":\"Bagno Italia\"},\"image\":{\"@id\":\"https:\/\/www.bagnoitalia.com\/fr#\/schema\/logo\/image\/\"}}]}<\/script>\n<!-- \/ Yoast SEO plugin. -->","yoast_head_json":{"title":"Meuble de salle de bain Magic3, 80, 90, 100, 110, 120, 130, 140, 150, 160 cm d\u00e9centr\u00e9 \u00e0 2 ou 4 tiroirs 30 couleurs","description":"Magic3 Bathroom Furniture disponible dans les tailles 110 120 130 140 150 160 cm type d\u00e9centralis\u00e9 avec tiroirs dans plus de 25 couleurs","robots":{"index":"index","follow":"follow","max-snippet":"max-snippet:-1","max-image-preview":"max-image-preview:large","max-video-preview":"max-video-preview:-1"},"canonical":"https:\/\/www.bagnoitalia.com\/fr\/produit\/salle-de-bains-mobile-magic3-80-90-100-110-120-130-140-150-160-cm-decentralisee-avec-2-ou-4-tiroirs-30-couleurs.html","og_locale":"fr_FR","og_type":"article","og_title":"Meuble de salle de bain Magic3, 80, 90, 100, 110, 120, 130, 140, 150, 160 cm d\u00e9centr\u00e9 \u00e0 2 ou 4 tiroirs 30 couleurs","og_description":"Magic3 Bathroom Furniture disponible dans les tailles 110 120 130 140 150 160 cm type d\u00e9centralis\u00e9 avec tiroirs dans plus de 25 couleurs","og_url":"https:\/\/www.bagnoitalia.com\/fr\/produit\/salle-de-bains-mobile-magic3-80-90-100-110-120-130-140-150-160-cm-decentralisee-avec-2-ou-4-tiroirs-30-couleurs.html","og_site_name":"Bagno Italia","article_modified_time":"2025-06-13T17:37:30+00:00","og_image":[{"width":620,"height":620,"url":"https:\/\/img.bagnoitalia.com\/wp-content\/uploads\/virtuemart\/product\/Bathroom-vanity-Magic3-1_1542298840_820.jpg","type":"image\/jpeg"}],"twitter_card":"summary_large_image","twitter_misc":{"Dur\u00e9e de lecture estim\u00e9e":"3 minutes"},"schema":{"@context":"https:\/\/schema.org","@graph":[{"@type":"WebPage","@id":"https:\/\/www.bagnoitalia.com\/fr\/produit\/salle-de-bains-mobile-magic3-80-90-100-110-120-130-140-150-160-cm-decentralisee-avec-2-ou-4-tiroirs-30-couleurs.html","url":"https:\/\/www.bagnoitalia.com\/fr\/produit\/salle-de-bains-mobile-magic3-80-90-100-110-120-130-140-150-160-cm-decentralisee-avec-2-ou-4-tiroirs-30-couleurs.html","name":"Meuble de salle de bain Magic3, 80, 90, 100, 110, 120, 130, 140, 150, 160 cm d\u00e9centr\u00e9 \u00e0 2 ou 4 tiroirs 30 couleurs","isPartOf":{"@id":"https:\/\/www.bagnoitalia.com\/fr#website"},"primaryImageOfPage":{"@id":"https:\/\/www.bagnoitalia.com\/fr\/produit\/salle-de-bains-mobile-magic3-80-90-100-110-120-130-140-150-160-cm-decentralisee-avec-2-ou-4-tiroirs-30-couleurs.html#primaryimage"},"image":{"@id":"https:\/\/www.bagnoitalia.com\/fr\/produit\/salle-de-bains-mobile-magic3-80-90-100-110-120-130-140-150-160-cm-decentralisee-avec-2-ou-4-tiroirs-30-couleurs.html#primaryimage"},"thumbnailUrl":"https:\/\/img.bagnoitalia.com\/wp-content\/uploads\/virtuemart\/product\/Bathroom-vanity-Magic3-1_1542298840_820.jpg","datePublished":"2014-04-13T16:34:45+00:00","dateModified":"2025-06-13T17:37:30+00:00","description":"Magic3 Bathroom Furniture disponible dans les tailles 110 120 130 140 150 160 cm type d\u00e9centralis\u00e9 avec tiroirs dans plus de 25 couleurs","breadcrumb":{"@id":"https:\/\/www.bagnoitalia.com\/fr\/produit\/salle-de-bains-mobile-magic3-80-90-100-110-120-130-140-150-160-cm-decentralisee-avec-2-ou-4-tiroirs-30-couleurs.html#breadcrumb"},"inLanguage":"fr-FR","potentialAction":[{"@type":"ReadAction","target":["https:\/\/www.bagnoitalia.com\/fr\/produit\/salle-de-bains-mobile-magic3-80-90-100-110-120-130-140-150-160-cm-decentralisee-avec-2-ou-4-tiroirs-30-couleurs.html"]}]},{"@type":"ImageObject","inLanguage":"fr-FR","@id":"https:\/\/www.bagnoitalia.com\/fr\/produit\/salle-de-bains-mobile-magic3-80-90-100-110-120-130-140-150-160-cm-decentralisee-avec-2-ou-4-tiroirs-30-couleurs.html#primaryimage","url":"https:\/\/img.bagnoitalia.com\/wp-content\/uploads\/virtuemart\/product\/Bathroom-vanity-Magic3-1_1542298840_820.jpg","contentUrl":"https:\/\/img.bagnoitalia.com\/wp-content\/uploads\/virtuemart\/product\/Bathroom-vanity-Magic3-1_1542298840_820.jpg","width":620,"height":620},{"@type":"BreadcrumbList","@id":"https:\/\/www.bagnoitalia.com\/fr\/produit\/salle-de-bains-mobile-magic3-80-90-100-110-120-130-140-150-160-cm-decentralisee-avec-2-ou-4-tiroirs-30-couleurs.html#breadcrumb","itemListElement":[{"@type":"ListItem","position":1,"name":"Home","item":"https:\/\/www.bagnoitalia.com\/fr"},{"@type":"ListItem","position":2,"name":"Produits","item":"https:\/\/www.bagnoitalia.com\/fr\/shop"},{"@type":"ListItem","position":3,"name":"Meuble de salle de bain Magic3, 80, 90, 100, 110, 120, 130, 140, 150, 160 cm d\u00e9centr\u00e9 \u00e0 2 ou 4 tiroirs 30 couleurs"}]},{"@type":"WebSite","@id":"https:\/\/www.bagnoitalia.com\/fr#website","url":"https:\/\/www.bagnoitalia.com\/fr","name":"Bagno Italia","description":"","publisher":{"@id":"https:\/\/www.bagnoitalia.com\/fr#organization"},"potentialAction":[{"@type":"SearchAction","target":{"@type":"EntryPoint","urlTemplate":"https:\/\/www.bagnoitalia.com\/fr?s={search_term_string}"},"query-input":{"@type":"PropertyValueSpecification","valueRequired":true,"valueName":"search_term_string"}}],"inLanguage":"fr-FR"},{"@type":"Organization","@id":"https:\/\/www.bagnoitalia.com\/fr#organization","name":"Bagno Italia","url":"https:\/\/www.bagnoitalia.com\/fr","logo":{"@type":"ImageObject","inLanguage":"fr-FR","@id":"https:\/\/www.bagnoitalia.com\/fr#\/schema\/logo\/image\/","url":"https:\/\/img.bagnoitalia.com\/wp-content\/uploads\/logo-bagnoitalia.webp","contentUrl":"https:\/\/img.bagnoitalia.com\/wp-content\/uploads\/logo-bagnoitalia.webp","width":400,"height":70,"caption":"Bagno Italia"},"image":{"@id":"https:\/\/www.bagnoitalia.com\/fr#\/schema\/logo\/image\/"}}]}},"_links":{"self":[{"href":"https:\/\/www.bagnoitalia.com\/fr\/wp-json\/wp\/v2\/product\/78870","targetHints":{"allow":["GET"]}}],"collection":[{"href":"https:\/\/www.bagnoitalia.com\/fr\/wp-json\/wp\/v2\/product"}],"about":[{"href":"https:\/\/www.bagnoitalia.com\/fr\/wp-json\/wp\/v2\/types\/product"}],"replies":[{"embeddable":true,"href":"https:\/\/www.bagnoitalia.com\/fr\/wp-json\/wp\/v2\/comments?post=78870"}],"version-history":[{"count":1,"href":"https:\/\/www.bagnoitalia.com\/fr\/wp-json\/wp\/v2\/product\/78870\/revisions"}],"predecessor-version":[{"id":90235,"href":"https:\/\/www.bagnoitalia.com\/fr\/wp-json\/wp\/v2\/product\/78870\/revisions\/90235"}],"wp:featuredmedia":[{"embeddable":true,"href":"https:\/\/www.bagnoitalia.com\/fr\/wp-json\/wp\/v2\/media\/22730"}],"wp:attachment":[{"href":"https:\/\/www.bagnoitalia.com\/fr\/wp-json\/wp\/v2\/media?parent=78870"}],"wp:term":[{"taxonomy":"product_brand","embeddable":true,"href":"https:\/\/www.bagnoitalia.com\/fr\/wp-json\/wp\/v2\/product_brand?post=78870"},{"taxonomy":"product_cat","embeddable":true,"href":"https:\/\/www.bagnoitalia.com\/fr\/wp-json\/wp\/v2\/product_cat?post=78870"},{"taxonomy":"product_tag","embeddable":true,"href":"https:\/\/www.bagnoitalia.com\/fr\/wp-json\/wp\/v2\/product_tag?post=78870"}],"curies":[{"name":"wp","href":"https:\/\/api.w.org\/{rel}","templated":true}]}}