{"id":78842,"date":"2014-04-10T11:33:12","date_gmt":"2014-04-10T09:33:12","guid":{"rendered":"https:\/\/www.bagnoitalia.com\/product\/vasque-a-poser-arrondi-ovale-en-ceramique-blanche-brillante-dans-4-modeles-lav01"},"modified":"2025-07-08T08:32:27","modified_gmt":"2025-07-08T06:32:27","slug":"vasque-a-poser-arrondi-ovale-en-ceramique-blanche-brillante-dans-4-modeles-lav01","status":"publish","type":"product","link":"https:\/\/www.bagnoitalia.com\/fr\/produit\/vasque-a-poser-arrondi-ovale-en-ceramique-blanche-brillante-dans-4-modeles-lav01.html","title":{"rendered":"Lavabo \u00e0 poser ovale ou triangulaire, angles arrondis en c\u00e9ramique blanche brillante disponible dans 4 mod\u00e8les LAV01"},"content":{"rendered":"<p><span style=\"text-decoration: underline; font-size: 12pt;\"><strong>Lavabo \u00e0 poser mod\u00e8le Jazz 67x44x15 cm en c\u00e9ramique blanche brillante<\/strong><\/span><\/p>\n<p><img fetchpriority=\"high\" decoding=\"async\" class=\" size-full wp-image-22418\" src=\"https:\/\/img.bagnoitalia.com\/wp-content\/uploads\/grafiche\/JAZZ-2.jpg\" alt=\"\" width=\"751\" height=\"505\" \/><\/p>\n<\/p>\n<p>_____________________________________________________________________________________________________________________________________<\/p>\n<p><span style=\"text-decoration: underline; font-size: 12pt;\"><strong>Lavabo \u00e0 poser <strong>mod\u00e8le Goa&nbsp;<\/strong><span style=\"text-decoration: underline; font-size: 12pt;\"><\/span>60x41x14,5 cm en c\u00e9ramique blanche brillante&nbsp;<\/strong><\/span><\/p>\n<p><img decoding=\"async\" class=\" size-full wp-image-22422\" src=\"https:\/\/img.bagnoitalia.com\/wp-content\/uploads\/lavabi-da-appoggio-Goa-ovale-arrotondato-in-ceramica-bianco-lucido-12.JPG\" alt=\"\" width=\"751\" height=\"679\" srcset=\"https:\/\/img.bagnoitalia.com\/wp-content\/uploads\/lavabi-da-appoggio-Goa-ovale-arrotondato-in-ceramica-bianco-lucido-12.JPG 900w, https:\/\/img.bagnoitalia.com\/wp-content\/uploads\/lavabi-da-appoggio-Goa-ovale-arrotondato-in-ceramica-bianco-lucido-12-768x695.jpg 768w, https:\/\/img.bagnoitalia.com\/wp-content\/uploads\/lavabi-da-appoggio-Goa-ovale-arrotondato-in-ceramica-bianco-lucido-12-441x399.jpg 441w, https:\/\/img.bagnoitalia.com\/wp-content\/uploads\/lavabi-da-appoggio-Goa-ovale-arrotondato-in-ceramica-bianco-lucido-12-600x543.jpg 600w, https:\/\/img.bagnoitalia.com\/wp-content\/uploads\/lavabi-da-appoggio-Goa-ovale-arrotondato-in-ceramica-bianco-lucido-12-150x136.jpg 150w\" sizes=\"(max-width: 751px) 100vw, 751px\" \/><\/p>\n<p>___________________________________________________________________________________________________________________________<\/p>\n<p><span style=\"text-decoration: underline; font-size: 12pt;\"><strong>Vasque \u00e0 poser <strong>mod\u00e8le Glam1&nbsp;<\/strong><span style=\"text-decoration: underline; font-size: 12pt;\"><\/span>45x40x14,5 cm en c\u00e9ramique blanche brillante&nbsp;<br \/><\/strong><\/span><\/p>\n<\/p>\n<p><img decoding=\"async\" class=\" size-full wp-image-22426\" src=\"https:\/\/img.bagnoitalia.com\/wp-content\/uploads\/grafiche\/GLAM1-2.jpg\" alt=\"\" width=\"755\" height=\"496\" srcset=\"https:\/\/img.bagnoitalia.com\/wp-content\/uploads\/grafiche\/GLAM1-2.jpg 1200w, https:\/\/img.bagnoitalia.com\/wp-content\/uploads\/grafiche\/GLAM1-2-768x504.jpg 768w, https:\/\/img.bagnoitalia.com\/wp-content\/uploads\/grafiche\/GLAM1-2-990x650.jpg 990w, https:\/\/img.bagnoitalia.com\/wp-content\/uploads\/grafiche\/GLAM1-2-441x290.jpg 441w, https:\/\/img.bagnoitalia.com\/wp-content\/uploads\/grafiche\/GLAM1-2-600x394.jpg 600w, https:\/\/img.bagnoitalia.com\/wp-content\/uploads\/grafiche\/GLAM1-2-150x99.jpg 150w\" sizes=\"(max-width: 755px) 100vw, 755px\" \/><\/p>\n<\/p>\n<p>__________________________________________________________________________________________________________________________<\/p>\n<p><span style=\"text-decoration: underline; font-size: 12pt;\"><strong>Lavabo \u00e0 poser <strong>mod\u00e8le Glam2&nbsp;<\/strong><span style=\"text-decoration: underline; font-size: 12pt;\"><\/span>56&#215;43,5&#215;13,5 cm en c\u00e9ramique blanche brillante<\/strong><\/span><\/p>\n<p><img loading=\"lazy\" decoding=\"async\" class=\" size-full wp-image-22430\" src=\"https:\/\/img.bagnoitalia.com\/wp-content\/uploads\/grafiche\/GLAM2-2.jpg\" alt=\"\" width=\"759\" height=\"497\" srcset=\"https:\/\/img.bagnoitalia.com\/wp-content\/uploads\/grafiche\/GLAM2-2.jpg 1200w, https:\/\/img.bagnoitalia.com\/wp-content\/uploads\/grafiche\/GLAM2-2-768x504.jpg 768w, https:\/\/img.bagnoitalia.com\/wp-content\/uploads\/grafiche\/GLAM2-2-990x650.jpg 990w, https:\/\/img.bagnoitalia.com\/wp-content\/uploads\/grafiche\/GLAM2-2-441x290.jpg 441w, https:\/\/img.bagnoitalia.com\/wp-content\/uploads\/grafiche\/GLAM2-2-600x394.jpg 600w, https:\/\/img.bagnoitalia.com\/wp-content\/uploads\/grafiche\/GLAM2-2-150x99.jpg 150w\" sizes=\"(max-width: 759px) 100vw, 759px\" \/><\/p>\n<\/p>\n<p>_________________________________________________________________________________________________________________________<\/p>\n<p><span style=\"text-decoration: underline; font-size: 12pt;\"><strong>Lavabo \u00e0 poser<strong> mod\u00e8le Opera<\/strong><span style=\"text-decoration: underline; font-size: 12pt;\"><\/span> 59x42x14,5 cm en c\u00e9ramique blanche brillante<\/strong><\/span><\/p>\n<p><img loading=\"lazy\" decoding=\"async\" class=\" size-full wp-image-22434\" src=\"https:\/\/img.bagnoitalia.com\/wp-content\/uploads\/lavabi-da-appoggio-opera-arrotondato-ovale-alto-in-ceramica-bianco-lucido-45.JPG\" alt=\"\" width=\"751\" height=\"679\" srcset=\"https:\/\/img.bagnoitalia.com\/wp-content\/uploads\/lavabi-da-appoggio-opera-arrotondato-ovale-alto-in-ceramica-bianco-lucido-45.JPG 900w, https:\/\/img.bagnoitalia.com\/wp-content\/uploads\/lavabi-da-appoggio-opera-arrotondato-ovale-alto-in-ceramica-bianco-lucido-45-768x695.jpg 768w, https:\/\/img.bagnoitalia.com\/wp-content\/uploads\/lavabi-da-appoggio-opera-arrotondato-ovale-alto-in-ceramica-bianco-lucido-45-441x399.jpg 441w, https:\/\/img.bagnoitalia.com\/wp-content\/uploads\/lavabi-da-appoggio-opera-arrotondato-ovale-alto-in-ceramica-bianco-lucido-45-600x543.jpg 600w, https:\/\/img.bagnoitalia.com\/wp-content\/uploads\/lavabi-da-appoggio-opera-arrotondato-ovale-alto-in-ceramica-bianco-lucido-45-150x136.jpg 150w\" sizes=\"(max-width: 751px) 100vw, 751px\" \/><\/p>\n<\/p>\n<p><span style=\"text-decoration: underline;\"><strong><span style=\"font-size: 12pt;\">Robinet non inclus dans le prix de vente. Pour l&rsquo;acheter sur notre site, cliquez <a href=\"rubinetti-miscelatori\">ici<\/a><\/span><\/strong><\/span><\/p>\n<\/p>\n<p><strong><span style=\"text-decoration: underline;\"><span style=\"font-size: 12pt;\">Il est possible d&rsquo;ajouter la bonde automatique<\/span><\/span><\/strong><\/p>\n<p><img loading=\"lazy\" decoding=\"async\" class=\" size-full wp-image-12078\" src=\"https:\/\/img.bagnoitalia.com\/wp-content\/uploads\/piletta_automati_4be32113b90615.jpg\" alt=\"\" width=\"395\" height=\"395\" srcset=\"https:\/\/img.bagnoitalia.com\/wp-content\/uploads\/piletta_automati_4be32113b90615.jpg 320w, https:\/\/img.bagnoitalia.com\/wp-content\/uploads\/piletta_automati_4be32113b90615-100x100.jpg 100w, https:\/\/img.bagnoitalia.com\/wp-content\/uploads\/piletta_automati_4be32113b90615-150x150.jpg 150w\" sizes=\"(max-width: 395px) 100vw, 395px\" \/><\/p>\n","protected":false},"excerpt":{"rendered":"<p>Lavabo \u00e0 poser ovale ou triangulaire , angles arrondis en c\u00e9ramique blanche brillante disponible en 4 mod\u00e8les: Jazz, Opera, Goa ou Glam<\/p>\n","protected":false},"featured_media":22330,"comment_status":"open","ping_status":"closed","template":"","meta":[],"product_brand":[9906],"product_cat":[15,10115],"product_tag":[],"class_list":{"0":"post-78842","1":"product","2":"type-product","3":"status-publish","4":"has-post-thumbnail","6":"product_brand-movida-store-fr","7":"product_cat-senza-categoria","8":"product_cat-senza-categoria-fr","10":"first","11":"outofstock","12":"taxable","13":"shipping-taxable","14":"purchasable","15":"product-type-simple"},"exclude_global_add_ons":false,"addons":[{"name":"CAMPI_LAVABO\r\n","type":"select","position":0,"required":true,"title_format":"label","default":"","description_enable":false,"description":"","placeholder_enable":false,"placeholder":"","display":"select","restrictions_type":"any_text","adjust_price":false,"price":"","price_type":"","restrictions":false,"min":"0","max":"0","options":[]},{"name":"CAMPI_PILETTA\r\n","type":"select","position":0,"required":true,"title_format":"label","default":"","description_enable":false,"description":"","placeholder_enable":false,"placeholder":"","display":"select","restrictions_type":"any_text","adjust_price":false,"price":"","price_type":"","restrictions":false,"min":"0","max":"0","options":[]}],"yoast_head":"<!-- This site is optimized with the Yoast SEO plugin v26.7 - https:\/\/yoast.com\/wordpress\/plugins\/seo\/ -->\n<title>Lavabo \u00e0 poser ovale ou triangulaire, angles arrondis en c\u00e9ramique blanche brillante disponible dans 4 mod\u00e8les LAV01<\/title>\n<meta name=\"description\" content=\"Lavabo \u00e0 poser ovale ou triangulaire en c\u00e9ramique blanche polie disponible en 4 mod\u00e8les\" \/>\n<meta name=\"robots\" content=\"index, follow, max-snippet:-1, max-image-preview:large, max-video-preview:-1\" \/>\n<link rel=\"canonical\" href=\"https:\/\/www.bagnoitalia.com\/fr\/produit\/vasque-a-poser-arrondi-ovale-en-ceramique-blanche-brillante-dans-4-modeles-lav01.html\" \/>\n<meta property=\"og:locale\" content=\"fr_FR\" \/>\n<meta property=\"og:type\" content=\"article\" \/>\n<meta property=\"og:title\" content=\"Lavabo \u00e0 poser ovale ou triangulaire, angles arrondis en c\u00e9ramique blanche brillante disponible dans 4 mod\u00e8les LAV01\" \/>\n<meta property=\"og:description\" content=\"Lavabo \u00e0 poser ovale ou triangulaire en c\u00e9ramique blanche polie disponible en 4 mod\u00e8les\" \/>\n<meta property=\"og:url\" content=\"https:\/\/www.bagnoitalia.com\/fr\/produit\/vasque-a-poser-arrondi-ovale-en-ceramique-blanche-brillante-dans-4-modeles-lav01.html\" \/>\n<meta property=\"og:site_name\" content=\"Bagno Italia\" \/>\n<meta property=\"article:modified_time\" content=\"2025-07-08T06:32:27+00:00\" \/>\n<meta property=\"og:image\" content=\"https:\/\/img.bagnoitalia.com\/wp-content\/uploads\/virtuemart\/product\/Countertop-washbasin-rounded-oval-triangular-shape-ceramic-65120_1542646899_221.jpg\" \/>\n\t<meta property=\"og:image:width\" content=\"600\" \/>\n\t<meta property=\"og:image:height\" content=\"600\" \/>\n\t<meta property=\"og:image:type\" content=\"image\/jpeg\" \/>\n<meta name=\"twitter:card\" content=\"summary_large_image\" \/>\n<script type=\"application\/ld+json\" class=\"yoast-schema-graph\">{\"@context\":\"https:\/\/schema.org\",\"@graph\":[{\"@type\":\"WebPage\",\"@id\":\"https:\/\/www.bagnoitalia.com\/fr\/produit\/vasque-a-poser-arrondi-ovale-en-ceramique-blanche-brillante-dans-4-modeles-lav01.html\",\"url\":\"https:\/\/www.bagnoitalia.com\/fr\/produit\/vasque-a-poser-arrondi-ovale-en-ceramique-blanche-brillante-dans-4-modeles-lav01.html\",\"name\":\"Lavabo \u00e0 poser ovale ou triangulaire, angles arrondis en c\u00e9ramique blanche brillante disponible dans 4 mod\u00e8les LAV01\",\"isPartOf\":{\"@id\":\"https:\/\/www.bagnoitalia.com\/fr#website\"},\"primaryImageOfPage\":{\"@id\":\"https:\/\/www.bagnoitalia.com\/fr\/produit\/vasque-a-poser-arrondi-ovale-en-ceramique-blanche-brillante-dans-4-modeles-lav01.html#primaryimage\"},\"image\":{\"@id\":\"https:\/\/www.bagnoitalia.com\/fr\/produit\/vasque-a-poser-arrondi-ovale-en-ceramique-blanche-brillante-dans-4-modeles-lav01.html#primaryimage\"},\"thumbnailUrl\":\"https:\/\/img.bagnoitalia.com\/wp-content\/uploads\/virtuemart\/product\/Countertop-washbasin-rounded-oval-triangular-shape-ceramic-65120_1542646899_221.jpg\",\"datePublished\":\"2014-04-10T09:33:12+00:00\",\"dateModified\":\"2025-07-08T06:32:27+00:00\",\"description\":\"Lavabo \u00e0 poser ovale ou triangulaire en c\u00e9ramique blanche polie disponible en 4 mod\u00e8les\",\"breadcrumb\":{\"@id\":\"https:\/\/www.bagnoitalia.com\/fr\/produit\/vasque-a-poser-arrondi-ovale-en-ceramique-blanche-brillante-dans-4-modeles-lav01.html#breadcrumb\"},\"inLanguage\":\"fr-FR\",\"potentialAction\":[{\"@type\":\"ReadAction\",\"target\":[\"https:\/\/www.bagnoitalia.com\/fr\/produit\/vasque-a-poser-arrondi-ovale-en-ceramique-blanche-brillante-dans-4-modeles-lav01.html\"]}]},{\"@type\":\"ImageObject\",\"inLanguage\":\"fr-FR\",\"@id\":\"https:\/\/www.bagnoitalia.com\/fr\/produit\/vasque-a-poser-arrondi-ovale-en-ceramique-blanche-brillante-dans-4-modeles-lav01.html#primaryimage\",\"url\":\"https:\/\/img.bagnoitalia.com\/wp-content\/uploads\/virtuemart\/product\/Countertop-washbasin-rounded-oval-triangular-shape-ceramic-65120_1542646899_221.jpg\",\"contentUrl\":\"https:\/\/img.bagnoitalia.com\/wp-content\/uploads\/virtuemart\/product\/Countertop-washbasin-rounded-oval-triangular-shape-ceramic-65120_1542646899_221.jpg\",\"width\":600,\"height\":600},{\"@type\":\"BreadcrumbList\",\"@id\":\"https:\/\/www.bagnoitalia.com\/fr\/produit\/vasque-a-poser-arrondi-ovale-en-ceramique-blanche-brillante-dans-4-modeles-lav01.html#breadcrumb\",\"itemListElement\":[{\"@type\":\"ListItem\",\"position\":1,\"name\":\"Home\",\"item\":\"https:\/\/www.bagnoitalia.com\/fr\"},{\"@type\":\"ListItem\",\"position\":2,\"name\":\"Produits\",\"item\":\"https:\/\/www.bagnoitalia.com\/fr\/shop\"},{\"@type\":\"ListItem\",\"position\":3,\"name\":\"Lavabo \u00e0 poser ovale ou triangulaire, angles arrondis en c\u00e9ramique blanche brillante disponible dans 4 mod\u00e8les LAV01\"}]},{\"@type\":\"WebSite\",\"@id\":\"https:\/\/www.bagnoitalia.com\/fr#website\",\"url\":\"https:\/\/www.bagnoitalia.com\/fr\",\"name\":\"Bagno Italia\",\"description\":\"\",\"publisher\":{\"@id\":\"https:\/\/www.bagnoitalia.com\/fr#organization\"},\"potentialAction\":[{\"@type\":\"SearchAction\",\"target\":{\"@type\":\"EntryPoint\",\"urlTemplate\":\"https:\/\/www.bagnoitalia.com\/fr?s={search_term_string}\"},\"query-input\":{\"@type\":\"PropertyValueSpecification\",\"valueRequired\":true,\"valueName\":\"search_term_string\"}}],\"inLanguage\":\"fr-FR\"},{\"@type\":\"Organization\",\"@id\":\"https:\/\/www.bagnoitalia.com\/fr#organization\",\"name\":\"Bagno Italia\",\"url\":\"https:\/\/www.bagnoitalia.com\/fr\",\"logo\":{\"@type\":\"ImageObject\",\"inLanguage\":\"fr-FR\",\"@id\":\"https:\/\/www.bagnoitalia.com\/fr#\/schema\/logo\/image\/\",\"url\":\"https:\/\/img.bagnoitalia.com\/wp-content\/uploads\/logo-bagnoitalia.webp\",\"contentUrl\":\"https:\/\/img.bagnoitalia.com\/wp-content\/uploads\/logo-bagnoitalia.webp\",\"width\":400,\"height\":70,\"caption\":\"Bagno Italia\"},\"image\":{\"@id\":\"https:\/\/www.bagnoitalia.com\/fr#\/schema\/logo\/image\/\"}}]}<\/script>\n<!-- \/ Yoast SEO plugin. -->","yoast_head_json":{"title":"Lavabo \u00e0 poser ovale ou triangulaire, angles arrondis en c\u00e9ramique blanche brillante disponible dans 4 mod\u00e8les LAV01","description":"Lavabo \u00e0 poser ovale ou triangulaire en c\u00e9ramique blanche polie disponible en 4 mod\u00e8les","robots":{"index":"index","follow":"follow","max-snippet":"max-snippet:-1","max-image-preview":"max-image-preview:large","max-video-preview":"max-video-preview:-1"},"canonical":"https:\/\/www.bagnoitalia.com\/fr\/produit\/vasque-a-poser-arrondi-ovale-en-ceramique-blanche-brillante-dans-4-modeles-lav01.html","og_locale":"fr_FR","og_type":"article","og_title":"Lavabo \u00e0 poser ovale ou triangulaire, angles arrondis en c\u00e9ramique blanche brillante disponible dans 4 mod\u00e8les LAV01","og_description":"Lavabo \u00e0 poser ovale ou triangulaire en c\u00e9ramique blanche polie disponible en 4 mod\u00e8les","og_url":"https:\/\/www.bagnoitalia.com\/fr\/produit\/vasque-a-poser-arrondi-ovale-en-ceramique-blanche-brillante-dans-4-modeles-lav01.html","og_site_name":"Bagno Italia","article_modified_time":"2025-07-08T06:32:27+00:00","og_image":[{"width":600,"height":600,"url":"https:\/\/img.bagnoitalia.com\/wp-content\/uploads\/virtuemart\/product\/Countertop-washbasin-rounded-oval-triangular-shape-ceramic-65120_1542646899_221.jpg","type":"image\/jpeg"}],"twitter_card":"summary_large_image","schema":{"@context":"https:\/\/schema.org","@graph":[{"@type":"WebPage","@id":"https:\/\/www.bagnoitalia.com\/fr\/produit\/vasque-a-poser-arrondi-ovale-en-ceramique-blanche-brillante-dans-4-modeles-lav01.html","url":"https:\/\/www.bagnoitalia.com\/fr\/produit\/vasque-a-poser-arrondi-ovale-en-ceramique-blanche-brillante-dans-4-modeles-lav01.html","name":"Lavabo \u00e0 poser ovale ou triangulaire, angles arrondis en c\u00e9ramique blanche brillante disponible dans 4 mod\u00e8les LAV01","isPartOf":{"@id":"https:\/\/www.bagnoitalia.com\/fr#website"},"primaryImageOfPage":{"@id":"https:\/\/www.bagnoitalia.com\/fr\/produit\/vasque-a-poser-arrondi-ovale-en-ceramique-blanche-brillante-dans-4-modeles-lav01.html#primaryimage"},"image":{"@id":"https:\/\/www.bagnoitalia.com\/fr\/produit\/vasque-a-poser-arrondi-ovale-en-ceramique-blanche-brillante-dans-4-modeles-lav01.html#primaryimage"},"thumbnailUrl":"https:\/\/img.bagnoitalia.com\/wp-content\/uploads\/virtuemart\/product\/Countertop-washbasin-rounded-oval-triangular-shape-ceramic-65120_1542646899_221.jpg","datePublished":"2014-04-10T09:33:12+00:00","dateModified":"2025-07-08T06:32:27+00:00","description":"Lavabo \u00e0 poser ovale ou triangulaire en c\u00e9ramique blanche polie disponible en 4 mod\u00e8les","breadcrumb":{"@id":"https:\/\/www.bagnoitalia.com\/fr\/produit\/vasque-a-poser-arrondi-ovale-en-ceramique-blanche-brillante-dans-4-modeles-lav01.html#breadcrumb"},"inLanguage":"fr-FR","potentialAction":[{"@type":"ReadAction","target":["https:\/\/www.bagnoitalia.com\/fr\/produit\/vasque-a-poser-arrondi-ovale-en-ceramique-blanche-brillante-dans-4-modeles-lav01.html"]}]},{"@type":"ImageObject","inLanguage":"fr-FR","@id":"https:\/\/www.bagnoitalia.com\/fr\/produit\/vasque-a-poser-arrondi-ovale-en-ceramique-blanche-brillante-dans-4-modeles-lav01.html#primaryimage","url":"https:\/\/img.bagnoitalia.com\/wp-content\/uploads\/virtuemart\/product\/Countertop-washbasin-rounded-oval-triangular-shape-ceramic-65120_1542646899_221.jpg","contentUrl":"https:\/\/img.bagnoitalia.com\/wp-content\/uploads\/virtuemart\/product\/Countertop-washbasin-rounded-oval-triangular-shape-ceramic-65120_1542646899_221.jpg","width":600,"height":600},{"@type":"BreadcrumbList","@id":"https:\/\/www.bagnoitalia.com\/fr\/produit\/vasque-a-poser-arrondi-ovale-en-ceramique-blanche-brillante-dans-4-modeles-lav01.html#breadcrumb","itemListElement":[{"@type":"ListItem","position":1,"name":"Home","item":"https:\/\/www.bagnoitalia.com\/fr"},{"@type":"ListItem","position":2,"name":"Produits","item":"https:\/\/www.bagnoitalia.com\/fr\/shop"},{"@type":"ListItem","position":3,"name":"Lavabo \u00e0 poser ovale ou triangulaire, angles arrondis en c\u00e9ramique blanche brillante disponible dans 4 mod\u00e8les LAV01"}]},{"@type":"WebSite","@id":"https:\/\/www.bagnoitalia.com\/fr#website","url":"https:\/\/www.bagnoitalia.com\/fr","name":"Bagno Italia","description":"","publisher":{"@id":"https:\/\/www.bagnoitalia.com\/fr#organization"},"potentialAction":[{"@type":"SearchAction","target":{"@type":"EntryPoint","urlTemplate":"https:\/\/www.bagnoitalia.com\/fr?s={search_term_string}"},"query-input":{"@type":"PropertyValueSpecification","valueRequired":true,"valueName":"search_term_string"}}],"inLanguage":"fr-FR"},{"@type":"Organization","@id":"https:\/\/www.bagnoitalia.com\/fr#organization","name":"Bagno Italia","url":"https:\/\/www.bagnoitalia.com\/fr","logo":{"@type":"ImageObject","inLanguage":"fr-FR","@id":"https:\/\/www.bagnoitalia.com\/fr#\/schema\/logo\/image\/","url":"https:\/\/img.bagnoitalia.com\/wp-content\/uploads\/logo-bagnoitalia.webp","contentUrl":"https:\/\/img.bagnoitalia.com\/wp-content\/uploads\/logo-bagnoitalia.webp","width":400,"height":70,"caption":"Bagno Italia"},"image":{"@id":"https:\/\/www.bagnoitalia.com\/fr#\/schema\/logo\/image\/"}}]}},"_links":{"self":[{"href":"https:\/\/www.bagnoitalia.com\/fr\/wp-json\/wp\/v2\/product\/78842","targetHints":{"allow":["GET"]}}],"collection":[{"href":"https:\/\/www.bagnoitalia.com\/fr\/wp-json\/wp\/v2\/product"}],"about":[{"href":"https:\/\/www.bagnoitalia.com\/fr\/wp-json\/wp\/v2\/types\/product"}],"replies":[{"embeddable":true,"href":"https:\/\/www.bagnoitalia.com\/fr\/wp-json\/wp\/v2\/comments?post=78842"}],"version-history":[{"count":0,"href":"https:\/\/www.bagnoitalia.com\/fr\/wp-json\/wp\/v2\/product\/78842\/revisions"}],"wp:featuredmedia":[{"embeddable":true,"href":"https:\/\/www.bagnoitalia.com\/fr\/wp-json\/wp\/v2\/media\/22330"}],"wp:attachment":[{"href":"https:\/\/www.bagnoitalia.com\/fr\/wp-json\/wp\/v2\/media?parent=78842"}],"wp:term":[{"taxonomy":"product_brand","embeddable":true,"href":"https:\/\/www.bagnoitalia.com\/fr\/wp-json\/wp\/v2\/product_brand?post=78842"},{"taxonomy":"product_cat","embeddable":true,"href":"https:\/\/www.bagnoitalia.com\/fr\/wp-json\/wp\/v2\/product_cat?post=78842"},{"taxonomy":"product_tag","embeddable":true,"href":"https:\/\/www.bagnoitalia.com\/fr\/wp-json\/wp\/v2\/product_tag?post=78842"}],"curies":[{"name":"wp","href":"https:\/\/api.w.org\/{rel}","templated":true}]}}