{"id":78822,"date":"2014-03-29T06:11:18","date_gmt":"2014-03-29T05:11:18","guid":{"rendered":"https:\/\/www.bagnoitalia.com\/product\/armoire-de-toilette-isa-cm-100-blanc-wenge-ou-meleze-avec-lavabo-en-ceramique"},"modified":"2025-10-28T12:16:51","modified_gmt":"2025-10-28T11:16:51","slug":"armoire-de-toilette-isa-cm-100-blanc-wenge-ou-meleze-avec-lavabo-en-ceramique","status":"publish","type":"product","link":"https:\/\/www.bagnoitalia.com\/fr\/produit\/armoire-de-toilette-isa-cm-100-blanc-wenge-ou-meleze-avec-lavabo-en-ceramique.html","title":{"rendered":"Meuble de salle de bain Isa 100 cm blanc, weng\u00e9 ou m\u00e9l\u00e8ze avec lavabo en c\u00e9ramique"},"content":{"rendered":"<p><strong>Le prix comprend:<\/strong><\/p>\n<p>1 Base de lavabo\u00a0 100x46x56H cm \u00e0 2 portes et deux tiroirs<\/p>\n<p>1 lavabo en c\u00e9ramique 101&#215;46 cm<\/p>\n<p>1 miroir 100&#215;70 cm avec applique led<\/p>\n<p>&nbsp;<\/p>\n<p><span style=\"color: #0000ff;\"><strong>Prix \u200b\u200bpromotionnel valable jusqu&rsquo;\u00e0 la fin du mois!<\/strong><\/span><\/p>\n<p><span style=\"color: #000000;\"><strong>Mat\u00e9riaux:<\/strong><\/span><\/p>\n<p><span style=\"color: #000000;\">Structure en MDF (mediodensit)<\/span><\/p>\n<p><span style=\"color: #000000;\">Portes et tiroirs en MDF<br \/>\n<\/span><\/p>\n<p><span style=\"color: #000000;\">Lavabo en c\u00e9ramique<\/span><\/p>\n<p><span style=\"color: #000000;\">Poign\u00e9es chrom\u00e9es<\/span><\/p>\n<p><span style=\"color: #000000;\">La finition blanche est laqu\u00e9e brillant, les couleurs weng\u00e9, gris fonc\u00e9 et m\u00e9l\u00e8ze sont des essences de bois, il est possible d\u2019ajouter des colonnes et des placards de la m\u00eame ligne.<br \/>\n<\/span><\/p>\n","protected":false},"excerpt":{"rendered":"<p>Meuble de salle de bain Isa 100 cm avec lavabo et miroir. Prix promotionnel valable jusqu&rsquo;\u00e0 la fin du mois<\/p>\n","protected":false},"featured_media":22146,"comment_status":"open","ping_status":"closed","template":"","meta":[],"product_brand":[9897],"product_cat":[9961,9719],"product_tag":[],"class_list":{"0":"post-78822","1":"product","2":"type-product","3":"status-publish","4":"has-post-thumbnail","6":"product_brand-baden-haus-fr","7":"product_cat-showroom-fr","8":"product_cat-meubles-de-salle-de-bain-de-71-a-100-cm","10":"first","11":"instock","12":"sale","13":"taxable","14":"shipping-taxable","15":"purchasable","16":"product-type-simple"},"exclude_global_add_ons":false,"addons":[{"name":"Couleur de l'armoire","type":"multiple_choice","position":0,"required":true,"title_format":"heading","default":"","description_enable":false,"description":"","placeholder_enable":false,"placeholder":"","display":"select","restrictions_type":"any_text","adjust_price":false,"price":"","price_type":"flat_fee","restrictions":false,"min":"0","max":"0","options":[{"label":"Blanc brillant","price":"","price_type":"quantity_based","image":0,"visibility":true},{"label":"m\u00e9l\u00e8ze","price":"","price_type":"quantity_based","image":0,"visibility":true},{"label":"weng\u00e9 gris fonc\u00e9","price":"","price_type":"quantity_based","image":0,"visibility":true}],"id":1716994307},{"name":"Colonne","type":"multiple_choice","position":1,"required":true,"title_format":"heading","default":"","description_enable":false,"description":"","placeholder_enable":false,"placeholder":"","display":"select","restrictions_type":"any_text","adjust_price":false,"price":"","price_type":"flat_fee","restrictions":false,"min":"0","max":"0","options":[{"label":"sans colonne","price":"","price_type":"quantity_based","image":0,"visibility":true},{"label":"Armoire \u00e0 colonnes 140x35x20cm","price":"189","price_type":"quantity_based","image":0,"visibility":true}],"id":1716994308}],"yoast_head":"<!-- This site is optimized with the Yoast SEO plugin v26.7 - https:\/\/yoast.com\/wordpress\/plugins\/seo\/ -->\n<title>Meuble de salle de bain Isa 100 cm blanc, weng\u00e9 ou m\u00e9l\u00e8ze avec lavabo en c\u00e9ramique<\/title>\n<meta name=\"description\" content=\"Meuble de salle de bain Isabel, complet avec lavabo en c\u00e9ramique et miroir 100x70cm avec appliques. Disponible en blanc, en gris weng\u00e9 et en m\u00e9l\u00e8ze. Achetez maintenant!\" \/>\n<meta name=\"robots\" content=\"index, follow, max-snippet:-1, max-image-preview:large, max-video-preview:-1\" \/>\n<link rel=\"canonical\" href=\"https:\/\/www.bagnoitalia.com\/fr\/produit\/armoire-de-toilette-isa-cm-100-blanc-wenge-ou-meleze-avec-lavabo-en-ceramique.html\" \/>\n<meta property=\"og:locale\" content=\"fr_FR\" \/>\n<meta property=\"og:type\" content=\"article\" \/>\n<meta property=\"og:title\" content=\"Meuble de salle de bain Isa 100 cm blanc, weng\u00e9 ou m\u00e9l\u00e8ze avec lavabo en c\u00e9ramique\" \/>\n<meta property=\"og:description\" content=\"Meuble de salle de bain Isabel, complet avec lavabo en c\u00e9ramique et miroir 100x70cm avec appliques. Disponible en blanc, en gris weng\u00e9 et en m\u00e9l\u00e8ze. Achetez maintenant!\" \/>\n<meta property=\"og:url\" content=\"https:\/\/www.bagnoitalia.com\/fr\/produit\/armoire-de-toilette-isa-cm-100-blanc-wenge-ou-meleze-avec-lavabo-en-ceramique.html\" \/>\n<meta property=\"og:site_name\" content=\"Bagno Italia\" \/>\n<meta property=\"article:modified_time\" content=\"2025-10-28T11:16:51+00:00\" \/>\n<meta property=\"og:image\" content=\"https:\/\/img.bagnoitalia.com\/wp-content\/uploads\/virtuemart\/product\/Bathroom-vanity-100cm-Isa-1_1542300023_563.jpg\" \/>\n\t<meta property=\"og:image:width\" content=\"637\" \/>\n\t<meta property=\"og:image:height\" content=\"637\" \/>\n\t<meta property=\"og:image:type\" content=\"image\/jpeg\" \/>\n<meta name=\"twitter:card\" content=\"summary_large_image\" \/>\n<meta name=\"twitter:label1\" content=\"Dur\u00e9e de lecture estim\u00e9e\" \/>\n\t<meta name=\"twitter:data1\" content=\"1 minute\" \/>\n<script type=\"application\/ld+json\" class=\"yoast-schema-graph\">{\"@context\":\"https:\/\/schema.org\",\"@graph\":[{\"@type\":\"WebPage\",\"@id\":\"https:\/\/www.bagnoitalia.com\/fr\/produit\/armoire-de-toilette-isa-cm-100-blanc-wenge-ou-meleze-avec-lavabo-en-ceramique.html\",\"url\":\"https:\/\/www.bagnoitalia.com\/fr\/produit\/armoire-de-toilette-isa-cm-100-blanc-wenge-ou-meleze-avec-lavabo-en-ceramique.html\",\"name\":\"Meuble de salle de bain Isa 100 cm blanc, weng\u00e9 ou m\u00e9l\u00e8ze avec lavabo en c\u00e9ramique\",\"isPartOf\":{\"@id\":\"https:\/\/www.bagnoitalia.com\/fr#website\"},\"primaryImageOfPage\":{\"@id\":\"https:\/\/www.bagnoitalia.com\/fr\/produit\/armoire-de-toilette-isa-cm-100-blanc-wenge-ou-meleze-avec-lavabo-en-ceramique.html#primaryimage\"},\"image\":{\"@id\":\"https:\/\/www.bagnoitalia.com\/fr\/produit\/armoire-de-toilette-isa-cm-100-blanc-wenge-ou-meleze-avec-lavabo-en-ceramique.html#primaryimage\"},\"thumbnailUrl\":\"https:\/\/img.bagnoitalia.com\/wp-content\/uploads\/virtuemart\/product\/Bathroom-vanity-100cm-Isa-1_1542300023_563.jpg\",\"datePublished\":\"2014-03-29T05:11:18+00:00\",\"dateModified\":\"2025-10-28T11:16:51+00:00\",\"description\":\"Meuble de salle de bain Isabel, complet avec lavabo en c\u00e9ramique et miroir 100x70cm avec appliques. Disponible en blanc, en gris weng\u00e9 et en m\u00e9l\u00e8ze. Achetez maintenant!\",\"breadcrumb\":{\"@id\":\"https:\/\/www.bagnoitalia.com\/fr\/produit\/armoire-de-toilette-isa-cm-100-blanc-wenge-ou-meleze-avec-lavabo-en-ceramique.html#breadcrumb\"},\"inLanguage\":\"fr-FR\",\"potentialAction\":[{\"@type\":\"ReadAction\",\"target\":[\"https:\/\/www.bagnoitalia.com\/fr\/produit\/armoire-de-toilette-isa-cm-100-blanc-wenge-ou-meleze-avec-lavabo-en-ceramique.html\"]}]},{\"@type\":\"ImageObject\",\"inLanguage\":\"fr-FR\",\"@id\":\"https:\/\/www.bagnoitalia.com\/fr\/produit\/armoire-de-toilette-isa-cm-100-blanc-wenge-ou-meleze-avec-lavabo-en-ceramique.html#primaryimage\",\"url\":\"https:\/\/img.bagnoitalia.com\/wp-content\/uploads\/virtuemart\/product\/Bathroom-vanity-100cm-Isa-1_1542300023_563.jpg\",\"contentUrl\":\"https:\/\/img.bagnoitalia.com\/wp-content\/uploads\/virtuemart\/product\/Bathroom-vanity-100cm-Isa-1_1542300023_563.jpg\",\"width\":637,\"height\":637},{\"@type\":\"BreadcrumbList\",\"@id\":\"https:\/\/www.bagnoitalia.com\/fr\/produit\/armoire-de-toilette-isa-cm-100-blanc-wenge-ou-meleze-avec-lavabo-en-ceramique.html#breadcrumb\",\"itemListElement\":[{\"@type\":\"ListItem\",\"position\":1,\"name\":\"Home\",\"item\":\"https:\/\/www.bagnoitalia.com\/fr\"},{\"@type\":\"ListItem\",\"position\":2,\"name\":\"Produits\",\"item\":\"https:\/\/www.bagnoitalia.com\/fr\/shop\"},{\"@type\":\"ListItem\",\"position\":3,\"name\":\"Meuble de salle de bain Isa 100 cm blanc, weng\u00e9 ou m\u00e9l\u00e8ze avec lavabo en c\u00e9ramique\"}]},{\"@type\":\"WebSite\",\"@id\":\"https:\/\/www.bagnoitalia.com\/fr#website\",\"url\":\"https:\/\/www.bagnoitalia.com\/fr\",\"name\":\"Bagno Italia\",\"description\":\"\",\"publisher\":{\"@id\":\"https:\/\/www.bagnoitalia.com\/fr#organization\"},\"potentialAction\":[{\"@type\":\"SearchAction\",\"target\":{\"@type\":\"EntryPoint\",\"urlTemplate\":\"https:\/\/www.bagnoitalia.com\/fr?s={search_term_string}\"},\"query-input\":{\"@type\":\"PropertyValueSpecification\",\"valueRequired\":true,\"valueName\":\"search_term_string\"}}],\"inLanguage\":\"fr-FR\"},{\"@type\":\"Organization\",\"@id\":\"https:\/\/www.bagnoitalia.com\/fr#organization\",\"name\":\"Bagno Italia\",\"url\":\"https:\/\/www.bagnoitalia.com\/fr\",\"logo\":{\"@type\":\"ImageObject\",\"inLanguage\":\"fr-FR\",\"@id\":\"https:\/\/www.bagnoitalia.com\/fr#\/schema\/logo\/image\/\",\"url\":\"https:\/\/img.bagnoitalia.com\/wp-content\/uploads\/logo-bagnoitalia.webp\",\"contentUrl\":\"https:\/\/img.bagnoitalia.com\/wp-content\/uploads\/logo-bagnoitalia.webp\",\"width\":400,\"height\":70,\"caption\":\"Bagno Italia\"},\"image\":{\"@id\":\"https:\/\/www.bagnoitalia.com\/fr#\/schema\/logo\/image\/\"}}]}<\/script>\n<!-- \/ Yoast SEO plugin. -->","yoast_head_json":{"title":"Meuble de salle de bain Isa 100 cm blanc, weng\u00e9 ou m\u00e9l\u00e8ze avec lavabo en c\u00e9ramique","description":"Meuble de salle de bain Isabel, complet avec lavabo en c\u00e9ramique et miroir 100x70cm avec appliques. Disponible en blanc, en gris weng\u00e9 et en m\u00e9l\u00e8ze. Achetez maintenant!","robots":{"index":"index","follow":"follow","max-snippet":"max-snippet:-1","max-image-preview":"max-image-preview:large","max-video-preview":"max-video-preview:-1"},"canonical":"https:\/\/www.bagnoitalia.com\/fr\/produit\/armoire-de-toilette-isa-cm-100-blanc-wenge-ou-meleze-avec-lavabo-en-ceramique.html","og_locale":"fr_FR","og_type":"article","og_title":"Meuble de salle de bain Isa 100 cm blanc, weng\u00e9 ou m\u00e9l\u00e8ze avec lavabo en c\u00e9ramique","og_description":"Meuble de salle de bain Isabel, complet avec lavabo en c\u00e9ramique et miroir 100x70cm avec appliques. Disponible en blanc, en gris weng\u00e9 et en m\u00e9l\u00e8ze. Achetez maintenant!","og_url":"https:\/\/www.bagnoitalia.com\/fr\/produit\/armoire-de-toilette-isa-cm-100-blanc-wenge-ou-meleze-avec-lavabo-en-ceramique.html","og_site_name":"Bagno Italia","article_modified_time":"2025-10-28T11:16:51+00:00","og_image":[{"width":637,"height":637,"url":"https:\/\/img.bagnoitalia.com\/wp-content\/uploads\/virtuemart\/product\/Bathroom-vanity-100cm-Isa-1_1542300023_563.jpg","type":"image\/jpeg"}],"twitter_card":"summary_large_image","twitter_misc":{"Dur\u00e9e de lecture estim\u00e9e":"1 minute"},"schema":{"@context":"https:\/\/schema.org","@graph":[{"@type":"WebPage","@id":"https:\/\/www.bagnoitalia.com\/fr\/produit\/armoire-de-toilette-isa-cm-100-blanc-wenge-ou-meleze-avec-lavabo-en-ceramique.html","url":"https:\/\/www.bagnoitalia.com\/fr\/produit\/armoire-de-toilette-isa-cm-100-blanc-wenge-ou-meleze-avec-lavabo-en-ceramique.html","name":"Meuble de salle de bain Isa 100 cm blanc, weng\u00e9 ou m\u00e9l\u00e8ze avec lavabo en c\u00e9ramique","isPartOf":{"@id":"https:\/\/www.bagnoitalia.com\/fr#website"},"primaryImageOfPage":{"@id":"https:\/\/www.bagnoitalia.com\/fr\/produit\/armoire-de-toilette-isa-cm-100-blanc-wenge-ou-meleze-avec-lavabo-en-ceramique.html#primaryimage"},"image":{"@id":"https:\/\/www.bagnoitalia.com\/fr\/produit\/armoire-de-toilette-isa-cm-100-blanc-wenge-ou-meleze-avec-lavabo-en-ceramique.html#primaryimage"},"thumbnailUrl":"https:\/\/img.bagnoitalia.com\/wp-content\/uploads\/virtuemart\/product\/Bathroom-vanity-100cm-Isa-1_1542300023_563.jpg","datePublished":"2014-03-29T05:11:18+00:00","dateModified":"2025-10-28T11:16:51+00:00","description":"Meuble de salle de bain Isabel, complet avec lavabo en c\u00e9ramique et miroir 100x70cm avec appliques. Disponible en blanc, en gris weng\u00e9 et en m\u00e9l\u00e8ze. Achetez maintenant!","breadcrumb":{"@id":"https:\/\/www.bagnoitalia.com\/fr\/produit\/armoire-de-toilette-isa-cm-100-blanc-wenge-ou-meleze-avec-lavabo-en-ceramique.html#breadcrumb"},"inLanguage":"fr-FR","potentialAction":[{"@type":"ReadAction","target":["https:\/\/www.bagnoitalia.com\/fr\/produit\/armoire-de-toilette-isa-cm-100-blanc-wenge-ou-meleze-avec-lavabo-en-ceramique.html"]}]},{"@type":"ImageObject","inLanguage":"fr-FR","@id":"https:\/\/www.bagnoitalia.com\/fr\/produit\/armoire-de-toilette-isa-cm-100-blanc-wenge-ou-meleze-avec-lavabo-en-ceramique.html#primaryimage","url":"https:\/\/img.bagnoitalia.com\/wp-content\/uploads\/virtuemart\/product\/Bathroom-vanity-100cm-Isa-1_1542300023_563.jpg","contentUrl":"https:\/\/img.bagnoitalia.com\/wp-content\/uploads\/virtuemart\/product\/Bathroom-vanity-100cm-Isa-1_1542300023_563.jpg","width":637,"height":637},{"@type":"BreadcrumbList","@id":"https:\/\/www.bagnoitalia.com\/fr\/produit\/armoire-de-toilette-isa-cm-100-blanc-wenge-ou-meleze-avec-lavabo-en-ceramique.html#breadcrumb","itemListElement":[{"@type":"ListItem","position":1,"name":"Home","item":"https:\/\/www.bagnoitalia.com\/fr"},{"@type":"ListItem","position":2,"name":"Produits","item":"https:\/\/www.bagnoitalia.com\/fr\/shop"},{"@type":"ListItem","position":3,"name":"Meuble de salle de bain Isa 100 cm blanc, weng\u00e9 ou m\u00e9l\u00e8ze avec lavabo en c\u00e9ramique"}]},{"@type":"WebSite","@id":"https:\/\/www.bagnoitalia.com\/fr#website","url":"https:\/\/www.bagnoitalia.com\/fr","name":"Bagno Italia","description":"","publisher":{"@id":"https:\/\/www.bagnoitalia.com\/fr#organization"},"potentialAction":[{"@type":"SearchAction","target":{"@type":"EntryPoint","urlTemplate":"https:\/\/www.bagnoitalia.com\/fr?s={search_term_string}"},"query-input":{"@type":"PropertyValueSpecification","valueRequired":true,"valueName":"search_term_string"}}],"inLanguage":"fr-FR"},{"@type":"Organization","@id":"https:\/\/www.bagnoitalia.com\/fr#organization","name":"Bagno Italia","url":"https:\/\/www.bagnoitalia.com\/fr","logo":{"@type":"ImageObject","inLanguage":"fr-FR","@id":"https:\/\/www.bagnoitalia.com\/fr#\/schema\/logo\/image\/","url":"https:\/\/img.bagnoitalia.com\/wp-content\/uploads\/logo-bagnoitalia.webp","contentUrl":"https:\/\/img.bagnoitalia.com\/wp-content\/uploads\/logo-bagnoitalia.webp","width":400,"height":70,"caption":"Bagno Italia"},"image":{"@id":"https:\/\/www.bagnoitalia.com\/fr#\/schema\/logo\/image\/"}}]}},"_links":{"self":[{"href":"https:\/\/www.bagnoitalia.com\/fr\/wp-json\/wp\/v2\/product\/78822","targetHints":{"allow":["GET"]}}],"collection":[{"href":"https:\/\/www.bagnoitalia.com\/fr\/wp-json\/wp\/v2\/product"}],"about":[{"href":"https:\/\/www.bagnoitalia.com\/fr\/wp-json\/wp\/v2\/types\/product"}],"replies":[{"embeddable":true,"href":"https:\/\/www.bagnoitalia.com\/fr\/wp-json\/wp\/v2\/comments?post=78822"}],"version-history":[{"count":3,"href":"https:\/\/www.bagnoitalia.com\/fr\/wp-json\/wp\/v2\/product\/78822\/revisions"}],"predecessor-version":[{"id":113839,"href":"https:\/\/www.bagnoitalia.com\/fr\/wp-json\/wp\/v2\/product\/78822\/revisions\/113839"}],"wp:featuredmedia":[{"embeddable":true,"href":"https:\/\/www.bagnoitalia.com\/fr\/wp-json\/wp\/v2\/media\/22146"}],"wp:attachment":[{"href":"https:\/\/www.bagnoitalia.com\/fr\/wp-json\/wp\/v2\/media?parent=78822"}],"wp:term":[{"taxonomy":"product_brand","embeddable":true,"href":"https:\/\/www.bagnoitalia.com\/fr\/wp-json\/wp\/v2\/product_brand?post=78822"},{"taxonomy":"product_cat","embeddable":true,"href":"https:\/\/www.bagnoitalia.com\/fr\/wp-json\/wp\/v2\/product_cat?post=78822"},{"taxonomy":"product_tag","embeddable":true,"href":"https:\/\/www.bagnoitalia.com\/fr\/wp-json\/wp\/v2\/product_tag?post=78822"}],"curies":[{"name":"wp","href":"https:\/\/api.w.org\/{rel}","templated":true}]}}