{"id":78802,"date":"2014-03-20T13:09:05","date_gmt":"2014-03-20T12:09:05","guid":{"rendered":"https:\/\/www.bagnoitalia.com\/product\/porte-superieure-simple-pole-arte-povera-en-bois-ou-ivoire-decape-150x34-pour-meubles-portofino"},"modified":"2024-05-16T16:51:59","modified_gmt":"2024-05-16T14:51:59","slug":"porte-superieure-simple-pole-arte-povera-en-bois-ou-ivoire-decape-150x34-pour-meubles-portofino","status":"publish","type":"product","link":"https:\/\/www.bagnoitalia.com\/fr\/produit\/porte-superieure-simple-pole-arte-povera-en-bois-ou-ivoire-decape-150x34-pour-meubles-portofino.html","title":{"rendered":"Colonne simple haute, style Arte Povera avec porte sup\u00e9rieur en couleur bois ou ivoire d\u00e9cap\u00e9, 150&#215;34 cm  pour meubles Portofino"},"content":{"rendered":"<p><strong>Colonne simple style Arte Povera 150x33x34 prof. cm<\/strong><\/p>\n<\/p>\n<p>Disponible exclusivement avec porte en bois<\/p>\n<p>Couleurs disponibles: bois ou ivoire d\u00e9cap\u00e9<\/p>\n<p>Porte droite ou gauche<\/p>\n<\/p>\n<p>Par porte droite, nous entendons charni\u00e8res \u00e0 droite<\/p>\n<\/p>\n<p>Mat\u00e9riaux:<\/p>\n<\/p>\n<p>Cadre en bois de peuplier<\/p>\n<p>Partie centrale de la porte en multicouche<\/p><\/p>\n","protected":false},"excerpt":{"rendered":"<p>Colonne simple haute avec porte en bois ou ivoire d\u00e9cap\u00e9, disponible avec ouverture \u00e0 droite ou \u00e0 gauche<\/p>\n","protected":false},"featured_media":22034,"comment_status":"open","ping_status":"closed","template":"","meta":[],"product_brand":[9879],"product_cat":[15],"product_tag":[],"class_list":{"0":"post-78802","1":"product","2":"type-product","3":"status-publish","4":"has-post-thumbnail","6":"product_brand-vari-produttori-fr","7":"product_cat-senza-categoria","9":"first","10":"outofstock","11":"taxable","12":"shipping-taxable","13":"purchasable","14":"product-type-simple"},"exclude_global_add_ons":false,"addons":[{"name":"CAMPI_COLORE\r\n","type":"select","position":0,"required":true,"title_format":"label","default":"","description_enable":false,"description":"","placeholder_enable":false,"placeholder":"","display":"select","restrictions_type":"any_text","adjust_price":false,"price":"","price_type":"","restrictions":false,"min":"0","max":"0","options":[]}],"yoast_head":"<!-- This site is optimized with the Yoast SEO plugin v26.7 - https:\/\/yoast.com\/wordpress\/plugins\/seo\/ -->\n<title>Colonne simple haute, style Arte Povera avec porte sup\u00e9rieur en couleur bois ou ivoire d\u00e9cap\u00e9, 150x34 cm pour meubles Portofino<\/title>\n<meta name=\"description\" content=\"Meuble Arte Povera, colonne haute unique en bois massif de peuplier ou de verre, dimensions 150x33x34pcm. Cadre en peuplier, porte en contreplaqu\u00e9.\" \/>\n<meta name=\"robots\" content=\"index, follow, max-snippet:-1, max-image-preview:large, max-video-preview:-1\" \/>\n<link rel=\"canonical\" href=\"https:\/\/www.bagnoitalia.com\/fr\/produit\/porte-superieure-simple-pole-arte-povera-en-bois-ou-ivoire-decape-150x34-pour-meubles-portofino.html\" \/>\n<meta property=\"og:locale\" content=\"fr_FR\" \/>\n<meta property=\"og:type\" content=\"article\" \/>\n<meta property=\"og:title\" content=\"Colonne simple haute, style Arte Povera avec porte sup\u00e9rieur en couleur bois ou ivoire d\u00e9cap\u00e9, 150x34 cm pour meubles Portofino\" \/>\n<meta property=\"og:description\" content=\"Meuble Arte Povera, colonne haute unique en bois massif de peuplier ou de verre, dimensions 150x33x34pcm. Cadre en peuplier, porte en contreplaqu\u00e9.\" \/>\n<meta property=\"og:url\" content=\"https:\/\/www.bagnoitalia.com\/fr\/produit\/porte-superieure-simple-pole-arte-povera-en-bois-ou-ivoire-decape-150x34-pour-meubles-portofino.html\" \/>\n<meta property=\"og:site_name\" content=\"Bagno Italia\" \/>\n<meta property=\"article:modified_time\" content=\"2024-05-16T14:51:59+00:00\" \/>\n<meta property=\"og:image\" content=\"https:\/\/img.bagnoitalia.com\/wp-content\/uploads\/virtuemart\/product\/Double-arte-povera-wall-cabinet-65x71x21-1_1542894588_233.jpg\" \/>\n\t<meta property=\"og:image:width\" content=\"500\" \/>\n\t<meta property=\"og:image:height\" content=\"500\" \/>\n\t<meta property=\"og:image:type\" content=\"image\/jpeg\" \/>\n<meta name=\"twitter:card\" content=\"summary_large_image\" \/>\n<script type=\"application\/ld+json\" class=\"yoast-schema-graph\">{\"@context\":\"https:\/\/schema.org\",\"@graph\":[{\"@type\":\"WebPage\",\"@id\":\"https:\/\/www.bagnoitalia.com\/fr\/produit\/porte-superieure-simple-pole-arte-povera-en-bois-ou-ivoire-decape-150x34-pour-meubles-portofino.html\",\"url\":\"https:\/\/www.bagnoitalia.com\/fr\/produit\/porte-superieure-simple-pole-arte-povera-en-bois-ou-ivoire-decape-150x34-pour-meubles-portofino.html\",\"name\":\"Colonne simple haute, style Arte Povera avec porte sup\u00e9rieur en couleur bois ou ivoire d\u00e9cap\u00e9, 150x34 cm pour meubles Portofino\",\"isPartOf\":{\"@id\":\"https:\/\/www.bagnoitalia.com\/fr#website\"},\"primaryImageOfPage\":{\"@id\":\"https:\/\/www.bagnoitalia.com\/fr\/produit\/porte-superieure-simple-pole-arte-povera-en-bois-ou-ivoire-decape-150x34-pour-meubles-portofino.html#primaryimage\"},\"image\":{\"@id\":\"https:\/\/www.bagnoitalia.com\/fr\/produit\/porte-superieure-simple-pole-arte-povera-en-bois-ou-ivoire-decape-150x34-pour-meubles-portofino.html#primaryimage\"},\"thumbnailUrl\":\"https:\/\/img.bagnoitalia.com\/wp-content\/uploads\/virtuemart\/product\/Double-arte-povera-wall-cabinet-65x71x21-1_1542894588_233.jpg\",\"datePublished\":\"2014-03-20T12:09:05+00:00\",\"dateModified\":\"2024-05-16T14:51:59+00:00\",\"description\":\"Meuble Arte Povera, colonne haute unique en bois massif de peuplier ou de verre, dimensions 150x33x34pcm. Cadre en peuplier, porte en contreplaqu\u00e9.\",\"breadcrumb\":{\"@id\":\"https:\/\/www.bagnoitalia.com\/fr\/produit\/porte-superieure-simple-pole-arte-povera-en-bois-ou-ivoire-decape-150x34-pour-meubles-portofino.html#breadcrumb\"},\"inLanguage\":\"fr-FR\",\"potentialAction\":[{\"@type\":\"ReadAction\",\"target\":[\"https:\/\/www.bagnoitalia.com\/fr\/produit\/porte-superieure-simple-pole-arte-povera-en-bois-ou-ivoire-decape-150x34-pour-meubles-portofino.html\"]}]},{\"@type\":\"ImageObject\",\"inLanguage\":\"fr-FR\",\"@id\":\"https:\/\/www.bagnoitalia.com\/fr\/produit\/porte-superieure-simple-pole-arte-povera-en-bois-ou-ivoire-decape-150x34-pour-meubles-portofino.html#primaryimage\",\"url\":\"https:\/\/img.bagnoitalia.com\/wp-content\/uploads\/virtuemart\/product\/Double-arte-povera-wall-cabinet-65x71x21-1_1542894588_233.jpg\",\"contentUrl\":\"https:\/\/img.bagnoitalia.com\/wp-content\/uploads\/virtuemart\/product\/Double-arte-povera-wall-cabinet-65x71x21-1_1542894588_233.jpg\",\"width\":500,\"height\":500},{\"@type\":\"BreadcrumbList\",\"@id\":\"https:\/\/www.bagnoitalia.com\/fr\/produit\/porte-superieure-simple-pole-arte-povera-en-bois-ou-ivoire-decape-150x34-pour-meubles-portofino.html#breadcrumb\",\"itemListElement\":[{\"@type\":\"ListItem\",\"position\":1,\"name\":\"Home\",\"item\":\"https:\/\/www.bagnoitalia.com\/fr\"},{\"@type\":\"ListItem\",\"position\":2,\"name\":\"Produits\",\"item\":\"https:\/\/www.bagnoitalia.com\/fr\/shop\"},{\"@type\":\"ListItem\",\"position\":3,\"name\":\"Colonne simple haute, style Arte Povera avec porte sup\u00e9rieur en couleur bois ou ivoire d\u00e9cap\u00e9, 150&#215;34 cm pour meubles Portofino\"}]},{\"@type\":\"WebSite\",\"@id\":\"https:\/\/www.bagnoitalia.com\/fr#website\",\"url\":\"https:\/\/www.bagnoitalia.com\/fr\",\"name\":\"Bagno Italia\",\"description\":\"\",\"publisher\":{\"@id\":\"https:\/\/www.bagnoitalia.com\/fr#organization\"},\"potentialAction\":[{\"@type\":\"SearchAction\",\"target\":{\"@type\":\"EntryPoint\",\"urlTemplate\":\"https:\/\/www.bagnoitalia.com\/fr?s={search_term_string}\"},\"query-input\":{\"@type\":\"PropertyValueSpecification\",\"valueRequired\":true,\"valueName\":\"search_term_string\"}}],\"inLanguage\":\"fr-FR\"},{\"@type\":\"Organization\",\"@id\":\"https:\/\/www.bagnoitalia.com\/fr#organization\",\"name\":\"Bagno Italia\",\"url\":\"https:\/\/www.bagnoitalia.com\/fr\",\"logo\":{\"@type\":\"ImageObject\",\"inLanguage\":\"fr-FR\",\"@id\":\"https:\/\/www.bagnoitalia.com\/fr#\/schema\/logo\/image\/\",\"url\":\"https:\/\/img.bagnoitalia.com\/wp-content\/uploads\/logo-bagnoitalia.webp\",\"contentUrl\":\"https:\/\/img.bagnoitalia.com\/wp-content\/uploads\/logo-bagnoitalia.webp\",\"width\":400,\"height\":70,\"caption\":\"Bagno Italia\"},\"image\":{\"@id\":\"https:\/\/www.bagnoitalia.com\/fr#\/schema\/logo\/image\/\"}}]}<\/script>\n<!-- \/ Yoast SEO plugin. -->","yoast_head_json":{"title":"Colonne simple haute, style Arte Povera avec porte sup\u00e9rieur en couleur bois ou ivoire d\u00e9cap\u00e9, 150x34 cm pour meubles Portofino","description":"Meuble Arte Povera, colonne haute unique en bois massif de peuplier ou de verre, dimensions 150x33x34pcm. Cadre en peuplier, porte en contreplaqu\u00e9.","robots":{"index":"index","follow":"follow","max-snippet":"max-snippet:-1","max-image-preview":"max-image-preview:large","max-video-preview":"max-video-preview:-1"},"canonical":"https:\/\/www.bagnoitalia.com\/fr\/produit\/porte-superieure-simple-pole-arte-povera-en-bois-ou-ivoire-decape-150x34-pour-meubles-portofino.html","og_locale":"fr_FR","og_type":"article","og_title":"Colonne simple haute, style Arte Povera avec porte sup\u00e9rieur en couleur bois ou ivoire d\u00e9cap\u00e9, 150x34 cm pour meubles Portofino","og_description":"Meuble Arte Povera, colonne haute unique en bois massif de peuplier ou de verre, dimensions 150x33x34pcm. Cadre en peuplier, porte en contreplaqu\u00e9.","og_url":"https:\/\/www.bagnoitalia.com\/fr\/produit\/porte-superieure-simple-pole-arte-povera-en-bois-ou-ivoire-decape-150x34-pour-meubles-portofino.html","og_site_name":"Bagno Italia","article_modified_time":"2024-05-16T14:51:59+00:00","og_image":[{"width":500,"height":500,"url":"https:\/\/img.bagnoitalia.com\/wp-content\/uploads\/virtuemart\/product\/Double-arte-povera-wall-cabinet-65x71x21-1_1542894588_233.jpg","type":"image\/jpeg"}],"twitter_card":"summary_large_image","schema":{"@context":"https:\/\/schema.org","@graph":[{"@type":"WebPage","@id":"https:\/\/www.bagnoitalia.com\/fr\/produit\/porte-superieure-simple-pole-arte-povera-en-bois-ou-ivoire-decape-150x34-pour-meubles-portofino.html","url":"https:\/\/www.bagnoitalia.com\/fr\/produit\/porte-superieure-simple-pole-arte-povera-en-bois-ou-ivoire-decape-150x34-pour-meubles-portofino.html","name":"Colonne simple haute, style Arte Povera avec porte sup\u00e9rieur en couleur bois ou ivoire d\u00e9cap\u00e9, 150x34 cm pour meubles Portofino","isPartOf":{"@id":"https:\/\/www.bagnoitalia.com\/fr#website"},"primaryImageOfPage":{"@id":"https:\/\/www.bagnoitalia.com\/fr\/produit\/porte-superieure-simple-pole-arte-povera-en-bois-ou-ivoire-decape-150x34-pour-meubles-portofino.html#primaryimage"},"image":{"@id":"https:\/\/www.bagnoitalia.com\/fr\/produit\/porte-superieure-simple-pole-arte-povera-en-bois-ou-ivoire-decape-150x34-pour-meubles-portofino.html#primaryimage"},"thumbnailUrl":"https:\/\/img.bagnoitalia.com\/wp-content\/uploads\/virtuemart\/product\/Double-arte-povera-wall-cabinet-65x71x21-1_1542894588_233.jpg","datePublished":"2014-03-20T12:09:05+00:00","dateModified":"2024-05-16T14:51:59+00:00","description":"Meuble Arte Povera, colonne haute unique en bois massif de peuplier ou de verre, dimensions 150x33x34pcm. Cadre en peuplier, porte en contreplaqu\u00e9.","breadcrumb":{"@id":"https:\/\/www.bagnoitalia.com\/fr\/produit\/porte-superieure-simple-pole-arte-povera-en-bois-ou-ivoire-decape-150x34-pour-meubles-portofino.html#breadcrumb"},"inLanguage":"fr-FR","potentialAction":[{"@type":"ReadAction","target":["https:\/\/www.bagnoitalia.com\/fr\/produit\/porte-superieure-simple-pole-arte-povera-en-bois-ou-ivoire-decape-150x34-pour-meubles-portofino.html"]}]},{"@type":"ImageObject","inLanguage":"fr-FR","@id":"https:\/\/www.bagnoitalia.com\/fr\/produit\/porte-superieure-simple-pole-arte-povera-en-bois-ou-ivoire-decape-150x34-pour-meubles-portofino.html#primaryimage","url":"https:\/\/img.bagnoitalia.com\/wp-content\/uploads\/virtuemart\/product\/Double-arte-povera-wall-cabinet-65x71x21-1_1542894588_233.jpg","contentUrl":"https:\/\/img.bagnoitalia.com\/wp-content\/uploads\/virtuemart\/product\/Double-arte-povera-wall-cabinet-65x71x21-1_1542894588_233.jpg","width":500,"height":500},{"@type":"BreadcrumbList","@id":"https:\/\/www.bagnoitalia.com\/fr\/produit\/porte-superieure-simple-pole-arte-povera-en-bois-ou-ivoire-decape-150x34-pour-meubles-portofino.html#breadcrumb","itemListElement":[{"@type":"ListItem","position":1,"name":"Home","item":"https:\/\/www.bagnoitalia.com\/fr"},{"@type":"ListItem","position":2,"name":"Produits","item":"https:\/\/www.bagnoitalia.com\/fr\/shop"},{"@type":"ListItem","position":3,"name":"Colonne simple haute, style Arte Povera avec porte sup\u00e9rieur en couleur bois ou ivoire d\u00e9cap\u00e9, 150&#215;34 cm pour meubles Portofino"}]},{"@type":"WebSite","@id":"https:\/\/www.bagnoitalia.com\/fr#website","url":"https:\/\/www.bagnoitalia.com\/fr","name":"Bagno Italia","description":"","publisher":{"@id":"https:\/\/www.bagnoitalia.com\/fr#organization"},"potentialAction":[{"@type":"SearchAction","target":{"@type":"EntryPoint","urlTemplate":"https:\/\/www.bagnoitalia.com\/fr?s={search_term_string}"},"query-input":{"@type":"PropertyValueSpecification","valueRequired":true,"valueName":"search_term_string"}}],"inLanguage":"fr-FR"},{"@type":"Organization","@id":"https:\/\/www.bagnoitalia.com\/fr#organization","name":"Bagno Italia","url":"https:\/\/www.bagnoitalia.com\/fr","logo":{"@type":"ImageObject","inLanguage":"fr-FR","@id":"https:\/\/www.bagnoitalia.com\/fr#\/schema\/logo\/image\/","url":"https:\/\/img.bagnoitalia.com\/wp-content\/uploads\/logo-bagnoitalia.webp","contentUrl":"https:\/\/img.bagnoitalia.com\/wp-content\/uploads\/logo-bagnoitalia.webp","width":400,"height":70,"caption":"Bagno Italia"},"image":{"@id":"https:\/\/www.bagnoitalia.com\/fr#\/schema\/logo\/image\/"}}]}},"_links":{"self":[{"href":"https:\/\/www.bagnoitalia.com\/fr\/wp-json\/wp\/v2\/product\/78802","targetHints":{"allow":["GET"]}}],"collection":[{"href":"https:\/\/www.bagnoitalia.com\/fr\/wp-json\/wp\/v2\/product"}],"about":[{"href":"https:\/\/www.bagnoitalia.com\/fr\/wp-json\/wp\/v2\/types\/product"}],"replies":[{"embeddable":true,"href":"https:\/\/www.bagnoitalia.com\/fr\/wp-json\/wp\/v2\/comments?post=78802"}],"version-history":[{"count":0,"href":"https:\/\/www.bagnoitalia.com\/fr\/wp-json\/wp\/v2\/product\/78802\/revisions"}],"wp:featuredmedia":[{"embeddable":true,"href":"https:\/\/www.bagnoitalia.com\/fr\/wp-json\/wp\/v2\/media\/22034"}],"wp:attachment":[{"href":"https:\/\/www.bagnoitalia.com\/fr\/wp-json\/wp\/v2\/media?parent=78802"}],"wp:term":[{"taxonomy":"product_brand","embeddable":true,"href":"https:\/\/www.bagnoitalia.com\/fr\/wp-json\/wp\/v2\/product_brand?post=78802"},{"taxonomy":"product_cat","embeddable":true,"href":"https:\/\/www.bagnoitalia.com\/fr\/wp-json\/wp\/v2\/product_cat?post=78802"},{"taxonomy":"product_tag","embeddable":true,"href":"https:\/\/www.bagnoitalia.com\/fr\/wp-json\/wp\/v2\/product_tag?post=78802"}],"curies":[{"name":"wp","href":"https:\/\/api.w.org\/{rel}","templated":true}]}}