{"id":78770,"date":"2014-03-12T08:56:42","date_gmt":"2014-03-12T07:56:42","guid":{"rendered":"https:\/\/www.bagnoitalia.com\/product\/colonne-de-douche-hydromassage-160x20-multifonction-en-acier-avec-mitigeur-et-douchette"},"modified":"2024-12-04T09:33:50","modified_gmt":"2024-12-04T08:33:50","slug":"colonne-de-douche-hydromassage-160x20-multifonction-en-acier-avec-mitigeur-et-douchette","status":"publish","type":"product","link":"https:\/\/www.bagnoitalia.com\/fr\/produit\/colonne-de-douche-hydromassage-160x20-multifonction-en-acier-avec-mitigeur-et-douchette.html","title":{"rendered":"Colonne de douche hydromassante 160&#215;20 cm multifonction, en acier avec mitigeur et douchette DC007"},"content":{"rendered":"<p>&nbsp;<\/p>\n<p>&nbsp;<\/p>\n<p>Colonne de douche multifonctions en aluminium gris. \u00c9quip\u00e9 de flexible et douchette. M\u00e9langeur chaud \/ froid \u00e0 3 fonctions s\u00e9lectionnables. Sch\u00e9ma de montage inclus, disponible en deux couleurs: argent ou noir<\/p>\n<p>H.160 x L.20 cm x P8 cm (partie sup\u00e9rieure P46 cm)<\/p>\n<p>&nbsp;<\/p>\n<p><img fetchpriority=\"high\" decoding=\"async\" class=\" size-full wp-image-21855\" src=\"https:\/\/img.bagnoitalia.com\/wp-content\/uploads\/virtuemart\/product\/schema_tecnico_057.jpg\" alt=\"http:\/\/www.bagnoitalia.it\/https:\/\/img.bagnoitalia.com\/wp-content\/uploads\/virtuemart\/product\/schema_tecnico_057.jpg\" width=\"598\" height=\"598\" srcset=\"https:\/\/img.bagnoitalia.com\/wp-content\/uploads\/virtuemart\/product\/schema_tecnico_057.jpg 1024w, https:\/\/img.bagnoitalia.com\/wp-content\/uploads\/virtuemart\/product\/schema_tecnico_057-768x768.jpg 768w, https:\/\/img.bagnoitalia.com\/wp-content\/uploads\/virtuemart\/product\/schema_tecnico_057-990x990.jpg 990w, https:\/\/img.bagnoitalia.com\/wp-content\/uploads\/virtuemart\/product\/schema_tecnico_057-441x441.jpg 441w, https:\/\/img.bagnoitalia.com\/wp-content\/uploads\/virtuemart\/product\/schema_tecnico_057-100x100.jpg 100w, https:\/\/img.bagnoitalia.com\/wp-content\/uploads\/virtuemart\/product\/schema_tecnico_057-600x600.jpg 600w, https:\/\/img.bagnoitalia.com\/wp-content\/uploads\/virtuemart\/product\/schema_tecnico_057-150x150.jpg 150w\" sizes=\"(max-width: 598px) 100vw, 598px\" \/><\/p>\n","protected":false},"excerpt":{"rendered":"<p>Colonne de douche whirlpool en aluminium gris 160&#215;20 cm avec mitigeur et douchette, en argent ou noir<\/p>\n","protected":false},"featured_media":21838,"comment_status":"open","ping_status":"closed","template":"","meta":[],"product_brand":[9879],"product_cat":[9763],"product_tag":[],"class_list":{"0":"post-78770","1":"product","2":"type-product","3":"status-publish","4":"has-post-thumbnail","6":"product_brand-vari-produttori-fr","7":"product_cat-colonne-de-douche","9":"first","10":"instock","11":"sale","12":"taxable","13":"shipping-taxable","14":"purchasable","15":"product-type-simple"},"exclude_global_add_ons":false,"addons":[{"name":"typologie","type":"multiple_choice","position":0,"required":true,"title_format":"heading","default":"","description_enable":false,"description":"","placeholder_enable":false,"placeholder":"","display":"select","restrictions_type":"any_text","adjust_price":false,"price":"","price_type":"flat_fee","restrictions":false,"min":"0","max":"0","options":[{"label":"noir","price":"","price_type":"quantity_based","image":0,"visibility":true},{"label":"(Pas disponible)argent","price":"","price_type":"quantity_based","image":0,"visibility":true}],"id":1718621932}],"yoast_head":"<!-- This site is optimized with the Yoast SEO plugin v26.7 - https:\/\/yoast.com\/wordpress\/plugins\/seo\/ -->\n<title>Colonne de douche hydromassante 160x20 cm multifonction, en acier avec mitigeur et douchette DC007<\/title>\n<meta name=\"description\" content=\"Colonne de Douche Hydromassage Multifonctionnelle, dimensions 160x20cm. Douchette flexible et douchette incluse, m\u00e9langeur 3 fonctions.\" \/>\n<meta name=\"robots\" content=\"index, follow, max-snippet:-1, max-image-preview:large, max-video-preview:-1\" \/>\n<link rel=\"canonical\" href=\"https:\/\/www.bagnoitalia.com\/fr\/produit\/colonne-de-douche-hydromassage-160x20-multifonction-en-acier-avec-mitigeur-et-douchette.html\" \/>\n<meta property=\"og:locale\" content=\"fr_FR\" \/>\n<meta property=\"og:type\" content=\"article\" \/>\n<meta property=\"og:title\" content=\"Colonne de douche hydromassante 160x20 cm multifonction, en acier avec mitigeur et douchette DC007\" \/>\n<meta property=\"og:description\" content=\"Colonne de Douche Hydromassage Multifonctionnelle, dimensions 160x20cm. Douchette flexible et douchette incluse, m\u00e9langeur 3 fonctions.\" \/>\n<meta property=\"og:url\" content=\"https:\/\/www.bagnoitalia.com\/fr\/produit\/colonne-de-douche-hydromassage-160x20-multifonction-en-acier-avec-mitigeur-et-douchette.html\" \/>\n<meta property=\"og:site_name\" content=\"Bagno Italia\" \/>\n<meta property=\"article:modified_time\" content=\"2024-12-04T08:33:50+00:00\" \/>\n<meta property=\"og:image\" content=\"https:\/\/img.bagnoitalia.com\/wp-content\/uploads\/virtuemart\/product\/Hydromassage-shower-column-160x20-Multifunction-steel-mixer-handshower-1_1541423204_323.jpg\" \/>\n\t<meta property=\"og:image:width\" content=\"700\" \/>\n\t<meta property=\"og:image:height\" content=\"700\" \/>\n\t<meta property=\"og:image:type\" content=\"image\/jpeg\" \/>\n<meta name=\"twitter:card\" content=\"summary_large_image\" \/>\n<meta name=\"twitter:label1\" content=\"Dur\u00e9e de lecture estim\u00e9e\" \/>\n\t<meta name=\"twitter:data1\" content=\"1 minute\" \/>\n<script type=\"application\/ld+json\" class=\"yoast-schema-graph\">{\"@context\":\"https:\/\/schema.org\",\"@graph\":[{\"@type\":\"WebPage\",\"@id\":\"https:\/\/www.bagnoitalia.com\/fr\/produit\/colonne-de-douche-hydromassage-160x20-multifonction-en-acier-avec-mitigeur-et-douchette.html\",\"url\":\"https:\/\/www.bagnoitalia.com\/fr\/produit\/colonne-de-douche-hydromassage-160x20-multifonction-en-acier-avec-mitigeur-et-douchette.html\",\"name\":\"Colonne de douche hydromassante 160x20 cm multifonction, en acier avec mitigeur et douchette DC007\",\"isPartOf\":{\"@id\":\"https:\/\/www.bagnoitalia.com\/fr#website\"},\"primaryImageOfPage\":{\"@id\":\"https:\/\/www.bagnoitalia.com\/fr\/produit\/colonne-de-douche-hydromassage-160x20-multifonction-en-acier-avec-mitigeur-et-douchette.html#primaryimage\"},\"image\":{\"@id\":\"https:\/\/www.bagnoitalia.com\/fr\/produit\/colonne-de-douche-hydromassage-160x20-multifonction-en-acier-avec-mitigeur-et-douchette.html#primaryimage\"},\"thumbnailUrl\":\"https:\/\/img.bagnoitalia.com\/wp-content\/uploads\/virtuemart\/product\/Hydromassage-shower-column-160x20-Multifunction-steel-mixer-handshower-1_1541423204_323.jpg\",\"datePublished\":\"2014-03-12T07:56:42+00:00\",\"dateModified\":\"2024-12-04T08:33:50+00:00\",\"description\":\"Colonne de Douche Hydromassage Multifonctionnelle, dimensions 160x20cm. Douchette flexible et douchette incluse, m\u00e9langeur 3 fonctions.\",\"breadcrumb\":{\"@id\":\"https:\/\/www.bagnoitalia.com\/fr\/produit\/colonne-de-douche-hydromassage-160x20-multifonction-en-acier-avec-mitigeur-et-douchette.html#breadcrumb\"},\"inLanguage\":\"fr-FR\",\"potentialAction\":[{\"@type\":\"ReadAction\",\"target\":[\"https:\/\/www.bagnoitalia.com\/fr\/produit\/colonne-de-douche-hydromassage-160x20-multifonction-en-acier-avec-mitigeur-et-douchette.html\"]}]},{\"@type\":\"ImageObject\",\"inLanguage\":\"fr-FR\",\"@id\":\"https:\/\/www.bagnoitalia.com\/fr\/produit\/colonne-de-douche-hydromassage-160x20-multifonction-en-acier-avec-mitigeur-et-douchette.html#primaryimage\",\"url\":\"https:\/\/img.bagnoitalia.com\/wp-content\/uploads\/virtuemart\/product\/Hydromassage-shower-column-160x20-Multifunction-steel-mixer-handshower-1_1541423204_323.jpg\",\"contentUrl\":\"https:\/\/img.bagnoitalia.com\/wp-content\/uploads\/virtuemart\/product\/Hydromassage-shower-column-160x20-Multifunction-steel-mixer-handshower-1_1541423204_323.jpg\",\"width\":700,\"height\":700},{\"@type\":\"BreadcrumbList\",\"@id\":\"https:\/\/www.bagnoitalia.com\/fr\/produit\/colonne-de-douche-hydromassage-160x20-multifonction-en-acier-avec-mitigeur-et-douchette.html#breadcrumb\",\"itemListElement\":[{\"@type\":\"ListItem\",\"position\":1,\"name\":\"Home\",\"item\":\"https:\/\/www.bagnoitalia.com\/fr\"},{\"@type\":\"ListItem\",\"position\":2,\"name\":\"Produits\",\"item\":\"https:\/\/www.bagnoitalia.com\/fr\/shop\"},{\"@type\":\"ListItem\",\"position\":3,\"name\":\"Colonne de douche hydromassante 160&#215;20 cm multifonction, en acier avec mitigeur et douchette DC007\"}]},{\"@type\":\"WebSite\",\"@id\":\"https:\/\/www.bagnoitalia.com\/fr#website\",\"url\":\"https:\/\/www.bagnoitalia.com\/fr\",\"name\":\"Bagno Italia\",\"description\":\"\",\"publisher\":{\"@id\":\"https:\/\/www.bagnoitalia.com\/fr#organization\"},\"potentialAction\":[{\"@type\":\"SearchAction\",\"target\":{\"@type\":\"EntryPoint\",\"urlTemplate\":\"https:\/\/www.bagnoitalia.com\/fr?s={search_term_string}\"},\"query-input\":{\"@type\":\"PropertyValueSpecification\",\"valueRequired\":true,\"valueName\":\"search_term_string\"}}],\"inLanguage\":\"fr-FR\"},{\"@type\":\"Organization\",\"@id\":\"https:\/\/www.bagnoitalia.com\/fr#organization\",\"name\":\"Bagno Italia\",\"url\":\"https:\/\/www.bagnoitalia.com\/fr\",\"logo\":{\"@type\":\"ImageObject\",\"inLanguage\":\"fr-FR\",\"@id\":\"https:\/\/www.bagnoitalia.com\/fr#\/schema\/logo\/image\/\",\"url\":\"https:\/\/img.bagnoitalia.com\/wp-content\/uploads\/logo-bagnoitalia.webp\",\"contentUrl\":\"https:\/\/img.bagnoitalia.com\/wp-content\/uploads\/logo-bagnoitalia.webp\",\"width\":400,\"height\":70,\"caption\":\"Bagno Italia\"},\"image\":{\"@id\":\"https:\/\/www.bagnoitalia.com\/fr#\/schema\/logo\/image\/\"}}]}<\/script>\n<!-- \/ Yoast SEO plugin. -->","yoast_head_json":{"title":"Colonne de douche hydromassante 160x20 cm multifonction, en acier avec mitigeur et douchette DC007","description":"Colonne de Douche Hydromassage Multifonctionnelle, dimensions 160x20cm. Douchette flexible et douchette incluse, m\u00e9langeur 3 fonctions.","robots":{"index":"index","follow":"follow","max-snippet":"max-snippet:-1","max-image-preview":"max-image-preview:large","max-video-preview":"max-video-preview:-1"},"canonical":"https:\/\/www.bagnoitalia.com\/fr\/produit\/colonne-de-douche-hydromassage-160x20-multifonction-en-acier-avec-mitigeur-et-douchette.html","og_locale":"fr_FR","og_type":"article","og_title":"Colonne de douche hydromassante 160x20 cm multifonction, en acier avec mitigeur et douchette DC007","og_description":"Colonne de Douche Hydromassage Multifonctionnelle, dimensions 160x20cm. Douchette flexible et douchette incluse, m\u00e9langeur 3 fonctions.","og_url":"https:\/\/www.bagnoitalia.com\/fr\/produit\/colonne-de-douche-hydromassage-160x20-multifonction-en-acier-avec-mitigeur-et-douchette.html","og_site_name":"Bagno Italia","article_modified_time":"2024-12-04T08:33:50+00:00","og_image":[{"width":700,"height":700,"url":"https:\/\/img.bagnoitalia.com\/wp-content\/uploads\/virtuemart\/product\/Hydromassage-shower-column-160x20-Multifunction-steel-mixer-handshower-1_1541423204_323.jpg","type":"image\/jpeg"}],"twitter_card":"summary_large_image","twitter_misc":{"Dur\u00e9e de lecture estim\u00e9e":"1 minute"},"schema":{"@context":"https:\/\/schema.org","@graph":[{"@type":"WebPage","@id":"https:\/\/www.bagnoitalia.com\/fr\/produit\/colonne-de-douche-hydromassage-160x20-multifonction-en-acier-avec-mitigeur-et-douchette.html","url":"https:\/\/www.bagnoitalia.com\/fr\/produit\/colonne-de-douche-hydromassage-160x20-multifonction-en-acier-avec-mitigeur-et-douchette.html","name":"Colonne de douche hydromassante 160x20 cm multifonction, en acier avec mitigeur et douchette DC007","isPartOf":{"@id":"https:\/\/www.bagnoitalia.com\/fr#website"},"primaryImageOfPage":{"@id":"https:\/\/www.bagnoitalia.com\/fr\/produit\/colonne-de-douche-hydromassage-160x20-multifonction-en-acier-avec-mitigeur-et-douchette.html#primaryimage"},"image":{"@id":"https:\/\/www.bagnoitalia.com\/fr\/produit\/colonne-de-douche-hydromassage-160x20-multifonction-en-acier-avec-mitigeur-et-douchette.html#primaryimage"},"thumbnailUrl":"https:\/\/img.bagnoitalia.com\/wp-content\/uploads\/virtuemart\/product\/Hydromassage-shower-column-160x20-Multifunction-steel-mixer-handshower-1_1541423204_323.jpg","datePublished":"2014-03-12T07:56:42+00:00","dateModified":"2024-12-04T08:33:50+00:00","description":"Colonne de Douche Hydromassage Multifonctionnelle, dimensions 160x20cm. Douchette flexible et douchette incluse, m\u00e9langeur 3 fonctions.","breadcrumb":{"@id":"https:\/\/www.bagnoitalia.com\/fr\/produit\/colonne-de-douche-hydromassage-160x20-multifonction-en-acier-avec-mitigeur-et-douchette.html#breadcrumb"},"inLanguage":"fr-FR","potentialAction":[{"@type":"ReadAction","target":["https:\/\/www.bagnoitalia.com\/fr\/produit\/colonne-de-douche-hydromassage-160x20-multifonction-en-acier-avec-mitigeur-et-douchette.html"]}]},{"@type":"ImageObject","inLanguage":"fr-FR","@id":"https:\/\/www.bagnoitalia.com\/fr\/produit\/colonne-de-douche-hydromassage-160x20-multifonction-en-acier-avec-mitigeur-et-douchette.html#primaryimage","url":"https:\/\/img.bagnoitalia.com\/wp-content\/uploads\/virtuemart\/product\/Hydromassage-shower-column-160x20-Multifunction-steel-mixer-handshower-1_1541423204_323.jpg","contentUrl":"https:\/\/img.bagnoitalia.com\/wp-content\/uploads\/virtuemart\/product\/Hydromassage-shower-column-160x20-Multifunction-steel-mixer-handshower-1_1541423204_323.jpg","width":700,"height":700},{"@type":"BreadcrumbList","@id":"https:\/\/www.bagnoitalia.com\/fr\/produit\/colonne-de-douche-hydromassage-160x20-multifonction-en-acier-avec-mitigeur-et-douchette.html#breadcrumb","itemListElement":[{"@type":"ListItem","position":1,"name":"Home","item":"https:\/\/www.bagnoitalia.com\/fr"},{"@type":"ListItem","position":2,"name":"Produits","item":"https:\/\/www.bagnoitalia.com\/fr\/shop"},{"@type":"ListItem","position":3,"name":"Colonne de douche hydromassante 160&#215;20 cm multifonction, en acier avec mitigeur et douchette DC007"}]},{"@type":"WebSite","@id":"https:\/\/www.bagnoitalia.com\/fr#website","url":"https:\/\/www.bagnoitalia.com\/fr","name":"Bagno Italia","description":"","publisher":{"@id":"https:\/\/www.bagnoitalia.com\/fr#organization"},"potentialAction":[{"@type":"SearchAction","target":{"@type":"EntryPoint","urlTemplate":"https:\/\/www.bagnoitalia.com\/fr?s={search_term_string}"},"query-input":{"@type":"PropertyValueSpecification","valueRequired":true,"valueName":"search_term_string"}}],"inLanguage":"fr-FR"},{"@type":"Organization","@id":"https:\/\/www.bagnoitalia.com\/fr#organization","name":"Bagno Italia","url":"https:\/\/www.bagnoitalia.com\/fr","logo":{"@type":"ImageObject","inLanguage":"fr-FR","@id":"https:\/\/www.bagnoitalia.com\/fr#\/schema\/logo\/image\/","url":"https:\/\/img.bagnoitalia.com\/wp-content\/uploads\/logo-bagnoitalia.webp","contentUrl":"https:\/\/img.bagnoitalia.com\/wp-content\/uploads\/logo-bagnoitalia.webp","width":400,"height":70,"caption":"Bagno Italia"},"image":{"@id":"https:\/\/www.bagnoitalia.com\/fr#\/schema\/logo\/image\/"}}]}},"_links":{"self":[{"href":"https:\/\/www.bagnoitalia.com\/fr\/wp-json\/wp\/v2\/product\/78770","targetHints":{"allow":["GET"]}}],"collection":[{"href":"https:\/\/www.bagnoitalia.com\/fr\/wp-json\/wp\/v2\/product"}],"about":[{"href":"https:\/\/www.bagnoitalia.com\/fr\/wp-json\/wp\/v2\/types\/product"}],"replies":[{"embeddable":true,"href":"https:\/\/www.bagnoitalia.com\/fr\/wp-json\/wp\/v2\/comments?post=78770"}],"version-history":[{"count":1,"href":"https:\/\/www.bagnoitalia.com\/fr\/wp-json\/wp\/v2\/product\/78770\/revisions"}],"predecessor-version":[{"id":90287,"href":"https:\/\/www.bagnoitalia.com\/fr\/wp-json\/wp\/v2\/product\/78770\/revisions\/90287"}],"wp:featuredmedia":[{"embeddable":true,"href":"https:\/\/www.bagnoitalia.com\/fr\/wp-json\/wp\/v2\/media\/21838"}],"wp:attachment":[{"href":"https:\/\/www.bagnoitalia.com\/fr\/wp-json\/wp\/v2\/media?parent=78770"}],"wp:term":[{"taxonomy":"product_brand","embeddable":true,"href":"https:\/\/www.bagnoitalia.com\/fr\/wp-json\/wp\/v2\/product_brand?post=78770"},{"taxonomy":"product_cat","embeddable":true,"href":"https:\/\/www.bagnoitalia.com\/fr\/wp-json\/wp\/v2\/product_cat?post=78770"},{"taxonomy":"product_tag","embeddable":true,"href":"https:\/\/www.bagnoitalia.com\/fr\/wp-json\/wp\/v2\/product_tag?post=78770"}],"curies":[{"name":"wp","href":"https:\/\/api.w.org\/{rel}","templated":true}]}}