{"id":78742,"date":"2014-03-07T23:56:44","date_gmt":"2014-03-07T22:56:44","guid":{"rendered":"https:\/\/www.bagnoitalia.com\/product\/radiateur-decoratif-lineaire-chrome-blanc-ou-noir-80x45-120x45-180x45-80x60-120x60-180x60"},"modified":"2025-06-18T19:18:38","modified_gmt":"2025-06-18T17:18:38","slug":"radiateur-decoratif-lineaire-chrome-blanc-ou-noir-80x45-120x45-180x45-80x60-120x60-180x60","status":"publish","type":"product","link":"https:\/\/www.bagnoitalia.com\/fr\/produit\/radiateur-decoratif-lineaire-chrome-blanc-ou-noir-80x45-120x45-180x45-80x60-120x60-180x60.html","title":{"rendered":"Radiateur s\u00e8che-serviettes lin\u00e9aire d\u00e9coratif, chrom\u00e9, blanc ou noir, dimensions: 80&#215;45 120&#215;45 180&#215;45 80&#215;60 120&#215;60 180&#215;60"},"content":{"rendered":"<\/p>\n<p><strong>Radiateur s\u00e8che-serviettes <\/strong> en 3 couleurs, blanc, chrom\u00e9 ou noir en plusieurs dimensions<\/p>\n<\/p>\n<ul>\n<li>Dissipation thermique: 75-65-20 \u00b0 C<\/li>\n<li>Pression d&rsquo;eau minimale 8 bar<\/li>\n<li>mat\u00e9riau en acier inoxydable<\/li>\n<li>Disponible \u00e0 la fois dans la version lin\u00e9aire et incurv\u00e9e (comme indiqu\u00e9 sur les photos ci-dessous)<\/li>\n<\/ul>\n<table>\n<tbody>\n<tr>\n<th class=\"model_code\">&nbsp;<\/th>\n<th class=\"dimensioni\">dimensions<\/th>\n<th class=\"materiale\">&nbsp;<\/th>\n<th class=\"colore\">&nbsp;<\/th>\n<th class=\"tubi\">nombre de tubes<\/th>\n<th class=\"emissioni\">\u00e9missions<\/th>\n<th class=\"extra\">&nbsp;<\/th>\n<\/tr>\n<tr>\n<td class=\"model_code\">&nbsp;<\/td>\n<td class=\"dimensioni\">80&#215;45<\/td>\n<td class=\"materiale\">&nbsp;<\/td>\n<td class=\"colore\">&nbsp;<\/td>\n<td class=\"tubi\">16<\/td>\n<td class=\"emissioni\">362w<\/td>\n<td class=\"extra\">&nbsp;<\/td>\n<\/tr>\n<tr>\n<td class=\"model_code\">&nbsp;<\/td>\n<td class=\"dimensioni\">120&#215;45<\/td>\n<td class=\"materiale\">&nbsp;<\/td>\n<td class=\"colore\">&nbsp;<\/td>\n<td class=\"tubi\">21<\/td>\n<td class=\"emissioni\">563w<\/td>\n<td class=\"extra\">&nbsp;<\/td>\n<\/tr>\n<tr>\n<td class=\"model_code\">&nbsp;<\/td>\n<td class=\"dimensioni\">180&#215;45<\/td>\n<td class=\"materiale\">&nbsp;<\/td>\n<td class=\"colore\">&nbsp;<\/td>\n<td class=\"tubi\">41<\/td>\n<td class=\"emissioni\">843w<\/td>\n<td class=\"extra\">&nbsp;<\/td>\n<\/tr>\n<tr>\n<td class=\"model_code\">&nbsp;<\/td>\n<td class=\"dimensioni\">80&#215;60<\/td>\n<td class=\"materiale\">&nbsp;<\/td>\n<td class=\"colore\">&nbsp;<\/td>\n<td class=\"tubi\">16<\/td>\n<td class=\"emissioni\">452 W<\/td>\n<td class=\"extra\">&nbsp;<\/td>\n<\/tr>\n<tr>\n<td class=\"model_code\">&nbsp;<\/td>\n<td class=\"dimensioni\">120&#215;60<\/td>\n<td class=\"materiale\">&nbsp;<\/td>\n<td class=\"colore\">&nbsp;<\/td>\n<td class=\"tubi\">25<\/td>\n<td class=\"emissioni\">702W<\/td>\n<td class=\"extra\">&nbsp;<\/td>\n<\/tr>\n<tr>\n<td class=\"model_code\">&nbsp;<\/td>\n<td class=\"dimensioni\">180&#215;60<\/td>\n<td class=\"materiale\">&nbsp;<\/td>\n<td class=\"colore\">&nbsp;<\/td>\n<td class=\"tubi\">41<\/td>\n<td class=\"emissioni\">1052w<\/td>\n<\/tr>\n<\/tbody>\n<\/table>\n<p><strong><span style=\"font-size: 12pt;\">TYPE LIN\u00c9AIRE<\/span><\/strong><\/p>\n<p><img fetchpriority=\"high\" decoding=\"async\" class=\"decoded size-full wp-image-21646\" src=\"https:\/\/img.bagnoitalia.com\/wp-content\/uploads\/virtuemart\/product\/teramoarredo_nero.jpg\" alt=\"http:\/\/www.bagnoitalia.it\/https:\/\/img.bagnoitalia.com\/wp-content\/uploads\/virtuemart\/product\/teramoarredo_nero.jpg\" width=\"330\" height=\"262\" srcset=\"https:\/\/img.bagnoitalia.com\/wp-content\/uploads\/virtuemart\/product\/teramoarredo_nero.jpg 480w, https:\/\/img.bagnoitalia.com\/wp-content\/uploads\/virtuemart\/product\/teramoarredo_nero-441x351.jpg 441w, https:\/\/img.bagnoitalia.com\/wp-content\/uploads\/virtuemart\/product\/teramoarredo_nero-150x119.jpg 150w\" sizes=\"(max-width: 330px) 100vw, 330px\" \/><img decoding=\"async\" class=\"decoded size-full wp-image-21650\" src=\"https:\/\/img.bagnoitalia.com\/wp-content\/uploads\/virtuemart\/product\/teramoarredo_bianco.jpg\" alt=\"http:\/\/www.bagnoitalia.it\/https:\/\/img.bagnoitalia.com\/wp-content\/uploads\/virtuemart\/product\/teramoarredo_bianco.jpg\" width=\"186\" height=\"261\" srcset=\"https:\/\/img.bagnoitalia.com\/wp-content\/uploads\/virtuemart\/product\/teramoarredo_bianco.jpg 290w, https:\/\/img.bagnoitalia.com\/wp-content\/uploads\/virtuemart\/product\/teramoarredo_bianco-150x209.jpg 150w\" sizes=\"(max-width: 186px) 100vw, 186px\" \/><\/p>\n<p>__________________________________________________________________________<\/p>\n<\/p>\n<p><span style=\"font-size: 12pt;\"><strong>TYPE <strong>INCURV\u00c9<\/strong><\/strong><\/span><\/p>\n<p><img decoding=\"async\" class=\"decoded size-full wp-image-21654\" src=\"https:\/\/img.bagnoitalia.com\/wp-content\/uploads\/virtuemart\/product\/termoarredo_curvo_cromo.jpg\" alt=\"http:\/\/www.bagnoitalia.it\/https:\/\/img.bagnoitalia.com\/wp-content\/uploads\/virtuemart\/product\/termoarredo_curvo_cromo.jpg\" width=\"320\" height=\"267\" srcset=\"https:\/\/img.bagnoitalia.com\/wp-content\/uploads\/virtuemart\/product\/termoarredo_curvo_cromo.jpg 320w, https:\/\/img.bagnoitalia.com\/wp-content\/uploads\/virtuemart\/product\/termoarredo_curvo_cromo-150x125.jpg 150w\" sizes=\"(max-width: 320px) 100vw, 320px\" \/><img loading=\"lazy\" decoding=\"async\" class=\"decoded size-full wp-image-21658\" src=\"https:\/\/img.bagnoitalia.com\/wp-content\/uploads\/virtuemart\/product\/termoarredo_curvo_nero.jpg\" alt=\"http:\/\/www.bagnoitalia.it\/https:\/\/img.bagnoitalia.com\/wp-content\/uploads\/virtuemart\/product\/termoarredo_curvo_nero.jpg\" width=\"199\" height=\"265\" srcset=\"https:\/\/img.bagnoitalia.com\/wp-content\/uploads\/virtuemart\/product\/termoarredo_curvo_nero.jpg 240w, https:\/\/img.bagnoitalia.com\/wp-content\/uploads\/virtuemart\/product\/termoarredo_curvo_nero-150x200.jpg 150w\" sizes=\"(max-width: 199px) 100vw, 199px\" \/><\/p><\/p>\n","protected":false},"excerpt":{"rendered":"<p>Radiateur s\u00e8che-serviettes lin\u00e9aire d\u00e9coratif, chrom\u00e9, blanc ou noir, disponible en plusieurs dimensions: 80&#215;45 120&#215;45 180&#215;45 80&#215;60 120&#215;60 180&#215;60. Le style INCURV\u00c9 est aussi disponible. . Entrez dans le lien du produit pour voir tous les VARIANTES<\/p>\n","protected":false},"featured_media":21590,"comment_status":"open","ping_status":"closed","template":"","meta":[],"product_brand":[9918],"product_cat":[15,10115],"product_tag":[],"class_list":{"0":"post-78742","1":"product","2":"type-product","3":"status-publish","4":"has-post-thumbnail","6":"product_brand-goccioline-ambrosia-group-fr","7":"product_cat-senza-categoria","8":"product_cat-senza-categoria-fr","10":"first","11":"outofstock","12":"taxable","13":"shipping-taxable","14":"purchasable","15":"product-type-simple"},"exclude_global_add_ons":false,"addons":[{"name":"CAMPI_DIMENSIONI\r\n","type":"select","position":0,"required":true,"title_format":"label","default":"","description_enable":false,"description":"","placeholder_enable":false,"placeholder":"","display":"select","restrictions_type":"any_text","adjust_price":false,"price":"","price_type":"","restrictions":false,"min":"0","max":"0","options":[]}],"yoast_head":"<!-- This site is optimized with the Yoast SEO plugin v26.7 - https:\/\/yoast.com\/wordpress\/plugins\/seo\/ -->\n<title>Radiateur s\u00e8che-serviettes lin\u00e9aire d\u00e9coratif, chrom\u00e9, blanc ou noir, dimensions: 80x45 120x45 180x45 80x60 120x60 180x60<\/title>\n<meta name=\"description\" content=\"Radiateur lin\u00e9aire ou courb\u00e9 en acier inoxydable, disponible en blanc, chrome et noir et en diff\u00e9rentes tailles. Pression minimale: 8 bars. Achetez maintenant!\" \/>\n<meta name=\"robots\" content=\"index, follow, max-snippet:-1, max-image-preview:large, max-video-preview:-1\" \/>\n<link rel=\"canonical\" href=\"https:\/\/www.bagnoitalia.com\/fr\/produit\/radiateur-decoratif-lineaire-chrome-blanc-ou-noir-80x45-120x45-180x45-80x60-120x60-180x60.html\" \/>\n<meta property=\"og:locale\" content=\"fr_FR\" \/>\n<meta property=\"og:type\" content=\"article\" \/>\n<meta property=\"og:title\" content=\"Radiateur s\u00e8che-serviettes lin\u00e9aire d\u00e9coratif, chrom\u00e9, blanc ou noir, dimensions: 80x45 120x45 180x45 80x60 120x60 180x60\" \/>\n<meta property=\"og:description\" content=\"Radiateur lin\u00e9aire ou courb\u00e9 en acier inoxydable, disponible en blanc, chrome et noir et en diff\u00e9rentes tailles. Pression minimale: 8 bars. Achetez maintenant!\" \/>\n<meta property=\"og:url\" content=\"https:\/\/www.bagnoitalia.com\/fr\/produit\/radiateur-decoratif-lineaire-chrome-blanc-ou-noir-80x45-120x45-180x45-80x60-120x60-180x60.html\" \/>\n<meta property=\"og:site_name\" content=\"Bagno Italia\" \/>\n<meta property=\"article:modified_time\" content=\"2025-06-18T17:18:38+00:00\" \/>\n<meta property=\"og:image\" content=\"https:\/\/img.bagnoitalia.com\/wp-content\/uploads\/virtuemart\/product\/Linear-heated-towel-rail-white-chrome-black-colours-1111_1542367831_95.jpg\" \/>\n\t<meta property=\"og:image:width\" content=\"500\" \/>\n\t<meta property=\"og:image:height\" content=\"500\" \/>\n\t<meta property=\"og:image:type\" content=\"image\/jpeg\" \/>\n<meta name=\"twitter:card\" content=\"summary_large_image\" \/>\n<script type=\"application\/ld+json\" class=\"yoast-schema-graph\">{\"@context\":\"https:\/\/schema.org\",\"@graph\":[{\"@type\":\"WebPage\",\"@id\":\"https:\/\/www.bagnoitalia.com\/fr\/produit\/radiateur-decoratif-lineaire-chrome-blanc-ou-noir-80x45-120x45-180x45-80x60-120x60-180x60.html\",\"url\":\"https:\/\/www.bagnoitalia.com\/fr\/produit\/radiateur-decoratif-lineaire-chrome-blanc-ou-noir-80x45-120x45-180x45-80x60-120x60-180x60.html\",\"name\":\"Radiateur s\u00e8che-serviettes lin\u00e9aire d\u00e9coratif, chrom\u00e9, blanc ou noir, dimensions: 80x45 120x45 180x45 80x60 120x60 180x60\",\"isPartOf\":{\"@id\":\"https:\/\/www.bagnoitalia.com\/fr#website\"},\"primaryImageOfPage\":{\"@id\":\"https:\/\/www.bagnoitalia.com\/fr\/produit\/radiateur-decoratif-lineaire-chrome-blanc-ou-noir-80x45-120x45-180x45-80x60-120x60-180x60.html#primaryimage\"},\"image\":{\"@id\":\"https:\/\/www.bagnoitalia.com\/fr\/produit\/radiateur-decoratif-lineaire-chrome-blanc-ou-noir-80x45-120x45-180x45-80x60-120x60-180x60.html#primaryimage\"},\"thumbnailUrl\":\"https:\/\/img.bagnoitalia.com\/wp-content\/uploads\/virtuemart\/product\/Linear-heated-towel-rail-white-chrome-black-colours-1111_1542367831_95.jpg\",\"datePublished\":\"2014-03-07T22:56:44+00:00\",\"dateModified\":\"2025-06-18T17:18:38+00:00\",\"description\":\"Radiateur lin\u00e9aire ou courb\u00e9 en acier inoxydable, disponible en blanc, chrome et noir et en diff\u00e9rentes tailles. Pression minimale: 8 bars. Achetez maintenant!\",\"breadcrumb\":{\"@id\":\"https:\/\/www.bagnoitalia.com\/fr\/produit\/radiateur-decoratif-lineaire-chrome-blanc-ou-noir-80x45-120x45-180x45-80x60-120x60-180x60.html#breadcrumb\"},\"inLanguage\":\"fr-FR\",\"potentialAction\":[{\"@type\":\"ReadAction\",\"target\":[\"https:\/\/www.bagnoitalia.com\/fr\/produit\/radiateur-decoratif-lineaire-chrome-blanc-ou-noir-80x45-120x45-180x45-80x60-120x60-180x60.html\"]}]},{\"@type\":\"ImageObject\",\"inLanguage\":\"fr-FR\",\"@id\":\"https:\/\/www.bagnoitalia.com\/fr\/produit\/radiateur-decoratif-lineaire-chrome-blanc-ou-noir-80x45-120x45-180x45-80x60-120x60-180x60.html#primaryimage\",\"url\":\"https:\/\/img.bagnoitalia.com\/wp-content\/uploads\/virtuemart\/product\/Linear-heated-towel-rail-white-chrome-black-colours-1111_1542367831_95.jpg\",\"contentUrl\":\"https:\/\/img.bagnoitalia.com\/wp-content\/uploads\/virtuemart\/product\/Linear-heated-towel-rail-white-chrome-black-colours-1111_1542367831_95.jpg\",\"width\":500,\"height\":500},{\"@type\":\"BreadcrumbList\",\"@id\":\"https:\/\/www.bagnoitalia.com\/fr\/produit\/radiateur-decoratif-lineaire-chrome-blanc-ou-noir-80x45-120x45-180x45-80x60-120x60-180x60.html#breadcrumb\",\"itemListElement\":[{\"@type\":\"ListItem\",\"position\":1,\"name\":\"Home\",\"item\":\"https:\/\/www.bagnoitalia.com\/fr\"},{\"@type\":\"ListItem\",\"position\":2,\"name\":\"Produits\",\"item\":\"https:\/\/www.bagnoitalia.com\/fr\/shop\"},{\"@type\":\"ListItem\",\"position\":3,\"name\":\"Radiateur s\u00e8che-serviettes lin\u00e9aire d\u00e9coratif, chrom\u00e9, blanc ou noir, dimensions: 80&#215;45 120&#215;45 180&#215;45 80&#215;60 120&#215;60 180&#215;60\"}]},{\"@type\":\"WebSite\",\"@id\":\"https:\/\/www.bagnoitalia.com\/fr#website\",\"url\":\"https:\/\/www.bagnoitalia.com\/fr\",\"name\":\"Bagno Italia\",\"description\":\"\",\"publisher\":{\"@id\":\"https:\/\/www.bagnoitalia.com\/fr#organization\"},\"potentialAction\":[{\"@type\":\"SearchAction\",\"target\":{\"@type\":\"EntryPoint\",\"urlTemplate\":\"https:\/\/www.bagnoitalia.com\/fr?s={search_term_string}\"},\"query-input\":{\"@type\":\"PropertyValueSpecification\",\"valueRequired\":true,\"valueName\":\"search_term_string\"}}],\"inLanguage\":\"fr-FR\"},{\"@type\":\"Organization\",\"@id\":\"https:\/\/www.bagnoitalia.com\/fr#organization\",\"name\":\"Bagno Italia\",\"url\":\"https:\/\/www.bagnoitalia.com\/fr\",\"logo\":{\"@type\":\"ImageObject\",\"inLanguage\":\"fr-FR\",\"@id\":\"https:\/\/www.bagnoitalia.com\/fr#\/schema\/logo\/image\/\",\"url\":\"https:\/\/img.bagnoitalia.com\/wp-content\/uploads\/logo-bagnoitalia.webp\",\"contentUrl\":\"https:\/\/img.bagnoitalia.com\/wp-content\/uploads\/logo-bagnoitalia.webp\",\"width\":400,\"height\":70,\"caption\":\"Bagno Italia\"},\"image\":{\"@id\":\"https:\/\/www.bagnoitalia.com\/fr#\/schema\/logo\/image\/\"}}]}<\/script>\n<!-- \/ Yoast SEO plugin. -->","yoast_head_json":{"title":"Radiateur s\u00e8che-serviettes lin\u00e9aire d\u00e9coratif, chrom\u00e9, blanc ou noir, dimensions: 80x45 120x45 180x45 80x60 120x60 180x60","description":"Radiateur lin\u00e9aire ou courb\u00e9 en acier inoxydable, disponible en blanc, chrome et noir et en diff\u00e9rentes tailles. Pression minimale: 8 bars. Achetez maintenant!","robots":{"index":"index","follow":"follow","max-snippet":"max-snippet:-1","max-image-preview":"max-image-preview:large","max-video-preview":"max-video-preview:-1"},"canonical":"https:\/\/www.bagnoitalia.com\/fr\/produit\/radiateur-decoratif-lineaire-chrome-blanc-ou-noir-80x45-120x45-180x45-80x60-120x60-180x60.html","og_locale":"fr_FR","og_type":"article","og_title":"Radiateur s\u00e8che-serviettes lin\u00e9aire d\u00e9coratif, chrom\u00e9, blanc ou noir, dimensions: 80x45 120x45 180x45 80x60 120x60 180x60","og_description":"Radiateur lin\u00e9aire ou courb\u00e9 en acier inoxydable, disponible en blanc, chrome et noir et en diff\u00e9rentes tailles. Pression minimale: 8 bars. Achetez maintenant!","og_url":"https:\/\/www.bagnoitalia.com\/fr\/produit\/radiateur-decoratif-lineaire-chrome-blanc-ou-noir-80x45-120x45-180x45-80x60-120x60-180x60.html","og_site_name":"Bagno Italia","article_modified_time":"2025-06-18T17:18:38+00:00","og_image":[{"width":500,"height":500,"url":"https:\/\/img.bagnoitalia.com\/wp-content\/uploads\/virtuemart\/product\/Linear-heated-towel-rail-white-chrome-black-colours-1111_1542367831_95.jpg","type":"image\/jpeg"}],"twitter_card":"summary_large_image","schema":{"@context":"https:\/\/schema.org","@graph":[{"@type":"WebPage","@id":"https:\/\/www.bagnoitalia.com\/fr\/produit\/radiateur-decoratif-lineaire-chrome-blanc-ou-noir-80x45-120x45-180x45-80x60-120x60-180x60.html","url":"https:\/\/www.bagnoitalia.com\/fr\/produit\/radiateur-decoratif-lineaire-chrome-blanc-ou-noir-80x45-120x45-180x45-80x60-120x60-180x60.html","name":"Radiateur s\u00e8che-serviettes lin\u00e9aire d\u00e9coratif, chrom\u00e9, blanc ou noir, dimensions: 80x45 120x45 180x45 80x60 120x60 180x60","isPartOf":{"@id":"https:\/\/www.bagnoitalia.com\/fr#website"},"primaryImageOfPage":{"@id":"https:\/\/www.bagnoitalia.com\/fr\/produit\/radiateur-decoratif-lineaire-chrome-blanc-ou-noir-80x45-120x45-180x45-80x60-120x60-180x60.html#primaryimage"},"image":{"@id":"https:\/\/www.bagnoitalia.com\/fr\/produit\/radiateur-decoratif-lineaire-chrome-blanc-ou-noir-80x45-120x45-180x45-80x60-120x60-180x60.html#primaryimage"},"thumbnailUrl":"https:\/\/img.bagnoitalia.com\/wp-content\/uploads\/virtuemart\/product\/Linear-heated-towel-rail-white-chrome-black-colours-1111_1542367831_95.jpg","datePublished":"2014-03-07T22:56:44+00:00","dateModified":"2025-06-18T17:18:38+00:00","description":"Radiateur lin\u00e9aire ou courb\u00e9 en acier inoxydable, disponible en blanc, chrome et noir et en diff\u00e9rentes tailles. Pression minimale: 8 bars. Achetez maintenant!","breadcrumb":{"@id":"https:\/\/www.bagnoitalia.com\/fr\/produit\/radiateur-decoratif-lineaire-chrome-blanc-ou-noir-80x45-120x45-180x45-80x60-120x60-180x60.html#breadcrumb"},"inLanguage":"fr-FR","potentialAction":[{"@type":"ReadAction","target":["https:\/\/www.bagnoitalia.com\/fr\/produit\/radiateur-decoratif-lineaire-chrome-blanc-ou-noir-80x45-120x45-180x45-80x60-120x60-180x60.html"]}]},{"@type":"ImageObject","inLanguage":"fr-FR","@id":"https:\/\/www.bagnoitalia.com\/fr\/produit\/radiateur-decoratif-lineaire-chrome-blanc-ou-noir-80x45-120x45-180x45-80x60-120x60-180x60.html#primaryimage","url":"https:\/\/img.bagnoitalia.com\/wp-content\/uploads\/virtuemart\/product\/Linear-heated-towel-rail-white-chrome-black-colours-1111_1542367831_95.jpg","contentUrl":"https:\/\/img.bagnoitalia.com\/wp-content\/uploads\/virtuemart\/product\/Linear-heated-towel-rail-white-chrome-black-colours-1111_1542367831_95.jpg","width":500,"height":500},{"@type":"BreadcrumbList","@id":"https:\/\/www.bagnoitalia.com\/fr\/produit\/radiateur-decoratif-lineaire-chrome-blanc-ou-noir-80x45-120x45-180x45-80x60-120x60-180x60.html#breadcrumb","itemListElement":[{"@type":"ListItem","position":1,"name":"Home","item":"https:\/\/www.bagnoitalia.com\/fr"},{"@type":"ListItem","position":2,"name":"Produits","item":"https:\/\/www.bagnoitalia.com\/fr\/shop"},{"@type":"ListItem","position":3,"name":"Radiateur s\u00e8che-serviettes lin\u00e9aire d\u00e9coratif, chrom\u00e9, blanc ou noir, dimensions: 80&#215;45 120&#215;45 180&#215;45 80&#215;60 120&#215;60 180&#215;60"}]},{"@type":"WebSite","@id":"https:\/\/www.bagnoitalia.com\/fr#website","url":"https:\/\/www.bagnoitalia.com\/fr","name":"Bagno Italia","description":"","publisher":{"@id":"https:\/\/www.bagnoitalia.com\/fr#organization"},"potentialAction":[{"@type":"SearchAction","target":{"@type":"EntryPoint","urlTemplate":"https:\/\/www.bagnoitalia.com\/fr?s={search_term_string}"},"query-input":{"@type":"PropertyValueSpecification","valueRequired":true,"valueName":"search_term_string"}}],"inLanguage":"fr-FR"},{"@type":"Organization","@id":"https:\/\/www.bagnoitalia.com\/fr#organization","name":"Bagno Italia","url":"https:\/\/www.bagnoitalia.com\/fr","logo":{"@type":"ImageObject","inLanguage":"fr-FR","@id":"https:\/\/www.bagnoitalia.com\/fr#\/schema\/logo\/image\/","url":"https:\/\/img.bagnoitalia.com\/wp-content\/uploads\/logo-bagnoitalia.webp","contentUrl":"https:\/\/img.bagnoitalia.com\/wp-content\/uploads\/logo-bagnoitalia.webp","width":400,"height":70,"caption":"Bagno Italia"},"image":{"@id":"https:\/\/www.bagnoitalia.com\/fr#\/schema\/logo\/image\/"}}]}},"_links":{"self":[{"href":"https:\/\/www.bagnoitalia.com\/fr\/wp-json\/wp\/v2\/product\/78742","targetHints":{"allow":["GET"]}}],"collection":[{"href":"https:\/\/www.bagnoitalia.com\/fr\/wp-json\/wp\/v2\/product"}],"about":[{"href":"https:\/\/www.bagnoitalia.com\/fr\/wp-json\/wp\/v2\/types\/product"}],"replies":[{"embeddable":true,"href":"https:\/\/www.bagnoitalia.com\/fr\/wp-json\/wp\/v2\/comments?post=78742"}],"version-history":[{"count":0,"href":"https:\/\/www.bagnoitalia.com\/fr\/wp-json\/wp\/v2\/product\/78742\/revisions"}],"wp:featuredmedia":[{"embeddable":true,"href":"https:\/\/www.bagnoitalia.com\/fr\/wp-json\/wp\/v2\/media\/21590"}],"wp:attachment":[{"href":"https:\/\/www.bagnoitalia.com\/fr\/wp-json\/wp\/v2\/media?parent=78742"}],"wp:term":[{"taxonomy":"product_brand","embeddable":true,"href":"https:\/\/www.bagnoitalia.com\/fr\/wp-json\/wp\/v2\/product_brand?post=78742"},{"taxonomy":"product_cat","embeddable":true,"href":"https:\/\/www.bagnoitalia.com\/fr\/wp-json\/wp\/v2\/product_cat?post=78742"},{"taxonomy":"product_tag","embeddable":true,"href":"https:\/\/www.bagnoitalia.com\/fr\/wp-json\/wp\/v2\/product_tag?post=78742"}],"curies":[{"name":"wp","href":"https:\/\/api.w.org\/{rel}","templated":true}]}}