{"id":78674,"date":"2014-02-03T14:34:52","date_gmt":"2014-02-03T13:34:52","guid":{"rendered":"https:\/\/www.bagnoitalia.com\/product\/abattant-de-toilette-en-polyester-avec-housse-de-siege-rembourree-et-rembourree"},"modified":"2024-05-11T00:12:08","modified_gmt":"2024-05-10T22:12:08","slug":"abattant-de-toilette-en-polyester-avec-housse-de-siege-rembourree-et-rembourree","status":"publish","type":"product","link":"https:\/\/www.bagnoitalia.com\/fr\/produit\/abattant-de-toilette-en-polyester-avec-housse-de-siege-rembourree-et-rembourree.html","title":{"rendered":"Abattant de toilette en polyester \u00e0 fermeture amortie"},"content":{"rendered":"<p><strong>Abattant de toilette universel en polyester laqu\u00e9 blanc \u00e0 fermeture amortie<\/strong><\/p>\n<\/p>\n<p><span style=\"color: #ff0000;\"><em>ATTENTION: cet abattant de toilette n\u2019est pas en plastique, il a une structure en bois envelopp\u00e9e dans 1 cm de r\u00e9sine qui le rend imperm\u00e9able<\/em><\/span><\/p>\n<p><em><img decoding=\"async\" class=\" size-full wp-image-21234\" src=\"https:\/\/img.bagnoitalia.com\/wp-content\/uploads\/virtuemart\/product\/copriwater-resina-poliestere_2.jpg\" alt=\"http:\/\/www.bagnoitalia.it\/https:\/\/img.bagnoitalia.com\/wp-content\/uploads\/virtuemart\/product\/copriwater-resina-poliestere_2.jpg\" width=\"195\" height=\"195\" srcset=\"https:\/\/img.bagnoitalia.com\/wp-content\/uploads\/virtuemart\/product\/copriwater-resina-poliestere_2.jpg 195w, https:\/\/img.bagnoitalia.com\/wp-content\/uploads\/virtuemart\/product\/copriwater-resina-poliestere_2-100x100.jpg 100w, https:\/\/img.bagnoitalia.com\/wp-content\/uploads\/virtuemart\/product\/copriwater-resina-poliestere_2-150x150.jpg 150w\" sizes=\"(max-width: 195px) 100vw, 195px\" \/><\/em><\/p>\n<\/p>\n<p>Le prix comprend:<\/p>\n<\/p>\n<p>Abattant de toilette en polyester, mod\u00e8le universel, blanc brillant<\/p>\n<p>1 paire de charni\u00e8res avec syst\u00e8me de fermeture amortie permettant le ralentissement de la fermeture<\/p>\n<p>Charni\u00e8res \u00e0 fixation variable adaptables sur la plupart des mod\u00e8les de forme traditionnelle<\/p>\n<p>d\u00e9tails:<\/p>\n<ul>\n<li>Dimensions 44 x 38 cm;<\/li>\n<li>Pas entre les charni\u00e8res de 15,5 cm (la base est r\u00e9glable pour les dimensions rapproch\u00e9es, afin qu\u2019elles aient une tol\u00e9rance de r\u00e9glage)<\/li>\n<\/ul>\n","protected":false},"excerpt":{"rendered":"<p>Abattant de toilette universel en polyester, avec cadre en bois, fermeture amortize, adapt\u00e9 \u00e0 tous les WC mod\u00e8le universel 44&#215;38 cm<\/p>\n","protected":false},"featured_media":21222,"comment_status":"open","ping_status":"closed","template":"","meta":[],"product_brand":[5011],"product_cat":[9683],"product_tag":[],"class_list":{"0":"post-78674","1":"product","2":"type-product","3":"status-publish","4":"has-post-thumbnail","6":"product_brand-baden-haus","7":"product_cat-siege-de-toilette","9":"first","10":"instock","11":"sale","12":"taxable","13":"shipping-taxable","14":"purchasable","15":"product-type-simple"},"exclude_global_add_ons":[],"addons":[],"yoast_head":"<!-- This site is optimized with the Yoast SEO plugin v26.7 - https:\/\/yoast.com\/wordpress\/plugins\/seo\/ -->\n<title>Abattant de toilette en polyester \u00e0 fermeture amortie<\/title>\n<meta name=\"description\" content=\"Si\u00e8ge de toilette - Couverture de vase en polyester avec fermeture \u00e0 friction coussin\u00e9e. Disponible en couleur blanche et dimensions 44x38cm. Achetez maintenant!\" \/>\n<meta name=\"robots\" content=\"index, follow, max-snippet:-1, max-image-preview:large, max-video-preview:-1\" \/>\n<link rel=\"canonical\" href=\"https:\/\/www.bagnoitalia.com\/fr\/produit\/abattant-de-toilette-en-polyester-avec-housse-de-siege-rembourree-et-rembourree.html\" \/>\n<meta property=\"og:locale\" content=\"fr_FR\" \/>\n<meta property=\"og:type\" content=\"article\" \/>\n<meta property=\"og:title\" content=\"Abattant de toilette en polyester \u00e0 fermeture amortie\" \/>\n<meta property=\"og:description\" content=\"Si\u00e8ge de toilette - Couverture de vase en polyester avec fermeture \u00e0 friction coussin\u00e9e. Disponible en couleur blanche et dimensions 44x38cm. Achetez maintenant!\" \/>\n<meta property=\"og:url\" content=\"https:\/\/www.bagnoitalia.com\/fr\/produit\/abattant-de-toilette-en-polyester-avec-housse-de-siege-rembourree-et-rembourree.html\" \/>\n<meta property=\"og:site_name\" content=\"Bagno Italia\" \/>\n<meta property=\"article:modified_time\" content=\"2024-05-10T22:12:08+00:00\" \/>\n<meta property=\"og:image\" content=\"https:\/\/img.bagnoitalia.com\/wp-content\/uploads\/virtuemart\/product\/Polyester-toilet-cover-soft-closing-1_1542818978_3546.jpg\" \/>\n\t<meta property=\"og:image:width\" content=\"465\" \/>\n\t<meta property=\"og:image:height\" content=\"466\" \/>\n\t<meta property=\"og:image:type\" content=\"image\/jpeg\" \/>\n<meta name=\"twitter:card\" content=\"summary_large_image\" \/>\n<meta name=\"twitter:label1\" content=\"Dur\u00e9e de lecture estim\u00e9e\" \/>\n\t<meta name=\"twitter:data1\" content=\"1 minute\" \/>\n<script type=\"application\/ld+json\" class=\"yoast-schema-graph\">{\"@context\":\"https:\/\/schema.org\",\"@graph\":[{\"@type\":\"WebPage\",\"@id\":\"https:\/\/www.bagnoitalia.com\/fr\/produit\/abattant-de-toilette-en-polyester-avec-housse-de-siege-rembourree-et-rembourree.html\",\"url\":\"https:\/\/www.bagnoitalia.com\/fr\/produit\/abattant-de-toilette-en-polyester-avec-housse-de-siege-rembourree-et-rembourree.html\",\"name\":\"Abattant de toilette en polyester \u00e0 fermeture amortie\",\"isPartOf\":{\"@id\":\"https:\/\/www.bagnoitalia.com\/fr#website\"},\"primaryImageOfPage\":{\"@id\":\"https:\/\/www.bagnoitalia.com\/fr\/produit\/abattant-de-toilette-en-polyester-avec-housse-de-siege-rembourree-et-rembourree.html#primaryimage\"},\"image\":{\"@id\":\"https:\/\/www.bagnoitalia.com\/fr\/produit\/abattant-de-toilette-en-polyester-avec-housse-de-siege-rembourree-et-rembourree.html#primaryimage\"},\"thumbnailUrl\":\"https:\/\/img.bagnoitalia.com\/wp-content\/uploads\/virtuemart\/product\/Polyester-toilet-cover-soft-closing-1_1542818978_3546.jpg\",\"datePublished\":\"2014-02-03T13:34:52+00:00\",\"dateModified\":\"2024-05-10T22:12:08+00:00\",\"description\":\"Si\u00e8ge de toilette - Couverture de vase en polyester avec fermeture \u00e0 friction coussin\u00e9e. Disponible en couleur blanche et dimensions 44x38cm. Achetez maintenant!\",\"breadcrumb\":{\"@id\":\"https:\/\/www.bagnoitalia.com\/fr\/produit\/abattant-de-toilette-en-polyester-avec-housse-de-siege-rembourree-et-rembourree.html#breadcrumb\"},\"inLanguage\":\"fr-FR\",\"potentialAction\":[{\"@type\":\"ReadAction\",\"target\":[\"https:\/\/www.bagnoitalia.com\/fr\/produit\/abattant-de-toilette-en-polyester-avec-housse-de-siege-rembourree-et-rembourree.html\"]}]},{\"@type\":\"ImageObject\",\"inLanguage\":\"fr-FR\",\"@id\":\"https:\/\/www.bagnoitalia.com\/fr\/produit\/abattant-de-toilette-en-polyester-avec-housse-de-siege-rembourree-et-rembourree.html#primaryimage\",\"url\":\"https:\/\/img.bagnoitalia.com\/wp-content\/uploads\/virtuemart\/product\/Polyester-toilet-cover-soft-closing-1_1542818978_3546.jpg\",\"contentUrl\":\"https:\/\/img.bagnoitalia.com\/wp-content\/uploads\/virtuemart\/product\/Polyester-toilet-cover-soft-closing-1_1542818978_3546.jpg\",\"width\":465,\"height\":466},{\"@type\":\"BreadcrumbList\",\"@id\":\"https:\/\/www.bagnoitalia.com\/fr\/produit\/abattant-de-toilette-en-polyester-avec-housse-de-siege-rembourree-et-rembourree.html#breadcrumb\",\"itemListElement\":[{\"@type\":\"ListItem\",\"position\":1,\"name\":\"Home\",\"item\":\"https:\/\/www.bagnoitalia.com\/fr\"},{\"@type\":\"ListItem\",\"position\":2,\"name\":\"Produits\",\"item\":\"https:\/\/www.bagnoitalia.com\/fr\/shop\"},{\"@type\":\"ListItem\",\"position\":3,\"name\":\"Abattant de toilette en polyester \u00e0 fermeture amortie\"}]},{\"@type\":\"WebSite\",\"@id\":\"https:\/\/www.bagnoitalia.com\/fr#website\",\"url\":\"https:\/\/www.bagnoitalia.com\/fr\",\"name\":\"Bagno Italia\",\"description\":\"\",\"publisher\":{\"@id\":\"https:\/\/www.bagnoitalia.com\/fr#organization\"},\"potentialAction\":[{\"@type\":\"SearchAction\",\"target\":{\"@type\":\"EntryPoint\",\"urlTemplate\":\"https:\/\/www.bagnoitalia.com\/fr?s={search_term_string}\"},\"query-input\":{\"@type\":\"PropertyValueSpecification\",\"valueRequired\":true,\"valueName\":\"search_term_string\"}}],\"inLanguage\":\"fr-FR\"},{\"@type\":\"Organization\",\"@id\":\"https:\/\/www.bagnoitalia.com\/fr#organization\",\"name\":\"Bagno Italia\",\"url\":\"https:\/\/www.bagnoitalia.com\/fr\",\"logo\":{\"@type\":\"ImageObject\",\"inLanguage\":\"fr-FR\",\"@id\":\"https:\/\/www.bagnoitalia.com\/fr#\/schema\/logo\/image\/\",\"url\":\"https:\/\/img.bagnoitalia.com\/wp-content\/uploads\/logo-bagnoitalia.webp\",\"contentUrl\":\"https:\/\/img.bagnoitalia.com\/wp-content\/uploads\/logo-bagnoitalia.webp\",\"width\":400,\"height\":70,\"caption\":\"Bagno Italia\"},\"image\":{\"@id\":\"https:\/\/www.bagnoitalia.com\/fr#\/schema\/logo\/image\/\"}}]}<\/script>\n<!-- \/ Yoast SEO plugin. -->","yoast_head_json":{"title":"Abattant de toilette en polyester \u00e0 fermeture amortie","description":"Si\u00e8ge de toilette - Couverture de vase en polyester avec fermeture \u00e0 friction coussin\u00e9e. Disponible en couleur blanche et dimensions 44x38cm. Achetez maintenant!","robots":{"index":"index","follow":"follow","max-snippet":"max-snippet:-1","max-image-preview":"max-image-preview:large","max-video-preview":"max-video-preview:-1"},"canonical":"https:\/\/www.bagnoitalia.com\/fr\/produit\/abattant-de-toilette-en-polyester-avec-housse-de-siege-rembourree-et-rembourree.html","og_locale":"fr_FR","og_type":"article","og_title":"Abattant de toilette en polyester \u00e0 fermeture amortie","og_description":"Si\u00e8ge de toilette - Couverture de vase en polyester avec fermeture \u00e0 friction coussin\u00e9e. Disponible en couleur blanche et dimensions 44x38cm. Achetez maintenant!","og_url":"https:\/\/www.bagnoitalia.com\/fr\/produit\/abattant-de-toilette-en-polyester-avec-housse-de-siege-rembourree-et-rembourree.html","og_site_name":"Bagno Italia","article_modified_time":"2024-05-10T22:12:08+00:00","og_image":[{"width":465,"height":466,"url":"https:\/\/img.bagnoitalia.com\/wp-content\/uploads\/virtuemart\/product\/Polyester-toilet-cover-soft-closing-1_1542818978_3546.jpg","type":"image\/jpeg"}],"twitter_card":"summary_large_image","twitter_misc":{"Dur\u00e9e de lecture estim\u00e9e":"1 minute"},"schema":{"@context":"https:\/\/schema.org","@graph":[{"@type":"WebPage","@id":"https:\/\/www.bagnoitalia.com\/fr\/produit\/abattant-de-toilette-en-polyester-avec-housse-de-siege-rembourree-et-rembourree.html","url":"https:\/\/www.bagnoitalia.com\/fr\/produit\/abattant-de-toilette-en-polyester-avec-housse-de-siege-rembourree-et-rembourree.html","name":"Abattant de toilette en polyester \u00e0 fermeture amortie","isPartOf":{"@id":"https:\/\/www.bagnoitalia.com\/fr#website"},"primaryImageOfPage":{"@id":"https:\/\/www.bagnoitalia.com\/fr\/produit\/abattant-de-toilette-en-polyester-avec-housse-de-siege-rembourree-et-rembourree.html#primaryimage"},"image":{"@id":"https:\/\/www.bagnoitalia.com\/fr\/produit\/abattant-de-toilette-en-polyester-avec-housse-de-siege-rembourree-et-rembourree.html#primaryimage"},"thumbnailUrl":"https:\/\/img.bagnoitalia.com\/wp-content\/uploads\/virtuemart\/product\/Polyester-toilet-cover-soft-closing-1_1542818978_3546.jpg","datePublished":"2014-02-03T13:34:52+00:00","dateModified":"2024-05-10T22:12:08+00:00","description":"Si\u00e8ge de toilette - Couverture de vase en polyester avec fermeture \u00e0 friction coussin\u00e9e. Disponible en couleur blanche et dimensions 44x38cm. Achetez maintenant!","breadcrumb":{"@id":"https:\/\/www.bagnoitalia.com\/fr\/produit\/abattant-de-toilette-en-polyester-avec-housse-de-siege-rembourree-et-rembourree.html#breadcrumb"},"inLanguage":"fr-FR","potentialAction":[{"@type":"ReadAction","target":["https:\/\/www.bagnoitalia.com\/fr\/produit\/abattant-de-toilette-en-polyester-avec-housse-de-siege-rembourree-et-rembourree.html"]}]},{"@type":"ImageObject","inLanguage":"fr-FR","@id":"https:\/\/www.bagnoitalia.com\/fr\/produit\/abattant-de-toilette-en-polyester-avec-housse-de-siege-rembourree-et-rembourree.html#primaryimage","url":"https:\/\/img.bagnoitalia.com\/wp-content\/uploads\/virtuemart\/product\/Polyester-toilet-cover-soft-closing-1_1542818978_3546.jpg","contentUrl":"https:\/\/img.bagnoitalia.com\/wp-content\/uploads\/virtuemart\/product\/Polyester-toilet-cover-soft-closing-1_1542818978_3546.jpg","width":465,"height":466},{"@type":"BreadcrumbList","@id":"https:\/\/www.bagnoitalia.com\/fr\/produit\/abattant-de-toilette-en-polyester-avec-housse-de-siege-rembourree-et-rembourree.html#breadcrumb","itemListElement":[{"@type":"ListItem","position":1,"name":"Home","item":"https:\/\/www.bagnoitalia.com\/fr"},{"@type":"ListItem","position":2,"name":"Produits","item":"https:\/\/www.bagnoitalia.com\/fr\/shop"},{"@type":"ListItem","position":3,"name":"Abattant de toilette en polyester \u00e0 fermeture amortie"}]},{"@type":"WebSite","@id":"https:\/\/www.bagnoitalia.com\/fr#website","url":"https:\/\/www.bagnoitalia.com\/fr","name":"Bagno Italia","description":"","publisher":{"@id":"https:\/\/www.bagnoitalia.com\/fr#organization"},"potentialAction":[{"@type":"SearchAction","target":{"@type":"EntryPoint","urlTemplate":"https:\/\/www.bagnoitalia.com\/fr?s={search_term_string}"},"query-input":{"@type":"PropertyValueSpecification","valueRequired":true,"valueName":"search_term_string"}}],"inLanguage":"fr-FR"},{"@type":"Organization","@id":"https:\/\/www.bagnoitalia.com\/fr#organization","name":"Bagno Italia","url":"https:\/\/www.bagnoitalia.com\/fr","logo":{"@type":"ImageObject","inLanguage":"fr-FR","@id":"https:\/\/www.bagnoitalia.com\/fr#\/schema\/logo\/image\/","url":"https:\/\/img.bagnoitalia.com\/wp-content\/uploads\/logo-bagnoitalia.webp","contentUrl":"https:\/\/img.bagnoitalia.com\/wp-content\/uploads\/logo-bagnoitalia.webp","width":400,"height":70,"caption":"Bagno Italia"},"image":{"@id":"https:\/\/www.bagnoitalia.com\/fr#\/schema\/logo\/image\/"}}]}},"_links":{"self":[{"href":"https:\/\/www.bagnoitalia.com\/fr\/wp-json\/wp\/v2\/product\/78674","targetHints":{"allow":["GET"]}}],"collection":[{"href":"https:\/\/www.bagnoitalia.com\/fr\/wp-json\/wp\/v2\/product"}],"about":[{"href":"https:\/\/www.bagnoitalia.com\/fr\/wp-json\/wp\/v2\/types\/product"}],"replies":[{"embeddable":true,"href":"https:\/\/www.bagnoitalia.com\/fr\/wp-json\/wp\/v2\/comments?post=78674"}],"version-history":[{"count":0,"href":"https:\/\/www.bagnoitalia.com\/fr\/wp-json\/wp\/v2\/product\/78674\/revisions"}],"wp:featuredmedia":[{"embeddable":true,"href":"https:\/\/www.bagnoitalia.com\/fr\/wp-json\/wp\/v2\/media\/21222"}],"wp:attachment":[{"href":"https:\/\/www.bagnoitalia.com\/fr\/wp-json\/wp\/v2\/media?parent=78674"}],"wp:term":[{"taxonomy":"product_brand","embeddable":true,"href":"https:\/\/www.bagnoitalia.com\/fr\/wp-json\/wp\/v2\/product_brand?post=78674"},{"taxonomy":"product_cat","embeddable":true,"href":"https:\/\/www.bagnoitalia.com\/fr\/wp-json\/wp\/v2\/product_cat?post=78674"},{"taxonomy":"product_tag","embeddable":true,"href":"https:\/\/www.bagnoitalia.com\/fr\/wp-json\/wp\/v2\/product_tag?post=78674"}],"curies":[{"name":"wp","href":"https:\/\/api.w.org\/{rel}","templated":true}]}}