{"id":78662,"date":"2014-02-02T23:31:34","date_gmt":"2014-02-02T22:31:34","guid":{"rendered":"https:\/\/www.bagnoitalia.com\/product\/baignoire-balneo-185x150-encastree-ou-avec-panneaux-de-pompe-a-eau-et-a-air-vs021"},"modified":"2025-05-13T00:52:19","modified_gmt":"2025-05-12T22:52:19","slug":"baignoire-balneo-185x150-encastree-ou-avec-panneaux-de-pompe-a-eau-et-a-air-vs021","status":"publish","type":"product","link":"https:\/\/www.bagnoitalia.com\/fr\/produit\/baignoire-balneo-185x150-encastree-ou-avec-panneaux-de-pompe-a-eau-et-a-air-vs021.html","title":{"rendered":"Baignoire baln\u00e9o 185&#215;150 encastr\u00e9e ou avec panneaux de pompe \u00e0 eau et \u00e0 air VS021"},"content":{"rendered":"<p><span style=\"font-size: 10pt; color: #ff0000;\"><strong>Spa encastr\u00e9 185x150x74cm<\/strong><\/span><\/p>\n<p><span style=\"text-decoration: underline;\"><span style=\"font-size: 10pt;\"><strong>&#8211; version <span style=\"font-size: 10pt;\"><strong>standard<\/strong><\/span> avec cadre noir:<\/strong><\/span><\/span><\/p>\n<p><span style=\"font-size: 10pt;\">Couche superficielle de 4 mm en acrylique renforc\u00e9 de polyur\u00e9thane italien \u00e9cologique<\/span><\/p>\n<p><span style=\"font-size: 10pt;\">5 massages MAXI laqu\u00e9s en laiton et chrome<\/span><\/p>\n<p><span style=\"font-size: 10pt;\"><span style=\"font-size: 10pt;\">Pompe d&rsquo;hydromassage 1,5 kW (2x750w)<\/span><\/span><\/p>\n<p><span style=\"font-size: 10pt;\">9 waterjets dorsaux + 4 orth\u00e8ses<\/span><\/p>\n<p>m\u00e9langeurs inclus<\/p>\n<p>________________________________________________________________<\/p>\n<p><span style=\"color: #ff0000; font-size: 12pt;\"><strong>Version avec double tourbillon <br \/><\/strong><\/span><\/p>\n<p><span style=\"font-size: 10pt;\">Couche superficielle de 4 mm en acrylique renforc\u00e9 de polyur\u00e9thane italien \u00e9cologique<\/span><\/p>\n<p><span style=\"font-size: 10pt;\">5 massages MAXI laqu\u00e9s en laiton et chrome<\/span><\/p>\n<p><span style=\"font-size: 10pt;\">20 jets d&rsquo;air suppl\u00e9mentaires au fond du r\u00e9servoir<\/span><\/p>\n<p><span style=\"font-size: 10pt;\"><span style=\"font-size: 10pt;\">Pompe d&rsquo;hydromassage 1,5 kW (2x750w)<\/span><\/span><\/p>\n<p><span style=\"font-size: 10pt;\">9 waterjets dorsaux + 4 orth\u00e8ses<\/span><\/p>\n<p><span style=\"font-size: 10pt;\">Robinets inclus<\/span><\/p>\n<p><span style=\"font-size: 10pt;\"><span style=\"font-size: 10pt;\">Pieds r\u00e9glables<\/span><\/span><\/p>\n<p>M\u00e9langeurs inclus<\/p>\n<\/p>\n<p><span style=\"text-decoration: underline;\"><span style=\"font-size: 10pt;\"><strong>&#8211; version <span style=\"font-size: 10pt;\"><strong>compl\u00e8te<\/strong><\/span> avec un cadre noir comprend \u00e9galement:<\/strong><\/span><\/span><\/p>\n<p><span style=\"font-size: 11pt; line-height: 115%; font-family: 'Calibri','sans-serif';\">Jacuzzi d&rsquo;eau et d&rsquo;air \u00e0 commande num\u00e9rique<\/span><\/p>\n<p><span style=\"font-size: 11pt; line-height: 115%; font-family: 'Calibri','sans-serif';\">Tuyaux de drainage et de s\u00e9chage avec syst\u00e8me automatique<\/span><\/p>\n<p><span style=\"font-size: 11pt; line-height: 115%; font-family: 'Calibri','sans-serif';\">Chauffage (maintient la temp\u00e9rature de l&rsquo;eau)<\/span><\/p>\n<p><span style=\"font-size: 11pt; line-height: 115%; font-family: 'Calibri','sans-serif';\">Radio FM avec pr\u00e9disposition pour le lecteur CD<\/span><\/p>\n<p><span style=\"font-size: 11pt; line-height: 115%; font-family: 'Calibri','sans-serif';\">Chromoth\u00e9rapie avec 12 LED de couleur<\/span><\/p>\n<p><span style=\"font-size: 11pt; line-height: 115%; font-family: 'Calibri','sans-serif';\">Contr\u00f4le du niveau d&rsquo;eau<\/span><\/p>\n<p><span style=\"font-size: 11pt; line-height: 115%; font-family: 'Calibri','sans-serif';\"><span style=\"font-size: 11pt; line-height: 115%; font-family: 'Calibri','sans-serif';\">Th\u00e9rapie<\/span><\/span> \u00e0 <span style=\"font-size: 11pt; line-height: 115%; font-family: 'Calibri','sans-serif';\"><span style=\"font-size: 11pt; line-height: 115%; font-family: 'Calibri','sans-serif';\">l&rsquo;ozone<\/span><\/span><\/p>\n<\/p>\n<\/p>\n<p>_______________________________________________________________________________________________<\/p>\n<p><span style=\"font-size: 10pt;\">Ce r\u00e9servoir est con\u00e7u pour \u00eatre encastr\u00e9, mais les panneaux lat\u00e9raux peuvent \u00eatre command\u00e9s dans le menu ci-dessus<\/span><\/p>\n<\/p>\n<p><img fetchpriority=\"high\" decoding=\"async\" class=\" size-full wp-image-21166\" src=\"https:\/\/img.bagnoitalia.com\/wp-content\/uploads\/virtuemart\/product\/vasca_idromassaggio_con_laterale.jpg\" alt=\"http:\/\/www.bagnoitalia.it\/https:\/\/img.bagnoitalia.com\/wp-content\/uploads\/virtuemart\/product\/vasca_idromassaggio_con_laterale.jpg\" width=\"478\" height=\"358\" srcset=\"https:\/\/img.bagnoitalia.com\/wp-content\/uploads\/virtuemart\/product\/vasca_idromassaggio_con_laterale.jpg 600w, https:\/\/img.bagnoitalia.com\/wp-content\/uploads\/virtuemart\/product\/vasca_idromassaggio_con_laterale-441x331.jpg 441w, https:\/\/img.bagnoitalia.com\/wp-content\/uploads\/virtuemart\/product\/vasca_idromassaggio_con_laterale-150x113.jpg 150w\" sizes=\"(max-width: 478px) 100vw, 478px\" \/><\/p>\n","protected":false},"excerpt":{"rendered":"<p>Jacuzzi encastr\u00e9 185&#215;150 ou avec panneaux lat\u00e9raux 18 jets d&rsquo;eau + 20 jets d&rsquo;air en option<\/p>\n","protected":false},"featured_media":21134,"comment_status":"open","ping_status":"closed","template":"","meta":[],"product_brand":[9903],"product_cat":[15,10115],"product_tag":[],"class_list":{"0":"post-78662","1":"product","2":"type-product","3":"status-publish","4":"has-post-thumbnail","6":"product_brand-virtualbazar-fr","7":"product_cat-senza-categoria","8":"product_cat-senza-categoria-fr","10":"first","11":"outofstock","12":"taxable","13":"shipping-taxable","14":"purchasable","15":"product-type-simple"},"exclude_global_add_ons":false,"addons":[{"name":"CAMPI_COLORE\r\n","type":"select","position":0,"required":true,"title_format":"label","default":"","description_enable":false,"description":"","placeholder_enable":false,"placeholder":"","display":"select","restrictions_type":"any_text","adjust_price":false,"price":"","price_type":"","restrictions":false,"min":"0","max":"0","options":[]},{"name":"CAMPI_TIPOLOGIA\r\n","type":"select","position":0,"required":true,"title_format":"label","default":"","description_enable":false,"description":"","placeholder_enable":false,"placeholder":"","display":"select","restrictions_type":"any_text","adjust_price":false,"price":"","price_type":"","restrictions":false,"min":"0","max":"0","options":[]}],"yoast_head":"<!-- This site is optimized with the Yoast SEO plugin v26.7 - https:\/\/yoast.com\/wordpress\/plugins\/seo\/ -->\n<title>Baignoire baln\u00e9o 185x150 encastr\u00e9e ou avec panneaux de pompe \u00e0 eau et \u00e0 air VS021<\/title>\n<meta name=\"description\" content=\"Spa encastr\u00e9, cadre noir \/ blanc. Dimensions 185x150x74cm, id\u00e9al pour 2 personnes. Robinets inclus, achetez-le maintenant!\" \/>\n<meta name=\"robots\" content=\"index, follow, max-snippet:-1, max-image-preview:large, max-video-preview:-1\" \/>\n<link rel=\"canonical\" href=\"https:\/\/www.bagnoitalia.com\/fr\/produit\/baignoire-balneo-185x150-encastree-ou-avec-panneaux-de-pompe-a-eau-et-a-air-vs021.html\" \/>\n<meta property=\"og:locale\" content=\"fr_FR\" \/>\n<meta property=\"og:type\" content=\"article\" \/>\n<meta property=\"og:title\" content=\"Baignoire baln\u00e9o 185x150 encastr\u00e9e ou avec panneaux de pompe \u00e0 eau et \u00e0 air VS021\" \/>\n<meta property=\"og:description\" content=\"Spa encastr\u00e9, cadre noir \/ blanc. Dimensions 185x150x74cm, id\u00e9al pour 2 personnes. Robinets inclus, achetez-le maintenant!\" \/>\n<meta property=\"og:url\" content=\"https:\/\/www.bagnoitalia.com\/fr\/produit\/baignoire-balneo-185x150-encastree-ou-avec-panneaux-de-pompe-a-eau-et-a-air-vs021.html\" \/>\n<meta property=\"og:site_name\" content=\"Bagno Italia\" \/>\n<meta property=\"article:modified_time\" content=\"2025-05-12T22:52:19+00:00\" \/>\n<meta property=\"og:image\" content=\"https:\/\/img.bagnoitalia.com\/wp-content\/uploads\/virtuemart\/product\/185-150-Jacuzzi-flush-mounted-VS021-1_1542035263_408.jpg\" \/>\n\t<meta property=\"og:image:width\" content=\"600\" \/>\n\t<meta property=\"og:image:height\" content=\"600\" \/>\n\t<meta property=\"og:image:type\" content=\"image\/jpeg\" \/>\n<meta name=\"twitter:card\" content=\"summary_large_image\" \/>\n<meta name=\"twitter:label1\" content=\"Dur\u00e9e de lecture estim\u00e9e\" \/>\n\t<meta name=\"twitter:data1\" content=\"1 minute\" \/>\n<script type=\"application\/ld+json\" class=\"yoast-schema-graph\">{\"@context\":\"https:\/\/schema.org\",\"@graph\":[{\"@type\":\"WebPage\",\"@id\":\"https:\/\/www.bagnoitalia.com\/fr\/produit\/baignoire-balneo-185x150-encastree-ou-avec-panneaux-de-pompe-a-eau-et-a-air-vs021.html\",\"url\":\"https:\/\/www.bagnoitalia.com\/fr\/produit\/baignoire-balneo-185x150-encastree-ou-avec-panneaux-de-pompe-a-eau-et-a-air-vs021.html\",\"name\":\"Baignoire baln\u00e9o 185x150 encastr\u00e9e ou avec panneaux de pompe \u00e0 eau et \u00e0 air VS021\",\"isPartOf\":{\"@id\":\"https:\/\/www.bagnoitalia.com\/fr#website\"},\"primaryImageOfPage\":{\"@id\":\"https:\/\/www.bagnoitalia.com\/fr\/produit\/baignoire-balneo-185x150-encastree-ou-avec-panneaux-de-pompe-a-eau-et-a-air-vs021.html#primaryimage\"},\"image\":{\"@id\":\"https:\/\/www.bagnoitalia.com\/fr\/produit\/baignoire-balneo-185x150-encastree-ou-avec-panneaux-de-pompe-a-eau-et-a-air-vs021.html#primaryimage\"},\"thumbnailUrl\":\"https:\/\/img.bagnoitalia.com\/wp-content\/uploads\/virtuemart\/product\/185-150-Jacuzzi-flush-mounted-VS021-1_1542035263_408.jpg\",\"datePublished\":\"2014-02-02T22:31:34+00:00\",\"dateModified\":\"2025-05-12T22:52:19+00:00\",\"description\":\"Spa encastr\u00e9, cadre noir \/ blanc. Dimensions 185x150x74cm, id\u00e9al pour 2 personnes. Robinets inclus, achetez-le maintenant!\",\"breadcrumb\":{\"@id\":\"https:\/\/www.bagnoitalia.com\/fr\/produit\/baignoire-balneo-185x150-encastree-ou-avec-panneaux-de-pompe-a-eau-et-a-air-vs021.html#breadcrumb\"},\"inLanguage\":\"fr-FR\",\"potentialAction\":[{\"@type\":\"ReadAction\",\"target\":[\"https:\/\/www.bagnoitalia.com\/fr\/produit\/baignoire-balneo-185x150-encastree-ou-avec-panneaux-de-pompe-a-eau-et-a-air-vs021.html\"]}]},{\"@type\":\"ImageObject\",\"inLanguage\":\"fr-FR\",\"@id\":\"https:\/\/www.bagnoitalia.com\/fr\/produit\/baignoire-balneo-185x150-encastree-ou-avec-panneaux-de-pompe-a-eau-et-a-air-vs021.html#primaryimage\",\"url\":\"https:\/\/img.bagnoitalia.com\/wp-content\/uploads\/virtuemart\/product\/185-150-Jacuzzi-flush-mounted-VS021-1_1542035263_408.jpg\",\"contentUrl\":\"https:\/\/img.bagnoitalia.com\/wp-content\/uploads\/virtuemart\/product\/185-150-Jacuzzi-flush-mounted-VS021-1_1542035263_408.jpg\",\"width\":600,\"height\":600},{\"@type\":\"BreadcrumbList\",\"@id\":\"https:\/\/www.bagnoitalia.com\/fr\/produit\/baignoire-balneo-185x150-encastree-ou-avec-panneaux-de-pompe-a-eau-et-a-air-vs021.html#breadcrumb\",\"itemListElement\":[{\"@type\":\"ListItem\",\"position\":1,\"name\":\"Home\",\"item\":\"https:\/\/www.bagnoitalia.com\/fr\"},{\"@type\":\"ListItem\",\"position\":2,\"name\":\"Produits\",\"item\":\"https:\/\/www.bagnoitalia.com\/fr\/shop\"},{\"@type\":\"ListItem\",\"position\":3,\"name\":\"Baignoire baln\u00e9o 185&#215;150 encastr\u00e9e ou avec panneaux de pompe \u00e0 eau et \u00e0 air VS021\"}]},{\"@type\":\"WebSite\",\"@id\":\"https:\/\/www.bagnoitalia.com\/fr#website\",\"url\":\"https:\/\/www.bagnoitalia.com\/fr\",\"name\":\"Bagno Italia\",\"description\":\"\",\"publisher\":{\"@id\":\"https:\/\/www.bagnoitalia.com\/fr#organization\"},\"potentialAction\":[{\"@type\":\"SearchAction\",\"target\":{\"@type\":\"EntryPoint\",\"urlTemplate\":\"https:\/\/www.bagnoitalia.com\/fr?s={search_term_string}\"},\"query-input\":{\"@type\":\"PropertyValueSpecification\",\"valueRequired\":true,\"valueName\":\"search_term_string\"}}],\"inLanguage\":\"fr-FR\"},{\"@type\":\"Organization\",\"@id\":\"https:\/\/www.bagnoitalia.com\/fr#organization\",\"name\":\"Bagno Italia\",\"url\":\"https:\/\/www.bagnoitalia.com\/fr\",\"logo\":{\"@type\":\"ImageObject\",\"inLanguage\":\"fr-FR\",\"@id\":\"https:\/\/www.bagnoitalia.com\/fr#\/schema\/logo\/image\/\",\"url\":\"https:\/\/img.bagnoitalia.com\/wp-content\/uploads\/logo-bagnoitalia.webp\",\"contentUrl\":\"https:\/\/img.bagnoitalia.com\/wp-content\/uploads\/logo-bagnoitalia.webp\",\"width\":400,\"height\":70,\"caption\":\"Bagno Italia\"},\"image\":{\"@id\":\"https:\/\/www.bagnoitalia.com\/fr#\/schema\/logo\/image\/\"}}]}<\/script>\n<!-- \/ Yoast SEO plugin. -->","yoast_head_json":{"title":"Baignoire baln\u00e9o 185x150 encastr\u00e9e ou avec panneaux de pompe \u00e0 eau et \u00e0 air VS021","description":"Spa encastr\u00e9, cadre noir \/ blanc. Dimensions 185x150x74cm, id\u00e9al pour 2 personnes. Robinets inclus, achetez-le maintenant!","robots":{"index":"index","follow":"follow","max-snippet":"max-snippet:-1","max-image-preview":"max-image-preview:large","max-video-preview":"max-video-preview:-1"},"canonical":"https:\/\/www.bagnoitalia.com\/fr\/produit\/baignoire-balneo-185x150-encastree-ou-avec-panneaux-de-pompe-a-eau-et-a-air-vs021.html","og_locale":"fr_FR","og_type":"article","og_title":"Baignoire baln\u00e9o 185x150 encastr\u00e9e ou avec panneaux de pompe \u00e0 eau et \u00e0 air VS021","og_description":"Spa encastr\u00e9, cadre noir \/ blanc. Dimensions 185x150x74cm, id\u00e9al pour 2 personnes. Robinets inclus, achetez-le maintenant!","og_url":"https:\/\/www.bagnoitalia.com\/fr\/produit\/baignoire-balneo-185x150-encastree-ou-avec-panneaux-de-pompe-a-eau-et-a-air-vs021.html","og_site_name":"Bagno Italia","article_modified_time":"2025-05-12T22:52:19+00:00","og_image":[{"width":600,"height":600,"url":"https:\/\/img.bagnoitalia.com\/wp-content\/uploads\/virtuemart\/product\/185-150-Jacuzzi-flush-mounted-VS021-1_1542035263_408.jpg","type":"image\/jpeg"}],"twitter_card":"summary_large_image","twitter_misc":{"Dur\u00e9e de lecture estim\u00e9e":"1 minute"},"schema":{"@context":"https:\/\/schema.org","@graph":[{"@type":"WebPage","@id":"https:\/\/www.bagnoitalia.com\/fr\/produit\/baignoire-balneo-185x150-encastree-ou-avec-panneaux-de-pompe-a-eau-et-a-air-vs021.html","url":"https:\/\/www.bagnoitalia.com\/fr\/produit\/baignoire-balneo-185x150-encastree-ou-avec-panneaux-de-pompe-a-eau-et-a-air-vs021.html","name":"Baignoire baln\u00e9o 185x150 encastr\u00e9e ou avec panneaux de pompe \u00e0 eau et \u00e0 air VS021","isPartOf":{"@id":"https:\/\/www.bagnoitalia.com\/fr#website"},"primaryImageOfPage":{"@id":"https:\/\/www.bagnoitalia.com\/fr\/produit\/baignoire-balneo-185x150-encastree-ou-avec-panneaux-de-pompe-a-eau-et-a-air-vs021.html#primaryimage"},"image":{"@id":"https:\/\/www.bagnoitalia.com\/fr\/produit\/baignoire-balneo-185x150-encastree-ou-avec-panneaux-de-pompe-a-eau-et-a-air-vs021.html#primaryimage"},"thumbnailUrl":"https:\/\/img.bagnoitalia.com\/wp-content\/uploads\/virtuemart\/product\/185-150-Jacuzzi-flush-mounted-VS021-1_1542035263_408.jpg","datePublished":"2014-02-02T22:31:34+00:00","dateModified":"2025-05-12T22:52:19+00:00","description":"Spa encastr\u00e9, cadre noir \/ blanc. Dimensions 185x150x74cm, id\u00e9al pour 2 personnes. Robinets inclus, achetez-le maintenant!","breadcrumb":{"@id":"https:\/\/www.bagnoitalia.com\/fr\/produit\/baignoire-balneo-185x150-encastree-ou-avec-panneaux-de-pompe-a-eau-et-a-air-vs021.html#breadcrumb"},"inLanguage":"fr-FR","potentialAction":[{"@type":"ReadAction","target":["https:\/\/www.bagnoitalia.com\/fr\/produit\/baignoire-balneo-185x150-encastree-ou-avec-panneaux-de-pompe-a-eau-et-a-air-vs021.html"]}]},{"@type":"ImageObject","inLanguage":"fr-FR","@id":"https:\/\/www.bagnoitalia.com\/fr\/produit\/baignoire-balneo-185x150-encastree-ou-avec-panneaux-de-pompe-a-eau-et-a-air-vs021.html#primaryimage","url":"https:\/\/img.bagnoitalia.com\/wp-content\/uploads\/virtuemart\/product\/185-150-Jacuzzi-flush-mounted-VS021-1_1542035263_408.jpg","contentUrl":"https:\/\/img.bagnoitalia.com\/wp-content\/uploads\/virtuemart\/product\/185-150-Jacuzzi-flush-mounted-VS021-1_1542035263_408.jpg","width":600,"height":600},{"@type":"BreadcrumbList","@id":"https:\/\/www.bagnoitalia.com\/fr\/produit\/baignoire-balneo-185x150-encastree-ou-avec-panneaux-de-pompe-a-eau-et-a-air-vs021.html#breadcrumb","itemListElement":[{"@type":"ListItem","position":1,"name":"Home","item":"https:\/\/www.bagnoitalia.com\/fr"},{"@type":"ListItem","position":2,"name":"Produits","item":"https:\/\/www.bagnoitalia.com\/fr\/shop"},{"@type":"ListItem","position":3,"name":"Baignoire baln\u00e9o 185&#215;150 encastr\u00e9e ou avec panneaux de pompe \u00e0 eau et \u00e0 air VS021"}]},{"@type":"WebSite","@id":"https:\/\/www.bagnoitalia.com\/fr#website","url":"https:\/\/www.bagnoitalia.com\/fr","name":"Bagno Italia","description":"","publisher":{"@id":"https:\/\/www.bagnoitalia.com\/fr#organization"},"potentialAction":[{"@type":"SearchAction","target":{"@type":"EntryPoint","urlTemplate":"https:\/\/www.bagnoitalia.com\/fr?s={search_term_string}"},"query-input":{"@type":"PropertyValueSpecification","valueRequired":true,"valueName":"search_term_string"}}],"inLanguage":"fr-FR"},{"@type":"Organization","@id":"https:\/\/www.bagnoitalia.com\/fr#organization","name":"Bagno Italia","url":"https:\/\/www.bagnoitalia.com\/fr","logo":{"@type":"ImageObject","inLanguage":"fr-FR","@id":"https:\/\/www.bagnoitalia.com\/fr#\/schema\/logo\/image\/","url":"https:\/\/img.bagnoitalia.com\/wp-content\/uploads\/logo-bagnoitalia.webp","contentUrl":"https:\/\/img.bagnoitalia.com\/wp-content\/uploads\/logo-bagnoitalia.webp","width":400,"height":70,"caption":"Bagno Italia"},"image":{"@id":"https:\/\/www.bagnoitalia.com\/fr#\/schema\/logo\/image\/"}}]}},"_links":{"self":[{"href":"https:\/\/www.bagnoitalia.com\/fr\/wp-json\/wp\/v2\/product\/78662","targetHints":{"allow":["GET"]}}],"collection":[{"href":"https:\/\/www.bagnoitalia.com\/fr\/wp-json\/wp\/v2\/product"}],"about":[{"href":"https:\/\/www.bagnoitalia.com\/fr\/wp-json\/wp\/v2\/types\/product"}],"replies":[{"embeddable":true,"href":"https:\/\/www.bagnoitalia.com\/fr\/wp-json\/wp\/v2\/comments?post=78662"}],"version-history":[{"count":0,"href":"https:\/\/www.bagnoitalia.com\/fr\/wp-json\/wp\/v2\/product\/78662\/revisions"}],"wp:featuredmedia":[{"embeddable":true,"href":"https:\/\/www.bagnoitalia.com\/fr\/wp-json\/wp\/v2\/media\/21134"}],"wp:attachment":[{"href":"https:\/\/www.bagnoitalia.com\/fr\/wp-json\/wp\/v2\/media?parent=78662"}],"wp:term":[{"taxonomy":"product_brand","embeddable":true,"href":"https:\/\/www.bagnoitalia.com\/fr\/wp-json\/wp\/v2\/product_brand?post=78662"},{"taxonomy":"product_cat","embeddable":true,"href":"https:\/\/www.bagnoitalia.com\/fr\/wp-json\/wp\/v2\/product_cat?post=78662"},{"taxonomy":"product_tag","embeddable":true,"href":"https:\/\/www.bagnoitalia.com\/fr\/wp-json\/wp\/v2\/product_tag?post=78662"}],"curies":[{"name":"wp","href":"https:\/\/api.w.org\/{rel}","templated":true}]}}