{"id":78630,"date":"2014-02-02T15:02:06","date_gmt":"2014-02-02T14:02:06","guid":{"rendered":"https:\/\/www.bagnoitalia.com\/product\/mini-piscine-avec-bain-a-remous-d-39-eau-et-air-230x230-avec-radiateur-d-39-ozonotherapie-a-6-places"},"modified":"2025-06-16T16:12:37","modified_gmt":"2025-06-16T14:12:37","slug":"mini-piscine-avec-bain-a-remous-d-39-eau-et-air-230x230-avec-radiateur-d-39-ozonotherapie-a-6-places","status":"publish","type":"product","link":"https:\/\/www.bagnoitalia.com\/fr\/produit\/mini-piscine-avec-bain-a-remous-d-39-eau-et-air-230x230-avec-radiateur-d-39-ozonotherapie-a-6-places.html","title":{"rendered":"Mini piscine avec eau et air whirlpool 230&#215;230 avec 6 si\u00e8ges D\u00e9sinfectant UV chauffage led MP04"},"content":{"rendered":"<p>&nbsp;<\/p>\n<p>Tourbillon 230x230cm MP04<\/p>\n<p>&nbsp;<\/p>\n<p>&nbsp;<\/p>\n<p>Tourbillon carr\u00e9 230x230xH90 cm<\/p>\n<p>Couleur int\u00e9rieure : blanc<\/p>\n<p>Couleur ext\u00e9rieure : gris<\/p>\n<p>Couverture ISOTHERMALE gratuite d&rsquo;une valeur de 380\u20ac.<\/p>\n<p>Instructions pour l&rsquo;installation de la mini-piscine :<\/p>\n<p>&#8211; compatible avec le remplissage et la vidange par un simple tuyau ext\u00e9rieur,<\/p>\n<p>&#8211; y compris un bouchon \u00e0 fixer sur la prise de courant,<\/p>\n<p>&#8211; convient aussi bien \u00e0 l&rsquo;int\u00e9rieur qu&rsquo;\u00e0 l&rsquo;ext\u00e9rieur.<\/p>\n<p>La consommation maximale est de 4 kW car il est pr\u00e9vu que si le chauffage fonctionne, les pompes d&rsquo;hydromassage s&rsquo;arr\u00eatent automatiquement et vice versa. Ce r\u00e9glage peut \u00eatre modifi\u00e9 \u00e0 l&rsquo;aide du panneau de commande.<\/p>\n<p>&nbsp;<\/p>\n<p>CARACT\u00c9RISTIQUES ET FONCTIONS<\/p>\n<p>dimensions : 2300 x 2300 x 900 mm<\/p>\n<p>mat\u00e9riau : acrylique (r\u00e9sine de verre renforc\u00e9e)<\/p>\n<p>rev\u00eatement ext\u00e9rieur : pvc effet bois<\/p>\n<p>exigences \u00e9lectriques : 220v\/50hz<\/p>\n<p>n. pompes d&rsquo;hydromassage (3hp) : 2<\/p>\n<p>n. pompe \u00e0 air (1hp) : 1<\/p>\n<p>n. pompe de recirculation (0.35hp) : 1<\/p>\n<p>chauffage max 40\u00b0 (3kw) (balboa)<\/p>\n<p>D\u00e9sinfectant UV<\/p>\n<p>syst\u00e8me de filtrage : 2 filtres<\/p>\n<p>unit\u00e9 de contr\u00f4le informatis\u00e9e : balboa bp2100g0<\/p>\n<p>n. projecteur de chromoth\u00e9rapie led immerg\u00e9 : 1<\/p>\n<p>n. jets de cascade : 3<\/p>\n<p>n. jets d&rsquo;hydromassage : 51<\/p>\n<p>n. jets d&rsquo;air : 15<\/p>\n<p>n. si\u00e8ges : 4<\/p>\n<p>n. chaises longues : 2<\/p>\n<p>n. d&rsquo;appuis-t\u00eate : 6<\/p>\n<p>poids \u00e0 vide : 500 kg<\/p>\n<p>volume d&rsquo;eau : 1,2 m3<\/p>\n<p>base : acrylique<\/p>\n<p>housse isotherme<\/p>\n<p>certification CE<\/p>\n<p>garantie : 2 ans<\/p>\n<p>&nbsp;<\/p>\n<p>&nbsp;<\/p>\n","protected":false},"excerpt":{"rendered":"<p>Mini-piscine carr\u00e9e avec hydromassage 230&#215;230 pour 6 personnes, avec D\u00e9sinfectant UV et chauffage.<\/p>\n","protected":false},"featured_media":103787,"comment_status":"open","ping_status":"closed","template":"","meta":[],"product_brand":[9909],"product_cat":[10069],"product_tag":[],"class_list":{"0":"post-78630","1":"product","2":"type-product","3":"status-publish","4":"has-post-thumbnail","6":"product_brand-puntorelax-fr","7":"product_cat-piscines-exterieures-a-hydromassage","9":"first","10":"instock","11":"sale","12":"taxable","13":"shipping-taxable","14":"purchasable","15":"product-type-simple"},"exclude_global_add_ons":[],"addons":[],"yoast_head":"<!-- This site is optimized with the Yoast SEO plugin v26.7 - https:\/\/yoast.com\/wordpress\/plugins\/seo\/ -->\n<title>Mini piscine hydromassante Spa \u00e0 air (hydro-jets) et \u00e0 eau (air-jets) 230x230 avec r\u00e9chauffeur d\u2019eau ozonoth\u00e9rapie 6 places<\/title>\n<meta name=\"description\" content=\"Baignoire d&#039;hydromassage avec eau et air en acrylique, dimensions 230x230x93cm avec 56 jets en aluminium, id\u00e9ale pour 6 personnes.\" \/>\n<meta name=\"robots\" content=\"index, follow, max-snippet:-1, max-image-preview:large, max-video-preview:-1\" \/>\n<link rel=\"canonical\" href=\"https:\/\/www.bagnoitalia.com\/fr\/produit\/mini-piscine-avec-bain-a-remous-d-39-eau-et-air-230x230-avec-radiateur-d-39-ozonotherapie-a-6-places.html\" \/>\n<meta property=\"og:locale\" content=\"fr_FR\" \/>\n<meta property=\"og:type\" content=\"article\" \/>\n<meta property=\"og:title\" content=\"Mini piscine hydromassante Spa \u00e0 air (hydro-jets) et \u00e0 eau (air-jets) 230x230 avec r\u00e9chauffeur d\u2019eau ozonoth\u00e9rapie 6 places\" \/>\n<meta property=\"og:description\" content=\"Baignoire d&#039;hydromassage avec eau et air en acrylique, dimensions 230x230x93cm avec 56 jets en aluminium, id\u00e9ale pour 6 personnes.\" \/>\n<meta property=\"og:url\" content=\"https:\/\/www.bagnoitalia.com\/fr\/produit\/mini-piscine-avec-bain-a-remous-d-39-eau-et-air-230x230-avec-radiateur-d-39-ozonotherapie-a-6-places.html\" \/>\n<meta property=\"og:site_name\" content=\"Bagno Italia\" \/>\n<meta property=\"article:modified_time\" content=\"2025-06-16T14:12:37+00:00\" \/>\n<meta property=\"og:image\" content=\"https:\/\/img.bagnoitalia.com\/wp-content\/uploads\/1-226.webp\" \/>\n\t<meta property=\"og:image:width\" content=\"1000\" \/>\n\t<meta property=\"og:image:height\" content=\"1000\" \/>\n\t<meta property=\"og:image:type\" content=\"image\/webp\" \/>\n<meta name=\"twitter:card\" content=\"summary_large_image\" \/>\n<meta name=\"twitter:label1\" content=\"Dur\u00e9e de lecture estim\u00e9e\" \/>\n\t<meta name=\"twitter:data1\" content=\"2 minutes\" \/>\n<script type=\"application\/ld+json\" class=\"yoast-schema-graph\">{\"@context\":\"https:\/\/schema.org\",\"@graph\":[{\"@type\":\"WebPage\",\"@id\":\"https:\/\/www.bagnoitalia.com\/fr\/produit\/mini-piscine-avec-bain-a-remous-d-39-eau-et-air-230x230-avec-radiateur-d-39-ozonotherapie-a-6-places.html\",\"url\":\"https:\/\/www.bagnoitalia.com\/fr\/produit\/mini-piscine-avec-bain-a-remous-d-39-eau-et-air-230x230-avec-radiateur-d-39-ozonotherapie-a-6-places.html\",\"name\":\"Mini piscine hydromassante Spa \u00e0 air (hydro-jets) et \u00e0 eau (air-jets) 230x230 avec r\u00e9chauffeur d\u2019eau ozonoth\u00e9rapie 6 places\",\"isPartOf\":{\"@id\":\"https:\/\/www.bagnoitalia.com\/fr#website\"},\"primaryImageOfPage\":{\"@id\":\"https:\/\/www.bagnoitalia.com\/fr\/produit\/mini-piscine-avec-bain-a-remous-d-39-eau-et-air-230x230-avec-radiateur-d-39-ozonotherapie-a-6-places.html#primaryimage\"},\"image\":{\"@id\":\"https:\/\/www.bagnoitalia.com\/fr\/produit\/mini-piscine-avec-bain-a-remous-d-39-eau-et-air-230x230-avec-radiateur-d-39-ozonotherapie-a-6-places.html#primaryimage\"},\"thumbnailUrl\":\"https:\/\/img.bagnoitalia.com\/wp-content\/uploads\/1-226.webp\",\"datePublished\":\"2014-02-02T14:02:06+00:00\",\"dateModified\":\"2025-06-16T14:12:37+00:00\",\"description\":\"Baignoire d'hydromassage avec eau et air en acrylique, dimensions 230x230x93cm avec 56 jets en aluminium, id\u00e9ale pour 6 personnes.\",\"breadcrumb\":{\"@id\":\"https:\/\/www.bagnoitalia.com\/fr\/produit\/mini-piscine-avec-bain-a-remous-d-39-eau-et-air-230x230-avec-radiateur-d-39-ozonotherapie-a-6-places.html#breadcrumb\"},\"inLanguage\":\"fr-FR\",\"potentialAction\":[{\"@type\":\"ReadAction\",\"target\":[\"https:\/\/www.bagnoitalia.com\/fr\/produit\/mini-piscine-avec-bain-a-remous-d-39-eau-et-air-230x230-avec-radiateur-d-39-ozonotherapie-a-6-places.html\"]}]},{\"@type\":\"ImageObject\",\"inLanguage\":\"fr-FR\",\"@id\":\"https:\/\/www.bagnoitalia.com\/fr\/produit\/mini-piscine-avec-bain-a-remous-d-39-eau-et-air-230x230-avec-radiateur-d-39-ozonotherapie-a-6-places.html#primaryimage\",\"url\":\"https:\/\/img.bagnoitalia.com\/wp-content\/uploads\/1-226.webp\",\"contentUrl\":\"https:\/\/img.bagnoitalia.com\/wp-content\/uploads\/1-226.webp\",\"width\":1000,\"height\":1000},{\"@type\":\"BreadcrumbList\",\"@id\":\"https:\/\/www.bagnoitalia.com\/fr\/produit\/mini-piscine-avec-bain-a-remous-d-39-eau-et-air-230x230-avec-radiateur-d-39-ozonotherapie-a-6-places.html#breadcrumb\",\"itemListElement\":[{\"@type\":\"ListItem\",\"position\":1,\"name\":\"Home\",\"item\":\"https:\/\/www.bagnoitalia.com\/fr\"},{\"@type\":\"ListItem\",\"position\":2,\"name\":\"Produits\",\"item\":\"https:\/\/www.bagnoitalia.com\/fr\/shop\"},{\"@type\":\"ListItem\",\"position\":3,\"name\":\"Mini piscine avec eau et air whirlpool 230&#215;230 avec 6 si\u00e8ges D\u00e9sinfectant UV chauffage led MP04\"}]},{\"@type\":\"WebSite\",\"@id\":\"https:\/\/www.bagnoitalia.com\/fr#website\",\"url\":\"https:\/\/www.bagnoitalia.com\/fr\",\"name\":\"Bagno Italia\",\"description\":\"\",\"publisher\":{\"@id\":\"https:\/\/www.bagnoitalia.com\/fr#organization\"},\"potentialAction\":[{\"@type\":\"SearchAction\",\"target\":{\"@type\":\"EntryPoint\",\"urlTemplate\":\"https:\/\/www.bagnoitalia.com\/fr?s={search_term_string}\"},\"query-input\":{\"@type\":\"PropertyValueSpecification\",\"valueRequired\":true,\"valueName\":\"search_term_string\"}}],\"inLanguage\":\"fr-FR\"},{\"@type\":\"Organization\",\"@id\":\"https:\/\/www.bagnoitalia.com\/fr#organization\",\"name\":\"Bagno Italia\",\"url\":\"https:\/\/www.bagnoitalia.com\/fr\",\"logo\":{\"@type\":\"ImageObject\",\"inLanguage\":\"fr-FR\",\"@id\":\"https:\/\/www.bagnoitalia.com\/fr#\/schema\/logo\/image\/\",\"url\":\"https:\/\/img.bagnoitalia.com\/wp-content\/uploads\/logo-bagnoitalia.webp\",\"contentUrl\":\"https:\/\/img.bagnoitalia.com\/wp-content\/uploads\/logo-bagnoitalia.webp\",\"width\":400,\"height\":70,\"caption\":\"Bagno Italia\"},\"image\":{\"@id\":\"https:\/\/www.bagnoitalia.com\/fr#\/schema\/logo\/image\/\"}}]}<\/script>\n<!-- \/ Yoast SEO plugin. -->","yoast_head_json":{"title":"Mini piscine hydromassante Spa \u00e0 air (hydro-jets) et \u00e0 eau (air-jets) 230x230 avec r\u00e9chauffeur d\u2019eau ozonoth\u00e9rapie 6 places","description":"Baignoire d'hydromassage avec eau et air en acrylique, dimensions 230x230x93cm avec 56 jets en aluminium, id\u00e9ale pour 6 personnes.","robots":{"index":"index","follow":"follow","max-snippet":"max-snippet:-1","max-image-preview":"max-image-preview:large","max-video-preview":"max-video-preview:-1"},"canonical":"https:\/\/www.bagnoitalia.com\/fr\/produit\/mini-piscine-avec-bain-a-remous-d-39-eau-et-air-230x230-avec-radiateur-d-39-ozonotherapie-a-6-places.html","og_locale":"fr_FR","og_type":"article","og_title":"Mini piscine hydromassante Spa \u00e0 air (hydro-jets) et \u00e0 eau (air-jets) 230x230 avec r\u00e9chauffeur d\u2019eau ozonoth\u00e9rapie 6 places","og_description":"Baignoire d'hydromassage avec eau et air en acrylique, dimensions 230x230x93cm avec 56 jets en aluminium, id\u00e9ale pour 6 personnes.","og_url":"https:\/\/www.bagnoitalia.com\/fr\/produit\/mini-piscine-avec-bain-a-remous-d-39-eau-et-air-230x230-avec-radiateur-d-39-ozonotherapie-a-6-places.html","og_site_name":"Bagno Italia","article_modified_time":"2025-06-16T14:12:37+00:00","og_image":[{"width":1000,"height":1000,"url":"https:\/\/img.bagnoitalia.com\/wp-content\/uploads\/1-226.webp","type":"image\/webp"}],"twitter_card":"summary_large_image","twitter_misc":{"Dur\u00e9e de lecture estim\u00e9e":"2 minutes"},"schema":{"@context":"https:\/\/schema.org","@graph":[{"@type":"WebPage","@id":"https:\/\/www.bagnoitalia.com\/fr\/produit\/mini-piscine-avec-bain-a-remous-d-39-eau-et-air-230x230-avec-radiateur-d-39-ozonotherapie-a-6-places.html","url":"https:\/\/www.bagnoitalia.com\/fr\/produit\/mini-piscine-avec-bain-a-remous-d-39-eau-et-air-230x230-avec-radiateur-d-39-ozonotherapie-a-6-places.html","name":"Mini piscine hydromassante Spa \u00e0 air (hydro-jets) et \u00e0 eau (air-jets) 230x230 avec r\u00e9chauffeur d\u2019eau ozonoth\u00e9rapie 6 places","isPartOf":{"@id":"https:\/\/www.bagnoitalia.com\/fr#website"},"primaryImageOfPage":{"@id":"https:\/\/www.bagnoitalia.com\/fr\/produit\/mini-piscine-avec-bain-a-remous-d-39-eau-et-air-230x230-avec-radiateur-d-39-ozonotherapie-a-6-places.html#primaryimage"},"image":{"@id":"https:\/\/www.bagnoitalia.com\/fr\/produit\/mini-piscine-avec-bain-a-remous-d-39-eau-et-air-230x230-avec-radiateur-d-39-ozonotherapie-a-6-places.html#primaryimage"},"thumbnailUrl":"https:\/\/img.bagnoitalia.com\/wp-content\/uploads\/1-226.webp","datePublished":"2014-02-02T14:02:06+00:00","dateModified":"2025-06-16T14:12:37+00:00","description":"Baignoire d'hydromassage avec eau et air en acrylique, dimensions 230x230x93cm avec 56 jets en aluminium, id\u00e9ale pour 6 personnes.","breadcrumb":{"@id":"https:\/\/www.bagnoitalia.com\/fr\/produit\/mini-piscine-avec-bain-a-remous-d-39-eau-et-air-230x230-avec-radiateur-d-39-ozonotherapie-a-6-places.html#breadcrumb"},"inLanguage":"fr-FR","potentialAction":[{"@type":"ReadAction","target":["https:\/\/www.bagnoitalia.com\/fr\/produit\/mini-piscine-avec-bain-a-remous-d-39-eau-et-air-230x230-avec-radiateur-d-39-ozonotherapie-a-6-places.html"]}]},{"@type":"ImageObject","inLanguage":"fr-FR","@id":"https:\/\/www.bagnoitalia.com\/fr\/produit\/mini-piscine-avec-bain-a-remous-d-39-eau-et-air-230x230-avec-radiateur-d-39-ozonotherapie-a-6-places.html#primaryimage","url":"https:\/\/img.bagnoitalia.com\/wp-content\/uploads\/1-226.webp","contentUrl":"https:\/\/img.bagnoitalia.com\/wp-content\/uploads\/1-226.webp","width":1000,"height":1000},{"@type":"BreadcrumbList","@id":"https:\/\/www.bagnoitalia.com\/fr\/produit\/mini-piscine-avec-bain-a-remous-d-39-eau-et-air-230x230-avec-radiateur-d-39-ozonotherapie-a-6-places.html#breadcrumb","itemListElement":[{"@type":"ListItem","position":1,"name":"Home","item":"https:\/\/www.bagnoitalia.com\/fr"},{"@type":"ListItem","position":2,"name":"Produits","item":"https:\/\/www.bagnoitalia.com\/fr\/shop"},{"@type":"ListItem","position":3,"name":"Mini piscine avec eau et air whirlpool 230&#215;230 avec 6 si\u00e8ges D\u00e9sinfectant UV chauffage led MP04"}]},{"@type":"WebSite","@id":"https:\/\/www.bagnoitalia.com\/fr#website","url":"https:\/\/www.bagnoitalia.com\/fr","name":"Bagno Italia","description":"","publisher":{"@id":"https:\/\/www.bagnoitalia.com\/fr#organization"},"potentialAction":[{"@type":"SearchAction","target":{"@type":"EntryPoint","urlTemplate":"https:\/\/www.bagnoitalia.com\/fr?s={search_term_string}"},"query-input":{"@type":"PropertyValueSpecification","valueRequired":true,"valueName":"search_term_string"}}],"inLanguage":"fr-FR"},{"@type":"Organization","@id":"https:\/\/www.bagnoitalia.com\/fr#organization","name":"Bagno Italia","url":"https:\/\/www.bagnoitalia.com\/fr","logo":{"@type":"ImageObject","inLanguage":"fr-FR","@id":"https:\/\/www.bagnoitalia.com\/fr#\/schema\/logo\/image\/","url":"https:\/\/img.bagnoitalia.com\/wp-content\/uploads\/logo-bagnoitalia.webp","contentUrl":"https:\/\/img.bagnoitalia.com\/wp-content\/uploads\/logo-bagnoitalia.webp","width":400,"height":70,"caption":"Bagno Italia"},"image":{"@id":"https:\/\/www.bagnoitalia.com\/fr#\/schema\/logo\/image\/"}}]}},"_links":{"self":[{"href":"https:\/\/www.bagnoitalia.com\/fr\/wp-json\/wp\/v2\/product\/78630","targetHints":{"allow":["GET"]}}],"collection":[{"href":"https:\/\/www.bagnoitalia.com\/fr\/wp-json\/wp\/v2\/product"}],"about":[{"href":"https:\/\/www.bagnoitalia.com\/fr\/wp-json\/wp\/v2\/types\/product"}],"replies":[{"embeddable":true,"href":"https:\/\/www.bagnoitalia.com\/fr\/wp-json\/wp\/v2\/comments?post=78630"}],"version-history":[{"count":5,"href":"https:\/\/www.bagnoitalia.com\/fr\/wp-json\/wp\/v2\/product\/78630\/revisions"}],"predecessor-version":[{"id":109062,"href":"https:\/\/www.bagnoitalia.com\/fr\/wp-json\/wp\/v2\/product\/78630\/revisions\/109062"}],"wp:featuredmedia":[{"embeddable":true,"href":"https:\/\/www.bagnoitalia.com\/fr\/wp-json\/wp\/v2\/media\/103787"}],"wp:attachment":[{"href":"https:\/\/www.bagnoitalia.com\/fr\/wp-json\/wp\/v2\/media?parent=78630"}],"wp:term":[{"taxonomy":"product_brand","embeddable":true,"href":"https:\/\/www.bagnoitalia.com\/fr\/wp-json\/wp\/v2\/product_brand?post=78630"},{"taxonomy":"product_cat","embeddable":true,"href":"https:\/\/www.bagnoitalia.com\/fr\/wp-json\/wp\/v2\/product_cat?post=78630"},{"taxonomy":"product_tag","embeddable":true,"href":"https:\/\/www.bagnoitalia.com\/fr\/wp-json\/wp\/v2\/product_tag?post=78630"}],"curies":[{"name":"wp","href":"https:\/\/api.w.org\/{rel}","templated":true}]}}