{"id":78626,"date":"2014-02-02T14:48:29","date_gmt":"2014-02-02T13:48:29","guid":{"rendered":"https:\/\/www.bagnoitalia.com\/product\/mini-piscine-whirlpool-avec-eau-et-air-215x215-avec-52-jets-pour-5-personnes"},"modified":"2025-06-16T16:21:09","modified_gmt":"2025-06-16T14:21:09","slug":"mini-piscine-whirlpool-avec-eau-et-air-215x215-avec-52-jets-pour-5-personnes","status":"publish","type":"product","link":"https:\/\/www.bagnoitalia.com\/fr\/produit\/mini-piscine-whirlpool-avec-eau-et-air-215x215-avec-52-jets-pour-5-personnes.html","title":{"rendered":"Mini Whirlpool 215&#215;215 avec 52 jets d&rsquo;eau et d&rsquo;air pour 5 personnes chauffage led light MP03"},"content":{"rendered":"<p><span style=\"font-size: 10pt;\">Produit compos\u00e9 d&rsquo;une base bicolore enti\u00e8rement en acrylique ,<\/span><\/p>\n<p><span style=\"font-size: 10pt;\">eqyup\u00e9 de pompe d\u2019hydromassage \u00e0 eau et \u00e0 air, 5 si\u00e8ges.<\/span><\/p>\n<p>&nbsp;<\/p>\n<p><span style=\"font-size: 12pt;\"><strong>Mini piscine<strong> pour 5 personnes avec bain \u00e0 remous \u00e0 eau et \u00e0 air<\/strong><\/strong><\/span><\/p>\n<p><span style=\"font-size: 10pt;\">Spa baln\u00e9o en acrylique, 52 jets en aluminium au total, mitigeur \u00e0 cascade, pompe de recyclage, pompe \u00e0 air, pompe \u00e0 eau, panneau de commande Balboa, chauffage Balboa, D\u00e9sinfectant UV, syst\u00e8me de filtration, \u00e9clairage \u00e0 LED, 5 si\u00e8ges (1 lounge).<\/span><\/p>\n<p><span style=\"color: #000000; font-size: 10pt;\"><strong>Couverture isothermique incluse.<\/strong><\/span><\/p>\n<div>\n<p><span style=\"color: #000000; font-size: 10pt;\">Poids \u00e0 vide 330 kg, volume d&rsquo;eau 1,4 m3, certification CE.<\/span><\/p>\n<\/div>\n<p><span style=\"color: #000000; font-size: 10pt;\"><strong>Couleur int\u00e9rieure : bleu ou blanc (s\u00e9lectionnez la couleur dans le menu d\u00e9roulant ci-dessus) ;<\/strong><\/span><\/p>\n<p><span style=\"color: #000000; font-size: 10pt;\"><strong>Couleur ext\u00e9rieure: gris.<\/strong><\/span><\/p>\n<div>\n<p><span style=\"color: #000000; text-align: center; font-size: 10pt;\">Dimensions: 2150 x 2150 x 930 mm<\/span><\/p>\n<p><span style=\"color: #000000; text-align: center; font-size: 10pt;\"><span style=\"text-decoration: underline;\"><span style=\"text-align: center; font-size: 10pt;\"><strong><span style=\"color: #ff0000; text-decoration: underline;\">OFFRE<\/span> : <span style=\"color: #0000ff; text-decoration: underline;\">COUVERTURE ISOTHERME<\/span>\u00a0de 380 \u20ac en cadeau.<\/strong><\/span><\/span><\/span><\/p>\n<p><strong><span style=\"font-size: 12pt;\">Pour obtenir le kit de traitement de l&rsquo;eau, <a href=\"kit-trattamento-dellacqua-per-minipiscine.html\">cliquez ici<\/a><\/span><\/strong><\/p>\n<p><span style=\"text-decoration: underline;\"><span style=\"font-size: 10pt;\">Instructions pour l&rsquo;installation du minipool:<\/span><\/span><\/p>\n<p><span style=\"font-size: 10pt;\">&#8211; facile \u00e0 remplir et \u00e0 vider gr\u00e2ce \u00e0 la pr\u00e9sence de chargement \/ d\u00e9chargement ou \u00e0 travers un tube externe,<br \/>\n<\/span><\/p>\n<p><span style=\"font-size: 10pt;\">&#8211;\u00a0<\/span>raccordement electrique facile,sur prise de courant standard<\/p>\n<p><span style=\"font-size: 10pt;\">&#8211; compatible dans tous les domaines: \u00e0 la maison, dans les centres de bien-\u00eatre et m\u00eame dans le jardin.<\/span><\/p>\n<p><span style=\"color: #000000; text-align: center;\"><span style=\"text-decoration: underline;\"><span style=\"text-align: center; font-size: 10pt;\"><strong><span style=\"font-size: 11pt; font-family: 'Calibri','sans-serif'; color: #1f497d;\">La consommation maximale est de 3 kW, car si le chauffage fonctionne automatiquement, les pompes d&rsquo;hydromassage sont d\u00e9sactiv\u00e9es et inversement.<\/span><\/strong><\/span><\/span><\/span><\/p>\n<table style=\"width: 547px;\" border=\"3\" frame=\"HSIDES\" cellspacing=\"0\" cellpadding=\"7\">\n<colgroup>\n<col width=\"281\" \/>\n<col width=\"238\" \/><\/colgroup>\n<tbody>\n<tr valign=\"TOP\">\n<td style=\"width: 281px;\" bgcolor=\"#f2f2f2\">DIMENSIONS<\/td>\n<td style=\"width: 238px;\" bgcolor=\"#f2f2f2\">2150 x 2150 x 930 mm<\/td>\n<\/tr>\n<tr valign=\"TOP\">\n<td style=\"width: 281px;\" bgcolor=\"#cccccc\">MAT\u00c9RIAU<\/td>\n<td style=\"width: 238px;\" bgcolor=\"#cccccc\">ACRYLIQUE RENFORC\u00c9 (fibre de verre et r\u00e9sine)<\/td>\n<\/tr>\n<tr valign=\"TOP\">\n<td style=\"width: 281px;\" bgcolor=\"#f2f2f2\">COUVERTURE EXT\u00c9RIEUR<\/td>\n<td style=\"width: 238px;\" bgcolor=\"#f2f2f2\">PVC: EFFET BOIS<\/td>\n<\/tr>\n<tr valign=\"TOP\">\n<td style=\"width: 281px;\" bgcolor=\"#cccccc\">CARACT\u00c9RISTIQUES \u00c9LECTRIQUES<\/td>\n<td style=\"width: 238px;\" bgcolor=\"#cccccc\">220 V \/ 50 Hz<\/td>\n<\/tr>\n<tr valign=\"TOP\">\n<td style=\"width: 281px;\" bgcolor=\"#f2f2f2\">POMPES D&rsquo;HYDROMASSAGE (3hp)<\/td>\n<td style=\"width: 238px;\" bgcolor=\"#f2f2f2\">1<\/td>\n<\/tr>\n<tr valign=\"TOP\">\n<td style=\"width: 281px;\" bgcolor=\"#cccccc\">POMPE \u00c0 AIR (1hp)<\/td>\n<td style=\"width: 238px;\" bgcolor=\"#cccccc\">1<\/td>\n<\/tr>\n<tr valign=\"TOP\">\n<td style=\"width: 281px;\" bgcolor=\"#f2f2f2\">POMPE DE RECICLAGE (0.35hp)<\/td>\n<td style=\"width: 238px;\" bgcolor=\"#f2f2f2\">1<\/td>\n<\/tr>\n<tr valign=\"TOP\">\n<td style=\"width: 281px;\" bgcolor=\"#cccccc\">CHAUFFER maximum 40 \u00b0 (3kw)<\/td>\n<td style=\"width: 238px;\" bgcolor=\"#cccccc\">1 (BALBOA)<\/td>\n<\/tr>\n<tr valign=\"TOP\">\n<td style=\"width: 281px;\" bgcolor=\"#f2f2f2\">D\u00e9sinfectant UV<\/td>\n<td style=\"width: 238px;\" bgcolor=\"#f2f2f2\">1<\/td>\n<\/tr>\n<tr valign=\"TOP\">\n<td style=\"width: 281px;\" bgcolor=\"#cccccc\">SYST\u00c8ME DE FILTRATION<\/td>\n<td style=\"width: 238px;\" bgcolor=\"#cccccc\">2 filtres<\/td>\n<\/tr>\n<tr valign=\"TOP\">\n<td style=\"width: 281px;\" bgcolor=\"#f2f2f2\">PANNEAU DE COMMANDE \u00c9LECTRONIQUE<\/td>\n<td style=\"width: 238px;\" bgcolor=\"#f2f2f2\">BALBOA GS501Z<\/td>\n<\/tr>\n<tr valign=\"TOP\">\n<td style=\"width: 281px;\" bgcolor=\"#cccccc\">\u00c9CLAIRAGE LED SOUS L\u2019EAU POUR CROMOTH\u00c9RAPIE<\/td>\n<td style=\"width: 238px;\" bgcolor=\"#cccccc\">1<\/td>\n<\/tr>\n<tr valign=\"TOP\">\n<td style=\"width: 281px;\" bgcolor=\"#f2f2f2\">JET \u00c0 CASCADE<\/td>\n<td style=\"width: 238px;\" bgcolor=\"#f2f2f2\">1<\/td>\n<\/tr>\n<tr valign=\"TOP\">\n<td style=\"width: 281px;\" bgcolor=\"#cccccc\">JETS D&rsquo;HYDROMASSAGE<\/td>\n<td style=\"width: 238px;\" bgcolor=\"#cccccc\">34<\/td>\n<\/tr>\n<tr valign=\"TOP\">\n<td style=\"width: 281px;\" bgcolor=\"#f2f2f2\">JETS \u00c0 AIR<\/td>\n<td style=\"width: 238px;\" bgcolor=\"#f2f2f2\">18<\/td>\n<\/tr>\n<tr valign=\"TOP\">\n<td style=\"width: 281px;\" bgcolor=\"#cccccc\">COULEUR INT\u00c9RIEURE<\/td>\n<td style=\"width: 238px;\" bgcolor=\"#cccccc\">BLEU<\/td>\n<\/tr>\n<tr valign=\"TOP\">\n<td style=\"width: 281px;\" bgcolor=\"#f2f2f2\">BASE ACRILIQUE<\/td>\n<td style=\"width: 238px;\" bgcolor=\"#f2f2f2\">OUI<\/td>\n<\/tr>\n<tr valign=\"TOP\">\n<td style=\"width: 281px;\" bgcolor=\"#cccccc\">SI\u00c8GES<\/td>\n<td style=\"width: 238px;\" bgcolor=\"#cccccc\">3<\/td>\n<\/tr>\n<tr valign=\"TOP\">\n<td style=\"width: 281px;\" bgcolor=\"#f2f2f2\">LOUNGE<\/td>\n<td style=\"width: 238px;\" bgcolor=\"#f2f2f2\">2<\/td>\n<\/tr>\n<tr valign=\"TOP\">\n<td style=\"width: 281px;\" bgcolor=\"#cccccc\">REPOSE-T\u00caTE<\/td>\n<td style=\"width: 238px;\" bgcolor=\"#cccccc\">3<\/td>\n<\/tr>\n<tr valign=\"TOP\">\n<td style=\"width: 281px;\" bgcolor=\"#f2f2f2\">COUVERTURE ISOTHERMIQUE<\/td>\n<td style=\"width: 238px;\" bgcolor=\"#f2f2f2\">1<\/td>\n<\/tr>\n<tr valign=\"TOP\">\n<td style=\"width: 281px;\" bgcolor=\"#cccccc\">POIDS \u00c0 VIDE<\/td>\n<td style=\"width: 238px;\" bgcolor=\"#cccccc\">330 kg<\/td>\n<\/tr>\n<tr valign=\"TOP\">\n<td style=\"width: 281px;\" bgcolor=\"#f2f2f2\">VOLUME D&rsquo;EAU<\/td>\n<td style=\"width: 238px;\" bgcolor=\"#f2f2f2\">1,4 m <span style=\"font-size: xx-small;\">3<\/span><\/td>\n<\/tr>\n<\/tbody>\n<\/table>\n<p>&nbsp;<\/p>\n<\/div>\n","protected":false},"excerpt":{"rendered":"<p>Mini piscine d&rsquo;hydromassage 215&#215;215 avec double pompe \u00e0 eau et \u00e0 air, pour 5 personnes, 52 jets, chauffage<\/p>\n","protected":false},"featured_media":20910,"comment_status":"open","ping_status":"closed","template":"","meta":[],"product_brand":[9909],"product_cat":[10069],"product_tag":[],"class_list":{"0":"post-78626","1":"product","2":"type-product","3":"status-publish","4":"has-post-thumbnail","6":"product_brand-puntorelax-fr","7":"product_cat-piscines-exterieures-a-hydromassage","9":"first","10":"instock","11":"sale","12":"taxable","13":"shipping-taxable","14":"purchasable","15":"product-type-simple"},"exclude_global_add_ons":false,"addons":[{"name":"Couleur int\u00e9rieure","type":"multiple_choice","position":0,"required":true,"title_format":"heading","default":"","description_enable":false,"description":"","placeholder_enable":false,"placeholder":"","display":"select","restrictions_type":"any_text","adjust_price":false,"price":"","price_type":"flat_fee","restrictions":false,"min":"0","max":"0","options":[{"label":"bleu","price":"","price_type":"quantity_based","image":0,"visibility":true},{"label":"blanc","price":"","price_type":"quantity_based","image":0,"visibility":true}],"id":1749035682}],"yoast_head":"<!-- This site is optimized with the Yoast SEO plugin v26.7 - https:\/\/yoast.com\/wordpress\/plugins\/seo\/ -->\n<title>Mini piscine hydromassante Spa \u00e0 eau et \u00e0 airr 215x215 avec 52 jets pour 5 personnes Mini piscine pour 5 personnes, hydromassante Spa \u00e0 eau et \u00e0 air 215x215 avec 52 jets<\/title>\n<meta name=\"description\" content=\"Baignoire d&#039;hydromassage en acrylique, dimensions 215x215x93cm avec 52 jets en aluminium, id\u00e9ale pour 5 personnes. \u00c9clairage LED.\" \/>\n<meta name=\"robots\" content=\"index, follow, max-snippet:-1, max-image-preview:large, max-video-preview:-1\" \/>\n<link rel=\"canonical\" href=\"https:\/\/www.bagnoitalia.com\/fr\/produit\/mini-piscine-whirlpool-avec-eau-et-air-215x215-avec-52-jets-pour-5-personnes.html\" \/>\n<meta property=\"og:locale\" content=\"fr_FR\" \/>\n<meta property=\"og:type\" content=\"article\" \/>\n<meta property=\"og:title\" content=\"Mini piscine hydromassante Spa \u00e0 eau et \u00e0 airr 215x215 avec 52 jets pour 5 personnes Mini piscine pour 5 personnes, hydromassante Spa \u00e0 eau et \u00e0 air 215x215 avec 52 jets\" \/>\n<meta property=\"og:description\" content=\"Baignoire d&#039;hydromassage en acrylique, dimensions 215x215x93cm avec 52 jets en aluminium, id\u00e9ale pour 5 personnes. \u00c9clairage LED.\" \/>\n<meta property=\"og:url\" content=\"https:\/\/www.bagnoitalia.com\/fr\/produit\/mini-piscine-whirlpool-avec-eau-et-air-215x215-avec-52-jets-pour-5-personnes.html\" \/>\n<meta property=\"og:site_name\" content=\"Bagno Italia\" \/>\n<meta property=\"article:modified_time\" content=\"2025-06-16T14:21:09+00:00\" \/>\n<meta property=\"og:image\" content=\"https:\/\/img.bagnoitalia.com\/wp-content\/uploads\/virtuemart\/product\/5-person-Hot-tub-215x215-with-water-and-air-hydromassage-52-jets-led-light-heater-111_1542365703_80.jpg\" \/>\n\t<meta property=\"og:image:width\" content=\"640\" \/>\n\t<meta property=\"og:image:height\" content=\"640\" \/>\n\t<meta property=\"og:image:type\" content=\"image\/jpeg\" \/>\n<meta name=\"twitter:card\" content=\"summary_large_image\" \/>\n<meta name=\"twitter:label1\" content=\"Dur\u00e9e de lecture estim\u00e9e\" \/>\n\t<meta name=\"twitter:data1\" content=\"2 minutes\" \/>\n<script type=\"application\/ld+json\" class=\"yoast-schema-graph\">{\"@context\":\"https:\/\/schema.org\",\"@graph\":[{\"@type\":\"WebPage\",\"@id\":\"https:\/\/www.bagnoitalia.com\/fr\/produit\/mini-piscine-whirlpool-avec-eau-et-air-215x215-avec-52-jets-pour-5-personnes.html\",\"url\":\"https:\/\/www.bagnoitalia.com\/fr\/produit\/mini-piscine-whirlpool-avec-eau-et-air-215x215-avec-52-jets-pour-5-personnes.html\",\"name\":\"Mini piscine hydromassante Spa \u00e0 eau et \u00e0 airr 215x215 avec 52 jets pour 5 personnes Mini piscine pour 5 personnes, hydromassante Spa \u00e0 eau et \u00e0 air 215x215 avec 52 jets\",\"isPartOf\":{\"@id\":\"https:\/\/www.bagnoitalia.com\/fr#website\"},\"primaryImageOfPage\":{\"@id\":\"https:\/\/www.bagnoitalia.com\/fr\/produit\/mini-piscine-whirlpool-avec-eau-et-air-215x215-avec-52-jets-pour-5-personnes.html#primaryimage\"},\"image\":{\"@id\":\"https:\/\/www.bagnoitalia.com\/fr\/produit\/mini-piscine-whirlpool-avec-eau-et-air-215x215-avec-52-jets-pour-5-personnes.html#primaryimage\"},\"thumbnailUrl\":\"https:\/\/img.bagnoitalia.com\/wp-content\/uploads\/virtuemart\/product\/5-person-Hot-tub-215x215-with-water-and-air-hydromassage-52-jets-led-light-heater-111_1542365703_80.jpg\",\"datePublished\":\"2014-02-02T13:48:29+00:00\",\"dateModified\":\"2025-06-16T14:21:09+00:00\",\"description\":\"Baignoire d'hydromassage en acrylique, dimensions 215x215x93cm avec 52 jets en aluminium, id\u00e9ale pour 5 personnes. \u00c9clairage LED.\",\"breadcrumb\":{\"@id\":\"https:\/\/www.bagnoitalia.com\/fr\/produit\/mini-piscine-whirlpool-avec-eau-et-air-215x215-avec-52-jets-pour-5-personnes.html#breadcrumb\"},\"inLanguage\":\"fr-FR\",\"potentialAction\":[{\"@type\":\"ReadAction\",\"target\":[\"https:\/\/www.bagnoitalia.com\/fr\/produit\/mini-piscine-whirlpool-avec-eau-et-air-215x215-avec-52-jets-pour-5-personnes.html\"]}]},{\"@type\":\"ImageObject\",\"inLanguage\":\"fr-FR\",\"@id\":\"https:\/\/www.bagnoitalia.com\/fr\/produit\/mini-piscine-whirlpool-avec-eau-et-air-215x215-avec-52-jets-pour-5-personnes.html#primaryimage\",\"url\":\"https:\/\/img.bagnoitalia.com\/wp-content\/uploads\/virtuemart\/product\/5-person-Hot-tub-215x215-with-water-and-air-hydromassage-52-jets-led-light-heater-111_1542365703_80.jpg\",\"contentUrl\":\"https:\/\/img.bagnoitalia.com\/wp-content\/uploads\/virtuemart\/product\/5-person-Hot-tub-215x215-with-water-and-air-hydromassage-52-jets-led-light-heater-111_1542365703_80.jpg\",\"width\":640,\"height\":640},{\"@type\":\"BreadcrumbList\",\"@id\":\"https:\/\/www.bagnoitalia.com\/fr\/produit\/mini-piscine-whirlpool-avec-eau-et-air-215x215-avec-52-jets-pour-5-personnes.html#breadcrumb\",\"itemListElement\":[{\"@type\":\"ListItem\",\"position\":1,\"name\":\"Home\",\"item\":\"https:\/\/www.bagnoitalia.com\/fr\"},{\"@type\":\"ListItem\",\"position\":2,\"name\":\"Produits\",\"item\":\"https:\/\/www.bagnoitalia.com\/fr\/shop\"},{\"@type\":\"ListItem\",\"position\":3,\"name\":\"Mini Whirlpool 215&#215;215 avec 52 jets d&#8217;eau et d&#8217;air pour 5 personnes chauffage led light MP03\"}]},{\"@type\":\"WebSite\",\"@id\":\"https:\/\/www.bagnoitalia.com\/fr#website\",\"url\":\"https:\/\/www.bagnoitalia.com\/fr\",\"name\":\"Bagno Italia\",\"description\":\"\",\"publisher\":{\"@id\":\"https:\/\/www.bagnoitalia.com\/fr#organization\"},\"potentialAction\":[{\"@type\":\"SearchAction\",\"target\":{\"@type\":\"EntryPoint\",\"urlTemplate\":\"https:\/\/www.bagnoitalia.com\/fr?s={search_term_string}\"},\"query-input\":{\"@type\":\"PropertyValueSpecification\",\"valueRequired\":true,\"valueName\":\"search_term_string\"}}],\"inLanguage\":\"fr-FR\"},{\"@type\":\"Organization\",\"@id\":\"https:\/\/www.bagnoitalia.com\/fr#organization\",\"name\":\"Bagno Italia\",\"url\":\"https:\/\/www.bagnoitalia.com\/fr\",\"logo\":{\"@type\":\"ImageObject\",\"inLanguage\":\"fr-FR\",\"@id\":\"https:\/\/www.bagnoitalia.com\/fr#\/schema\/logo\/image\/\",\"url\":\"https:\/\/img.bagnoitalia.com\/wp-content\/uploads\/logo-bagnoitalia.webp\",\"contentUrl\":\"https:\/\/img.bagnoitalia.com\/wp-content\/uploads\/logo-bagnoitalia.webp\",\"width\":400,\"height\":70,\"caption\":\"Bagno Italia\"},\"image\":{\"@id\":\"https:\/\/www.bagnoitalia.com\/fr#\/schema\/logo\/image\/\"}}]}<\/script>\n<!-- \/ Yoast SEO plugin. -->","yoast_head_json":{"title":"Mini piscine hydromassante Spa \u00e0 eau et \u00e0 airr 215x215 avec 52 jets pour 5 personnes Mini piscine pour 5 personnes, hydromassante Spa \u00e0 eau et \u00e0 air 215x215 avec 52 jets","description":"Baignoire d'hydromassage en acrylique, dimensions 215x215x93cm avec 52 jets en aluminium, id\u00e9ale pour 5 personnes. \u00c9clairage LED.","robots":{"index":"index","follow":"follow","max-snippet":"max-snippet:-1","max-image-preview":"max-image-preview:large","max-video-preview":"max-video-preview:-1"},"canonical":"https:\/\/www.bagnoitalia.com\/fr\/produit\/mini-piscine-whirlpool-avec-eau-et-air-215x215-avec-52-jets-pour-5-personnes.html","og_locale":"fr_FR","og_type":"article","og_title":"Mini piscine hydromassante Spa \u00e0 eau et \u00e0 airr 215x215 avec 52 jets pour 5 personnes Mini piscine pour 5 personnes, hydromassante Spa \u00e0 eau et \u00e0 air 215x215 avec 52 jets","og_description":"Baignoire d'hydromassage en acrylique, dimensions 215x215x93cm avec 52 jets en aluminium, id\u00e9ale pour 5 personnes. \u00c9clairage LED.","og_url":"https:\/\/www.bagnoitalia.com\/fr\/produit\/mini-piscine-whirlpool-avec-eau-et-air-215x215-avec-52-jets-pour-5-personnes.html","og_site_name":"Bagno Italia","article_modified_time":"2025-06-16T14:21:09+00:00","og_image":[{"width":640,"height":640,"url":"https:\/\/img.bagnoitalia.com\/wp-content\/uploads\/virtuemart\/product\/5-person-Hot-tub-215x215-with-water-and-air-hydromassage-52-jets-led-light-heater-111_1542365703_80.jpg","type":"image\/jpeg"}],"twitter_card":"summary_large_image","twitter_misc":{"Dur\u00e9e de lecture estim\u00e9e":"2 minutes"},"schema":{"@context":"https:\/\/schema.org","@graph":[{"@type":"WebPage","@id":"https:\/\/www.bagnoitalia.com\/fr\/produit\/mini-piscine-whirlpool-avec-eau-et-air-215x215-avec-52-jets-pour-5-personnes.html","url":"https:\/\/www.bagnoitalia.com\/fr\/produit\/mini-piscine-whirlpool-avec-eau-et-air-215x215-avec-52-jets-pour-5-personnes.html","name":"Mini piscine hydromassante Spa \u00e0 eau et \u00e0 airr 215x215 avec 52 jets pour 5 personnes Mini piscine pour 5 personnes, hydromassante Spa \u00e0 eau et \u00e0 air 215x215 avec 52 jets","isPartOf":{"@id":"https:\/\/www.bagnoitalia.com\/fr#website"},"primaryImageOfPage":{"@id":"https:\/\/www.bagnoitalia.com\/fr\/produit\/mini-piscine-whirlpool-avec-eau-et-air-215x215-avec-52-jets-pour-5-personnes.html#primaryimage"},"image":{"@id":"https:\/\/www.bagnoitalia.com\/fr\/produit\/mini-piscine-whirlpool-avec-eau-et-air-215x215-avec-52-jets-pour-5-personnes.html#primaryimage"},"thumbnailUrl":"https:\/\/img.bagnoitalia.com\/wp-content\/uploads\/virtuemart\/product\/5-person-Hot-tub-215x215-with-water-and-air-hydromassage-52-jets-led-light-heater-111_1542365703_80.jpg","datePublished":"2014-02-02T13:48:29+00:00","dateModified":"2025-06-16T14:21:09+00:00","description":"Baignoire d'hydromassage en acrylique, dimensions 215x215x93cm avec 52 jets en aluminium, id\u00e9ale pour 5 personnes. \u00c9clairage LED.","breadcrumb":{"@id":"https:\/\/www.bagnoitalia.com\/fr\/produit\/mini-piscine-whirlpool-avec-eau-et-air-215x215-avec-52-jets-pour-5-personnes.html#breadcrumb"},"inLanguage":"fr-FR","potentialAction":[{"@type":"ReadAction","target":["https:\/\/www.bagnoitalia.com\/fr\/produit\/mini-piscine-whirlpool-avec-eau-et-air-215x215-avec-52-jets-pour-5-personnes.html"]}]},{"@type":"ImageObject","inLanguage":"fr-FR","@id":"https:\/\/www.bagnoitalia.com\/fr\/produit\/mini-piscine-whirlpool-avec-eau-et-air-215x215-avec-52-jets-pour-5-personnes.html#primaryimage","url":"https:\/\/img.bagnoitalia.com\/wp-content\/uploads\/virtuemart\/product\/5-person-Hot-tub-215x215-with-water-and-air-hydromassage-52-jets-led-light-heater-111_1542365703_80.jpg","contentUrl":"https:\/\/img.bagnoitalia.com\/wp-content\/uploads\/virtuemart\/product\/5-person-Hot-tub-215x215-with-water-and-air-hydromassage-52-jets-led-light-heater-111_1542365703_80.jpg","width":640,"height":640},{"@type":"BreadcrumbList","@id":"https:\/\/www.bagnoitalia.com\/fr\/produit\/mini-piscine-whirlpool-avec-eau-et-air-215x215-avec-52-jets-pour-5-personnes.html#breadcrumb","itemListElement":[{"@type":"ListItem","position":1,"name":"Home","item":"https:\/\/www.bagnoitalia.com\/fr"},{"@type":"ListItem","position":2,"name":"Produits","item":"https:\/\/www.bagnoitalia.com\/fr\/shop"},{"@type":"ListItem","position":3,"name":"Mini Whirlpool 215&#215;215 avec 52 jets d&#8217;eau et d&#8217;air pour 5 personnes chauffage led light MP03"}]},{"@type":"WebSite","@id":"https:\/\/www.bagnoitalia.com\/fr#website","url":"https:\/\/www.bagnoitalia.com\/fr","name":"Bagno Italia","description":"","publisher":{"@id":"https:\/\/www.bagnoitalia.com\/fr#organization"},"potentialAction":[{"@type":"SearchAction","target":{"@type":"EntryPoint","urlTemplate":"https:\/\/www.bagnoitalia.com\/fr?s={search_term_string}"},"query-input":{"@type":"PropertyValueSpecification","valueRequired":true,"valueName":"search_term_string"}}],"inLanguage":"fr-FR"},{"@type":"Organization","@id":"https:\/\/www.bagnoitalia.com\/fr#organization","name":"Bagno Italia","url":"https:\/\/www.bagnoitalia.com\/fr","logo":{"@type":"ImageObject","inLanguage":"fr-FR","@id":"https:\/\/www.bagnoitalia.com\/fr#\/schema\/logo\/image\/","url":"https:\/\/img.bagnoitalia.com\/wp-content\/uploads\/logo-bagnoitalia.webp","contentUrl":"https:\/\/img.bagnoitalia.com\/wp-content\/uploads\/logo-bagnoitalia.webp","width":400,"height":70,"caption":"Bagno Italia"},"image":{"@id":"https:\/\/www.bagnoitalia.com\/fr#\/schema\/logo\/image\/"}}]}},"_links":{"self":[{"href":"https:\/\/www.bagnoitalia.com\/fr\/wp-json\/wp\/v2\/product\/78626","targetHints":{"allow":["GET"]}}],"collection":[{"href":"https:\/\/www.bagnoitalia.com\/fr\/wp-json\/wp\/v2\/product"}],"about":[{"href":"https:\/\/www.bagnoitalia.com\/fr\/wp-json\/wp\/v2\/types\/product"}],"replies":[{"embeddable":true,"href":"https:\/\/www.bagnoitalia.com\/fr\/wp-json\/wp\/v2\/comments?post=78626"}],"version-history":[{"count":6,"href":"https:\/\/www.bagnoitalia.com\/fr\/wp-json\/wp\/v2\/product\/78626\/revisions"}],"predecessor-version":[{"id":109068,"href":"https:\/\/www.bagnoitalia.com\/fr\/wp-json\/wp\/v2\/product\/78626\/revisions\/109068"}],"wp:featuredmedia":[{"embeddable":true,"href":"https:\/\/www.bagnoitalia.com\/fr\/wp-json\/wp\/v2\/media\/20910"}],"wp:attachment":[{"href":"https:\/\/www.bagnoitalia.com\/fr\/wp-json\/wp\/v2\/media?parent=78626"}],"wp:term":[{"taxonomy":"product_brand","embeddable":true,"href":"https:\/\/www.bagnoitalia.com\/fr\/wp-json\/wp\/v2\/product_brand?post=78626"},{"taxonomy":"product_cat","embeddable":true,"href":"https:\/\/www.bagnoitalia.com\/fr\/wp-json\/wp\/v2\/product_cat?post=78626"},{"taxonomy":"product_tag","embeddable":true,"href":"https:\/\/www.bagnoitalia.com\/fr\/wp-json\/wp\/v2\/product_tag?post=78626"}],"curies":[{"name":"wp","href":"https:\/\/api.w.org\/{rel}","templated":true}]}}