{"id":78622,"date":"2014-02-02T14:42:12","date_gmt":"2014-02-02T13:42:12","guid":{"rendered":"https:\/\/www.bagnoitalia.com\/product\/mini-piscine-210x160-avec-chauffe-33-jets-pompe-double-tourbillon-3-sessions"},"modified":"2025-06-16T16:27:33","modified_gmt":"2025-06-16T14:27:33","slug":"mini-piscine-210x160-avec-chauffe-33-jets-pompe-double-tourbillon-3-sessions","status":"publish","type":"product","link":"https:\/\/www.bagnoitalia.com\/fr\/produit\/mini-piscine-210x160-avec-chauffe-33-jets-pompe-double-tourbillon-3-sessions.html","title":{"rendered":"Mini bain \u00e0 remous 210&#215;160 , avec chauffage 3 places pompe double bain \u00e0 remous MP02"},"content":{"rendered":"<p>Produit compos\u00e9 d&rsquo;une structure bicolore\u00a0enti\u00e8rement en acrylique<\/p>\n<p>complet avec double pompe d&rsquo;hydromassage, 3 places.<\/p>\n<p>&nbsp;<\/p>\n<p><strong>Mini piscine pour 3 personnes avec hydromassage d&rsquo;eau et d&rsquo;air<\/strong><\/p>\n<p>&nbsp;<\/p>\n<p>Mini-piscine d&rsquo;hydromassage en acrylique, jets en aluminium, pompe de recirculation, pompe \u00e0 air, pompe d&rsquo;hydromassage, panneau de commande Balboa, chauffage Balboa, D\u00e9sinfectant UV, syst\u00e8me de filtration, \u00e9clairage LED, 3 places (1 salon).<\/p>\n<p><strong>Couverture isotherme incluse.<\/strong><\/p>\n<div>\n<p>Poids \u00e0 vide 235 kg, volume d&rsquo;eau 0,62 m3, certification CE.<\/p>\n<\/div>\n<div>\n<p>Dimensions : 2100 x 1600 x 790 mm<\/p>\n<p>&nbsp;<\/p>\n<p><strong>OFFRE\u00a0:\u00a0COUVERTURE ISOTHERME\u00a0d&rsquo;une valeur de 380\u20ac en cadeau.<\/strong><\/p>\n<p>&nbsp;<\/p>\n<p>Instructions pour l&rsquo;installation du spa\u00a0:<\/p>\n<p>\u2013 y compris la possibilit\u00e9 de remplir\/vider via une vanne de chargement et de d\u00e9chargement,<\/p>\n<p>\u2013 facile \u00e0 raccorder \u00e0 l\u2019\u00e9lectricit\u00e9 domestique via une simple prise,<\/p>\n<p>\u2013 adaptable aux espaces ferm\u00e9s et ouverts.<\/p>\n<p>&nbsp;<\/p>\n<p><strong>La consommation maximale est de 3 kW car il est pr\u00e9vu que si le chauffage fonctionne, les pompes d&rsquo;hydromassage s&rsquo;\u00e9teignent automatiquement et vice versa. Ce param\u00e8tre peut \u00eatre modifi\u00e9 via le panneau de commande<br \/>\n<\/strong><\/p>\n<p>&nbsp;<\/p>\n<table border=\"3\" frame=\"HSIDES\" cellspacing=\"0\" cellpadding=\"7\">\n<tbody>\n<tr valign=\"TOP\">\n<td bgcolor=\"#f2f2f2\">MESURES<\/td>\n<td bgcolor=\"#f2f2f2\">2100 x 1600 x 800 mm<\/td>\n<\/tr>\n<tr valign=\"TOP\">\n<td bgcolor=\"#cccccc\">MAT\u00c9RIEL<\/td>\n<td bgcolor=\"#cccccc\">ACRYLIQUE (r\u00e9sine de verre renforc\u00e9e)<\/td>\n<\/tr>\n<tr valign=\"TOP\">\n<td bgcolor=\"#f2f2f2\">REV\u00caTEMENT EXT\u00c9RIEUR<\/td>\n<td bgcolor=\"#f2f2f2\">PVC EFFET BOIS<\/td>\n<\/tr>\n<tr valign=\"TOP\">\n<td bgcolor=\"#cccccc\">EXIGENCES \u00c9LECTRIQUES<\/td>\n<td bgcolor=\"#cccccc\">220 V\/50 Hz<\/td>\n<\/tr>\n<tr valign=\"TOP\">\n<td bgcolor=\"#f2f2f2\">POMPES D&rsquo;HYDROMASSAGE (2hp)<\/td>\n<td bgcolor=\"#f2f2f2\">1<\/td>\n<\/tr>\n<tr valign=\"TOP\">\n<td bgcolor=\"#cccccc\">POMPE \u00c0 AIR (400w)<\/td>\n<td bgcolor=\"#cccccc\">1<\/td>\n<\/tr>\n<tr valign=\"TOP\">\n<td bgcolor=\"#f2f2f2\">POMPE DE RECIRCULATION (0,20 ch)<\/td>\n<td bgcolor=\"#f2f2f2\">1<\/td>\n<\/tr>\n<tr valign=\"TOP\">\n<td bgcolor=\"#cccccc\">CHAUFFAGE max 40\u00b0 (2kw)<\/td>\n<td bgcolor=\"#cccccc\">1 (BALBOA)<\/td>\n<\/tr>\n<tr valign=\"TOP\">\n<td bgcolor=\"#f2f2f2\">D\u00e9sinfectant UV<\/td>\n<td bgcolor=\"#f2f2f2\">1<\/td>\n<\/tr>\n<tr valign=\"TOP\">\n<td bgcolor=\"#cccccc\">SYST\u00c8ME DE FILTRAGE<\/td>\n<td bgcolor=\"#cccccc\">1 FILTRE<\/td>\n<\/tr>\n<tr valign=\"TOP\">\n<td bgcolor=\"#f2f2f2\">UNIT\u00c9 DE CONTR\u00d4LE PAR ORDINATEUR<\/td>\n<td bgcolor=\"#f2f2f2\">BALBOA<\/td>\n<\/tr>\n<tr valign=\"TOP\">\n<td bgcolor=\"#cccccc\">CHROMOTH\u00c9RAPIE \u00c0 LUMI\u00c8RE LED SOUS-MARINE<\/td>\n<td bgcolor=\"#cccccc\">1<\/td>\n<\/tr>\n<tr valign=\"TOP\">\n<td bgcolor=\"#f2f2f2\">JETS WHIRLPOOL<\/td>\n<td bgcolor=\"#f2f2f2\">25<\/td>\n<\/tr>\n<tr valign=\"TOP\">\n<td bgcolor=\"#cccccc\">JETS D&rsquo;AIR<\/td>\n<td bgcolor=\"#cccccc\">8<\/td>\n<\/tr>\n<tr valign=\"TOP\">\n<td bgcolor=\"#f2f2f2\">COULEUR INTERNE<\/td>\n<td bgcolor=\"#f2f2f2\">BLANC<\/td>\n<\/tr>\n<tr valign=\"TOP\">\n<td bgcolor=\"#cccccc\">BASE ACRYLIQUE<\/td>\n<td bgcolor=\"#cccccc\">OUI<\/td>\n<\/tr>\n<tr valign=\"TOP\">\n<td bgcolor=\"#f2f2f2\">S\u00c9ANCES<\/td>\n<td bgcolor=\"#f2f2f2\">2<\/td>\n<\/tr>\n<tr valign=\"TOP\">\n<td bgcolor=\"#cccccc\">SALON<\/td>\n<td bgcolor=\"#cccccc\">1<\/td>\n<\/tr>\n<tr valign=\"TOP\">\n<td bgcolor=\"#f2f2f2\">APPUI-T\u00caTE<\/td>\n<td bgcolor=\"#f2f2f2\">3<\/td>\n<\/tr>\n<tr valign=\"TOP\">\n<td bgcolor=\"#cccccc\">COUVERTURE ISOTHERME<\/td>\n<td bgcolor=\"#cccccc\">1<\/td>\n<\/tr>\n<tr valign=\"TOP\">\n<td bgcolor=\"#f2f2f2\">POIDS \u00c0 VIDE<\/td>\n<td bgcolor=\"#f2f2f2\">235kg<\/td>\n<\/tr>\n<tr valign=\"TOP\">\n<td bgcolor=\"#cccccc\">CAPACIT\u00c9 MAXIMALE<\/td>\n<td bgcolor=\"#cccccc\">620 litres<\/td>\n<\/tr>\n<\/tbody>\n<\/table>\n<\/div>\n","protected":false},"excerpt":{"rendered":"<p>Mini bain \u00e0 remous avec eau et air, pour 3 personnes, D\u00e9sinfectant UV, chauffage<\/p>\n","protected":false},"featured_media":20882,"comment_status":"open","ping_status":"closed","template":"","meta":[],"product_brand":[9909],"product_cat":[10069],"product_tag":[],"class_list":{"0":"post-78622","1":"product","2":"type-product","3":"status-publish","4":"has-post-thumbnail","6":"product_brand-puntorelax-fr","7":"product_cat-piscines-exterieures-a-hydromassage","9":"first","10":"instock","11":"sale","12":"taxable","13":"shipping-taxable","14":"purchasable","15":"product-type-simple"},"exclude_global_add_ons":false,"addons":[{"name":"Typologie","type":"multiple_choice","position":0,"required":true,"title_format":"heading","default":"","description_enable":false,"description":"","placeholder_enable":false,"placeholder":"","display":"select","restrictions_type":"any_text","adjust_price":false,"price":"","price_type":"flat_fee","restrictions":false,"min":"0","max":"0","options":[{"label":"Sans \u00e9chelle","price":"","price_type":"quantity_based","image":0,"visibility":true},{"label":"Avec \u00e9chelle","price":"229","price_type":"quantity_based","image":0,"visibility":true}],"id":1716292897}],"yoast_head":"<!-- This site is optimized with the Yoast SEO plugin v26.7 - https:\/\/yoast.com\/wordpress\/plugins\/seo\/ -->\n<title>Mini bain \u00e0 remous 210x160 , avec chauffage 3 places pompe double bain \u00e0 remous MP02<\/title>\n<meta name=\"description\" content=\"Mini bain \u00e0 remous avec eau et air, pour 3 personnes, th\u00e9rapie \u00e0 l&#039;ozone, chauffage\" \/>\n<meta name=\"robots\" content=\"index, follow, max-snippet:-1, max-image-preview:large, max-video-preview:-1\" \/>\n<link rel=\"canonical\" href=\"https:\/\/www.bagnoitalia.com\/fr\/produit\/mini-piscine-210x160-avec-chauffe-33-jets-pompe-double-tourbillon-3-sessions.html\" \/>\n<meta property=\"og:locale\" content=\"fr_FR\" \/>\n<meta property=\"og:type\" content=\"article\" \/>\n<meta property=\"og:title\" content=\"Mini bain \u00e0 remous 210x160 , avec chauffage 3 places pompe double bain \u00e0 remous MP02\" \/>\n<meta property=\"og:description\" content=\"Mini bain \u00e0 remous avec eau et air, pour 3 personnes, th\u00e9rapie \u00e0 l&#039;ozone, chauffage\" \/>\n<meta property=\"og:url\" content=\"https:\/\/www.bagnoitalia.com\/fr\/produit\/mini-piscine-210x160-avec-chauffe-33-jets-pompe-double-tourbillon-3-sessions.html\" \/>\n<meta property=\"og:site_name\" content=\"Bagno Italia\" \/>\n<meta property=\"article:modified_time\" content=\"2025-06-16T14:27:33+00:00\" \/>\n<meta property=\"og:image\" content=\"https:\/\/img.bagnoitalia.com\/wp-content\/uploads\/virtuemart\/product\/minipiscina-idromassaggio-210x160-mp02.jpg\" \/>\n\t<meta property=\"og:image:width\" content=\"550\" \/>\n\t<meta property=\"og:image:height\" content=\"550\" \/>\n\t<meta property=\"og:image:type\" content=\"image\/jpeg\" \/>\n<meta name=\"twitter:card\" content=\"summary_large_image\" \/>\n<meta name=\"twitter:label1\" content=\"Dur\u00e9e de lecture estim\u00e9e\" \/>\n\t<meta name=\"twitter:data1\" content=\"2 minutes\" \/>\n<script type=\"application\/ld+json\" class=\"yoast-schema-graph\">{\"@context\":\"https:\/\/schema.org\",\"@graph\":[{\"@type\":\"WebPage\",\"@id\":\"https:\/\/www.bagnoitalia.com\/fr\/produit\/mini-piscine-210x160-avec-chauffe-33-jets-pompe-double-tourbillon-3-sessions.html\",\"url\":\"https:\/\/www.bagnoitalia.com\/fr\/produit\/mini-piscine-210x160-avec-chauffe-33-jets-pompe-double-tourbillon-3-sessions.html\",\"name\":\"Mini bain \u00e0 remous 210x160 , avec chauffage 3 places pompe double bain \u00e0 remous MP02\",\"isPartOf\":{\"@id\":\"https:\/\/www.bagnoitalia.com\/fr#website\"},\"primaryImageOfPage\":{\"@id\":\"https:\/\/www.bagnoitalia.com\/fr\/produit\/mini-piscine-210x160-avec-chauffe-33-jets-pompe-double-tourbillon-3-sessions.html#primaryimage\"},\"image\":{\"@id\":\"https:\/\/www.bagnoitalia.com\/fr\/produit\/mini-piscine-210x160-avec-chauffe-33-jets-pompe-double-tourbillon-3-sessions.html#primaryimage\"},\"thumbnailUrl\":\"https:\/\/img.bagnoitalia.com\/wp-content\/uploads\/virtuemart\/product\/minipiscina-idromassaggio-210x160-mp02.jpg\",\"datePublished\":\"2014-02-02T13:42:12+00:00\",\"dateModified\":\"2025-06-16T14:27:33+00:00\",\"description\":\"Mini bain \u00e0 remous avec eau et air, pour 3 personnes, th\u00e9rapie \u00e0 l'ozone, chauffage\",\"breadcrumb\":{\"@id\":\"https:\/\/www.bagnoitalia.com\/fr\/produit\/mini-piscine-210x160-avec-chauffe-33-jets-pompe-double-tourbillon-3-sessions.html#breadcrumb\"},\"inLanguage\":\"fr-FR\",\"potentialAction\":[{\"@type\":\"ReadAction\",\"target\":[\"https:\/\/www.bagnoitalia.com\/fr\/produit\/mini-piscine-210x160-avec-chauffe-33-jets-pompe-double-tourbillon-3-sessions.html\"]}]},{\"@type\":\"ImageObject\",\"inLanguage\":\"fr-FR\",\"@id\":\"https:\/\/www.bagnoitalia.com\/fr\/produit\/mini-piscine-210x160-avec-chauffe-33-jets-pompe-double-tourbillon-3-sessions.html#primaryimage\",\"url\":\"https:\/\/img.bagnoitalia.com\/wp-content\/uploads\/virtuemart\/product\/minipiscina-idromassaggio-210x160-mp02.jpg\",\"contentUrl\":\"https:\/\/img.bagnoitalia.com\/wp-content\/uploads\/virtuemart\/product\/minipiscina-idromassaggio-210x160-mp02.jpg\",\"width\":550,\"height\":550},{\"@type\":\"BreadcrumbList\",\"@id\":\"https:\/\/www.bagnoitalia.com\/fr\/produit\/mini-piscine-210x160-avec-chauffe-33-jets-pompe-double-tourbillon-3-sessions.html#breadcrumb\",\"itemListElement\":[{\"@type\":\"ListItem\",\"position\":1,\"name\":\"Home\",\"item\":\"https:\/\/www.bagnoitalia.com\/fr\"},{\"@type\":\"ListItem\",\"position\":2,\"name\":\"Produits\",\"item\":\"https:\/\/www.bagnoitalia.com\/fr\/shop\"},{\"@type\":\"ListItem\",\"position\":3,\"name\":\"Mini bain \u00e0 remous 210&#215;160 , avec chauffage 3 places pompe double bain \u00e0 remous MP02\"}]},{\"@type\":\"WebSite\",\"@id\":\"https:\/\/www.bagnoitalia.com\/fr#website\",\"url\":\"https:\/\/www.bagnoitalia.com\/fr\",\"name\":\"Bagno Italia\",\"description\":\"\",\"publisher\":{\"@id\":\"https:\/\/www.bagnoitalia.com\/fr#organization\"},\"potentialAction\":[{\"@type\":\"SearchAction\",\"target\":{\"@type\":\"EntryPoint\",\"urlTemplate\":\"https:\/\/www.bagnoitalia.com\/fr?s={search_term_string}\"},\"query-input\":{\"@type\":\"PropertyValueSpecification\",\"valueRequired\":true,\"valueName\":\"search_term_string\"}}],\"inLanguage\":\"fr-FR\"},{\"@type\":\"Organization\",\"@id\":\"https:\/\/www.bagnoitalia.com\/fr#organization\",\"name\":\"Bagno Italia\",\"url\":\"https:\/\/www.bagnoitalia.com\/fr\",\"logo\":{\"@type\":\"ImageObject\",\"inLanguage\":\"fr-FR\",\"@id\":\"https:\/\/www.bagnoitalia.com\/fr#\/schema\/logo\/image\/\",\"url\":\"https:\/\/img.bagnoitalia.com\/wp-content\/uploads\/logo-bagnoitalia.webp\",\"contentUrl\":\"https:\/\/img.bagnoitalia.com\/wp-content\/uploads\/logo-bagnoitalia.webp\",\"width\":400,\"height\":70,\"caption\":\"Bagno Italia\"},\"image\":{\"@id\":\"https:\/\/www.bagnoitalia.com\/fr#\/schema\/logo\/image\/\"}}]}<\/script>\n<!-- \/ Yoast SEO plugin. -->","yoast_head_json":{"title":"Mini bain \u00e0 remous 210x160 , avec chauffage 3 places pompe double bain \u00e0 remous MP02","description":"Mini bain \u00e0 remous avec eau et air, pour 3 personnes, th\u00e9rapie \u00e0 l'ozone, chauffage","robots":{"index":"index","follow":"follow","max-snippet":"max-snippet:-1","max-image-preview":"max-image-preview:large","max-video-preview":"max-video-preview:-1"},"canonical":"https:\/\/www.bagnoitalia.com\/fr\/produit\/mini-piscine-210x160-avec-chauffe-33-jets-pompe-double-tourbillon-3-sessions.html","og_locale":"fr_FR","og_type":"article","og_title":"Mini bain \u00e0 remous 210x160 , avec chauffage 3 places pompe double bain \u00e0 remous MP02","og_description":"Mini bain \u00e0 remous avec eau et air, pour 3 personnes, th\u00e9rapie \u00e0 l'ozone, chauffage","og_url":"https:\/\/www.bagnoitalia.com\/fr\/produit\/mini-piscine-210x160-avec-chauffe-33-jets-pompe-double-tourbillon-3-sessions.html","og_site_name":"Bagno Italia","article_modified_time":"2025-06-16T14:27:33+00:00","og_image":[{"width":550,"height":550,"url":"https:\/\/img.bagnoitalia.com\/wp-content\/uploads\/virtuemart\/product\/minipiscina-idromassaggio-210x160-mp02.jpg","type":"image\/jpeg"}],"twitter_card":"summary_large_image","twitter_misc":{"Dur\u00e9e de lecture estim\u00e9e":"2 minutes"},"schema":{"@context":"https:\/\/schema.org","@graph":[{"@type":"WebPage","@id":"https:\/\/www.bagnoitalia.com\/fr\/produit\/mini-piscine-210x160-avec-chauffe-33-jets-pompe-double-tourbillon-3-sessions.html","url":"https:\/\/www.bagnoitalia.com\/fr\/produit\/mini-piscine-210x160-avec-chauffe-33-jets-pompe-double-tourbillon-3-sessions.html","name":"Mini bain \u00e0 remous 210x160 , avec chauffage 3 places pompe double bain \u00e0 remous MP02","isPartOf":{"@id":"https:\/\/www.bagnoitalia.com\/fr#website"},"primaryImageOfPage":{"@id":"https:\/\/www.bagnoitalia.com\/fr\/produit\/mini-piscine-210x160-avec-chauffe-33-jets-pompe-double-tourbillon-3-sessions.html#primaryimage"},"image":{"@id":"https:\/\/www.bagnoitalia.com\/fr\/produit\/mini-piscine-210x160-avec-chauffe-33-jets-pompe-double-tourbillon-3-sessions.html#primaryimage"},"thumbnailUrl":"https:\/\/img.bagnoitalia.com\/wp-content\/uploads\/virtuemart\/product\/minipiscina-idromassaggio-210x160-mp02.jpg","datePublished":"2014-02-02T13:42:12+00:00","dateModified":"2025-06-16T14:27:33+00:00","description":"Mini bain \u00e0 remous avec eau et air, pour 3 personnes, th\u00e9rapie \u00e0 l'ozone, chauffage","breadcrumb":{"@id":"https:\/\/www.bagnoitalia.com\/fr\/produit\/mini-piscine-210x160-avec-chauffe-33-jets-pompe-double-tourbillon-3-sessions.html#breadcrumb"},"inLanguage":"fr-FR","potentialAction":[{"@type":"ReadAction","target":["https:\/\/www.bagnoitalia.com\/fr\/produit\/mini-piscine-210x160-avec-chauffe-33-jets-pompe-double-tourbillon-3-sessions.html"]}]},{"@type":"ImageObject","inLanguage":"fr-FR","@id":"https:\/\/www.bagnoitalia.com\/fr\/produit\/mini-piscine-210x160-avec-chauffe-33-jets-pompe-double-tourbillon-3-sessions.html#primaryimage","url":"https:\/\/img.bagnoitalia.com\/wp-content\/uploads\/virtuemart\/product\/minipiscina-idromassaggio-210x160-mp02.jpg","contentUrl":"https:\/\/img.bagnoitalia.com\/wp-content\/uploads\/virtuemart\/product\/minipiscina-idromassaggio-210x160-mp02.jpg","width":550,"height":550},{"@type":"BreadcrumbList","@id":"https:\/\/www.bagnoitalia.com\/fr\/produit\/mini-piscine-210x160-avec-chauffe-33-jets-pompe-double-tourbillon-3-sessions.html#breadcrumb","itemListElement":[{"@type":"ListItem","position":1,"name":"Home","item":"https:\/\/www.bagnoitalia.com\/fr"},{"@type":"ListItem","position":2,"name":"Produits","item":"https:\/\/www.bagnoitalia.com\/fr\/shop"},{"@type":"ListItem","position":3,"name":"Mini bain \u00e0 remous 210&#215;160 , avec chauffage 3 places pompe double bain \u00e0 remous MP02"}]},{"@type":"WebSite","@id":"https:\/\/www.bagnoitalia.com\/fr#website","url":"https:\/\/www.bagnoitalia.com\/fr","name":"Bagno Italia","description":"","publisher":{"@id":"https:\/\/www.bagnoitalia.com\/fr#organization"},"potentialAction":[{"@type":"SearchAction","target":{"@type":"EntryPoint","urlTemplate":"https:\/\/www.bagnoitalia.com\/fr?s={search_term_string}"},"query-input":{"@type":"PropertyValueSpecification","valueRequired":true,"valueName":"search_term_string"}}],"inLanguage":"fr-FR"},{"@type":"Organization","@id":"https:\/\/www.bagnoitalia.com\/fr#organization","name":"Bagno Italia","url":"https:\/\/www.bagnoitalia.com\/fr","logo":{"@type":"ImageObject","inLanguage":"fr-FR","@id":"https:\/\/www.bagnoitalia.com\/fr#\/schema\/logo\/image\/","url":"https:\/\/img.bagnoitalia.com\/wp-content\/uploads\/logo-bagnoitalia.webp","contentUrl":"https:\/\/img.bagnoitalia.com\/wp-content\/uploads\/logo-bagnoitalia.webp","width":400,"height":70,"caption":"Bagno Italia"},"image":{"@id":"https:\/\/www.bagnoitalia.com\/fr#\/schema\/logo\/image\/"}}]}},"_links":{"self":[{"href":"https:\/\/www.bagnoitalia.com\/fr\/wp-json\/wp\/v2\/product\/78622","targetHints":{"allow":["GET"]}}],"collection":[{"href":"https:\/\/www.bagnoitalia.com\/fr\/wp-json\/wp\/v2\/product"}],"about":[{"href":"https:\/\/www.bagnoitalia.com\/fr\/wp-json\/wp\/v2\/types\/product"}],"replies":[{"embeddable":true,"href":"https:\/\/www.bagnoitalia.com\/fr\/wp-json\/wp\/v2\/comments?post=78622"}],"version-history":[{"count":4,"href":"https:\/\/www.bagnoitalia.com\/fr\/wp-json\/wp\/v2\/product\/78622\/revisions"}],"predecessor-version":[{"id":109075,"href":"https:\/\/www.bagnoitalia.com\/fr\/wp-json\/wp\/v2\/product\/78622\/revisions\/109075"}],"wp:featuredmedia":[{"embeddable":true,"href":"https:\/\/www.bagnoitalia.com\/fr\/wp-json\/wp\/v2\/media\/20882"}],"wp:attachment":[{"href":"https:\/\/www.bagnoitalia.com\/fr\/wp-json\/wp\/v2\/media?parent=78622"}],"wp:term":[{"taxonomy":"product_brand","embeddable":true,"href":"https:\/\/www.bagnoitalia.com\/fr\/wp-json\/wp\/v2\/product_brand?post=78622"},{"taxonomy":"product_cat","embeddable":true,"href":"https:\/\/www.bagnoitalia.com\/fr\/wp-json\/wp\/v2\/product_cat?post=78622"},{"taxonomy":"product_tag","embeddable":true,"href":"https:\/\/www.bagnoitalia.com\/fr\/wp-json\/wp\/v2\/product_tag?post=78622"}],"curies":[{"name":"wp","href":"https:\/\/api.w.org\/{rel}","templated":true}]}}