{"id":78554,"date":"2014-01-14T16:14:10","date_gmt":"2014-01-14T15:14:10","guid":{"rendered":"https:\/\/www.bagnoitalia.com\/product\/baignoire-a-remous-135x135-avec-melangeur-a-cascade-cromoterpia-pour-deux-personnes-disponible-aussi-full-optional-vs004"},"modified":"2026-01-15T11:15:32","modified_gmt":"2026-01-15T10:15:32","slug":"baignoire-a-remous-135x135-avec-melangeur-a-cascade-cromoterpia-pour-deux-personnes-disponible-aussi-full-optional-vs004","status":"publish","type":"product","link":"https:\/\/www.bagnoitalia.com\/fr\/produit\/baignoire-a-remous-135x135-avec-melangeur-a-cascade-cromoterpia-pour-deux-personnes-disponible-aussi-full-optional-vs004.html","title":{"rendered":"Baignoire \u00e0 remous 135&#215;135 pour deux personnes avec mitigeur cascade, chromoth\u00e9rapie, disponible aussi TOUTES OPTIONS VS004"},"content":{"rendered":"<p><span style=\"font-size: 14pt;\"><strong>BAIGNOIRE HYDROMASSANTE 135x135x62 cm pour deux personnes<\/strong><\/span><\/p>\n<p>&nbsp;<\/p>\n<p><span style=\"font-size: 10pt;\"><strong>Description:<\/strong><\/span><\/p>\n<p><span style=\"font-size: 10pt;\">Baignoire d&rsquo;hydromassage en acrilic renforc\u00e9e par 3 couches en ABS<br \/>\n<\/span><\/p>\n<p><span style=\"font-size: 10pt;\">cadre en acier<\/span><\/p>\n<p><span style=\"font-size: 10pt;\">1 pompe de 1 Hp<\/span><\/p>\n<p><span style=\"font-size: 10pt;\">4 grands jets<\/span><\/p>\n<p><span style=\"font-size: 10pt;\">8 petits jets<\/span><\/p>\n<p><span style=\"font-size: 10pt;\">Lampe chromatique et radio<br \/>\n<\/span><\/p>\n<p><span style=\"font-size: 10pt;\">Robinets et mitigeur cascade inclus<br \/>\n<\/span><\/p>\n<p><span style=\"font-size: 10pt;\">2 appuie<\/span> &#8211; <span style=\"font-size: 10pt;\">t\u00eate<\/span><\/p>\n<p>&nbsp;<\/p>\n<p><span style=\"font-size: 10pt;\">Poids: 95 kg, <span style=\"font-size: 10pt;\">peut contenir 300 litres<\/span><br \/>\n<\/span><\/p>\n<p>&nbsp;<\/p>\n<p><span style=\"font-size: 10pt;\">Rayon au centre de la baignoire: 130 cm.<\/span><\/p>\n<p>&nbsp;<\/p>\n<p><span style=\"font-size: 10pt;\">Le syst\u00e8me \u00e9lectrique, en cas de surtension, est prot\u00e9g\u00e9 par un fusible.<\/span><\/p>\n<p>&nbsp;<\/p>\n<p><span style=\"font-size: 10pt;\">L&rsquo;appareil de chauffage s&rsquo;allume par le panneau de commande et les touches + et &#8211; permettent de r\u00e9gler la temp\u00e9rature souhait\u00e9e.<\/span><\/p>\n<pre> <span style=\"font-size: 10pt;\"><span style=\"color: #ff0000; font-size: 12pt;\"><strong>\r\n <span style=\"font-size: 10pt;\">Attention:<\/span><\/strong><\/span> <strong>la version toutes options avec<\/strong> <strong>12 jets suppl\u00e9mentaires (24 jets au total) poss\u00e8de une pompe \u00e0 air,12 jets au fond de la baignoire (2 pompes au total),un chauffage de 1,5kw,mitigeurs thermostatiques.<\/strong><strong>\r\n <strong>\u00a0<\/strong><\/strong>\u00a0<\/span><\/pre>\n<p>&nbsp;<\/p>\n<pre><\/pre>\n<p>&nbsp;<\/p>\n","protected":false},"excerpt":{"rendered":"<p>Baignoire \u00e0 remous 135&#215;135 pour deux personnes, chromoth\u00e9rapie, radio. DISPONIBLE AUSSI EN VERSION TOUTES OPTIONS (avec 24 jets, chauffage)<\/p>\n","protected":false},"featured_media":20502,"comment_status":"open","ping_status":"closed","template":"","meta":[],"product_brand":[9909],"product_cat":[9707,9743],"product_tag":[],"class_list":{"0":"post-78554","1":"product","2":"type-product","3":"status-publish","4":"has-post-thumbnail","6":"product_brand-puntorelax-fr","7":"product_cat-baignoire-balneo","8":"product_cat-piscines-d-39-hydromassage","10":"first","11":"instock","12":"sale","13":"taxable","14":"shipping-taxable","15":"purchasable","16":"product-type-simple"},"exclude_global_add_ons":false,"addons":[{"name":"Typologie","type":"multiple_choice","position":0,"required":true,"title_format":"heading","default":"","description_enable":false,"description":"","placeholder_enable":false,"placeholder":"","display":"select","restrictions_type":"any_text","adjust_price":false,"price":"","price_type":"flat_fee","restrictions":false,"min":"0","max":"0","options":[{"label":"standard","price":"","price_type":"quantity_based","image":0,"visibility":true},{"label":"enti\u00e8rement \u00e9quip\u00e9","price":"290","price_type":"quantity_based","image":0,"visibility":true}],"id":1716396454}],"yoast_head":"<!-- This site is optimized with the Yoast SEO plugin v26.7 - https:\/\/yoast.com\/wordpress\/plugins\/seo\/ -->\n<title>Baignoire \u00e0 remous 135x135 pour deux personnes avec mitigeur cascade, chromoth\u00e9rapie, disponible aussi TOUTES OPTIONS VS004<\/title>\n<meta name=\"description\" content=\"18 bains \u00e0 remous hydro-jet. Dimensions 135x135x62cm, id\u00e9al pour 2 personnes. Avec la chromoth\u00e9rapie, 2 coussins d&#039;appui-t\u00eate et la radio, achetez-le maintenant!\" \/>\n<meta name=\"robots\" content=\"index, follow, max-snippet:-1, max-image-preview:large, max-video-preview:-1\" \/>\n<link rel=\"canonical\" href=\"https:\/\/www.bagnoitalia.com\/fr\/produit\/baignoire-a-remous-135x135-avec-melangeur-a-cascade-cromoterpia-pour-deux-personnes-disponible-aussi-full-optional-vs004.html\" \/>\n<meta property=\"og:locale\" content=\"fr_FR\" \/>\n<meta property=\"og:type\" content=\"article\" \/>\n<meta property=\"og:title\" content=\"Baignoire \u00e0 remous 135x135 pour deux personnes avec mitigeur cascade, chromoth\u00e9rapie, disponible aussi TOUTES OPTIONS VS004\" \/>\n<meta property=\"og:description\" content=\"18 bains \u00e0 remous hydro-jet. Dimensions 135x135x62cm, id\u00e9al pour 2 personnes. Avec la chromoth\u00e9rapie, 2 coussins d&#039;appui-t\u00eate et la radio, achetez-le maintenant!\" \/>\n<meta property=\"og:url\" content=\"https:\/\/www.bagnoitalia.com\/fr\/produit\/baignoire-a-remous-135x135-avec-melangeur-a-cascade-cromoterpia-pour-deux-personnes-disponible-aussi-full-optional-vs004.html\" \/>\n<meta property=\"og:site_name\" content=\"Bagno Italia\" \/>\n<meta property=\"article:modified_time\" content=\"2026-01-15T10:15:32+00:00\" \/>\n<meta property=\"og:image\" content=\"https:\/\/img.bagnoitalia.com\/wp-content\/uploads\/virtuemart\/product\/vasca-idromassaggio-135x135-cm-standard.jpg\" \/>\n\t<meta property=\"og:image:width\" content=\"550\" \/>\n\t<meta property=\"og:image:height\" content=\"550\" \/>\n\t<meta property=\"og:image:type\" content=\"image\/jpeg\" \/>\n<meta name=\"twitter:card\" content=\"summary_large_image\" \/>\n<meta name=\"twitter:label1\" content=\"Dur\u00e9e de lecture estim\u00e9e\" \/>\n\t<meta name=\"twitter:data1\" content=\"1 minute\" \/>\n<script type=\"application\/ld+json\" class=\"yoast-schema-graph\">{\"@context\":\"https:\/\/schema.org\",\"@graph\":[{\"@type\":\"WebPage\",\"@id\":\"https:\/\/www.bagnoitalia.com\/fr\/produit\/baignoire-a-remous-135x135-avec-melangeur-a-cascade-cromoterpia-pour-deux-personnes-disponible-aussi-full-optional-vs004.html\",\"url\":\"https:\/\/www.bagnoitalia.com\/fr\/produit\/baignoire-a-remous-135x135-avec-melangeur-a-cascade-cromoterpia-pour-deux-personnes-disponible-aussi-full-optional-vs004.html\",\"name\":\"Baignoire \u00e0 remous 135x135 pour deux personnes avec mitigeur cascade, chromoth\u00e9rapie, disponible aussi TOUTES OPTIONS VS004\",\"isPartOf\":{\"@id\":\"https:\/\/www.bagnoitalia.com\/fr#website\"},\"primaryImageOfPage\":{\"@id\":\"https:\/\/www.bagnoitalia.com\/fr\/produit\/baignoire-a-remous-135x135-avec-melangeur-a-cascade-cromoterpia-pour-deux-personnes-disponible-aussi-full-optional-vs004.html#primaryimage\"},\"image\":{\"@id\":\"https:\/\/www.bagnoitalia.com\/fr\/produit\/baignoire-a-remous-135x135-avec-melangeur-a-cascade-cromoterpia-pour-deux-personnes-disponible-aussi-full-optional-vs004.html#primaryimage\"},\"thumbnailUrl\":\"https:\/\/img.bagnoitalia.com\/wp-content\/uploads\/virtuemart\/product\/vasca-idromassaggio-135x135-cm-standard.jpg\",\"datePublished\":\"2014-01-14T15:14:10+00:00\",\"dateModified\":\"2026-01-15T10:15:32+00:00\",\"description\":\"18 bains \u00e0 remous hydro-jet. Dimensions 135x135x62cm, id\u00e9al pour 2 personnes. Avec la chromoth\u00e9rapie, 2 coussins d'appui-t\u00eate et la radio, achetez-le maintenant!\",\"breadcrumb\":{\"@id\":\"https:\/\/www.bagnoitalia.com\/fr\/produit\/baignoire-a-remous-135x135-avec-melangeur-a-cascade-cromoterpia-pour-deux-personnes-disponible-aussi-full-optional-vs004.html#breadcrumb\"},\"inLanguage\":\"fr-FR\",\"potentialAction\":[{\"@type\":\"ReadAction\",\"target\":[\"https:\/\/www.bagnoitalia.com\/fr\/produit\/baignoire-a-remous-135x135-avec-melangeur-a-cascade-cromoterpia-pour-deux-personnes-disponible-aussi-full-optional-vs004.html\"]}]},{\"@type\":\"ImageObject\",\"inLanguage\":\"fr-FR\",\"@id\":\"https:\/\/www.bagnoitalia.com\/fr\/produit\/baignoire-a-remous-135x135-avec-melangeur-a-cascade-cromoterpia-pour-deux-personnes-disponible-aussi-full-optional-vs004.html#primaryimage\",\"url\":\"https:\/\/img.bagnoitalia.com\/wp-content\/uploads\/virtuemart\/product\/vasca-idromassaggio-135x135-cm-standard.jpg\",\"contentUrl\":\"https:\/\/img.bagnoitalia.com\/wp-content\/uploads\/virtuemart\/product\/vasca-idromassaggio-135x135-cm-standard.jpg\",\"width\":550,\"height\":550},{\"@type\":\"BreadcrumbList\",\"@id\":\"https:\/\/www.bagnoitalia.com\/fr\/produit\/baignoire-a-remous-135x135-avec-melangeur-a-cascade-cromoterpia-pour-deux-personnes-disponible-aussi-full-optional-vs004.html#breadcrumb\",\"itemListElement\":[{\"@type\":\"ListItem\",\"position\":1,\"name\":\"Home\",\"item\":\"https:\/\/www.bagnoitalia.com\/fr\"},{\"@type\":\"ListItem\",\"position\":2,\"name\":\"Produits\",\"item\":\"https:\/\/www.bagnoitalia.com\/fr\/shop\"},{\"@type\":\"ListItem\",\"position\":3,\"name\":\"Baignoire \u00e0 remous 135&#215;135 pour deux personnes avec mitigeur cascade, chromoth\u00e9rapie, disponible aussi TOUTES OPTIONS VS004\"}]},{\"@type\":\"WebSite\",\"@id\":\"https:\/\/www.bagnoitalia.com\/fr#website\",\"url\":\"https:\/\/www.bagnoitalia.com\/fr\",\"name\":\"Bagno Italia\",\"description\":\"\",\"publisher\":{\"@id\":\"https:\/\/www.bagnoitalia.com\/fr#organization\"},\"potentialAction\":[{\"@type\":\"SearchAction\",\"target\":{\"@type\":\"EntryPoint\",\"urlTemplate\":\"https:\/\/www.bagnoitalia.com\/fr?s={search_term_string}\"},\"query-input\":{\"@type\":\"PropertyValueSpecification\",\"valueRequired\":true,\"valueName\":\"search_term_string\"}}],\"inLanguage\":\"fr-FR\"},{\"@type\":\"Organization\",\"@id\":\"https:\/\/www.bagnoitalia.com\/fr#organization\",\"name\":\"Bagno Italia\",\"url\":\"https:\/\/www.bagnoitalia.com\/fr\",\"logo\":{\"@type\":\"ImageObject\",\"inLanguage\":\"fr-FR\",\"@id\":\"https:\/\/www.bagnoitalia.com\/fr#\/schema\/logo\/image\/\",\"url\":\"https:\/\/img.bagnoitalia.com\/wp-content\/uploads\/logo-bagnoitalia.webp\",\"contentUrl\":\"https:\/\/img.bagnoitalia.com\/wp-content\/uploads\/logo-bagnoitalia.webp\",\"width\":400,\"height\":70,\"caption\":\"Bagno Italia\"},\"image\":{\"@id\":\"https:\/\/www.bagnoitalia.com\/fr#\/schema\/logo\/image\/\"}}]}<\/script>\n<!-- \/ Yoast SEO plugin. -->","yoast_head_json":{"title":"Baignoire \u00e0 remous 135x135 pour deux personnes avec mitigeur cascade, chromoth\u00e9rapie, disponible aussi TOUTES OPTIONS VS004","description":"18 bains \u00e0 remous hydro-jet. Dimensions 135x135x62cm, id\u00e9al pour 2 personnes. Avec la chromoth\u00e9rapie, 2 coussins d'appui-t\u00eate et la radio, achetez-le maintenant!","robots":{"index":"index","follow":"follow","max-snippet":"max-snippet:-1","max-image-preview":"max-image-preview:large","max-video-preview":"max-video-preview:-1"},"canonical":"https:\/\/www.bagnoitalia.com\/fr\/produit\/baignoire-a-remous-135x135-avec-melangeur-a-cascade-cromoterpia-pour-deux-personnes-disponible-aussi-full-optional-vs004.html","og_locale":"fr_FR","og_type":"article","og_title":"Baignoire \u00e0 remous 135x135 pour deux personnes avec mitigeur cascade, chromoth\u00e9rapie, disponible aussi TOUTES OPTIONS VS004","og_description":"18 bains \u00e0 remous hydro-jet. Dimensions 135x135x62cm, id\u00e9al pour 2 personnes. Avec la chromoth\u00e9rapie, 2 coussins d'appui-t\u00eate et la radio, achetez-le maintenant!","og_url":"https:\/\/www.bagnoitalia.com\/fr\/produit\/baignoire-a-remous-135x135-avec-melangeur-a-cascade-cromoterpia-pour-deux-personnes-disponible-aussi-full-optional-vs004.html","og_site_name":"Bagno Italia","article_modified_time":"2026-01-15T10:15:32+00:00","og_image":[{"width":550,"height":550,"url":"https:\/\/img.bagnoitalia.com\/wp-content\/uploads\/virtuemart\/product\/vasca-idromassaggio-135x135-cm-standard.jpg","type":"image\/jpeg"}],"twitter_card":"summary_large_image","twitter_misc":{"Dur\u00e9e de lecture estim\u00e9e":"1 minute"},"schema":{"@context":"https:\/\/schema.org","@graph":[{"@type":"WebPage","@id":"https:\/\/www.bagnoitalia.com\/fr\/produit\/baignoire-a-remous-135x135-avec-melangeur-a-cascade-cromoterpia-pour-deux-personnes-disponible-aussi-full-optional-vs004.html","url":"https:\/\/www.bagnoitalia.com\/fr\/produit\/baignoire-a-remous-135x135-avec-melangeur-a-cascade-cromoterpia-pour-deux-personnes-disponible-aussi-full-optional-vs004.html","name":"Baignoire \u00e0 remous 135x135 pour deux personnes avec mitigeur cascade, chromoth\u00e9rapie, disponible aussi TOUTES OPTIONS VS004","isPartOf":{"@id":"https:\/\/www.bagnoitalia.com\/fr#website"},"primaryImageOfPage":{"@id":"https:\/\/www.bagnoitalia.com\/fr\/produit\/baignoire-a-remous-135x135-avec-melangeur-a-cascade-cromoterpia-pour-deux-personnes-disponible-aussi-full-optional-vs004.html#primaryimage"},"image":{"@id":"https:\/\/www.bagnoitalia.com\/fr\/produit\/baignoire-a-remous-135x135-avec-melangeur-a-cascade-cromoterpia-pour-deux-personnes-disponible-aussi-full-optional-vs004.html#primaryimage"},"thumbnailUrl":"https:\/\/img.bagnoitalia.com\/wp-content\/uploads\/virtuemart\/product\/vasca-idromassaggio-135x135-cm-standard.jpg","datePublished":"2014-01-14T15:14:10+00:00","dateModified":"2026-01-15T10:15:32+00:00","description":"18 bains \u00e0 remous hydro-jet. Dimensions 135x135x62cm, id\u00e9al pour 2 personnes. Avec la chromoth\u00e9rapie, 2 coussins d'appui-t\u00eate et la radio, achetez-le maintenant!","breadcrumb":{"@id":"https:\/\/www.bagnoitalia.com\/fr\/produit\/baignoire-a-remous-135x135-avec-melangeur-a-cascade-cromoterpia-pour-deux-personnes-disponible-aussi-full-optional-vs004.html#breadcrumb"},"inLanguage":"fr-FR","potentialAction":[{"@type":"ReadAction","target":["https:\/\/www.bagnoitalia.com\/fr\/produit\/baignoire-a-remous-135x135-avec-melangeur-a-cascade-cromoterpia-pour-deux-personnes-disponible-aussi-full-optional-vs004.html"]}]},{"@type":"ImageObject","inLanguage":"fr-FR","@id":"https:\/\/www.bagnoitalia.com\/fr\/produit\/baignoire-a-remous-135x135-avec-melangeur-a-cascade-cromoterpia-pour-deux-personnes-disponible-aussi-full-optional-vs004.html#primaryimage","url":"https:\/\/img.bagnoitalia.com\/wp-content\/uploads\/virtuemart\/product\/vasca-idromassaggio-135x135-cm-standard.jpg","contentUrl":"https:\/\/img.bagnoitalia.com\/wp-content\/uploads\/virtuemart\/product\/vasca-idromassaggio-135x135-cm-standard.jpg","width":550,"height":550},{"@type":"BreadcrumbList","@id":"https:\/\/www.bagnoitalia.com\/fr\/produit\/baignoire-a-remous-135x135-avec-melangeur-a-cascade-cromoterpia-pour-deux-personnes-disponible-aussi-full-optional-vs004.html#breadcrumb","itemListElement":[{"@type":"ListItem","position":1,"name":"Home","item":"https:\/\/www.bagnoitalia.com\/fr"},{"@type":"ListItem","position":2,"name":"Produits","item":"https:\/\/www.bagnoitalia.com\/fr\/shop"},{"@type":"ListItem","position":3,"name":"Baignoire \u00e0 remous 135&#215;135 pour deux personnes avec mitigeur cascade, chromoth\u00e9rapie, disponible aussi TOUTES OPTIONS VS004"}]},{"@type":"WebSite","@id":"https:\/\/www.bagnoitalia.com\/fr#website","url":"https:\/\/www.bagnoitalia.com\/fr","name":"Bagno Italia","description":"","publisher":{"@id":"https:\/\/www.bagnoitalia.com\/fr#organization"},"potentialAction":[{"@type":"SearchAction","target":{"@type":"EntryPoint","urlTemplate":"https:\/\/www.bagnoitalia.com\/fr?s={search_term_string}"},"query-input":{"@type":"PropertyValueSpecification","valueRequired":true,"valueName":"search_term_string"}}],"inLanguage":"fr-FR"},{"@type":"Organization","@id":"https:\/\/www.bagnoitalia.com\/fr#organization","name":"Bagno Italia","url":"https:\/\/www.bagnoitalia.com\/fr","logo":{"@type":"ImageObject","inLanguage":"fr-FR","@id":"https:\/\/www.bagnoitalia.com\/fr#\/schema\/logo\/image\/","url":"https:\/\/img.bagnoitalia.com\/wp-content\/uploads\/logo-bagnoitalia.webp","contentUrl":"https:\/\/img.bagnoitalia.com\/wp-content\/uploads\/logo-bagnoitalia.webp","width":400,"height":70,"caption":"Bagno Italia"},"image":{"@id":"https:\/\/www.bagnoitalia.com\/fr#\/schema\/logo\/image\/"}}]}},"_links":{"self":[{"href":"https:\/\/www.bagnoitalia.com\/fr\/wp-json\/wp\/v2\/product\/78554","targetHints":{"allow":["GET"]}}],"collection":[{"href":"https:\/\/www.bagnoitalia.com\/fr\/wp-json\/wp\/v2\/product"}],"about":[{"href":"https:\/\/www.bagnoitalia.com\/fr\/wp-json\/wp\/v2\/types\/product"}],"replies":[{"embeddable":true,"href":"https:\/\/www.bagnoitalia.com\/fr\/wp-json\/wp\/v2\/comments?post=78554"}],"version-history":[{"count":4,"href":"https:\/\/www.bagnoitalia.com\/fr\/wp-json\/wp\/v2\/product\/78554\/revisions"}],"predecessor-version":[{"id":109080,"href":"https:\/\/www.bagnoitalia.com\/fr\/wp-json\/wp\/v2\/product\/78554\/revisions\/109080"}],"wp:featuredmedia":[{"embeddable":true,"href":"https:\/\/www.bagnoitalia.com\/fr\/wp-json\/wp\/v2\/media\/20502"}],"wp:attachment":[{"href":"https:\/\/www.bagnoitalia.com\/fr\/wp-json\/wp\/v2\/media?parent=78554"}],"wp:term":[{"taxonomy":"product_brand","embeddable":true,"href":"https:\/\/www.bagnoitalia.com\/fr\/wp-json\/wp\/v2\/product_brand?post=78554"},{"taxonomy":"product_cat","embeddable":true,"href":"https:\/\/www.bagnoitalia.com\/fr\/wp-json\/wp\/v2\/product_cat?post=78554"},{"taxonomy":"product_tag","embeddable":true,"href":"https:\/\/www.bagnoitalia.com\/fr\/wp-json\/wp\/v2\/product_tag?post=78554"}],"curies":[{"name":"wp","href":"https:\/\/api.w.org\/{rel}","templated":true}]}}