{"id":78550,"date":"2014-01-09T16:34:36","date_gmt":"2014-01-09T15:34:36","guid":{"rendered":"https:\/\/www.bagnoitalia.com\/product\/bain-tourbillon-rectangulaire-185x90-pour-deux-personnes-chromoterpie-et-vitre-frontale-vs003"},"modified":"2026-03-04T15:19:34","modified_gmt":"2026-03-04T14:19:34","slug":"bain-tourbillon-rectangulaire-185x90-pour-deux-personnes-chromoterpie-et-vitre-frontale-vs003","status":"publish","type":"product","link":"https:\/\/www.bagnoitalia.com\/fr\/produit\/bain-tourbillon-rectangulaire-185x90-pour-deux-personnes-chromoterpie-et-vitre-frontale-vs003.html","title":{"rendered":"Baignoire \u00e0 remous rectangulaire 185&#215;90 pour deux personnes, verre avant, chromoth\u00e9rapie VS003"},"content":{"rendered":"<p><span style=\"font-size: 14pt;\"><strong>Baignoire \u00e0 remous 185&#215;90 \u200b\u200bcm <span style=\"font-size: 14pt;\"><strong>avec verre frontal pour deux personnes<\/strong><\/span><\/strong><\/span><\/p>\n<p><span style=\"font-size: 14pt;\"><strong><span style=\"font-size: 10pt; color: #0000ff;\">(hauteur de baignoire seulement 62 cm<strong>, 70 cm y compris robinets et repose t\u00eate ) <\/strong><\/span><\/strong><\/span><\/p>\n<pre> <span style=\"font-size: 10pt;\">Baignoire baln\u00e9o en acrylique ABS avec 3 couches de fibre de verre<\/span> \r\n C<span style=\"font-size: 10pt;\">adre en acier<\/span> \r\n Lambris de baignoire (uniquement avec le panneau de droite comme illustr\u00e9 sur la photo)<span style=\"font-size: 10pt;\">\r\n 1 pompe de 1 Hp<\/span> \r\n <span style=\"font-size: 10pt;\">2 grands jets<\/span>\r\n <span style=\"font-size: 10pt;\">8 petits jets<\/span>\r\n <span style=\"font-size: 10pt;\">2 appuie-t\u00eate<\/span> \r\n M<span style=\"font-size: 10pt;\">itigeur d'eau<\/span> \r\n L<span style=\"font-size: 10pt;\">ampe chromatique<\/span> \r\n <span style=\"font-size: 10pt;\">Radio FM<\/span> \r\n V<span style=\"font-size: 10pt;\">erre frontal \r\n Robinets inclus. \r\n<\/span><\/pre>\n<pre><span style=\"font-size: 10pt;\"><span style=\"font-size: 10pt;\">Elle<\/span><span style=\"font-size: 10pt;\"> peut contenir 360 litres<\/span><\/span><\/pre>\n<pre><\/pre>\n<pre> <span style=\"font-size: 10pt;\"><span style=\"color: #ff0000;\"><strong>Attention:<\/strong><\/span> <strong>la version toutes options comporte 16 jets suppl\u00e9mentaires (26 jets au total) et poss\u00e8de une pompe a air supp\u00e9mentaire(deux pompes au total),un chauffage de 1.5kw, mitigeurs thermostatiques.<\/strong><\/span> \r\n<\/pre>\n<p><img fetchpriority=\"high\" decoding=\"async\" class=\"decoded size-full wp-image-20494\" src=\"https:\/\/img.bagnoitalia.com\/wp-content\/uploads\/virtuemart\/product\/vasca-idromassaggio185x90.jpg\" alt=\"http:\/\/www.bagnoitalia.it\/https:\/\/img.bagnoitalia.com\/wp-content\/uploads\/virtuemart\/product\/vasca-idromassaggio185x90.jpg\" width=\"593\" height=\"394\" srcset=\"https:\/\/img.bagnoitalia.com\/wp-content\/uploads\/virtuemart\/product\/vasca-idromassaggio185x90-441x294.jpg 441w, https:\/\/img.bagnoitalia.com\/wp-content\/uploads\/virtuemart\/product\/vasca-idromassaggio185x90-600x400.jpg 600w, https:\/\/img.bagnoitalia.com\/wp-content\/uploads\/virtuemart\/product\/vasca-idromassaggio185x90-150x100.jpg 150w\" sizes=\"(max-width: 593px) 100vw, 593px\" \/><\/p>\n<p><img decoding=\"async\" class=\" size-full wp-image-20454\" src=\"https:\/\/img.bagnoitalia.com\/wp-content\/uploads\/Dettaglio_vasca_pannello.png\" alt=\"\" width=\"600\" height=\"366\" srcset=\"https:\/\/img.bagnoitalia.com\/wp-content\/uploads\/Dettaglio_vasca_pannello.png 730w, https:\/\/img.bagnoitalia.com\/wp-content\/uploads\/Dettaglio_vasca_pannello-441x269.png 441w, https:\/\/img.bagnoitalia.com\/wp-content\/uploads\/Dettaglio_vasca_pannello-600x367.png 600w, https:\/\/img.bagnoitalia.com\/wp-content\/uploads\/Dettaglio_vasca_pannello-150x92.png 150w\" sizes=\"(max-width: 600px) 100vw, 600px\" \/><\/p>\n<p>&nbsp;<\/p>\n<pre><\/pre>\n","protected":false},"excerpt":{"rendered":"<p>Baignoire \u00e0 remous 185&#215;90 deus places, avec verre frontal et chromoth\u00e9rapie. Disponible \u00e9galement dans la version TOUTES OPTIONS (avec 26 jets, chauffage)<\/p>\n","protected":false},"featured_media":20462,"comment_status":"open","ping_status":"closed","template":"","meta":[],"product_brand":[9909],"product_cat":[9707,9743],"product_tag":[],"class_list":{"0":"post-78550","1":"product","2":"type-product","3":"status-publish","4":"has-post-thumbnail","6":"product_brand-puntorelax-fr","7":"product_cat-baignoire-balneo","8":"product_cat-piscines-d-39-hydromassage","10":"first","11":"instock","12":"sale","13":"taxable","14":"shipping-taxable","15":"purchasable","16":"product-type-simple"},"exclude_global_add_ons":false,"addons":[{"name":"Typologie","type":"multiple_choice","position":0,"required":true,"title_format":"heading","default":"","description_enable":false,"description":"","placeholder_enable":false,"placeholder":"","display":"select","restrictions_type":"any_text","adjust_price":false,"price":"","price_type":"flat_fee","restrictions":false,"min":"0","max":"0","options":[{"label":"Standard","price":"","price_type":"quantity_based","image":0,"visibility":true},{"label":"enti\u00e8rement \u00e9quip\u00e9","price":"230","price_type":"quantity_based","image":0,"visibility":true}],"id":1716390304}],"yoast_head":"<!-- This site is optimized with the Yoast SEO plugin v26.7 - https:\/\/yoast.com\/wordpress\/plugins\/seo\/ -->\n<title>Baignoire \u00e0 remous rectangulaire 185x90 pour deux personnes, verre avant, chromoth\u00e9rapie VS003<\/title>\n<meta name=\"description\" content=\"Spa avec 10 jets hydro. Dimensions 185x90x68cm, id\u00e9al pour 2 personnes. Avec chromoth\u00e9rapie, oreillers, radio et robinets inclus, achetez maintenant!\" \/>\n<meta name=\"robots\" content=\"index, follow, max-snippet:-1, max-image-preview:large, max-video-preview:-1\" \/>\n<link rel=\"canonical\" href=\"https:\/\/www.bagnoitalia.com\/fr\/produit\/bain-tourbillon-rectangulaire-185x90-pour-deux-personnes-chromoterpie-et-vitre-frontale-vs003.html\" \/>\n<meta property=\"og:locale\" content=\"fr_FR\" \/>\n<meta property=\"og:type\" content=\"article\" \/>\n<meta property=\"og:title\" content=\"Baignoire \u00e0 remous rectangulaire 185x90 pour deux personnes, verre avant, chromoth\u00e9rapie VS003\" \/>\n<meta property=\"og:description\" content=\"Spa avec 10 jets hydro. Dimensions 185x90x68cm, id\u00e9al pour 2 personnes. Avec chromoth\u00e9rapie, oreillers, radio et robinets inclus, achetez maintenant!\" \/>\n<meta property=\"og:url\" content=\"https:\/\/www.bagnoitalia.com\/fr\/produit\/bain-tourbillon-rectangulaire-185x90-pour-deux-personnes-chromoterpie-et-vitre-frontale-vs003.html\" \/>\n<meta property=\"og:site_name\" content=\"Bagno Italia\" \/>\n<meta property=\"article:modified_time\" content=\"2026-03-04T14:19:34+00:00\" \/>\n<meta property=\"og:image\" content=\"https:\/\/img.bagnoitalia.com\/wp-content\/uploads\/virtuemart\/product\/Two-persons-Jacuzzi-rectangular-185x90-VS003-1_1542037712_183.jpg\" \/>\n\t<meta property=\"og:image:width\" content=\"640\" \/>\n\t<meta property=\"og:image:height\" content=\"640\" \/>\n\t<meta property=\"og:image:type\" content=\"image\/jpeg\" \/>\n<meta name=\"twitter:card\" content=\"summary_large_image\" \/>\n<meta name=\"twitter:label1\" content=\"Dur\u00e9e de lecture estim\u00e9e\" \/>\n\t<meta name=\"twitter:data1\" content=\"1 minute\" \/>\n<script type=\"application\/ld+json\" class=\"yoast-schema-graph\">{\"@context\":\"https:\/\/schema.org\",\"@graph\":[{\"@type\":\"WebPage\",\"@id\":\"https:\/\/www.bagnoitalia.com\/fr\/produit\/bain-tourbillon-rectangulaire-185x90-pour-deux-personnes-chromoterpie-et-vitre-frontale-vs003.html\",\"url\":\"https:\/\/www.bagnoitalia.com\/fr\/produit\/bain-tourbillon-rectangulaire-185x90-pour-deux-personnes-chromoterpie-et-vitre-frontale-vs003.html\",\"name\":\"Baignoire \u00e0 remous rectangulaire 185x90 pour deux personnes, verre avant, chromoth\u00e9rapie VS003\",\"isPartOf\":{\"@id\":\"https:\/\/www.bagnoitalia.com\/fr#website\"},\"primaryImageOfPage\":{\"@id\":\"https:\/\/www.bagnoitalia.com\/fr\/produit\/bain-tourbillon-rectangulaire-185x90-pour-deux-personnes-chromoterpie-et-vitre-frontale-vs003.html#primaryimage\"},\"image\":{\"@id\":\"https:\/\/www.bagnoitalia.com\/fr\/produit\/bain-tourbillon-rectangulaire-185x90-pour-deux-personnes-chromoterpie-et-vitre-frontale-vs003.html#primaryimage\"},\"thumbnailUrl\":\"https:\/\/img.bagnoitalia.com\/wp-content\/uploads\/virtuemart\/product\/Two-persons-Jacuzzi-rectangular-185x90-VS003-1_1542037712_183.jpg\",\"datePublished\":\"2014-01-09T15:34:36+00:00\",\"dateModified\":\"2026-03-04T14:19:34+00:00\",\"description\":\"Spa avec 10 jets hydro. Dimensions 185x90x68cm, id\u00e9al pour 2 personnes. Avec chromoth\u00e9rapie, oreillers, radio et robinets inclus, achetez maintenant!\",\"breadcrumb\":{\"@id\":\"https:\/\/www.bagnoitalia.com\/fr\/produit\/bain-tourbillon-rectangulaire-185x90-pour-deux-personnes-chromoterpie-et-vitre-frontale-vs003.html#breadcrumb\"},\"inLanguage\":\"fr-FR\",\"potentialAction\":[{\"@type\":\"ReadAction\",\"target\":[\"https:\/\/www.bagnoitalia.com\/fr\/produit\/bain-tourbillon-rectangulaire-185x90-pour-deux-personnes-chromoterpie-et-vitre-frontale-vs003.html\"]}]},{\"@type\":\"ImageObject\",\"inLanguage\":\"fr-FR\",\"@id\":\"https:\/\/www.bagnoitalia.com\/fr\/produit\/bain-tourbillon-rectangulaire-185x90-pour-deux-personnes-chromoterpie-et-vitre-frontale-vs003.html#primaryimage\",\"url\":\"https:\/\/img.bagnoitalia.com\/wp-content\/uploads\/virtuemart\/product\/Two-persons-Jacuzzi-rectangular-185x90-VS003-1_1542037712_183.jpg\",\"contentUrl\":\"https:\/\/img.bagnoitalia.com\/wp-content\/uploads\/virtuemart\/product\/Two-persons-Jacuzzi-rectangular-185x90-VS003-1_1542037712_183.jpg\",\"width\":640,\"height\":640},{\"@type\":\"BreadcrumbList\",\"@id\":\"https:\/\/www.bagnoitalia.com\/fr\/produit\/bain-tourbillon-rectangulaire-185x90-pour-deux-personnes-chromoterpie-et-vitre-frontale-vs003.html#breadcrumb\",\"itemListElement\":[{\"@type\":\"ListItem\",\"position\":1,\"name\":\"Home\",\"item\":\"https:\/\/www.bagnoitalia.com\/fr\"},{\"@type\":\"ListItem\",\"position\":2,\"name\":\"Produits\",\"item\":\"https:\/\/www.bagnoitalia.com\/fr\/shop\"},{\"@type\":\"ListItem\",\"position\":3,\"name\":\"Baignoire \u00e0 remous rectangulaire 185&#215;90 pour deux personnes, verre avant, chromoth\u00e9rapie VS003\"}]},{\"@type\":\"WebSite\",\"@id\":\"https:\/\/www.bagnoitalia.com\/fr#website\",\"url\":\"https:\/\/www.bagnoitalia.com\/fr\",\"name\":\"Bagno Italia\",\"description\":\"\",\"publisher\":{\"@id\":\"https:\/\/www.bagnoitalia.com\/fr#organization\"},\"potentialAction\":[{\"@type\":\"SearchAction\",\"target\":{\"@type\":\"EntryPoint\",\"urlTemplate\":\"https:\/\/www.bagnoitalia.com\/fr?s={search_term_string}\"},\"query-input\":{\"@type\":\"PropertyValueSpecification\",\"valueRequired\":true,\"valueName\":\"search_term_string\"}}],\"inLanguage\":\"fr-FR\"},{\"@type\":\"Organization\",\"@id\":\"https:\/\/www.bagnoitalia.com\/fr#organization\",\"name\":\"Bagno Italia\",\"url\":\"https:\/\/www.bagnoitalia.com\/fr\",\"logo\":{\"@type\":\"ImageObject\",\"inLanguage\":\"fr-FR\",\"@id\":\"https:\/\/www.bagnoitalia.com\/fr#\/schema\/logo\/image\/\",\"url\":\"https:\/\/img.bagnoitalia.com\/wp-content\/uploads\/logo-bagnoitalia.webp\",\"contentUrl\":\"https:\/\/img.bagnoitalia.com\/wp-content\/uploads\/logo-bagnoitalia.webp\",\"width\":400,\"height\":70,\"caption\":\"Bagno Italia\"},\"image\":{\"@id\":\"https:\/\/www.bagnoitalia.com\/fr#\/schema\/logo\/image\/\"}}]}<\/script>\n<!-- \/ Yoast SEO plugin. -->","yoast_head_json":{"title":"Baignoire \u00e0 remous rectangulaire 185x90 pour deux personnes, verre avant, chromoth\u00e9rapie VS003","description":"Spa avec 10 jets hydro. Dimensions 185x90x68cm, id\u00e9al pour 2 personnes. Avec chromoth\u00e9rapie, oreillers, radio et robinets inclus, achetez maintenant!","robots":{"index":"index","follow":"follow","max-snippet":"max-snippet:-1","max-image-preview":"max-image-preview:large","max-video-preview":"max-video-preview:-1"},"canonical":"https:\/\/www.bagnoitalia.com\/fr\/produit\/bain-tourbillon-rectangulaire-185x90-pour-deux-personnes-chromoterpie-et-vitre-frontale-vs003.html","og_locale":"fr_FR","og_type":"article","og_title":"Baignoire \u00e0 remous rectangulaire 185x90 pour deux personnes, verre avant, chromoth\u00e9rapie VS003","og_description":"Spa avec 10 jets hydro. Dimensions 185x90x68cm, id\u00e9al pour 2 personnes. Avec chromoth\u00e9rapie, oreillers, radio et robinets inclus, achetez maintenant!","og_url":"https:\/\/www.bagnoitalia.com\/fr\/produit\/bain-tourbillon-rectangulaire-185x90-pour-deux-personnes-chromoterpie-et-vitre-frontale-vs003.html","og_site_name":"Bagno Italia","article_modified_time":"2026-03-04T14:19:34+00:00","og_image":[{"width":640,"height":640,"url":"https:\/\/img.bagnoitalia.com\/wp-content\/uploads\/virtuemart\/product\/Two-persons-Jacuzzi-rectangular-185x90-VS003-1_1542037712_183.jpg","type":"image\/jpeg"}],"twitter_card":"summary_large_image","twitter_misc":{"Dur\u00e9e de lecture estim\u00e9e":"1 minute"},"schema":{"@context":"https:\/\/schema.org","@graph":[{"@type":"WebPage","@id":"https:\/\/www.bagnoitalia.com\/fr\/produit\/bain-tourbillon-rectangulaire-185x90-pour-deux-personnes-chromoterpie-et-vitre-frontale-vs003.html","url":"https:\/\/www.bagnoitalia.com\/fr\/produit\/bain-tourbillon-rectangulaire-185x90-pour-deux-personnes-chromoterpie-et-vitre-frontale-vs003.html","name":"Baignoire \u00e0 remous rectangulaire 185x90 pour deux personnes, verre avant, chromoth\u00e9rapie VS003","isPartOf":{"@id":"https:\/\/www.bagnoitalia.com\/fr#website"},"primaryImageOfPage":{"@id":"https:\/\/www.bagnoitalia.com\/fr\/produit\/bain-tourbillon-rectangulaire-185x90-pour-deux-personnes-chromoterpie-et-vitre-frontale-vs003.html#primaryimage"},"image":{"@id":"https:\/\/www.bagnoitalia.com\/fr\/produit\/bain-tourbillon-rectangulaire-185x90-pour-deux-personnes-chromoterpie-et-vitre-frontale-vs003.html#primaryimage"},"thumbnailUrl":"https:\/\/img.bagnoitalia.com\/wp-content\/uploads\/virtuemart\/product\/Two-persons-Jacuzzi-rectangular-185x90-VS003-1_1542037712_183.jpg","datePublished":"2014-01-09T15:34:36+00:00","dateModified":"2026-03-04T14:19:34+00:00","description":"Spa avec 10 jets hydro. Dimensions 185x90x68cm, id\u00e9al pour 2 personnes. Avec chromoth\u00e9rapie, oreillers, radio et robinets inclus, achetez maintenant!","breadcrumb":{"@id":"https:\/\/www.bagnoitalia.com\/fr\/produit\/bain-tourbillon-rectangulaire-185x90-pour-deux-personnes-chromoterpie-et-vitre-frontale-vs003.html#breadcrumb"},"inLanguage":"fr-FR","potentialAction":[{"@type":"ReadAction","target":["https:\/\/www.bagnoitalia.com\/fr\/produit\/bain-tourbillon-rectangulaire-185x90-pour-deux-personnes-chromoterpie-et-vitre-frontale-vs003.html"]}]},{"@type":"ImageObject","inLanguage":"fr-FR","@id":"https:\/\/www.bagnoitalia.com\/fr\/produit\/bain-tourbillon-rectangulaire-185x90-pour-deux-personnes-chromoterpie-et-vitre-frontale-vs003.html#primaryimage","url":"https:\/\/img.bagnoitalia.com\/wp-content\/uploads\/virtuemart\/product\/Two-persons-Jacuzzi-rectangular-185x90-VS003-1_1542037712_183.jpg","contentUrl":"https:\/\/img.bagnoitalia.com\/wp-content\/uploads\/virtuemart\/product\/Two-persons-Jacuzzi-rectangular-185x90-VS003-1_1542037712_183.jpg","width":640,"height":640},{"@type":"BreadcrumbList","@id":"https:\/\/www.bagnoitalia.com\/fr\/produit\/bain-tourbillon-rectangulaire-185x90-pour-deux-personnes-chromoterpie-et-vitre-frontale-vs003.html#breadcrumb","itemListElement":[{"@type":"ListItem","position":1,"name":"Home","item":"https:\/\/www.bagnoitalia.com\/fr"},{"@type":"ListItem","position":2,"name":"Produits","item":"https:\/\/www.bagnoitalia.com\/fr\/shop"},{"@type":"ListItem","position":3,"name":"Baignoire \u00e0 remous rectangulaire 185&#215;90 pour deux personnes, verre avant, chromoth\u00e9rapie VS003"}]},{"@type":"WebSite","@id":"https:\/\/www.bagnoitalia.com\/fr#website","url":"https:\/\/www.bagnoitalia.com\/fr","name":"Bagno Italia","description":"","publisher":{"@id":"https:\/\/www.bagnoitalia.com\/fr#organization"},"potentialAction":[{"@type":"SearchAction","target":{"@type":"EntryPoint","urlTemplate":"https:\/\/www.bagnoitalia.com\/fr?s={search_term_string}"},"query-input":{"@type":"PropertyValueSpecification","valueRequired":true,"valueName":"search_term_string"}}],"inLanguage":"fr-FR"},{"@type":"Organization","@id":"https:\/\/www.bagnoitalia.com\/fr#organization","name":"Bagno Italia","url":"https:\/\/www.bagnoitalia.com\/fr","logo":{"@type":"ImageObject","inLanguage":"fr-FR","@id":"https:\/\/www.bagnoitalia.com\/fr#\/schema\/logo\/image\/","url":"https:\/\/img.bagnoitalia.com\/wp-content\/uploads\/logo-bagnoitalia.webp","contentUrl":"https:\/\/img.bagnoitalia.com\/wp-content\/uploads\/logo-bagnoitalia.webp","width":400,"height":70,"caption":"Bagno Italia"},"image":{"@id":"https:\/\/www.bagnoitalia.com\/fr#\/schema\/logo\/image\/"}}]}},"_links":{"self":[{"href":"https:\/\/www.bagnoitalia.com\/fr\/wp-json\/wp\/v2\/product\/78550","targetHints":{"allow":["GET"]}}],"collection":[{"href":"https:\/\/www.bagnoitalia.com\/fr\/wp-json\/wp\/v2\/product"}],"about":[{"href":"https:\/\/www.bagnoitalia.com\/fr\/wp-json\/wp\/v2\/types\/product"}],"replies":[{"embeddable":true,"href":"https:\/\/www.bagnoitalia.com\/fr\/wp-json\/wp\/v2\/comments?post=78550"}],"version-history":[{"count":3,"href":"https:\/\/www.bagnoitalia.com\/fr\/wp-json\/wp\/v2\/product\/78550\/revisions"}],"predecessor-version":[{"id":109092,"href":"https:\/\/www.bagnoitalia.com\/fr\/wp-json\/wp\/v2\/product\/78550\/revisions\/109092"}],"wp:featuredmedia":[{"embeddable":true,"href":"https:\/\/www.bagnoitalia.com\/fr\/wp-json\/wp\/v2\/media\/20462"}],"wp:attachment":[{"href":"https:\/\/www.bagnoitalia.com\/fr\/wp-json\/wp\/v2\/media?parent=78550"}],"wp:term":[{"taxonomy":"product_brand","embeddable":true,"href":"https:\/\/www.bagnoitalia.com\/fr\/wp-json\/wp\/v2\/product_brand?post=78550"},{"taxonomy":"product_cat","embeddable":true,"href":"https:\/\/www.bagnoitalia.com\/fr\/wp-json\/wp\/v2\/product_cat?post=78550"},{"taxonomy":"product_tag","embeddable":true,"href":"https:\/\/www.bagnoitalia.com\/fr\/wp-json\/wp\/v2\/product_tag?post=78550"}],"curies":[{"name":"wp","href":"https:\/\/api.w.org\/{rel}","templated":true}]}}