{"id":78546,"date":"2014-01-09T15:53:50","date_gmt":"2014-01-09T14:53:50","guid":{"rendered":"https:\/\/www.bagnoitalia.com\/product\/baignoire-152x152-avec-vitre-frontale-avec-chromoterpie-blanche-ou-noire-egalement-full-optional-vs002"},"modified":"2025-06-18T14:58:46","modified_gmt":"2025-06-18T12:58:46","slug":"baignoire-152x152-avec-vitre-frontale-avec-chromoterpie-blanche-ou-noire-egalement-full-optional-vs002","status":"publish","type":"product","link":"https:\/\/www.bagnoitalia.com\/fr\/produit\/baignoire-152x152-avec-vitre-frontale-avec-chromoterpie-blanche-ou-noire-egalement-full-optional-vs002.html","title":{"rendered":"Baignoire \u00e0 remous 152&#215;152 verre frontal , chromoth\u00e9rapie , blanc ou noir, \u00e9galement disponible dans la version toutes options VS002"},"content":{"rendered":"<p>&nbsp;<\/p>\n<p><span style=\"font-size: 14pt;\"><strong>Baignoire baln\u00e9o 152x152x62 avec verre frontale (\u00e9galement disponible en noir)<br \/>\n<\/strong><\/span><\/p>\n<p>&nbsp;<\/p>\n<p><span style=\"font-size: 10pt;\">Rayon au centre de la citerne: 165 cm.<\/span><\/p>\n<pre> <span style=\"font-size: 10pt;\">Bain tourbillon en acrylique raffin\u00e9 avec 3 couches<\/span> de fibre de verre \r\n <span style=\"font-size: 10pt;\">cadre en acier<\/span> \r\n <span style=\"font-size: 10pt;\">Panneaux d'habillage de la baignoire<\/span> \r\n <span style=\"font-size: 10pt;\">1 pompe de 1,5 CV<\/span> \r\n <span style=\"font-size: 10pt;\">4 grandes buses<\/span> \r\n <span style=\"font-size: 10pt;\">8 petites buses<\/span> \r\n <span style=\"font-size: 10pt;\">2 coussins d'appui-t\u00eate<\/span> \r\n <span style=\"font-size: 10pt;\">m\u00e9langeur d'eau<\/span> \r\n <span style=\"font-size: 10pt;\">lampe chromatique<\/span> \r\n <span style=\"font-size: 10pt;\">jet d'eau<\/span> \r\n <span style=\"font-size: 10pt;\">Radio FM<\/span> \r\n <span style=\"font-size: 13.3333px;\">Verre frontal\r\npanneau de contr\u00f4le\r\nBluetooth\r\ndimensions avec emballage 164x68x164 cm\r\n<\/span>\r\n<\/pre>\n<pre> <span style=\"font-size: 10pt;\">Poids \u00e0 vide 100 kg, peut contenir 440 litres.<\/span><\/pre>\n<p><span style=\"font-size: 10pt;\"><strong><span style=\"color: #ff0000;\">Attention:<\/span> la version compl\u00e8te en option, a 16 jets de plus (total 28 jets) <\/strong><\/span><strong>permet un double hydromassage, \u00e0 eau et air, (deux pompes pour l&rsquo;hydromassage) <\/strong><\/p>\n<p><strong> \u00a0et poss\u00e8de un chauffage de 1,5 Kw et des mitigeurs thermostatiques<\/strong><\/p>\n<p><img fetchpriority=\"high\" decoding=\"async\" class=\" size-full wp-image-20450\" src=\"https:\/\/img.bagnoitalia.com\/wp-content\/uploads\/virtuemart\/product\/vasca-idromassaggio-152-full-optional.jpg\" alt=\"https:\/\/www.bagnoitalia.it\/https:\/\/img.bagnoitalia.com\/wp-content\/uploads\/virtuemart\/product\/vasca-idromassaggio-152-full-optional.jpg\" width=\"805\" height=\"604\" srcset=\"https:\/\/img.bagnoitalia.com\/wp-content\/uploads\/virtuemart\/product\/vasca-idromassaggio-152-full-optional.jpg 1600w, https:\/\/img.bagnoitalia.com\/wp-content\/uploads\/virtuemart\/product\/vasca-idromassaggio-152-full-optional-768x576.jpg 768w, https:\/\/img.bagnoitalia.com\/wp-content\/uploads\/virtuemart\/product\/vasca-idromassaggio-152-full-optional-1536x1152.jpg 1536w, https:\/\/img.bagnoitalia.com\/wp-content\/uploads\/virtuemart\/product\/vasca-idromassaggio-152-full-optional-990x743.jpg 990w, https:\/\/img.bagnoitalia.com\/wp-content\/uploads\/virtuemart\/product\/vasca-idromassaggio-152-full-optional-441x331.jpg 441w, https:\/\/img.bagnoitalia.com\/wp-content\/uploads\/virtuemart\/product\/vasca-idromassaggio-152-full-optional-600x450.jpg 600w, https:\/\/img.bagnoitalia.com\/wp-content\/uploads\/virtuemart\/product\/vasca-idromassaggio-152-full-optional-150x113.jpg 150w\" sizes=\"(max-width: 805px) 100vw, 805px\" \/><\/p>\n<pre><\/pre>\n<pre> \r\n <span style=\"font-size: 12pt;\"><img decoding=\"async\" class=\" size-full wp-image-20454\" src=\"https:\/\/img.bagnoitalia.com\/wp-content\/uploads\/Dettaglio_vasca_pannello.png\" alt=\"\" width=\"730\" height=\"446\" srcset=\"https:\/\/img.bagnoitalia.com\/wp-content\/uploads\/Dettaglio_vasca_pannello.png 730w, https:\/\/img.bagnoitalia.com\/wp-content\/uploads\/Dettaglio_vasca_pannello-441x269.png 441w, https:\/\/img.bagnoitalia.com\/wp-content\/uploads\/Dettaglio_vasca_pannello-600x367.png 600w, https:\/\/img.bagnoitalia.com\/wp-content\/uploads\/Dettaglio_vasca_pannello-150x92.png 150w\" sizes=\"(max-width: 730px) 100vw, 730px\" \/><\/span><\/pre>\n","protected":false},"excerpt":{"rendered":"<p>Baignoire \u00e0 remous 152x152x62 blanc ou noir avec verre frontal. PRIX PROMOTIONNEL, valable jusqu&rsquo;\u00e0 la fin du mois. Egalement disponible dans la version TOUTES OPTIONS (avec 28 jets, chauffage)<\/p>\n","protected":false},"featured_media":20378,"comment_status":"open","ping_status":"closed","template":"","meta":[],"product_brand":[9909],"product_cat":[9707,9743],"product_tag":[],"class_list":{"0":"post-78546","1":"product","2":"type-product","3":"status-publish","4":"has-post-thumbnail","6":"product_brand-puntorelax-fr","7":"product_cat-baignoire-balneo","8":"product_cat-piscines-d-39-hydromassage","10":"first","11":"instock","12":"sale","13":"taxable","14":"shipping-taxable","15":"purchasable","16":"product-type-simple"},"exclude_global_add_ons":false,"addons":[{"name":"Typologie","type":"multiple_choice","position":0,"required":true,"title_format":"heading","default":"","description_enable":false,"description":"","placeholder_enable":false,"placeholder":"","display":"select","restrictions_type":"any_text","adjust_price":false,"price":"","price_type":"flat_fee","restrictions":false,"min":"0","max":"0","options":[{"label":"Blanc standard","price":"","price_type":"quantity_based","image":0,"visibility":true},{"label":"Blanc enti\u00e8rement \u00e9quip\u00e9","price":"530","price_type":"quantity_based","image":0,"visibility":true},{"label":"Noir standard","price":"120","price_type":"quantity_based","image":0,"visibility":true},{"label":"Noir enti\u00e8rement \u00e9quip\u00e9","price":"770","price_type":"quantity_based","image":0,"visibility":true}],"id":1716392675}],"yoast_head":"<!-- This site is optimized with the Yoast SEO plugin v26.7 - https:\/\/yoast.com\/wordpress\/plugins\/seo\/ -->\n<title>Baignoire \u00e0 remous 152x152 verre frontal , chromoth\u00e9rapie , blanc ou noir, \u00e9galement disponible dans la version toutes options VS002<\/title>\n<meta name=\"description\" content=\"Baignoire d&#039;hydromassage \u00e0 12 jets hydro. Dimensions 152x152x62cm, id\u00e9al pour 2 personnes. Avec la chromoth\u00e9rapie, 2 coussins d&#039;appui-t\u00eate et la radio, achetez-le maintenant!\" \/>\n<meta name=\"robots\" content=\"index, follow, max-snippet:-1, max-image-preview:large, max-video-preview:-1\" \/>\n<link rel=\"canonical\" href=\"https:\/\/www.bagnoitalia.com\/fr\/produit\/baignoire-152x152-avec-vitre-frontale-avec-chromoterpie-blanche-ou-noire-egalement-full-optional-vs002.html\" \/>\n<meta property=\"og:locale\" content=\"fr_FR\" \/>\n<meta property=\"og:type\" content=\"article\" \/>\n<meta property=\"og:title\" content=\"Baignoire \u00e0 remous 152x152 verre frontal , chromoth\u00e9rapie , blanc ou noir, \u00e9galement disponible dans la version toutes options VS002\" \/>\n<meta property=\"og:description\" content=\"Baignoire d&#039;hydromassage \u00e0 12 jets hydro. Dimensions 152x152x62cm, id\u00e9al pour 2 personnes. Avec la chromoth\u00e9rapie, 2 coussins d&#039;appui-t\u00eate et la radio, achetez-le maintenant!\" \/>\n<meta property=\"og:url\" content=\"https:\/\/www.bagnoitalia.com\/fr\/produit\/baignoire-152x152-avec-vitre-frontale-avec-chromoterpie-blanche-ou-noire-egalement-full-optional-vs002.html\" \/>\n<meta property=\"og:site_name\" content=\"Bagno Italia\" \/>\n<meta property=\"article:modified_time\" content=\"2025-06-18T12:58:46+00:00\" \/>\n<meta property=\"og:image\" content=\"https:\/\/img.bagnoitalia.com\/wp-content\/uploads\/virtuemart\/product\/152x152-Jacuzzi-VS002-1_1542038555_232.jpg\" \/>\n\t<meta property=\"og:image:width\" content=\"600\" \/>\n\t<meta property=\"og:image:height\" content=\"600\" \/>\n\t<meta property=\"og:image:type\" content=\"image\/jpeg\" \/>\n<meta name=\"twitter:card\" content=\"summary_large_image\" \/>\n<meta name=\"twitter:label1\" content=\"Dur\u00e9e de lecture estim\u00e9e\" \/>\n\t<meta name=\"twitter:data1\" content=\"1 minute\" \/>\n<script type=\"application\/ld+json\" class=\"yoast-schema-graph\">{\"@context\":\"https:\/\/schema.org\",\"@graph\":[{\"@type\":\"WebPage\",\"@id\":\"https:\/\/www.bagnoitalia.com\/fr\/produit\/baignoire-152x152-avec-vitre-frontale-avec-chromoterpie-blanche-ou-noire-egalement-full-optional-vs002.html\",\"url\":\"https:\/\/www.bagnoitalia.com\/fr\/produit\/baignoire-152x152-avec-vitre-frontale-avec-chromoterpie-blanche-ou-noire-egalement-full-optional-vs002.html\",\"name\":\"Baignoire \u00e0 remous 152x152 verre frontal , chromoth\u00e9rapie , blanc ou noir, \u00e9galement disponible dans la version toutes options VS002\",\"isPartOf\":{\"@id\":\"https:\/\/www.bagnoitalia.com\/fr#website\"},\"primaryImageOfPage\":{\"@id\":\"https:\/\/www.bagnoitalia.com\/fr\/produit\/baignoire-152x152-avec-vitre-frontale-avec-chromoterpie-blanche-ou-noire-egalement-full-optional-vs002.html#primaryimage\"},\"image\":{\"@id\":\"https:\/\/www.bagnoitalia.com\/fr\/produit\/baignoire-152x152-avec-vitre-frontale-avec-chromoterpie-blanche-ou-noire-egalement-full-optional-vs002.html#primaryimage\"},\"thumbnailUrl\":\"https:\/\/img.bagnoitalia.com\/wp-content\/uploads\/virtuemart\/product\/152x152-Jacuzzi-VS002-1_1542038555_232.jpg\",\"datePublished\":\"2014-01-09T14:53:50+00:00\",\"dateModified\":\"2025-06-18T12:58:46+00:00\",\"description\":\"Baignoire d'hydromassage \u00e0 12 jets hydro. Dimensions 152x152x62cm, id\u00e9al pour 2 personnes. Avec la chromoth\u00e9rapie, 2 coussins d'appui-t\u00eate et la radio, achetez-le maintenant!\",\"breadcrumb\":{\"@id\":\"https:\/\/www.bagnoitalia.com\/fr\/produit\/baignoire-152x152-avec-vitre-frontale-avec-chromoterpie-blanche-ou-noire-egalement-full-optional-vs002.html#breadcrumb\"},\"inLanguage\":\"fr-FR\",\"potentialAction\":[{\"@type\":\"ReadAction\",\"target\":[\"https:\/\/www.bagnoitalia.com\/fr\/produit\/baignoire-152x152-avec-vitre-frontale-avec-chromoterpie-blanche-ou-noire-egalement-full-optional-vs002.html\"]}]},{\"@type\":\"ImageObject\",\"inLanguage\":\"fr-FR\",\"@id\":\"https:\/\/www.bagnoitalia.com\/fr\/produit\/baignoire-152x152-avec-vitre-frontale-avec-chromoterpie-blanche-ou-noire-egalement-full-optional-vs002.html#primaryimage\",\"url\":\"https:\/\/img.bagnoitalia.com\/wp-content\/uploads\/virtuemart\/product\/152x152-Jacuzzi-VS002-1_1542038555_232.jpg\",\"contentUrl\":\"https:\/\/img.bagnoitalia.com\/wp-content\/uploads\/virtuemart\/product\/152x152-Jacuzzi-VS002-1_1542038555_232.jpg\",\"width\":600,\"height\":600},{\"@type\":\"BreadcrumbList\",\"@id\":\"https:\/\/www.bagnoitalia.com\/fr\/produit\/baignoire-152x152-avec-vitre-frontale-avec-chromoterpie-blanche-ou-noire-egalement-full-optional-vs002.html#breadcrumb\",\"itemListElement\":[{\"@type\":\"ListItem\",\"position\":1,\"name\":\"Home\",\"item\":\"https:\/\/www.bagnoitalia.com\/fr\"},{\"@type\":\"ListItem\",\"position\":2,\"name\":\"Produits\",\"item\":\"https:\/\/www.bagnoitalia.com\/fr\/shop\"},{\"@type\":\"ListItem\",\"position\":3,\"name\":\"Baignoire \u00e0 remous 152&#215;152 verre frontal , chromoth\u00e9rapie , blanc ou noir, \u00e9galement disponible dans la version toutes options VS002\"}]},{\"@type\":\"WebSite\",\"@id\":\"https:\/\/www.bagnoitalia.com\/fr#website\",\"url\":\"https:\/\/www.bagnoitalia.com\/fr\",\"name\":\"Bagno Italia\",\"description\":\"\",\"publisher\":{\"@id\":\"https:\/\/www.bagnoitalia.com\/fr#organization\"},\"potentialAction\":[{\"@type\":\"SearchAction\",\"target\":{\"@type\":\"EntryPoint\",\"urlTemplate\":\"https:\/\/www.bagnoitalia.com\/fr?s={search_term_string}\"},\"query-input\":{\"@type\":\"PropertyValueSpecification\",\"valueRequired\":true,\"valueName\":\"search_term_string\"}}],\"inLanguage\":\"fr-FR\"},{\"@type\":\"Organization\",\"@id\":\"https:\/\/www.bagnoitalia.com\/fr#organization\",\"name\":\"Bagno Italia\",\"url\":\"https:\/\/www.bagnoitalia.com\/fr\",\"logo\":{\"@type\":\"ImageObject\",\"inLanguage\":\"fr-FR\",\"@id\":\"https:\/\/www.bagnoitalia.com\/fr#\/schema\/logo\/image\/\",\"url\":\"https:\/\/img.bagnoitalia.com\/wp-content\/uploads\/logo-bagnoitalia.webp\",\"contentUrl\":\"https:\/\/img.bagnoitalia.com\/wp-content\/uploads\/logo-bagnoitalia.webp\",\"width\":400,\"height\":70,\"caption\":\"Bagno Italia\"},\"image\":{\"@id\":\"https:\/\/www.bagnoitalia.com\/fr#\/schema\/logo\/image\/\"}}]}<\/script>\n<!-- \/ Yoast SEO plugin. -->","yoast_head_json":{"title":"Baignoire \u00e0 remous 152x152 verre frontal , chromoth\u00e9rapie , blanc ou noir, \u00e9galement disponible dans la version toutes options VS002","description":"Baignoire d'hydromassage \u00e0 12 jets hydro. Dimensions 152x152x62cm, id\u00e9al pour 2 personnes. Avec la chromoth\u00e9rapie, 2 coussins d'appui-t\u00eate et la radio, achetez-le maintenant!","robots":{"index":"index","follow":"follow","max-snippet":"max-snippet:-1","max-image-preview":"max-image-preview:large","max-video-preview":"max-video-preview:-1"},"canonical":"https:\/\/www.bagnoitalia.com\/fr\/produit\/baignoire-152x152-avec-vitre-frontale-avec-chromoterpie-blanche-ou-noire-egalement-full-optional-vs002.html","og_locale":"fr_FR","og_type":"article","og_title":"Baignoire \u00e0 remous 152x152 verre frontal , chromoth\u00e9rapie , blanc ou noir, \u00e9galement disponible dans la version toutes options VS002","og_description":"Baignoire d'hydromassage \u00e0 12 jets hydro. Dimensions 152x152x62cm, id\u00e9al pour 2 personnes. Avec la chromoth\u00e9rapie, 2 coussins d'appui-t\u00eate et la radio, achetez-le maintenant!","og_url":"https:\/\/www.bagnoitalia.com\/fr\/produit\/baignoire-152x152-avec-vitre-frontale-avec-chromoterpie-blanche-ou-noire-egalement-full-optional-vs002.html","og_site_name":"Bagno Italia","article_modified_time":"2025-06-18T12:58:46+00:00","og_image":[{"width":600,"height":600,"url":"https:\/\/img.bagnoitalia.com\/wp-content\/uploads\/virtuemart\/product\/152x152-Jacuzzi-VS002-1_1542038555_232.jpg","type":"image\/jpeg"}],"twitter_card":"summary_large_image","twitter_misc":{"Dur\u00e9e de lecture estim\u00e9e":"1 minute"},"schema":{"@context":"https:\/\/schema.org","@graph":[{"@type":"WebPage","@id":"https:\/\/www.bagnoitalia.com\/fr\/produit\/baignoire-152x152-avec-vitre-frontale-avec-chromoterpie-blanche-ou-noire-egalement-full-optional-vs002.html","url":"https:\/\/www.bagnoitalia.com\/fr\/produit\/baignoire-152x152-avec-vitre-frontale-avec-chromoterpie-blanche-ou-noire-egalement-full-optional-vs002.html","name":"Baignoire \u00e0 remous 152x152 verre frontal , chromoth\u00e9rapie , blanc ou noir, \u00e9galement disponible dans la version toutes options VS002","isPartOf":{"@id":"https:\/\/www.bagnoitalia.com\/fr#website"},"primaryImageOfPage":{"@id":"https:\/\/www.bagnoitalia.com\/fr\/produit\/baignoire-152x152-avec-vitre-frontale-avec-chromoterpie-blanche-ou-noire-egalement-full-optional-vs002.html#primaryimage"},"image":{"@id":"https:\/\/www.bagnoitalia.com\/fr\/produit\/baignoire-152x152-avec-vitre-frontale-avec-chromoterpie-blanche-ou-noire-egalement-full-optional-vs002.html#primaryimage"},"thumbnailUrl":"https:\/\/img.bagnoitalia.com\/wp-content\/uploads\/virtuemart\/product\/152x152-Jacuzzi-VS002-1_1542038555_232.jpg","datePublished":"2014-01-09T14:53:50+00:00","dateModified":"2025-06-18T12:58:46+00:00","description":"Baignoire d'hydromassage \u00e0 12 jets hydro. Dimensions 152x152x62cm, id\u00e9al pour 2 personnes. Avec la chromoth\u00e9rapie, 2 coussins d'appui-t\u00eate et la radio, achetez-le maintenant!","breadcrumb":{"@id":"https:\/\/www.bagnoitalia.com\/fr\/produit\/baignoire-152x152-avec-vitre-frontale-avec-chromoterpie-blanche-ou-noire-egalement-full-optional-vs002.html#breadcrumb"},"inLanguage":"fr-FR","potentialAction":[{"@type":"ReadAction","target":["https:\/\/www.bagnoitalia.com\/fr\/produit\/baignoire-152x152-avec-vitre-frontale-avec-chromoterpie-blanche-ou-noire-egalement-full-optional-vs002.html"]}]},{"@type":"ImageObject","inLanguage":"fr-FR","@id":"https:\/\/www.bagnoitalia.com\/fr\/produit\/baignoire-152x152-avec-vitre-frontale-avec-chromoterpie-blanche-ou-noire-egalement-full-optional-vs002.html#primaryimage","url":"https:\/\/img.bagnoitalia.com\/wp-content\/uploads\/virtuemart\/product\/152x152-Jacuzzi-VS002-1_1542038555_232.jpg","contentUrl":"https:\/\/img.bagnoitalia.com\/wp-content\/uploads\/virtuemart\/product\/152x152-Jacuzzi-VS002-1_1542038555_232.jpg","width":600,"height":600},{"@type":"BreadcrumbList","@id":"https:\/\/www.bagnoitalia.com\/fr\/produit\/baignoire-152x152-avec-vitre-frontale-avec-chromoterpie-blanche-ou-noire-egalement-full-optional-vs002.html#breadcrumb","itemListElement":[{"@type":"ListItem","position":1,"name":"Home","item":"https:\/\/www.bagnoitalia.com\/fr"},{"@type":"ListItem","position":2,"name":"Produits","item":"https:\/\/www.bagnoitalia.com\/fr\/shop"},{"@type":"ListItem","position":3,"name":"Baignoire \u00e0 remous 152&#215;152 verre frontal , chromoth\u00e9rapie , blanc ou noir, \u00e9galement disponible dans la version toutes options VS002"}]},{"@type":"WebSite","@id":"https:\/\/www.bagnoitalia.com\/fr#website","url":"https:\/\/www.bagnoitalia.com\/fr","name":"Bagno Italia","description":"","publisher":{"@id":"https:\/\/www.bagnoitalia.com\/fr#organization"},"potentialAction":[{"@type":"SearchAction","target":{"@type":"EntryPoint","urlTemplate":"https:\/\/www.bagnoitalia.com\/fr?s={search_term_string}"},"query-input":{"@type":"PropertyValueSpecification","valueRequired":true,"valueName":"search_term_string"}}],"inLanguage":"fr-FR"},{"@type":"Organization","@id":"https:\/\/www.bagnoitalia.com\/fr#organization","name":"Bagno Italia","url":"https:\/\/www.bagnoitalia.com\/fr","logo":{"@type":"ImageObject","inLanguage":"fr-FR","@id":"https:\/\/www.bagnoitalia.com\/fr#\/schema\/logo\/image\/","url":"https:\/\/img.bagnoitalia.com\/wp-content\/uploads\/logo-bagnoitalia.webp","contentUrl":"https:\/\/img.bagnoitalia.com\/wp-content\/uploads\/logo-bagnoitalia.webp","width":400,"height":70,"caption":"Bagno Italia"},"image":{"@id":"https:\/\/www.bagnoitalia.com\/fr#\/schema\/logo\/image\/"}}]}},"_links":{"self":[{"href":"https:\/\/www.bagnoitalia.com\/fr\/wp-json\/wp\/v2\/product\/78546","targetHints":{"allow":["GET"]}}],"collection":[{"href":"https:\/\/www.bagnoitalia.com\/fr\/wp-json\/wp\/v2\/product"}],"about":[{"href":"https:\/\/www.bagnoitalia.com\/fr\/wp-json\/wp\/v2\/types\/product"}],"replies":[{"embeddable":true,"href":"https:\/\/www.bagnoitalia.com\/fr\/wp-json\/wp\/v2\/comments?post=78546"}],"version-history":[{"count":3,"href":"https:\/\/www.bagnoitalia.com\/fr\/wp-json\/wp\/v2\/product\/78546\/revisions"}],"predecessor-version":[{"id":109097,"href":"https:\/\/www.bagnoitalia.com\/fr\/wp-json\/wp\/v2\/product\/78546\/revisions\/109097"}],"wp:featuredmedia":[{"embeddable":true,"href":"https:\/\/www.bagnoitalia.com\/fr\/wp-json\/wp\/v2\/media\/20378"}],"wp:attachment":[{"href":"https:\/\/www.bagnoitalia.com\/fr\/wp-json\/wp\/v2\/media?parent=78546"}],"wp:term":[{"taxonomy":"product_brand","embeddable":true,"href":"https:\/\/www.bagnoitalia.com\/fr\/wp-json\/wp\/v2\/product_brand?post=78546"},{"taxonomy":"product_cat","embeddable":true,"href":"https:\/\/www.bagnoitalia.com\/fr\/wp-json\/wp\/v2\/product_cat?post=78546"},{"taxonomy":"product_tag","embeddable":true,"href":"https:\/\/www.bagnoitalia.com\/fr\/wp-json\/wp\/v2\/product_tag?post=78546"}],"curies":[{"name":"wp","href":"https:\/\/api.w.org\/{rel}","templated":true}]}}