{"id":78538,"date":"2014-04-07T11:07:02","date_gmt":"2014-04-07T09:07:02","guid":{"rendered":"https:\/\/www.bagnoitalia.com\/product\/salle-de-bains-italia-wc-en-ceramique-suspendu-et-bidet-cloe-avec-housse-rembourree"},"modified":"2025-05-30T02:14:14","modified_gmt":"2025-05-30T00:14:14","slug":"salle-de-bains-italia-wc-en-ceramique-suspendu-et-bidet-cloe-avec-housse-rembourree","status":"publish","type":"product","link":"https:\/\/www.bagnoitalia.com\/fr\/produit\/salle-de-bains-italia-wc-en-ceramique-suspendu-et-bidet-cloe-avec-housse-rembourree.html","title":{"rendered":"Salle de bains Italia WC en c\u00e9ramique suspendu et bidet CLOE avec housse rembourr\u00e9e"},"content":{"rendered":"<p><strong>Paire de sanitaires suspendus avec housse de si\u00e8ge<\/strong><\/p>\n<\/p>\n<p>Le prix comprend<\/p>\n<\/p>\n<p>n \u00b0 1 WC suspendu 50x34x34 avec kit de fixation<\/p>\n<p>n \u00b0 1 bidet suspendu 50x34x34 avec kit de fixation<\/p>\n<p>n \u00b0 1 si\u00e8ge de toilette avec fermeture en douceur<\/p>\n<\/p><\/p>\n","protected":false},"excerpt":{"rendered":"<p>Paire de robinetterie murale suspendue, bidet et vase complets avec kit de fixation et si\u00e8ge de toilette \u00e0 fermeture en douceur<\/p>\n","protected":false},"featured_media":20322,"comment_status":"open","ping_status":"closed","template":"","meta":[],"product_brand":[9879],"product_cat":[15,10115],"product_tag":[],"class_list":{"0":"post-78538","1":"product","2":"type-product","3":"status-publish","4":"has-post-thumbnail","6":"product_brand-vari-produttori-fr","7":"product_cat-senza-categoria","8":"product_cat-senza-categoria-fr","10":"first","11":"outofstock","12":"taxable","13":"shipping-taxable","14":"purchasable","15":"product-type-simple"},"exclude_global_add_ons":false,"addons":[{"name":"CAMPI_TIPOLOGIA\r\n","type":"select","position":0,"required":true,"title_format":"label","default":"","description_enable":false,"description":"","placeholder_enable":false,"placeholder":"","display":"select","restrictions_type":"any_text","adjust_price":false,"price":"","price_type":"","restrictions":false,"min":"0","max":"0","options":[]}],"yoast_head":"<!-- This site is optimized with the Yoast SEO plugin v26.7 - https:\/\/yoast.com\/wordpress\/plugins\/seo\/ -->\n<title>Salle de bains Italia WC en c\u00e9ramique suspendu et bidet CLOE avec housse rembourr\u00e9e<\/title>\n<meta name=\"description\" content=\"Salle de bain sanitaire suspendue en c\u00e9ramique de style moderne. Paire sanitaires Bidet WC avec si\u00e8ge de toilette \u00e0 fermeture ralentie incluse, dimensions 50x34x34cm.\" \/>\n<meta name=\"robots\" content=\"index, follow, max-snippet:-1, max-image-preview:large, max-video-preview:-1\" \/>\n<link rel=\"canonical\" href=\"https:\/\/www.bagnoitalia.com\/fr\/produit\/salle-de-bains-italia-wc-en-ceramique-suspendu-et-bidet-cloe-avec-housse-rembourree.html\" \/>\n<meta property=\"og:locale\" content=\"fr_FR\" \/>\n<meta property=\"og:type\" content=\"article\" \/>\n<meta property=\"og:title\" content=\"Salle de bains Italia WC en c\u00e9ramique suspendu et bidet CLOE avec housse rembourr\u00e9e\" \/>\n<meta property=\"og:description\" content=\"Salle de bain sanitaire suspendue en c\u00e9ramique de style moderne. Paire sanitaires Bidet WC avec si\u00e8ge de toilette \u00e0 fermeture ralentie incluse, dimensions 50x34x34cm.\" \/>\n<meta property=\"og:url\" content=\"https:\/\/www.bagnoitalia.com\/fr\/produit\/salle-de-bains-italia-wc-en-ceramique-suspendu-et-bidet-cloe-avec-housse-rembourree.html\" \/>\n<meta property=\"og:site_name\" content=\"Bagno Italia\" \/>\n<meta property=\"article:modified_time\" content=\"2025-05-30T00:14:14+00:00\" \/>\n<meta property=\"og:image\" content=\"https:\/\/img.bagnoitalia.com\/wp-content\/uploads\/virtuemart\/product\/sanitari_neroceramica16.jpg\" \/>\n\t<meta property=\"og:image:width\" content=\"300\" \/>\n\t<meta property=\"og:image:height\" content=\"300\" \/>\n\t<meta property=\"og:image:type\" content=\"image\/jpeg\" \/>\n<meta name=\"twitter:card\" content=\"summary_large_image\" \/>\n<script type=\"application\/ld+json\" class=\"yoast-schema-graph\">{\"@context\":\"https:\/\/schema.org\",\"@graph\":[{\"@type\":\"WebPage\",\"@id\":\"https:\/\/www.bagnoitalia.com\/fr\/produit\/salle-de-bains-italia-wc-en-ceramique-suspendu-et-bidet-cloe-avec-housse-rembourree.html\",\"url\":\"https:\/\/www.bagnoitalia.com\/fr\/produit\/salle-de-bains-italia-wc-en-ceramique-suspendu-et-bidet-cloe-avec-housse-rembourree.html\",\"name\":\"Salle de bains Italia WC en c\u00e9ramique suspendu et bidet CLOE avec housse rembourr\u00e9e\",\"isPartOf\":{\"@id\":\"https:\/\/www.bagnoitalia.com\/fr#website\"},\"primaryImageOfPage\":{\"@id\":\"https:\/\/www.bagnoitalia.com\/fr\/produit\/salle-de-bains-italia-wc-en-ceramique-suspendu-et-bidet-cloe-avec-housse-rembourree.html#primaryimage\"},\"image\":{\"@id\":\"https:\/\/www.bagnoitalia.com\/fr\/produit\/salle-de-bains-italia-wc-en-ceramique-suspendu-et-bidet-cloe-avec-housse-rembourree.html#primaryimage\"},\"thumbnailUrl\":\"https:\/\/img.bagnoitalia.com\/wp-content\/uploads\/virtuemart\/product\/sanitari_neroceramica16.jpg\",\"datePublished\":\"2014-04-07T09:07:02+00:00\",\"dateModified\":\"2025-05-30T00:14:14+00:00\",\"description\":\"Salle de bain sanitaire suspendue en c\u00e9ramique de style moderne. Paire sanitaires Bidet WC avec si\u00e8ge de toilette \u00e0 fermeture ralentie incluse, dimensions 50x34x34cm.\",\"breadcrumb\":{\"@id\":\"https:\/\/www.bagnoitalia.com\/fr\/produit\/salle-de-bains-italia-wc-en-ceramique-suspendu-et-bidet-cloe-avec-housse-rembourree.html#breadcrumb\"},\"inLanguage\":\"fr-FR\",\"potentialAction\":[{\"@type\":\"ReadAction\",\"target\":[\"https:\/\/www.bagnoitalia.com\/fr\/produit\/salle-de-bains-italia-wc-en-ceramique-suspendu-et-bidet-cloe-avec-housse-rembourree.html\"]}]},{\"@type\":\"ImageObject\",\"inLanguage\":\"fr-FR\",\"@id\":\"https:\/\/www.bagnoitalia.com\/fr\/produit\/salle-de-bains-italia-wc-en-ceramique-suspendu-et-bidet-cloe-avec-housse-rembourree.html#primaryimage\",\"url\":\"https:\/\/img.bagnoitalia.com\/wp-content\/uploads\/virtuemart\/product\/sanitari_neroceramica16.jpg\",\"contentUrl\":\"https:\/\/img.bagnoitalia.com\/wp-content\/uploads\/virtuemart\/product\/sanitari_neroceramica16.jpg\",\"width\":300,\"height\":300},{\"@type\":\"BreadcrumbList\",\"@id\":\"https:\/\/www.bagnoitalia.com\/fr\/produit\/salle-de-bains-italia-wc-en-ceramique-suspendu-et-bidet-cloe-avec-housse-rembourree.html#breadcrumb\",\"itemListElement\":[{\"@type\":\"ListItem\",\"position\":1,\"name\":\"Home\",\"item\":\"https:\/\/www.bagnoitalia.com\/fr\"},{\"@type\":\"ListItem\",\"position\":2,\"name\":\"Produits\",\"item\":\"https:\/\/www.bagnoitalia.com\/fr\/shop\"},{\"@type\":\"ListItem\",\"position\":3,\"name\":\"Salle de bains Italia WC en c\u00e9ramique suspendu et bidet CLOE avec housse rembourr\u00e9e\"}]},{\"@type\":\"WebSite\",\"@id\":\"https:\/\/www.bagnoitalia.com\/fr#website\",\"url\":\"https:\/\/www.bagnoitalia.com\/fr\",\"name\":\"Bagno Italia\",\"description\":\"\",\"publisher\":{\"@id\":\"https:\/\/www.bagnoitalia.com\/fr#organization\"},\"potentialAction\":[{\"@type\":\"SearchAction\",\"target\":{\"@type\":\"EntryPoint\",\"urlTemplate\":\"https:\/\/www.bagnoitalia.com\/fr?s={search_term_string}\"},\"query-input\":{\"@type\":\"PropertyValueSpecification\",\"valueRequired\":true,\"valueName\":\"search_term_string\"}}],\"inLanguage\":\"fr-FR\"},{\"@type\":\"Organization\",\"@id\":\"https:\/\/www.bagnoitalia.com\/fr#organization\",\"name\":\"Bagno Italia\",\"url\":\"https:\/\/www.bagnoitalia.com\/fr\",\"logo\":{\"@type\":\"ImageObject\",\"inLanguage\":\"fr-FR\",\"@id\":\"https:\/\/www.bagnoitalia.com\/fr#\/schema\/logo\/image\/\",\"url\":\"https:\/\/img.bagnoitalia.com\/wp-content\/uploads\/logo-bagnoitalia.webp\",\"contentUrl\":\"https:\/\/img.bagnoitalia.com\/wp-content\/uploads\/logo-bagnoitalia.webp\",\"width\":400,\"height\":70,\"caption\":\"Bagno Italia\"},\"image\":{\"@id\":\"https:\/\/www.bagnoitalia.com\/fr#\/schema\/logo\/image\/\"}}]}<\/script>\n<!-- \/ Yoast SEO plugin. -->","yoast_head_json":{"title":"Salle de bains Italia WC en c\u00e9ramique suspendu et bidet CLOE avec housse rembourr\u00e9e","description":"Salle de bain sanitaire suspendue en c\u00e9ramique de style moderne. Paire sanitaires Bidet WC avec si\u00e8ge de toilette \u00e0 fermeture ralentie incluse, dimensions 50x34x34cm.","robots":{"index":"index","follow":"follow","max-snippet":"max-snippet:-1","max-image-preview":"max-image-preview:large","max-video-preview":"max-video-preview:-1"},"canonical":"https:\/\/www.bagnoitalia.com\/fr\/produit\/salle-de-bains-italia-wc-en-ceramique-suspendu-et-bidet-cloe-avec-housse-rembourree.html","og_locale":"fr_FR","og_type":"article","og_title":"Salle de bains Italia WC en c\u00e9ramique suspendu et bidet CLOE avec housse rembourr\u00e9e","og_description":"Salle de bain sanitaire suspendue en c\u00e9ramique de style moderne. Paire sanitaires Bidet WC avec si\u00e8ge de toilette \u00e0 fermeture ralentie incluse, dimensions 50x34x34cm.","og_url":"https:\/\/www.bagnoitalia.com\/fr\/produit\/salle-de-bains-italia-wc-en-ceramique-suspendu-et-bidet-cloe-avec-housse-rembourree.html","og_site_name":"Bagno Italia","article_modified_time":"2025-05-30T00:14:14+00:00","og_image":[{"width":300,"height":300,"url":"https:\/\/img.bagnoitalia.com\/wp-content\/uploads\/virtuemart\/product\/sanitari_neroceramica16.jpg","type":"image\/jpeg"}],"twitter_card":"summary_large_image","schema":{"@context":"https:\/\/schema.org","@graph":[{"@type":"WebPage","@id":"https:\/\/www.bagnoitalia.com\/fr\/produit\/salle-de-bains-italia-wc-en-ceramique-suspendu-et-bidet-cloe-avec-housse-rembourree.html","url":"https:\/\/www.bagnoitalia.com\/fr\/produit\/salle-de-bains-italia-wc-en-ceramique-suspendu-et-bidet-cloe-avec-housse-rembourree.html","name":"Salle de bains Italia WC en c\u00e9ramique suspendu et bidet CLOE avec housse rembourr\u00e9e","isPartOf":{"@id":"https:\/\/www.bagnoitalia.com\/fr#website"},"primaryImageOfPage":{"@id":"https:\/\/www.bagnoitalia.com\/fr\/produit\/salle-de-bains-italia-wc-en-ceramique-suspendu-et-bidet-cloe-avec-housse-rembourree.html#primaryimage"},"image":{"@id":"https:\/\/www.bagnoitalia.com\/fr\/produit\/salle-de-bains-italia-wc-en-ceramique-suspendu-et-bidet-cloe-avec-housse-rembourree.html#primaryimage"},"thumbnailUrl":"https:\/\/img.bagnoitalia.com\/wp-content\/uploads\/virtuemart\/product\/sanitari_neroceramica16.jpg","datePublished":"2014-04-07T09:07:02+00:00","dateModified":"2025-05-30T00:14:14+00:00","description":"Salle de bain sanitaire suspendue en c\u00e9ramique de style moderne. Paire sanitaires Bidet WC avec si\u00e8ge de toilette \u00e0 fermeture ralentie incluse, dimensions 50x34x34cm.","breadcrumb":{"@id":"https:\/\/www.bagnoitalia.com\/fr\/produit\/salle-de-bains-italia-wc-en-ceramique-suspendu-et-bidet-cloe-avec-housse-rembourree.html#breadcrumb"},"inLanguage":"fr-FR","potentialAction":[{"@type":"ReadAction","target":["https:\/\/www.bagnoitalia.com\/fr\/produit\/salle-de-bains-italia-wc-en-ceramique-suspendu-et-bidet-cloe-avec-housse-rembourree.html"]}]},{"@type":"ImageObject","inLanguage":"fr-FR","@id":"https:\/\/www.bagnoitalia.com\/fr\/produit\/salle-de-bains-italia-wc-en-ceramique-suspendu-et-bidet-cloe-avec-housse-rembourree.html#primaryimage","url":"https:\/\/img.bagnoitalia.com\/wp-content\/uploads\/virtuemart\/product\/sanitari_neroceramica16.jpg","contentUrl":"https:\/\/img.bagnoitalia.com\/wp-content\/uploads\/virtuemart\/product\/sanitari_neroceramica16.jpg","width":300,"height":300},{"@type":"BreadcrumbList","@id":"https:\/\/www.bagnoitalia.com\/fr\/produit\/salle-de-bains-italia-wc-en-ceramique-suspendu-et-bidet-cloe-avec-housse-rembourree.html#breadcrumb","itemListElement":[{"@type":"ListItem","position":1,"name":"Home","item":"https:\/\/www.bagnoitalia.com\/fr"},{"@type":"ListItem","position":2,"name":"Produits","item":"https:\/\/www.bagnoitalia.com\/fr\/shop"},{"@type":"ListItem","position":3,"name":"Salle de bains Italia WC en c\u00e9ramique suspendu et bidet CLOE avec housse rembourr\u00e9e"}]},{"@type":"WebSite","@id":"https:\/\/www.bagnoitalia.com\/fr#website","url":"https:\/\/www.bagnoitalia.com\/fr","name":"Bagno Italia","description":"","publisher":{"@id":"https:\/\/www.bagnoitalia.com\/fr#organization"},"potentialAction":[{"@type":"SearchAction","target":{"@type":"EntryPoint","urlTemplate":"https:\/\/www.bagnoitalia.com\/fr?s={search_term_string}"},"query-input":{"@type":"PropertyValueSpecification","valueRequired":true,"valueName":"search_term_string"}}],"inLanguage":"fr-FR"},{"@type":"Organization","@id":"https:\/\/www.bagnoitalia.com\/fr#organization","name":"Bagno Italia","url":"https:\/\/www.bagnoitalia.com\/fr","logo":{"@type":"ImageObject","inLanguage":"fr-FR","@id":"https:\/\/www.bagnoitalia.com\/fr#\/schema\/logo\/image\/","url":"https:\/\/img.bagnoitalia.com\/wp-content\/uploads\/logo-bagnoitalia.webp","contentUrl":"https:\/\/img.bagnoitalia.com\/wp-content\/uploads\/logo-bagnoitalia.webp","width":400,"height":70,"caption":"Bagno Italia"},"image":{"@id":"https:\/\/www.bagnoitalia.com\/fr#\/schema\/logo\/image\/"}}]}},"_links":{"self":[{"href":"https:\/\/www.bagnoitalia.com\/fr\/wp-json\/wp\/v2\/product\/78538","targetHints":{"allow":["GET"]}}],"collection":[{"href":"https:\/\/www.bagnoitalia.com\/fr\/wp-json\/wp\/v2\/product"}],"about":[{"href":"https:\/\/www.bagnoitalia.com\/fr\/wp-json\/wp\/v2\/types\/product"}],"replies":[{"embeddable":true,"href":"https:\/\/www.bagnoitalia.com\/fr\/wp-json\/wp\/v2\/comments?post=78538"}],"version-history":[{"count":0,"href":"https:\/\/www.bagnoitalia.com\/fr\/wp-json\/wp\/v2\/product\/78538\/revisions"}],"wp:featuredmedia":[{"embeddable":true,"href":"https:\/\/www.bagnoitalia.com\/fr\/wp-json\/wp\/v2\/media\/20322"}],"wp:attachment":[{"href":"https:\/\/www.bagnoitalia.com\/fr\/wp-json\/wp\/v2\/media?parent=78538"}],"wp:term":[{"taxonomy":"product_brand","embeddable":true,"href":"https:\/\/www.bagnoitalia.com\/fr\/wp-json\/wp\/v2\/product_brand?post=78538"},{"taxonomy":"product_cat","embeddable":true,"href":"https:\/\/www.bagnoitalia.com\/fr\/wp-json\/wp\/v2\/product_cat?post=78538"},{"taxonomy":"product_tag","embeddable":true,"href":"https:\/\/www.bagnoitalia.com\/fr\/wp-json\/wp\/v2\/product_tag?post=78538"}],"curies":[{"name":"wp","href":"https:\/\/api.w.org\/{rel}","templated":true}]}}