{"id":78474,"date":"2013-10-06T09:48:38","date_gmt":"2013-10-06T07:48:38","guid":{"rendered":"https:\/\/www.bagnoitalia.com\/product\/meuble-de-salle-de-bain-moderne-flottant-argente-de-50-cm-avec-porte-et-lavabo-en-ceramique"},"modified":"2025-06-13T10:08:20","modified_gmt":"2025-06-13T08:08:20","slug":"meuble-de-salle-de-bain-moderne-flottant-argente-de-50-cm-avec-porte-et-lavabo-en-ceramique","status":"publish","type":"product","link":"https:\/\/www.bagnoitalia.com\/fr\/produit\/meuble-de-salle-de-bain-moderne-flottant-argente-de-50-cm-avec-porte-et-lavabo-en-ceramique.html","title":{"rendered":"Meuble de salle de bain suspendu moderne Silver  50 cm 1 porte, avec lavabo en c\u00e9ramique"},"content":{"rendered":"<p>Meuble de salle de bain suspendu en bois MDF laqu\u00e9 blanc, ch\u00eane clair ou ch\u00eane fonc\u00e9, la porte est \u00e9quip\u00e9e d&rsquo;un syst\u00e8me de ralenti (fermeture amortie), lavabo en c\u00e9ramique, miroir<\/p>\n<p><em><strong>Le prix comprend:<br \/>\n<\/strong><\/em><\/p>\n<ul>\n<li><em>Meuble sous lavabo: L50.0 cm x H41.5cm x P35.7cm<\/em><\/li>\n<li><em>Miroir: L40cm x H50cm<\/em><\/li>\n<li>Lavabo en c\u00e9ramique L 52,0 x 36,0 cm<\/li>\n<\/ul>\n<p>Dimensions int\u00e9rieures du lavabo: 38&#215;22 cm (profondeur 14 cm).<\/p>\n<p>Attention: ce produit ne peut \u00eatre vendu qu\u2019avec un miroir. Il est possible d&rsquo;ajouter l&rsquo;applique \u00e0 led dans le menu sus-jacent<\/p>\n","protected":false},"excerpt":{"rendered":"<p>Meuble de salle de bain 50 cm laqu\u00e9, disponible en 3 couleurs avec lavabo en c\u00e9ramique<\/p>\n","protected":false},"featured_media":19874,"comment_status":"open","ping_status":"closed","template":"","meta":[],"product_brand":[9915],"product_cat":[9715],"product_tag":[],"class_list":{"0":"post-78474","1":"product","2":"type-product","3":"status-publish","4":"has-post-thumbnail","6":"product_brand-brand-store-fr","7":"product_cat-meubles-de-salle-de-bain-de-40-a-70-cm","9":"first","10":"instock","11":"sale","12":"taxable","13":"shipping-taxable","14":"purchasable","15":"product-type-simple"},"exclude_global_add_ons":false,"addons":[{"name":"Couleur","type":"multiple_choice","position":0,"required":true,"title_format":"heading","default":"","description_enable":false,"description":"","placeholder_enable":false,"placeholder":"","display":"select","restrictions_type":"any_text","adjust_price":false,"price":"","price_type":"flat_fee","restrictions":false,"min":"0","max":"0","options":[{"label":"blanc","price":"","price_type":"quantity_based","image":0,"visibility":true},{"label":"Ch\u00eane clair","price":"","price_type":"quantity_based","image":0,"visibility":true},{"label":"Ch\u00eane fonc\u00e9","price":"","price_type":"quantity_based","image":0,"visibility":true}],"id":1718120410},{"name":"Applique","type":"multiple_choice","position":1,"required":true,"title_format":"heading","default":"","description_enable":false,"description":"","placeholder_enable":false,"placeholder":"","display":"select","restrictions_type":"any_text","adjust_price":false,"price":"","price_type":"flat_fee","restrictions":false,"min":"0","max":"0","options":[{"label":"non","price":"","price_type":"quantity_based","image":0,"visibility":true},{"label":"Spot \u00e0 Led Chrome","price":"20","price_type":"quantity_based","image":0,"visibility":true},{"label":"Spot \u00e0 Led Noir Mat","price":"25","price_type":"quantity_based","image":0,"visibility":true}],"id":1718120411}],"yoast_head":"<!-- This site is optimized with the Yoast SEO plugin v26.7 - https:\/\/yoast.com\/wordpress\/plugins\/seo\/ -->\n<title>Meuble de salle de bain suspendu moderne Silver 50 cm 1 porte, avec lavabo en c\u00e9ramique<\/title>\n<meta name=\"robots\" content=\"index, follow, max-snippet:-1, max-image-preview:large, max-video-preview:-1\" \/>\n<link rel=\"canonical\" href=\"https:\/\/www.bagnoitalia.com\/fr\/produit\/meuble-de-salle-de-bain-moderne-flottant-argente-de-50-cm-avec-porte-et-lavabo-en-ceramique.html\" \/>\n<meta property=\"og:locale\" content=\"fr_FR\" \/>\n<meta property=\"og:type\" content=\"article\" \/>\n<meta property=\"og:title\" content=\"Meuble de salle de bain suspendu moderne Silver 50 cm 1 porte, avec lavabo en c\u00e9ramique\" \/>\n<meta property=\"og:description\" content=\"Meuble de salle de bain 50 cm laqu\u00e9, disponible en 3 couleurs avec lavabo en c\u00e9ramique\" \/>\n<meta property=\"og:url\" content=\"https:\/\/www.bagnoitalia.com\/fr\/produit\/meuble-de-salle-de-bain-moderne-flottant-argente-de-50-cm-avec-porte-et-lavabo-en-ceramique.html\" \/>\n<meta property=\"og:site_name\" content=\"Bagno Italia\" \/>\n<meta property=\"article:modified_time\" content=\"2025-06-13T08:08:20+00:00\" \/>\n<meta property=\"og:image\" content=\"https:\/\/img.bagnoitalia.com\/wp-content\/uploads\/virtuemart\/product\/Wall-hung-bathroom-vanity-Silver-1_1542128687_903.jpg\" \/>\n\t<meta property=\"og:image:width\" content=\"640\" \/>\n\t<meta property=\"og:image:height\" content=\"640\" \/>\n\t<meta property=\"og:image:type\" content=\"image\/jpeg\" \/>\n<meta name=\"twitter:card\" content=\"summary_large_image\" \/>\n<meta name=\"twitter:label1\" content=\"Dur\u00e9e de lecture estim\u00e9e\" \/>\n\t<meta name=\"twitter:data1\" content=\"1 minute\" \/>\n<script type=\"application\/ld+json\" class=\"yoast-schema-graph\">{\"@context\":\"https:\/\/schema.org\",\"@graph\":[{\"@type\":\"WebPage\",\"@id\":\"https:\/\/www.bagnoitalia.com\/fr\/produit\/meuble-de-salle-de-bain-moderne-flottant-argente-de-50-cm-avec-porte-et-lavabo-en-ceramique.html\",\"url\":\"https:\/\/www.bagnoitalia.com\/fr\/produit\/meuble-de-salle-de-bain-moderne-flottant-argente-de-50-cm-avec-porte-et-lavabo-en-ceramique.html\",\"name\":\"Meuble de salle de bain suspendu moderne Silver 50 cm 1 porte, avec lavabo en c\u00e9ramique\",\"isPartOf\":{\"@id\":\"https:\/\/www.bagnoitalia.com\/fr#website\"},\"primaryImageOfPage\":{\"@id\":\"https:\/\/www.bagnoitalia.com\/fr\/produit\/meuble-de-salle-de-bain-moderne-flottant-argente-de-50-cm-avec-porte-et-lavabo-en-ceramique.html#primaryimage\"},\"image\":{\"@id\":\"https:\/\/www.bagnoitalia.com\/fr\/produit\/meuble-de-salle-de-bain-moderne-flottant-argente-de-50-cm-avec-porte-et-lavabo-en-ceramique.html#primaryimage\"},\"thumbnailUrl\":\"https:\/\/img.bagnoitalia.com\/wp-content\/uploads\/virtuemart\/product\/Wall-hung-bathroom-vanity-Silver-1_1542128687_903.jpg\",\"datePublished\":\"2013-10-06T07:48:38+00:00\",\"dateModified\":\"2025-06-13T08:08:20+00:00\",\"breadcrumb\":{\"@id\":\"https:\/\/www.bagnoitalia.com\/fr\/produit\/meuble-de-salle-de-bain-moderne-flottant-argente-de-50-cm-avec-porte-et-lavabo-en-ceramique.html#breadcrumb\"},\"inLanguage\":\"fr-FR\",\"potentialAction\":[{\"@type\":\"ReadAction\",\"target\":[\"https:\/\/www.bagnoitalia.com\/fr\/produit\/meuble-de-salle-de-bain-moderne-flottant-argente-de-50-cm-avec-porte-et-lavabo-en-ceramique.html\"]}]},{\"@type\":\"ImageObject\",\"inLanguage\":\"fr-FR\",\"@id\":\"https:\/\/www.bagnoitalia.com\/fr\/produit\/meuble-de-salle-de-bain-moderne-flottant-argente-de-50-cm-avec-porte-et-lavabo-en-ceramique.html#primaryimage\",\"url\":\"https:\/\/img.bagnoitalia.com\/wp-content\/uploads\/virtuemart\/product\/Wall-hung-bathroom-vanity-Silver-1_1542128687_903.jpg\",\"contentUrl\":\"https:\/\/img.bagnoitalia.com\/wp-content\/uploads\/virtuemart\/product\/Wall-hung-bathroom-vanity-Silver-1_1542128687_903.jpg\",\"width\":640,\"height\":640},{\"@type\":\"BreadcrumbList\",\"@id\":\"https:\/\/www.bagnoitalia.com\/fr\/produit\/meuble-de-salle-de-bain-moderne-flottant-argente-de-50-cm-avec-porte-et-lavabo-en-ceramique.html#breadcrumb\",\"itemListElement\":[{\"@type\":\"ListItem\",\"position\":1,\"name\":\"Home\",\"item\":\"https:\/\/www.bagnoitalia.com\/fr\"},{\"@type\":\"ListItem\",\"position\":2,\"name\":\"Produits\",\"item\":\"https:\/\/www.bagnoitalia.com\/fr\/shop\"},{\"@type\":\"ListItem\",\"position\":3,\"name\":\"Meuble de salle de bain suspendu moderne Silver 50 cm 1 porte, avec lavabo en c\u00e9ramique\"}]},{\"@type\":\"WebSite\",\"@id\":\"https:\/\/www.bagnoitalia.com\/fr#website\",\"url\":\"https:\/\/www.bagnoitalia.com\/fr\",\"name\":\"Bagno Italia\",\"description\":\"\",\"publisher\":{\"@id\":\"https:\/\/www.bagnoitalia.com\/fr#organization\"},\"potentialAction\":[{\"@type\":\"SearchAction\",\"target\":{\"@type\":\"EntryPoint\",\"urlTemplate\":\"https:\/\/www.bagnoitalia.com\/fr?s={search_term_string}\"},\"query-input\":{\"@type\":\"PropertyValueSpecification\",\"valueRequired\":true,\"valueName\":\"search_term_string\"}}],\"inLanguage\":\"fr-FR\"},{\"@type\":\"Organization\",\"@id\":\"https:\/\/www.bagnoitalia.com\/fr#organization\",\"name\":\"Bagno Italia\",\"url\":\"https:\/\/www.bagnoitalia.com\/fr\",\"logo\":{\"@type\":\"ImageObject\",\"inLanguage\":\"fr-FR\",\"@id\":\"https:\/\/www.bagnoitalia.com\/fr#\/schema\/logo\/image\/\",\"url\":\"https:\/\/img.bagnoitalia.com\/wp-content\/uploads\/logo-bagnoitalia.webp\",\"contentUrl\":\"https:\/\/img.bagnoitalia.com\/wp-content\/uploads\/logo-bagnoitalia.webp\",\"width\":400,\"height\":70,\"caption\":\"Bagno Italia\"},\"image\":{\"@id\":\"https:\/\/www.bagnoitalia.com\/fr#\/schema\/logo\/image\/\"}}]}<\/script>\n<!-- \/ Yoast SEO plugin. -->","yoast_head_json":{"title":"Meuble de salle de bain suspendu moderne Silver 50 cm 1 porte, avec lavabo en c\u00e9ramique","robots":{"index":"index","follow":"follow","max-snippet":"max-snippet:-1","max-image-preview":"max-image-preview:large","max-video-preview":"max-video-preview:-1"},"canonical":"https:\/\/www.bagnoitalia.com\/fr\/produit\/meuble-de-salle-de-bain-moderne-flottant-argente-de-50-cm-avec-porte-et-lavabo-en-ceramique.html","og_locale":"fr_FR","og_type":"article","og_title":"Meuble de salle de bain suspendu moderne Silver 50 cm 1 porte, avec lavabo en c\u00e9ramique","og_description":"Meuble de salle de bain 50 cm laqu\u00e9, disponible en 3 couleurs avec lavabo en c\u00e9ramique","og_url":"https:\/\/www.bagnoitalia.com\/fr\/produit\/meuble-de-salle-de-bain-moderne-flottant-argente-de-50-cm-avec-porte-et-lavabo-en-ceramique.html","og_site_name":"Bagno Italia","article_modified_time":"2025-06-13T08:08:20+00:00","og_image":[{"width":640,"height":640,"url":"https:\/\/img.bagnoitalia.com\/wp-content\/uploads\/virtuemart\/product\/Wall-hung-bathroom-vanity-Silver-1_1542128687_903.jpg","type":"image\/jpeg"}],"twitter_card":"summary_large_image","twitter_misc":{"Dur\u00e9e de lecture estim\u00e9e":"1 minute"},"schema":{"@context":"https:\/\/schema.org","@graph":[{"@type":"WebPage","@id":"https:\/\/www.bagnoitalia.com\/fr\/produit\/meuble-de-salle-de-bain-moderne-flottant-argente-de-50-cm-avec-porte-et-lavabo-en-ceramique.html","url":"https:\/\/www.bagnoitalia.com\/fr\/produit\/meuble-de-salle-de-bain-moderne-flottant-argente-de-50-cm-avec-porte-et-lavabo-en-ceramique.html","name":"Meuble de salle de bain suspendu moderne Silver 50 cm 1 porte, avec lavabo en c\u00e9ramique","isPartOf":{"@id":"https:\/\/www.bagnoitalia.com\/fr#website"},"primaryImageOfPage":{"@id":"https:\/\/www.bagnoitalia.com\/fr\/produit\/meuble-de-salle-de-bain-moderne-flottant-argente-de-50-cm-avec-porte-et-lavabo-en-ceramique.html#primaryimage"},"image":{"@id":"https:\/\/www.bagnoitalia.com\/fr\/produit\/meuble-de-salle-de-bain-moderne-flottant-argente-de-50-cm-avec-porte-et-lavabo-en-ceramique.html#primaryimage"},"thumbnailUrl":"https:\/\/img.bagnoitalia.com\/wp-content\/uploads\/virtuemart\/product\/Wall-hung-bathroom-vanity-Silver-1_1542128687_903.jpg","datePublished":"2013-10-06T07:48:38+00:00","dateModified":"2025-06-13T08:08:20+00:00","breadcrumb":{"@id":"https:\/\/www.bagnoitalia.com\/fr\/produit\/meuble-de-salle-de-bain-moderne-flottant-argente-de-50-cm-avec-porte-et-lavabo-en-ceramique.html#breadcrumb"},"inLanguage":"fr-FR","potentialAction":[{"@type":"ReadAction","target":["https:\/\/www.bagnoitalia.com\/fr\/produit\/meuble-de-salle-de-bain-moderne-flottant-argente-de-50-cm-avec-porte-et-lavabo-en-ceramique.html"]}]},{"@type":"ImageObject","inLanguage":"fr-FR","@id":"https:\/\/www.bagnoitalia.com\/fr\/produit\/meuble-de-salle-de-bain-moderne-flottant-argente-de-50-cm-avec-porte-et-lavabo-en-ceramique.html#primaryimage","url":"https:\/\/img.bagnoitalia.com\/wp-content\/uploads\/virtuemart\/product\/Wall-hung-bathroom-vanity-Silver-1_1542128687_903.jpg","contentUrl":"https:\/\/img.bagnoitalia.com\/wp-content\/uploads\/virtuemart\/product\/Wall-hung-bathroom-vanity-Silver-1_1542128687_903.jpg","width":640,"height":640},{"@type":"BreadcrumbList","@id":"https:\/\/www.bagnoitalia.com\/fr\/produit\/meuble-de-salle-de-bain-moderne-flottant-argente-de-50-cm-avec-porte-et-lavabo-en-ceramique.html#breadcrumb","itemListElement":[{"@type":"ListItem","position":1,"name":"Home","item":"https:\/\/www.bagnoitalia.com\/fr"},{"@type":"ListItem","position":2,"name":"Produits","item":"https:\/\/www.bagnoitalia.com\/fr\/shop"},{"@type":"ListItem","position":3,"name":"Meuble de salle de bain suspendu moderne Silver 50 cm 1 porte, avec lavabo en c\u00e9ramique"}]},{"@type":"WebSite","@id":"https:\/\/www.bagnoitalia.com\/fr#website","url":"https:\/\/www.bagnoitalia.com\/fr","name":"Bagno Italia","description":"","publisher":{"@id":"https:\/\/www.bagnoitalia.com\/fr#organization"},"potentialAction":[{"@type":"SearchAction","target":{"@type":"EntryPoint","urlTemplate":"https:\/\/www.bagnoitalia.com\/fr?s={search_term_string}"},"query-input":{"@type":"PropertyValueSpecification","valueRequired":true,"valueName":"search_term_string"}}],"inLanguage":"fr-FR"},{"@type":"Organization","@id":"https:\/\/www.bagnoitalia.com\/fr#organization","name":"Bagno Italia","url":"https:\/\/www.bagnoitalia.com\/fr","logo":{"@type":"ImageObject","inLanguage":"fr-FR","@id":"https:\/\/www.bagnoitalia.com\/fr#\/schema\/logo\/image\/","url":"https:\/\/img.bagnoitalia.com\/wp-content\/uploads\/logo-bagnoitalia.webp","contentUrl":"https:\/\/img.bagnoitalia.com\/wp-content\/uploads\/logo-bagnoitalia.webp","width":400,"height":70,"caption":"Bagno Italia"},"image":{"@id":"https:\/\/www.bagnoitalia.com\/fr#\/schema\/logo\/image\/"}}]}},"_links":{"self":[{"href":"https:\/\/www.bagnoitalia.com\/fr\/wp-json\/wp\/v2\/product\/78474","targetHints":{"allow":["GET"]}}],"collection":[{"href":"https:\/\/www.bagnoitalia.com\/fr\/wp-json\/wp\/v2\/product"}],"about":[{"href":"https:\/\/www.bagnoitalia.com\/fr\/wp-json\/wp\/v2\/types\/product"}],"replies":[{"embeddable":true,"href":"https:\/\/www.bagnoitalia.com\/fr\/wp-json\/wp\/v2\/comments?post=78474"}],"version-history":[{"count":1,"href":"https:\/\/www.bagnoitalia.com\/fr\/wp-json\/wp\/v2\/product\/78474\/revisions"}],"predecessor-version":[{"id":89924,"href":"https:\/\/www.bagnoitalia.com\/fr\/wp-json\/wp\/v2\/product\/78474\/revisions\/89924"}],"wp:featuredmedia":[{"embeddable":true,"href":"https:\/\/www.bagnoitalia.com\/fr\/wp-json\/wp\/v2\/media\/19874"}],"wp:attachment":[{"href":"https:\/\/www.bagnoitalia.com\/fr\/wp-json\/wp\/v2\/media?parent=78474"}],"wp:term":[{"taxonomy":"product_brand","embeddable":true,"href":"https:\/\/www.bagnoitalia.com\/fr\/wp-json\/wp\/v2\/product_brand?post=78474"},{"taxonomy":"product_cat","embeddable":true,"href":"https:\/\/www.bagnoitalia.com\/fr\/wp-json\/wp\/v2\/product_cat?post=78474"},{"taxonomy":"product_tag","embeddable":true,"href":"https:\/\/www.bagnoitalia.com\/fr\/wp-json\/wp\/v2\/product_tag?post=78474"}],"curies":[{"name":"wp","href":"https:\/\/api.w.org\/{rel}","templated":true}]}}