{"id":78418,"date":"2014-02-24T10:41:34","date_gmt":"2014-02-24T09:41:34","guid":{"rendered":"https:\/\/www.bagnoitalia.com\/product\/sanitaires-suspendus-en-ceramique-et-bidet-modele-bagno-italia-lotus"},"modified":"2025-07-06T23:34:21","modified_gmt":"2025-07-06T21:34:21","slug":"sanitaires-suspendus-en-ceramique-et-bidet-modele-bagno-italia-lotus","status":"publish","type":"product","link":"https:\/\/www.bagnoitalia.com\/fr\/produit\/sanitaires-suspendus-en-ceramique-et-bidet-modele-bagno-italia-lotus.html","title":{"rendered":"Sanitaires, bidet et WC suspendus en c\u00e9ramique Bagno Italia mod\u00e8le Loto"},"content":{"rendered":"<p><strong><span style=\"font-size: 12pt;\"><span style=\"color: #ff0000;\"><\/span><br \/><\/span><\/strong><\/p>\n<p><strong>Sanitaires suspendus mod\u00e8le Loto avec abattant de WC \u00e0 fermeture amortie<\/strong><\/p>\n<\/p>\n<p><strong>Le prix comprend:<\/strong><\/p>\n<\/p>\n<p>1 Cuvette de WC en c\u00e9ramique (Dimensions: 57x35x33)<\/p>\n<p>1 Bidet en c\u00e9ramique (Dimensions: 57x35x33)<\/p>\n<p>1 Abattant de toilette (Dimensions int\u00e9rieures: 46,5 x 35,5)<\/p>\n<\/p>\n<ul>\n<li>WC suspendue en c\u00e9ramique au design moderne<\/li>\n<li>Abattant de toilette avec syst\u00e8me \u00ab\u00a0soft-close\u00a0\u00bb<\/li>\n<\/ul>\n<p><span style=\"text-decoration: underline;\"><span style=\"color: #ff0000;\"><strong><span style=\"color: #0000ff; text-decoration: underline;\"><\/span><\/strong><\/span><\/span><\/p>\n<\/p>\n<p>Les supports de fixation, type universel, ne sont pas fournie, Ils sont facilement disponibles dans n&rsquo;importe quel magasin de plomberie.<\/p>\n","protected":false},"excerpt":{"rendered":"<p>Sanitaires suspendus Bagno Italia avec abattant de toilette \u00e0 fermeture amortie <\/p>\n","protected":false},"featured_media":19354,"comment_status":"open","ping_status":"closed","template":"","meta":[],"product_brand":[9918],"product_cat":[15,10115],"product_tag":[],"class_list":{"0":"post-78418","1":"product","2":"type-product","3":"status-publish","4":"has-post-thumbnail","6":"product_brand-goccioline-ambrosia-group-fr","7":"product_cat-senza-categoria","8":"product_cat-senza-categoria-fr","10":"first","11":"outofstock","12":"taxable","13":"shipping-taxable","14":"purchasable","15":"product-type-simple"},"exclude_global_add_ons":false,"addons":[{"name":"CAMPI_VASO_E_BIDET\r\n","type":"select","position":0,"required":true,"title_format":"label","default":"","description_enable":false,"description":"","placeholder_enable":false,"placeholder":"","display":"select","restrictions_type":"any_text","adjust_price":false,"price":"","price_type":"","restrictions":false,"min":"0","max":"0","options":[]}],"yoast_head":"<!-- This site is optimized with the Yoast SEO plugin v26.7 - https:\/\/yoast.com\/wordpress\/plugins\/seo\/ -->\n<title>Sanitaires, bidet et WC suspendus en c\u00e9ramique Bagno Italia mod\u00e8le Loto<\/title>\n<meta name=\"description\" content=\"Loto de WC en c\u00e9ramique suspendu et suspendu, design moderne, avec si\u00e8ge rembourr\u00e9,\" \/>\n<meta name=\"robots\" content=\"index, follow, max-snippet:-1, max-image-preview:large, max-video-preview:-1\" \/>\n<link rel=\"canonical\" href=\"https:\/\/www.bagnoitalia.com\/fr\/produit\/sanitaires-suspendus-en-ceramique-et-bidet-modele-bagno-italia-lotus.html\" \/>\n<meta property=\"og:locale\" content=\"fr_FR\" \/>\n<meta property=\"og:type\" content=\"article\" \/>\n<meta property=\"og:title\" content=\"Sanitaires, bidet et WC suspendus en c\u00e9ramique Bagno Italia mod\u00e8le Loto\" \/>\n<meta property=\"og:description\" content=\"Loto de WC en c\u00e9ramique suspendu et suspendu, design moderne, avec si\u00e8ge rembourr\u00e9,\" \/>\n<meta property=\"og:url\" content=\"https:\/\/www.bagnoitalia.com\/fr\/produit\/sanitaires-suspendus-en-ceramique-et-bidet-modele-bagno-italia-lotus.html\" \/>\n<meta property=\"og:site_name\" content=\"Bagno Italia\" \/>\n<meta property=\"article:modified_time\" content=\"2025-07-06T21:34:21+00:00\" \/>\n<meta property=\"og:image\" content=\"https:\/\/img.bagnoitalia.com\/wp-content\/uploads\/virtuemart\/product\/Loto-model-sanitary-1_1540983086_134.jpg\" \/>\n\t<meta property=\"og:image:width\" content=\"444\" \/>\n\t<meta property=\"og:image:height\" content=\"444\" \/>\n\t<meta property=\"og:image:type\" content=\"image\/jpeg\" \/>\n<meta name=\"twitter:card\" content=\"summary_large_image\" \/>\n<script type=\"application\/ld+json\" class=\"yoast-schema-graph\">{\"@context\":\"https:\/\/schema.org\",\"@graph\":[{\"@type\":\"WebPage\",\"@id\":\"https:\/\/www.bagnoitalia.com\/fr\/produit\/sanitaires-suspendus-en-ceramique-et-bidet-modele-bagno-italia-lotus.html\",\"url\":\"https:\/\/www.bagnoitalia.com\/fr\/produit\/sanitaires-suspendus-en-ceramique-et-bidet-modele-bagno-italia-lotus.html\",\"name\":\"Sanitaires, bidet et WC suspendus en c\u00e9ramique Bagno Italia mod\u00e8le Loto\",\"isPartOf\":{\"@id\":\"https:\/\/www.bagnoitalia.com\/fr#website\"},\"primaryImageOfPage\":{\"@id\":\"https:\/\/www.bagnoitalia.com\/fr\/produit\/sanitaires-suspendus-en-ceramique-et-bidet-modele-bagno-italia-lotus.html#primaryimage\"},\"image\":{\"@id\":\"https:\/\/www.bagnoitalia.com\/fr\/produit\/sanitaires-suspendus-en-ceramique-et-bidet-modele-bagno-italia-lotus.html#primaryimage\"},\"thumbnailUrl\":\"https:\/\/img.bagnoitalia.com\/wp-content\/uploads\/virtuemart\/product\/Loto-model-sanitary-1_1540983086_134.jpg\",\"datePublished\":\"2014-02-24T09:41:34+00:00\",\"dateModified\":\"2025-07-06T21:34:21+00:00\",\"description\":\"Loto de WC en c\u00e9ramique suspendu et suspendu, design moderne, avec si\u00e8ge rembourr\u00e9,\",\"breadcrumb\":{\"@id\":\"https:\/\/www.bagnoitalia.com\/fr\/produit\/sanitaires-suspendus-en-ceramique-et-bidet-modele-bagno-italia-lotus.html#breadcrumb\"},\"inLanguage\":\"fr-FR\",\"potentialAction\":[{\"@type\":\"ReadAction\",\"target\":[\"https:\/\/www.bagnoitalia.com\/fr\/produit\/sanitaires-suspendus-en-ceramique-et-bidet-modele-bagno-italia-lotus.html\"]}]},{\"@type\":\"ImageObject\",\"inLanguage\":\"fr-FR\",\"@id\":\"https:\/\/www.bagnoitalia.com\/fr\/produit\/sanitaires-suspendus-en-ceramique-et-bidet-modele-bagno-italia-lotus.html#primaryimage\",\"url\":\"https:\/\/img.bagnoitalia.com\/wp-content\/uploads\/virtuemart\/product\/Loto-model-sanitary-1_1540983086_134.jpg\",\"contentUrl\":\"https:\/\/img.bagnoitalia.com\/wp-content\/uploads\/virtuemart\/product\/Loto-model-sanitary-1_1540983086_134.jpg\",\"width\":444,\"height\":444},{\"@type\":\"BreadcrumbList\",\"@id\":\"https:\/\/www.bagnoitalia.com\/fr\/produit\/sanitaires-suspendus-en-ceramique-et-bidet-modele-bagno-italia-lotus.html#breadcrumb\",\"itemListElement\":[{\"@type\":\"ListItem\",\"position\":1,\"name\":\"Home\",\"item\":\"https:\/\/www.bagnoitalia.com\/fr\"},{\"@type\":\"ListItem\",\"position\":2,\"name\":\"Produits\",\"item\":\"https:\/\/www.bagnoitalia.com\/fr\/shop\"},{\"@type\":\"ListItem\",\"position\":3,\"name\":\"Sanitaires, bidet et WC suspendus en c\u00e9ramique Bagno Italia mod\u00e8le Loto\"}]},{\"@type\":\"WebSite\",\"@id\":\"https:\/\/www.bagnoitalia.com\/fr#website\",\"url\":\"https:\/\/www.bagnoitalia.com\/fr\",\"name\":\"Bagno Italia\",\"description\":\"\",\"publisher\":{\"@id\":\"https:\/\/www.bagnoitalia.com\/fr#organization\"},\"potentialAction\":[{\"@type\":\"SearchAction\",\"target\":{\"@type\":\"EntryPoint\",\"urlTemplate\":\"https:\/\/www.bagnoitalia.com\/fr?s={search_term_string}\"},\"query-input\":{\"@type\":\"PropertyValueSpecification\",\"valueRequired\":true,\"valueName\":\"search_term_string\"}}],\"inLanguage\":\"fr-FR\"},{\"@type\":\"Organization\",\"@id\":\"https:\/\/www.bagnoitalia.com\/fr#organization\",\"name\":\"Bagno Italia\",\"url\":\"https:\/\/www.bagnoitalia.com\/fr\",\"logo\":{\"@type\":\"ImageObject\",\"inLanguage\":\"fr-FR\",\"@id\":\"https:\/\/www.bagnoitalia.com\/fr#\/schema\/logo\/image\/\",\"url\":\"https:\/\/img.bagnoitalia.com\/wp-content\/uploads\/logo-bagnoitalia.webp\",\"contentUrl\":\"https:\/\/img.bagnoitalia.com\/wp-content\/uploads\/logo-bagnoitalia.webp\",\"width\":400,\"height\":70,\"caption\":\"Bagno Italia\"},\"image\":{\"@id\":\"https:\/\/www.bagnoitalia.com\/fr#\/schema\/logo\/image\/\"}}]}<\/script>\n<!-- \/ Yoast SEO plugin. -->","yoast_head_json":{"title":"Sanitaires, bidet et WC suspendus en c\u00e9ramique Bagno Italia mod\u00e8le Loto","description":"Loto de WC en c\u00e9ramique suspendu et suspendu, design moderne, avec si\u00e8ge rembourr\u00e9,","robots":{"index":"index","follow":"follow","max-snippet":"max-snippet:-1","max-image-preview":"max-image-preview:large","max-video-preview":"max-video-preview:-1"},"canonical":"https:\/\/www.bagnoitalia.com\/fr\/produit\/sanitaires-suspendus-en-ceramique-et-bidet-modele-bagno-italia-lotus.html","og_locale":"fr_FR","og_type":"article","og_title":"Sanitaires, bidet et WC suspendus en c\u00e9ramique Bagno Italia mod\u00e8le Loto","og_description":"Loto de WC en c\u00e9ramique suspendu et suspendu, design moderne, avec si\u00e8ge rembourr\u00e9,","og_url":"https:\/\/www.bagnoitalia.com\/fr\/produit\/sanitaires-suspendus-en-ceramique-et-bidet-modele-bagno-italia-lotus.html","og_site_name":"Bagno Italia","article_modified_time":"2025-07-06T21:34:21+00:00","og_image":[{"width":444,"height":444,"url":"https:\/\/img.bagnoitalia.com\/wp-content\/uploads\/virtuemart\/product\/Loto-model-sanitary-1_1540983086_134.jpg","type":"image\/jpeg"}],"twitter_card":"summary_large_image","schema":{"@context":"https:\/\/schema.org","@graph":[{"@type":"WebPage","@id":"https:\/\/www.bagnoitalia.com\/fr\/produit\/sanitaires-suspendus-en-ceramique-et-bidet-modele-bagno-italia-lotus.html","url":"https:\/\/www.bagnoitalia.com\/fr\/produit\/sanitaires-suspendus-en-ceramique-et-bidet-modele-bagno-italia-lotus.html","name":"Sanitaires, bidet et WC suspendus en c\u00e9ramique Bagno Italia mod\u00e8le Loto","isPartOf":{"@id":"https:\/\/www.bagnoitalia.com\/fr#website"},"primaryImageOfPage":{"@id":"https:\/\/www.bagnoitalia.com\/fr\/produit\/sanitaires-suspendus-en-ceramique-et-bidet-modele-bagno-italia-lotus.html#primaryimage"},"image":{"@id":"https:\/\/www.bagnoitalia.com\/fr\/produit\/sanitaires-suspendus-en-ceramique-et-bidet-modele-bagno-italia-lotus.html#primaryimage"},"thumbnailUrl":"https:\/\/img.bagnoitalia.com\/wp-content\/uploads\/virtuemart\/product\/Loto-model-sanitary-1_1540983086_134.jpg","datePublished":"2014-02-24T09:41:34+00:00","dateModified":"2025-07-06T21:34:21+00:00","description":"Loto de WC en c\u00e9ramique suspendu et suspendu, design moderne, avec si\u00e8ge rembourr\u00e9,","breadcrumb":{"@id":"https:\/\/www.bagnoitalia.com\/fr\/produit\/sanitaires-suspendus-en-ceramique-et-bidet-modele-bagno-italia-lotus.html#breadcrumb"},"inLanguage":"fr-FR","potentialAction":[{"@type":"ReadAction","target":["https:\/\/www.bagnoitalia.com\/fr\/produit\/sanitaires-suspendus-en-ceramique-et-bidet-modele-bagno-italia-lotus.html"]}]},{"@type":"ImageObject","inLanguage":"fr-FR","@id":"https:\/\/www.bagnoitalia.com\/fr\/produit\/sanitaires-suspendus-en-ceramique-et-bidet-modele-bagno-italia-lotus.html#primaryimage","url":"https:\/\/img.bagnoitalia.com\/wp-content\/uploads\/virtuemart\/product\/Loto-model-sanitary-1_1540983086_134.jpg","contentUrl":"https:\/\/img.bagnoitalia.com\/wp-content\/uploads\/virtuemart\/product\/Loto-model-sanitary-1_1540983086_134.jpg","width":444,"height":444},{"@type":"BreadcrumbList","@id":"https:\/\/www.bagnoitalia.com\/fr\/produit\/sanitaires-suspendus-en-ceramique-et-bidet-modele-bagno-italia-lotus.html#breadcrumb","itemListElement":[{"@type":"ListItem","position":1,"name":"Home","item":"https:\/\/www.bagnoitalia.com\/fr"},{"@type":"ListItem","position":2,"name":"Produits","item":"https:\/\/www.bagnoitalia.com\/fr\/shop"},{"@type":"ListItem","position":3,"name":"Sanitaires, bidet et WC suspendus en c\u00e9ramique Bagno Italia mod\u00e8le Loto"}]},{"@type":"WebSite","@id":"https:\/\/www.bagnoitalia.com\/fr#website","url":"https:\/\/www.bagnoitalia.com\/fr","name":"Bagno Italia","description":"","publisher":{"@id":"https:\/\/www.bagnoitalia.com\/fr#organization"},"potentialAction":[{"@type":"SearchAction","target":{"@type":"EntryPoint","urlTemplate":"https:\/\/www.bagnoitalia.com\/fr?s={search_term_string}"},"query-input":{"@type":"PropertyValueSpecification","valueRequired":true,"valueName":"search_term_string"}}],"inLanguage":"fr-FR"},{"@type":"Organization","@id":"https:\/\/www.bagnoitalia.com\/fr#organization","name":"Bagno Italia","url":"https:\/\/www.bagnoitalia.com\/fr","logo":{"@type":"ImageObject","inLanguage":"fr-FR","@id":"https:\/\/www.bagnoitalia.com\/fr#\/schema\/logo\/image\/","url":"https:\/\/img.bagnoitalia.com\/wp-content\/uploads\/logo-bagnoitalia.webp","contentUrl":"https:\/\/img.bagnoitalia.com\/wp-content\/uploads\/logo-bagnoitalia.webp","width":400,"height":70,"caption":"Bagno Italia"},"image":{"@id":"https:\/\/www.bagnoitalia.com\/fr#\/schema\/logo\/image\/"}}]}},"_links":{"self":[{"href":"https:\/\/www.bagnoitalia.com\/fr\/wp-json\/wp\/v2\/product\/78418","targetHints":{"allow":["GET"]}}],"collection":[{"href":"https:\/\/www.bagnoitalia.com\/fr\/wp-json\/wp\/v2\/product"}],"about":[{"href":"https:\/\/www.bagnoitalia.com\/fr\/wp-json\/wp\/v2\/types\/product"}],"replies":[{"embeddable":true,"href":"https:\/\/www.bagnoitalia.com\/fr\/wp-json\/wp\/v2\/comments?post=78418"}],"version-history":[{"count":0,"href":"https:\/\/www.bagnoitalia.com\/fr\/wp-json\/wp\/v2\/product\/78418\/revisions"}],"wp:featuredmedia":[{"embeddable":true,"href":"https:\/\/www.bagnoitalia.com\/fr\/wp-json\/wp\/v2\/media\/19354"}],"wp:attachment":[{"href":"https:\/\/www.bagnoitalia.com\/fr\/wp-json\/wp\/v2\/media?parent=78418"}],"wp:term":[{"taxonomy":"product_brand","embeddable":true,"href":"https:\/\/www.bagnoitalia.com\/fr\/wp-json\/wp\/v2\/product_brand?post=78418"},{"taxonomy":"product_cat","embeddable":true,"href":"https:\/\/www.bagnoitalia.com\/fr\/wp-json\/wp\/v2\/product_cat?post=78418"},{"taxonomy":"product_tag","embeddable":true,"href":"https:\/\/www.bagnoitalia.com\/fr\/wp-json\/wp\/v2\/product_tag?post=78418"}],"curies":[{"name":"wp","href":"https:\/\/api.w.org\/{rel}","templated":true}]}}