{"id":78414,"date":"2014-01-18T08:14:50","date_gmt":"2014-01-18T07:14:50","guid":{"rendered":"https:\/\/www.bagnoitalia.com\/product\/cuvette-de-toilette-moderne-suspendue-en-ceramique-bagno-italia-mod-nouveau"},"modified":"2025-05-13T16:57:45","modified_gmt":"2025-05-13T14:57:45","slug":"cuvette-de-toilette-moderne-suspendue-en-ceramique-bagno-italia-mod-nouveau","status":"publish","type":"product","link":"https:\/\/www.bagnoitalia.com\/fr\/produit\/cuvette-de-toilette-moderne-suspendue-en-ceramique-bagno-italia-mod-nouveau.html","title":{"rendered":"Sanitaires suspendus mod\u00e8le New Bagno Italia moderne en c\u00e9ramique"},"content":{"rendered":"<p><strong>Sanitaires de salle de bain suspendus mod\u00e8le New&nbsp;<br \/><\/strong><\/p>\n<\/p>\n<p><strong>Le prix comprend:<\/strong><\/p>\n<\/p>\n<p>1 Cuvette de WC en c\u00e9ramique suspendu (dimensions 60x42x42)<\/p>\n<p>1 Abattant de toilette \u00e0 fermeture amortie<\/p>\n<p>1 bidet en c\u00e9ramique suspendu (dimensions: 60x40x42)<\/p>\n<\/p>\n<ul>\n<li>WC suspendu en c\u00e9ramique au design moderne<\/li>\n<li>Abattant de toilette avec syst\u00e8me \u00ab\u00a0soft-close\u00a0\u00bb<\/li>\n<li>Distance des trous de fixation: 18cm<\/li>\n<\/ul>\n<p>Les supports de fixation, type universel, ne sont pas fournis. Il sont facilement disponibles dans n&rsquo;importe quel magasin de plomberie<\/p>\n<\/p>\n<p><span style=\"text-decoration: underline;\"><strong><span style=\"color: #ff0000; text-decoration: underline;\">ATTENTION: La version \u00e0 poser n&rsquo;est pas disponible.<\/span><\/strong><\/span><\/p>\n<\/p>\n<p><strong>________________________________________________________<\/strong><\/p>\n<\/p>\n<p><strong>Version suspendue:<\/strong><\/p>\n<p><img fetchpriority=\"high\" decoding=\"async\" class=\" size-full wp-image-19346\" src=\"https:\/\/img.bagnoitalia.com\/wp-content\/uploads\/virtuemart\/product\/coppia-sanitari-bagno-rwwh1-11.jpg\" alt=\"\" width=\"445\" height=\"414\" srcset=\"https:\/\/img.bagnoitalia.com\/wp-content\/uploads\/virtuemart\/product\/coppia-sanitari-bagno-rwwh1-11.jpg 437w, https:\/\/img.bagnoitalia.com\/wp-content\/uploads\/virtuemart\/product\/coppia-sanitari-bagno-rwwh1-11-150x140.jpg 150w\" sizes=\"(max-width: 445px) 100vw, 445px\" \/><\/p>\n","protected":false},"excerpt":{"rendered":"<p>Sanitaires Bagno Italia mod\u00e8le New avec abattant de toilette \u00e0 fermeture amortie (entrez dans le produit pour voir les d\u00e9tails) NOUVELLE PRODUCTION !!!!<\/p>\n","protected":false},"featured_media":19322,"comment_status":"open","ping_status":"closed","template":"","meta":[],"product_brand":[9918],"product_cat":[15,10115],"product_tag":[],"class_list":{"0":"post-78414","1":"product","2":"type-product","3":"status-publish","4":"has-post-thumbnail","6":"product_brand-goccioline-ambrosia-group-fr","7":"product_cat-senza-categoria","8":"product_cat-senza-categoria-fr","10":"first","11":"outofstock","12":"taxable","13":"shipping-taxable","14":"purchasable","15":"product-type-simple"},"exclude_global_add_ons":false,"addons":[{"name":"CAMPI_VASO_E_BIDET\r\n","type":"select","position":0,"required":true,"title_format":"label","default":"","description_enable":false,"description":"","placeholder_enable":false,"placeholder":"","display":"select","restrictions_type":"any_text","adjust_price":false,"price":"","price_type":"","restrictions":false,"min":"0","max":"0","options":[]}],"yoast_head":"<!-- This site is optimized with the Yoast SEO plugin v26.7 - https:\/\/yoast.com\/wordpress\/plugins\/seo\/ -->\n<title>Sanitaires suspendus mod\u00e8le New Bagno Italia moderne en c\u00e9ramique<\/title>\n<meta name=\"description\" content=\"Sanitaires Salle de bains moderne en c\u00e9ramique blanche, disponible \u00e0 suspendre avec abattant, dimensions 60x42x42cm. Aussi disponible individuellement. Achetez maintenant!\" \/>\n<meta name=\"robots\" content=\"index, follow, max-snippet:-1, max-image-preview:large, max-video-preview:-1\" \/>\n<link rel=\"canonical\" href=\"https:\/\/www.bagnoitalia.com\/fr\/produit\/cuvette-de-toilette-moderne-suspendue-en-ceramique-bagno-italia-mod-nouveau.html\" \/>\n<meta property=\"og:locale\" content=\"fr_FR\" \/>\n<meta property=\"og:type\" content=\"article\" \/>\n<meta property=\"og:title\" content=\"Sanitaires suspendus mod\u00e8le New Bagno Italia moderne en c\u00e9ramique\" \/>\n<meta property=\"og:description\" content=\"Sanitaires Salle de bains moderne en c\u00e9ramique blanche, disponible \u00e0 suspendre avec abattant, dimensions 60x42x42cm. Aussi disponible individuellement. Achetez maintenant!\" \/>\n<meta property=\"og:url\" content=\"https:\/\/www.bagnoitalia.com\/fr\/produit\/cuvette-de-toilette-moderne-suspendue-en-ceramique-bagno-italia-mod-nouveau.html\" \/>\n<meta property=\"og:site_name\" content=\"Bagno Italia\" \/>\n<meta property=\"article:modified_time\" content=\"2025-05-13T14:57:45+00:00\" \/>\n<meta property=\"og:image\" content=\"https:\/\/img.bagnoitalia.com\/wp-content\/uploads\/virtuemart\/product\/sanitary-model-new-1_1540983471_395.jpg\" \/>\n\t<meta property=\"og:image:width\" content=\"437\" \/>\n\t<meta property=\"og:image:height\" content=\"437\" \/>\n\t<meta property=\"og:image:type\" content=\"image\/jpeg\" \/>\n<meta name=\"twitter:card\" content=\"summary_large_image\" \/>\n<script type=\"application\/ld+json\" class=\"yoast-schema-graph\">{\"@context\":\"https:\/\/schema.org\",\"@graph\":[{\"@type\":\"WebPage\",\"@id\":\"https:\/\/www.bagnoitalia.com\/fr\/produit\/cuvette-de-toilette-moderne-suspendue-en-ceramique-bagno-italia-mod-nouveau.html\",\"url\":\"https:\/\/www.bagnoitalia.com\/fr\/produit\/cuvette-de-toilette-moderne-suspendue-en-ceramique-bagno-italia-mod-nouveau.html\",\"name\":\"Sanitaires suspendus mod\u00e8le New Bagno Italia moderne en c\u00e9ramique\",\"isPartOf\":{\"@id\":\"https:\/\/www.bagnoitalia.com\/fr#website\"},\"primaryImageOfPage\":{\"@id\":\"https:\/\/www.bagnoitalia.com\/fr\/produit\/cuvette-de-toilette-moderne-suspendue-en-ceramique-bagno-italia-mod-nouveau.html#primaryimage\"},\"image\":{\"@id\":\"https:\/\/www.bagnoitalia.com\/fr\/produit\/cuvette-de-toilette-moderne-suspendue-en-ceramique-bagno-italia-mod-nouveau.html#primaryimage\"},\"thumbnailUrl\":\"https:\/\/img.bagnoitalia.com\/wp-content\/uploads\/virtuemart\/product\/sanitary-model-new-1_1540983471_395.jpg\",\"datePublished\":\"2014-01-18T07:14:50+00:00\",\"dateModified\":\"2025-05-13T14:57:45+00:00\",\"description\":\"Sanitaires Salle de bains moderne en c\u00e9ramique blanche, disponible \u00e0 suspendre avec abattant, dimensions 60x42x42cm. Aussi disponible individuellement. Achetez maintenant!\",\"breadcrumb\":{\"@id\":\"https:\/\/www.bagnoitalia.com\/fr\/produit\/cuvette-de-toilette-moderne-suspendue-en-ceramique-bagno-italia-mod-nouveau.html#breadcrumb\"},\"inLanguage\":\"fr-FR\",\"potentialAction\":[{\"@type\":\"ReadAction\",\"target\":[\"https:\/\/www.bagnoitalia.com\/fr\/produit\/cuvette-de-toilette-moderne-suspendue-en-ceramique-bagno-italia-mod-nouveau.html\"]}]},{\"@type\":\"ImageObject\",\"inLanguage\":\"fr-FR\",\"@id\":\"https:\/\/www.bagnoitalia.com\/fr\/produit\/cuvette-de-toilette-moderne-suspendue-en-ceramique-bagno-italia-mod-nouveau.html#primaryimage\",\"url\":\"https:\/\/img.bagnoitalia.com\/wp-content\/uploads\/virtuemart\/product\/sanitary-model-new-1_1540983471_395.jpg\",\"contentUrl\":\"https:\/\/img.bagnoitalia.com\/wp-content\/uploads\/virtuemart\/product\/sanitary-model-new-1_1540983471_395.jpg\",\"width\":437,\"height\":437},{\"@type\":\"BreadcrumbList\",\"@id\":\"https:\/\/www.bagnoitalia.com\/fr\/produit\/cuvette-de-toilette-moderne-suspendue-en-ceramique-bagno-italia-mod-nouveau.html#breadcrumb\",\"itemListElement\":[{\"@type\":\"ListItem\",\"position\":1,\"name\":\"Home\",\"item\":\"https:\/\/www.bagnoitalia.com\/fr\"},{\"@type\":\"ListItem\",\"position\":2,\"name\":\"Produits\",\"item\":\"https:\/\/www.bagnoitalia.com\/fr\/shop\"},{\"@type\":\"ListItem\",\"position\":3,\"name\":\"Sanitaires suspendus mod\u00e8le New Bagno Italia moderne en c\u00e9ramique\"}]},{\"@type\":\"WebSite\",\"@id\":\"https:\/\/www.bagnoitalia.com\/fr#website\",\"url\":\"https:\/\/www.bagnoitalia.com\/fr\",\"name\":\"Bagno Italia\",\"description\":\"\",\"publisher\":{\"@id\":\"https:\/\/www.bagnoitalia.com\/fr#organization\"},\"potentialAction\":[{\"@type\":\"SearchAction\",\"target\":{\"@type\":\"EntryPoint\",\"urlTemplate\":\"https:\/\/www.bagnoitalia.com\/fr?s={search_term_string}\"},\"query-input\":{\"@type\":\"PropertyValueSpecification\",\"valueRequired\":true,\"valueName\":\"search_term_string\"}}],\"inLanguage\":\"fr-FR\"},{\"@type\":\"Organization\",\"@id\":\"https:\/\/www.bagnoitalia.com\/fr#organization\",\"name\":\"Bagno Italia\",\"url\":\"https:\/\/www.bagnoitalia.com\/fr\",\"logo\":{\"@type\":\"ImageObject\",\"inLanguage\":\"fr-FR\",\"@id\":\"https:\/\/www.bagnoitalia.com\/fr#\/schema\/logo\/image\/\",\"url\":\"https:\/\/img.bagnoitalia.com\/wp-content\/uploads\/logo-bagnoitalia.webp\",\"contentUrl\":\"https:\/\/img.bagnoitalia.com\/wp-content\/uploads\/logo-bagnoitalia.webp\",\"width\":400,\"height\":70,\"caption\":\"Bagno Italia\"},\"image\":{\"@id\":\"https:\/\/www.bagnoitalia.com\/fr#\/schema\/logo\/image\/\"}}]}<\/script>\n<!-- \/ Yoast SEO plugin. -->","yoast_head_json":{"title":"Sanitaires suspendus mod\u00e8le New Bagno Italia moderne en c\u00e9ramique","description":"Sanitaires Salle de bains moderne en c\u00e9ramique blanche, disponible \u00e0 suspendre avec abattant, dimensions 60x42x42cm. Aussi disponible individuellement. Achetez maintenant!","robots":{"index":"index","follow":"follow","max-snippet":"max-snippet:-1","max-image-preview":"max-image-preview:large","max-video-preview":"max-video-preview:-1"},"canonical":"https:\/\/www.bagnoitalia.com\/fr\/produit\/cuvette-de-toilette-moderne-suspendue-en-ceramique-bagno-italia-mod-nouveau.html","og_locale":"fr_FR","og_type":"article","og_title":"Sanitaires suspendus mod\u00e8le New Bagno Italia moderne en c\u00e9ramique","og_description":"Sanitaires Salle de bains moderne en c\u00e9ramique blanche, disponible \u00e0 suspendre avec abattant, dimensions 60x42x42cm. Aussi disponible individuellement. Achetez maintenant!","og_url":"https:\/\/www.bagnoitalia.com\/fr\/produit\/cuvette-de-toilette-moderne-suspendue-en-ceramique-bagno-italia-mod-nouveau.html","og_site_name":"Bagno Italia","article_modified_time":"2025-05-13T14:57:45+00:00","og_image":[{"width":437,"height":437,"url":"https:\/\/img.bagnoitalia.com\/wp-content\/uploads\/virtuemart\/product\/sanitary-model-new-1_1540983471_395.jpg","type":"image\/jpeg"}],"twitter_card":"summary_large_image","schema":{"@context":"https:\/\/schema.org","@graph":[{"@type":"WebPage","@id":"https:\/\/www.bagnoitalia.com\/fr\/produit\/cuvette-de-toilette-moderne-suspendue-en-ceramique-bagno-italia-mod-nouveau.html","url":"https:\/\/www.bagnoitalia.com\/fr\/produit\/cuvette-de-toilette-moderne-suspendue-en-ceramique-bagno-italia-mod-nouveau.html","name":"Sanitaires suspendus mod\u00e8le New Bagno Italia moderne en c\u00e9ramique","isPartOf":{"@id":"https:\/\/www.bagnoitalia.com\/fr#website"},"primaryImageOfPage":{"@id":"https:\/\/www.bagnoitalia.com\/fr\/produit\/cuvette-de-toilette-moderne-suspendue-en-ceramique-bagno-italia-mod-nouveau.html#primaryimage"},"image":{"@id":"https:\/\/www.bagnoitalia.com\/fr\/produit\/cuvette-de-toilette-moderne-suspendue-en-ceramique-bagno-italia-mod-nouveau.html#primaryimage"},"thumbnailUrl":"https:\/\/img.bagnoitalia.com\/wp-content\/uploads\/virtuemart\/product\/sanitary-model-new-1_1540983471_395.jpg","datePublished":"2014-01-18T07:14:50+00:00","dateModified":"2025-05-13T14:57:45+00:00","description":"Sanitaires Salle de bains moderne en c\u00e9ramique blanche, disponible \u00e0 suspendre avec abattant, dimensions 60x42x42cm. Aussi disponible individuellement. Achetez maintenant!","breadcrumb":{"@id":"https:\/\/www.bagnoitalia.com\/fr\/produit\/cuvette-de-toilette-moderne-suspendue-en-ceramique-bagno-italia-mod-nouveau.html#breadcrumb"},"inLanguage":"fr-FR","potentialAction":[{"@type":"ReadAction","target":["https:\/\/www.bagnoitalia.com\/fr\/produit\/cuvette-de-toilette-moderne-suspendue-en-ceramique-bagno-italia-mod-nouveau.html"]}]},{"@type":"ImageObject","inLanguage":"fr-FR","@id":"https:\/\/www.bagnoitalia.com\/fr\/produit\/cuvette-de-toilette-moderne-suspendue-en-ceramique-bagno-italia-mod-nouveau.html#primaryimage","url":"https:\/\/img.bagnoitalia.com\/wp-content\/uploads\/virtuemart\/product\/sanitary-model-new-1_1540983471_395.jpg","contentUrl":"https:\/\/img.bagnoitalia.com\/wp-content\/uploads\/virtuemart\/product\/sanitary-model-new-1_1540983471_395.jpg","width":437,"height":437},{"@type":"BreadcrumbList","@id":"https:\/\/www.bagnoitalia.com\/fr\/produit\/cuvette-de-toilette-moderne-suspendue-en-ceramique-bagno-italia-mod-nouveau.html#breadcrumb","itemListElement":[{"@type":"ListItem","position":1,"name":"Home","item":"https:\/\/www.bagnoitalia.com\/fr"},{"@type":"ListItem","position":2,"name":"Produits","item":"https:\/\/www.bagnoitalia.com\/fr\/shop"},{"@type":"ListItem","position":3,"name":"Sanitaires suspendus mod\u00e8le New Bagno Italia moderne en c\u00e9ramique"}]},{"@type":"WebSite","@id":"https:\/\/www.bagnoitalia.com\/fr#website","url":"https:\/\/www.bagnoitalia.com\/fr","name":"Bagno Italia","description":"","publisher":{"@id":"https:\/\/www.bagnoitalia.com\/fr#organization"},"potentialAction":[{"@type":"SearchAction","target":{"@type":"EntryPoint","urlTemplate":"https:\/\/www.bagnoitalia.com\/fr?s={search_term_string}"},"query-input":{"@type":"PropertyValueSpecification","valueRequired":true,"valueName":"search_term_string"}}],"inLanguage":"fr-FR"},{"@type":"Organization","@id":"https:\/\/www.bagnoitalia.com\/fr#organization","name":"Bagno Italia","url":"https:\/\/www.bagnoitalia.com\/fr","logo":{"@type":"ImageObject","inLanguage":"fr-FR","@id":"https:\/\/www.bagnoitalia.com\/fr#\/schema\/logo\/image\/","url":"https:\/\/img.bagnoitalia.com\/wp-content\/uploads\/logo-bagnoitalia.webp","contentUrl":"https:\/\/img.bagnoitalia.com\/wp-content\/uploads\/logo-bagnoitalia.webp","width":400,"height":70,"caption":"Bagno Italia"},"image":{"@id":"https:\/\/www.bagnoitalia.com\/fr#\/schema\/logo\/image\/"}}]}},"_links":{"self":[{"href":"https:\/\/www.bagnoitalia.com\/fr\/wp-json\/wp\/v2\/product\/78414","targetHints":{"allow":["GET"]}}],"collection":[{"href":"https:\/\/www.bagnoitalia.com\/fr\/wp-json\/wp\/v2\/product"}],"about":[{"href":"https:\/\/www.bagnoitalia.com\/fr\/wp-json\/wp\/v2\/types\/product"}],"replies":[{"embeddable":true,"href":"https:\/\/www.bagnoitalia.com\/fr\/wp-json\/wp\/v2\/comments?post=78414"}],"version-history":[{"count":0,"href":"https:\/\/www.bagnoitalia.com\/fr\/wp-json\/wp\/v2\/product\/78414\/revisions"}],"wp:featuredmedia":[{"embeddable":true,"href":"https:\/\/www.bagnoitalia.com\/fr\/wp-json\/wp\/v2\/media\/19322"}],"wp:attachment":[{"href":"https:\/\/www.bagnoitalia.com\/fr\/wp-json\/wp\/v2\/media?parent=78414"}],"wp:term":[{"taxonomy":"product_brand","embeddable":true,"href":"https:\/\/www.bagnoitalia.com\/fr\/wp-json\/wp\/v2\/product_brand?post=78414"},{"taxonomy":"product_cat","embeddable":true,"href":"https:\/\/www.bagnoitalia.com\/fr\/wp-json\/wp\/v2\/product_cat?post=78414"},{"taxonomy":"product_tag","embeddable":true,"href":"https:\/\/www.bagnoitalia.com\/fr\/wp-json\/wp\/v2\/product_tag?post=78414"}],"curies":[{"name":"wp","href":"https:\/\/api.w.org\/{rel}","templated":true}]}}